{"id":214848,"date":"2024-04-18T16:26:38","date_gmt":"2024-04-18T15:26:38","guid":{"rendered":"https:\/\/dev.tg4.ie\/?page_id=214848"},"modified":"2024-04-18T16:27:37","modified_gmt":"2024-04-18T15:27:37","slug":"tg4-ag-ceiliuradh-feidhmiocht-den-scoth-i-marta-2024","status":"publish","type":"page","link":"https:\/\/dev.tg4.ie\/ga\/eolas\/preas\/nuacht-raitis\/2024-2\/tg4-ag-ceiliuradh-feidhmiocht-den-scoth-i-marta-2024\/","title":{"rendered":"TG4 ag Ceili\u00faradh Feidhm\u00edocht den Scoth i M\u00e1rta 2024"},"content":{"rendered":"<table>\n<tbody>\n<tr>\n<td width=\"25%\">\n  <img loading=\"lazy\" decoding=\"async\" width=\"1920\" height=\"1080\" src=\"https:\/\/tg4-docs.s3.amazonaws.com\/wp-content\/uploads\/2024\/04\/18160851\/GlorTire20_1-1920x1080-1.jpg\" alt=\"\" class=\"aligncenter size-full wp-image-214851\" srcset=\"https:\/\/tg4-docs.s3.amazonaws.com\/wp-content\/uploads\/2024\/04\/18160851\/GlorTire20_1-1920x1080-1.jpg 1920w, https:\/\/tg4-docs.s3.amazonaws.com\/wp-content\/uploads\/2024\/04\/18160851\/GlorTire20_1-1920x1080-1-250x141.jpg 250w, https:\/\/tg4-docs.s3.amazonaws.com\/wp-content\/uploads\/2024\/04\/18160851\/GlorTire20_1-1920x1080-1-700x394.jpg 700w, https:\/\/tg4-docs.s3.amazonaws.com\/wp-content\/uploads\/2024\/04\/18160851\/GlorTire20_1-1920x1080-1-252x141.jpg 252w, https:\/\/tg4-docs.s3.amazonaws.com\/wp-content\/uploads\/2024\/04\/18160851\/GlorTire20_1-1920x1080-1-1536x864.jpg 1536w, https:\/\/tg4-docs.s3.amazonaws.com\/wp-content\/uploads\/2024\/04\/18160851\/GlorTire20_1-1920x1080-1-120x68.jpg 120w\" sizes=\"(max-width: 1920px) 100vw, 1920px\" \/>\n<\/td>\n<td width=\"25%\">\n  <img loading=\"lazy\" decoding=\"async\" width=\"1920\" height=\"1080\" src=\"https:\/\/tg4-docs.s3.amazonaws.com\/wp-content\/uploads\/2024\/04\/18161849\/SportTG4_1-1920x1080-1.jpg\" alt=\"\" class=\"aligncenter size-full wp-image-214860\" srcset=\"https:\/\/tg4-docs.s3.amazonaws.com\/wp-content\/uploads\/2024\/04\/18161849\/SportTG4_1-1920x1080-1.jpg 1920w, https:\/\/tg4-docs.s3.amazonaws.com\/wp-content\/uploads\/2024\/04\/18161849\/SportTG4_1-1920x1080-1-250x141.jpg 250w, https:\/\/tg4-docs.s3.amazonaws.com\/wp-content\/uploads\/2024\/04\/18161849\/SportTG4_1-1920x1080-1-700x394.jpg 700w, https:\/\/tg4-docs.s3.amazonaws.com\/wp-content\/uploads\/2024\/04\/18161849\/SportTG4_1-1920x1080-1-252x141.jpg 252w, https:\/\/tg4-docs.s3.amazonaws.com\/wp-content\/uploads\/2024\/04\/18161849\/SportTG4_1-1920x1080-1-1536x864.jpg 1536w, https:\/\/tg4-docs.s3.amazonaws.com\/wp-content\/uploads\/2024\/04\/18161849\/SportTG4_1-1920x1080-1-120x68.jpg 120w\" sizes=\"(max-width: 1920px) 100vw, 1920px\" \/>\n<\/td>\n<td width=\"25%\">\n  <img loading=\"lazy\" decoding=\"async\" width=\"1920\" height=\"1080\" src=\"https:\/\/tg4-docs.s3.amazonaws.com\/wp-content\/uploads\/2024\/04\/18160854\/Contractors2_1-1920x1080-1.jpg\" alt=\"\" class=\"aligncenter size-full wp-image-214852\" srcset=\"https:\/\/tg4-docs.s3.amazonaws.com\/wp-content\/uploads\/2024\/04\/18160854\/Contractors2_1-1920x1080-1.jpg 1920w, https:\/\/tg4-docs.s3.amazonaws.com\/wp-content\/uploads\/2024\/04\/18160854\/Contractors2_1-1920x1080-1-250x141.jpg 250w, https:\/\/tg4-docs.s3.amazonaws.com\/wp-content\/uploads\/2024\/04\/18160854\/Contractors2_1-1920x1080-1-700x394.jpg 700w, https:\/\/tg4-docs.s3.amazonaws.com\/wp-content\/uploads\/2024\/04\/18160854\/Contractors2_1-1920x1080-1-252x141.jpg 252w, https:\/\/tg4-docs.s3.amazonaws.com\/wp-content\/uploads\/2024\/04\/18160854\/Contractors2_1-1920x1080-1-1536x864.jpg 1536w, https:\/\/tg4-docs.s3.amazonaws.com\/wp-content\/uploads\/2024\/04\/18160854\/Contractors2_1-1920x1080-1-120x68.jpg 120w\" sizes=\"(max-width: 1920px) 100vw, 1920px\" \/>\n<\/td>\n<td width=\"25%\">\n  <img loading=\"lazy\" decoding=\"async\" width=\"1920\" height=\"1080\" src=\"https:\/\/tg4-docs.s3.amazonaws.com\/wp-content\/uploads\/2024\/04\/18160848\/Tarrac_2_1920x1080.jpg\" alt=\"\" class=\"aligncenter size-full wp-image-214850\" srcset=\"https:\/\/tg4-docs.s3.amazonaws.com\/wp-content\/uploads\/2024\/04\/18160848\/Tarrac_2_1920x1080.jpg 1920w, https:\/\/tg4-docs.s3.amazonaws.com\/wp-content\/uploads\/2024\/04\/18160848\/Tarrac_2_1920x1080-250x141.jpg 250w, https:\/\/tg4-docs.s3.amazonaws.com\/wp-content\/uploads\/2024\/04\/18160848\/Tarrac_2_1920x1080-700x394.jpg 700w, https:\/\/tg4-docs.s3.amazonaws.com\/wp-content\/uploads\/2024\/04\/18160848\/Tarrac_2_1920x1080-252x141.jpg 252w, https:\/\/tg4-docs.s3.amazonaws.com\/wp-content\/uploads\/2024\/04\/18160848\/Tarrac_2_1920x1080-1536x864.jpg 1536w, https:\/\/tg4-docs.s3.amazonaws.com\/wp-content\/uploads\/2024\/04\/18160848\/Tarrac_2_1920x1080-120x68.jpg 120w\" sizes=\"(max-width: 1920px) 100vw, 1920px\" \/>\n<\/td>\n<\/tr>\n<\/tbody>\n<\/table>\n<p>&nbsp;<\/p>\n<p>T\u00e1 r\u00edm\u00e9ad ar TG4 a fh\u00f3gairt gur \u00e9irigh go hiontach leo i M\u00e1rta 2024 agus sprioc shuntasach bainte amach acu don chain\u00e9al Gaeilge.<br \/>\n&nbsp;<br \/>\nDen ch\u00e9ad uair \u00f3 Aibre\u00e1n 2008, s\u00e1ra\u00edodh 3% le sciar m\u00edos\u00fail de lucht f\u00e9achana TG4, rud a l\u00e9ir\u00edonn borradh m\u00f3r ar an t\u00f3ir at\u00e1 ar an gcain\u00e9al i measc an lucht f\u00e9achana in \u00c9irinn.<br \/>\n&nbsp;<br \/>\nBh\u00ed m\u00ed an Mh\u00e1rta l\u00e1n le cl\u00e1racha iontacha agus bh\u00ed an-aird ar an gcl\u00fadach fairsing a rinneadh ar Shraithchom\u00f3rtais Allianz. Chraol TG4 20 cluiche san ioml\u00e1n, an pheil agus an iom\u00e1int san \u00e1ireamh, le linn na m\u00edosa. Th\u00e1inig s\u00e9 chun solais go raibh Cluiche Ceannais Shraith Peile Allianz Roinn 1 idir \u00c1th Cliath agus Doire ina imeacht a sheas amach, cluiche a d\u2019fh\u00e9ach 230,900 lucht f\u00e9achana ar an me\u00e1n air ar \u2018GAA Beo\u2019.<br \/>\n&nbsp;<br \/>\nChomh maith le cl\u00fadach sp\u00f3irt, bh\u00ed an tsraith \u2018Contractors\u2019 ar ais leis an dara s\u00e9as\u00far a raibh an-s\u00fail l\u00e9i. Cuireadh an lucht f\u00e9achana faoi dhra\u00edocht nuair a taispe\u00e1nadh an tsraith den ch\u00e9ad uair, tr\u00e1th a raibh l\u00edon \u00e9achtach 95,100 duine ar an me\u00e1n ag breathn\u00fa uirthi. Is f\u00e9idir leis an lucht lean\u00fana breith suas ar na cl\u00e1racha ar fad a craoladh go dt\u00ed seo ar Sheinnteoir TG4. <a href=\"https:\/\/nasc.tg4.tv\/Contractors_Sr2\" rel=\"noopener\" target=\"_blank\">https:\/\/nasc.tg4.tv\/Contractors_Sr2<\/a><br \/>\n&nbsp;<br \/>\nChun tuilleadh a chur le sceideal an Mh\u00e1rta, thug TG4 \u2018Gl\u00f3r T\u00edre\u2019 ar ais, an t-aon sraith Com\u00f3rtais don Cheol T\u00edre at\u00e1 in \u00c9irinn, agus taispe\u00e1nadh \u2018Tarrac\u2019 den ch\u00e9ad uair ar an teilif\u00eds, l\u00e9iri\u00fa tarraingteach de chuid CINE4 at\u00e1 anois ar f\u00e1il le sruth\u00fa ar Sheinnteoir TG4.  (<a href=\"https:\/\/nasc.tg4.tv\/Tarrac\" rel=\"noopener\" target=\"_blank\">https:\/\/nasc.tg4.tv\/Tarrac<\/a>) (<a href=\"https:\/\/nasc.tg4.tv\/Gl\u00f3rT\u00edre-20\" rel=\"noopener\" target=\"_blank\">https:\/\/nasc.tg4.tv\/Gl\u00f3rT\u00edre-20<\/a>)<br \/>\n&nbsp;<br \/>\nGabhaimid bu\u00edochas \u00f3 chro\u00ed leis an lucht f\u00e9achana d\u00edlis agus leis an bhfoireann dh\u00edograiseach at\u00e1 againn as a dtaca\u00edocht agus d\u00fathracht lean\u00fanach.<\/p>\n<p>&nbsp;<br \/>\n&nbsp;<\/p>\n","protected":false},"excerpt":{"rendered":"<p>&nbsp; T\u00e1 r\u00edm\u00e9ad ar TG4 a fh\u00f3gairt gur \u00e9irigh go hiontach leo i M\u00e1rta 2024 agus sprioc shuntasach bainte amach acu don chain\u00e9al Gaeilge. &nbsp; Den ch\u00e9ad uair \u00f3 Aibre\u00e1n 2008, s\u00e1ra\u00edodh 3% le sciar m\u00edos\u00fail de lucht f\u00e9achana TG4, rud a l\u00e9ir\u00edonn borradh m\u00f3r ar an t\u00f3ir at\u00e1 ar an gcain\u00e9al i measc an [&hellip;]<\/p>\n","protected":false},"author":876,"featured_media":0,"parent":208148,"menu_order":11,"comment_status":"closed","ping_status":"closed","template":"page-templates\/template-pr.php","meta":{"_acf_changed":false,"footnotes":""},"acf":[],"yoast_head":"<!-- This site is optimized with the Yoast SEO plugin v22.6 - https:\/\/yoast.com\/wordpress\/plugins\/seo\/ -->\n<title>TG4 ag Ceili\u00faradh Feidhm\u00edocht den Scoth i M\u00e1rta 2024 | Preas R\u00e1iteas | TG4<\/title>\n<meta name=\"description\" content=\"T\u00e1 r\u00edm\u00e9ad ar TG4 a fh\u00f3gairt gur \u00e9irigh go hiontach leo i M\u00e1rta 2024 agus sprioc shuntasach bainte amach acu don chain\u00e9al Gaeilge.\" \/>\n<meta name=\"robots\" content=\"index, follow, max-snippet:-1, max-image-preview:large, max-video-preview:-1\" \/>\n<meta property=\"og:locale\" content=\"en_US\" \/>\n<meta property=\"og:type\" content=\"article\" \/>\n<meta property=\"og:title\" content=\"TG4 ag Ceili\u00faradh Feidhm\u00edocht den Scoth i M\u00e1rta 2024 | Preas R\u00e1iteas | TG4\" \/>\n<meta property=\"og:description\" content=\"T\u00e1 r\u00edm\u00e9ad ar TG4 a fh\u00f3gairt gur \u00e9irigh go hiontach leo i M\u00e1rta 2024 agus sprioc shuntasach bainte amach acu don chain\u00e9al Gaeilge.\" \/>\n<meta property=\"og:url\" content=\"https:\/\/dev.tg4.ie\/ga\/eolas\/preas\/nuacht-raitis\/2024-2\/tg4-ag-ceiliuradh-feidhmiocht-den-scoth-i-marta-2024\/\" \/>\n<meta property=\"og:site_name\" content=\"TG4\" \/>\n<meta property=\"article:publisher\" content=\"https:\/\/www.facebook.com\/TG4TV\" \/>\n<meta property=\"article:modified_time\" content=\"2024-04-18T15:27:37+00:00\" \/>\n<meta property=\"og:image\" content=\"https:\/\/tg4-docs.s3.amazonaws.com\/wp-content\/uploads\/2024\/04\/18160848\/Tarrac_2_1920x1080.jpg\" \/>\n\t<meta property=\"og:image:width\" content=\"1920\" \/>\n\t<meta property=\"og:image:height\" content=\"1080\" \/>\n\t<meta property=\"og:image:type\" content=\"image\/jpeg\" \/>\n<meta name=\"twitter:card\" content=\"summary_large_image\" \/>\n<meta name=\"twitter:image\" content=\"https:\/\/tg4-docs.s3.amazonaws.com\/wp-content\/uploads\/2024\/04\/18160848\/Tarrac_2_1920x1080.jpg\" \/>\n<meta name=\"twitter:site\" content=\"@TG4TV\" \/>\n<meta name=\"twitter:label1\" content=\"Est. reading time\" \/>\n\t<meta name=\"twitter:data1\" content=\"2 minutes\" \/>\n<script type=\"application\/ld+json\" class=\"yoast-schema-graph\">{\"@context\":\"https:\/\/schema.org\",\"@graph\":[{\"@type\":\"WebPage\",\"@id\":\"https:\/\/dev.tg4.ie\/ga\/eolas\/preas\/nuacht-raitis\/2024-2\/tg4-ag-ceiliuradh-feidhmiocht-den-scoth-i-marta-2024\/\",\"url\":\"https:\/\/dev.tg4.ie\/ga\/eolas\/preas\/nuacht-raitis\/2024-2\/tg4-ag-ceiliuradh-feidhmiocht-den-scoth-i-marta-2024\/\",\"name\":\"TG4 ag Ceili\u00faradh Feidhm\u00edocht den Scoth i M\u00e1rta 2024 | Preas R\u00e1iteas | TG4\",\"isPartOf\":{\"@id\":\"https:\/\/dev.tg4.ie\/en\/#website\"},\"primaryImageOfPage\":{\"@id\":\"https:\/\/dev.tg4.ie\/ga\/eolas\/preas\/nuacht-raitis\/2024-2\/tg4-ag-ceiliuradh-feidhmiocht-den-scoth-i-marta-2024\/#primaryimage\"},\"image\":{\"@id\":\"https:\/\/dev.tg4.ie\/ga\/eolas\/preas\/nuacht-raitis\/2024-2\/tg4-ag-ceiliuradh-feidhmiocht-den-scoth-i-marta-2024\/#primaryimage\"},\"thumbnailUrl\":\"https:\/\/dev.tg4.ie\/wp-content\/uploads\/2024\/04\/GlorTire20_1-1920x1080-1.jpg\",\"datePublished\":\"2024-04-18T15:26:38+00:00\",\"dateModified\":\"2024-04-18T15:27:37+00:00\",\"description\":\"T\u00e1 r\u00edm\u00e9ad ar TG4 a fh\u00f3gairt gur \u00e9irigh go hiontach leo i M\u00e1rta 2024 agus sprioc shuntasach bainte amach acu don chain\u00e9al Gaeilge.\",\"breadcrumb\":{\"@id\":\"https:\/\/dev.tg4.ie\/ga\/eolas\/preas\/nuacht-raitis\/2024-2\/tg4-ag-ceiliuradh-feidhmiocht-den-scoth-i-marta-2024\/#breadcrumb\"},\"inLanguage\":\"ga\",\"potentialAction\":[{\"@type\":\"ReadAction\",\"target\":[\"https:\/\/dev.tg4.ie\/ga\/eolas\/preas\/nuacht-raitis\/2024-2\/tg4-ag-ceiliuradh-feidhmiocht-den-scoth-i-marta-2024\/\"]}]},{\"@type\":\"ImageObject\",\"inLanguage\":\"ga\",\"@id\":\"https:\/\/dev.tg4.ie\/ga\/eolas\/preas\/nuacht-raitis\/2024-2\/tg4-ag-ceiliuradh-feidhmiocht-den-scoth-i-marta-2024\/#primaryimage\",\"url\":\"https:\/\/dev.tg4.ie\/wp-content\/uploads\/2024\/04\/GlorTire20_1-1920x1080-1.jpg\",\"contentUrl\":\"https:\/\/dev.tg4.ie\/wp-content\/uploads\/2024\/04\/GlorTire20_1-1920x1080-1.jpg\"},{\"@type\":\"BreadcrumbList\",\"@id\":\"https:\/\/dev.tg4.ie\/ga\/eolas\/preas\/nuacht-raitis\/2024-2\/tg4-ag-ceiliuradh-feidhmiocht-den-scoth-i-marta-2024\/#breadcrumb\",\"itemListElement\":[{\"@type\":\"ListItem\",\"position\":1,\"name\":\"Home\",\"item\":\"https:\/\/dev.tg4.ie\/ga\/\"},{\"@type\":\"ListItem\",\"position\":2,\"name\":\"Eolas\",\"item\":\"https:\/\/dev.tg4.ie\/ga\/eolas\/\"},{\"@type\":\"ListItem\",\"position\":3,\"name\":\"Preas\",\"item\":\"https:\/\/dev.tg4.ie\/ga\/eolas\/preas\/\"},{\"@type\":\"ListItem\",\"position\":4,\"name\":\"Nuacht R\u00e1itis\",\"item\":\"https:\/\/dev.tg4.ie\/ga\/eolas\/preas\/nuacht-raitis\/\"},{\"@type\":\"ListItem\",\"position\":5,\"name\":\"2024\",\"item\":\"https:\/\/dev.tg4.ie\/ga\/eolas\/preas\/nuacht-raitis\/2024-2\/\"},{\"@type\":\"ListItem\",\"position\":6,\"name\":\"TG4 ag Ceili\u00faradh Feidhm\u00edocht den Scoth i M\u00e1rta 2024\"}]},{\"@type\":\"WebSite\",\"@id\":\"https:\/\/dev.tg4.ie\/en\/#website\",\"url\":\"https:\/\/dev.tg4.ie\/en\/\",\"name\":\"TG4\",\"description\":\"S\u00fail Eile\",\"potentialAction\":[{\"@type\":\"SearchAction\",\"target\":{\"@type\":\"EntryPoint\",\"urlTemplate\":\"https:\/\/dev.tg4.ie\/en\/?s={search_term_string}\"},\"query-input\":\"required name=search_term_string\"}],\"inLanguage\":\"ga\"}]}<\/script>\n<!-- \/ Yoast SEO plugin. -->","yoast_head_json":{"title":"TG4 ag Ceili\u00faradh Feidhm\u00edocht den Scoth i M\u00e1rta 2024 | Preas R\u00e1iteas | TG4","description":"T\u00e1 r\u00edm\u00e9ad ar TG4 a fh\u00f3gairt gur \u00e9irigh go hiontach leo i M\u00e1rta 2024 agus sprioc shuntasach bainte amach acu don chain\u00e9al Gaeilge.","robots":{"index":"index","follow":"follow","max-snippet":"max-snippet:-1","max-image-preview":"max-image-preview:large","max-video-preview":"max-video-preview:-1"},"og_locale":"en_US","og_type":"article","og_title":"TG4 ag Ceili\u00faradh Feidhm\u00edocht den Scoth i M\u00e1rta 2024 | Preas R\u00e1iteas | TG4","og_description":"T\u00e1 r\u00edm\u00e9ad ar TG4 a fh\u00f3gairt gur \u00e9irigh go hiontach leo i M\u00e1rta 2024 agus sprioc shuntasach bainte amach acu don chain\u00e9al Gaeilge.","og_url":"https:\/\/dev.tg4.ie\/ga\/eolas\/preas\/nuacht-raitis\/2024-2\/tg4-ag-ceiliuradh-feidhmiocht-den-scoth-i-marta-2024\/","og_site_name":"TG4","article_publisher":"https:\/\/www.facebook.com\/TG4TV","article_modified_time":"2024-04-18T15:27:37+00:00","og_image":[{"width":1920,"height":1080,"url":"https:\/\/tg4-docs.s3.amazonaws.com\/wp-content\/uploads\/2024\/04\/18160848\/Tarrac_2_1920x1080.jpg","type":"image\/jpeg"}],"twitter_card":"summary_large_image","twitter_image":"https:\/\/tg4-docs.s3.amazonaws.com\/wp-content\/uploads\/2024\/04\/18160848\/Tarrac_2_1920x1080.jpg","twitter_site":"@TG4TV","twitter_misc":{"Est. reading time":"2 minutes"},"schema":{"@context":"https:\/\/schema.org","@graph":[{"@type":"WebPage","@id":"https:\/\/dev.tg4.ie\/ga\/eolas\/preas\/nuacht-raitis\/2024-2\/tg4-ag-ceiliuradh-feidhmiocht-den-scoth-i-marta-2024\/","url":"https:\/\/dev.tg4.ie\/ga\/eolas\/preas\/nuacht-raitis\/2024-2\/tg4-ag-ceiliuradh-feidhmiocht-den-scoth-i-marta-2024\/","name":"TG4 ag Ceili\u00faradh Feidhm\u00edocht den Scoth i M\u00e1rta 2024 | Preas R\u00e1iteas | TG4","isPartOf":{"@id":"https:\/\/dev.tg4.ie\/en\/#website"},"primaryImageOfPage":{"@id":"https:\/\/dev.tg4.ie\/ga\/eolas\/preas\/nuacht-raitis\/2024-2\/tg4-ag-ceiliuradh-feidhmiocht-den-scoth-i-marta-2024\/#primaryimage"},"image":{"@id":"https:\/\/dev.tg4.ie\/ga\/eolas\/preas\/nuacht-raitis\/2024-2\/tg4-ag-ceiliuradh-feidhmiocht-den-scoth-i-marta-2024\/#primaryimage"},"thumbnailUrl":"https:\/\/dev.tg4.ie\/wp-content\/uploads\/2024\/04\/GlorTire20_1-1920x1080-1.jpg","datePublished":"2024-04-18T15:26:38+00:00","dateModified":"2024-04-18T15:27:37+00:00","description":"T\u00e1 r\u00edm\u00e9ad ar TG4 a fh\u00f3gairt gur \u00e9irigh go hiontach leo i M\u00e1rta 2024 agus sprioc shuntasach bainte amach acu don chain\u00e9al Gaeilge.","breadcrumb":{"@id":"https:\/\/dev.tg4.ie\/ga\/eolas\/preas\/nuacht-raitis\/2024-2\/tg4-ag-ceiliuradh-feidhmiocht-den-scoth-i-marta-2024\/#breadcrumb"},"inLanguage":"ga","potentialAction":[{"@type":"ReadAction","target":["https:\/\/dev.tg4.ie\/ga\/eolas\/preas\/nuacht-raitis\/2024-2\/tg4-ag-ceiliuradh-feidhmiocht-den-scoth-i-marta-2024\/"]}]},{"@type":"ImageObject","inLanguage":"ga","@id":"https:\/\/dev.tg4.ie\/ga\/eolas\/preas\/nuacht-raitis\/2024-2\/tg4-ag-ceiliuradh-feidhmiocht-den-scoth-i-marta-2024\/#primaryimage","url":"https:\/\/dev.tg4.ie\/wp-content\/uploads\/2024\/04\/GlorTire20_1-1920x1080-1.jpg","contentUrl":"https:\/\/dev.tg4.ie\/wp-content\/uploads\/2024\/04\/GlorTire20_1-1920x1080-1.jpg"},{"@type":"BreadcrumbList","@id":"https:\/\/dev.tg4.ie\/ga\/eolas\/preas\/nuacht-raitis\/2024-2\/tg4-ag-ceiliuradh-feidhmiocht-den-scoth-i-marta-2024\/#breadcrumb","itemListElement":[{"@type":"ListItem","position":1,"name":"Home","item":"https:\/\/dev.tg4.ie\/ga\/"},{"@type":"ListItem","position":2,"name":"Eolas","item":"https:\/\/dev.tg4.ie\/ga\/eolas\/"},{"@type":"ListItem","position":3,"name":"Preas","item":"https:\/\/dev.tg4.ie\/ga\/eolas\/preas\/"},{"@type":"ListItem","position":4,"name":"Nuacht R\u00e1itis","item":"https:\/\/dev.tg4.ie\/ga\/eolas\/preas\/nuacht-raitis\/"},{"@type":"ListItem","position":5,"name":"2024","item":"https:\/\/dev.tg4.ie\/ga\/eolas\/preas\/nuacht-raitis\/2024-2\/"},{"@type":"ListItem","position":6,"name":"TG4 ag Ceili\u00faradh Feidhm\u00edocht den Scoth i M\u00e1rta 2024"}]},{"@type":"WebSite","@id":"https:\/\/dev.tg4.ie\/en\/#website","url":"https:\/\/dev.tg4.ie\/en\/","name":"TG4","description":"S\u00fail Eile","potentialAction":[{"@type":"SearchAction","target":{"@type":"EntryPoint","urlTemplate":"https:\/\/dev.tg4.ie\/en\/?s={search_term_string}"},"query-input":"required name=search_term_string"}],"inLanguage":"ga"}]}},"_links":{"self":[{"href":"https:\/\/dev.tg4.ie\/ga\/wp-json\/wp\/v2\/pages\/214848"}],"collection":[{"href":"https:\/\/dev.tg4.ie\/ga\/wp-json\/wp\/v2\/pages"}],"about":[{"href":"https:\/\/dev.tg4.ie\/ga\/wp-json\/wp\/v2\/types\/page"}],"author":[{"embeddable":true,"href":"https:\/\/dev.tg4.ie\/ga\/wp-json\/wp\/v2\/users\/876"}],"replies":[{"embeddable":true,"href":"https:\/\/dev.tg4.ie\/ga\/wp-json\/wp\/v2\/comments?post=214848"}],"version-history":[{"count":0,"href":"https:\/\/dev.tg4.ie\/ga\/wp-json\/wp\/v2\/pages\/214848\/revisions"}],"up":[{"embeddable":true,"href":"https:\/\/dev.tg4.ie\/ga\/wp-json\/wp\/v2\/pages\/208148"}],"wp:attachment":[{"href":"https:\/\/dev.tg4.ie\/ga\/wp-json\/wp\/v2\/media?parent=214848"}],"curies":[{"name":"wp","href":"https:\/\/api.w.org\/{rel}","templated":true}]}}