{"id":215346,"date":"2024-05-03T14:23:23","date_gmt":"2024-05-03T13:23:23","guid":{"rendered":"https:\/\/dev.tg4.ie\/?page_id=215346"},"modified":"2024-05-03T14:28:03","modified_gmt":"2024-05-03T13:28:03","slug":"solathar","status":"publish","type":"page","link":"https:\/\/dev.tg4.ie\/ga\/corporate\/solathar\/","title":{"rendered":"Sol\u00e1thar"},"content":{"rendered":"<h2>Sol\u00e1thar : Ceannacht Earra\u00ed agus Seirbh\u00eds\u00ed<\/h2>\n<p>Is \u00e9 bunphrionsabal TG4 n\u00e1 go gcaithfidh an cleachtas oibre is fearr a bheith in \u00fas\u00e1id i gc\u00f3na\u00ed. Caithfear clo\u00ed i gc\u00f3na\u00ed le treoirl\u00ednte TG4 chomh maith le treoirl\u00ednte Roinne, leis an dl\u00ed agus le treoirl\u00ednte Eorpacha, le Treoirl\u00ednte Sol\u00e1thair Poibl\u00ed maidir le hEarra\u00ed agus Seirbh\u00eds\u00ed &#038; an C\u00f3d Cleachtais chun Comhlachta\u00ed St\u00e1it a Rial\u00fa.<br \/>\n&nbsp;<\/p>\n<p>M\u00e1 t\u00e1 aon cheist agat \u00f3 thaobh sol\u00e1thar is f\u00e9idir teagmh\u00e1il a dh\u00e9anamh le <a href=\"mailto:solathar@dev.tg4.ie\" rel=\"noopener\" target=\"_blank\">solathar@dev.tg4.ie<\/a><\/p>\n<p>&nbsp;<br \/>\n&nbsp;<\/p>\n","protected":false},"excerpt":{"rendered":"<p>Sol\u00e1thar : Ceannacht Earra\u00ed agus Seirbh\u00eds\u00ed Is \u00e9 bunphrionsabal TG4 n\u00e1 go gcaithfidh an cleachtas oibre is fearr a bheith in \u00fas\u00e1id i gc\u00f3na\u00ed. Caithfear clo\u00ed i gc\u00f3na\u00ed le treoirl\u00ednte TG4 chomh maith le treoirl\u00ednte Roinne, leis an dl\u00ed agus le treoirl\u00ednte Eorpacha, le Treoirl\u00ednte Sol\u00e1thair Poibl\u00ed maidir le hEarra\u00ed agus Seirbh\u00eds\u00ed &#038; an C\u00f3d [&hellip;]<\/p>\n","protected":false},"author":876,"featured_media":0,"parent":660,"menu_order":6,"comment_status":"closed","ping_status":"closed","template":"page-templates\/template-corporate.php","meta":{"_acf_changed":false,"footnotes":""},"acf":[],"yoast_head":"<!-- This site is optimized with the Yoast SEO plugin v22.6 - https:\/\/yoast.com\/wordpress\/plugins\/seo\/ -->\n<title>Sol\u00e1thar - TG4<\/title>\n<meta name=\"robots\" content=\"index, follow, max-snippet:-1, max-image-preview:large, max-video-preview:-1\" \/>\n<meta property=\"og:locale\" content=\"en_US\" \/>\n<meta property=\"og:type\" content=\"article\" \/>\n<meta property=\"og:title\" content=\"Sol\u00e1thar - TG4\" \/>\n<meta property=\"og:description\" content=\"Sol\u00e1thar : Ceannacht Earra\u00ed agus Seirbh\u00eds\u00ed Is \u00e9 bunphrionsabal TG4 n\u00e1 go gcaithfidh an cleachtas oibre is fearr a bheith in \u00fas\u00e1id i gc\u00f3na\u00ed. Caithfear clo\u00ed i gc\u00f3na\u00ed le treoirl\u00ednte TG4 chomh maith le treoirl\u00ednte Roinne, leis an dl\u00ed agus le treoirl\u00ednte Eorpacha, le Treoirl\u00ednte Sol\u00e1thair Poibl\u00ed maidir le hEarra\u00ed agus Seirbh\u00eds\u00ed &#038; an C\u00f3d [&hellip;]\" \/>\n<meta property=\"og:url\" content=\"https:\/\/dev.tg4.ie\/ga\/corporate\/solathar\/\" \/>\n<meta property=\"og:site_name\" content=\"TG4\" \/>\n<meta property=\"article:publisher\" content=\"https:\/\/www.facebook.com\/TG4TV\" \/>\n<meta property=\"article:modified_time\" content=\"2024-05-03T13:28:03+00:00\" \/>\n<meta property=\"og:image\" content=\"https:\/\/tg4-docs.s3.amazonaws.com\/tg4-redesign-2015\/wp-content\/uploads\/2021\/02\/Generic_BG_Player.jpg\" \/>\n\t<meta property=\"og:image:width\" content=\"1920\" \/>\n\t<meta property=\"og:image:height\" content=\"1080\" \/>\n\t<meta property=\"og:image:type\" content=\"image\/jpeg\" \/>\n<meta name=\"twitter:card\" content=\"summary_large_image\" \/>\n<meta name=\"twitter:image\" content=\"https:\/\/tg4-docs.s3.amazonaws.com\/tg4-redesign-2015\/wp-content\/uploads\/2021\/02\/Generic_BG_Player.jpg\" \/>\n<meta name=\"twitter:site\" content=\"@TG4TV\" \/>\n<meta name=\"twitter:label1\" content=\"Est. reading time\" \/>\n\t<meta name=\"twitter:data1\" content=\"1 minute\" \/>\n<script type=\"application\/ld+json\" class=\"yoast-schema-graph\">{\"@context\":\"https:\/\/schema.org\",\"@graph\":[{\"@type\":\"WebPage\",\"@id\":\"https:\/\/dev.tg4.ie\/ga\/corporate\/solathar\/\",\"url\":\"https:\/\/dev.tg4.ie\/ga\/corporate\/solathar\/\",\"name\":\"Sol\u00e1thar - TG4\",\"isPartOf\":{\"@id\":\"https:\/\/dev.tg4.ie\/en\/#website\"},\"datePublished\":\"2024-05-03T13:23:23+00:00\",\"dateModified\":\"2024-05-03T13:28:03+00:00\",\"breadcrumb\":{\"@id\":\"https:\/\/dev.tg4.ie\/ga\/corporate\/solathar\/#breadcrumb\"},\"inLanguage\":\"ga\",\"potentialAction\":[{\"@type\":\"ReadAction\",\"target\":[\"https:\/\/dev.tg4.ie\/ga\/corporate\/solathar\/\"]}]},{\"@type\":\"BreadcrumbList\",\"@id\":\"https:\/\/dev.tg4.ie\/ga\/corporate\/solathar\/#breadcrumb\",\"itemListElement\":[{\"@type\":\"ListItem\",\"position\":1,\"name\":\"Home\",\"item\":\"https:\/\/dev.tg4.ie\/ga\/\"},{\"@type\":\"ListItem\",\"position\":2,\"name\":\"Corpar\u00e1ideach\",\"item\":\"https:\/\/dev.tg4.ie\/ga\/corporate\/\"},{\"@type\":\"ListItem\",\"position\":3,\"name\":\"Sol\u00e1thar\"}]},{\"@type\":\"WebSite\",\"@id\":\"https:\/\/dev.tg4.ie\/en\/#website\",\"url\":\"https:\/\/dev.tg4.ie\/en\/\",\"name\":\"TG4\",\"description\":\"S\u00fail Eile\",\"potentialAction\":[{\"@type\":\"SearchAction\",\"target\":{\"@type\":\"EntryPoint\",\"urlTemplate\":\"https:\/\/dev.tg4.ie\/en\/?s={search_term_string}\"},\"query-input\":\"required name=search_term_string\"}],\"inLanguage\":\"ga\"}]}<\/script>\n<!-- \/ Yoast SEO plugin. -->","yoast_head_json":{"title":"Sol\u00e1thar - TG4","robots":{"index":"index","follow":"follow","max-snippet":"max-snippet:-1","max-image-preview":"max-image-preview:large","max-video-preview":"max-video-preview:-1"},"og_locale":"en_US","og_type":"article","og_title":"Sol\u00e1thar - TG4","og_description":"Sol\u00e1thar : Ceannacht Earra\u00ed agus Seirbh\u00eds\u00ed Is \u00e9 bunphrionsabal TG4 n\u00e1 go gcaithfidh an cleachtas oibre is fearr a bheith in \u00fas\u00e1id i gc\u00f3na\u00ed. Caithfear clo\u00ed i gc\u00f3na\u00ed le treoirl\u00ednte TG4 chomh maith le treoirl\u00ednte Roinne, leis an dl\u00ed agus le treoirl\u00ednte Eorpacha, le Treoirl\u00ednte Sol\u00e1thair Poibl\u00ed maidir le hEarra\u00ed agus Seirbh\u00eds\u00ed &#038; an C\u00f3d [&hellip;]","og_url":"https:\/\/dev.tg4.ie\/ga\/corporate\/solathar\/","og_site_name":"TG4","article_publisher":"https:\/\/www.facebook.com\/TG4TV","article_modified_time":"2024-05-03T13:28:03+00:00","og_image":[{"width":1920,"height":1080,"url":"https:\/\/tg4-docs.s3.amazonaws.com\/tg4-redesign-2015\/wp-content\/uploads\/2021\/02\/Generic_BG_Player.jpg","type":"image\/jpeg"}],"twitter_card":"summary_large_image","twitter_image":"https:\/\/tg4-docs.s3.amazonaws.com\/tg4-redesign-2015\/wp-content\/uploads\/2021\/02\/Generic_BG_Player.jpg","twitter_site":"@TG4TV","twitter_misc":{"Est. reading time":"1 minute"},"schema":{"@context":"https:\/\/schema.org","@graph":[{"@type":"WebPage","@id":"https:\/\/dev.tg4.ie\/ga\/corporate\/solathar\/","url":"https:\/\/dev.tg4.ie\/ga\/corporate\/solathar\/","name":"Sol\u00e1thar - TG4","isPartOf":{"@id":"https:\/\/dev.tg4.ie\/en\/#website"},"datePublished":"2024-05-03T13:23:23+00:00","dateModified":"2024-05-03T13:28:03+00:00","breadcrumb":{"@id":"https:\/\/dev.tg4.ie\/ga\/corporate\/solathar\/#breadcrumb"},"inLanguage":"ga","potentialAction":[{"@type":"ReadAction","target":["https:\/\/dev.tg4.ie\/ga\/corporate\/solathar\/"]}]},{"@type":"BreadcrumbList","@id":"https:\/\/dev.tg4.ie\/ga\/corporate\/solathar\/#breadcrumb","itemListElement":[{"@type":"ListItem","position":1,"name":"Home","item":"https:\/\/dev.tg4.ie\/ga\/"},{"@type":"ListItem","position":2,"name":"Corpar\u00e1ideach","item":"https:\/\/dev.tg4.ie\/ga\/corporate\/"},{"@type":"ListItem","position":3,"name":"Sol\u00e1thar"}]},{"@type":"WebSite","@id":"https:\/\/dev.tg4.ie\/en\/#website","url":"https:\/\/dev.tg4.ie\/en\/","name":"TG4","description":"S\u00fail Eile","potentialAction":[{"@type":"SearchAction","target":{"@type":"EntryPoint","urlTemplate":"https:\/\/dev.tg4.ie\/en\/?s={search_term_string}"},"query-input":"required name=search_term_string"}],"inLanguage":"ga"}]}},"_links":{"self":[{"href":"https:\/\/dev.tg4.ie\/ga\/wp-json\/wp\/v2\/pages\/215346"}],"collection":[{"href":"https:\/\/dev.tg4.ie\/ga\/wp-json\/wp\/v2\/pages"}],"about":[{"href":"https:\/\/dev.tg4.ie\/ga\/wp-json\/wp\/v2\/types\/page"}],"author":[{"embeddable":true,"href":"https:\/\/dev.tg4.ie\/ga\/wp-json\/wp\/v2\/users\/876"}],"replies":[{"embeddable":true,"href":"https:\/\/dev.tg4.ie\/ga\/wp-json\/wp\/v2\/comments?post=215346"}],"version-history":[{"count":0,"href":"https:\/\/dev.tg4.ie\/ga\/wp-json\/wp\/v2\/pages\/215346\/revisions"}],"up":[{"embeddable":true,"href":"https:\/\/dev.tg4.ie\/ga\/wp-json\/wp\/v2\/pages\/660"}],"wp:attachment":[{"href":"https:\/\/dev.tg4.ie\/ga\/wp-json\/wp\/v2\/media?parent=215346"}],"curies":[{"name":"wp","href":"https:\/\/api.w.org\/{rel}","templated":true}]}}