{"id":216516,"date":"2024-05-20T16:35:15","date_gmt":"2024-05-20T15:35:15","guid":{"rendered":"https:\/\/dev.tg4.ie\/?page_id=216516"},"modified":"2024-05-20T16:35:15","modified_gmt":"2024-05-20T15:35:15","slug":"bi-croga-bi-cruthaitheach-cuireann-cruinniu-na-nog-agus-cula4-amuigh-24-i-lathair","status":"publish","type":"page","link":"https:\/\/dev.tg4.ie\/ga\/eolas\/preas\/nuacht-raitis\/2024-2\/bi-croga-bi-cruthaitheach-cuireann-cruinniu-na-nog-agus-cula4-amuigh-24-i-lathair\/","title":{"rendered":"B\u00ed Cr\u00f3ga B\u00ed Cruthaitheach: Cuireann Cruinni\u00fa na n\u00d3g agus C\u00fala4 \u201cAmuigh 24\u201d i l\u00e1thair"},"content":{"rendered":"<table>\n<tbody>\n<tr>\n<td width=\"33%\">\n  <img loading=\"lazy\" decoding=\"async\" width=\"600\" height=\"335\" src=\"https:\/\/tg4-docs.s3.amazonaws.com\/wp-content\/uploads\/2024\/05\/20162718\/Amuigh24_1.jpg\" alt=\"\" class=\"aligncenter size-full wp-image-216519\" srcset=\"https:\/\/tg4-docs.s3.amazonaws.com\/wp-content\/uploads\/2024\/05\/20162718\/Amuigh24_1.jpg 600w, https:\/\/tg4-docs.s3.amazonaws.com\/wp-content\/uploads\/2024\/05\/20162718\/Amuigh24_1-250x140.jpg 250w, https:\/\/tg4-docs.s3.amazonaws.com\/wp-content\/uploads\/2024\/05\/20162718\/Amuigh24_1-252x141.jpg 252w, https:\/\/tg4-docs.s3.amazonaws.com\/wp-content\/uploads\/2024\/05\/20162718\/Amuigh24_1-120x67.jpg 120w\" sizes=\"(max-width: 600px) 100vw, 600px\" \/>\n<\/td>\n<td width=\"33%\">\n  <img loading=\"lazy\" decoding=\"async\" width=\"600\" height=\"335\" src=\"https:\/\/tg4-docs.s3.amazonaws.com\/wp-content\/uploads\/2024\/05\/20162722\/Amuigh24_2.jpg\" alt=\"\" class=\"aligncenter size-full wp-image-216521\" srcset=\"https:\/\/tg4-docs.s3.amazonaws.com\/wp-content\/uploads\/2024\/05\/20162722\/Amuigh24_2.jpg 600w, https:\/\/tg4-docs.s3.amazonaws.com\/wp-content\/uploads\/2024\/05\/20162722\/Amuigh24_2-250x140.jpg 250w, https:\/\/tg4-docs.s3.amazonaws.com\/wp-content\/uploads\/2024\/05\/20162722\/Amuigh24_2-252x141.jpg 252w, https:\/\/tg4-docs.s3.amazonaws.com\/wp-content\/uploads\/2024\/05\/20162722\/Amuigh24_2-120x67.jpg 120w\" sizes=\"(max-width: 600px) 100vw, 600px\" \/>\n<\/td>\n<td width=\"33%\">\n  <img loading=\"lazy\" decoding=\"async\" width=\"600\" height=\"335\" src=\"https:\/\/tg4-docs.s3.amazonaws.com\/wp-content\/uploads\/2024\/05\/20162720\/Amuigh24_3.jpg\" alt=\"\" class=\"aligncenter size-full wp-image-216520\" srcset=\"https:\/\/tg4-docs.s3.amazonaws.com\/wp-content\/uploads\/2024\/05\/20162720\/Amuigh24_3.jpg 600w, https:\/\/tg4-docs.s3.amazonaws.com\/wp-content\/uploads\/2024\/05\/20162720\/Amuigh24_3-250x140.jpg 250w, https:\/\/tg4-docs.s3.amazonaws.com\/wp-content\/uploads\/2024\/05\/20162720\/Amuigh24_3-252x141.jpg 252w, https:\/\/tg4-docs.s3.amazonaws.com\/wp-content\/uploads\/2024\/05\/20162720\/Amuigh24_3-120x67.jpg 120w\" sizes=\"(max-width: 600px) 100vw, 600px\" \/>\n<\/td>\n<\/tr>\n<\/tbody>\n<\/table>\n<p>&nbsp;<\/p>\n<p>Baile na hAbhann, Co na Gaillimhe &#8211; T\u00e1 r\u00edm\u00e9ad ar Cruinni\u00fa na n\u00d3g, i gcomhar le C\u00fala4 agus F\u00edb\u00edn Media, <strong>&#8216;Amuigh 24&#8217;<\/strong> a sheoladh. F\u00e9ile bhr\u00edomhar aon l\u00e1 amh\u00e1in a bheidh ann, a spreagfaidh an chruthaitheacht agus an eala\u00edn i measc daoine \u00f3ga 0-18 mbliana d\u2019aois.<br \/>\n&nbsp;<\/p>\n<p>Beidh an fh\u00e9ile ar si\u00fal ar an 15 Meitheamh 2024, l\u00e1 a gcuirfear eisp\u00e9ireas eala\u00edne ar leith ar f\u00e1il do theaghlaigh agus don phobal \u00f3 fud fad na Gaeltachta. Beidh r\u00e9imse leathan gn\u00edomha\u00edochta\u00ed agus siamsa\u00edochta ar f\u00e1il ag <strong>&#8216;Amuigh 24&#8217;<\/strong> agus \u00e9 d\u00edrithe ar thr\u00ed aoisghr\u00fapa ar leith: 0-5 bliana, 6-12 bhliain agus 13-18 mbliana d\u2019aois. Cinnteoidh an cl\u00e1r cuimsitheach go mbeidh deis ag an lucht freastail a bheith rannph\u00e1irteach i gceardlanna idirghn\u00edomhacha, chomh maith le taitneamh a bhaint as l\u00e9irithe eala\u00edne agus ceol beo mar shampla. Ard\u00e1n t\u00e1bhachtach a bheidh san fh\u00e9ile do dhaoine \u00f3ga lena gcruthaitheacht f\u00e9in, a dtallann agus a scileanna eala\u00edne a chur i l\u00e1thair.<br \/>\n&nbsp;<\/p>\n<p>Beidh ceol beo ar an l\u00e1 \u00f3 <strong>Jessica McKean<\/strong>, iarrth\u00f3ir Junior Eurovision, <strong>Trad Rave<\/strong> agus <strong>Colm Seoighe &#038; na hEas\u00f3ga\u00ed<\/strong> mar aon le ceardlanna agus l\u00e9irithe beo \u00f3 <strong>Circus le Cro\u00ed<\/strong>, <strong>Laureate na n\u00d3g &#8211; Trish Forde<\/strong> agus <strong>Leabhair Ph\u00e1ist\u00ed \u00c9ireann<\/strong>, dr\u00e1ma\u00edocht, b\u00e1c\u00e1il, cearda\u00edocht agus neart \u00f3caid\u00ed eile i rith an lae. Is \u00e9 aidhm na f\u00e9ile an tsamhla\u00edocht a neart\u00fa, an chruthaitheacht a choth\u00fa agus suim sna heala\u00edona a spreagadh sa ch\u00e9ad ghl\u00fain eile. Tr\u00edd an rannph\u00e1irt\u00edocht agus an taisc\u00e9ala\u00edocht ghn\u00edomhach, cuirfidh &#8216;Amuigh 24&#8217; ar chumas daoine \u00f3ga iad f\u00e9in a chur in i\u00fal, suim a chur ina noidhreacht chult\u00fartha, agus nasc a choth\u00fa le daoine \u00f3ga eile i dtimpeallacht fhuinni\u00fail thac\u00fail.<br \/>\n&nbsp;<\/p>\n<p><em>\u201cT\u00e1 muid ar b\u00eds <strong>&#8216;Amuigh 24&#8217;<\/strong> \u00e1 sheoladh i gcomhar le C\u00fala4, \u00e1it a dtabharfar teaghlaigh agus pobail le ch\u00e9ile le cruthaitheacht bhr\u00edomhar na n\u00d3g a cheili\u00faradh i nGaeilge\u201d<\/em> a d\u00fairt <strong>Sheila Deegan, \u00f3 \u00c9ire Ild\u00e1nach agus Bainisteoir Chl\u00e1r Cruinni\u00fa na n\u00d3g<\/strong>. <em>\u201cDeis ar leith \u00ed an fh\u00e9ile seo do dhaoine \u00f3ga \u00f3 na r\u00e9igi\u00fain Ghaeltachta a gcumas eala\u00edne a nochtadh, beala\u00ed nua cuir i l\u00e1thair a fhiosr\u00fa, agus cuimhn\u00ed speisialta a chruth\u00fa.\u201d <\/em><br \/>\n&nbsp;<\/p>\n<p>D\u00fairt <strong>Karina Feirt\u00e9ar, Bainisteoir an chain\u00e9il C\u00fala4<\/strong>, <em>\u201c\u00dadar \u00e1thais d\u00fainn <strong>&#8216;Amuigh 24&#8217;<\/strong>, a sheoladh, f\u00e9ile a chuirfidh timpeallacht speisialta ar f\u00e1il do dhaoine \u00f3ga lena gcruthaitheacht a spreagadh agus a l\u00e9iri\u00fa ar bheala\u00ed \u00farnua. Creidimid go l\u00e1idir i gcumhacht na n-eala\u00edon leis an \u00f3ige a chumas\u00fa agus cuirimid f\u00e1ilte roimh theaghlaigh agus dhaoine \u00f3ga fud fad na Gaeltachta teacht agus a bheith ag ceili\u00faradh linn.\u201d <\/em><br \/>\n&nbsp;<\/p>\n<p>Mar chuid d\u00e1 thiom\u00e1ntas don uileghabh\u00e1lacht agus ilchine\u00e1lacht, f\u00e1ilt\u00edonn <strong>&#8216;Amuigh 24&#8217;<\/strong> go m\u00f3r roimh dhaoine \u00f3ga \u00f3 fud fad na Gaeltachta a bheith rannph\u00e1irteach sa cheili\u00faradh ar an gcruthaitheacht agus ar an gcult\u00far. M\u00e1s ag freastal ar cheardlanna at\u00e1 t\u00fa, ag baint s\u00fap as na l\u00e9irithe beo n\u00f3 d\u00edreach ag baint s\u00e1samh as an atmaisf\u00e9ar br\u00edomhar, is f\u00e9idir leis an lucht freastail a bheith ag s\u00fail le l\u00e1 spreag\u00fail agus spra\u00ed\u00fail don teaghlach ar fad. Cuir an d\u00e1ta do <strong>&#8216;Amuigh 24&#8217;<\/strong> ar 15 Meitheamh 2024 sa dialann, agus b\u00ed linn le borradh a chur faoi shamhla\u00edocht agus faoi chruthaitheacht na n\u00d3g agus todhcha\u00ed spreag\u00fail agus spleodrach a chruth\u00fa don ch\u00e9ad ghl\u00fain eile.<br \/>\n&nbsp;<\/p>\n<p>Beidh saorchead isteach ag an bpobal ag an bhf\u00e9ile le taca\u00edocht \u00f3 Roinn na Gaeltachta ach beidh ar theaghlaigh, gr\u00fapa\u00ed agus daoine \u00f3ga cl\u00e1r\u00fa don \u00f3c\u00e1id.<br \/>\n&nbsp;<br \/>\nIs f\u00e9idir tuilleadh eolais agus tic\u00e9id\u00ed a fh\u00e1il ar su\u00edomh \u00c9ire Ild\u00e1nach ANSEO <a href=\"https:\/\/cruinniu.creativeireland.gov.ie\/event\/amuigh-24\/\" rel=\"noopener\" target=\"_blank\">https:\/\/cruinniu.creativeireland.gov.ie\/event\/amuigh-24\/<\/a><\/p>\n<p>&nbsp;<br \/>\n&nbsp;<\/p>\n","protected":false},"excerpt":{"rendered":"<p>&nbsp; Baile na hAbhann, Co na Gaillimhe &#8211; T\u00e1 r\u00edm\u00e9ad ar Cruinni\u00fa na n\u00d3g, i gcomhar le C\u00fala4 agus F\u00edb\u00edn Media, &#8216;Amuigh 24&#8217; a sheoladh. F\u00e9ile bhr\u00edomhar aon l\u00e1 amh\u00e1in a bheidh ann, a spreagfaidh an chruthaitheacht agus an eala\u00edn i measc daoine \u00f3ga 0-18 mbliana d\u2019aois. &nbsp; Beidh an fh\u00e9ile ar si\u00fal ar an [&hellip;]<\/p>\n","protected":false},"author":876,"featured_media":0,"parent":208148,"menu_order":12,"comment_status":"closed","ping_status":"closed","template":"page-templates\/template-pr.php","meta":{"_acf_changed":false,"footnotes":""},"acf":[],"yoast_head":"<!-- This site is optimized with the Yoast SEO plugin v22.6 - https:\/\/yoast.com\/wordpress\/plugins\/seo\/ -->\n<title>B\u00ed Cr\u00f3ga B\u00ed Cruthaitheach: Cuireann Cruinni\u00fa na n\u00d3g agus C\u00fala4 \u201cAmuigh 24\u201d i l\u00e1thair | Preas R\u00e1iteas | TG4<\/title>\n<meta name=\"description\" content=\"T\u00e1 r\u00edm\u00e9ad ar Cruinni\u00fa na n\u00d3g, i gcomhar le C\u00fala4 agus F\u00edb\u00edn Media, &#039;Amuigh 24&#039; a sheoladh. F\u00e9ile bhr\u00edomhar aon l\u00e1 amh\u00e1in a bheidh ann, a spreagfaidh an chruthaitheacht agus an eala\u00edn i measc daoine \u00f3ga 0-18 mbliana d\u2019aois.\" \/>\n<meta name=\"robots\" content=\"index, follow, max-snippet:-1, max-image-preview:large, max-video-preview:-1\" \/>\n<meta property=\"og:locale\" content=\"en_US\" \/>\n<meta property=\"og:type\" content=\"article\" \/>\n<meta property=\"og:title\" content=\"B\u00ed Cr\u00f3ga B\u00ed Cruthaitheach: Cuireann Cruinni\u00fa na n\u00d3g agus C\u00fala4 \u201cAmuigh 24\u201d i l\u00e1thair | Preas R\u00e1iteas | TG4\" \/>\n<meta property=\"og:description\" content=\"T\u00e1 r\u00edm\u00e9ad ar Cruinni\u00fa na n\u00d3g, i gcomhar le C\u00fala4 agus F\u00edb\u00edn Media, &#039;Amuigh 24&#039; a sheoladh. F\u00e9ile bhr\u00edomhar aon l\u00e1 amh\u00e1in a bheidh ann, a spreagfaidh an chruthaitheacht agus an eala\u00edn i measc daoine \u00f3ga 0-18 mbliana d\u2019aois.\" \/>\n<meta property=\"og:url\" content=\"https:\/\/dev.tg4.ie\/ga\/eolas\/preas\/nuacht-raitis\/2024-2\/bi-croga-bi-cruthaitheach-cuireann-cruinniu-na-nog-agus-cula4-amuigh-24-i-lathair\/\" \/>\n<meta property=\"og:site_name\" content=\"TG4\" \/>\n<meta property=\"article:publisher\" content=\"https:\/\/www.facebook.com\/TG4TV\" \/>\n<meta property=\"og:image\" content=\"https:\/\/tg4-docs.s3.amazonaws.com\/wp-content\/uploads\/2024\/05\/20162718\/Amuigh24_1.jpg\" \/>\n\t<meta property=\"og:image:width\" content=\"600\" \/>\n\t<meta property=\"og:image:height\" content=\"335\" \/>\n\t<meta property=\"og:image:type\" content=\"image\/jpeg\" \/>\n<meta name=\"twitter:card\" content=\"summary_large_image\" \/>\n<meta name=\"twitter:image\" content=\"https:\/\/tg4-docs.s3.amazonaws.com\/wp-content\/uploads\/2024\/05\/20162718\/Amuigh24_1.jpg\" \/>\n<meta name=\"twitter:site\" content=\"@TG4TV\" \/>\n<meta name=\"twitter:label1\" content=\"Est. reading time\" \/>\n\t<meta name=\"twitter:data1\" content=\"4 minutes\" \/>\n<script type=\"application\/ld+json\" class=\"yoast-schema-graph\">{\"@context\":\"https:\/\/schema.org\",\"@graph\":[{\"@type\":\"WebPage\",\"@id\":\"https:\/\/dev.tg4.ie\/ga\/eolas\/preas\/nuacht-raitis\/2024-2\/bi-croga-bi-cruthaitheach-cuireann-cruinniu-na-nog-agus-cula4-amuigh-24-i-lathair\/\",\"url\":\"https:\/\/dev.tg4.ie\/ga\/eolas\/preas\/nuacht-raitis\/2024-2\/bi-croga-bi-cruthaitheach-cuireann-cruinniu-na-nog-agus-cula4-amuigh-24-i-lathair\/\",\"name\":\"B\u00ed Cr\u00f3ga B\u00ed Cruthaitheach: Cuireann Cruinni\u00fa na n\u00d3g agus C\u00fala4 \u201cAmuigh 24\u201d i l\u00e1thair | Preas R\u00e1iteas | TG4\",\"isPartOf\":{\"@id\":\"https:\/\/dev.tg4.ie\/en\/#website\"},\"primaryImageOfPage\":{\"@id\":\"https:\/\/dev.tg4.ie\/ga\/eolas\/preas\/nuacht-raitis\/2024-2\/bi-croga-bi-cruthaitheach-cuireann-cruinniu-na-nog-agus-cula4-amuigh-24-i-lathair\/#primaryimage\"},\"image\":{\"@id\":\"https:\/\/dev.tg4.ie\/ga\/eolas\/preas\/nuacht-raitis\/2024-2\/bi-croga-bi-cruthaitheach-cuireann-cruinniu-na-nog-agus-cula4-amuigh-24-i-lathair\/#primaryimage\"},\"thumbnailUrl\":\"https:\/\/dev.tg4.ie\/wp-content\/uploads\/2024\/05\/Amuigh24_1.jpg\",\"datePublished\":\"2024-05-20T15:35:15+00:00\",\"dateModified\":\"2024-05-20T15:35:15+00:00\",\"description\":\"T\u00e1 r\u00edm\u00e9ad ar Cruinni\u00fa na n\u00d3g, i gcomhar le C\u00fala4 agus F\u00edb\u00edn Media, 'Amuigh 24' a sheoladh. F\u00e9ile bhr\u00edomhar aon l\u00e1 amh\u00e1in a bheidh ann, a spreagfaidh an chruthaitheacht agus an eala\u00edn i measc daoine \u00f3ga 0-18 mbliana d\u2019aois.\",\"breadcrumb\":{\"@id\":\"https:\/\/dev.tg4.ie\/ga\/eolas\/preas\/nuacht-raitis\/2024-2\/bi-croga-bi-cruthaitheach-cuireann-cruinniu-na-nog-agus-cula4-amuigh-24-i-lathair\/#breadcrumb\"},\"inLanguage\":\"ga\",\"potentialAction\":[{\"@type\":\"ReadAction\",\"target\":[\"https:\/\/dev.tg4.ie\/ga\/eolas\/preas\/nuacht-raitis\/2024-2\/bi-croga-bi-cruthaitheach-cuireann-cruinniu-na-nog-agus-cula4-amuigh-24-i-lathair\/\"]}]},{\"@type\":\"ImageObject\",\"inLanguage\":\"ga\",\"@id\":\"https:\/\/dev.tg4.ie\/ga\/eolas\/preas\/nuacht-raitis\/2024-2\/bi-croga-bi-cruthaitheach-cuireann-cruinniu-na-nog-agus-cula4-amuigh-24-i-lathair\/#primaryimage\",\"url\":\"https:\/\/dev.tg4.ie\/wp-content\/uploads\/2024\/05\/Amuigh24_1.jpg\",\"contentUrl\":\"https:\/\/dev.tg4.ie\/wp-content\/uploads\/2024\/05\/Amuigh24_1.jpg\"},{\"@type\":\"BreadcrumbList\",\"@id\":\"https:\/\/dev.tg4.ie\/ga\/eolas\/preas\/nuacht-raitis\/2024-2\/bi-croga-bi-cruthaitheach-cuireann-cruinniu-na-nog-agus-cula4-amuigh-24-i-lathair\/#breadcrumb\",\"itemListElement\":[{\"@type\":\"ListItem\",\"position\":1,\"name\":\"Home\",\"item\":\"https:\/\/dev.tg4.ie\/ga\/\"},{\"@type\":\"ListItem\",\"position\":2,\"name\":\"Eolas\",\"item\":\"https:\/\/dev.tg4.ie\/ga\/eolas\/\"},{\"@type\":\"ListItem\",\"position\":3,\"name\":\"Preas\",\"item\":\"https:\/\/dev.tg4.ie\/ga\/eolas\/preas\/\"},{\"@type\":\"ListItem\",\"position\":4,\"name\":\"Nuacht R\u00e1itis\",\"item\":\"https:\/\/dev.tg4.ie\/ga\/eolas\/preas\/nuacht-raitis\/\"},{\"@type\":\"ListItem\",\"position\":5,\"name\":\"2024\",\"item\":\"https:\/\/dev.tg4.ie\/ga\/eolas\/preas\/nuacht-raitis\/2024-2\/\"},{\"@type\":\"ListItem\",\"position\":6,\"name\":\"B\u00ed Cr\u00f3ga B\u00ed Cruthaitheach: Cuireann Cruinni\u00fa na n\u00d3g agus C\u00fala4 \u201cAmuigh 24\u201d i l\u00e1thair\"}]},{\"@type\":\"WebSite\",\"@id\":\"https:\/\/dev.tg4.ie\/en\/#website\",\"url\":\"https:\/\/dev.tg4.ie\/en\/\",\"name\":\"TG4\",\"description\":\"S\u00fail Eile\",\"potentialAction\":[{\"@type\":\"SearchAction\",\"target\":{\"@type\":\"EntryPoint\",\"urlTemplate\":\"https:\/\/dev.tg4.ie\/en\/?s={search_term_string}\"},\"query-input\":\"required name=search_term_string\"}],\"inLanguage\":\"ga\"}]}<\/script>\n<!-- \/ Yoast SEO plugin. -->","yoast_head_json":{"title":"B\u00ed Cr\u00f3ga B\u00ed Cruthaitheach: Cuireann Cruinni\u00fa na n\u00d3g agus C\u00fala4 \u201cAmuigh 24\u201d i l\u00e1thair | Preas R\u00e1iteas | TG4","description":"T\u00e1 r\u00edm\u00e9ad ar Cruinni\u00fa na n\u00d3g, i gcomhar le C\u00fala4 agus F\u00edb\u00edn Media, 'Amuigh 24' a sheoladh. F\u00e9ile bhr\u00edomhar aon l\u00e1 amh\u00e1in a bheidh ann, a spreagfaidh an chruthaitheacht agus an eala\u00edn i measc daoine \u00f3ga 0-18 mbliana d\u2019aois.","robots":{"index":"index","follow":"follow","max-snippet":"max-snippet:-1","max-image-preview":"max-image-preview:large","max-video-preview":"max-video-preview:-1"},"og_locale":"en_US","og_type":"article","og_title":"B\u00ed Cr\u00f3ga B\u00ed Cruthaitheach: Cuireann Cruinni\u00fa na n\u00d3g agus C\u00fala4 \u201cAmuigh 24\u201d i l\u00e1thair | Preas R\u00e1iteas | TG4","og_description":"T\u00e1 r\u00edm\u00e9ad ar Cruinni\u00fa na n\u00d3g, i gcomhar le C\u00fala4 agus F\u00edb\u00edn Media, 'Amuigh 24' a sheoladh. F\u00e9ile bhr\u00edomhar aon l\u00e1 amh\u00e1in a bheidh ann, a spreagfaidh an chruthaitheacht agus an eala\u00edn i measc daoine \u00f3ga 0-18 mbliana d\u2019aois.","og_url":"https:\/\/dev.tg4.ie\/ga\/eolas\/preas\/nuacht-raitis\/2024-2\/bi-croga-bi-cruthaitheach-cuireann-cruinniu-na-nog-agus-cula4-amuigh-24-i-lathair\/","og_site_name":"TG4","article_publisher":"https:\/\/www.facebook.com\/TG4TV","og_image":[{"width":600,"height":335,"url":"https:\/\/tg4-docs.s3.amazonaws.com\/wp-content\/uploads\/2024\/05\/20162718\/Amuigh24_1.jpg","type":"image\/jpeg"}],"twitter_card":"summary_large_image","twitter_image":"https:\/\/tg4-docs.s3.amazonaws.com\/wp-content\/uploads\/2024\/05\/20162718\/Amuigh24_1.jpg","twitter_site":"@TG4TV","twitter_misc":{"Est. reading time":"4 minutes"},"schema":{"@context":"https:\/\/schema.org","@graph":[{"@type":"WebPage","@id":"https:\/\/dev.tg4.ie\/ga\/eolas\/preas\/nuacht-raitis\/2024-2\/bi-croga-bi-cruthaitheach-cuireann-cruinniu-na-nog-agus-cula4-amuigh-24-i-lathair\/","url":"https:\/\/dev.tg4.ie\/ga\/eolas\/preas\/nuacht-raitis\/2024-2\/bi-croga-bi-cruthaitheach-cuireann-cruinniu-na-nog-agus-cula4-amuigh-24-i-lathair\/","name":"B\u00ed Cr\u00f3ga B\u00ed Cruthaitheach: Cuireann Cruinni\u00fa na n\u00d3g agus C\u00fala4 \u201cAmuigh 24\u201d i l\u00e1thair | Preas R\u00e1iteas | TG4","isPartOf":{"@id":"https:\/\/dev.tg4.ie\/en\/#website"},"primaryImageOfPage":{"@id":"https:\/\/dev.tg4.ie\/ga\/eolas\/preas\/nuacht-raitis\/2024-2\/bi-croga-bi-cruthaitheach-cuireann-cruinniu-na-nog-agus-cula4-amuigh-24-i-lathair\/#primaryimage"},"image":{"@id":"https:\/\/dev.tg4.ie\/ga\/eolas\/preas\/nuacht-raitis\/2024-2\/bi-croga-bi-cruthaitheach-cuireann-cruinniu-na-nog-agus-cula4-amuigh-24-i-lathair\/#primaryimage"},"thumbnailUrl":"https:\/\/dev.tg4.ie\/wp-content\/uploads\/2024\/05\/Amuigh24_1.jpg","datePublished":"2024-05-20T15:35:15+00:00","dateModified":"2024-05-20T15:35:15+00:00","description":"T\u00e1 r\u00edm\u00e9ad ar Cruinni\u00fa na n\u00d3g, i gcomhar le C\u00fala4 agus F\u00edb\u00edn Media, 'Amuigh 24' a sheoladh. F\u00e9ile bhr\u00edomhar aon l\u00e1 amh\u00e1in a bheidh ann, a spreagfaidh an chruthaitheacht agus an eala\u00edn i measc daoine \u00f3ga 0-18 mbliana d\u2019aois.","breadcrumb":{"@id":"https:\/\/dev.tg4.ie\/ga\/eolas\/preas\/nuacht-raitis\/2024-2\/bi-croga-bi-cruthaitheach-cuireann-cruinniu-na-nog-agus-cula4-amuigh-24-i-lathair\/#breadcrumb"},"inLanguage":"ga","potentialAction":[{"@type":"ReadAction","target":["https:\/\/dev.tg4.ie\/ga\/eolas\/preas\/nuacht-raitis\/2024-2\/bi-croga-bi-cruthaitheach-cuireann-cruinniu-na-nog-agus-cula4-amuigh-24-i-lathair\/"]}]},{"@type":"ImageObject","inLanguage":"ga","@id":"https:\/\/dev.tg4.ie\/ga\/eolas\/preas\/nuacht-raitis\/2024-2\/bi-croga-bi-cruthaitheach-cuireann-cruinniu-na-nog-agus-cula4-amuigh-24-i-lathair\/#primaryimage","url":"https:\/\/dev.tg4.ie\/wp-content\/uploads\/2024\/05\/Amuigh24_1.jpg","contentUrl":"https:\/\/dev.tg4.ie\/wp-content\/uploads\/2024\/05\/Amuigh24_1.jpg"},{"@type":"BreadcrumbList","@id":"https:\/\/dev.tg4.ie\/ga\/eolas\/preas\/nuacht-raitis\/2024-2\/bi-croga-bi-cruthaitheach-cuireann-cruinniu-na-nog-agus-cula4-amuigh-24-i-lathair\/#breadcrumb","itemListElement":[{"@type":"ListItem","position":1,"name":"Home","item":"https:\/\/dev.tg4.ie\/ga\/"},{"@type":"ListItem","position":2,"name":"Eolas","item":"https:\/\/dev.tg4.ie\/ga\/eolas\/"},{"@type":"ListItem","position":3,"name":"Preas","item":"https:\/\/dev.tg4.ie\/ga\/eolas\/preas\/"},{"@type":"ListItem","position":4,"name":"Nuacht R\u00e1itis","item":"https:\/\/dev.tg4.ie\/ga\/eolas\/preas\/nuacht-raitis\/"},{"@type":"ListItem","position":5,"name":"2024","item":"https:\/\/dev.tg4.ie\/ga\/eolas\/preas\/nuacht-raitis\/2024-2\/"},{"@type":"ListItem","position":6,"name":"B\u00ed Cr\u00f3ga B\u00ed Cruthaitheach: Cuireann Cruinni\u00fa na n\u00d3g agus C\u00fala4 \u201cAmuigh 24\u201d i l\u00e1thair"}]},{"@type":"WebSite","@id":"https:\/\/dev.tg4.ie\/en\/#website","url":"https:\/\/dev.tg4.ie\/en\/","name":"TG4","description":"S\u00fail Eile","potentialAction":[{"@type":"SearchAction","target":{"@type":"EntryPoint","urlTemplate":"https:\/\/dev.tg4.ie\/en\/?s={search_term_string}"},"query-input":"required name=search_term_string"}],"inLanguage":"ga"}]}},"_links":{"self":[{"href":"https:\/\/dev.tg4.ie\/ga\/wp-json\/wp\/v2\/pages\/216516"}],"collection":[{"href":"https:\/\/dev.tg4.ie\/ga\/wp-json\/wp\/v2\/pages"}],"about":[{"href":"https:\/\/dev.tg4.ie\/ga\/wp-json\/wp\/v2\/types\/page"}],"author":[{"embeddable":true,"href":"https:\/\/dev.tg4.ie\/ga\/wp-json\/wp\/v2\/users\/876"}],"replies":[{"embeddable":true,"href":"https:\/\/dev.tg4.ie\/ga\/wp-json\/wp\/v2\/comments?post=216516"}],"version-history":[{"count":0,"href":"https:\/\/dev.tg4.ie\/ga\/wp-json\/wp\/v2\/pages\/216516\/revisions"}],"up":[{"embeddable":true,"href":"https:\/\/dev.tg4.ie\/ga\/wp-json\/wp\/v2\/pages\/208148"}],"wp:attachment":[{"href":"https:\/\/dev.tg4.ie\/ga\/wp-json\/wp\/v2\/media?parent=216516"}],"curies":[{"name":"wp","href":"https:\/\/api.w.org\/{rel}","templated":true}]}}