{"id":217138,"date":"2024-06-05T12:55:46","date_gmt":"2024-06-05T11:55:46","guid":{"rendered":"https:\/\/dev.tg4.ie\/?page_id=217138"},"modified":"2024-06-05T13:00:00","modified_gmt":"2024-06-05T12:00:00","slug":"vota-2024-beochludach-tg4-ar-thorthai-na-dtoghchan-aitiuil-agus-eorpach-2024","status":"publish","type":"page","link":"https:\/\/dev.tg4.ie\/ga\/eolas\/preas\/nuacht-raitis\/2024-2\/vota-2024-beochludach-tg4-ar-thorthai-na-dtoghchan-aitiuil-agus-eorpach-2024\/","title":{"rendered":"V\u00f3ta 2024 &#8211; Beochl\u00fadach TG4 ar thortha\u00ed na dToghch\u00e1n \u00c1iti\u00fail agus Eorpach 2024"},"content":{"rendered":"<p><img loading=\"lazy\" decoding=\"async\" width=\"1920\" height=\"1080\" src=\"https:\/\/tg4-docs.s3.amazonaws.com\/wp-content\/uploads\/2024\/06\/05124820\/Vota2024_3-1920x1080-1.jpg\" alt=\"\" class=\"alignnone size-full wp-image-217140\" srcset=\"https:\/\/tg4-docs.s3.amazonaws.com\/wp-content\/uploads\/2024\/06\/05124820\/Vota2024_3-1920x1080-1.jpg 1920w, https:\/\/tg4-docs.s3.amazonaws.com\/wp-content\/uploads\/2024\/06\/05124820\/Vota2024_3-1920x1080-1-250x141.jpg 250w, https:\/\/tg4-docs.s3.amazonaws.com\/wp-content\/uploads\/2024\/06\/05124820\/Vota2024_3-1920x1080-1-700x394.jpg 700w, https:\/\/tg4-docs.s3.amazonaws.com\/wp-content\/uploads\/2024\/06\/05124820\/Vota2024_3-1920x1080-1-252x141.jpg 252w, https:\/\/tg4-docs.s3.amazonaws.com\/wp-content\/uploads\/2024\/06\/05124820\/Vota2024_3-1920x1080-1-1536x864.jpg 1536w, https:\/\/tg4-docs.s3.amazonaws.com\/wp-content\/uploads\/2024\/06\/05124820\/Vota2024_3-1920x1080-1-120x68.jpg 120w\" sizes=\"(max-width: 1920px) 100vw, 1920px\" \/><br \/>\n<sup>Pic: Si\u00fan Nic Gearailt &#038;  Eimear N\u00ed Chonaola &#8211; creidi\u00faint Martina Regan<\/sup><\/p>\n<p>&nbsp;<\/p>\n<p>D\u00e9anfaidh TG4 craoladh beo ar thortha\u00ed na dToghch\u00e1n \u00c1iti\u00fail agus Eorpach ar an gcl\u00e1r V\u00f3ta 2024 D\u00e9 Sathairn an 8 Meitheamh idir 12-2pm agus ar\u00eds tr\u00e1thn\u00f3na \u00f3n 7:15pm agus D\u00e9 Domhnaigh an 9 Meitheamh \u00f3n 12-1pm agus ar Nuacht TG4 \u00f3n 7pm.<br \/>\n&nbsp;<br \/>\nBeidh iriseoir\u00ed Nuacht TG4 beo \u00f3 na hionaid chomhairimh ar fud na t\u00edre agus d\u00e9anfaidh polaiteoir\u00ed agus tr\u00e1chtair\u00ed eolasacha anail\u00eds gh\u00e9arch\u00faiseach ar na gn\u00e9ithe is suntasa\u00ed sna toghch\u00e1in \u00f3 sti\u00faideo TG4.<br \/>\n&nbsp;<br \/>\nIs iad Eimear N\u00ed Chonaola agus Si\u00fan Nic Gearailt, l\u00e1ithreoir\u00ed Nuacht TG4, a chuirfidh na cl\u00e1ir i l\u00e1thair agus ina dteannta beidh Iar-Cheannaire Fhine Gael, Alan Dukes, \u00c9amon \u00d3 Cu\u00edv T.D., Fianna F\u00e1il, Mair\u00e9ad Farrell T.D., Sinn F\u00e9in, An tOllamh Emeritus Gear\u00f3id \u00d3 Tuathaigh, Iarrth\u00f3ir Uachtar\u00e1nachta 2018 agus Toir\u00e9asa Ferris, Iar-Chomhairleoir de chuid Sinn F\u00e9in agus Iar Aire-St\u00e1it na Gaeltachta, Dinny McGinley.<br \/>\n&nbsp;<br \/>\nBeidh cl\u00fadach lean\u00fanach againn an deireadh seachtaine ar fad ar na me\u00e1in sh\u00f3isialta ar Facebook, X agus Instagram.<br \/>\n&nbsp;<br \/>\n<a href=\"https:\/\/x.com\/search?q=%23V%C3%B3ta24&#038;src=typed_query&#038;f=live\" rel=\"noopener\" target=\"_blank\">#V\u00f3ta24<\/a><br \/>\n&nbsp;<\/p>\n<div style=\"position:relative;padding-top:56.25%;\">\n  <iframe src=\"https:\/\/www.youtube.com\/embed\/wlBLTeB4HxU\" frameborder=\"0\" allowfullscreen style=\"position:absolute;top:0;left:0;width:100%;height:100%;\"><\/iframe>\n<\/div>\n<p>&nbsp;<br \/>\n&nbsp;<\/p>\n","protected":false},"excerpt":{"rendered":"<p>Pic: Si\u00fan Nic Gearailt &#038; Eimear N\u00ed Chonaola &#8211; creidi\u00faint Martina Regan &nbsp; D\u00e9anfaidh TG4 craoladh beo ar thortha\u00ed na dToghch\u00e1n \u00c1iti\u00fail agus Eorpach ar an gcl\u00e1r V\u00f3ta 2024 D\u00e9 Sathairn an 8 Meitheamh idir 12-2pm agus ar\u00eds tr\u00e1thn\u00f3na \u00f3n 7:15pm agus D\u00e9 Domhnaigh an 9 Meitheamh \u00f3n 12-1pm agus ar Nuacht TG4 \u00f3n 7pm. [&hellip;]<\/p>\n","protected":false},"author":876,"featured_media":0,"parent":208148,"menu_order":13,"comment_status":"closed","ping_status":"closed","template":"page-templates\/template-pr.php","meta":{"_acf_changed":false,"footnotes":""},"acf":[],"yoast_head":"<!-- This site is optimized with the Yoast SEO plugin v22.6 - https:\/\/yoast.com\/wordpress\/plugins\/seo\/ -->\n<title>V\u00f3ta 2024 - Beochl\u00fadach TG4 ar thortha\u00ed na dToghch\u00e1n \u00c1iti\u00fail agus Eorpach 2024 | Preas R\u00e1iteas | TG4<\/title>\n<meta name=\"description\" content=\"D\u00e9anfaidh TG4 craoladh beo ar thortha\u00ed na dToghch\u00e1n \u00c1iti\u00fail agus Eorpach ar an gcl\u00e1r V\u00f3ta 2024 D\u00e9 Sathairn an 8 Meitheamh idir 12-2pm agus ar\u00eds tr\u00e1thn\u00f3na \u00f3n 7:15pm agus D\u00e9 Domhnaigh an 9 Meitheamh \u00f3n 12-1pm agus ar Nuacht TG4 \u00f3n 7pm.\" \/>\n<meta name=\"robots\" content=\"index, follow, max-snippet:-1, max-image-preview:large, max-video-preview:-1\" \/>\n<meta property=\"og:locale\" content=\"en_US\" \/>\n<meta property=\"og:type\" content=\"article\" \/>\n<meta property=\"og:title\" content=\"V\u00f3ta 2024 - Beochl\u00fadach TG4 ar thortha\u00ed na dToghch\u00e1n \u00c1iti\u00fail agus Eorpach 2024 | Preas R\u00e1iteas | TG4\" \/>\n<meta property=\"og:description\" content=\"D\u00e9anfaidh TG4 craoladh beo ar thortha\u00ed na dToghch\u00e1n \u00c1iti\u00fail agus Eorpach ar an gcl\u00e1r V\u00f3ta 2024 D\u00e9 Sathairn an 8 Meitheamh idir 12-2pm agus ar\u00eds tr\u00e1thn\u00f3na \u00f3n 7:15pm agus D\u00e9 Domhnaigh an 9 Meitheamh \u00f3n 12-1pm agus ar Nuacht TG4 \u00f3n 7pm.\" \/>\n<meta property=\"og:url\" content=\"https:\/\/dev.tg4.ie\/ga\/eolas\/preas\/nuacht-raitis\/2024-2\/vota-2024-beochludach-tg4-ar-thorthai-na-dtoghchan-aitiuil-agus-eorpach-2024\/\" \/>\n<meta property=\"og:site_name\" content=\"TG4\" \/>\n<meta property=\"article:publisher\" content=\"https:\/\/www.facebook.com\/TG4TV\" \/>\n<meta property=\"article:modified_time\" content=\"2024-06-05T12:00:00+00:00\" \/>\n<meta property=\"og:image\" content=\"https:\/\/tg4-docs.s3.amazonaws.com\/wp-content\/uploads\/2024\/06\/05124820\/Vota2024_3-1920x1080-1.jpg\" \/>\n\t<meta property=\"og:image:width\" content=\"1920\" \/>\n\t<meta property=\"og:image:height\" content=\"1080\" \/>\n\t<meta property=\"og:image:type\" content=\"image\/jpeg\" \/>\n<meta name=\"twitter:card\" content=\"summary_large_image\" \/>\n<meta name=\"twitter:image\" content=\"https:\/\/tg4-docs.s3.amazonaws.com\/wp-content\/uploads\/2024\/06\/05124820\/Vota2024_3-1920x1080-1.jpg\" \/>\n<meta name=\"twitter:site\" content=\"@TG4TV\" \/>\n<meta name=\"twitter:label1\" content=\"Est. reading time\" \/>\n\t<meta name=\"twitter:data1\" content=\"1 minute\" \/>\n<script type=\"application\/ld+json\" class=\"yoast-schema-graph\">{\"@context\":\"https:\/\/schema.org\",\"@graph\":[{\"@type\":\"WebPage\",\"@id\":\"https:\/\/dev.tg4.ie\/ga\/eolas\/preas\/nuacht-raitis\/2024-2\/vota-2024-beochludach-tg4-ar-thorthai-na-dtoghchan-aitiuil-agus-eorpach-2024\/\",\"url\":\"https:\/\/dev.tg4.ie\/ga\/eolas\/preas\/nuacht-raitis\/2024-2\/vota-2024-beochludach-tg4-ar-thorthai-na-dtoghchan-aitiuil-agus-eorpach-2024\/\",\"name\":\"V\u00f3ta 2024 - Beochl\u00fadach TG4 ar thortha\u00ed na dToghch\u00e1n \u00c1iti\u00fail agus Eorpach 2024 | Preas R\u00e1iteas | TG4\",\"isPartOf\":{\"@id\":\"https:\/\/dev.tg4.ie\/en\/#website\"},\"primaryImageOfPage\":{\"@id\":\"https:\/\/dev.tg4.ie\/ga\/eolas\/preas\/nuacht-raitis\/2024-2\/vota-2024-beochludach-tg4-ar-thorthai-na-dtoghchan-aitiuil-agus-eorpach-2024\/#primaryimage\"},\"image\":{\"@id\":\"https:\/\/dev.tg4.ie\/ga\/eolas\/preas\/nuacht-raitis\/2024-2\/vota-2024-beochludach-tg4-ar-thorthai-na-dtoghchan-aitiuil-agus-eorpach-2024\/#primaryimage\"},\"thumbnailUrl\":\"https:\/\/dev.tg4.ie\/wp-content\/uploads\/2024\/06\/Vota2024_3-1920x1080-1.jpg\",\"datePublished\":\"2024-06-05T11:55:46+00:00\",\"dateModified\":\"2024-06-05T12:00:00+00:00\",\"description\":\"D\u00e9anfaidh TG4 craoladh beo ar thortha\u00ed na dToghch\u00e1n \u00c1iti\u00fail agus Eorpach ar an gcl\u00e1r V\u00f3ta 2024 D\u00e9 Sathairn an 8 Meitheamh idir 12-2pm agus ar\u00eds tr\u00e1thn\u00f3na \u00f3n 7:15pm agus D\u00e9 Domhnaigh an 9 Meitheamh \u00f3n 12-1pm agus ar Nuacht TG4 \u00f3n 7pm.\",\"breadcrumb\":{\"@id\":\"https:\/\/dev.tg4.ie\/ga\/eolas\/preas\/nuacht-raitis\/2024-2\/vota-2024-beochludach-tg4-ar-thorthai-na-dtoghchan-aitiuil-agus-eorpach-2024\/#breadcrumb\"},\"inLanguage\":\"ga\",\"potentialAction\":[{\"@type\":\"ReadAction\",\"target\":[\"https:\/\/dev.tg4.ie\/ga\/eolas\/preas\/nuacht-raitis\/2024-2\/vota-2024-beochludach-tg4-ar-thorthai-na-dtoghchan-aitiuil-agus-eorpach-2024\/\"]}]},{\"@type\":\"ImageObject\",\"inLanguage\":\"ga\",\"@id\":\"https:\/\/dev.tg4.ie\/ga\/eolas\/preas\/nuacht-raitis\/2024-2\/vota-2024-beochludach-tg4-ar-thorthai-na-dtoghchan-aitiuil-agus-eorpach-2024\/#primaryimage\",\"url\":\"https:\/\/dev.tg4.ie\/wp-content\/uploads\/2024\/06\/Vota2024_3-1920x1080-1.jpg\",\"contentUrl\":\"https:\/\/dev.tg4.ie\/wp-content\/uploads\/2024\/06\/Vota2024_3-1920x1080-1.jpg\"},{\"@type\":\"BreadcrumbList\",\"@id\":\"https:\/\/dev.tg4.ie\/ga\/eolas\/preas\/nuacht-raitis\/2024-2\/vota-2024-beochludach-tg4-ar-thorthai-na-dtoghchan-aitiuil-agus-eorpach-2024\/#breadcrumb\",\"itemListElement\":[{\"@type\":\"ListItem\",\"position\":1,\"name\":\"Home\",\"item\":\"https:\/\/dev.tg4.ie\/ga\/\"},{\"@type\":\"ListItem\",\"position\":2,\"name\":\"Eolas\",\"item\":\"https:\/\/dev.tg4.ie\/ga\/eolas\/\"},{\"@type\":\"ListItem\",\"position\":3,\"name\":\"Preas\",\"item\":\"https:\/\/dev.tg4.ie\/ga\/eolas\/preas\/\"},{\"@type\":\"ListItem\",\"position\":4,\"name\":\"Nuacht R\u00e1itis\",\"item\":\"https:\/\/dev.tg4.ie\/ga\/eolas\/preas\/nuacht-raitis\/\"},{\"@type\":\"ListItem\",\"position\":5,\"name\":\"2024\",\"item\":\"https:\/\/dev.tg4.ie\/ga\/eolas\/preas\/nuacht-raitis\/2024-2\/\"},{\"@type\":\"ListItem\",\"position\":6,\"name\":\"V\u00f3ta 2024 &#8211; Beochl\u00fadach TG4 ar thortha\u00ed na dToghch\u00e1n \u00c1iti\u00fail agus Eorpach 2024\"}]},{\"@type\":\"WebSite\",\"@id\":\"https:\/\/dev.tg4.ie\/en\/#website\",\"url\":\"https:\/\/dev.tg4.ie\/en\/\",\"name\":\"TG4\",\"description\":\"S\u00fail Eile\",\"potentialAction\":[{\"@type\":\"SearchAction\",\"target\":{\"@type\":\"EntryPoint\",\"urlTemplate\":\"https:\/\/dev.tg4.ie\/en\/?s={search_term_string}\"},\"query-input\":\"required name=search_term_string\"}],\"inLanguage\":\"ga\"}]}<\/script>\n<!-- \/ Yoast SEO plugin. -->","yoast_head_json":{"title":"V\u00f3ta 2024 - Beochl\u00fadach TG4 ar thortha\u00ed na dToghch\u00e1n \u00c1iti\u00fail agus Eorpach 2024 | Preas R\u00e1iteas | TG4","description":"D\u00e9anfaidh TG4 craoladh beo ar thortha\u00ed na dToghch\u00e1n \u00c1iti\u00fail agus Eorpach ar an gcl\u00e1r V\u00f3ta 2024 D\u00e9 Sathairn an 8 Meitheamh idir 12-2pm agus ar\u00eds tr\u00e1thn\u00f3na \u00f3n 7:15pm agus D\u00e9 Domhnaigh an 9 Meitheamh \u00f3n 12-1pm agus ar Nuacht TG4 \u00f3n 7pm.","robots":{"index":"index","follow":"follow","max-snippet":"max-snippet:-1","max-image-preview":"max-image-preview:large","max-video-preview":"max-video-preview:-1"},"og_locale":"en_US","og_type":"article","og_title":"V\u00f3ta 2024 - Beochl\u00fadach TG4 ar thortha\u00ed na dToghch\u00e1n \u00c1iti\u00fail agus Eorpach 2024 | Preas R\u00e1iteas | TG4","og_description":"D\u00e9anfaidh TG4 craoladh beo ar thortha\u00ed na dToghch\u00e1n \u00c1iti\u00fail agus Eorpach ar an gcl\u00e1r V\u00f3ta 2024 D\u00e9 Sathairn an 8 Meitheamh idir 12-2pm agus ar\u00eds tr\u00e1thn\u00f3na \u00f3n 7:15pm agus D\u00e9 Domhnaigh an 9 Meitheamh \u00f3n 12-1pm agus ar Nuacht TG4 \u00f3n 7pm.","og_url":"https:\/\/dev.tg4.ie\/ga\/eolas\/preas\/nuacht-raitis\/2024-2\/vota-2024-beochludach-tg4-ar-thorthai-na-dtoghchan-aitiuil-agus-eorpach-2024\/","og_site_name":"TG4","article_publisher":"https:\/\/www.facebook.com\/TG4TV","article_modified_time":"2024-06-05T12:00:00+00:00","og_image":[{"width":1920,"height":1080,"url":"https:\/\/tg4-docs.s3.amazonaws.com\/wp-content\/uploads\/2024\/06\/05124820\/Vota2024_3-1920x1080-1.jpg","type":"image\/jpeg"}],"twitter_card":"summary_large_image","twitter_image":"https:\/\/tg4-docs.s3.amazonaws.com\/wp-content\/uploads\/2024\/06\/05124820\/Vota2024_3-1920x1080-1.jpg","twitter_site":"@TG4TV","twitter_misc":{"Est. reading time":"1 minute"},"schema":{"@context":"https:\/\/schema.org","@graph":[{"@type":"WebPage","@id":"https:\/\/dev.tg4.ie\/ga\/eolas\/preas\/nuacht-raitis\/2024-2\/vota-2024-beochludach-tg4-ar-thorthai-na-dtoghchan-aitiuil-agus-eorpach-2024\/","url":"https:\/\/dev.tg4.ie\/ga\/eolas\/preas\/nuacht-raitis\/2024-2\/vota-2024-beochludach-tg4-ar-thorthai-na-dtoghchan-aitiuil-agus-eorpach-2024\/","name":"V\u00f3ta 2024 - Beochl\u00fadach TG4 ar thortha\u00ed na dToghch\u00e1n \u00c1iti\u00fail agus Eorpach 2024 | Preas R\u00e1iteas | TG4","isPartOf":{"@id":"https:\/\/dev.tg4.ie\/en\/#website"},"primaryImageOfPage":{"@id":"https:\/\/dev.tg4.ie\/ga\/eolas\/preas\/nuacht-raitis\/2024-2\/vota-2024-beochludach-tg4-ar-thorthai-na-dtoghchan-aitiuil-agus-eorpach-2024\/#primaryimage"},"image":{"@id":"https:\/\/dev.tg4.ie\/ga\/eolas\/preas\/nuacht-raitis\/2024-2\/vota-2024-beochludach-tg4-ar-thorthai-na-dtoghchan-aitiuil-agus-eorpach-2024\/#primaryimage"},"thumbnailUrl":"https:\/\/dev.tg4.ie\/wp-content\/uploads\/2024\/06\/Vota2024_3-1920x1080-1.jpg","datePublished":"2024-06-05T11:55:46+00:00","dateModified":"2024-06-05T12:00:00+00:00","description":"D\u00e9anfaidh TG4 craoladh beo ar thortha\u00ed na dToghch\u00e1n \u00c1iti\u00fail agus Eorpach ar an gcl\u00e1r V\u00f3ta 2024 D\u00e9 Sathairn an 8 Meitheamh idir 12-2pm agus ar\u00eds tr\u00e1thn\u00f3na \u00f3n 7:15pm agus D\u00e9 Domhnaigh an 9 Meitheamh \u00f3n 12-1pm agus ar Nuacht TG4 \u00f3n 7pm.","breadcrumb":{"@id":"https:\/\/dev.tg4.ie\/ga\/eolas\/preas\/nuacht-raitis\/2024-2\/vota-2024-beochludach-tg4-ar-thorthai-na-dtoghchan-aitiuil-agus-eorpach-2024\/#breadcrumb"},"inLanguage":"ga","potentialAction":[{"@type":"ReadAction","target":["https:\/\/dev.tg4.ie\/ga\/eolas\/preas\/nuacht-raitis\/2024-2\/vota-2024-beochludach-tg4-ar-thorthai-na-dtoghchan-aitiuil-agus-eorpach-2024\/"]}]},{"@type":"ImageObject","inLanguage":"ga","@id":"https:\/\/dev.tg4.ie\/ga\/eolas\/preas\/nuacht-raitis\/2024-2\/vota-2024-beochludach-tg4-ar-thorthai-na-dtoghchan-aitiuil-agus-eorpach-2024\/#primaryimage","url":"https:\/\/dev.tg4.ie\/wp-content\/uploads\/2024\/06\/Vota2024_3-1920x1080-1.jpg","contentUrl":"https:\/\/dev.tg4.ie\/wp-content\/uploads\/2024\/06\/Vota2024_3-1920x1080-1.jpg"},{"@type":"BreadcrumbList","@id":"https:\/\/dev.tg4.ie\/ga\/eolas\/preas\/nuacht-raitis\/2024-2\/vota-2024-beochludach-tg4-ar-thorthai-na-dtoghchan-aitiuil-agus-eorpach-2024\/#breadcrumb","itemListElement":[{"@type":"ListItem","position":1,"name":"Home","item":"https:\/\/dev.tg4.ie\/ga\/"},{"@type":"ListItem","position":2,"name":"Eolas","item":"https:\/\/dev.tg4.ie\/ga\/eolas\/"},{"@type":"ListItem","position":3,"name":"Preas","item":"https:\/\/dev.tg4.ie\/ga\/eolas\/preas\/"},{"@type":"ListItem","position":4,"name":"Nuacht R\u00e1itis","item":"https:\/\/dev.tg4.ie\/ga\/eolas\/preas\/nuacht-raitis\/"},{"@type":"ListItem","position":5,"name":"2024","item":"https:\/\/dev.tg4.ie\/ga\/eolas\/preas\/nuacht-raitis\/2024-2\/"},{"@type":"ListItem","position":6,"name":"V\u00f3ta 2024 &#8211; Beochl\u00fadach TG4 ar thortha\u00ed na dToghch\u00e1n \u00c1iti\u00fail agus Eorpach 2024"}]},{"@type":"WebSite","@id":"https:\/\/dev.tg4.ie\/en\/#website","url":"https:\/\/dev.tg4.ie\/en\/","name":"TG4","description":"S\u00fail Eile","potentialAction":[{"@type":"SearchAction","target":{"@type":"EntryPoint","urlTemplate":"https:\/\/dev.tg4.ie\/en\/?s={search_term_string}"},"query-input":"required name=search_term_string"}],"inLanguage":"ga"}]}},"_links":{"self":[{"href":"https:\/\/dev.tg4.ie\/ga\/wp-json\/wp\/v2\/pages\/217138"}],"collection":[{"href":"https:\/\/dev.tg4.ie\/ga\/wp-json\/wp\/v2\/pages"}],"about":[{"href":"https:\/\/dev.tg4.ie\/ga\/wp-json\/wp\/v2\/types\/page"}],"author":[{"embeddable":true,"href":"https:\/\/dev.tg4.ie\/ga\/wp-json\/wp\/v2\/users\/876"}],"replies":[{"embeddable":true,"href":"https:\/\/dev.tg4.ie\/ga\/wp-json\/wp\/v2\/comments?post=217138"}],"version-history":[{"count":0,"href":"https:\/\/dev.tg4.ie\/ga\/wp-json\/wp\/v2\/pages\/217138\/revisions"}],"up":[{"embeddable":true,"href":"https:\/\/dev.tg4.ie\/ga\/wp-json\/wp\/v2\/pages\/208148"}],"wp:attachment":[{"href":"https:\/\/dev.tg4.ie\/ga\/wp-json\/wp\/v2\/media?parent=217138"}],"curies":[{"name":"wp","href":"https:\/\/api.w.org\/{rel}","templated":true}]}}