{"id":217532,"date":"2024-06-17T12:07:45","date_gmt":"2024-06-17T11:07:45","guid":{"rendered":"https:\/\/dev.tg4.ie\/?page_id=217532"},"modified":"2024-11-18T15:48:27","modified_gmt":"2024-11-18T15:48:27","slug":"aip-seinnteoir-tg4","status":"publish","type":"page","link":"https:\/\/dev.tg4.ie\/ga\/eolas\/aip-seinnteoir-tg4\/","title":{"rendered":"Aip Seinnteoir TG4"},"content":{"rendered":"<h1>\u00cdosl\u00f3d\u00e1il aip Seinnteoir TG4 anois!<\/h1>\n<p>&nbsp;<\/p>\n<tr>\n<td style=\"text-align: center;\"><a href=\"https:\/\/apps.apple.com\/us\/app\/tg4-player\/id598591024?itsct=apps_box&amp;itscg=30200\" style=\"display: inline-block; overflow: hidden; width: 30%\" target=\"_blank\" rel=\"noopener\"><img decoding=\"async\" 10=\"\" alt=\"Download on the App Store\" src=\"https:\/\/nuachtlitir.tg4.ie\/uploads\/1602757320.png\" style=\"float: left;\" pagespeed_url_hash=\"568442831\" onload=\"pagespeed.CriticalImages.checkImageForCriticality(this);\"\/><\/a> <a href=\"https:\/\/play.google.com\/store\/apps\/details?id=ie.bytes.tg4.tg4videoapp&amp;hl=en&amp;gl=US&amp;pcampaignid=pcampaignidMKT-Other-global-all-co-prtnr-py-PartBadge-Mar2515-1\" style=\"display: inline-block; overflow: hidden; width: 30%\" target=\"_blank\" rel=\"noopener\"><img decoding=\"async\" 10=\"\" alt=\"Get it on Google Play\" src=\"https:\/\/nuachtlitir.tg4.ie\/uploads\/1602755051.png\" style=\"float: right;\" pagespeed_url_hash=\"421070040\" onload=\"pagespeed.CriticalImages.checkImageForCriticality(this);\"\/><\/a><\/td>\n<\/tr>\n","protected":false},"excerpt":{"rendered":"<p>\u00cdosl\u00f3d\u00e1il aip Seinnteoir TG4 anois! &nbsp;<\/p>\n","protected":false},"author":876,"featured_media":0,"parent":103000,"menu_order":1,"comment_status":"closed","ping_status":"closed","template":"page-templates\/template-corporate.php","meta":{"_acf_changed":false,"footnotes":""},"acf":[],"yoast_head":"<!-- This site is optimized with the Yoast SEO plugin v22.6 - https:\/\/yoast.com\/wordpress\/plugins\/seo\/ -->\n<title>Aip Seinnteoir TG4 | TG4<\/title>\n<meta name=\"robots\" content=\"index, follow, max-snippet:-1, max-image-preview:large, max-video-preview:-1\" \/>\n<meta property=\"og:locale\" content=\"en_US\" \/>\n<meta property=\"og:type\" content=\"article\" \/>\n<meta property=\"og:title\" content=\"Aip Seinnteoir TG4 | TG4\" \/>\n<meta property=\"og:description\" content=\"\u00cdosl\u00f3d\u00e1il aip Seinnteoir TG4 anois! &nbsp;\" \/>\n<meta property=\"og:url\" content=\"https:\/\/dev.tg4.ie\/ga\/eolas\/aip-seinnteoir-tg4\/\" \/>\n<meta property=\"og:site_name\" content=\"TG4\" \/>\n<meta property=\"article:publisher\" content=\"https:\/\/www.facebook.com\/TG4TV\" \/>\n<meta property=\"article:modified_time\" content=\"2024-11-18T15:48:27+00:00\" \/>\n<meta property=\"og:image\" content=\"https:\/\/tg4-docs.s3.amazonaws.com\/wp-content\/uploads\/2024\/11\/18151812\/TG4_2024_corcra_teal_1-1920x1080-1.jpg\" \/>\n\t<meta property=\"og:image:width\" content=\"1920\" \/>\n\t<meta property=\"og:image:height\" content=\"1080\" \/>\n\t<meta property=\"og:image:type\" content=\"image\/jpeg\" \/>\n<meta name=\"twitter:card\" content=\"summary_large_image\" \/>\n<meta name=\"twitter:image\" content=\"https:\/\/tg4-docs.s3.amazonaws.com\/wp-content\/uploads\/2024\/11\/18151812\/TG4_2024_corcra_teal_1-1920x1080-1.jpg\" \/>\n<meta name=\"twitter:site\" content=\"@TG4TV\" \/>\n<meta name=\"twitter:label1\" content=\"Est. reading time\" \/>\n\t<meta name=\"twitter:data1\" content=\"1 minute\" \/>\n<script type=\"application\/ld+json\" class=\"yoast-schema-graph\">{\"@context\":\"https:\/\/schema.org\",\"@graph\":[{\"@type\":\"WebPage\",\"@id\":\"https:\/\/dev.tg4.ie\/ga\/eolas\/aip-seinnteoir-tg4\/\",\"url\":\"https:\/\/dev.tg4.ie\/ga\/eolas\/aip-seinnteoir-tg4\/\",\"name\":\"Aip Seinnteoir TG4 | TG4\",\"isPartOf\":{\"@id\":\"https:\/\/dev.tg4.ie\/en\/#website\"},\"primaryImageOfPage\":{\"@id\":\"https:\/\/dev.tg4.ie\/ga\/eolas\/aip-seinnteoir-tg4\/#primaryimage\"},\"image\":{\"@id\":\"https:\/\/dev.tg4.ie\/ga\/eolas\/aip-seinnteoir-tg4\/#primaryimage\"},\"thumbnailUrl\":\"https:\/\/nuachtlitir.tg4.ie\/uploads\/1602757320.png\",\"datePublished\":\"2024-06-17T11:07:45+00:00\",\"dateModified\":\"2024-11-18T15:48:27+00:00\",\"breadcrumb\":{\"@id\":\"https:\/\/dev.tg4.ie\/ga\/eolas\/aip-seinnteoir-tg4\/#breadcrumb\"},\"inLanguage\":\"ga\",\"potentialAction\":[{\"@type\":\"ReadAction\",\"target\":[\"https:\/\/dev.tg4.ie\/ga\/eolas\/aip-seinnteoir-tg4\/\"]}]},{\"@type\":\"ImageObject\",\"inLanguage\":\"ga\",\"@id\":\"https:\/\/dev.tg4.ie\/ga\/eolas\/aip-seinnteoir-tg4\/#primaryimage\",\"url\":\"https:\/\/nuachtlitir.tg4.ie\/uploads\/1602757320.png\",\"contentUrl\":\"https:\/\/nuachtlitir.tg4.ie\/uploads\/1602757320.png\"},{\"@type\":\"BreadcrumbList\",\"@id\":\"https:\/\/dev.tg4.ie\/ga\/eolas\/aip-seinnteoir-tg4\/#breadcrumb\",\"itemListElement\":[{\"@type\":\"ListItem\",\"position\":1,\"name\":\"Home\",\"item\":\"https:\/\/dev.tg4.ie\/ga\/\"},{\"@type\":\"ListItem\",\"position\":2,\"name\":\"Eolas\",\"item\":\"https:\/\/dev.tg4.ie\/ga\/eolas\/\"},{\"@type\":\"ListItem\",\"position\":3,\"name\":\"Aip Seinnteoir TG4\"}]},{\"@type\":\"WebSite\",\"@id\":\"https:\/\/dev.tg4.ie\/en\/#website\",\"url\":\"https:\/\/dev.tg4.ie\/en\/\",\"name\":\"TG4\",\"description\":\"S\u00fail Eile\",\"potentialAction\":[{\"@type\":\"SearchAction\",\"target\":{\"@type\":\"EntryPoint\",\"urlTemplate\":\"https:\/\/dev.tg4.ie\/en\/?s={search_term_string}\"},\"query-input\":\"required name=search_term_string\"}],\"inLanguage\":\"ga\"}]}<\/script>\n<!-- \/ Yoast SEO plugin. -->","yoast_head_json":{"title":"Aip Seinnteoir TG4 | TG4","robots":{"index":"index","follow":"follow","max-snippet":"max-snippet:-1","max-image-preview":"max-image-preview:large","max-video-preview":"max-video-preview:-1"},"og_locale":"en_US","og_type":"article","og_title":"Aip Seinnteoir TG4 | TG4","og_description":"\u00cdosl\u00f3d\u00e1il aip Seinnteoir TG4 anois! &nbsp;","og_url":"https:\/\/dev.tg4.ie\/ga\/eolas\/aip-seinnteoir-tg4\/","og_site_name":"TG4","article_publisher":"https:\/\/www.facebook.com\/TG4TV","article_modified_time":"2024-11-18T15:48:27+00:00","og_image":[{"width":1920,"height":1080,"url":"https:\/\/tg4-docs.s3.amazonaws.com\/wp-content\/uploads\/2024\/11\/18151812\/TG4_2024_corcra_teal_1-1920x1080-1.jpg","type":"image\/jpeg"}],"twitter_card":"summary_large_image","twitter_image":"https:\/\/tg4-docs.s3.amazonaws.com\/wp-content\/uploads\/2024\/11\/18151812\/TG4_2024_corcra_teal_1-1920x1080-1.jpg","twitter_site":"@TG4TV","twitter_misc":{"Est. reading time":"1 minute"},"schema":{"@context":"https:\/\/schema.org","@graph":[{"@type":"WebPage","@id":"https:\/\/dev.tg4.ie\/ga\/eolas\/aip-seinnteoir-tg4\/","url":"https:\/\/dev.tg4.ie\/ga\/eolas\/aip-seinnteoir-tg4\/","name":"Aip Seinnteoir TG4 | TG4","isPartOf":{"@id":"https:\/\/dev.tg4.ie\/en\/#website"},"primaryImageOfPage":{"@id":"https:\/\/dev.tg4.ie\/ga\/eolas\/aip-seinnteoir-tg4\/#primaryimage"},"image":{"@id":"https:\/\/dev.tg4.ie\/ga\/eolas\/aip-seinnteoir-tg4\/#primaryimage"},"thumbnailUrl":"https:\/\/nuachtlitir.tg4.ie\/uploads\/1602757320.png","datePublished":"2024-06-17T11:07:45+00:00","dateModified":"2024-11-18T15:48:27+00:00","breadcrumb":{"@id":"https:\/\/dev.tg4.ie\/ga\/eolas\/aip-seinnteoir-tg4\/#breadcrumb"},"inLanguage":"ga","potentialAction":[{"@type":"ReadAction","target":["https:\/\/dev.tg4.ie\/ga\/eolas\/aip-seinnteoir-tg4\/"]}]},{"@type":"ImageObject","inLanguage":"ga","@id":"https:\/\/dev.tg4.ie\/ga\/eolas\/aip-seinnteoir-tg4\/#primaryimage","url":"https:\/\/nuachtlitir.tg4.ie\/uploads\/1602757320.png","contentUrl":"https:\/\/nuachtlitir.tg4.ie\/uploads\/1602757320.png"},{"@type":"BreadcrumbList","@id":"https:\/\/dev.tg4.ie\/ga\/eolas\/aip-seinnteoir-tg4\/#breadcrumb","itemListElement":[{"@type":"ListItem","position":1,"name":"Home","item":"https:\/\/dev.tg4.ie\/ga\/"},{"@type":"ListItem","position":2,"name":"Eolas","item":"https:\/\/dev.tg4.ie\/ga\/eolas\/"},{"@type":"ListItem","position":3,"name":"Aip Seinnteoir TG4"}]},{"@type":"WebSite","@id":"https:\/\/dev.tg4.ie\/en\/#website","url":"https:\/\/dev.tg4.ie\/en\/","name":"TG4","description":"S\u00fail Eile","potentialAction":[{"@type":"SearchAction","target":{"@type":"EntryPoint","urlTemplate":"https:\/\/dev.tg4.ie\/en\/?s={search_term_string}"},"query-input":"required name=search_term_string"}],"inLanguage":"ga"}]}},"_links":{"self":[{"href":"https:\/\/dev.tg4.ie\/ga\/wp-json\/wp\/v2\/pages\/217532"}],"collection":[{"href":"https:\/\/dev.tg4.ie\/ga\/wp-json\/wp\/v2\/pages"}],"about":[{"href":"https:\/\/dev.tg4.ie\/ga\/wp-json\/wp\/v2\/types\/page"}],"author":[{"embeddable":true,"href":"https:\/\/dev.tg4.ie\/ga\/wp-json\/wp\/v2\/users\/876"}],"replies":[{"embeddable":true,"href":"https:\/\/dev.tg4.ie\/ga\/wp-json\/wp\/v2\/comments?post=217532"}],"version-history":[{"count":0,"href":"https:\/\/dev.tg4.ie\/ga\/wp-json\/wp\/v2\/pages\/217532\/revisions"}],"up":[{"embeddable":true,"href":"https:\/\/dev.tg4.ie\/ga\/wp-json\/wp\/v2\/pages\/103000"}],"wp:attachment":[{"href":"https:\/\/dev.tg4.ie\/ga\/wp-json\/wp\/v2\/media?parent=217532"}],"curies":[{"name":"wp","href":"https:\/\/api.w.org\/{rel}","templated":true}]}}