{"id":217566,"date":"2024-06-18T13:36:55","date_gmt":"2024-06-18T12:36:55","guid":{"rendered":"https:\/\/dev.tg4.ie\/?page_id=217566"},"modified":"2024-06-18T13:36:55","modified_gmt":"2024-06-18T12:36:55","slug":"amuigh-24-cul-staitse-clar-dirithe-ar-amuigh-24-chruinniu-na-nog-i-gco-na-gaillimhe","status":"publish","type":"page","link":"https:\/\/dev.tg4.ie\/ga\/eolas\/preas\/nuacht-raitis\/2024-2\/amuigh-24-cul-staitse-clar-dirithe-ar-amuigh-24-chruinniu-na-nog-i-gco-na-gaillimhe\/","title":{"rendered":"&#8216;Amuigh 24 &#8211; C\u00fal St\u00e1itse\u2019 &#8211; Cl\u00e1r d\u00edrithe ar \u2018Amuigh 24\u2019 Chruinni\u00fa na n\u00d3g i gCo. na Gaillimhe ina l\u00e9ir\u00edtear nithe a tharla\u00edonn ar ch\u00fal an st\u00e1itse"},"content":{"rendered":"<table>\n<tbody>\n<tr>\n<td width=\"50%\">\n  <img loading=\"lazy\" decoding=\"async\" width=\"1618\" height=\"1080\" src=\"https:\/\/tg4-docs.s3.amazonaws.com\/wp-content\/uploads\/2024\/06\/18132845\/Amuigh24_1-1080h.jpg\" alt=\"\" class=\"alignnone size-full wp-image-217573\" srcset=\"https:\/\/tg4-docs.s3.amazonaws.com\/wp-content\/uploads\/2024\/06\/18132845\/Amuigh24_1-1080h.jpg 1618w, https:\/\/tg4-docs.s3.amazonaws.com\/wp-content\/uploads\/2024\/06\/18132845\/Amuigh24_1-1080h-250x167.jpg 250w, https:\/\/tg4-docs.s3.amazonaws.com\/wp-content\/uploads\/2024\/06\/18132845\/Amuigh24_1-1080h-700x467.jpg 700w, https:\/\/tg4-docs.s3.amazonaws.com\/wp-content\/uploads\/2024\/06\/18132845\/Amuigh24_1-1080h-211x141.jpg 211w, https:\/\/tg4-docs.s3.amazonaws.com\/wp-content\/uploads\/2024\/06\/18132845\/Amuigh24_1-1080h-1536x1025.jpg 1536w, https:\/\/tg4-docs.s3.amazonaws.com\/wp-content\/uploads\/2024\/06\/18132845\/Amuigh24_1-1080h-120x80.jpg 120w\" sizes=\"(max-width: 1618px) 100vw, 1618px\" \/>\n<\/td>\n<td width=\"50%\">\n  <img loading=\"lazy\" decoding=\"async\" width=\"1618\" height=\"1080\" src=\"https:\/\/tg4-docs.s3.amazonaws.com\/wp-content\/uploads\/2024\/06\/18132848\/Amuigh24_2-1080h.jpg\" alt=\"\" class=\"alignnone size-full wp-image-217574\" srcset=\"https:\/\/tg4-docs.s3.amazonaws.com\/wp-content\/uploads\/2024\/06\/18132848\/Amuigh24_2-1080h.jpg 1618w, https:\/\/tg4-docs.s3.amazonaws.com\/wp-content\/uploads\/2024\/06\/18132848\/Amuigh24_2-1080h-250x167.jpg 250w, https:\/\/tg4-docs.s3.amazonaws.com\/wp-content\/uploads\/2024\/06\/18132848\/Amuigh24_2-1080h-700x467.jpg 700w, https:\/\/tg4-docs.s3.amazonaws.com\/wp-content\/uploads\/2024\/06\/18132848\/Amuigh24_2-1080h-211x141.jpg 211w, https:\/\/tg4-docs.s3.amazonaws.com\/wp-content\/uploads\/2024\/06\/18132848\/Amuigh24_2-1080h-1536x1025.jpg 1536w, https:\/\/tg4-docs.s3.amazonaws.com\/wp-content\/uploads\/2024\/06\/18132848\/Amuigh24_2-1080h-120x80.jpg 120w\" sizes=\"(max-width: 1618px) 100vw, 1618px\" \/>\n<\/td>\n<\/tr>\n<\/tbody>\n<\/table>\n<p><sup>Picti\u00fair: L\u00e1ithreoir C\u00fala4 Niamh N\u00ed Chr\u00f3in\u00edn; Dj Ferdilicious le Niamh N\u00ed Chr\u00f3in\u00edn<\/sup><\/p>\n<p>&nbsp;<\/p>\n<p>\u00c1bhar br\u00f3id do Ch\u00fala4 agus TG4 cl\u00e1r speisialta leathuair an chloig a chur ar f\u00e1il ina l\u00e9ir\u00edtear nithe a thiteann amach ar ch\u00fal an st\u00e1itse ag &#8216;Amuigh 24,&#8217; f\u00e9ile bhr\u00edomhar aon l\u00e1 amh\u00e1in don teaghlach arna chur ar si\u00fal ag F\u00edb\u00edn mar chuid de Chruinni\u00fa na n\u00d3g 2024 an 15 Meitheamh i mBaile na hAbhann, Co. na Gaillimhe.<br \/>\n&nbsp;<br \/>\nTar i gcomhluadar Niamh U\u00ed Chr\u00f3in\u00edn ar C\u00fala4 agus an lucht f\u00e9achana \u00e1 dtabhairt ar ch\u00fal an st\u00e1itse aici chun l\u00e9argas a fh\u00e1il ar an m\u00e9id a bh\u00edonn ar si\u00fal ann agus comhr\u00e1 \u00e1 dh\u00e9anamh le roinnt de na hoirfidigh s\u00e1rchumasacha a bh\u00ed ar an ard\u00e1n ag an \u00f3c\u00e1id iontach seo.<br \/>\n&nbsp;<br \/>\nRinneadh ceili\u00faradh le &#8216;Amuigh 24&#8217; ar an gcruthaitheacht, ar an eala\u00edn agus ar an gcur i l\u00e1thair, an se\u00f3 ar fad d\u00edrithe ar leana\u00ed agus ar \u00f3g\u00e1naigh \u00f3 0 \u2013 18 mbliana d&#8217;aois. Leagadh cl\u00e1r s\u00e1reagraithe amach don fh\u00e9ile, suite i gceantair sc\u00e9imhi\u00fala Ghaeltachta, le ceardlanna idirghn\u00edomha\u00edochta, l\u00e9iri\u00fa agus taispe\u00e1ntais eala\u00edonta agus cur i l\u00e1thair beo.<br \/>\n&nbsp;<br \/>\nGheobhaidh lucht f\u00e9achana C\u00fala4 amharc speisialta ar chro\u00edl\u00e1r &#8216;Amuigh 24,&#8217; le hagallaimh le s\u00e1roirfidigh de leith\u00e9id Jessica McKean, a bh\u00ed san ioma\u00edocht in Junior Eurovision, Trad Rave, agus Colm Seoighe &#038; na hEas\u00f3ga\u00ed. Gn\u00e9ithe suntasacha eile den fh\u00e9ile na ceardlanna agus se\u00f3nna eile a chuir Circus le Cro\u00ed, Trish Forde, Laureate na n\u00d3g agus Leabhair Leana\u00ed \u00c9ireann, i measc dreamanna eile, ar si\u00fal.<br \/>\n&nbsp;<br \/>\nBh\u00ed de chusp\u00f3ir leis an bhf\u00e9ile an tsamhla\u00edocht a spreagadh agus an cumas a choth\u00fa chomh maith le taitneamh ar feadh an tsaoil as \u00e1bhar cruthaitheachta agus cult\u00fair. Tr\u00ed rannph\u00e1irt\u00edocht ghn\u00edomhach agus fiosr\u00fa a spreagadh, chuir &#8216;Amuigh 24&#8217; ar chumas dhaoine \u00f3ga iad f\u00e9in a chur in i\u00fal, sp\u00e9is a chur san oidhreacht chult\u00fair agus caidreamh a cheangal le daoine d\u00e1 gcomhaois f\u00e9in i dtimpeallacht soicheallach br\u00edomhar.<br \/>\n&nbsp;<br \/>\nD\u00fairt <strong>Karina Feirt\u00e9ar, Bainisteoir Cain\u00e9il C\u00fala4<\/strong>, , <em>&#8220;Is c\u00fais r\u00edm\u00e9id d\u00fainn beocht &#8216;Amuigh 24&#8217; a chur i l\u00e1thair ar C\u00fala4. N\u00ed h\u00e9 amh\u00e1in go nd\u00e9antar ceili\u00faradh leis an bhf\u00e9ile seo ar chruthaitheacht dhoshrianta \u00f3ige na h\u00c9ireann, crutha\u00edtear timpeallacht ch\u00f3iri\u00fail freisin ina bhf\u00e9adann sin a theacht faoi bhl\u00e1th. T\u00e1 creideamh l\u00e1idir ag C\u00fala4 in acmhainn na heala\u00edne maidir le spreagadh, oideachas agus f\u00e9inmhuin\u00edn agus tugtar cuireadh do theaghlaigh ar fud na Gaeltachta a bheith in \u00e9ineacht linn don cheili\u00faradh seo.&#8221;<\/em><br \/>\n&nbsp;<br \/>\nCuireann &#8216;Amuigh 24&#8217; f\u00e1ilte chro\u00ed\u00fail roimh dhaoine \u00f3ga ar fud na gceantar Gaeltachta ar fad agus p\u00e1irt \u00e1 ghlacadh acu sa cheili\u00faradh iontach seo ar \u00e1bhar cruthaitheachta agus cult\u00fair. M\u00e1s ag freastal ar cheardlanna a bh\u00edothas, n\u00f3 i l\u00e1thair ag se\u00f3 beo, n\u00f3 ag blaiseadh den atmaisf\u00e9ar br\u00edomhar, bhain gach a dt\u00e1inig i l\u00e1thair taitneamh i rith an lae as \u00e1bhar spreagtha, eolais agus siamsa don uile dhuine den teaghlach.<br \/>\n&nbsp;<br \/>\n<strong>B\u00ed ag faire ar C\u00fala4 D\u00e9 Sathairn, an 22 Meitheamh ag a 6 i.n. nuair a athchruth\u00f3far an dra\u00edocht a bhain le &#8216;Amuigh 24&#8217; agus feicfidh t\u00fa an s\u00e1rchumas cruthaitheachta at\u00e1 sna daoine \u00f3ga. <\/p>\n<p>B\u00ed Cr\u00f3ga! B\u00ed Cruthaitheach! (B\u00edodh s\u00e9 de Mhisneach agat a bheith Cruthaitheach)<\/strong><br \/>\n&nbsp;<br \/>\n&nbsp;<br \/>\n F\u00e9ach ar l\u00e1ithre\u00e1n gr\u00e9as\u00e1in \u00c9ire Ild\u00e1nach ANSEO <a href=\"https:\/\/cruinniu.creativeireland.gov.ie\/event\/amuigh-24\/\" rel=\"noopener\" target=\"_blank\">https:\/\/cruinniu.creativeireland.gov.ie\/event\/amuigh-24\/<\/a><br \/>\n&nbsp;<br \/>\n **Maidir le Cruinni\u00fa na n\u00d3g:** &#8211; Is \u00e9 Cruinni\u00fa na n\u00d3g l\u00e1 n\u00e1isi\u00fanta na h\u00c9ireann maidir le cruthaitheacht saor in aisce do leana\u00ed agus do dhaoine \u00f3ga. F\u00e9achtar le ceili\u00faradh a dh\u00e9anamh ar fud na t\u00edre ar bhearta\u00edocht cult\u00fair agus cruthaitheachta agus rannph\u00e1irt\u00edocht a spreagadh tr\u00ed r\u00e9imse fairsing \u00e9ags\u00fail imeachta\u00ed agus \u00f3c\u00e1id\u00ed a chur ar si\u00fal.<\/p>\n<p>**Maidir le C\u00fala4:** &#8211; Is bealach teilif\u00edse Gaeilge do dhaoine \u00f3ga C\u00fala4 ar a mb\u00edonn cl\u00e1racha ardchaighde\u00e1in ar f\u00e1il at\u00e1 ina n-\u00e1bhar siamsa agus oideachais agus ina spreagadh maidir le gean ag daoine \u00f3ga ar an nGaeilge.<br \/>\n&nbsp;<br \/>\n&nbsp;<br \/>\n<strong>C\u00fala4 le f\u00e1il anseo:<\/strong><\/p>\n<p>Saorview &#8211; 18, <\/p>\n<p>Sky Glass &#8211; 202 or 213<\/p>\n<p>Sky Q &#8211; 627 or 624<\/p>\n<p>Virgin Media &#8211; 602<\/p>\n<p>Eir<\/p>\n<p>Cula4.com<br \/>\n&nbsp;<br \/>\n&nbsp;<br \/>\n<center><strong>&#8216;Amuigh 24 &#8211; C\u00fal St\u00e1itse\u2019  <\/p>\n<p>C\u00fala4 agus seinnteoir C\u00fala4 &#8211; Cula4.com &#8211; D\u00e9 Sathairn 22 Meitheamh ag a 6 i.n<\/strong><\/center><br \/>\n&nbsp;<br \/>\n&nbsp;<\/p>\n","protected":false},"excerpt":{"rendered":"<p>Picti\u00fair: L\u00e1ithreoir C\u00fala4 Niamh N\u00ed Chr\u00f3in\u00edn; Dj Ferdilicious le Niamh N\u00ed Chr\u00f3in\u00edn &nbsp; \u00c1bhar br\u00f3id do Ch\u00fala4 agus TG4 cl\u00e1r speisialta leathuair an chloig a chur ar f\u00e1il ina l\u00e9ir\u00edtear nithe a thiteann amach ar ch\u00fal an st\u00e1itse ag &#8216;Amuigh 24,&#8217; f\u00e9ile bhr\u00edomhar aon l\u00e1 amh\u00e1in don teaghlach arna chur ar si\u00fal ag F\u00edb\u00edn mar [&hellip;]<\/p>\n","protected":false},"author":876,"featured_media":0,"parent":208148,"menu_order":15,"comment_status":"closed","ping_status":"closed","template":"page-templates\/template-pr.php","meta":{"_acf_changed":false,"footnotes":""},"acf":[],"yoast_head":"<!-- This site is optimized with the Yoast SEO plugin v22.6 - https:\/\/yoast.com\/wordpress\/plugins\/seo\/ -->\n<title>&#039;Amuigh 24 - C\u00fal St\u00e1itse\u2019 - Cl\u00e1r d\u00edrithe ar \u2018Amuigh 24\u2019 Chruinni\u00fa na n\u00d3g i gCo. na Gaillimhe ina l\u00e9ir\u00edtear nithe a tharla\u00edonn ar ch\u00fal an st\u00e1itse | Preas R\u00e1iteas | TG4<\/title>\n<meta name=\"description\" content=\"\u00c1bhar br\u00f3id do Ch\u00fala4 agus TG4 cl\u00e1r speisialta leathuair an chloig a chur ar f\u00e1il ina l\u00e9ir\u00edtear nithe a thiteann amach ar ch\u00fal an st\u00e1itse ag &#039;Amuigh 24,&#039; f\u00e9ile bhr\u00edomhar aon l\u00e1 amh\u00e1in don teaghlach arna chur ar si\u00fal ag F\u00edb\u00edn mar chuid de Chruinni\u00fa na n\u00d3g 2024 an 15 Meitheamh i mBaile na hAbhann, Co. na Gaillimhe.\" \/>\n<meta name=\"robots\" content=\"index, follow, max-snippet:-1, max-image-preview:large, max-video-preview:-1\" \/>\n<meta property=\"og:locale\" content=\"en_US\" \/>\n<meta property=\"og:type\" content=\"article\" \/>\n<meta property=\"og:title\" content=\"&#039;Amuigh 24 - C\u00fal St\u00e1itse\u2019 - Cl\u00e1r d\u00edrithe ar \u2018Amuigh 24\u2019 Chruinni\u00fa na n\u00d3g i gCo. na Gaillimhe ina l\u00e9ir\u00edtear nithe a tharla\u00edonn ar ch\u00fal an st\u00e1itse | Preas R\u00e1iteas | TG4\" \/>\n<meta property=\"og:description\" content=\"\u00c1bhar br\u00f3id do Ch\u00fala4 agus TG4 cl\u00e1r speisialta leathuair an chloig a chur ar f\u00e1il ina l\u00e9ir\u00edtear nithe a thiteann amach ar ch\u00fal an st\u00e1itse ag &#039;Amuigh 24,&#039; f\u00e9ile bhr\u00edomhar aon l\u00e1 amh\u00e1in don teaghlach arna chur ar si\u00fal ag F\u00edb\u00edn mar chuid de Chruinni\u00fa na n\u00d3g 2024 an 15 Meitheamh i mBaile na hAbhann, Co. na Gaillimhe.\" \/>\n<meta property=\"og:url\" content=\"https:\/\/dev.tg4.ie\/ga\/eolas\/preas\/nuacht-raitis\/2024-2\/amuigh-24-cul-staitse-clar-dirithe-ar-amuigh-24-chruinniu-na-nog-i-gco-na-gaillimhe\/\" \/>\n<meta property=\"og:site_name\" content=\"TG4\" \/>\n<meta property=\"article:publisher\" content=\"https:\/\/www.facebook.com\/TG4TV\" \/>\n<meta property=\"og:image\" content=\"https:\/\/dev.tg4.ie\/wp-content\/uploads\/2024\/06\/Amuigh24_1-1080h.jpg\" \/>\n<meta name=\"twitter:card\" content=\"summary_large_image\" \/>\n<meta name=\"twitter:site\" content=\"@TG4TV\" \/>\n<meta name=\"twitter:label1\" content=\"Est. reading time\" \/>\n\t<meta name=\"twitter:data1\" content=\"4 minutes\" \/>\n<script type=\"application\/ld+json\" class=\"yoast-schema-graph\">{\"@context\":\"https:\/\/schema.org\",\"@graph\":[{\"@type\":\"WebPage\",\"@id\":\"https:\/\/dev.tg4.ie\/ga\/eolas\/preas\/nuacht-raitis\/2024-2\/amuigh-24-cul-staitse-clar-dirithe-ar-amuigh-24-chruinniu-na-nog-i-gco-na-gaillimhe\/\",\"url\":\"https:\/\/dev.tg4.ie\/ga\/eolas\/preas\/nuacht-raitis\/2024-2\/amuigh-24-cul-staitse-clar-dirithe-ar-amuigh-24-chruinniu-na-nog-i-gco-na-gaillimhe\/\",\"name\":\"'Amuigh 24 - C\u00fal St\u00e1itse\u2019 - Cl\u00e1r d\u00edrithe ar \u2018Amuigh 24\u2019 Chruinni\u00fa na n\u00d3g i gCo. na Gaillimhe ina l\u00e9ir\u00edtear nithe a tharla\u00edonn ar ch\u00fal an st\u00e1itse | Preas R\u00e1iteas | TG4\",\"isPartOf\":{\"@id\":\"https:\/\/dev.tg4.ie\/en\/#website\"},\"primaryImageOfPage\":{\"@id\":\"https:\/\/dev.tg4.ie\/ga\/eolas\/preas\/nuacht-raitis\/2024-2\/amuigh-24-cul-staitse-clar-dirithe-ar-amuigh-24-chruinniu-na-nog-i-gco-na-gaillimhe\/#primaryimage\"},\"image\":{\"@id\":\"https:\/\/dev.tg4.ie\/ga\/eolas\/preas\/nuacht-raitis\/2024-2\/amuigh-24-cul-staitse-clar-dirithe-ar-amuigh-24-chruinniu-na-nog-i-gco-na-gaillimhe\/#primaryimage\"},\"thumbnailUrl\":\"https:\/\/dev.tg4.ie\/wp-content\/uploads\/2024\/06\/Amuigh24_1-1080h.jpg\",\"datePublished\":\"2024-06-18T12:36:55+00:00\",\"dateModified\":\"2024-06-18T12:36:55+00:00\",\"description\":\"\u00c1bhar br\u00f3id do Ch\u00fala4 agus TG4 cl\u00e1r speisialta leathuair an chloig a chur ar f\u00e1il ina l\u00e9ir\u00edtear nithe a thiteann amach ar ch\u00fal an st\u00e1itse ag 'Amuigh 24,' f\u00e9ile bhr\u00edomhar aon l\u00e1 amh\u00e1in don teaghlach arna chur ar si\u00fal ag F\u00edb\u00edn mar chuid de Chruinni\u00fa na n\u00d3g 2024 an 15 Meitheamh i mBaile na hAbhann, Co. na Gaillimhe.\",\"breadcrumb\":{\"@id\":\"https:\/\/dev.tg4.ie\/ga\/eolas\/preas\/nuacht-raitis\/2024-2\/amuigh-24-cul-staitse-clar-dirithe-ar-amuigh-24-chruinniu-na-nog-i-gco-na-gaillimhe\/#breadcrumb\"},\"inLanguage\":\"ga\",\"potentialAction\":[{\"@type\":\"ReadAction\",\"target\":[\"https:\/\/dev.tg4.ie\/ga\/eolas\/preas\/nuacht-raitis\/2024-2\/amuigh-24-cul-staitse-clar-dirithe-ar-amuigh-24-chruinniu-na-nog-i-gco-na-gaillimhe\/\"]}]},{\"@type\":\"ImageObject\",\"inLanguage\":\"ga\",\"@id\":\"https:\/\/dev.tg4.ie\/ga\/eolas\/preas\/nuacht-raitis\/2024-2\/amuigh-24-cul-staitse-clar-dirithe-ar-amuigh-24-chruinniu-na-nog-i-gco-na-gaillimhe\/#primaryimage\",\"url\":\"https:\/\/dev.tg4.ie\/wp-content\/uploads\/2024\/06\/Amuigh24_1-1080h.jpg\",\"contentUrl\":\"https:\/\/dev.tg4.ie\/wp-content\/uploads\/2024\/06\/Amuigh24_1-1080h.jpg\"},{\"@type\":\"BreadcrumbList\",\"@id\":\"https:\/\/dev.tg4.ie\/ga\/eolas\/preas\/nuacht-raitis\/2024-2\/amuigh-24-cul-staitse-clar-dirithe-ar-amuigh-24-chruinniu-na-nog-i-gco-na-gaillimhe\/#breadcrumb\",\"itemListElement\":[{\"@type\":\"ListItem\",\"position\":1,\"name\":\"Home\",\"item\":\"https:\/\/dev.tg4.ie\/ga\/\"},{\"@type\":\"ListItem\",\"position\":2,\"name\":\"Eolas\",\"item\":\"https:\/\/dev.tg4.ie\/ga\/eolas\/\"},{\"@type\":\"ListItem\",\"position\":3,\"name\":\"Preas\",\"item\":\"https:\/\/dev.tg4.ie\/ga\/eolas\/preas\/\"},{\"@type\":\"ListItem\",\"position\":4,\"name\":\"Nuacht R\u00e1itis\",\"item\":\"https:\/\/dev.tg4.ie\/ga\/eolas\/preas\/nuacht-raitis\/\"},{\"@type\":\"ListItem\",\"position\":5,\"name\":\"2024\",\"item\":\"https:\/\/dev.tg4.ie\/ga\/eolas\/preas\/nuacht-raitis\/2024-2\/\"},{\"@type\":\"ListItem\",\"position\":6,\"name\":\"&#8216;Amuigh 24 &#8211; C\u00fal St\u00e1itse\u2019 &#8211; Cl\u00e1r d\u00edrithe ar \u2018Amuigh 24\u2019 Chruinni\u00fa na n\u00d3g i gCo. na Gaillimhe ina l\u00e9ir\u00edtear nithe a tharla\u00edonn ar ch\u00fal an st\u00e1itse\"}]},{\"@type\":\"WebSite\",\"@id\":\"https:\/\/dev.tg4.ie\/en\/#website\",\"url\":\"https:\/\/dev.tg4.ie\/en\/\",\"name\":\"TG4\",\"description\":\"S\u00fail Eile\",\"potentialAction\":[{\"@type\":\"SearchAction\",\"target\":{\"@type\":\"EntryPoint\",\"urlTemplate\":\"https:\/\/dev.tg4.ie\/en\/?s={search_term_string}\"},\"query-input\":\"required name=search_term_string\"}],\"inLanguage\":\"ga\"}]}<\/script>\n<!-- \/ Yoast SEO plugin. -->","yoast_head_json":{"title":"'Amuigh 24 - C\u00fal St\u00e1itse\u2019 - Cl\u00e1r d\u00edrithe ar \u2018Amuigh 24\u2019 Chruinni\u00fa na n\u00d3g i gCo. na Gaillimhe ina l\u00e9ir\u00edtear nithe a tharla\u00edonn ar ch\u00fal an st\u00e1itse | Preas R\u00e1iteas | TG4","description":"\u00c1bhar br\u00f3id do Ch\u00fala4 agus TG4 cl\u00e1r speisialta leathuair an chloig a chur ar f\u00e1il ina l\u00e9ir\u00edtear nithe a thiteann amach ar ch\u00fal an st\u00e1itse ag 'Amuigh 24,' f\u00e9ile bhr\u00edomhar aon l\u00e1 amh\u00e1in don teaghlach arna chur ar si\u00fal ag F\u00edb\u00edn mar chuid de Chruinni\u00fa na n\u00d3g 2024 an 15 Meitheamh i mBaile na hAbhann, Co. na Gaillimhe.","robots":{"index":"index","follow":"follow","max-snippet":"max-snippet:-1","max-image-preview":"max-image-preview:large","max-video-preview":"max-video-preview:-1"},"og_locale":"en_US","og_type":"article","og_title":"'Amuigh 24 - C\u00fal St\u00e1itse\u2019 - Cl\u00e1r d\u00edrithe ar \u2018Amuigh 24\u2019 Chruinni\u00fa na n\u00d3g i gCo. na Gaillimhe ina l\u00e9ir\u00edtear nithe a tharla\u00edonn ar ch\u00fal an st\u00e1itse | Preas R\u00e1iteas | TG4","og_description":"\u00c1bhar br\u00f3id do Ch\u00fala4 agus TG4 cl\u00e1r speisialta leathuair an chloig a chur ar f\u00e1il ina l\u00e9ir\u00edtear nithe a thiteann amach ar ch\u00fal an st\u00e1itse ag 'Amuigh 24,' f\u00e9ile bhr\u00edomhar aon l\u00e1 amh\u00e1in don teaghlach arna chur ar si\u00fal ag F\u00edb\u00edn mar chuid de Chruinni\u00fa na n\u00d3g 2024 an 15 Meitheamh i mBaile na hAbhann, Co. na Gaillimhe.","og_url":"https:\/\/dev.tg4.ie\/ga\/eolas\/preas\/nuacht-raitis\/2024-2\/amuigh-24-cul-staitse-clar-dirithe-ar-amuigh-24-chruinniu-na-nog-i-gco-na-gaillimhe\/","og_site_name":"TG4","article_publisher":"https:\/\/www.facebook.com\/TG4TV","og_image":[{"url":"https:\/\/dev.tg4.ie\/wp-content\/uploads\/2024\/06\/Amuigh24_1-1080h.jpg"}],"twitter_card":"summary_large_image","twitter_site":"@TG4TV","twitter_misc":{"Est. reading time":"4 minutes"},"schema":{"@context":"https:\/\/schema.org","@graph":[{"@type":"WebPage","@id":"https:\/\/dev.tg4.ie\/ga\/eolas\/preas\/nuacht-raitis\/2024-2\/amuigh-24-cul-staitse-clar-dirithe-ar-amuigh-24-chruinniu-na-nog-i-gco-na-gaillimhe\/","url":"https:\/\/dev.tg4.ie\/ga\/eolas\/preas\/nuacht-raitis\/2024-2\/amuigh-24-cul-staitse-clar-dirithe-ar-amuigh-24-chruinniu-na-nog-i-gco-na-gaillimhe\/","name":"'Amuigh 24 - C\u00fal St\u00e1itse\u2019 - Cl\u00e1r d\u00edrithe ar \u2018Amuigh 24\u2019 Chruinni\u00fa na n\u00d3g i gCo. na Gaillimhe ina l\u00e9ir\u00edtear nithe a tharla\u00edonn ar ch\u00fal an st\u00e1itse | Preas R\u00e1iteas | TG4","isPartOf":{"@id":"https:\/\/dev.tg4.ie\/en\/#website"},"primaryImageOfPage":{"@id":"https:\/\/dev.tg4.ie\/ga\/eolas\/preas\/nuacht-raitis\/2024-2\/amuigh-24-cul-staitse-clar-dirithe-ar-amuigh-24-chruinniu-na-nog-i-gco-na-gaillimhe\/#primaryimage"},"image":{"@id":"https:\/\/dev.tg4.ie\/ga\/eolas\/preas\/nuacht-raitis\/2024-2\/amuigh-24-cul-staitse-clar-dirithe-ar-amuigh-24-chruinniu-na-nog-i-gco-na-gaillimhe\/#primaryimage"},"thumbnailUrl":"https:\/\/dev.tg4.ie\/wp-content\/uploads\/2024\/06\/Amuigh24_1-1080h.jpg","datePublished":"2024-06-18T12:36:55+00:00","dateModified":"2024-06-18T12:36:55+00:00","description":"\u00c1bhar br\u00f3id do Ch\u00fala4 agus TG4 cl\u00e1r speisialta leathuair an chloig a chur ar f\u00e1il ina l\u00e9ir\u00edtear nithe a thiteann amach ar ch\u00fal an st\u00e1itse ag 'Amuigh 24,' f\u00e9ile bhr\u00edomhar aon l\u00e1 amh\u00e1in don teaghlach arna chur ar si\u00fal ag F\u00edb\u00edn mar chuid de Chruinni\u00fa na n\u00d3g 2024 an 15 Meitheamh i mBaile na hAbhann, Co. na Gaillimhe.","breadcrumb":{"@id":"https:\/\/dev.tg4.ie\/ga\/eolas\/preas\/nuacht-raitis\/2024-2\/amuigh-24-cul-staitse-clar-dirithe-ar-amuigh-24-chruinniu-na-nog-i-gco-na-gaillimhe\/#breadcrumb"},"inLanguage":"ga","potentialAction":[{"@type":"ReadAction","target":["https:\/\/dev.tg4.ie\/ga\/eolas\/preas\/nuacht-raitis\/2024-2\/amuigh-24-cul-staitse-clar-dirithe-ar-amuigh-24-chruinniu-na-nog-i-gco-na-gaillimhe\/"]}]},{"@type":"ImageObject","inLanguage":"ga","@id":"https:\/\/dev.tg4.ie\/ga\/eolas\/preas\/nuacht-raitis\/2024-2\/amuigh-24-cul-staitse-clar-dirithe-ar-amuigh-24-chruinniu-na-nog-i-gco-na-gaillimhe\/#primaryimage","url":"https:\/\/dev.tg4.ie\/wp-content\/uploads\/2024\/06\/Amuigh24_1-1080h.jpg","contentUrl":"https:\/\/dev.tg4.ie\/wp-content\/uploads\/2024\/06\/Amuigh24_1-1080h.jpg"},{"@type":"BreadcrumbList","@id":"https:\/\/dev.tg4.ie\/ga\/eolas\/preas\/nuacht-raitis\/2024-2\/amuigh-24-cul-staitse-clar-dirithe-ar-amuigh-24-chruinniu-na-nog-i-gco-na-gaillimhe\/#breadcrumb","itemListElement":[{"@type":"ListItem","position":1,"name":"Home","item":"https:\/\/dev.tg4.ie\/ga\/"},{"@type":"ListItem","position":2,"name":"Eolas","item":"https:\/\/dev.tg4.ie\/ga\/eolas\/"},{"@type":"ListItem","position":3,"name":"Preas","item":"https:\/\/dev.tg4.ie\/ga\/eolas\/preas\/"},{"@type":"ListItem","position":4,"name":"Nuacht R\u00e1itis","item":"https:\/\/dev.tg4.ie\/ga\/eolas\/preas\/nuacht-raitis\/"},{"@type":"ListItem","position":5,"name":"2024","item":"https:\/\/dev.tg4.ie\/ga\/eolas\/preas\/nuacht-raitis\/2024-2\/"},{"@type":"ListItem","position":6,"name":"&#8216;Amuigh 24 &#8211; C\u00fal St\u00e1itse\u2019 &#8211; Cl\u00e1r d\u00edrithe ar \u2018Amuigh 24\u2019 Chruinni\u00fa na n\u00d3g i gCo. na Gaillimhe ina l\u00e9ir\u00edtear nithe a tharla\u00edonn ar ch\u00fal an st\u00e1itse"}]},{"@type":"WebSite","@id":"https:\/\/dev.tg4.ie\/en\/#website","url":"https:\/\/dev.tg4.ie\/en\/","name":"TG4","description":"S\u00fail Eile","potentialAction":[{"@type":"SearchAction","target":{"@type":"EntryPoint","urlTemplate":"https:\/\/dev.tg4.ie\/en\/?s={search_term_string}"},"query-input":"required name=search_term_string"}],"inLanguage":"ga"}]}},"_links":{"self":[{"href":"https:\/\/dev.tg4.ie\/ga\/wp-json\/wp\/v2\/pages\/217566"}],"collection":[{"href":"https:\/\/dev.tg4.ie\/ga\/wp-json\/wp\/v2\/pages"}],"about":[{"href":"https:\/\/dev.tg4.ie\/ga\/wp-json\/wp\/v2\/types\/page"}],"author":[{"embeddable":true,"href":"https:\/\/dev.tg4.ie\/ga\/wp-json\/wp\/v2\/users\/876"}],"replies":[{"embeddable":true,"href":"https:\/\/dev.tg4.ie\/ga\/wp-json\/wp\/v2\/comments?post=217566"}],"version-history":[{"count":0,"href":"https:\/\/dev.tg4.ie\/ga\/wp-json\/wp\/v2\/pages\/217566\/revisions"}],"up":[{"embeddable":true,"href":"https:\/\/dev.tg4.ie\/ga\/wp-json\/wp\/v2\/pages\/208148"}],"wp:attachment":[{"href":"https:\/\/dev.tg4.ie\/ga\/wp-json\/wp\/v2\/media?parent=217566"}],"curies":[{"name":"wp","href":"https:\/\/api.w.org\/{rel}","templated":true}]}}