{"id":217604,"date":"2024-06-19T12:33:48","date_gmt":"2024-06-19T11:33:48","guid":{"rendered":"https:\/\/dev.tg4.ie\/?page_id=217604"},"modified":"2024-06-19T12:33:48","modified_gmt":"2024-06-19T11:33:48","slug":"an-tour-de-france-ar-tg4-o-de-sathairn-an-29-meitheamh","status":"publish","type":"page","link":"https:\/\/dev.tg4.ie\/ga\/eolas\/preas\/nuacht-raitis\/2024-2\/an-tour-de-france-ar-tg4-o-de-sathairn-an-29-meitheamh\/","title":{"rendered":"An Tour de France ar TG4 \u00f3 D\u00e9 Sathairn an 29 Meitheamh"},"content":{"rendered":"<p><img loading=\"lazy\" decoding=\"async\" width=\"1280\" height=\"720\" src=\"https:\/\/tg4-docs.s3.amazonaws.com\/wp-content\/uploads\/2024\/06\/19122235\/TG4_Rothaiocht_2024_1-1280x720-1.jpg\" alt=\"\" class=\"alignnone size-full wp-image-217607\" srcset=\"https:\/\/tg4-docs.s3.amazonaws.com\/wp-content\/uploads\/2024\/06\/19122235\/TG4_Rothaiocht_2024_1-1280x720-1.jpg 1280w, https:\/\/tg4-docs.s3.amazonaws.com\/wp-content\/uploads\/2024\/06\/19122235\/TG4_Rothaiocht_2024_1-1280x720-1-250x141.jpg 250w, https:\/\/tg4-docs.s3.amazonaws.com\/wp-content\/uploads\/2024\/06\/19122235\/TG4_Rothaiocht_2024_1-1280x720-1-700x394.jpg 700w, https:\/\/tg4-docs.s3.amazonaws.com\/wp-content\/uploads\/2024\/06\/19122235\/TG4_Rothaiocht_2024_1-1280x720-1-252x141.jpg 252w, https:\/\/tg4-docs.s3.amazonaws.com\/wp-content\/uploads\/2024\/06\/19122235\/TG4_Rothaiocht_2024_1-1280x720-1-120x68.jpg 120w\" sizes=\"(max-width: 1280px) 100vw, 1280px\" \/><\/p>\n<p><sup>Picti\u00fair: P\u00e1draic \u00d3 Cuinn agus P\u00e1id\u00ed \u00d3 Lion\u00e1ird<\/sup><\/p>\n<p>&nbsp;<\/p>\n<div style=\"position:relative;padding-top:56.25%;\">\n  <iframe src=\"https:\/\/www.youtube.com\/embed\/O-6SVhzNKXU\" frameborder=\"0\" allowfullscreen style=\"position:absolute;top:0;left:0;width:100%;height:100%;\"><\/iframe>\n<\/div>\n<p>&nbsp;<br \/>\nT\u00e1 mioneolas f\u00f3gartha ag TG4 faoi chraoladh beo teilif\u00edse Tour de France 2024, an r\u00e1s rotha\u00edochta is m\u00f3 le r\u00e1 ar domhain, ar an st\u00e1isi\u00fan sin amh\u00e1in.<br \/>\nCuirtear t\u00fas le craoladh beo  st\u00e1isi\u00fain ar an Tour maidin D\u00e9 Sathairn, an 29 Meitheamh le c\u00farsa tosaigh an r\u00e1is \u00f3 Fl\u00f3rans go Rimini san Iod\u00e1il.<\/p>\n<p>Beidh tr\u00ed seachtaine an Tour le feice\u00e1il beo ar TG4 (mionsonra\u00ed th\u00edos) \u00f3n l\u00e1 tosaigh D\u00e9 Sathairn, an 29 Meitheamh go dtagtar go ceann scr\u00edbe i Nice D\u00e9 Domhnaigh, an 21 I\u00fail. Beidh c\u00faig uair an chloig ar an me\u00e1n \u00e1 gcraoladh beo gach l\u00e1 chomh maith le cl\u00e1r leathuaire ag a 9 i.n. gach o\u00edche ar a bhfeicfear buaicphoint\u00ed an lae, r\u00e9amhthr\u00e1chtaireacht ar a bhfuil i nd\u00e1n, tortha\u00ed agus agallaimh. Beidh cl\u00e1r eile de bhuaicphoint\u00ed na seachtaine \u00e1 chraoladh gach Luan.<\/p>\n<p>P\u00e1id\u00ed \u00d3 Lion\u00e1ird agus P\u00e1draic \u00d3 Cuinn a bheidh i mbun tr\u00e1chtaireachta.<\/p>\n<p>Beidh an Tour \u00e1 chraoladh beo freisin ar Sheinnteoir TG4, ar\u00a0<a href=\"http:\/\/www.TG4.ie\">www.TG4.ie<\/a> agus ar Aip TG4 <a href=\"https:\/\/nasc.tg4.tv\/TG4-Player-App\">https:\/\/nasc.tg4.tv\/TG4-Player-App<\/a><\/p>\n<p>&nbsp;<\/p>\n<p>Is \u00e9 r\u00e1s na bliana 2024 an 111\u00fa uair a bhfuil an Tour de France, ceann de na 3 Grand Tours gach bliain, \u00e1 eagr\u00fa. Is \u00e9 an ch\u00e9ad uair riamh \u00e9 nach i bP\u00e1ras a bheidh an ceann scr\u00edbe, mar gheall ar an ullmh\u00fach\u00e1n do na Cluich\u00ed Oilimpeacha agus do na Cluich\u00ed Parailimpeacha.<\/p>\n<p>&nbsp;<\/p>\n<ul>\n<li><strong>Craoladh beo ar Ch\u00farsa an lae \u00f3 D\u00e9 Sathairn, an 29 Meitheamh, amach.<\/strong><\/li>\n<li><strong>Cl\u00e1r leathuaire de bhuaicphoint\u00ed an lae gach o\u00edche ag a 9 i.n.<\/strong><\/li>\n<li><strong>S\u00fail siar ar aicsean na seachtaine gach Luan ar \u2018Tour de France &#8211; S\u00fail Siar na Seachtaine\u2019<\/strong><\/li>\n<li><strong>Craoladh beo ar Sheinnteoir TG4, ar\u00a0<\/strong><a href=\"http:\/\/www.TG4.ie\"><strong>TG4.ie<\/strong><\/a> <strong>agus ar Aip TG4<\/strong><\/li>\n<\/ul>\n<p>&nbsp;<\/p>\n<p>&nbsp;<\/p>\n<p>&nbsp;<\/p>\n<table border=\"1\">\n<tbody>\n<tr>\n<td colspan=\"5\" width=\"616\">Tour de France 2024 \u2013 Craoladh ar TG4<\/td>\n<\/tr>\n<tr>\n<td width=\"140\">D\u00e1ta<\/td>\n<td width=\"85\">C\u00farsa<\/td>\n<td width=\"236\">L\u00e1thair<\/td>\n<td width=\"76\">Fad<\/td>\n<td width=\"80\">Craoladh ar TG4<\/td>\n<\/tr>\n<tr>\n<td width=\"140\">D\u00e9 Sathairn an 29 Meitheamh<\/td>\n<td width=\"85\">C\u00farsa 1<\/td>\n<td width=\"236\">FLORENCE &gt; RIMINI<\/td>\n<td width=\"76\">206 KM<\/td>\n<td width=\"80\">10:50:00<\/td>\n<\/tr>\n<tr>\n<td width=\"140\">D\u00e9 Domhnaigh an 30 Meitheamh<\/td>\n<td width=\"85\">C\u00farsa 2<\/td>\n<td width=\"236\">CESENATICO &gt; BOLOGNE<\/td>\n<td width=\"76\">199 KM<\/td>\n<td width=\"80\">11:05:00<\/td>\n<\/tr>\n<tr>\n<td width=\"140\">D\u00e9 Luain, an 1 I\u00fail<\/td>\n<td width=\"85\">C\u00farsa 3<\/td>\n<td width=\"236\">PLAISANCE &gt; TURIN<\/td>\n<td width=\"76\">230.5 KM<\/td>\n<td width=\"80\">11:45:00<\/td>\n<\/tr>\n<tr>\n<td width=\"140\">D\u00e9 M\u00e1irt, an 2 I\u00fail<\/td>\n<td width=\"85\">C\u00farsa 4<\/td>\n<td width=\"236\">PINEROLO &gt; VALLOIRE<\/td>\n<td width=\"76\">140 KM<\/td>\n<td width=\"80\">11:55:00<\/td>\n<\/tr>\n<tr>\n<td width=\"140\">D\u00e9 C\u00e9adaoin, an 3 I\u00fail<\/td>\n<td width=\"85\">C\u00farsa 5<\/td>\n<td width=\"236\">SAINT-JEAN-DE-MAURIENNE &gt; SAINT-VULBAS<\/td>\n<td width=\"76\">177.5 KM<\/td>\n<td width=\"80\">13:00:00<\/td>\n<\/tr>\n<tr>\n<td width=\"140\">D\u00e9ardaoin, an 4 I\u00fail<\/td>\n<td width=\"85\">C\u00farsa 6<\/td>\n<td width=\"236\">M\u00c2CON &gt; DIJON<\/td>\n<td width=\"76\">163.5 KM<\/td>\n<td width=\"80\">13:00<\/td>\n<\/tr>\n<tr>\n<td width=\"140\">D\u00e9 hAoine an 5 I\u00fail<\/td>\n<td width=\"85\">C\u00farsa 7<\/td>\n<td width=\"236\">NUITS-SAINT-GEORGES &gt; GEVREY-CHAMBERTIN<\/td>\n<td width=\"76\">25.3 KM<\/td>\n<td width=\"80\">11:55:00<\/td>\n<\/tr>\n<tr>\n<td width=\"140\">D\u00e9 Sathairn, an 6 I\u00fail<\/td>\n<td width=\"85\">C\u00farsa 8<\/td>\n<td width=\"236\">SEMUR-EN-AUXOIS &gt; COLOMBEY-LES-DEUX-\u00c9GLISES<\/td>\n<td width=\"76\">183.5 KM<\/td>\n<td width=\"80\">13:00:00<\/td>\n<\/tr>\n<tr>\n<td width=\"140\">D\u00e9 Domhnaigh an 7 I\u00fail<\/td>\n<td width=\"85\">C\u00farsa 9<\/td>\n<td width=\"236\">TROYES &gt; TROYES<\/td>\n<td width=\"76\">199 KM<\/td>\n<td width=\"80\">12:05:00<\/td>\n<\/tr>\n<tr>\n<td width=\"140\">D\u00e9 Luain, an 8 I\u00fail<\/td>\n<td width=\"85\">L\u00e1 Sosa 1<\/td>\n<td width=\"236\">ORL\u00c9ANS<\/td>\n<td width=\"76\">&nbsp;<\/td>\n<td width=\"80\">&nbsp;<\/td>\n<\/tr>\n<tr>\n<td width=\"140\">D\u00e9 M\u00e1irt, an 9 I\u00fail<\/td>\n<td width=\"85\">C\u00farsa 10<\/td>\n<td width=\"236\">ORL\u00c9ANS &gt; SAINT-AMAND-MONTROND<\/td>\n<td width=\"76\">187.5 KM<\/td>\n<td width=\"80\">13:00:00<\/td>\n<\/tr>\n<tr>\n<td width=\"140\">D\u00e9 C\u00e9adaoin, an 10 I\u00fail<\/td>\n<td width=\"85\">C\u00farsa 11<\/td>\n<td width=\"236\">\u00c9VAUX-LES-BAINS &gt; LE LIORAN<\/td>\n<td width=\"76\">211 KM<\/td>\n<td width=\"80\">11:00:00<\/td>\n<\/tr>\n<tr>\n<td width=\"140\">D\u00e9ardaoin, an 11 I\u00fail<\/td>\n<td width=\"85\">C\u00farsa 12<\/td>\n<td width=\"236\">AURILLAC &gt; VILLENEUVE-SUR-LOT<\/td>\n<td width=\"76\">204 KM<\/td>\n<td width=\"80\">12:00:00<\/td>\n<\/tr>\n<tr>\n<td width=\"140\">D\u00e9 hAoine an 12 I\u00fail<\/td>\n<td width=\"85\">C\u00farsa 13<\/td>\n<td width=\"236\">AGEN &gt; PAU<\/td>\n<td width=\"76\">165.5 KM<\/td>\n<td width=\"80\">13:00:00<\/td>\n<\/tr>\n<tr>\n<td width=\"140\">D\u00e9 Sathairn, an 13 I\u00fail<\/td>\n<td width=\"85\">C\u00farsa 14<\/td>\n<td width=\"236\">PAU &gt; SAINT-LARY-SOULAN PLA D&#8217;ADET<\/td>\n<td width=\"76\">152 KM<\/td>\n<td width=\"80\">11:55:00<\/td>\n<\/tr>\n<tr>\n<td width=\"140\">D\u00e9 Domhnaigh an 14 I\u00fail<\/td>\n<td width=\"85\">C\u00farsa 15<\/td>\n<td width=\"236\">LOUDENVIELLE &gt; PLATEAU DE BEILLE<\/td>\n<td width=\"76\">198 KM<\/td>\n<td width=\"80\">10:45:00<\/td>\n<\/tr>\n<tr>\n<td width=\"140\">D\u00e9 Luain, an 15 I\u00fail<\/td>\n<td width=\"85\">L\u00e1 Sosa 2<\/td>\n<td width=\"236\">GRUISSAN<\/td>\n<td width=\"76\">&nbsp;<\/td>\n<td width=\"80\">&nbsp;<\/td>\n<\/tr>\n<tr>\n<td width=\"140\">D\u00e9 M\u00e1irt, an 16 I\u00fail<\/td>\n<td width=\"85\">C\u00farsa 16<\/td>\n<td width=\"236\">GRUISSAN &gt; N\u00ceMES<\/td>\n<td width=\"76\">189 KM<\/td>\n<td width=\"80\">13:00:00<\/td>\n<\/tr>\n<tr>\n<td width=\"140\">D\u00e9 C\u00e9adaoin, an 17 I\u00fail<\/td>\n<td width=\"85\">C\u00farsa 17<\/td>\n<td width=\"236\">SAINT-PAUL-TROIS-CH\u00c2TEAUX &gt; SUPERD\u00c9VOLUY<\/td>\n<td width=\"76\">178 KM<\/td>\n<td width=\"80\">11:25:00<\/td>\n<\/tr>\n<tr>\n<td width=\"140\">D\u00e9ardaoin, an 18 I\u00fail<\/td>\n<td width=\"85\">C\u00farsa 18<\/td>\n<td width=\"236\">GAP &gt; BARCELONNETTE<\/td>\n<td width=\"76\">180 KM<\/td>\n<td width=\"80\">11:50:00<\/td>\n<\/tr>\n<tr>\n<td width=\"140\">D\u00e9 hAoine an 19 I\u00fail<\/td>\n<td width=\"85\">C\u00farsa 19<\/td>\n<td width=\"236\">EMBRUN &gt; ISOLA 2000<\/td>\n<td width=\"76\">145 KM<\/td>\n<td width=\"80\">11:05:00<\/td>\n<\/tr>\n<tr>\n<td width=\"140\">D\u00e9 Sathairn, an 20 I\u00fail<\/td>\n<td width=\"85\">C\u00farsa 20<\/td>\n<td width=\"236\">NICE &gt; COL DE LA COUILLOLE<\/td>\n<td width=\"76\">133 KM<\/td>\n<td width=\"80\">12:30:00<\/td>\n<\/tr>\n<tr>\n<td width=\"140\">D\u00e9 Domhnaigh an 21 I\u00fail<\/td>\n<td width=\"85\">C\u00farsa 21<\/td>\n<td width=\"236\">MONACO &gt; NICE<\/td>\n<td width=\"76\">33.7 KM<\/td>\n<td width=\"80\">13:30:00<\/td>\n<\/tr>\n<\/tbody>\n<\/table>\n<p>&nbsp;<\/p>\n<p><strong><em>\u00a0<\/em><\/strong><\/p>\n<p><strong><em>\u00a0<\/em><\/strong><\/p>\n<p><strong><em>Breis eolais: <\/em><\/strong><a href=\"https:\/\/www.letour.fr\/en\/\">https:\/\/www.letour.fr\/en\/<\/a><\/p>\n<p>&nbsp;<\/p>\n","protected":false},"excerpt":{"rendered":"<p>Picti\u00fair: P\u00e1draic \u00d3 Cuinn agus P\u00e1id\u00ed \u00d3 Lion\u00e1ird &nbsp; &nbsp; T\u00e1 mioneolas f\u00f3gartha ag TG4 faoi chraoladh beo teilif\u00edse Tour de France 2024, an r\u00e1s rotha\u00edochta is m\u00f3 le r\u00e1 ar domhain, ar an st\u00e1isi\u00fan sin amh\u00e1in. Cuirtear t\u00fas le craoladh beo st\u00e1isi\u00fain ar an Tour maidin D\u00e9 Sathairn, an 29 Meitheamh le c\u00farsa tosaigh [&hellip;]<\/p>\n","protected":false},"author":876,"featured_media":0,"parent":208148,"menu_order":16,"comment_status":"closed","ping_status":"closed","template":"page-templates\/template-pr.php","meta":{"_acf_changed":false,"footnotes":""},"acf":[],"yoast_head":"<!-- This site is optimized with the Yoast SEO plugin v22.6 - https:\/\/yoast.com\/wordpress\/plugins\/seo\/ -->\n<title>An Tour de France ar TG4 \u00f3 D\u00e9 Sathairn an 29 Meitheamh | Preas R\u00e1iteas | TG4<\/title>\n<meta name=\"description\" content=\"T\u00e1 mioneolas f\u00f3gartha ag TG4 faoi chraoladh beo teilif\u00edse Tour de France 2024, an r\u00e1s rotha\u00edochta is m\u00f3 le r\u00e1 ar domhain, ar an st\u00e1isi\u00fan sin amh\u00e1in.\" \/>\n<meta name=\"robots\" content=\"index, follow, max-snippet:-1, max-image-preview:large, max-video-preview:-1\" \/>\n<meta property=\"og:locale\" content=\"en_US\" \/>\n<meta property=\"og:type\" content=\"article\" \/>\n<meta property=\"og:title\" content=\"An Tour de France ar TG4 \u00f3 D\u00e9 Sathairn an 29 Meitheamh | Preas R\u00e1iteas | TG4\" \/>\n<meta property=\"og:description\" content=\"T\u00e1 mioneolas f\u00f3gartha ag TG4 faoi chraoladh beo teilif\u00edse Tour de France 2024, an r\u00e1s rotha\u00edochta is m\u00f3 le r\u00e1 ar domhain, ar an st\u00e1isi\u00fan sin amh\u00e1in.\" \/>\n<meta property=\"og:url\" content=\"https:\/\/dev.tg4.ie\/ga\/eolas\/preas\/nuacht-raitis\/2024-2\/an-tour-de-france-ar-tg4-o-de-sathairn-an-29-meitheamh\/\" \/>\n<meta property=\"og:site_name\" content=\"TG4\" \/>\n<meta property=\"article:publisher\" content=\"https:\/\/www.facebook.com\/TG4TV\" \/>\n<meta property=\"og:image\" content=\"https:\/\/tg4-docs.s3.amazonaws.com\/wp-content\/uploads\/2024\/06\/19122235\/TG4_Rothaiocht_2024_1-1280x720-1.jpg\" \/>\n\t<meta property=\"og:image:width\" content=\"1280\" \/>\n\t<meta property=\"og:image:height\" content=\"720\" \/>\n\t<meta property=\"og:image:type\" content=\"image\/jpeg\" \/>\n<meta name=\"twitter:card\" content=\"summary_large_image\" \/>\n<meta name=\"twitter:image\" content=\"https:\/\/tg4-docs.s3.amazonaws.com\/wp-content\/uploads\/2024\/06\/19122235\/TG4_Rothaiocht_2024_1-1280x720-1.jpg\" \/>\n<meta name=\"twitter:site\" content=\"@TG4TV\" \/>\n<meta name=\"twitter:label1\" content=\"Est. reading time\" \/>\n\t<meta name=\"twitter:data1\" content=\"3 minutes\" \/>\n<script type=\"application\/ld+json\" class=\"yoast-schema-graph\">{\"@context\":\"https:\/\/schema.org\",\"@graph\":[{\"@type\":\"WebPage\",\"@id\":\"https:\/\/dev.tg4.ie\/ga\/eolas\/preas\/nuacht-raitis\/2024-2\/an-tour-de-france-ar-tg4-o-de-sathairn-an-29-meitheamh\/\",\"url\":\"https:\/\/dev.tg4.ie\/ga\/eolas\/preas\/nuacht-raitis\/2024-2\/an-tour-de-france-ar-tg4-o-de-sathairn-an-29-meitheamh\/\",\"name\":\"An Tour de France ar TG4 \u00f3 D\u00e9 Sathairn an 29 Meitheamh | Preas R\u00e1iteas | TG4\",\"isPartOf\":{\"@id\":\"https:\/\/dev.tg4.ie\/en\/#website\"},\"primaryImageOfPage\":{\"@id\":\"https:\/\/dev.tg4.ie\/ga\/eolas\/preas\/nuacht-raitis\/2024-2\/an-tour-de-france-ar-tg4-o-de-sathairn-an-29-meitheamh\/#primaryimage\"},\"image\":{\"@id\":\"https:\/\/dev.tg4.ie\/ga\/eolas\/preas\/nuacht-raitis\/2024-2\/an-tour-de-france-ar-tg4-o-de-sathairn-an-29-meitheamh\/#primaryimage\"},\"thumbnailUrl\":\"https:\/\/dev.tg4.ie\/wp-content\/uploads\/2024\/06\/TG4_Rothaiocht_2024_1-1280x720-1.jpg\",\"datePublished\":\"2024-06-19T11:33:48+00:00\",\"dateModified\":\"2024-06-19T11:33:48+00:00\",\"description\":\"T\u00e1 mioneolas f\u00f3gartha ag TG4 faoi chraoladh beo teilif\u00edse Tour de France 2024, an r\u00e1s rotha\u00edochta is m\u00f3 le r\u00e1 ar domhain, ar an st\u00e1isi\u00fan sin amh\u00e1in.\",\"breadcrumb\":{\"@id\":\"https:\/\/dev.tg4.ie\/ga\/eolas\/preas\/nuacht-raitis\/2024-2\/an-tour-de-france-ar-tg4-o-de-sathairn-an-29-meitheamh\/#breadcrumb\"},\"inLanguage\":\"ga\",\"potentialAction\":[{\"@type\":\"ReadAction\",\"target\":[\"https:\/\/dev.tg4.ie\/ga\/eolas\/preas\/nuacht-raitis\/2024-2\/an-tour-de-france-ar-tg4-o-de-sathairn-an-29-meitheamh\/\"]}]},{\"@type\":\"ImageObject\",\"inLanguage\":\"ga\",\"@id\":\"https:\/\/dev.tg4.ie\/ga\/eolas\/preas\/nuacht-raitis\/2024-2\/an-tour-de-france-ar-tg4-o-de-sathairn-an-29-meitheamh\/#primaryimage\",\"url\":\"https:\/\/dev.tg4.ie\/wp-content\/uploads\/2024\/06\/TG4_Rothaiocht_2024_1-1280x720-1.jpg\",\"contentUrl\":\"https:\/\/dev.tg4.ie\/wp-content\/uploads\/2024\/06\/TG4_Rothaiocht_2024_1-1280x720-1.jpg\"},{\"@type\":\"BreadcrumbList\",\"@id\":\"https:\/\/dev.tg4.ie\/ga\/eolas\/preas\/nuacht-raitis\/2024-2\/an-tour-de-france-ar-tg4-o-de-sathairn-an-29-meitheamh\/#breadcrumb\",\"itemListElement\":[{\"@type\":\"ListItem\",\"position\":1,\"name\":\"Home\",\"item\":\"https:\/\/dev.tg4.ie\/ga\/\"},{\"@type\":\"ListItem\",\"position\":2,\"name\":\"Eolas\",\"item\":\"https:\/\/dev.tg4.ie\/ga\/eolas\/\"},{\"@type\":\"ListItem\",\"position\":3,\"name\":\"Preas\",\"item\":\"https:\/\/dev.tg4.ie\/ga\/eolas\/preas\/\"},{\"@type\":\"ListItem\",\"position\":4,\"name\":\"Nuacht R\u00e1itis\",\"item\":\"https:\/\/dev.tg4.ie\/ga\/eolas\/preas\/nuacht-raitis\/\"},{\"@type\":\"ListItem\",\"position\":5,\"name\":\"2024\",\"item\":\"https:\/\/dev.tg4.ie\/ga\/eolas\/preas\/nuacht-raitis\/2024-2\/\"},{\"@type\":\"ListItem\",\"position\":6,\"name\":\"An Tour de France ar TG4 \u00f3 D\u00e9 Sathairn an 29 Meitheamh\"}]},{\"@type\":\"WebSite\",\"@id\":\"https:\/\/dev.tg4.ie\/en\/#website\",\"url\":\"https:\/\/dev.tg4.ie\/en\/\",\"name\":\"TG4\",\"description\":\"S\u00fail Eile\",\"potentialAction\":[{\"@type\":\"SearchAction\",\"target\":{\"@type\":\"EntryPoint\",\"urlTemplate\":\"https:\/\/dev.tg4.ie\/en\/?s={search_term_string}\"},\"query-input\":\"required name=search_term_string\"}],\"inLanguage\":\"ga\"}]}<\/script>\n<!-- \/ Yoast SEO plugin. -->","yoast_head_json":{"title":"An Tour de France ar TG4 \u00f3 D\u00e9 Sathairn an 29 Meitheamh | Preas R\u00e1iteas | TG4","description":"T\u00e1 mioneolas f\u00f3gartha ag TG4 faoi chraoladh beo teilif\u00edse Tour de France 2024, an r\u00e1s rotha\u00edochta is m\u00f3 le r\u00e1 ar domhain, ar an st\u00e1isi\u00fan sin amh\u00e1in.","robots":{"index":"index","follow":"follow","max-snippet":"max-snippet:-1","max-image-preview":"max-image-preview:large","max-video-preview":"max-video-preview:-1"},"og_locale":"en_US","og_type":"article","og_title":"An Tour de France ar TG4 \u00f3 D\u00e9 Sathairn an 29 Meitheamh | Preas R\u00e1iteas | TG4","og_description":"T\u00e1 mioneolas f\u00f3gartha ag TG4 faoi chraoladh beo teilif\u00edse Tour de France 2024, an r\u00e1s rotha\u00edochta is m\u00f3 le r\u00e1 ar domhain, ar an st\u00e1isi\u00fan sin amh\u00e1in.","og_url":"https:\/\/dev.tg4.ie\/ga\/eolas\/preas\/nuacht-raitis\/2024-2\/an-tour-de-france-ar-tg4-o-de-sathairn-an-29-meitheamh\/","og_site_name":"TG4","article_publisher":"https:\/\/www.facebook.com\/TG4TV","og_image":[{"width":1280,"height":720,"url":"https:\/\/tg4-docs.s3.amazonaws.com\/wp-content\/uploads\/2024\/06\/19122235\/TG4_Rothaiocht_2024_1-1280x720-1.jpg","type":"image\/jpeg"}],"twitter_card":"summary_large_image","twitter_image":"https:\/\/tg4-docs.s3.amazonaws.com\/wp-content\/uploads\/2024\/06\/19122235\/TG4_Rothaiocht_2024_1-1280x720-1.jpg","twitter_site":"@TG4TV","twitter_misc":{"Est. reading time":"3 minutes"},"schema":{"@context":"https:\/\/schema.org","@graph":[{"@type":"WebPage","@id":"https:\/\/dev.tg4.ie\/ga\/eolas\/preas\/nuacht-raitis\/2024-2\/an-tour-de-france-ar-tg4-o-de-sathairn-an-29-meitheamh\/","url":"https:\/\/dev.tg4.ie\/ga\/eolas\/preas\/nuacht-raitis\/2024-2\/an-tour-de-france-ar-tg4-o-de-sathairn-an-29-meitheamh\/","name":"An Tour de France ar TG4 \u00f3 D\u00e9 Sathairn an 29 Meitheamh | Preas R\u00e1iteas | TG4","isPartOf":{"@id":"https:\/\/dev.tg4.ie\/en\/#website"},"primaryImageOfPage":{"@id":"https:\/\/dev.tg4.ie\/ga\/eolas\/preas\/nuacht-raitis\/2024-2\/an-tour-de-france-ar-tg4-o-de-sathairn-an-29-meitheamh\/#primaryimage"},"image":{"@id":"https:\/\/dev.tg4.ie\/ga\/eolas\/preas\/nuacht-raitis\/2024-2\/an-tour-de-france-ar-tg4-o-de-sathairn-an-29-meitheamh\/#primaryimage"},"thumbnailUrl":"https:\/\/dev.tg4.ie\/wp-content\/uploads\/2024\/06\/TG4_Rothaiocht_2024_1-1280x720-1.jpg","datePublished":"2024-06-19T11:33:48+00:00","dateModified":"2024-06-19T11:33:48+00:00","description":"T\u00e1 mioneolas f\u00f3gartha ag TG4 faoi chraoladh beo teilif\u00edse Tour de France 2024, an r\u00e1s rotha\u00edochta is m\u00f3 le r\u00e1 ar domhain, ar an st\u00e1isi\u00fan sin amh\u00e1in.","breadcrumb":{"@id":"https:\/\/dev.tg4.ie\/ga\/eolas\/preas\/nuacht-raitis\/2024-2\/an-tour-de-france-ar-tg4-o-de-sathairn-an-29-meitheamh\/#breadcrumb"},"inLanguage":"ga","potentialAction":[{"@type":"ReadAction","target":["https:\/\/dev.tg4.ie\/ga\/eolas\/preas\/nuacht-raitis\/2024-2\/an-tour-de-france-ar-tg4-o-de-sathairn-an-29-meitheamh\/"]}]},{"@type":"ImageObject","inLanguage":"ga","@id":"https:\/\/dev.tg4.ie\/ga\/eolas\/preas\/nuacht-raitis\/2024-2\/an-tour-de-france-ar-tg4-o-de-sathairn-an-29-meitheamh\/#primaryimage","url":"https:\/\/dev.tg4.ie\/wp-content\/uploads\/2024\/06\/TG4_Rothaiocht_2024_1-1280x720-1.jpg","contentUrl":"https:\/\/dev.tg4.ie\/wp-content\/uploads\/2024\/06\/TG4_Rothaiocht_2024_1-1280x720-1.jpg"},{"@type":"BreadcrumbList","@id":"https:\/\/dev.tg4.ie\/ga\/eolas\/preas\/nuacht-raitis\/2024-2\/an-tour-de-france-ar-tg4-o-de-sathairn-an-29-meitheamh\/#breadcrumb","itemListElement":[{"@type":"ListItem","position":1,"name":"Home","item":"https:\/\/dev.tg4.ie\/ga\/"},{"@type":"ListItem","position":2,"name":"Eolas","item":"https:\/\/dev.tg4.ie\/ga\/eolas\/"},{"@type":"ListItem","position":3,"name":"Preas","item":"https:\/\/dev.tg4.ie\/ga\/eolas\/preas\/"},{"@type":"ListItem","position":4,"name":"Nuacht R\u00e1itis","item":"https:\/\/dev.tg4.ie\/ga\/eolas\/preas\/nuacht-raitis\/"},{"@type":"ListItem","position":5,"name":"2024","item":"https:\/\/dev.tg4.ie\/ga\/eolas\/preas\/nuacht-raitis\/2024-2\/"},{"@type":"ListItem","position":6,"name":"An Tour de France ar TG4 \u00f3 D\u00e9 Sathairn an 29 Meitheamh"}]},{"@type":"WebSite","@id":"https:\/\/dev.tg4.ie\/en\/#website","url":"https:\/\/dev.tg4.ie\/en\/","name":"TG4","description":"S\u00fail Eile","potentialAction":[{"@type":"SearchAction","target":{"@type":"EntryPoint","urlTemplate":"https:\/\/dev.tg4.ie\/en\/?s={search_term_string}"},"query-input":"required name=search_term_string"}],"inLanguage":"ga"}]}},"_links":{"self":[{"href":"https:\/\/dev.tg4.ie\/ga\/wp-json\/wp\/v2\/pages\/217604"}],"collection":[{"href":"https:\/\/dev.tg4.ie\/ga\/wp-json\/wp\/v2\/pages"}],"about":[{"href":"https:\/\/dev.tg4.ie\/ga\/wp-json\/wp\/v2\/types\/page"}],"author":[{"embeddable":true,"href":"https:\/\/dev.tg4.ie\/ga\/wp-json\/wp\/v2\/users\/876"}],"replies":[{"embeddable":true,"href":"https:\/\/dev.tg4.ie\/ga\/wp-json\/wp\/v2\/comments?post=217604"}],"version-history":[{"count":0,"href":"https:\/\/dev.tg4.ie\/ga\/wp-json\/wp\/v2\/pages\/217604\/revisions"}],"up":[{"embeddable":true,"href":"https:\/\/dev.tg4.ie\/ga\/wp-json\/wp\/v2\/pages\/208148"}],"wp:attachment":[{"href":"https:\/\/dev.tg4.ie\/ga\/wp-json\/wp\/v2\/media?parent=217604"}],"curies":[{"name":"wp","href":"https:\/\/api.w.org\/{rel}","templated":true}]}}