{"id":217751,"date":"2024-06-26T10:17:45","date_gmt":"2024-06-26T09:17:45","guid":{"rendered":"https:\/\/dev.tg4.ie\/?page_id=217751"},"modified":"2024-06-26T15:57:19","modified_gmt":"2024-06-26T14:57:19","slug":"cuig-cinn-de-scannain-rispeisiula-de-chuid-tg4-ar-taispeaint-ag-fleadh-scannan-na-gaillimhe-i-mbliana","status":"publish","type":"page","link":"https:\/\/dev.tg4.ie\/ga\/eolas\/preas\/nuacht-raitis\/2024-2\/cuig-cinn-de-scannain-rispeisiula-de-chuid-tg4-ar-taispeaint-ag-fleadh-scannan-na-gaillimhe-i-mbliana\/","title":{"rendered":"C\u00faig cinn de Scann\u00e1in R\u00edsp\u00e9isi\u00fala de chuid TG4 ar Taispe\u00e1int ag Fleadh Scann\u00e1n na Gaillimhe i mbliana"},"content":{"rendered":"<table>\n<tbody>\n<tr>\n<td width=\"33%\">\n  <img loading=\"lazy\" decoding=\"async\" width=\"1920\" height=\"1080\" src=\"https:\/\/tg4-docs.s3.amazonaws.com\/wp-content\/uploads\/2024\/06\/26095055\/KNEECAP_1-1920x1080-1.jpg\" alt=\"\" class=\"alignnone size-full wp-image-217756\" srcset=\"https:\/\/tg4-docs.s3.amazonaws.com\/wp-content\/uploads\/2024\/06\/26095055\/KNEECAP_1-1920x1080-1.jpg 1920w, https:\/\/tg4-docs.s3.amazonaws.com\/wp-content\/uploads\/2024\/06\/26095055\/KNEECAP_1-1920x1080-1-250x141.jpg 250w, https:\/\/tg4-docs.s3.amazonaws.com\/wp-content\/uploads\/2024\/06\/26095055\/KNEECAP_1-1920x1080-1-700x394.jpg 700w, https:\/\/tg4-docs.s3.amazonaws.com\/wp-content\/uploads\/2024\/06\/26095055\/KNEECAP_1-1920x1080-1-252x141.jpg 252w, https:\/\/tg4-docs.s3.amazonaws.com\/wp-content\/uploads\/2024\/06\/26095055\/KNEECAP_1-1920x1080-1-1536x864.jpg 1536w, https:\/\/tg4-docs.s3.amazonaws.com\/wp-content\/uploads\/2024\/06\/26095055\/KNEECAP_1-1920x1080-1-120x68.jpg 120w\" sizes=\"(max-width: 1920px) 100vw, 1920px\" \/>\n<\/td>\n<td width=\"33%\">\n  <img loading=\"lazy\" decoding=\"async\" width=\"1920\" height=\"1080\" src=\"https:\/\/tg4-docs.s3.amazonaws.com\/wp-content\/uploads\/2024\/06\/26095051\/FIDIL_GHORM_1-1920x1080-1.jpg\" alt=\"\" class=\"alignnone size-full wp-image-217755\" srcset=\"https:\/\/tg4-docs.s3.amazonaws.com\/wp-content\/uploads\/2024\/06\/26095051\/FIDIL_GHORM_1-1920x1080-1.jpg 1920w, https:\/\/tg4-docs.s3.amazonaws.com\/wp-content\/uploads\/2024\/06\/26095051\/FIDIL_GHORM_1-1920x1080-1-250x141.jpg 250w, https:\/\/tg4-docs.s3.amazonaws.com\/wp-content\/uploads\/2024\/06\/26095051\/FIDIL_GHORM_1-1920x1080-1-700x394.jpg 700w, https:\/\/tg4-docs.s3.amazonaws.com\/wp-content\/uploads\/2024\/06\/26095051\/FIDIL_GHORM_1-1920x1080-1-252x141.jpg 252w, https:\/\/tg4-docs.s3.amazonaws.com\/wp-content\/uploads\/2024\/06\/26095051\/FIDIL_GHORM_1-1920x1080-1-1536x864.jpg 1536w, https:\/\/tg4-docs.s3.amazonaws.com\/wp-content\/uploads\/2024\/06\/26095051\/FIDIL_GHORM_1-1920x1080-1-120x68.jpg 120w\" sizes=\"(max-width: 1920px) 100vw, 1920px\" \/>\n<\/td>\n<td width=\"33%\">\n  <img loading=\"lazy\" decoding=\"async\" width=\"1920\" height=\"1080\" src=\"https:\/\/tg4-docs.s3.amazonaws.com\/wp-content\/uploads\/2024\/06\/26095048\/BURKITT_1-1920x1080-1.jpg\" alt=\"\" class=\"alignnone size-full wp-image-217754\" srcset=\"https:\/\/tg4-docs.s3.amazonaws.com\/wp-content\/uploads\/2024\/06\/26095048\/BURKITT_1-1920x1080-1.jpg 1920w, https:\/\/tg4-docs.s3.amazonaws.com\/wp-content\/uploads\/2024\/06\/26095048\/BURKITT_1-1920x1080-1-250x141.jpg 250w, https:\/\/tg4-docs.s3.amazonaws.com\/wp-content\/uploads\/2024\/06\/26095048\/BURKITT_1-1920x1080-1-700x394.jpg 700w, https:\/\/tg4-docs.s3.amazonaws.com\/wp-content\/uploads\/2024\/06\/26095048\/BURKITT_1-1920x1080-1-252x141.jpg 252w, https:\/\/tg4-docs.s3.amazonaws.com\/wp-content\/uploads\/2024\/06\/26095048\/BURKITT_1-1920x1080-1-1536x864.jpg 1536w, https:\/\/tg4-docs.s3.amazonaws.com\/wp-content\/uploads\/2024\/06\/26095048\/BURKITT_1-1920x1080-1-120x68.jpg 120w\" sizes=\"(max-width: 1920px) 100vw, 1920px\" \/>\n<\/td>\n<\/tr>\n<tr>\n<td><sup>Picti\u00fair: KNEECAP, Fidil Ghorm &#038; Burkitt<\/sup><\/td>\n<\/tr>\n<tr>\n<td width=\"33%\">\n  <img loading=\"lazy\" decoding=\"async\" width=\"1920\" height=\"1080\" src=\"https:\/\/tg4-docs.s3.amazonaws.com\/wp-content\/uploads\/2024\/06\/26095833\/IARSMAI_NA_HIARSMALAINNE_1-1920x1080-1.jpg\" alt=\"\" class=\"alignnone size-full wp-image-217759\" srcset=\"https:\/\/tg4-docs.s3.amazonaws.com\/wp-content\/uploads\/2024\/06\/26095833\/IARSMAI_NA_HIARSMALAINNE_1-1920x1080-1.jpg 1920w, https:\/\/tg4-docs.s3.amazonaws.com\/wp-content\/uploads\/2024\/06\/26095833\/IARSMAI_NA_HIARSMALAINNE_1-1920x1080-1-250x141.jpg 250w, https:\/\/tg4-docs.s3.amazonaws.com\/wp-content\/uploads\/2024\/06\/26095833\/IARSMAI_NA_HIARSMALAINNE_1-1920x1080-1-700x394.jpg 700w, https:\/\/tg4-docs.s3.amazonaws.com\/wp-content\/uploads\/2024\/06\/26095833\/IARSMAI_NA_HIARSMALAINNE_1-1920x1080-1-252x141.jpg 252w, https:\/\/tg4-docs.s3.amazonaws.com\/wp-content\/uploads\/2024\/06\/26095833\/IARSMAI_NA_HIARSMALAINNE_1-1920x1080-1-1536x864.jpg 1536w, https:\/\/tg4-docs.s3.amazonaws.com\/wp-content\/uploads\/2024\/06\/26095833\/IARSMAI_NA_HIARSMALAINNE_1-1920x1080-1-120x68.jpg 120w\" sizes=\"(max-width: 1920px) 100vw, 1920px\" \/>\n<\/td>\n<td width=\"33%\">\n  <img loading=\"lazy\" decoding=\"async\" width=\"1920\" height=\"1080\" src=\"https:\/\/tg4-docs.s3.amazonaws.com\/wp-content\/uploads\/2024\/06\/26095836\/SCRIOFA_SNA_REALTA_1-1920x1080-1.jpg\" alt=\"\" class=\"alignnone size-full wp-image-217760\" srcset=\"https:\/\/tg4-docs.s3.amazonaws.com\/wp-content\/uploads\/2024\/06\/26095836\/SCRIOFA_SNA_REALTA_1-1920x1080-1.jpg 1920w, https:\/\/tg4-docs.s3.amazonaws.com\/wp-content\/uploads\/2024\/06\/26095836\/SCRIOFA_SNA_REALTA_1-1920x1080-1-250x141.jpg 250w, https:\/\/tg4-docs.s3.amazonaws.com\/wp-content\/uploads\/2024\/06\/26095836\/SCRIOFA_SNA_REALTA_1-1920x1080-1-700x394.jpg 700w, https:\/\/tg4-docs.s3.amazonaws.com\/wp-content\/uploads\/2024\/06\/26095836\/SCRIOFA_SNA_REALTA_1-1920x1080-1-252x141.jpg 252w, https:\/\/tg4-docs.s3.amazonaws.com\/wp-content\/uploads\/2024\/06\/26095836\/SCRIOFA_SNA_REALTA_1-1920x1080-1-1536x864.jpg 1536w, https:\/\/tg4-docs.s3.amazonaws.com\/wp-content\/uploads\/2024\/06\/26095836\/SCRIOFA_SNA_REALTA_1-1920x1080-1-120x68.jpg 120w\" sizes=\"(max-width: 1920px) 100vw, 1920px\" \/>\n<\/td>\n<\/tr>\n<\/tbody>\n<\/table>\n<p><sup>Picti\u00fair: Iarsma\u00ed na hIarsmalainne &#038; Scr\u00edofa sna R\u00e9alta\u00ed<\/sup><\/p>\n<p>&nbsp;<\/p>\n<p>Is \u00e1bhar m\u00f3rtais ag TG4 a fh\u00f3gairt go mbeidh c\u00faig cinn de scann\u00e1in mhealltacha \u00e1 dtaispe\u00e1int den ch\u00e9ad uair in \u00c9irinn ag Fleadh Scann\u00e1n na Gaillimhe. Beidh an fh\u00e9ile iomr\u00e1iteach sin ar si\u00fal \u00f3n 9 go dt\u00ed\u202fan 14 I\u00fail. T\u00e1 se\u00e1nra\u00ed agus t\u00e9ama\u00ed \u00e9ags\u00fala ag baint leis na scann\u00e1in, l\u00e9iri\u00fa eile ar an r\u00e9imse bre\u00e1 a bhaineann le sc\u00e9ala\u00edocht agus scann\u00e1na\u00edocht na linne seo in \u00c9irinn.<br \/>\n&nbsp;<\/p>\n<p><strong>An ch\u00e9ad l\u00e9iri\u00fa in \u00c9irinn ar KNEECAP<\/strong> <\/p>\n<p>Scann\u00e1n beathaisn\u00e9ise \u00e9 KNEECAP faoi bhun\u00fa an ghr\u00fapa rapcheoil Gaeilge KNEECAP, ina bhfeictear Mo Chara, M\u00f3gla\u00ed Bap agus DJ Pr\u00f3va\u00ed, an tri\u00far at\u00e1 sa ghr\u00fapa, in \u00e9ineacht le Michael Fassbender a fuair ainmni\u00fach\u00e1n Academy Award\u00ae. R\u00edomhtar sa scann\u00e1n, at\u00e1 suite in Iarthar Bh\u00e9al Feirste sa bhliain 2019, sc\u00e9al an tri\u00fair gur tharraing iomr\u00e1 orthu f\u00e9in i saol an cheoil. D&#8217;\u00e9irigh leis an scann\u00e1n KNEECAP Gradam NEXT an lucht f\u00e9achana a bhaint amach ag f\u00e9ile Sundance. <\/p>\n<p><strong>An ch\u00e9ad l\u00e9iri\u00fa in \u00c9irinn ar KNEECAP, an 9 I\u00fail | 19:00 | Amharclann Halla na Cathrach<\/strong><br \/>\n&nbsp;<\/p>\n<hr>\n<p>&nbsp;<br \/>\n<strong>Fidil Ghorm (Scann\u00e1n de chuid Cine4)<\/strong> <\/p>\n<p>Dr\u00e1ma cro\u00ed\u00fail Gaeilge at\u00e1 sa scann\u00e1n Fidil Ghorm faoi Mholly, cail\u00edn deich mbliana d&#8217;aois, a chreideann go mb&#8217;fh\u00e9idir go mb\u00edogfadh a hathair, at\u00e1 gan aithne gan urlabhra, m\u00e1 fhoghlaim\u00edonn sise leis an bhfidil a sheinm ar an n\u00f3s c\u00e9anna leis f\u00e9in. Tugann an t\u00f3ra\u00edocht taisce ar lorg teagasc\u00f3ra chuig ionad athshl\u00e1n\u00fach\u00e1in \u00ed, \u00e1it a bhfuil veidhlead\u00f3ir cumasach, cantalach. Spreagtar eachtra\u00ed d\u00f3chais agus \u00edocshl\u00e1inte. Is \u00ed Patricia Forde a scr\u00edobh an scann\u00e1n.  Patricia Forde an scr\u00edbhneoir, Anne McCabe an Sti\u00farth\u00f3ir, Br\u00edd Seoighe, Pierce Boyce na l\u00e9iritheoir\u00ed, agus Ruadh\u00e1n Flatharta, Marcus Lamb, Sarah Jane Scott, Siobhan O\u2019Kelly, Barry Mc Govern, Edith Lawlor  na pr\u00edomhaisteoir\u00ed. <\/p>\n<p><strong>Fidil Ghorm (Scann\u00e1n de chuid Cine4),  an 10 I\u00fail | 18:30 | Amharclann Halla na Cathrach <\/strong><br \/>\n&nbsp;<\/p>\n<hr>\n<p>&nbsp;<br \/>\n<strong>Burkitt<\/strong>  <\/p>\n<p>Sa scann\u00e1n faisn\u00e9ise machnamhach seo, c\u00edortar saol agus saothar Denis Burkitt, m\u00e1inlia as \u00c9irinn, an t\u00e9 a thug liomf\u00f3ma Burkitt chun suntais. Cuirtear an sc\u00e9al i l\u00e1thair tr\u00ed sh\u00faile dhuine a th\u00e1inig sl\u00e1n \u00f3n ngalar. Sn\u00edomhann \u00c9anna Mac Cana, sa ch\u00e9ad scann\u00e1n seo d\u00e1 chuid, taifeadta\u00ed pearsanta le sean\u00e1bhar scann\u00e1na\u00edochta maidir le Burkitt go scr\u00fada\u00edonn an tionchar neamhl\u00edneach a bhaineann le tr\u00e1ma, coil\u00edneacht agus eitic an leighis. Soil\u00e9ir\u00edtear sa scann\u00e1n seo an cion tairbhe a rinne Burkitt maidir le heola\u00edocht m\u00edochaine agus an ceangal at\u00e1 go pearsanta ag Mac Cana leis an saothar a d&#8217;fh\u00e1g s\u00e9 le hoidhreacht ag an gcine daonna. <\/p>\n<p><strong>Burkitt, an 14 I\u00fail | 17:00 | P\u00e1l\u00e1s<\/strong><br \/>\n&nbsp;<\/p>\n<hr>\n<p>&nbsp;<br \/>\n<strong>Iarsma\u00ed na hIarsmalainne<\/strong>  <\/p>\n<p>In Iarsma\u00ed na hIarsmalainne, c\u00edortar an stair chasta a bhaineann le baili\u00fach\u00e1in eitneagrafa\u00edochta in \u00c9irinn agus sa Bhreatain le haird faoi leith ar \u00e1bhar a goideadh \u00f3 Bhund\u00fachasaigh na hAstr\u00e1ile, Tionscadal Oidhreacht na Coil\u00edneachta i gCol\u00e1iste na Tr\u00edon\u00f3ide agus d\u00e9ant\u00fas\u00e1in a creachadh as an Nig\u00e9ir. Scr\u00fada\u00edtear sa scann\u00e1n faisn\u00e9ise seo a dtagann i gceist le pr\u00f3iseas an &#8216;d\u00edchoil\u00edni\u00fach\u00e1in&#8217;, go h\u00e1irithe i nd\u00e1il le conablach an duine agus le d\u00e9ant\u00fas\u00e1in in \u00c9irinn. L\u00e9ir\u00edodh an scann\u00e1n do TG4 agus don BBC agus thug an Ciste Craolt\u00f3ireachta Gaeilge agus \u00dadar\u00e1s Craolach\u00e1in na h\u00c9ireann c\u00fanamh airgid lena aghaidh. <\/p>\n<p><strong>Iarsma\u00ed na hIarsmalainne, an 13 I\u00fail | 14:00 | P\u00e1l\u00e1s<\/strong><br \/>\n&nbsp;<\/p>\n<hr>\n<p>&nbsp;<br \/>\n<strong>Scr\u00edofa sna R\u00e9alta\u00ed<\/strong>  <\/p>\n<p>Sc\u00e9al spreag\u00fail at\u00e1 in Scr\u00edofa sna R\u00e9alta\u00ed faoi She\u00e1n, buachaill \u00f3g n\u00e9ara-\u00e9ags\u00fail 9 mbliana d&#8217;aois a chuireann roimhe, ainneoin constaic\u00ed, an phr\u00edomhph\u00e1irt aisteoireachta a fh\u00e1il i ndr\u00e1ma at\u00e1 \u00e1 chur ar st\u00e1itse sa cheantar. I gConamara, Contae na Gaillimhe a rinneadh an scann\u00e1na\u00edocht. L\u00e9ir\u00edtear diongbh\u00e1ilteacht agus meanma She\u00e1in sa scann\u00e1n a sti\u00faraigh Vincent Gallagher agus a l\u00e9irigh Sin \u00c9. Constaic\u00ed agus easpa muin\u00edne a sh\u00e1r\u00fa is \u00e1bhar don sc\u00e9al. Choimisi\u00fanaigh TG4 an scann\u00e1n mar chuid de thionscnamh Eurovision maidir le Sraitheanna Dr\u00e1ma\u00edochta do Leana\u00ed. <\/p>\n<p><strong>Scr\u00edofa sna R\u00e9alta\u00ed, an 10 I\u00fail | 12:00 | Amharclann Halla na Cathrach <\/strong><br \/>\n&nbsp;<\/p>\n<hr>\n<p>&nbsp;<br \/>\nLuaigh <strong>Mary Ellen N\u00ed Chual\u00e1in, Bainisteoir Coimisi\u00fanaithe TG4<\/strong>, gur m\u00f3r an rud na scann\u00e1in a bheith \u00e1 gcur ar taispe\u00e1int den ch\u00e9ad uair: <em>&#8220;Is \u00e1bhar r\u00edm\u00e9id againn r\u00e9imse chomh h\u00e9ags\u00fail de scann\u00e1in l\u00e1idre a chur ar si\u00fal ag Fleadh Scann\u00e1n na Gaillimhe i mbliana. T\u00e1 dearcadh agus l\u00e9argas faoi leith ag baint le gach ceann de na scann\u00e1in. Is teist iad ar an gcumas iontach at\u00e1 i ndaoine at\u00e1 ag feidhmi\u00fa i dtionscal na scann\u00e1na\u00edochta in \u00c9irinn. T\u00e1 TG4 tiomanta do l\u00e9iri\u00fa scann\u00e1in i nGaeilge agus do scann\u00e1na\u00edocht na Gaeilge a chur chun cinn. Is d\u00f3igh linn go dtiocfaidh na sc\u00e9alta seo i gcion go m\u00f3r ar an lucht f\u00e9achana.&#8221;<\/em><br \/>\n&nbsp;<br \/>\nIs l\u00e9iri\u00fa\u202fna scann\u00e1in seo ar dh\u00fathracht TG4 maidir le cult\u00far agus teanga na h\u00c9ireann, chomh maith le cumas lucht an tionscail in \u00c9irinn, a chur chun cinn go hidirn\u00e1isi\u00fanta. Is m\u00f3r is fi\u00fa an deis a thap\u00fa na sc\u00e9alta sp\u00e9isi\u00fala seo a fheice\u00e1il ag Fleadh Scann\u00e1n na Gaillimhe.<br \/>\n&nbsp;<br \/>\nT\u00e1 tic\u00e9id agus breis eolais ar f\u00e1il ar l\u00e1ithre\u00e1n gr\u00e9as\u00e1in oifigi\u00fail Fhleadh Scann\u00e1n na Gaillimhe: <a href=\"https:\/\/www.galwayfilmfleadh.com\" rel=\"noopener\" target=\"_blank\">https:\/\/www.galwayfilmfleadh.com<\/a><\/p>\n<p>&nbsp;<\/p>\n","protected":false},"excerpt":{"rendered":"<p>Picti\u00fair: KNEECAP, Fidil Ghorm &#038; Burkitt Picti\u00fair: Iarsma\u00ed na hIarsmalainne &#038; Scr\u00edofa sna R\u00e9alta\u00ed &nbsp; Is \u00e1bhar m\u00f3rtais ag TG4 a fh\u00f3gairt go mbeidh c\u00faig cinn de scann\u00e1in mhealltacha \u00e1 dtaispe\u00e1int den ch\u00e9ad uair in \u00c9irinn ag Fleadh Scann\u00e1n na Gaillimhe. Beidh an fh\u00e9ile iomr\u00e1iteach sin ar si\u00fal \u00f3n 9 go dt\u00ed\u202fan 14 I\u00fail. T\u00e1 [&hellip;]<\/p>\n","protected":false},"author":876,"featured_media":0,"parent":208148,"menu_order":17,"comment_status":"closed","ping_status":"closed","template":"page-templates\/template-pr.php","meta":{"_acf_changed":false,"footnotes":""},"acf":[],"yoast_head":"<!-- This site is optimized with the Yoast SEO plugin v22.6 - https:\/\/yoast.com\/wordpress\/plugins\/seo\/ -->\n<title>C\u00faig cinn de Scann\u00e1in R\u00edsp\u00e9isi\u00fala de chuid TG4 ar Taispe\u00e1int ag Fleadh Scann\u00e1n na Gaillimhe i mbliana | Preas R\u00e1iteas | TG4<\/title>\n<meta name=\"description\" content=\"Is \u00e1bhar m\u00f3rtais ag TG4 a fh\u00f3gairt go mbeidh c\u00faig cinn de scann\u00e1in mhealltacha \u00e1 dtaispe\u00e1int den ch\u00e9ad uair in \u00c9irinn ag Fleadh Scann\u00e1n na Gaillimhe.\" \/>\n<meta name=\"robots\" content=\"index, follow, max-snippet:-1, max-image-preview:large, max-video-preview:-1\" \/>\n<meta property=\"og:locale\" content=\"en_US\" \/>\n<meta property=\"og:type\" content=\"article\" \/>\n<meta property=\"og:title\" content=\"C\u00faig cinn de Scann\u00e1in R\u00edsp\u00e9isi\u00fala de chuid TG4 ar Taispe\u00e1int ag Fleadh Scann\u00e1n na Gaillimhe i mbliana | Preas R\u00e1iteas | TG4\" \/>\n<meta property=\"og:description\" content=\"Is \u00e1bhar m\u00f3rtais ag TG4 a fh\u00f3gairt go mbeidh c\u00faig cinn de scann\u00e1in mhealltacha \u00e1 dtaispe\u00e1int den ch\u00e9ad uair in \u00c9irinn ag Fleadh Scann\u00e1n na Gaillimhe.\" \/>\n<meta property=\"og:url\" content=\"https:\/\/dev.tg4.ie\/ga\/eolas\/preas\/nuacht-raitis\/2024-2\/cuig-cinn-de-scannain-rispeisiula-de-chuid-tg4-ar-taispeaint-ag-fleadh-scannan-na-gaillimhe-i-mbliana\/\" \/>\n<meta property=\"og:site_name\" content=\"TG4\" \/>\n<meta property=\"article:publisher\" content=\"https:\/\/www.facebook.com\/TG4TV\" \/>\n<meta property=\"article:modified_time\" content=\"2024-06-26T14:57:19+00:00\" \/>\n<meta property=\"og:image\" content=\"https:\/\/tg4-docs.s3.amazonaws.com\/wp-content\/uploads\/2024\/06\/26095055\/KNEECAP_1-1920x1080-1.jpg\" \/>\n\t<meta property=\"og:image:width\" content=\"1920\" \/>\n\t<meta property=\"og:image:height\" content=\"1080\" \/>\n\t<meta property=\"og:image:type\" content=\"image\/jpeg\" \/>\n<meta name=\"twitter:card\" content=\"summary_large_image\" \/>\n<meta name=\"twitter:image\" content=\"https:\/\/tg4-docs.s3.amazonaws.com\/wp-content\/uploads\/2024\/06\/26095055\/KNEECAP_1-1920x1080-1.jpg\" \/>\n<meta name=\"twitter:site\" content=\"@TG4TV\" \/>\n<meta name=\"twitter:label1\" content=\"Est. reading time\" \/>\n\t<meta name=\"twitter:data1\" content=\"5 minutes\" \/>\n<script type=\"application\/ld+json\" class=\"yoast-schema-graph\">{\"@context\":\"https:\/\/schema.org\",\"@graph\":[{\"@type\":\"WebPage\",\"@id\":\"https:\/\/dev.tg4.ie\/ga\/eolas\/preas\/nuacht-raitis\/2024-2\/cuig-cinn-de-scannain-rispeisiula-de-chuid-tg4-ar-taispeaint-ag-fleadh-scannan-na-gaillimhe-i-mbliana\/\",\"url\":\"https:\/\/dev.tg4.ie\/ga\/eolas\/preas\/nuacht-raitis\/2024-2\/cuig-cinn-de-scannain-rispeisiula-de-chuid-tg4-ar-taispeaint-ag-fleadh-scannan-na-gaillimhe-i-mbliana\/\",\"name\":\"C\u00faig cinn de Scann\u00e1in R\u00edsp\u00e9isi\u00fala de chuid TG4 ar Taispe\u00e1int ag Fleadh Scann\u00e1n na Gaillimhe i mbliana | Preas R\u00e1iteas | TG4\",\"isPartOf\":{\"@id\":\"https:\/\/dev.tg4.ie\/en\/#website\"},\"primaryImageOfPage\":{\"@id\":\"https:\/\/dev.tg4.ie\/ga\/eolas\/preas\/nuacht-raitis\/2024-2\/cuig-cinn-de-scannain-rispeisiula-de-chuid-tg4-ar-taispeaint-ag-fleadh-scannan-na-gaillimhe-i-mbliana\/#primaryimage\"},\"image\":{\"@id\":\"https:\/\/dev.tg4.ie\/ga\/eolas\/preas\/nuacht-raitis\/2024-2\/cuig-cinn-de-scannain-rispeisiula-de-chuid-tg4-ar-taispeaint-ag-fleadh-scannan-na-gaillimhe-i-mbliana\/#primaryimage\"},\"thumbnailUrl\":\"https:\/\/dev.tg4.ie\/wp-content\/uploads\/2024\/06\/KNEECAP_1-1920x1080-1.jpg\",\"datePublished\":\"2024-06-26T09:17:45+00:00\",\"dateModified\":\"2024-06-26T14:57:19+00:00\",\"description\":\"Is \u00e1bhar m\u00f3rtais ag TG4 a fh\u00f3gairt go mbeidh c\u00faig cinn de scann\u00e1in mhealltacha \u00e1 dtaispe\u00e1int den ch\u00e9ad uair in \u00c9irinn ag Fleadh Scann\u00e1n na Gaillimhe.\",\"breadcrumb\":{\"@id\":\"https:\/\/dev.tg4.ie\/ga\/eolas\/preas\/nuacht-raitis\/2024-2\/cuig-cinn-de-scannain-rispeisiula-de-chuid-tg4-ar-taispeaint-ag-fleadh-scannan-na-gaillimhe-i-mbliana\/#breadcrumb\"},\"inLanguage\":\"ga\",\"potentialAction\":[{\"@type\":\"ReadAction\",\"target\":[\"https:\/\/dev.tg4.ie\/ga\/eolas\/preas\/nuacht-raitis\/2024-2\/cuig-cinn-de-scannain-rispeisiula-de-chuid-tg4-ar-taispeaint-ag-fleadh-scannan-na-gaillimhe-i-mbliana\/\"]}]},{\"@type\":\"ImageObject\",\"inLanguage\":\"ga\",\"@id\":\"https:\/\/dev.tg4.ie\/ga\/eolas\/preas\/nuacht-raitis\/2024-2\/cuig-cinn-de-scannain-rispeisiula-de-chuid-tg4-ar-taispeaint-ag-fleadh-scannan-na-gaillimhe-i-mbliana\/#primaryimage\",\"url\":\"https:\/\/dev.tg4.ie\/wp-content\/uploads\/2024\/06\/KNEECAP_1-1920x1080-1.jpg\",\"contentUrl\":\"https:\/\/dev.tg4.ie\/wp-content\/uploads\/2024\/06\/KNEECAP_1-1920x1080-1.jpg\"},{\"@type\":\"BreadcrumbList\",\"@id\":\"https:\/\/dev.tg4.ie\/ga\/eolas\/preas\/nuacht-raitis\/2024-2\/cuig-cinn-de-scannain-rispeisiula-de-chuid-tg4-ar-taispeaint-ag-fleadh-scannan-na-gaillimhe-i-mbliana\/#breadcrumb\",\"itemListElement\":[{\"@type\":\"ListItem\",\"position\":1,\"name\":\"Home\",\"item\":\"https:\/\/dev.tg4.ie\/ga\/\"},{\"@type\":\"ListItem\",\"position\":2,\"name\":\"Eolas\",\"item\":\"https:\/\/dev.tg4.ie\/ga\/eolas\/\"},{\"@type\":\"ListItem\",\"position\":3,\"name\":\"Preas\",\"item\":\"https:\/\/dev.tg4.ie\/ga\/eolas\/preas\/\"},{\"@type\":\"ListItem\",\"position\":4,\"name\":\"Nuacht R\u00e1itis\",\"item\":\"https:\/\/dev.tg4.ie\/ga\/eolas\/preas\/nuacht-raitis\/\"},{\"@type\":\"ListItem\",\"position\":5,\"name\":\"2024\",\"item\":\"https:\/\/dev.tg4.ie\/ga\/eolas\/preas\/nuacht-raitis\/2024-2\/\"},{\"@type\":\"ListItem\",\"position\":6,\"name\":\"C\u00faig cinn de Scann\u00e1in R\u00edsp\u00e9isi\u00fala de chuid TG4 ar Taispe\u00e1int ag Fleadh Scann\u00e1n na Gaillimhe i mbliana\"}]},{\"@type\":\"WebSite\",\"@id\":\"https:\/\/dev.tg4.ie\/en\/#website\",\"url\":\"https:\/\/dev.tg4.ie\/en\/\",\"name\":\"TG4\",\"description\":\"S\u00fail Eile\",\"potentialAction\":[{\"@type\":\"SearchAction\",\"target\":{\"@type\":\"EntryPoint\",\"urlTemplate\":\"https:\/\/dev.tg4.ie\/en\/?s={search_term_string}\"},\"query-input\":\"required name=search_term_string\"}],\"inLanguage\":\"ga\"}]}<\/script>\n<!-- \/ Yoast SEO plugin. -->","yoast_head_json":{"title":"C\u00faig cinn de Scann\u00e1in R\u00edsp\u00e9isi\u00fala de chuid TG4 ar Taispe\u00e1int ag Fleadh Scann\u00e1n na Gaillimhe i mbliana | Preas R\u00e1iteas | TG4","description":"Is \u00e1bhar m\u00f3rtais ag TG4 a fh\u00f3gairt go mbeidh c\u00faig cinn de scann\u00e1in mhealltacha \u00e1 dtaispe\u00e1int den ch\u00e9ad uair in \u00c9irinn ag Fleadh Scann\u00e1n na Gaillimhe.","robots":{"index":"index","follow":"follow","max-snippet":"max-snippet:-1","max-image-preview":"max-image-preview:large","max-video-preview":"max-video-preview:-1"},"og_locale":"en_US","og_type":"article","og_title":"C\u00faig cinn de Scann\u00e1in R\u00edsp\u00e9isi\u00fala de chuid TG4 ar Taispe\u00e1int ag Fleadh Scann\u00e1n na Gaillimhe i mbliana | Preas R\u00e1iteas | TG4","og_description":"Is \u00e1bhar m\u00f3rtais ag TG4 a fh\u00f3gairt go mbeidh c\u00faig cinn de scann\u00e1in mhealltacha \u00e1 dtaispe\u00e1int den ch\u00e9ad uair in \u00c9irinn ag Fleadh Scann\u00e1n na Gaillimhe.","og_url":"https:\/\/dev.tg4.ie\/ga\/eolas\/preas\/nuacht-raitis\/2024-2\/cuig-cinn-de-scannain-rispeisiula-de-chuid-tg4-ar-taispeaint-ag-fleadh-scannan-na-gaillimhe-i-mbliana\/","og_site_name":"TG4","article_publisher":"https:\/\/www.facebook.com\/TG4TV","article_modified_time":"2024-06-26T14:57:19+00:00","og_image":[{"width":1920,"height":1080,"url":"https:\/\/tg4-docs.s3.amazonaws.com\/wp-content\/uploads\/2024\/06\/26095055\/KNEECAP_1-1920x1080-1.jpg","type":"image\/jpeg"}],"twitter_card":"summary_large_image","twitter_image":"https:\/\/tg4-docs.s3.amazonaws.com\/wp-content\/uploads\/2024\/06\/26095055\/KNEECAP_1-1920x1080-1.jpg","twitter_site":"@TG4TV","twitter_misc":{"Est. reading time":"5 minutes"},"schema":{"@context":"https:\/\/schema.org","@graph":[{"@type":"WebPage","@id":"https:\/\/dev.tg4.ie\/ga\/eolas\/preas\/nuacht-raitis\/2024-2\/cuig-cinn-de-scannain-rispeisiula-de-chuid-tg4-ar-taispeaint-ag-fleadh-scannan-na-gaillimhe-i-mbliana\/","url":"https:\/\/dev.tg4.ie\/ga\/eolas\/preas\/nuacht-raitis\/2024-2\/cuig-cinn-de-scannain-rispeisiula-de-chuid-tg4-ar-taispeaint-ag-fleadh-scannan-na-gaillimhe-i-mbliana\/","name":"C\u00faig cinn de Scann\u00e1in R\u00edsp\u00e9isi\u00fala de chuid TG4 ar Taispe\u00e1int ag Fleadh Scann\u00e1n na Gaillimhe i mbliana | Preas R\u00e1iteas | TG4","isPartOf":{"@id":"https:\/\/dev.tg4.ie\/en\/#website"},"primaryImageOfPage":{"@id":"https:\/\/dev.tg4.ie\/ga\/eolas\/preas\/nuacht-raitis\/2024-2\/cuig-cinn-de-scannain-rispeisiula-de-chuid-tg4-ar-taispeaint-ag-fleadh-scannan-na-gaillimhe-i-mbliana\/#primaryimage"},"image":{"@id":"https:\/\/dev.tg4.ie\/ga\/eolas\/preas\/nuacht-raitis\/2024-2\/cuig-cinn-de-scannain-rispeisiula-de-chuid-tg4-ar-taispeaint-ag-fleadh-scannan-na-gaillimhe-i-mbliana\/#primaryimage"},"thumbnailUrl":"https:\/\/dev.tg4.ie\/wp-content\/uploads\/2024\/06\/KNEECAP_1-1920x1080-1.jpg","datePublished":"2024-06-26T09:17:45+00:00","dateModified":"2024-06-26T14:57:19+00:00","description":"Is \u00e1bhar m\u00f3rtais ag TG4 a fh\u00f3gairt go mbeidh c\u00faig cinn de scann\u00e1in mhealltacha \u00e1 dtaispe\u00e1int den ch\u00e9ad uair in \u00c9irinn ag Fleadh Scann\u00e1n na Gaillimhe.","breadcrumb":{"@id":"https:\/\/dev.tg4.ie\/ga\/eolas\/preas\/nuacht-raitis\/2024-2\/cuig-cinn-de-scannain-rispeisiula-de-chuid-tg4-ar-taispeaint-ag-fleadh-scannan-na-gaillimhe-i-mbliana\/#breadcrumb"},"inLanguage":"ga","potentialAction":[{"@type":"ReadAction","target":["https:\/\/dev.tg4.ie\/ga\/eolas\/preas\/nuacht-raitis\/2024-2\/cuig-cinn-de-scannain-rispeisiula-de-chuid-tg4-ar-taispeaint-ag-fleadh-scannan-na-gaillimhe-i-mbliana\/"]}]},{"@type":"ImageObject","inLanguage":"ga","@id":"https:\/\/dev.tg4.ie\/ga\/eolas\/preas\/nuacht-raitis\/2024-2\/cuig-cinn-de-scannain-rispeisiula-de-chuid-tg4-ar-taispeaint-ag-fleadh-scannan-na-gaillimhe-i-mbliana\/#primaryimage","url":"https:\/\/dev.tg4.ie\/wp-content\/uploads\/2024\/06\/KNEECAP_1-1920x1080-1.jpg","contentUrl":"https:\/\/dev.tg4.ie\/wp-content\/uploads\/2024\/06\/KNEECAP_1-1920x1080-1.jpg"},{"@type":"BreadcrumbList","@id":"https:\/\/dev.tg4.ie\/ga\/eolas\/preas\/nuacht-raitis\/2024-2\/cuig-cinn-de-scannain-rispeisiula-de-chuid-tg4-ar-taispeaint-ag-fleadh-scannan-na-gaillimhe-i-mbliana\/#breadcrumb","itemListElement":[{"@type":"ListItem","position":1,"name":"Home","item":"https:\/\/dev.tg4.ie\/ga\/"},{"@type":"ListItem","position":2,"name":"Eolas","item":"https:\/\/dev.tg4.ie\/ga\/eolas\/"},{"@type":"ListItem","position":3,"name":"Preas","item":"https:\/\/dev.tg4.ie\/ga\/eolas\/preas\/"},{"@type":"ListItem","position":4,"name":"Nuacht R\u00e1itis","item":"https:\/\/dev.tg4.ie\/ga\/eolas\/preas\/nuacht-raitis\/"},{"@type":"ListItem","position":5,"name":"2024","item":"https:\/\/dev.tg4.ie\/ga\/eolas\/preas\/nuacht-raitis\/2024-2\/"},{"@type":"ListItem","position":6,"name":"C\u00faig cinn de Scann\u00e1in R\u00edsp\u00e9isi\u00fala de chuid TG4 ar Taispe\u00e1int ag Fleadh Scann\u00e1n na Gaillimhe i mbliana"}]},{"@type":"WebSite","@id":"https:\/\/dev.tg4.ie\/en\/#website","url":"https:\/\/dev.tg4.ie\/en\/","name":"TG4","description":"S\u00fail Eile","potentialAction":[{"@type":"SearchAction","target":{"@type":"EntryPoint","urlTemplate":"https:\/\/dev.tg4.ie\/en\/?s={search_term_string}"},"query-input":"required name=search_term_string"}],"inLanguage":"ga"}]}},"_links":{"self":[{"href":"https:\/\/dev.tg4.ie\/ga\/wp-json\/wp\/v2\/pages\/217751"}],"collection":[{"href":"https:\/\/dev.tg4.ie\/ga\/wp-json\/wp\/v2\/pages"}],"about":[{"href":"https:\/\/dev.tg4.ie\/ga\/wp-json\/wp\/v2\/types\/page"}],"author":[{"embeddable":true,"href":"https:\/\/dev.tg4.ie\/ga\/wp-json\/wp\/v2\/users\/876"}],"replies":[{"embeddable":true,"href":"https:\/\/dev.tg4.ie\/ga\/wp-json\/wp\/v2\/comments?post=217751"}],"version-history":[{"count":0,"href":"https:\/\/dev.tg4.ie\/ga\/wp-json\/wp\/v2\/pages\/217751\/revisions"}],"up":[{"embeddable":true,"href":"https:\/\/dev.tg4.ie\/ga\/wp-json\/wp\/v2\/pages\/208148"}],"wp:attachment":[{"href":"https:\/\/dev.tg4.ie\/ga\/wp-json\/wp\/v2\/media?parent=217751"}],"curies":[{"name":"wp","href":"https:\/\/api.w.org\/{rel}","templated":true}]}}