{"id":226278,"date":"2024-07-10T17:26:14","date_gmt":"2024-07-10T16:26:14","guid":{"rendered":"https:\/\/dev.tg4.ie\/?page_id=226278"},"modified":"2024-07-10T17:26:14","modified_gmt":"2024-07-10T16:26:14","slug":"ta-sceim-forbartha-cine4-ag-glacadh-le-hiarratais-le-haghaidh-priomhscannan-anois","status":"publish","type":"page","link":"https:\/\/dev.tg4.ie\/ga\/eolas\/preas\/nuacht-raitis\/2024-2\/ta-sceim-forbartha-cine4-ag-glacadh-le-hiarratais-le-haghaidh-priomhscannan-anois\/","title":{"rendered":"T\u00e1 sc\u00e9im forbartha Cine4 ag glacadh le hiarratais le haghaidh pr\u00edomhscann\u00e1n anois."},"content":{"rendered":"<p><img loading=\"lazy\" decoding=\"async\" width=\"800\" height=\"224\" src=\"https:\/\/tg4-docs.s3.amazonaws.com\/wp-content\/uploads\/2024\/07\/10124452\/Cine4_2024_daite_jpeg_draft.jpg\" alt=\"\" class=\"alignnone size-full wp-image-226079\" srcset=\"https:\/\/tg4-docs.s3.amazonaws.com\/wp-content\/uploads\/2024\/07\/10124452\/Cine4_2024_daite_jpeg_draft.jpg 800w, https:\/\/tg4-docs.s3.amazonaws.com\/wp-content\/uploads\/2024\/07\/10124452\/Cine4_2024_daite_jpeg_draft-250x70.jpg 250w, https:\/\/tg4-docs.s3.amazonaws.com\/wp-content\/uploads\/2024\/07\/10124452\/Cine4_2024_daite_jpeg_draft-700x196.jpg 700w, https:\/\/tg4-docs.s3.amazonaws.com\/wp-content\/uploads\/2024\/07\/10124452\/Cine4_2024_daite_jpeg_draft-252x71.jpg 252w, https:\/\/tg4-docs.s3.amazonaws.com\/wp-content\/uploads\/2024\/07\/10124452\/Cine4_2024_daite_jpeg_draft-120x34.jpg 120w\" sizes=\"(max-width: 800px) 100vw, 800px\" \/><\/p>\n<p>&nbsp;<br \/>\n<strong><\/p>\n<ul>\n<li>T\u00e1 \u00e9acht d\u00e9anta cheana f\u00e9in ag an sc\u00e9im seo a bhfuil ocht gcinn de phr\u00edomhscann\u00e1in Ghaeilge l\u00e9irithe mar thoradh uirthi le c\u00faig bliana<\/li>\n<li>Taispe\u00e1nfar Fidil Ghorm, tionscadal l\u00e9iri\u00fach\u00e1in is d\u00e9ana\u00ed Cine4, don domhan den ch\u00e9ad uair ag Fleadh Scann\u00e1n na Gaillimhe<\/li>\n<\/ul>\n<p><\/strong><br \/>\n&nbsp;<br \/>\nIs f\u00e9idir iarratais a dh\u00e9anamh ar bhabhta 2024 Cine4, an sc\u00e9im forbartha le haghaidh pr\u00edomhscann\u00e1in Ghaeilge, anois.  T\u00e1 an tionscnamh seo c\u00faig bliana ar an bhf\u00f3d i mbliana, tionscnamh a bhfuil ocht gcinn de phr\u00edomhscann\u00e1in Ghaeilge mar thoradh air go dt\u00ed seo &#8211; agus n\u00e1 d\u00e9anaimis dearmad ar an \u00e9acht iontach a baineadh amach nuair a fuair An Cail\u00edn Ci\u00fain ainmni\u00fach\u00e1n ag Gradaim Oscar in 2023.<br \/>\n&nbsp;<br \/>\nCuireadh t\u00fas leis an mbabhta iarratais le linn Fhleadh Scann\u00e1n na Gaillimhe an tseachtain seo, \u00e1it ar taispe\u00e1nadh Fidil Ghorm &#8211; an tionscadal is d\u00e9ana\u00ed a l\u00e9ir\u00edodh faoin sc\u00e9im &#8211; don domhan den ch\u00e9ad uair. Is \u00ed Anne McCabe a bh\u00ed i mbun sti\u00fartha ar Fidil Ghorm agus ba \u00ed an scr\u00edbhneoir agus Laureate reatha na n\u00d3g, Patricia Forde, a scr\u00edobh an script scann\u00e1in. Rinneadh an scann\u00e1n a thaifeadadh ar an l\u00e1thair i R\u00e1th Maol\u00e1in i gCo. Dh\u00fan na nGall. Sc\u00e9al \u00e9 faoi Molly, at\u00e1 10 mbliana d\u2019aois, agus at\u00e1 cinnte de go mbeidh s\u00ed in ann a hathair a dh\u00faiseacht as a ch\u00f3ma nuair a chastar seanfhidl\u00e9ir a bhfuil \u2018dra\u00edocht ina chuid l\u00e1mh\u2019 uirthi &#8211; ach is gearr go dtuigeann s\u00ed gur ioma\u00ed cine\u00e1l dra\u00edochta ann. Seo blaiseadh den scann\u00e1n: <a href=\"https:\/\/vimeo.com\/944498718\/2d26d8b0ad\" rel=\"noopener\" target=\"_blank\">https:\/\/vimeo.com\/944498718\/2d26d8b0ad<\/a><br \/>\n&nbsp;<br \/>\nBeidh tr\u00ed ch\u00e9im i gceist le sc\u00e9im Cine4 na bliana seo, agus beidh c\u00e9im sa bhreis don fhorbairt san \u00e1ireamh chomh maith, c\u00e9im a bheidh maoinithe i gcomhar ag TG4 agus F\u00eds \u00c9ireann. Is aitheantas \u00e9 an maoini\u00fa breise seo ar an rath ollmh\u00f3r a bh\u00ed ar an tionscnamh go dt\u00ed seo, tionscnamh a bhfuil dl\u00fas curtha aige le d\u00e9anamh scann\u00e1n Gaeilge le blianta beaga anuas agus a bhfuil athr\u00fa cult\u00fair cruthaithe aige i nd\u00e1il le h\u00e9ileamh an lucht f\u00e9achana &#8211; an lucht f\u00e9achana idirn\u00e1isi\u00fanta agus sa bhaile araon &#8211; ar scann\u00e1in Ghaeilge.<br \/>\n&nbsp;<br \/>\nRoghn\u00f3far suas le c\u00faig thionscadal le haghaidh forbairt tosaigh, agus rachaidh p\u00e9ire acu ar aghaidh go dt\u00ed an dara babhta d&#8217;fhorbairt bhreise. T\u00e1 \u20ac25,000 breise ar f\u00e1il don ch\u00e9im forbartha seo agus t\u00e1 s\u00e9 l\u00e1nroghnach maidir le c\u00e9 at\u00e1 in ann leas a bhaint as. Cuirfear an d\u00e1 thionscadal sin ar aghaidh ansin chun iarratas a dh\u00e9anamh ar an gc\u00e9ad bhabhta l\u00e9irithe cu\u00ed eile &#8211; Ciste \u2018Fuaim agus F\u00eds\u2019 Choimisi\u00fan na Me\u00e1n agus Maoini\u00fa L\u00e9irithe Fh\u00eds \u00c9ireann.<br \/>\n&nbsp;<br \/>\nLe taca\u00edocht \u00f3 TG4, F\u00eds \u00c9ireann agus Coimisi\u00fan na Me\u00e1n, leanann sc\u00e9im Cine4 de sc\u00e9ala\u00edocht l\u00e1idir, bua f\u00edsi\u00fail agus ardluachanna l\u00e9iri\u00fach\u00e1in a spreagadh don sc\u00e1ile\u00e1n m\u00f3r.  Anois agus an tionscnamh ina ch\u00faigi\u00fa bliain \u00f3 buna\u00edodh \u00e9 in 2019, t\u00e1 \u00e9irithe thar barr leis ag cur dl\u00fas le scann\u00e1na\u00edocht na Gaeilge le blianta beaga anuas agus ag tac\u00fa le hathr\u00fa cult\u00fair i nd\u00e1il le h\u00e9ileamh an lucht f\u00e9achana \u2013 an lucht f\u00e9achana idirn\u00e1isi\u00fanta agus sa bhaile araon \u2013 ar scann\u00e1in Ghaeilge.<br \/>\n&nbsp;<br \/>\nIs f\u00e9idir iarratais a dh\u00e9anamh ar bhabhta 2024 de Cine4 anois, agus beifear ag glacadh leo go dt\u00ed an 24 Deireadh F\u00f3mhair 2024.<br \/>\n&nbsp;<br \/>\nM\u00e1 theasta\u00edonn tuilleadh sonra\u00ed n\u00f3 tuilleadh eolais ar na riachtanais agus ar an gcaoi le hiarratas a dh\u00e9anamh uait, is f\u00e9idir na treoirl\u00ednte ioml\u00e1na a fh\u00e1il anseo: <a href=\"https:\/\/dev.tg4.ie\/Cine4-2024\" rel=\"noopener\" target=\"_blank\">https:\/\/dev.tg4.ie\/Cine4-2024<\/a> <\/p>\n<p>&nbsp;<\/p>\n","protected":false},"excerpt":{"rendered":"<p>&nbsp; T\u00e1 \u00e9acht d\u00e9anta cheana f\u00e9in ag an sc\u00e9im seo a bhfuil ocht gcinn de phr\u00edomhscann\u00e1in Ghaeilge l\u00e9irithe mar thoradh uirthi le c\u00faig bliana Taispe\u00e1nfar Fidil Ghorm, tionscadal l\u00e9iri\u00fach\u00e1in is d\u00e9ana\u00ed Cine4, don domhan den ch\u00e9ad uair ag Fleadh Scann\u00e1n na Gaillimhe &nbsp; Is f\u00e9idir iarratais a dh\u00e9anamh ar bhabhta 2024 Cine4, an sc\u00e9im forbartha [&hellip;]<\/p>\n","protected":false},"author":876,"featured_media":0,"parent":208148,"menu_order":18,"comment_status":"closed","ping_status":"closed","template":"page-templates\/template-pr.php","meta":{"_acf_changed":false,"footnotes":""},"acf":[],"yoast_head":"<!-- This site is optimized with the Yoast SEO plugin v22.6 - https:\/\/yoast.com\/wordpress\/plugins\/seo\/ -->\n<title>T\u00e1 sc\u00e9im forbartha Cine4 ag glacadh le hiarratais le haghaidh pr\u00edomhscann\u00e1n anois | Preas R\u00e1iteas | TG4<\/title>\n<meta name=\"description\" content=\"Is f\u00e9idir iarratais a dh\u00e9anamh ar bhabhta 2024 Cine4, an sc\u00e9im forbartha le haghaidh pr\u00edomhscann\u00e1in Ghaeilge, anois.\" \/>\n<meta name=\"robots\" content=\"index, follow, max-snippet:-1, max-image-preview:large, max-video-preview:-1\" \/>\n<meta property=\"og:locale\" content=\"en_US\" \/>\n<meta property=\"og:type\" content=\"article\" \/>\n<meta property=\"og:title\" content=\"T\u00e1 sc\u00e9im forbartha Cine4 ag glacadh le hiarratais le haghaidh pr\u00edomhscann\u00e1n anois | Preas R\u00e1iteas | TG4\" \/>\n<meta property=\"og:description\" content=\"Is f\u00e9idir iarratais a dh\u00e9anamh ar bhabhta 2024 Cine4, an sc\u00e9im forbartha le haghaidh pr\u00edomhscann\u00e1in Ghaeilge, anois.\" \/>\n<meta property=\"og:url\" content=\"https:\/\/dev.tg4.ie\/ga\/eolas\/preas\/nuacht-raitis\/2024-2\/ta-sceim-forbartha-cine4-ag-glacadh-le-hiarratais-le-haghaidh-priomhscannan-anois\/\" \/>\n<meta property=\"og:site_name\" content=\"TG4\" \/>\n<meta property=\"article:publisher\" content=\"https:\/\/www.facebook.com\/TG4TV\" \/>\n<meta property=\"og:image\" content=\"https:\/\/tg4-docs.s3.amazonaws.com\/wp-content\/uploads\/2024\/07\/10172534\/Cine4_1280x720.jpg\" \/>\n\t<meta property=\"og:image:width\" content=\"1280\" \/>\n\t<meta property=\"og:image:height\" content=\"720\" \/>\n\t<meta property=\"og:image:type\" content=\"image\/jpeg\" \/>\n<meta name=\"twitter:card\" content=\"summary_large_image\" \/>\n<meta name=\"twitter:image\" content=\"https:\/\/tg4-docs.s3.amazonaws.com\/wp-content\/uploads\/2024\/07\/10172534\/Cine4_1280x720.jpg\" \/>\n<meta name=\"twitter:site\" content=\"@TG4TV\" \/>\n<meta name=\"twitter:label1\" content=\"Est. reading time\" \/>\n\t<meta name=\"twitter:data1\" content=\"3 minutes\" \/>\n<script type=\"application\/ld+json\" class=\"yoast-schema-graph\">{\"@context\":\"https:\/\/schema.org\",\"@graph\":[{\"@type\":\"WebPage\",\"@id\":\"https:\/\/dev.tg4.ie\/ga\/eolas\/preas\/nuacht-raitis\/2024-2\/ta-sceim-forbartha-cine4-ag-glacadh-le-hiarratais-le-haghaidh-priomhscannan-anois\/\",\"url\":\"https:\/\/dev.tg4.ie\/ga\/eolas\/preas\/nuacht-raitis\/2024-2\/ta-sceim-forbartha-cine4-ag-glacadh-le-hiarratais-le-haghaidh-priomhscannan-anois\/\",\"name\":\"T\u00e1 sc\u00e9im forbartha Cine4 ag glacadh le hiarratais le haghaidh pr\u00edomhscann\u00e1n anois | Preas R\u00e1iteas | TG4\",\"isPartOf\":{\"@id\":\"https:\/\/dev.tg4.ie\/en\/#website\"},\"primaryImageOfPage\":{\"@id\":\"https:\/\/dev.tg4.ie\/ga\/eolas\/preas\/nuacht-raitis\/2024-2\/ta-sceim-forbartha-cine4-ag-glacadh-le-hiarratais-le-haghaidh-priomhscannan-anois\/#primaryimage\"},\"image\":{\"@id\":\"https:\/\/dev.tg4.ie\/ga\/eolas\/preas\/nuacht-raitis\/2024-2\/ta-sceim-forbartha-cine4-ag-glacadh-le-hiarratais-le-haghaidh-priomhscannan-anois\/#primaryimage\"},\"thumbnailUrl\":\"https:\/\/dev.tg4.ie\/wp-content\/uploads\/2024\/07\/Cine4_2024_daite_jpeg_draft.jpg\",\"datePublished\":\"2024-07-10T16:26:14+00:00\",\"dateModified\":\"2024-07-10T16:26:14+00:00\",\"description\":\"Is f\u00e9idir iarratais a dh\u00e9anamh ar bhabhta 2024 Cine4, an sc\u00e9im forbartha le haghaidh pr\u00edomhscann\u00e1in Ghaeilge, anois.\",\"breadcrumb\":{\"@id\":\"https:\/\/dev.tg4.ie\/ga\/eolas\/preas\/nuacht-raitis\/2024-2\/ta-sceim-forbartha-cine4-ag-glacadh-le-hiarratais-le-haghaidh-priomhscannan-anois\/#breadcrumb\"},\"inLanguage\":\"ga\",\"potentialAction\":[{\"@type\":\"ReadAction\",\"target\":[\"https:\/\/dev.tg4.ie\/ga\/eolas\/preas\/nuacht-raitis\/2024-2\/ta-sceim-forbartha-cine4-ag-glacadh-le-hiarratais-le-haghaidh-priomhscannan-anois\/\"]}]},{\"@type\":\"ImageObject\",\"inLanguage\":\"ga\",\"@id\":\"https:\/\/dev.tg4.ie\/ga\/eolas\/preas\/nuacht-raitis\/2024-2\/ta-sceim-forbartha-cine4-ag-glacadh-le-hiarratais-le-haghaidh-priomhscannan-anois\/#primaryimage\",\"url\":\"https:\/\/dev.tg4.ie\/wp-content\/uploads\/2024\/07\/Cine4_2024_daite_jpeg_draft.jpg\",\"contentUrl\":\"https:\/\/dev.tg4.ie\/wp-content\/uploads\/2024\/07\/Cine4_2024_daite_jpeg_draft.jpg\"},{\"@type\":\"BreadcrumbList\",\"@id\":\"https:\/\/dev.tg4.ie\/ga\/eolas\/preas\/nuacht-raitis\/2024-2\/ta-sceim-forbartha-cine4-ag-glacadh-le-hiarratais-le-haghaidh-priomhscannan-anois\/#breadcrumb\",\"itemListElement\":[{\"@type\":\"ListItem\",\"position\":1,\"name\":\"Home\",\"item\":\"https:\/\/dev.tg4.ie\/ga\/\"},{\"@type\":\"ListItem\",\"position\":2,\"name\":\"Eolas\",\"item\":\"https:\/\/dev.tg4.ie\/ga\/eolas\/\"},{\"@type\":\"ListItem\",\"position\":3,\"name\":\"Preas\",\"item\":\"https:\/\/dev.tg4.ie\/ga\/eolas\/preas\/\"},{\"@type\":\"ListItem\",\"position\":4,\"name\":\"Nuacht R\u00e1itis\",\"item\":\"https:\/\/dev.tg4.ie\/ga\/eolas\/preas\/nuacht-raitis\/\"},{\"@type\":\"ListItem\",\"position\":5,\"name\":\"2024\",\"item\":\"https:\/\/dev.tg4.ie\/ga\/eolas\/preas\/nuacht-raitis\/2024-2\/\"},{\"@type\":\"ListItem\",\"position\":6,\"name\":\"T\u00e1 sc\u00e9im forbartha Cine4 ag glacadh le hiarratais le haghaidh pr\u00edomhscann\u00e1n anois.\"}]},{\"@type\":\"WebSite\",\"@id\":\"https:\/\/dev.tg4.ie\/en\/#website\",\"url\":\"https:\/\/dev.tg4.ie\/en\/\",\"name\":\"TG4\",\"description\":\"S\u00fail Eile\",\"potentialAction\":[{\"@type\":\"SearchAction\",\"target\":{\"@type\":\"EntryPoint\",\"urlTemplate\":\"https:\/\/dev.tg4.ie\/en\/?s={search_term_string}\"},\"query-input\":\"required name=search_term_string\"}],\"inLanguage\":\"ga\"}]}<\/script>\n<!-- \/ Yoast SEO plugin. -->","yoast_head_json":{"title":"T\u00e1 sc\u00e9im forbartha Cine4 ag glacadh le hiarratais le haghaidh pr\u00edomhscann\u00e1n anois | Preas R\u00e1iteas | TG4","description":"Is f\u00e9idir iarratais a dh\u00e9anamh ar bhabhta 2024 Cine4, an sc\u00e9im forbartha le haghaidh pr\u00edomhscann\u00e1in Ghaeilge, anois.","robots":{"index":"index","follow":"follow","max-snippet":"max-snippet:-1","max-image-preview":"max-image-preview:large","max-video-preview":"max-video-preview:-1"},"og_locale":"en_US","og_type":"article","og_title":"T\u00e1 sc\u00e9im forbartha Cine4 ag glacadh le hiarratais le haghaidh pr\u00edomhscann\u00e1n anois | Preas R\u00e1iteas | TG4","og_description":"Is f\u00e9idir iarratais a dh\u00e9anamh ar bhabhta 2024 Cine4, an sc\u00e9im forbartha le haghaidh pr\u00edomhscann\u00e1in Ghaeilge, anois.","og_url":"https:\/\/dev.tg4.ie\/ga\/eolas\/preas\/nuacht-raitis\/2024-2\/ta-sceim-forbartha-cine4-ag-glacadh-le-hiarratais-le-haghaidh-priomhscannan-anois\/","og_site_name":"TG4","article_publisher":"https:\/\/www.facebook.com\/TG4TV","og_image":[{"width":1280,"height":720,"url":"https:\/\/tg4-docs.s3.amazonaws.com\/wp-content\/uploads\/2024\/07\/10172534\/Cine4_1280x720.jpg","type":"image\/jpeg"}],"twitter_card":"summary_large_image","twitter_image":"https:\/\/tg4-docs.s3.amazonaws.com\/wp-content\/uploads\/2024\/07\/10172534\/Cine4_1280x720.jpg","twitter_site":"@TG4TV","twitter_misc":{"Est. reading time":"3 minutes"},"schema":{"@context":"https:\/\/schema.org","@graph":[{"@type":"WebPage","@id":"https:\/\/dev.tg4.ie\/ga\/eolas\/preas\/nuacht-raitis\/2024-2\/ta-sceim-forbartha-cine4-ag-glacadh-le-hiarratais-le-haghaidh-priomhscannan-anois\/","url":"https:\/\/dev.tg4.ie\/ga\/eolas\/preas\/nuacht-raitis\/2024-2\/ta-sceim-forbartha-cine4-ag-glacadh-le-hiarratais-le-haghaidh-priomhscannan-anois\/","name":"T\u00e1 sc\u00e9im forbartha Cine4 ag glacadh le hiarratais le haghaidh pr\u00edomhscann\u00e1n anois | Preas R\u00e1iteas | TG4","isPartOf":{"@id":"https:\/\/dev.tg4.ie\/en\/#website"},"primaryImageOfPage":{"@id":"https:\/\/dev.tg4.ie\/ga\/eolas\/preas\/nuacht-raitis\/2024-2\/ta-sceim-forbartha-cine4-ag-glacadh-le-hiarratais-le-haghaidh-priomhscannan-anois\/#primaryimage"},"image":{"@id":"https:\/\/dev.tg4.ie\/ga\/eolas\/preas\/nuacht-raitis\/2024-2\/ta-sceim-forbartha-cine4-ag-glacadh-le-hiarratais-le-haghaidh-priomhscannan-anois\/#primaryimage"},"thumbnailUrl":"https:\/\/dev.tg4.ie\/wp-content\/uploads\/2024\/07\/Cine4_2024_daite_jpeg_draft.jpg","datePublished":"2024-07-10T16:26:14+00:00","dateModified":"2024-07-10T16:26:14+00:00","description":"Is f\u00e9idir iarratais a dh\u00e9anamh ar bhabhta 2024 Cine4, an sc\u00e9im forbartha le haghaidh pr\u00edomhscann\u00e1in Ghaeilge, anois.","breadcrumb":{"@id":"https:\/\/dev.tg4.ie\/ga\/eolas\/preas\/nuacht-raitis\/2024-2\/ta-sceim-forbartha-cine4-ag-glacadh-le-hiarratais-le-haghaidh-priomhscannan-anois\/#breadcrumb"},"inLanguage":"ga","potentialAction":[{"@type":"ReadAction","target":["https:\/\/dev.tg4.ie\/ga\/eolas\/preas\/nuacht-raitis\/2024-2\/ta-sceim-forbartha-cine4-ag-glacadh-le-hiarratais-le-haghaidh-priomhscannan-anois\/"]}]},{"@type":"ImageObject","inLanguage":"ga","@id":"https:\/\/dev.tg4.ie\/ga\/eolas\/preas\/nuacht-raitis\/2024-2\/ta-sceim-forbartha-cine4-ag-glacadh-le-hiarratais-le-haghaidh-priomhscannan-anois\/#primaryimage","url":"https:\/\/dev.tg4.ie\/wp-content\/uploads\/2024\/07\/Cine4_2024_daite_jpeg_draft.jpg","contentUrl":"https:\/\/dev.tg4.ie\/wp-content\/uploads\/2024\/07\/Cine4_2024_daite_jpeg_draft.jpg"},{"@type":"BreadcrumbList","@id":"https:\/\/dev.tg4.ie\/ga\/eolas\/preas\/nuacht-raitis\/2024-2\/ta-sceim-forbartha-cine4-ag-glacadh-le-hiarratais-le-haghaidh-priomhscannan-anois\/#breadcrumb","itemListElement":[{"@type":"ListItem","position":1,"name":"Home","item":"https:\/\/dev.tg4.ie\/ga\/"},{"@type":"ListItem","position":2,"name":"Eolas","item":"https:\/\/dev.tg4.ie\/ga\/eolas\/"},{"@type":"ListItem","position":3,"name":"Preas","item":"https:\/\/dev.tg4.ie\/ga\/eolas\/preas\/"},{"@type":"ListItem","position":4,"name":"Nuacht R\u00e1itis","item":"https:\/\/dev.tg4.ie\/ga\/eolas\/preas\/nuacht-raitis\/"},{"@type":"ListItem","position":5,"name":"2024","item":"https:\/\/dev.tg4.ie\/ga\/eolas\/preas\/nuacht-raitis\/2024-2\/"},{"@type":"ListItem","position":6,"name":"T\u00e1 sc\u00e9im forbartha Cine4 ag glacadh le hiarratais le haghaidh pr\u00edomhscann\u00e1n anois."}]},{"@type":"WebSite","@id":"https:\/\/dev.tg4.ie\/en\/#website","url":"https:\/\/dev.tg4.ie\/en\/","name":"TG4","description":"S\u00fail Eile","potentialAction":[{"@type":"SearchAction","target":{"@type":"EntryPoint","urlTemplate":"https:\/\/dev.tg4.ie\/en\/?s={search_term_string}"},"query-input":"required name=search_term_string"}],"inLanguage":"ga"}]}},"_links":{"self":[{"href":"https:\/\/dev.tg4.ie\/ga\/wp-json\/wp\/v2\/pages\/226278"}],"collection":[{"href":"https:\/\/dev.tg4.ie\/ga\/wp-json\/wp\/v2\/pages"}],"about":[{"href":"https:\/\/dev.tg4.ie\/ga\/wp-json\/wp\/v2\/types\/page"}],"author":[{"embeddable":true,"href":"https:\/\/dev.tg4.ie\/ga\/wp-json\/wp\/v2\/users\/876"}],"replies":[{"embeddable":true,"href":"https:\/\/dev.tg4.ie\/ga\/wp-json\/wp\/v2\/comments?post=226278"}],"version-history":[{"count":0,"href":"https:\/\/dev.tg4.ie\/ga\/wp-json\/wp\/v2\/pages\/226278\/revisions"}],"up":[{"embeddable":true,"href":"https:\/\/dev.tg4.ie\/ga\/wp-json\/wp\/v2\/pages\/208148"}],"wp:attachment":[{"href":"https:\/\/dev.tg4.ie\/ga\/wp-json\/wp\/v2\/media?parent=226278"}],"curies":[{"name":"wp","href":"https:\/\/api.w.org\/{rel}","templated":true}]}}