{"id":231773,"date":"2024-07-24T14:19:00","date_gmt":"2024-07-24T13:19:00","guid":{"rendered":"https:\/\/dev.tg4.ie\/?page_id=231773"},"modified":"2024-07-24T14:19:00","modified_gmt":"2024-07-24T13:19:00","slug":"georgia-tech-v-florida-state-university-beo-ar-tg4-de-sathairn-an-24-lunasa","status":"publish","type":"page","link":"https:\/\/dev.tg4.ie\/ga\/eolas\/preas\/nuacht-raitis\/2024-2\/georgia-tech-v-florida-state-university-beo-ar-tg4-de-sathairn-an-24-lunasa\/","title":{"rendered":"Georgia Tech v Florida State University &#8211; Beo ar TG4 \u2013 D\u00e9 Sathairn an 24 L\u00fanasa (5 i.n.)"},"content":{"rendered":"<p><img decoding=\"async\" src=\"https:\/\/res.cloudinary.com\/dfwshshcn\/image\/upload\/t_Banner 16:9\/v1721825444\/College_Football_Classic_pmnxip.jpg\" alt=\"College Football Ireland\" \/><br \/>\n&nbsp;<br \/>\n<strong><\/p>\n<ul>\nGeorgia Tech v Florida State University &#8211; Beo ar TG4 \u2013 D\u00e9 Sathairn an 24 L\u00fanasa (5 i.n.)<\/ul>\n<p><\/strong><br \/>\nT\u00e1 deimhnithe ag TG4 go gcraolfar Cluiche Clasaiceach Idir Col\u00e1ist\u00ed 2024 Aer Lingus na bliana seo beo as St\u00e1id Aviva ar an st\u00e1isi\u00fan D\u00e9 Sathairn, an 24 L\u00fanasa.   Beidh Georgia Tech le Florida State University sa chluiche seo arb \u00e9 an ch\u00e9ad cheann \u00e9 sa s\u00e9as\u00far nua idir col\u00e1ist\u00ed chomh maith lena \u00e1ireamh i gcom\u00f3rtas an Atlantic Coast Conference (ACC). Is \u00e9 seo an ch\u00e9ad uair riamh a mbeidh an cluiche seo \u00e1 chraoladh beo ar an teilif\u00eds saorchaolta in \u00c9irinn.<br \/>\n&nbsp;<br \/>\nBeidh Cluiche Clasaiceach Aer Lingus na bliana 2024 ar an tr\u00ed\u00fa cluiche sa Pheil Mheirice\u00e1nach idir col\u00e1ist\u00ed as a ch\u00e9ile in \u00c9irinn \u00f3 f\u00f3gra\u00edodh an tsraith cluich\u00ed seo agus ar an ocht\u00fa cluiche ar fad i Roinn I den chom\u00f3rtas idir col\u00e1ist\u00ed a imr\u00edodh in \u00c9irinn.<br \/>\n&nbsp;<br \/>\nBeidh f\u00e1ilte \u00e1 chur ar ais go h\u00c9irinn roimh Georgia Tech, as ceartl\u00e1r chathair Atlanta, tar \u00e9is d\u00f3ibh imirt anseo cheana sa bhliain 2016 nuair a fuair siad an ceann is fearr, 17 in aghaidh 14, sa n\u00f3im\u00e9ad deireanach, ar Boston College i Staid Aviva.<br \/>\n&nbsp;<br \/>\nIs \u00e9 seo an ch\u00e9ad chluiche riamh ag Florida State University, ar a dtugtar na Seminoles, a imirt thar s\u00e1ile.   T\u00e1 an chraobh n\u00e1isi\u00fanta tugtha leo tr\u00ed huaire acu agus iad ar cheann de na col\u00e1ist\u00ed is m\u00f3 a bhfuil lucht lean\u00fana acu.  Imr\u00edonn siadsan a gcuid cluich\u00ed baile i Staid Doak Campbell, i Tallahassee, Florida, staid inar f\u00e9idir le 79,560 dul ag f\u00e9achaint orthu ag imirt.<br \/>\n&nbsp;<br \/>\nMeastar go dtiocfaidh n\u00edos m\u00f3 n\u00e1 24,000 duine as Meirice\u00e1 go Baile \u00c1tha Cliath don chluiche m\u00f3r seo idir dh\u00e1 fhoireann de na foirne col\u00e1iste is fearr sna St\u00e1it Aontaithe.  De r\u00e9ir meastach\u00e1n \u00f3 shaothar taighde de chuid F\u00e1ilte \u00c9ireann agus Grant Thornton, is fi\u00fa \u20ac100 milli\u00fan do gheilleagar na h\u00c9ireann Cluiche Clasaiceach Idir Col\u00e1ist\u00ed Aer Lingus na bliana 2024.<br \/>\n&nbsp;<br \/>\nDeir R\u00f3n\u00e1n \u00d3 Coisdealbha, Ceannasa\u00ed Sp\u00f3irt TG4: <em>&#8220;Is bre\u00e1 le TG4 Cluiche Clasaiceach Idir Col\u00e1ist\u00ed Aer Lingus a chur ar f\u00e1il do lucht f\u00e9achana teilif\u00edse saorchraolta in \u00c9irinn.   T\u00e1 seo ar cheann de na h\u00f3c\u00e1id\u00ed m\u00f3ra sp\u00f3irt at\u00e1 ar si\u00fal in \u00c9irinn i mbliana agus t\u00e1thar ag tn\u00fath le f\u00e1ilte a chur roimh Georgia Tech agus Florida State University go h\u00c9irinn do chluiche na bliana 2024.\u201d<\/em><br \/>\n&nbsp;<br \/>\nDeir Brendan Meehan, Sti\u00farth\u00f3ir Tr\u00e1cht\u00e1la ALCFC: <em>\u201cIs c\u00fais r\u00edm\u00e9id d\u00fainn go mbeidh Cluiche Clasaiceach Idir Col\u00e1ist\u00ed Aer Lingus na bliana seo \u00e1 chraoladh saor \u00f3 th\u00e1ille ar TG4.  Tugann seo deis iontach an taibhsi\u00falacht, an spleodar agus an \u00e9ir\u00ed in airde a ghabhann leis an \u00f3c\u00e1id a chur i l\u00e1thair do lucht f\u00e9achana na h\u00c9ireann an tr\u00e1th c\u00e9anna a gcuid\u00edtear leis an bPeil Mheirice\u00e1nach a chur chun cinn mar sp\u00f3rt sa t\u00edr seo.\u201d<\/em><br \/>\n&nbsp;<br \/>\nDeir Susanne Carberry, Pr\u00edomhoifigeach Custaim\u00e9ir\u00ed Aer Lingus: <em>\u2018\u2019\u00d3c\u00e1id mh\u00f3r shiams\u00fail sp\u00f3irt a bheidh i gCluiche Clasaiceach Idir Col\u00e1ist\u00ed Aer Lingus, ceann de bhuaicphoint\u00ed sp\u00f3irt na bliana, agus beidh deis anois ag an lucht f\u00e9achana in \u00c9irinn an cluiche a fheice\u00e1il beo agus saor \u00f3 th\u00e1ille ar TG4.   T\u00e1 Aer Lingus ag tn\u00fath go m\u00f3r leis na foirne as Georgia Tech agus Florida State University a thabhairt go h\u00c9irinn i m\u00ed L\u00fanasa.\u2019\u2019<\/em><br \/>\n&nbsp;<br \/>\n<center><strong><\/p>\n<h2>Beo ar TG4 agus ar f\u00e1il beo ar Sheinnteoir TG4 agus ar Aip TG4 (in \u00c9irinn amh\u00e1in)<\/strong><\/h2>\n<p>Cluiche Clasaiceach Idir Col\u00e1ist\u00ed Aer Lingus 2024<br \/>\nGeorgia Tech v Florida State University<br \/>\nBeo \u00f3 Staid Aviva<br \/>\nD\u00e9 Sathairn an 24 L\u00fanasa 2024 @ 5pm<\/center><br \/>\n&nbsp;<\/p>\n<h3><strong>Aip Oifigi\u00fail Sheachtain an Chluiche <\/strong><\/h3>\n<p>T\u00e1 Aip Oifigi\u00fail Chluiche Clasaiceach Idir Col\u00e1ist\u00ed Aer Lingus ar f\u00e1il le h\u00edosl\u00f3d\u00e1il anois.  Beidh f\u00e1il san Aip, gan le d\u00e9anamh ach cnaipe a bhr\u00fa, ar r\u00e9imse leathan \u00e1bhair agus is iontach an \u00e1is \u00ed ag an uile dhuine ar mhaith leo p\u00e1irt a ghlacadh sa spraoi agus sa spleodar ar fad a ghabhann le Cluiche Clasaiceach Idir Col\u00e1ist\u00ed Aer Lingus. Tarraing chugat f\u00e9in anois \u00ed \u00f3 <a href=\"http:\/\/collegefootballireland.com\">College Football Ireland<\/a><\/p>\n","protected":false},"excerpt":{"rendered":"<p>&nbsp; Georgia Tech v Florida State University &#8211; Beo ar TG4 \u2013 D\u00e9 Sathairn an 24 L\u00fanasa (5 i.n.) T\u00e1 deimhnithe ag TG4 go gcraolfar Cluiche Clasaiceach Idir Col\u00e1ist\u00ed 2024 Aer Lingus na bliana seo beo as St\u00e1id Aviva ar an st\u00e1isi\u00fan D\u00e9 Sathairn, an 24 L\u00fanasa. Beidh Georgia Tech le Florida State University sa [&hellip;]<\/p>\n","protected":false},"author":1821,"featured_media":0,"parent":208148,"menu_order":20,"comment_status":"closed","ping_status":"closed","template":"page-templates\/template-pr.php","meta":{"_acf_changed":false,"footnotes":""},"acf":[],"yoast_head":"<!-- This site is optimized with the Yoast SEO plugin v22.6 - https:\/\/yoast.com\/wordpress\/plugins\/seo\/ -->\n<title>Georgia Tech v Florida State University Beo ar TG4 | Preas R\u00e1iteas | TG4<\/title>\n<meta name=\"description\" content=\"Craolfaidh TG4 Cluiche Clasaiceach 2024 Aer Lingus sa Pheil Mheirice\u00e1nach idir Col\u00e1ist\u00ed 2024 beo \u00f3 Staid Aviva.\" \/>\n<meta name=\"robots\" content=\"index, follow, max-snippet:-1, max-image-preview:large, max-video-preview:-1\" \/>\n<meta property=\"og:locale\" content=\"en_US\" \/>\n<meta property=\"og:type\" content=\"article\" \/>\n<meta property=\"og:title\" content=\"Georgia Tech v Florida State University Beo ar TG4 | Preas R\u00e1iteas | TG4\" \/>\n<meta property=\"og:description\" content=\"Craolfaidh TG4 Cluiche Clasaiceach 2024 Aer Lingus sa Pheil Mheirice\u00e1nach idir Col\u00e1ist\u00ed 2024 beo \u00f3 Staid Aviva.\" \/>\n<meta property=\"og:url\" content=\"https:\/\/dev.tg4.ie\/ga\/eolas\/preas\/nuacht-raitis\/2024-2\/georgia-tech-v-florida-state-university-beo-ar-tg4-de-sathairn-an-24-lunasa\/\" \/>\n<meta property=\"og:site_name\" content=\"TG4\" \/>\n<meta property=\"article:publisher\" content=\"https:\/\/www.facebook.com\/TG4TV\" \/>\n<meta property=\"og:image\" content=\"https:\/\/tg4-docs.s3.amazonaws.com\/wp-content\/uploads\/2024\/07\/10172534\/Cine4_1280x720.jpg\" \/>\n\t<meta property=\"og:image:width\" content=\"1280\" \/>\n\t<meta property=\"og:image:height\" content=\"720\" \/>\n\t<meta property=\"og:image:type\" content=\"image\/jpeg\" \/>\n<meta name=\"twitter:card\" content=\"summary_large_image\" \/>\n<meta name=\"twitter:image\" content=\"https:\/\/tg4-docs.s3.amazonaws.com\/wp-content\/uploads\/2024\/07\/10172534\/Cine4_1280x720.jpg\" \/>\n<meta name=\"twitter:site\" content=\"@TG4TV\" \/>\n<meta name=\"twitter:label1\" content=\"Est. reading time\" \/>\n\t<meta name=\"twitter:data1\" content=\"4 minutes\" \/>\n<script type=\"application\/ld+json\" class=\"yoast-schema-graph\">{\"@context\":\"https:\/\/schema.org\",\"@graph\":[{\"@type\":\"WebPage\",\"@id\":\"https:\/\/dev.tg4.ie\/ga\/eolas\/preas\/nuacht-raitis\/2024-2\/georgia-tech-v-florida-state-university-beo-ar-tg4-de-sathairn-an-24-lunasa\/\",\"url\":\"https:\/\/dev.tg4.ie\/ga\/eolas\/preas\/nuacht-raitis\/2024-2\/georgia-tech-v-florida-state-university-beo-ar-tg4-de-sathairn-an-24-lunasa\/\",\"name\":\"Georgia Tech v Florida State University Beo ar TG4 | Preas R\u00e1iteas | TG4\",\"isPartOf\":{\"@id\":\"https:\/\/dev.tg4.ie\/en\/#website\"},\"datePublished\":\"2024-07-24T13:19:00+00:00\",\"dateModified\":\"2024-07-24T13:19:00+00:00\",\"description\":\"Craolfaidh TG4 Cluiche Clasaiceach 2024 Aer Lingus sa Pheil Mheirice\u00e1nach idir Col\u00e1ist\u00ed 2024 beo \u00f3 Staid Aviva.\",\"breadcrumb\":{\"@id\":\"https:\/\/dev.tg4.ie\/ga\/eolas\/preas\/nuacht-raitis\/2024-2\/georgia-tech-v-florida-state-university-beo-ar-tg4-de-sathairn-an-24-lunasa\/#breadcrumb\"},\"inLanguage\":\"ga\",\"potentialAction\":[{\"@type\":\"ReadAction\",\"target\":[\"https:\/\/dev.tg4.ie\/ga\/eolas\/preas\/nuacht-raitis\/2024-2\/georgia-tech-v-florida-state-university-beo-ar-tg4-de-sathairn-an-24-lunasa\/\"]}]},{\"@type\":\"BreadcrumbList\",\"@id\":\"https:\/\/dev.tg4.ie\/ga\/eolas\/preas\/nuacht-raitis\/2024-2\/georgia-tech-v-florida-state-university-beo-ar-tg4-de-sathairn-an-24-lunasa\/#breadcrumb\",\"itemListElement\":[{\"@type\":\"ListItem\",\"position\":1,\"name\":\"Home\",\"item\":\"https:\/\/dev.tg4.ie\/ga\/\"},{\"@type\":\"ListItem\",\"position\":2,\"name\":\"Eolas\",\"item\":\"https:\/\/dev.tg4.ie\/ga\/eolas\/\"},{\"@type\":\"ListItem\",\"position\":3,\"name\":\"Preas\",\"item\":\"https:\/\/dev.tg4.ie\/ga\/eolas\/preas\/\"},{\"@type\":\"ListItem\",\"position\":4,\"name\":\"Nuacht R\u00e1itis\",\"item\":\"https:\/\/dev.tg4.ie\/ga\/eolas\/preas\/nuacht-raitis\/\"},{\"@type\":\"ListItem\",\"position\":5,\"name\":\"2024\",\"item\":\"https:\/\/dev.tg4.ie\/ga\/eolas\/preas\/nuacht-raitis\/2024-2\/\"},{\"@type\":\"ListItem\",\"position\":6,\"name\":\"Georgia Tech v Florida State University &#8211; Beo ar TG4 \u2013 D\u00e9 Sathairn an 24 L\u00fanasa (5 i.n.)\"}]},{\"@type\":\"WebSite\",\"@id\":\"https:\/\/dev.tg4.ie\/en\/#website\",\"url\":\"https:\/\/dev.tg4.ie\/en\/\",\"name\":\"TG4\",\"description\":\"S\u00fail Eile\",\"potentialAction\":[{\"@type\":\"SearchAction\",\"target\":{\"@type\":\"EntryPoint\",\"urlTemplate\":\"https:\/\/dev.tg4.ie\/en\/?s={search_term_string}\"},\"query-input\":\"required name=search_term_string\"}],\"inLanguage\":\"ga\"}]}<\/script>\n<!-- \/ Yoast SEO plugin. -->","yoast_head_json":{"title":"Georgia Tech v Florida State University Beo ar TG4 | Preas R\u00e1iteas | TG4","description":"Craolfaidh TG4 Cluiche Clasaiceach 2024 Aer Lingus sa Pheil Mheirice\u00e1nach idir Col\u00e1ist\u00ed 2024 beo \u00f3 Staid Aviva.","robots":{"index":"index","follow":"follow","max-snippet":"max-snippet:-1","max-image-preview":"max-image-preview:large","max-video-preview":"max-video-preview:-1"},"og_locale":"en_US","og_type":"article","og_title":"Georgia Tech v Florida State University Beo ar TG4 | Preas R\u00e1iteas | TG4","og_description":"Craolfaidh TG4 Cluiche Clasaiceach 2024 Aer Lingus sa Pheil Mheirice\u00e1nach idir Col\u00e1ist\u00ed 2024 beo \u00f3 Staid Aviva.","og_url":"https:\/\/dev.tg4.ie\/ga\/eolas\/preas\/nuacht-raitis\/2024-2\/georgia-tech-v-florida-state-university-beo-ar-tg4-de-sathairn-an-24-lunasa\/","og_site_name":"TG4","article_publisher":"https:\/\/www.facebook.com\/TG4TV","og_image":[{"width":1280,"height":720,"url":"https:\/\/tg4-docs.s3.amazonaws.com\/wp-content\/uploads\/2024\/07\/10172534\/Cine4_1280x720.jpg","type":"image\/jpeg"}],"twitter_card":"summary_large_image","twitter_image":"https:\/\/tg4-docs.s3.amazonaws.com\/wp-content\/uploads\/2024\/07\/10172534\/Cine4_1280x720.jpg","twitter_site":"@TG4TV","twitter_misc":{"Est. reading time":"4 minutes"},"schema":{"@context":"https:\/\/schema.org","@graph":[{"@type":"WebPage","@id":"https:\/\/dev.tg4.ie\/ga\/eolas\/preas\/nuacht-raitis\/2024-2\/georgia-tech-v-florida-state-university-beo-ar-tg4-de-sathairn-an-24-lunasa\/","url":"https:\/\/dev.tg4.ie\/ga\/eolas\/preas\/nuacht-raitis\/2024-2\/georgia-tech-v-florida-state-university-beo-ar-tg4-de-sathairn-an-24-lunasa\/","name":"Georgia Tech v Florida State University Beo ar TG4 | Preas R\u00e1iteas | TG4","isPartOf":{"@id":"https:\/\/dev.tg4.ie\/en\/#website"},"datePublished":"2024-07-24T13:19:00+00:00","dateModified":"2024-07-24T13:19:00+00:00","description":"Craolfaidh TG4 Cluiche Clasaiceach 2024 Aer Lingus sa Pheil Mheirice\u00e1nach idir Col\u00e1ist\u00ed 2024 beo \u00f3 Staid Aviva.","breadcrumb":{"@id":"https:\/\/dev.tg4.ie\/ga\/eolas\/preas\/nuacht-raitis\/2024-2\/georgia-tech-v-florida-state-university-beo-ar-tg4-de-sathairn-an-24-lunasa\/#breadcrumb"},"inLanguage":"ga","potentialAction":[{"@type":"ReadAction","target":["https:\/\/dev.tg4.ie\/ga\/eolas\/preas\/nuacht-raitis\/2024-2\/georgia-tech-v-florida-state-university-beo-ar-tg4-de-sathairn-an-24-lunasa\/"]}]},{"@type":"BreadcrumbList","@id":"https:\/\/dev.tg4.ie\/ga\/eolas\/preas\/nuacht-raitis\/2024-2\/georgia-tech-v-florida-state-university-beo-ar-tg4-de-sathairn-an-24-lunasa\/#breadcrumb","itemListElement":[{"@type":"ListItem","position":1,"name":"Home","item":"https:\/\/dev.tg4.ie\/ga\/"},{"@type":"ListItem","position":2,"name":"Eolas","item":"https:\/\/dev.tg4.ie\/ga\/eolas\/"},{"@type":"ListItem","position":3,"name":"Preas","item":"https:\/\/dev.tg4.ie\/ga\/eolas\/preas\/"},{"@type":"ListItem","position":4,"name":"Nuacht R\u00e1itis","item":"https:\/\/dev.tg4.ie\/ga\/eolas\/preas\/nuacht-raitis\/"},{"@type":"ListItem","position":5,"name":"2024","item":"https:\/\/dev.tg4.ie\/ga\/eolas\/preas\/nuacht-raitis\/2024-2\/"},{"@type":"ListItem","position":6,"name":"Georgia Tech v Florida State University &#8211; Beo ar TG4 \u2013 D\u00e9 Sathairn an 24 L\u00fanasa (5 i.n.)"}]},{"@type":"WebSite","@id":"https:\/\/dev.tg4.ie\/en\/#website","url":"https:\/\/dev.tg4.ie\/en\/","name":"TG4","description":"S\u00fail Eile","potentialAction":[{"@type":"SearchAction","target":{"@type":"EntryPoint","urlTemplate":"https:\/\/dev.tg4.ie\/en\/?s={search_term_string}"},"query-input":"required name=search_term_string"}],"inLanguage":"ga"}]}},"_links":{"self":[{"href":"https:\/\/dev.tg4.ie\/ga\/wp-json\/wp\/v2\/pages\/231773"}],"collection":[{"href":"https:\/\/dev.tg4.ie\/ga\/wp-json\/wp\/v2\/pages"}],"about":[{"href":"https:\/\/dev.tg4.ie\/ga\/wp-json\/wp\/v2\/types\/page"}],"author":[{"embeddable":true,"href":"https:\/\/dev.tg4.ie\/ga\/wp-json\/wp\/v2\/users\/1821"}],"replies":[{"embeddable":true,"href":"https:\/\/dev.tg4.ie\/ga\/wp-json\/wp\/v2\/comments?post=231773"}],"version-history":[{"count":0,"href":"https:\/\/dev.tg4.ie\/ga\/wp-json\/wp\/v2\/pages\/231773\/revisions"}],"up":[{"embeddable":true,"href":"https:\/\/dev.tg4.ie\/ga\/wp-json\/wp\/v2\/pages\/208148"}],"wp:attachment":[{"href":"https:\/\/dev.tg4.ie\/ga\/wp-json\/wp\/v2\/media?parent=231773"}],"curies":[{"name":"wp","href":"https:\/\/api.w.org\/{rel}","templated":true}]}}