{"id":231947,"date":"2024-08-02T15:59:51","date_gmt":"2024-08-02T14:59:51","guid":{"rendered":"https:\/\/dev.tg4.ie\/?page_id=231947"},"modified":"2024-08-05T09:32:49","modified_gmt":"2024-08-05T08:32:49","slug":"tg4-ag-fleadh-cheoil-na-heireann-2024","status":"publish","type":"page","link":"https:\/\/dev.tg4.ie\/ga\/eolas\/preas\/nuacht-raitis\/2024-2\/tg4-ag-fleadh-cheoil-na-heireann-2024\/","title":{"rendered":"TG4 ag Fleadh Cheoil na h\u00c9ireann 2024"},"content":{"rendered":"<p><img decoding=\"async\" src=\"https:\/\/res.cloudinary.com\/dfwshshcn\/image\/upload\/t_Banner 16:9\/v1722610101\/Fleadh24_M%C3%A9ara_akh7fy_c_crop_ar_16_9_zornsj.jpg\" alt=\"\" \/><br \/>\n<em>M\u00e9ara Loch Garman George Lawlor le l\u00e1ithreoir\u00ed Fleadh24 Freda Nic Giolla Chath\u00e1in, Fiona N\u00ed Fhlaithearta, Aoife N\u00ed Thuairisg, Peadar \u00d3 Goill, Doireann N\u00ed Glac\u00e1in<\/em><\/p>\n<p>&nbsp;<br \/>\nF\u00edse\u00e1n YouTube: <a href=\"https:\/\/www.youtube.com\/watch?v=mwvK963PjEk\">Fleadh24<\/a><br \/>\nPicti\u00far\u00ed ar f\u00e1il le h-\u00ed\u00f3sload\u00e1il anseo: <a href=\"https:\/\/we.tl\/t-CCJIenawMJ\">https:\/\/we.tl\/t-CCJIenawMJ   <\/a> Bu\u00edochas Melissa Mannion<br \/>\n&nbsp;<br \/>\n&nbsp;<br \/>\n<center><strong>TG4 ag Fleadh Cheoil na h\u00c9ireann 2024<\/strong><\/center><br \/>\n<center><strong>Beo ar TG4 &#038; <a href=\"https:\/\/dev.tg4.ie\">www.tg4.ie<\/a><\/strong><\/center><br \/>\n<center><strong>8 &#8211; 11 L\u00fanasa 2024<\/strong><\/center><\/p>\n<p><strong><\/p>\n<h2>Fleadh24<\/h2>\n<p><\/strong><img decoding=\"async\" src=\"https:\/\/res.cloudinary.com\/dfwshshcn\/image\/upload\/v1722605131\/Fleadh_24_Peadar_%C3%93_Goill_Aoife_N%C3%AD_Thuairisg_Doireann_N%C3%AD_Ghlac%C3%A1in_cziaf8.jpg\" alt=\"Fleadh 24- L\u00e1ithreoir\u00ed Peadar \u00d3 Goill, Aoife N\u00ed Thuairisg &#038; Doireann N\u00ed Ghlac\u00e1in\" \/><\/p>\n<p>Beidh <strong>Fleadh24<\/strong> i gcro\u00edl\u00e1r Fhleadh Cheoil na bliana seo agus craolfar <strong>ceithre o\u00edche de l\u00e9irithe iontacha<\/strong> agus de shiamsa\u00edocht bheo \u00f3 cheithre st\u00e1itse i <strong>Sr\u00e1idbhaile Teilif\u00edse TG4<\/strong> a bheidh lonnaithe i gC\u00e9 an Chorr\u00e1in i mBaile Loch Garman.  Craolfar <strong>Fleadh24<\/strong> beo gach o\u00edche <strong>\u00f3 21:30 i.n. ar TG4<\/strong> agus ar fud na cruinne ar <strong>TG4.ie<\/strong> agus is iad Doireann N\u00ed Ghlac\u00e1in, Aoife N\u00ed Thuairisg agus Peadar \u00d3 Goill a chuirfidh an cl\u00e1r i l\u00e1thair.  B\u00edg\u00ed linn, b\u00edg\u00ed p\u00e1irteach sa l\u00e9iri\u00fa agus bainig\u00ed taitneamh as scoth na gceolt\u00f3ir\u00ed \u00c9ireannacha agus idirn\u00e1isi\u00fanta. Cuirfear na ceolt\u00f3ir\u00ed cumasacha is m\u00f3 a bhfuil t\u00f3ir orthu \u00f3 chom\u00f3rtais na Fleidhe os comhair an phobail. Is \u00e9 TG4 urraitheoir me\u00e1n cumars\u00e1ide Fhleadh Cheoil na h\u00c9ireann.<br \/>\n&nbsp;<br \/>\n<strong>Fleadh24<\/strong> &#8211; D\u00e9ardaoin &#8211; D\u00e9 Domhnaigh, 8 &#8211; 11 L\u00fanasa &#8211; 21.30 i.n. gach o\u00edche. Arna l\u00e9iri\u00fa ag Power Pictures.<br \/>\n<strong>Beo<\/strong> \u00f3 Ch\u00e9 an Chorr\u00e1in ar TG4 &#038; TG4.ie<\/p>\n<p>&nbsp;<\/p>\n<p><strong><\/p>\n<h2>Fleadh 24 &#8211; Na Com\u00f3rtais<\/h2>\n<p><\/strong><br \/>\n<img decoding=\"async\" src=\"https:\/\/res.cloudinary.com\/dfwshshcn\/image\/upload\/v1722605142\/Fleadh24_-_Na_Com%C3%B3rtais_Freda_Nic_Giolla_Chath%C3%A1in_Fiona_N%C3%AD_Fhlaithearta_pe7rrn.jpg\" alt=\"L\u00e1ithreoir\u00ed Freda Nic Giolla Chath\u00e1in &#038; Fiona N\u00ed Fhlaithearta\" \/><\/p>\n<p><strong>Fleadh24 &#8211; Na Com\u00f3rtais<\/strong>:  D\u00e9anfaidh TG4 i gcomhar le Fleadh Cheoil na h\u00c9ireann agus Comhaltas Ceolt\u00f3ir\u00ed \u00c9ireann com\u00f3rtais bheo a shruth\u00fa \u00f3n Aoine go dt\u00ed an Domhnach (9-11 L\u00fanasa), agus cuirfear clabhs\u00far leis an gcraoladh le com\u00f3rtas Banna\u00ed C\u00e9il\u00ed na Sinsear tr\u00e1thn\u00f3na D\u00e9 Domhnaigh beo \u00f3 <strong>Chruinneach\u00e1n na Fleidhe<\/strong>. Fiona N\u00ed Fhlaithearta agus Freda Hatton a chuirfidh na com\u00f3rtais i l\u00e1thair beo \u00f3 Bhunscoil na Toirbhirte agus \u00f3 Chruinneach\u00e1n na Fleidhe. Beifear \u00e1balta na com\u00f3rtais a fheice\u00e1il beo ar <strong>TG4.ie<\/strong> agus ar Fleadhcheoil.ie. Lean <strong>@TG4TV<\/strong> chun tuilleadh eolais a fh\u00e1il faoin \u00e1bhar a bheidh \u00e1 shruth\u00fa. Arna l\u00e9iri\u00fa ag Omedia. <\/p>\n<ul>\n<li><strong>Fleadh24 &#8211; Na Com\u00f3rtais<\/strong> \u2013 D\u00e9 hAoine an 9 L\u00fanasa ag 13:45 i.n. | Sruth\u00fa Beo | Consairt\u00edn (12-15) <a href=\"https:\/\/dev.tg4.ie\/beo\">www.TG4.ie<\/a> agus <a href=\"http:\/\/www.fleadhcheoil.ie\">www.fleadhcheoil.ie<\/a> <\/li>\n<li><strong>Fleadh24 &#8211; Na Com\u00f3rtais<\/strong> &#8211; D\u00e9 hAoine an 9 L\u00fanasa ag 15:45 i.n. | Sruth\u00fa Beo | Tionlacan (O-18) <a href=\"https:\/\/dev.tg4.ie\/beo\">www.TG4.ie<\/a> agus <a href=\"http:\/\/www.fleadhcheoil.ie\">www.fleadhcheoil.ie<\/a> <\/li>\n<li><strong>Fleadh24 &#8211; Na Com\u00f3rtais<\/strong> &#8211; D\u00e9 Sathairn an 10 L\u00fanasa ag 09.45 r.n. | Sruth\u00fa Beo | Mileoidean (O-18) <a href=\"https:\/\/dev.tg4.ie\/beo\">www.TG4.ie<\/a> agus <a href=\"http:\/\/www.fleadhcheoil.ie\">www.fleadhcheoil.ie<\/a><\/li>\n<li><strong>Fleadh24 &#8211; Na Com\u00f3rtais<\/strong> &#8211; D\u00e9 Sathairn an 10 L\u00fanasa ag 13.15 i.n. | Sruth\u00fa Beo | Cruit (15-18) <a href=\"https:\/\/dev.tg4.ie\/beo\">www.TG4.ie<\/a> agus <a href=\"http:\/\/www.fleadhcheoil.ie\">www.fleadhcheoil.ie<\/a><\/li>\n<li><strong>Fleadh24 &#8211; Na Com\u00f3rtais<\/strong> &#8211; D\u00e9 Sathairn an 10 L\u00fanasa ag 15.45 i.n. | Sruth\u00fa Beo | Rogha Gl\u00e9as (15-18) <a href=\"https:\/\/dev.tg4.ie\/beo\">www.TG4.ie<\/a> agus <a href=\"http:\/\/www.fleadhcheoil.ie\">www.fleadhcheoil.ie<\/a><\/li>\n<li><strong>Fleadh24 &#8211; Na Com\u00f3rtais<\/strong> &#8211; D\u00e9 Domhnaigh an 11 L\u00fanasa ag 18.15 i.n. | Sruth\u00fa Beo | Banna\u00ed C\u00e9il\u00ed (O-18) <a href=\"https:\/\/dev.tg4.ie\/beo\">www.TG4.ie<\/a> agus <a href=\"http:\/\/www.fleadhcheoil.ie\">www.fleadhcheoil.ie<\/a><\/li>\n<\/ul>\n<p>&nbsp;<\/p>\n<p><strong><\/p>\n<h2>C\u00fala4<\/h2>\n<p><\/strong><br \/>\n<img decoding=\"async\" src=\"https:\/\/res.cloudinary.com\/dfwshshcn\/image\/upload\/v1722605096\/C%C3%BAla4_Niamh_N%C3%AD_Chr%C3%B3in%C3%ADn_ifggqg.jpg\" alt=\"L\u00e1ithreoir Niamh N\u00ed Chr\u00f3in\u00edn\" \/><\/p>\n<p>Tapaigh do dheis! Beidh <strong>C\u00fala4<\/strong> agus Niamh N\u00ed Chr\u00f3in\u00edn ar shr\u00e1ideanna Loch Garman le linn Fhleadh na bliana seo, \u00f3 mhe\u00e1n lae D\u00e9 hAoine an 9 L\u00fanasa agus \u00f3 mhe\u00e1n lae D\u00e9 Sathairn an 10 L\u00fanasa. Beidh st\u00e1itse soghluaiste leo chun go mbeidh deis agat do chumas ceoil, amhr\u00e1na\u00edochta, damhsa n\u00f3 go deimhin aon bhua eile at\u00e1 agat a chur os comhair an tslua ar an l\u00e1 agus ar l\u00edne fi\u00fa mar go mbeidh na s\u00e1rthaispe\u00e1ntais \u00e1 dtaifeadadh agus \u00e1 gcraoladh ar chain\u00e9il me\u00e1n s\u00f3isialta C\u00fala4. Gheobhaidh gach duine a ghlacfaidh p\u00e1irt m\u00e1la f\u00e9ir\u00edn\u00ed \u00f3 C\u00fala4 freisin. <\/p>\n<ul>\n<li><strong>C\u00fala4<\/strong> &#8211; D\u00e9 hAoine an 9 L\u00fanasa \u00f3 mhe\u00e1n lae ar aghaidh | Sr\u00e1ideanna Loch Garman<\/li>\n<li><strong>C\u00fala4<\/strong> &#8211; D\u00e9 Sathairn an 10 L\u00fanasa \u00f3 mhe\u00e1n lae ar aghaidh | Sr\u00e1ideanna Loch Garman<\/li>\n<\/ul>\n<p>Lean muid <strong>@TG4TV<\/strong> &#038; <strong>@TradTG4<\/strong> <strong>#Fleadh24<\/strong><br \/>\n&nbsp;<\/p>\n<p><strong>Tar ar do Threibh<\/strong><\/p>\n<p><strong>Teangmh\u00e1il do na me\u00e1in: Linda N\u00ed Ghr\u00ed\u00f3fa <a href=\"mailto:linda.ni.ghriofa@dev.tg4.ie\" rel=\"noopener\" target=\"_blank\">linda.ni.ghriofa@dev.tg4.ie<\/a> 087-9172864<\/strong><br \/>\n&nbsp;<\/p>\n","protected":false},"excerpt":{"rendered":"<p>M\u00e9ara Loch Garman George Lawlor le l\u00e1ithreoir\u00ed Fleadh24 Freda Nic Giolla Chath\u00e1in, Fiona N\u00ed Fhlaithearta, Aoife N\u00ed Thuairisg, Peadar \u00d3 Goill, Doireann N\u00ed Glac\u00e1in &nbsp; F\u00edse\u00e1n YouTube: Fleadh24 Picti\u00far\u00ed ar f\u00e1il le h-\u00ed\u00f3sload\u00e1il anseo: https:\/\/we.tl\/t-CCJIenawMJ Bu\u00edochas Melissa Mannion &nbsp; &nbsp; TG4 ag Fleadh Cheoil na h\u00c9ireann 2024 Beo ar TG4 &#038; www.tg4.ie 8 &#8211; 11 [&hellip;]<\/p>\n","protected":false},"author":876,"featured_media":0,"parent":208148,"menu_order":22,"comment_status":"closed","ping_status":"closed","template":"page-templates\/template-pr.php","meta":{"_acf_changed":false,"footnotes":""},"acf":[],"yoast_head":"<!-- This site is optimized with the Yoast SEO plugin v22.6 - https:\/\/yoast.com\/wordpress\/plugins\/seo\/ -->\n<title>TG4 ag Fleadh Cheoil na h\u00c9ireann 2024 | Preas R\u00e1iteas | TG4<\/title>\n<meta name=\"description\" content=\"Beidh Fleadh24 i gcro\u00edl\u00e1r Fhleadh Cheoil na bliana seo agus craolfar ceithre o\u00edche de l\u00e9irithe iontacha agus de shiamsa\u00edocht bheo \u00f3 cheithre st\u00e1itse i Sr\u00e1idbhaile Teilif\u00edse TG4 a bheidh lonnaithe i gC\u00e9 an Chorr\u00e1in i mBaile Loch Garman. Craolfar Fleadh24 beo gach o\u00edche \u00f3 21:30 i.n. ar TG4 agus ar fud na cruinne ar TG4.ie agus is iad Doireann N\u00ed Ghlac\u00e1in, Aoife N\u00ed Thuairisg agus Peadar \u00d3 Goill a chuirfidh an cl\u00e1r i l\u00e1thair.\" \/>\n<meta name=\"robots\" content=\"index, follow, max-snippet:-1, max-image-preview:large, max-video-preview:-1\" \/>\n<meta property=\"og:locale\" content=\"en_US\" \/>\n<meta property=\"og:type\" content=\"article\" \/>\n<meta property=\"og:title\" content=\"TG4 ag Fleadh Cheoil na h\u00c9ireann 2024 | Preas R\u00e1iteas | TG4\" \/>\n<meta property=\"og:description\" content=\"Beidh Fleadh24 i gcro\u00edl\u00e1r Fhleadh Cheoil na bliana seo agus craolfar ceithre o\u00edche de l\u00e9irithe iontacha agus de shiamsa\u00edocht bheo \u00f3 cheithre st\u00e1itse i Sr\u00e1idbhaile Teilif\u00edse TG4 a bheidh lonnaithe i gC\u00e9 an Chorr\u00e1in i mBaile Loch Garman. Craolfar Fleadh24 beo gach o\u00edche \u00f3 21:30 i.n. ar TG4 agus ar fud na cruinne ar TG4.ie agus is iad Doireann N\u00ed Ghlac\u00e1in, Aoife N\u00ed Thuairisg agus Peadar \u00d3 Goill a chuirfidh an cl\u00e1r i l\u00e1thair.\" \/>\n<meta property=\"og:url\" content=\"https:\/\/dev.tg4.ie\/ga\/eolas\/preas\/nuacht-raitis\/2024-2\/tg4-ag-fleadh-cheoil-na-heireann-2024\/\" \/>\n<meta property=\"og:site_name\" content=\"TG4\" \/>\n<meta property=\"article:publisher\" content=\"https:\/\/www.facebook.com\/TG4TV\" \/>\n<meta property=\"article:modified_time\" content=\"2024-08-05T08:32:49+00:00\" \/>\n<meta property=\"og:image\" content=\"https:\/\/tg4-docs.s3.amazonaws.com\/wp-content\/uploads\/2024\/07\/10172534\/Cine4_1280x720.jpg\" \/>\n\t<meta property=\"og:image:width\" content=\"1280\" \/>\n\t<meta property=\"og:image:height\" content=\"720\" \/>\n\t<meta property=\"og:image:type\" content=\"image\/jpeg\" \/>\n<meta name=\"twitter:card\" content=\"summary_large_image\" \/>\n<meta name=\"twitter:image\" content=\"https:\/\/tg4-docs.s3.amazonaws.com\/wp-content\/uploads\/2024\/07\/10172534\/Cine4_1280x720.jpg\" \/>\n<meta name=\"twitter:site\" content=\"@TG4TV\" \/>\n<meta name=\"twitter:label1\" content=\"Est. reading time\" \/>\n\t<meta name=\"twitter:data1\" content=\"4 minutes\" \/>\n<script type=\"application\/ld+json\" class=\"yoast-schema-graph\">{\"@context\":\"https:\/\/schema.org\",\"@graph\":[{\"@type\":\"WebPage\",\"@id\":\"https:\/\/dev.tg4.ie\/ga\/eolas\/preas\/nuacht-raitis\/2024-2\/tg4-ag-fleadh-cheoil-na-heireann-2024\/\",\"url\":\"https:\/\/dev.tg4.ie\/ga\/eolas\/preas\/nuacht-raitis\/2024-2\/tg4-ag-fleadh-cheoil-na-heireann-2024\/\",\"name\":\"TG4 ag Fleadh Cheoil na h\u00c9ireann 2024 | Preas R\u00e1iteas | TG4\",\"isPartOf\":{\"@id\":\"https:\/\/dev.tg4.ie\/en\/#website\"},\"primaryImageOfPage\":{\"@id\":\"https:\/\/dev.tg4.ie\/ga\/eolas\/preas\/nuacht-raitis\/2024-2\/tg4-ag-fleadh-cheoil-na-heireann-2024\/#primaryimage\"},\"image\":{\"@id\":\"https:\/\/dev.tg4.ie\/ga\/eolas\/preas\/nuacht-raitis\/2024-2\/tg4-ag-fleadh-cheoil-na-heireann-2024\/#primaryimage\"},\"thumbnailUrl\":\"https:\/\/res.cloudinary.com\/dfwshshcn\/image\/upload\/v1722605131\/Fleadh_24_Peadar_%C3%93_Goill_Aoife_N%C3%AD_Thuairisg_Doireann_N%C3%AD_Ghlac%C3%A1in_cziaf8.jpg\",\"datePublished\":\"2024-08-02T14:59:51+00:00\",\"dateModified\":\"2024-08-05T08:32:49+00:00\",\"description\":\"Beidh Fleadh24 i gcro\u00edl\u00e1r Fhleadh Cheoil na bliana seo agus craolfar ceithre o\u00edche de l\u00e9irithe iontacha agus de shiamsa\u00edocht bheo \u00f3 cheithre st\u00e1itse i Sr\u00e1idbhaile Teilif\u00edse TG4 a bheidh lonnaithe i gC\u00e9 an Chorr\u00e1in i mBaile Loch Garman. Craolfar Fleadh24 beo gach o\u00edche \u00f3 21:30 i.n. ar TG4 agus ar fud na cruinne ar TG4.ie agus is iad Doireann N\u00ed Ghlac\u00e1in, Aoife N\u00ed Thuairisg agus Peadar \u00d3 Goill a chuirfidh an cl\u00e1r i l\u00e1thair.\",\"breadcrumb\":{\"@id\":\"https:\/\/dev.tg4.ie\/ga\/eolas\/preas\/nuacht-raitis\/2024-2\/tg4-ag-fleadh-cheoil-na-heireann-2024\/#breadcrumb\"},\"inLanguage\":\"ga\",\"potentialAction\":[{\"@type\":\"ReadAction\",\"target\":[\"https:\/\/dev.tg4.ie\/ga\/eolas\/preas\/nuacht-raitis\/2024-2\/tg4-ag-fleadh-cheoil-na-heireann-2024\/\"]}]},{\"@type\":\"ImageObject\",\"inLanguage\":\"ga\",\"@id\":\"https:\/\/dev.tg4.ie\/ga\/eolas\/preas\/nuacht-raitis\/2024-2\/tg4-ag-fleadh-cheoil-na-heireann-2024\/#primaryimage\",\"url\":\"https:\/\/res.cloudinary.com\/dfwshshcn\/image\/upload\/v1722605131\/Fleadh_24_Peadar_%C3%93_Goill_Aoife_N%C3%AD_Thuairisg_Doireann_N%C3%AD_Ghlac%C3%A1in_cziaf8.jpg\",\"contentUrl\":\"https:\/\/res.cloudinary.com\/dfwshshcn\/image\/upload\/v1722605131\/Fleadh_24_Peadar_%C3%93_Goill_Aoife_N%C3%AD_Thuairisg_Doireann_N%C3%AD_Ghlac%C3%A1in_cziaf8.jpg\"},{\"@type\":\"BreadcrumbList\",\"@id\":\"https:\/\/dev.tg4.ie\/ga\/eolas\/preas\/nuacht-raitis\/2024-2\/tg4-ag-fleadh-cheoil-na-heireann-2024\/#breadcrumb\",\"itemListElement\":[{\"@type\":\"ListItem\",\"position\":1,\"name\":\"Home\",\"item\":\"https:\/\/dev.tg4.ie\/ga\/\"},{\"@type\":\"ListItem\",\"position\":2,\"name\":\"Eolas\",\"item\":\"https:\/\/dev.tg4.ie\/ga\/eolas\/\"},{\"@type\":\"ListItem\",\"position\":3,\"name\":\"Preas\",\"item\":\"https:\/\/dev.tg4.ie\/ga\/eolas\/preas\/\"},{\"@type\":\"ListItem\",\"position\":4,\"name\":\"Nuacht R\u00e1itis\",\"item\":\"https:\/\/dev.tg4.ie\/ga\/eolas\/preas\/nuacht-raitis\/\"},{\"@type\":\"ListItem\",\"position\":5,\"name\":\"2024\",\"item\":\"https:\/\/dev.tg4.ie\/ga\/eolas\/preas\/nuacht-raitis\/2024-2\/\"},{\"@type\":\"ListItem\",\"position\":6,\"name\":\"TG4 ag Fleadh Cheoil na h\u00c9ireann 2024\"}]},{\"@type\":\"WebSite\",\"@id\":\"https:\/\/dev.tg4.ie\/en\/#website\",\"url\":\"https:\/\/dev.tg4.ie\/en\/\",\"name\":\"TG4\",\"description\":\"S\u00fail Eile\",\"potentialAction\":[{\"@type\":\"SearchAction\",\"target\":{\"@type\":\"EntryPoint\",\"urlTemplate\":\"https:\/\/dev.tg4.ie\/en\/?s={search_term_string}\"},\"query-input\":\"required name=search_term_string\"}],\"inLanguage\":\"ga\"}]}<\/script>\n<!-- \/ Yoast SEO plugin. -->","yoast_head_json":{"title":"TG4 ag Fleadh Cheoil na h\u00c9ireann 2024 | Preas R\u00e1iteas | TG4","description":"Beidh Fleadh24 i gcro\u00edl\u00e1r Fhleadh Cheoil na bliana seo agus craolfar ceithre o\u00edche de l\u00e9irithe iontacha agus de shiamsa\u00edocht bheo \u00f3 cheithre st\u00e1itse i Sr\u00e1idbhaile Teilif\u00edse TG4 a bheidh lonnaithe i gC\u00e9 an Chorr\u00e1in i mBaile Loch Garman. Craolfar Fleadh24 beo gach o\u00edche \u00f3 21:30 i.n. ar TG4 agus ar fud na cruinne ar TG4.ie agus is iad Doireann N\u00ed Ghlac\u00e1in, Aoife N\u00ed Thuairisg agus Peadar \u00d3 Goill a chuirfidh an cl\u00e1r i l\u00e1thair.","robots":{"index":"index","follow":"follow","max-snippet":"max-snippet:-1","max-image-preview":"max-image-preview:large","max-video-preview":"max-video-preview:-1"},"og_locale":"en_US","og_type":"article","og_title":"TG4 ag Fleadh Cheoil na h\u00c9ireann 2024 | Preas R\u00e1iteas | TG4","og_description":"Beidh Fleadh24 i gcro\u00edl\u00e1r Fhleadh Cheoil na bliana seo agus craolfar ceithre o\u00edche de l\u00e9irithe iontacha agus de shiamsa\u00edocht bheo \u00f3 cheithre st\u00e1itse i Sr\u00e1idbhaile Teilif\u00edse TG4 a bheidh lonnaithe i gC\u00e9 an Chorr\u00e1in i mBaile Loch Garman. Craolfar Fleadh24 beo gach o\u00edche \u00f3 21:30 i.n. ar TG4 agus ar fud na cruinne ar TG4.ie agus is iad Doireann N\u00ed Ghlac\u00e1in, Aoife N\u00ed Thuairisg agus Peadar \u00d3 Goill a chuirfidh an cl\u00e1r i l\u00e1thair.","og_url":"https:\/\/dev.tg4.ie\/ga\/eolas\/preas\/nuacht-raitis\/2024-2\/tg4-ag-fleadh-cheoil-na-heireann-2024\/","og_site_name":"TG4","article_publisher":"https:\/\/www.facebook.com\/TG4TV","article_modified_time":"2024-08-05T08:32:49+00:00","og_image":[{"width":1280,"height":720,"url":"https:\/\/tg4-docs.s3.amazonaws.com\/wp-content\/uploads\/2024\/07\/10172534\/Cine4_1280x720.jpg","type":"image\/jpeg"}],"twitter_card":"summary_large_image","twitter_image":"https:\/\/tg4-docs.s3.amazonaws.com\/wp-content\/uploads\/2024\/07\/10172534\/Cine4_1280x720.jpg","twitter_site":"@TG4TV","twitter_misc":{"Est. reading time":"4 minutes"},"schema":{"@context":"https:\/\/schema.org","@graph":[{"@type":"WebPage","@id":"https:\/\/dev.tg4.ie\/ga\/eolas\/preas\/nuacht-raitis\/2024-2\/tg4-ag-fleadh-cheoil-na-heireann-2024\/","url":"https:\/\/dev.tg4.ie\/ga\/eolas\/preas\/nuacht-raitis\/2024-2\/tg4-ag-fleadh-cheoil-na-heireann-2024\/","name":"TG4 ag Fleadh Cheoil na h\u00c9ireann 2024 | Preas R\u00e1iteas | TG4","isPartOf":{"@id":"https:\/\/dev.tg4.ie\/en\/#website"},"primaryImageOfPage":{"@id":"https:\/\/dev.tg4.ie\/ga\/eolas\/preas\/nuacht-raitis\/2024-2\/tg4-ag-fleadh-cheoil-na-heireann-2024\/#primaryimage"},"image":{"@id":"https:\/\/dev.tg4.ie\/ga\/eolas\/preas\/nuacht-raitis\/2024-2\/tg4-ag-fleadh-cheoil-na-heireann-2024\/#primaryimage"},"thumbnailUrl":"https:\/\/res.cloudinary.com\/dfwshshcn\/image\/upload\/v1722605131\/Fleadh_24_Peadar_%C3%93_Goill_Aoife_N%C3%AD_Thuairisg_Doireann_N%C3%AD_Ghlac%C3%A1in_cziaf8.jpg","datePublished":"2024-08-02T14:59:51+00:00","dateModified":"2024-08-05T08:32:49+00:00","description":"Beidh Fleadh24 i gcro\u00edl\u00e1r Fhleadh Cheoil na bliana seo agus craolfar ceithre o\u00edche de l\u00e9irithe iontacha agus de shiamsa\u00edocht bheo \u00f3 cheithre st\u00e1itse i Sr\u00e1idbhaile Teilif\u00edse TG4 a bheidh lonnaithe i gC\u00e9 an Chorr\u00e1in i mBaile Loch Garman. Craolfar Fleadh24 beo gach o\u00edche \u00f3 21:30 i.n. ar TG4 agus ar fud na cruinne ar TG4.ie agus is iad Doireann N\u00ed Ghlac\u00e1in, Aoife N\u00ed Thuairisg agus Peadar \u00d3 Goill a chuirfidh an cl\u00e1r i l\u00e1thair.","breadcrumb":{"@id":"https:\/\/dev.tg4.ie\/ga\/eolas\/preas\/nuacht-raitis\/2024-2\/tg4-ag-fleadh-cheoil-na-heireann-2024\/#breadcrumb"},"inLanguage":"ga","potentialAction":[{"@type":"ReadAction","target":["https:\/\/dev.tg4.ie\/ga\/eolas\/preas\/nuacht-raitis\/2024-2\/tg4-ag-fleadh-cheoil-na-heireann-2024\/"]}]},{"@type":"ImageObject","inLanguage":"ga","@id":"https:\/\/dev.tg4.ie\/ga\/eolas\/preas\/nuacht-raitis\/2024-2\/tg4-ag-fleadh-cheoil-na-heireann-2024\/#primaryimage","url":"https:\/\/res.cloudinary.com\/dfwshshcn\/image\/upload\/v1722605131\/Fleadh_24_Peadar_%C3%93_Goill_Aoife_N%C3%AD_Thuairisg_Doireann_N%C3%AD_Ghlac%C3%A1in_cziaf8.jpg","contentUrl":"https:\/\/res.cloudinary.com\/dfwshshcn\/image\/upload\/v1722605131\/Fleadh_24_Peadar_%C3%93_Goill_Aoife_N%C3%AD_Thuairisg_Doireann_N%C3%AD_Ghlac%C3%A1in_cziaf8.jpg"},{"@type":"BreadcrumbList","@id":"https:\/\/dev.tg4.ie\/ga\/eolas\/preas\/nuacht-raitis\/2024-2\/tg4-ag-fleadh-cheoil-na-heireann-2024\/#breadcrumb","itemListElement":[{"@type":"ListItem","position":1,"name":"Home","item":"https:\/\/dev.tg4.ie\/ga\/"},{"@type":"ListItem","position":2,"name":"Eolas","item":"https:\/\/dev.tg4.ie\/ga\/eolas\/"},{"@type":"ListItem","position":3,"name":"Preas","item":"https:\/\/dev.tg4.ie\/ga\/eolas\/preas\/"},{"@type":"ListItem","position":4,"name":"Nuacht R\u00e1itis","item":"https:\/\/dev.tg4.ie\/ga\/eolas\/preas\/nuacht-raitis\/"},{"@type":"ListItem","position":5,"name":"2024","item":"https:\/\/dev.tg4.ie\/ga\/eolas\/preas\/nuacht-raitis\/2024-2\/"},{"@type":"ListItem","position":6,"name":"TG4 ag Fleadh Cheoil na h\u00c9ireann 2024"}]},{"@type":"WebSite","@id":"https:\/\/dev.tg4.ie\/en\/#website","url":"https:\/\/dev.tg4.ie\/en\/","name":"TG4","description":"S\u00fail Eile","potentialAction":[{"@type":"SearchAction","target":{"@type":"EntryPoint","urlTemplate":"https:\/\/dev.tg4.ie\/en\/?s={search_term_string}"},"query-input":"required name=search_term_string"}],"inLanguage":"ga"}]}},"_links":{"self":[{"href":"https:\/\/dev.tg4.ie\/ga\/wp-json\/wp\/v2\/pages\/231947"}],"collection":[{"href":"https:\/\/dev.tg4.ie\/ga\/wp-json\/wp\/v2\/pages"}],"about":[{"href":"https:\/\/dev.tg4.ie\/ga\/wp-json\/wp\/v2\/types\/page"}],"author":[{"embeddable":true,"href":"https:\/\/dev.tg4.ie\/ga\/wp-json\/wp\/v2\/users\/876"}],"replies":[{"embeddable":true,"href":"https:\/\/dev.tg4.ie\/ga\/wp-json\/wp\/v2\/comments?post=231947"}],"version-history":[{"count":0,"href":"https:\/\/dev.tg4.ie\/ga\/wp-json\/wp\/v2\/pages\/231947\/revisions"}],"up":[{"embeddable":true,"href":"https:\/\/dev.tg4.ie\/ga\/wp-json\/wp\/v2\/pages\/208148"}],"wp:attachment":[{"href":"https:\/\/dev.tg4.ie\/ga\/wp-json\/wp\/v2\/media?parent=231947"}],"curies":[{"name":"wp","href":"https:\/\/api.w.org\/{rel}","templated":true}]}}