{"id":231964,"date":"2024-08-02T17:39:01","date_gmt":"2024-08-02T16:39:01","guid":{"rendered":"https:\/\/dev.tg4.ie\/?page_id=231964"},"modified":"2024-08-02T17:39:01","modified_gmt":"2024-08-02T16:39:01","slug":"kneecap-ata-roghnaithe-ag-eirinn-do-na-oscars-2025","status":"publish","type":"page","link":"https:\/\/dev.tg4.ie\/ga\/eolas\/preas\/nuacht-raitis\/2024-2\/kneecap-ata-roghnaithe-ag-eirinn-do-na-oscars-2025\/","title":{"rendered":"F\u00f3gartha ag IFTA gurb \u00e9 Kneecap at\u00e1 roghnaithe ag \u00c9irinn do na Oscars\u00ae 2025 &#8211; Pr\u00edomhscann\u00e1n Idirn\u00e1isi\u00fanta"},"content":{"rendered":"<p><img decoding=\"async\" src=\"https:\/\/res.cloudinary.com\/dfwshshcn\/image\/upload\/t_Banner 16:9\/v1722614615\/Kneecap_Oscars_2025_k32b1j.jpg\" alt=\"Kneecap \" \/><\/p>\n<p>&nbsp;<br \/>\nT\u00e1 s\u00e9 f\u00f3gartha ag <strong>Acadamh Scann\u00e1n agus Teilif\u00edse na h\u00c9ireann (IFTA)<\/strong> gurb \u00e9 an scann\u00e1n Gaeilge Kneecap at\u00e1 roghnaithe chun ionada\u00edocht a dh\u00e9anamh ar \u00c9irinn ag an 97\u00fa searmanas de Ghradaim Bhliant\u00fala an Acadaimh sa chatag\u00f3ir Oscar\u00ae don <strong>Phr\u00edomhscann\u00e1n Idirn\u00e1isi\u00fanta<\/strong>.<br \/>\n&nbsp;<br \/>\nIs \u00e9  <strong>Rich Peppiatt<\/strong> (<em>One Rogue Reporter<\/em>) a scr\u00edobh agus a sti\u00fair an scann\u00e1n inarb iad tri\u00far ball an rapghr\u00fapa Kneecap (<strong>M\u00f3gla\u00ed Bap, Mo Chara agus DJ Prova\u00ed<\/strong>) as Iarthar Bh\u00e9al Feirste na pr\u00edomhaisteoir\u00ed agus a bhfuil cliar ensemble, lena n-\u00e1ir\u00edtear <strong>Michael Fassbender<\/strong>, a fuair ainmni\u00fach\u00e1n le haghaidh Oscar, <strong>Simone Kirby, Josie Walker, Fionnuala Flaherty, Jessica Reynolds<\/strong> agus <strong>Adam Best<\/strong>, ina dteannta.<br \/>\n&nbsp;<br \/>\nRoghnaigh Coiste Roghn\u00fach\u00e1in IFTA 2024, ar a bhfuil an t-aisteoir  <strong>Stephen Rea<\/strong> (<em>The Crying Game, The English<\/em>) a fuair ainmni\u00fach\u00e1n Oscar\u00ae; na sti\u00farth\u00f3ir\u00ed a bhfuil gradaim buaite acu <strong>Colm Bair\u00e9ad<\/strong> (<em>An Cail\u00edn Ci\u00fain<\/em>) agus <strong>Lisa Mulcahy<\/strong> (<em>Lies We Tell, Ridley Road<\/em>); na haisteoir\u00ed a bhfuil gradaim buaite acu <strong>Liam Cunningham<\/strong> (<em>Game of Thrones, Hunger<\/em>) agus <strong>Br\u00edd N\u00ed Neachtain<\/strong> (<em>R\u00f3ise &#038; Frank, The Banshees of Inisherin<\/em>); agus an l\u00e9iritheoir a bhfuil gradaim buaite aici <strong>Rebecca O\u2019Flanagan<\/strong> (<em>Flora &#038; Son, Viva<\/em>).<br \/>\n&nbsp;<br \/>\nIn Iarthar Bh\u00e9al Feirste sa bhliain 2019 at\u00e1 an scann\u00e1n seo suite agus d\u00edr\u00edonn s\u00e9 ar an uair a raibh s\u00e9 d\u2019\u00e1dh ar an m\u00fainteoir scoile as B\u00e9al Feirste, JJ, aithne a chur ar Naoise agus Liam \u00d3g. N\u00ed bheadh an saol hip hap mar a ch\u00e9ile go br\u00e1ch ar\u00eds.  Agus iad ag rap\u00e1il ina dteanga dh\u00fachais f\u00e9in, crutha\u00edonn an tri\u00far a se\u00e1nra f\u00e9in den phunc-rap \u00c9ireannach. Iad ag rapp\u00e1il go h\u00e9asca sa Ghaeilge agus sa Bh\u00e9arla araon le fuinneamh spleodrach.  Tugann a gcuid scr\u00edbhneoireachta agus a gcuid aisteoireachta l\u00e9argas eile ar at\u00e1 in ann a bheith i gceist le rapcheol mar mhodh cruthaitheach agus cult\u00fair, at\u00e1 b\u00e1ite sa phobal.  Tagann Kneecap le bheith ina gcinn feadhna ar ghluaiseacht Cearta Sibhialta a bhfuil s\u00e9 d&#8217;aidhm aici an teanga dh\u00fachais a thabhairt sl\u00e1n, ag cur deireadh le m\u00edthuiscint daoine faoin teanga agus faoin \u00e1it ina labhra\u00edtear \u00ed agus iad ina dtaoisigh ar athbheochan chult\u00fair agus ar an treabh ollmh\u00f3r daoine \u00f3ga at\u00e1 d\u00edlis d\u00f3ibh.<br \/>\n&nbsp;<br \/>\n<strong>Trevor Birney<\/strong> agus <strong>Jack Tarling<\/strong> a l\u00e9irigh Kneecap do Fine Point Films agus Mother Tongues Films, agus bh\u00ed <strong>Patrick O&#8217;Neill<\/strong> \u00f3 Wildcard ina Chomh-L\u00e9iritheoir. Sc\u00e1ile\u00e1n Thuaisceart \u00c9ireann, an Ciste Craolt\u00f3ireachta Gaeilge, F\u00eds \u00c9ireann, BFI (a bhronn maoini\u00fa \u00f3n gCrannchur N\u00e1isi\u00fanta), Coimisi\u00fan na Me\u00e1n agus TG4, Dias Feld agus Kamila Serkebaeva, a chur maoini\u00fa ar f\u00e1il don scann\u00e1n agus fuair s\u00e9 taca\u00edocht \u00f3 Great Point Media.<br \/>\n&nbsp;<br \/>\nEiseoidh Sony Pictures Classics Kneecap sna St\u00e1it Aontaithe D\u00e9 hAoine an 2 L\u00fanasa agus beidh s\u00e9 le feice\u00e1il i bpicti\u00farlanna na h\u00c9ireann a bhu\u00edochas do Wildcard Distribution D\u00e9ardaoin an 8 L\u00fanasa. Curzon a eiseoidh an scann\u00e1n sa R\u00edocht Aontaithe D\u00e9 hAoine an 23 L\u00fanasa.<br \/>\n&nbsp;<br \/>\nTaispe\u00e1nadh an scann\u00e1n don Domhan den ch\u00e9ad uair riamh ag F\u00e9ile Scann\u00e1n Sundance in Ean\u00e1ir na bliana seo agus d\u2019\u00e9irigh leis an Gradam Lucht F\u00e9achana NEXT a thabhairt leis, an ch\u00e9ad scann\u00e1n Gaeilge leis an mbua a fh\u00e1il ag an bhf\u00e9ile. Taispe\u00e1nadh ina dhiaidh sin \u00e9 ag Sundance London, agus ba \u00e9 a chuir t\u00fas le Fleadh Scann\u00e1n na Gaillimhe, \u00e1it ar bhuaigh s\u00e9 tr\u00ed dhuais, Gradam an Lucht F\u00e9achana ina measc.<br \/>\n&nbsp;<br \/>\nT\u00e1 Kneecap curtha anois leis an liosta de sh\u00e1rscann\u00e1in a rinneadh in \u00c9irinn agus a roghnaigh IFTA iad lena gcur ar aghaidh le hionada\u00edocht a dh\u00e9anamh ar \u00c9irinn sa chatag\u00f3ir Oscar\u00ae don Phr\u00edomhscann\u00e1n Idirn\u00e1isi\u00fanta i gcaitheamh na mblianta. An scann\u00e1n An Cail\u00edn Ci\u00fain (scann\u00e1n Gaeilge) a fuair ainmni\u00fach\u00e1n Oscar in 2023 agus ba \u00e9 an scann\u00e1n Viva (scann\u00e1n Sp\u00e1innise) a gearrliosta\u00edodh don Oscar in 2016.<br \/>\n&nbsp;<br \/>\nAg labhairt faoin ainmni\u00fach\u00e1n deir <strong>Proinsias N\u00ed Ghr\u00e1inne, Eagarth\u00f3ir Coimisi\u00fanaithe TG4<\/strong>, go bhfuil <em>\u201cr\u00edm\u00e9ad ar TG4 an t-ainmni\u00fach\u00e1n seo a fh\u00e1il don scann\u00e1n spleodrach, d\u00e1na Kneecap. Aitheantas \u00e9 seo, n\u00ed hamh\u00e1in ar scileanna sti\u00fartha, scr\u00edbhneoireachta agus aisteoireachta an bhanna f\u00e9in, ach don fuinneamh a ghabhann le haos \u00f3g na Gaeilge ar fud na t\u00edre ar st\u00e1itse domhanda&#8221;<\/em>.<br \/>\n&nbsp;<\/p>\n<p><strong>Teangmh\u00e1il do na me\u00e1in: Linda N\u00ed Ghr\u00ed\u00f3fa <a href=\"mailto:linda.ni.ghriofa@dev.tg4.ie\" rel=\"noopener\" target=\"_blank\">linda.ni.ghriofa@dev.tg4.ie<\/a> 087-9172864<\/strong><br \/>\n&nbsp;<\/p>\n","protected":false},"excerpt":{"rendered":"<p>&nbsp; T\u00e1 s\u00e9 f\u00f3gartha ag Acadamh Scann\u00e1n agus Teilif\u00edse na h\u00c9ireann (IFTA) gurb \u00e9 an scann\u00e1n Gaeilge Kneecap at\u00e1 roghnaithe chun ionada\u00edocht a dh\u00e9anamh ar \u00c9irinn ag an 97\u00fa searmanas de Ghradaim Bhliant\u00fala an Acadaimh sa chatag\u00f3ir Oscar\u00ae don Phr\u00edomhscann\u00e1n Idirn\u00e1isi\u00fanta. &nbsp; Is \u00e9 Rich Peppiatt (One Rogue Reporter) a scr\u00edobh agus a sti\u00fair an [&hellip;]<\/p>\n","protected":false},"author":876,"featured_media":0,"parent":208148,"menu_order":23,"comment_status":"closed","ping_status":"closed","template":"page-templates\/template-pr.php","meta":{"_acf_changed":false,"footnotes":""},"acf":[],"yoast_head":"<!-- This site is optimized with the Yoast SEO plugin v22.6 - https:\/\/yoast.com\/wordpress\/plugins\/seo\/ -->\n<title>F\u00f3gartha ag IFTA gurb \u00e9 Kneecap at\u00e1 roghnaithe ag \u00c9irinn do na Oscars\u00ae 2025 - Pr\u00edomhscann\u00e1n Idirn\u00e1isi\u00fanta | Preas R\u00e1iteas | TG4<\/title>\n<meta name=\"description\" content=\"T\u00e1 s\u00e9 f\u00f3gartha ag Acadamh Scann\u00e1n agus Teilif\u00edse na h\u00c9ireann (IFTA) gurb \u00e9 an scann\u00e1n Gaeilge Kneecap at\u00e1 roghnaithe chun ionada\u00edocht a dh\u00e9anamh ar \u00c9irinn ag an 97\u00fa searmanas de Ghradaim Bhliant\u00fala an Acadaimh sa chatag\u00f3ir Oscar\u00ae don Phr\u00edomhscann\u00e1n Idirn\u00e1isi\u00fanta.\" \/>\n<meta name=\"robots\" content=\"index, follow, max-snippet:-1, max-image-preview:large, max-video-preview:-1\" \/>\n<meta property=\"og:locale\" content=\"en_US\" \/>\n<meta property=\"og:type\" content=\"article\" \/>\n<meta property=\"og:title\" content=\"F\u00f3gartha ag IFTA gurb \u00e9 Kneecap at\u00e1 roghnaithe ag \u00c9irinn do na Oscars\u00ae 2025 - Pr\u00edomhscann\u00e1n Idirn\u00e1isi\u00fanta | Preas R\u00e1iteas | TG4\" \/>\n<meta property=\"og:description\" content=\"T\u00e1 s\u00e9 f\u00f3gartha ag Acadamh Scann\u00e1n agus Teilif\u00edse na h\u00c9ireann (IFTA) gurb \u00e9 an scann\u00e1n Gaeilge Kneecap at\u00e1 roghnaithe chun ionada\u00edocht a dh\u00e9anamh ar \u00c9irinn ag an 97\u00fa searmanas de Ghradaim Bhliant\u00fala an Acadaimh sa chatag\u00f3ir Oscar\u00ae don Phr\u00edomhscann\u00e1n Idirn\u00e1isi\u00fanta.\" \/>\n<meta property=\"og:url\" content=\"https:\/\/dev.tg4.ie\/ga\/eolas\/preas\/nuacht-raitis\/2024-2\/kneecap-ata-roghnaithe-ag-eirinn-do-na-oscars-2025\/\" \/>\n<meta property=\"og:site_name\" content=\"TG4\" \/>\n<meta property=\"article:publisher\" content=\"https:\/\/www.facebook.com\/TG4TV\" \/>\n<meta property=\"og:image\" content=\"https:\/\/tg4-docs.s3.amazonaws.com\/wp-content\/uploads\/2024\/07\/10172534\/Cine4_1280x720.jpg\" \/>\n\t<meta property=\"og:image:width\" content=\"1280\" \/>\n\t<meta property=\"og:image:height\" content=\"720\" \/>\n\t<meta property=\"og:image:type\" content=\"image\/jpeg\" \/>\n<meta name=\"twitter:card\" content=\"summary_large_image\" \/>\n<meta name=\"twitter:image\" content=\"https:\/\/tg4-docs.s3.amazonaws.com\/wp-content\/uploads\/2024\/07\/10172534\/Cine4_1280x720.jpg\" \/>\n<meta name=\"twitter:site\" content=\"@TG4TV\" \/>\n<meta name=\"twitter:label1\" content=\"Est. reading time\" \/>\n\t<meta name=\"twitter:data1\" content=\"4 minutes\" \/>\n<script type=\"application\/ld+json\" class=\"yoast-schema-graph\">{\"@context\":\"https:\/\/schema.org\",\"@graph\":[{\"@type\":\"WebPage\",\"@id\":\"https:\/\/dev.tg4.ie\/ga\/eolas\/preas\/nuacht-raitis\/2024-2\/kneecap-ata-roghnaithe-ag-eirinn-do-na-oscars-2025\/\",\"url\":\"https:\/\/dev.tg4.ie\/ga\/eolas\/preas\/nuacht-raitis\/2024-2\/kneecap-ata-roghnaithe-ag-eirinn-do-na-oscars-2025\/\",\"name\":\"F\u00f3gartha ag IFTA gurb \u00e9 Kneecap at\u00e1 roghnaithe ag \u00c9irinn do na Oscars\u00ae 2025 - Pr\u00edomhscann\u00e1n Idirn\u00e1isi\u00fanta | Preas R\u00e1iteas | TG4\",\"isPartOf\":{\"@id\":\"https:\/\/dev.tg4.ie\/en\/#website\"},\"datePublished\":\"2024-08-02T16:39:01+00:00\",\"dateModified\":\"2024-08-02T16:39:01+00:00\",\"description\":\"T\u00e1 s\u00e9 f\u00f3gartha ag Acadamh Scann\u00e1n agus Teilif\u00edse na h\u00c9ireann (IFTA) gurb \u00e9 an scann\u00e1n Gaeilge Kneecap at\u00e1 roghnaithe chun ionada\u00edocht a dh\u00e9anamh ar \u00c9irinn ag an 97\u00fa searmanas de Ghradaim Bhliant\u00fala an Acadaimh sa chatag\u00f3ir Oscar\u00ae don Phr\u00edomhscann\u00e1n Idirn\u00e1isi\u00fanta.\",\"breadcrumb\":{\"@id\":\"https:\/\/dev.tg4.ie\/ga\/eolas\/preas\/nuacht-raitis\/2024-2\/kneecap-ata-roghnaithe-ag-eirinn-do-na-oscars-2025\/#breadcrumb\"},\"inLanguage\":\"ga\",\"potentialAction\":[{\"@type\":\"ReadAction\",\"target\":[\"https:\/\/dev.tg4.ie\/ga\/eolas\/preas\/nuacht-raitis\/2024-2\/kneecap-ata-roghnaithe-ag-eirinn-do-na-oscars-2025\/\"]}]},{\"@type\":\"BreadcrumbList\",\"@id\":\"https:\/\/dev.tg4.ie\/ga\/eolas\/preas\/nuacht-raitis\/2024-2\/kneecap-ata-roghnaithe-ag-eirinn-do-na-oscars-2025\/#breadcrumb\",\"itemListElement\":[{\"@type\":\"ListItem\",\"position\":1,\"name\":\"Home\",\"item\":\"https:\/\/dev.tg4.ie\/ga\/\"},{\"@type\":\"ListItem\",\"position\":2,\"name\":\"Eolas\",\"item\":\"https:\/\/dev.tg4.ie\/ga\/eolas\/\"},{\"@type\":\"ListItem\",\"position\":3,\"name\":\"Preas\",\"item\":\"https:\/\/dev.tg4.ie\/ga\/eolas\/preas\/\"},{\"@type\":\"ListItem\",\"position\":4,\"name\":\"Nuacht R\u00e1itis\",\"item\":\"https:\/\/dev.tg4.ie\/ga\/eolas\/preas\/nuacht-raitis\/\"},{\"@type\":\"ListItem\",\"position\":5,\"name\":\"2024\",\"item\":\"https:\/\/dev.tg4.ie\/ga\/eolas\/preas\/nuacht-raitis\/2024-2\/\"},{\"@type\":\"ListItem\",\"position\":6,\"name\":\"F\u00f3gartha ag IFTA gurb \u00e9 Kneecap at\u00e1 roghnaithe ag \u00c9irinn do na Oscars\u00ae 2025 &#8211; Pr\u00edomhscann\u00e1n Idirn\u00e1isi\u00fanta\"}]},{\"@type\":\"WebSite\",\"@id\":\"https:\/\/dev.tg4.ie\/en\/#website\",\"url\":\"https:\/\/dev.tg4.ie\/en\/\",\"name\":\"TG4\",\"description\":\"S\u00fail Eile\",\"potentialAction\":[{\"@type\":\"SearchAction\",\"target\":{\"@type\":\"EntryPoint\",\"urlTemplate\":\"https:\/\/dev.tg4.ie\/en\/?s={search_term_string}\"},\"query-input\":\"required name=search_term_string\"}],\"inLanguage\":\"ga\"}]}<\/script>\n<!-- \/ Yoast SEO plugin. -->","yoast_head_json":{"title":"F\u00f3gartha ag IFTA gurb \u00e9 Kneecap at\u00e1 roghnaithe ag \u00c9irinn do na Oscars\u00ae 2025 - Pr\u00edomhscann\u00e1n Idirn\u00e1isi\u00fanta | Preas R\u00e1iteas | TG4","description":"T\u00e1 s\u00e9 f\u00f3gartha ag Acadamh Scann\u00e1n agus Teilif\u00edse na h\u00c9ireann (IFTA) gurb \u00e9 an scann\u00e1n Gaeilge Kneecap at\u00e1 roghnaithe chun ionada\u00edocht a dh\u00e9anamh ar \u00c9irinn ag an 97\u00fa searmanas de Ghradaim Bhliant\u00fala an Acadaimh sa chatag\u00f3ir Oscar\u00ae don Phr\u00edomhscann\u00e1n Idirn\u00e1isi\u00fanta.","robots":{"index":"index","follow":"follow","max-snippet":"max-snippet:-1","max-image-preview":"max-image-preview:large","max-video-preview":"max-video-preview:-1"},"og_locale":"en_US","og_type":"article","og_title":"F\u00f3gartha ag IFTA gurb \u00e9 Kneecap at\u00e1 roghnaithe ag \u00c9irinn do na Oscars\u00ae 2025 - Pr\u00edomhscann\u00e1n Idirn\u00e1isi\u00fanta | Preas R\u00e1iteas | TG4","og_description":"T\u00e1 s\u00e9 f\u00f3gartha ag Acadamh Scann\u00e1n agus Teilif\u00edse na h\u00c9ireann (IFTA) gurb \u00e9 an scann\u00e1n Gaeilge Kneecap at\u00e1 roghnaithe chun ionada\u00edocht a dh\u00e9anamh ar \u00c9irinn ag an 97\u00fa searmanas de Ghradaim Bhliant\u00fala an Acadaimh sa chatag\u00f3ir Oscar\u00ae don Phr\u00edomhscann\u00e1n Idirn\u00e1isi\u00fanta.","og_url":"https:\/\/dev.tg4.ie\/ga\/eolas\/preas\/nuacht-raitis\/2024-2\/kneecap-ata-roghnaithe-ag-eirinn-do-na-oscars-2025\/","og_site_name":"TG4","article_publisher":"https:\/\/www.facebook.com\/TG4TV","og_image":[{"width":1280,"height":720,"url":"https:\/\/tg4-docs.s3.amazonaws.com\/wp-content\/uploads\/2024\/07\/10172534\/Cine4_1280x720.jpg","type":"image\/jpeg"}],"twitter_card":"summary_large_image","twitter_image":"https:\/\/tg4-docs.s3.amazonaws.com\/wp-content\/uploads\/2024\/07\/10172534\/Cine4_1280x720.jpg","twitter_site":"@TG4TV","twitter_misc":{"Est. reading time":"4 minutes"},"schema":{"@context":"https:\/\/schema.org","@graph":[{"@type":"WebPage","@id":"https:\/\/dev.tg4.ie\/ga\/eolas\/preas\/nuacht-raitis\/2024-2\/kneecap-ata-roghnaithe-ag-eirinn-do-na-oscars-2025\/","url":"https:\/\/dev.tg4.ie\/ga\/eolas\/preas\/nuacht-raitis\/2024-2\/kneecap-ata-roghnaithe-ag-eirinn-do-na-oscars-2025\/","name":"F\u00f3gartha ag IFTA gurb \u00e9 Kneecap at\u00e1 roghnaithe ag \u00c9irinn do na Oscars\u00ae 2025 - Pr\u00edomhscann\u00e1n Idirn\u00e1isi\u00fanta | Preas R\u00e1iteas | TG4","isPartOf":{"@id":"https:\/\/dev.tg4.ie\/en\/#website"},"datePublished":"2024-08-02T16:39:01+00:00","dateModified":"2024-08-02T16:39:01+00:00","description":"T\u00e1 s\u00e9 f\u00f3gartha ag Acadamh Scann\u00e1n agus Teilif\u00edse na h\u00c9ireann (IFTA) gurb \u00e9 an scann\u00e1n Gaeilge Kneecap at\u00e1 roghnaithe chun ionada\u00edocht a dh\u00e9anamh ar \u00c9irinn ag an 97\u00fa searmanas de Ghradaim Bhliant\u00fala an Acadaimh sa chatag\u00f3ir Oscar\u00ae don Phr\u00edomhscann\u00e1n Idirn\u00e1isi\u00fanta.","breadcrumb":{"@id":"https:\/\/dev.tg4.ie\/ga\/eolas\/preas\/nuacht-raitis\/2024-2\/kneecap-ata-roghnaithe-ag-eirinn-do-na-oscars-2025\/#breadcrumb"},"inLanguage":"ga","potentialAction":[{"@type":"ReadAction","target":["https:\/\/dev.tg4.ie\/ga\/eolas\/preas\/nuacht-raitis\/2024-2\/kneecap-ata-roghnaithe-ag-eirinn-do-na-oscars-2025\/"]}]},{"@type":"BreadcrumbList","@id":"https:\/\/dev.tg4.ie\/ga\/eolas\/preas\/nuacht-raitis\/2024-2\/kneecap-ata-roghnaithe-ag-eirinn-do-na-oscars-2025\/#breadcrumb","itemListElement":[{"@type":"ListItem","position":1,"name":"Home","item":"https:\/\/dev.tg4.ie\/ga\/"},{"@type":"ListItem","position":2,"name":"Eolas","item":"https:\/\/dev.tg4.ie\/ga\/eolas\/"},{"@type":"ListItem","position":3,"name":"Preas","item":"https:\/\/dev.tg4.ie\/ga\/eolas\/preas\/"},{"@type":"ListItem","position":4,"name":"Nuacht R\u00e1itis","item":"https:\/\/dev.tg4.ie\/ga\/eolas\/preas\/nuacht-raitis\/"},{"@type":"ListItem","position":5,"name":"2024","item":"https:\/\/dev.tg4.ie\/ga\/eolas\/preas\/nuacht-raitis\/2024-2\/"},{"@type":"ListItem","position":6,"name":"F\u00f3gartha ag IFTA gurb \u00e9 Kneecap at\u00e1 roghnaithe ag \u00c9irinn do na Oscars\u00ae 2025 &#8211; Pr\u00edomhscann\u00e1n Idirn\u00e1isi\u00fanta"}]},{"@type":"WebSite","@id":"https:\/\/dev.tg4.ie\/en\/#website","url":"https:\/\/dev.tg4.ie\/en\/","name":"TG4","description":"S\u00fail Eile","potentialAction":[{"@type":"SearchAction","target":{"@type":"EntryPoint","urlTemplate":"https:\/\/dev.tg4.ie\/en\/?s={search_term_string}"},"query-input":"required name=search_term_string"}],"inLanguage":"ga"}]}},"_links":{"self":[{"href":"https:\/\/dev.tg4.ie\/ga\/wp-json\/wp\/v2\/pages\/231964"}],"collection":[{"href":"https:\/\/dev.tg4.ie\/ga\/wp-json\/wp\/v2\/pages"}],"about":[{"href":"https:\/\/dev.tg4.ie\/ga\/wp-json\/wp\/v2\/types\/page"}],"author":[{"embeddable":true,"href":"https:\/\/dev.tg4.ie\/ga\/wp-json\/wp\/v2\/users\/876"}],"replies":[{"embeddable":true,"href":"https:\/\/dev.tg4.ie\/ga\/wp-json\/wp\/v2\/comments?post=231964"}],"version-history":[{"count":0,"href":"https:\/\/dev.tg4.ie\/ga\/wp-json\/wp\/v2\/pages\/231964\/revisions"}],"up":[{"embeddable":true,"href":"https:\/\/dev.tg4.ie\/ga\/wp-json\/wp\/v2\/pages\/208148"}],"wp:attachment":[{"href":"https:\/\/dev.tg4.ie\/ga\/wp-json\/wp\/v2\/media?parent=231964"}],"curies":[{"name":"wp","href":"https:\/\/api.w.org\/{rel}","templated":true}]}}