{"id":232099,"date":"2024-08-09T15:23:28","date_gmt":"2024-08-09T14:23:28","guid":{"rendered":"https:\/\/dev.tg4.ie\/?page_id=232099"},"modified":"2024-08-09T15:23:28","modified_gmt":"2024-08-09T14:23:28","slug":"an-scannan-uafais-gaeilge-freamhacha-le-taispeaint-don-domhan-den-chead-uair-ag-feile-san-eilveis-inniu","status":"publish","type":"page","link":"https:\/\/dev.tg4.ie\/ga\/eolas\/preas\/nuacht-raitis\/2024-2\/an-scannan-uafais-gaeilge-freamhacha-le-taispeaint-don-domhan-den-chead-uair-ag-feile-san-eilveis-inniu\/","title":{"rendered":"An Scann\u00e1n Uaf\u00e1is Gaeilge &#8216;Fr\u00e9amhacha&#8217; le Taispe\u00e1int don Domhan den Ch\u00e9ad Uair ag F\u00e9ile san Eilv\u00e9is Inniu"},"content":{"rendered":"<p><img loading=\"lazy\" decoding=\"async\" width=\"1920\" height=\"1080\" src=\"https:\/\/tg4-docs.s3.amazonaws.com\/wp-content\/uploads\/2024\/08\/09151937\/Freamhacha_Brid_ni_Neachtain_1-1920x1080-1.jpg\" alt=\"\" class=\"alignnone size-full wp-image-232101\" srcset=\"https:\/\/tg4-docs.s3.amazonaws.com\/wp-content\/uploads\/2024\/08\/09151937\/Freamhacha_Brid_ni_Neachtain_1-1920x1080-1.jpg 1920w, https:\/\/tg4-docs.s3.amazonaws.com\/wp-content\/uploads\/2024\/08\/09151937\/Freamhacha_Brid_ni_Neachtain_1-1920x1080-1-250x141.jpg 250w, https:\/\/tg4-docs.s3.amazonaws.com\/wp-content\/uploads\/2024\/08\/09151937\/Freamhacha_Brid_ni_Neachtain_1-1920x1080-1-700x394.jpg 700w, https:\/\/tg4-docs.s3.amazonaws.com\/wp-content\/uploads\/2024\/08\/09151937\/Freamhacha_Brid_ni_Neachtain_1-1920x1080-1-252x141.jpg 252w, https:\/\/tg4-docs.s3.amazonaws.com\/wp-content\/uploads\/2024\/08\/09151937\/Freamhacha_Brid_ni_Neachtain_1-1920x1080-1-1536x864.jpg 1536w, https:\/\/tg4-docs.s3.amazonaws.com\/wp-content\/uploads\/2024\/08\/09151937\/Freamhacha_Brid_ni_Neachtain_1-1920x1080-1-120x68.jpg 120w\" sizes=\"(max-width: 1920px) 100vw, 1920px\" \/><\/p>\n<p>&nbsp;<br \/>\nTaispe\u00e1nfar an scann\u00e1n uaf\u00e1is Gaeilge FR\u00c9AMHACHA don domhan den ch\u00e9ad uair inniu ag an bhF\u00e9ile Scann\u00e1n iomr\u00e1iteach Locarno san Eilv\u00e9is.<br \/>\n&nbsp;<br \/>\nMn\u00e1 uilig at\u00e1 i bhfoireann aisteoir\u00ed an scann\u00e1in Ghaeilge seo arna scr\u00edobh ag agus faoi sti\u00fair Aislinn Clarke. I measc na n-aisteoir\u00ed sin t\u00e1 Clare Monnelly <em>(Doineann, Moone Boy)<\/em>, Br\u00edd N\u00ed Neachtain <em>(Banshees of Inisherin, R\u00f3ise &#038; Frank)<\/em>, agus an t-aisteoir \u00dacr\u00e1nach Aleksandra Bystrzhitskaya <em>(F20)<\/em>.<br \/>\n&nbsp;<br \/>\nIs \u00ed an t-oibr\u00ed c\u00faraim Shoo (Monnelly) cro\u00ed sc\u00e9al an scann\u00e1in FR\u00c9AMHACHA. Cuirtear Shoo ag obair i sr\u00e1idbhaile scoite ina labhra\u00edtear Gaeilge chun aire a thabhairt do bhean a bhfuil fait\u00edos uirthi a teach a fh\u00e1g\u00e1il (N\u00ed Neachtain). T\u00e1 fait\u00edos freisin uirthi roimh na comharsana agus roimh na S\u00eddhe, neacha sc\u00e1fara \u00f3n mb\u00e9aloideas a gcreideann s\u00ed a d\u2019fhuadaigh \u00ed f\u00e9in blianta fada roimhe sin. De r\u00e9ir mar a fh\u00e1sann dl\u00fathchairdeas eatarthu, b\u00edonn Shoo ite ag paran\u00f3ia, deasghn\u00e1tha agus piseoga na seanmhn\u00e1, agus ar deireadh thiar tugann s\u00ed aghaidh ar na huaf\u00e1is a tharla ina saol f\u00e9in.<br \/>\n&nbsp;<br \/>\nArna l\u00e9iri\u00fa ag Dermot Lavery do DoubleBand Films (Doineann) agus ag Patrick O\u2019Neill do Wildcard, maoin\u00edodh FR\u00c9AMHACHA faoin sc\u00e9im Cine4, le taca\u00edocht \u00f3 TG4, F\u00eds \u00c9ireann, Coimisi\u00fan na Me\u00e1n, agus Alt 48, an sc\u00e9im ch\u00e9anna faoinar maoin\u00edodh an scann\u00e1n Gaeilge An Cail\u00edn Ci\u00fain, a fuair ainmni\u00fach\u00e1n ag Gradaim Oscar.  Comhlacht l\u00e9iri\u00fach\u00e1in a bhfuil gradaim bainte amach aige is ea DoubleBand Films at\u00e1 lonnaithe i mB\u00e9al Feirste agus a bhfuil dea-theist air le 30 bliain anuas as cl\u00e1racha f\u00edorasacha agus pr\u00edomhscann\u00e1in d&#8217;ardchaighde\u00e1n a dh\u00e9anamh ina bhfuil sc\u00e9ala\u00edocht shaini\u00fail.<br \/>\n&nbsp;<br \/>\n<strong>M\u00e1ire N\u00ed Chonl\u00e1in, Eagarth\u00f3ir Coimisi\u00fanaithe TG4<\/strong>:  <em>\u201cIs iontach an m\u00f3rtas at\u00e1 ar TG4 tac\u00fa le &#8216;FR\u00c9AMHACHA&#8217;,  scann\u00e1n a thugann ard\u00e1n do thraidisi\u00fan shaibhir sc\u00e9ala\u00edochta na h\u00c9ireann ach chomh maith leis sin a leagann b\u00e9im ar chumhacht na Gaeilge sa scann\u00e1na\u00edocht chomhaimseartha. T\u00e1 scann\u00e1n uaibhreach agus iontach corraitheach cruthaithe ag Aislinn Clarke agus a foireann d\u2019aisteoir\u00ed cumasacha, scann\u00e1n a chreidimid a mheallfaidh lucht f\u00e9achana ag Locarno agus n\u00edos faide i gc\u00e9in. T\u00e1 r\u00edm\u00e9ad orainn go bhfuiltear ag tabhairt aird ar an scann\u00e1n Gaeilge seo go hidirn\u00e1isi\u00fanta, is ceart sin, agus t\u00e1imid ag s\u00fail go m\u00f3r leis an tionchar a bheidh aige ar phobail scann\u00e1na\u00edochta na h\u00c9ireann agus ar fud an domhain a bhrath.\u201d<\/em><br \/>\n&nbsp;<br \/>\nNew Europe Film Sales at\u00e1 i mbun d\u00edolach\u00e1in idirn\u00e1isi\u00fanta don scann\u00e1n.  Eiseoidh Wildcard Distribution an scann\u00e1n i bpicti\u00farlanna na h\u00c9ireann sa bhliain 2025.<br \/>\n&nbsp;<br \/>\nBeidh an 77<sup>\u00fa<\/sup> F\u00e9ile Scann\u00e1n Locarno ar si\u00fal \u00f3n 7 L\u00fanasa go dt\u00ed an 17 L\u00fanasa 2024.<br \/>\n&nbsp;<\/p>\n<hr>\n<p><strong>CINE4<\/strong><\/p>\n<h3>T\u00e1 sc\u00e9im forbartha Cine4 ag glacadh le hiarratais le haghaidh pr\u00edomhscann\u00e1n anois.<\/h3>\n<p>Tuilleadh eolais : <a href=\"https:\/\/dev.tg4.ie\/eolas\/preas\/nuacht-raitis\/2024-2\/ta-sceim-forbartha-cine4-ag-glacadh-le-hiarratais-le-haghaidh-priomhscannan-anois\/\" rel=\"noopener\" target=\"_blank\">https:\/\/dev.tg4.ie\/eolas\/preas\/nuacht-raitis\/2024-2\/ta-sceim-forbartha-cine4-ag-glacadh-le-hiarratais-le-haghaidh-priomhscannan-anois\/<\/a><\/p>\n<p>&nbsp;<\/p>\n","protected":false},"excerpt":{"rendered":"<p>&nbsp; Taispe\u00e1nfar an scann\u00e1n uaf\u00e1is Gaeilge FR\u00c9AMHACHA don domhan den ch\u00e9ad uair inniu ag an bhF\u00e9ile Scann\u00e1n iomr\u00e1iteach Locarno san Eilv\u00e9is. &nbsp; Mn\u00e1 uilig at\u00e1 i bhfoireann aisteoir\u00ed an scann\u00e1in Ghaeilge seo arna scr\u00edobh ag agus faoi sti\u00fair Aislinn Clarke. I measc na n-aisteoir\u00ed sin t\u00e1 Clare Monnelly (Doineann, Moone Boy), Br\u00edd N\u00ed Neachtain (Banshees [&hellip;]<\/p>\n","protected":false},"author":876,"featured_media":0,"parent":208148,"menu_order":24,"comment_status":"closed","ping_status":"closed","template":"page-templates\/template-pr.php","meta":{"_acf_changed":false,"footnotes":""},"acf":[],"yoast_head":"<!-- This site is optimized with the Yoast SEO plugin v22.6 - https:\/\/yoast.com\/wordpress\/plugins\/seo\/ -->\n<title>An Scann\u00e1n Uaf\u00e1is Gaeilge &#039;Fr\u00e9amhacha&#039; le Taispe\u00e1int don Domhan den Ch\u00e9ad Uair ag F\u00e9ile san Eilv\u00e9is Inniu | Preas R\u00e1iteas | TG4<\/title>\n<meta name=\"description\" content=\"Taispe\u00e1nfar an scann\u00e1n uaf\u00e1is Gaeilge FR\u00c9AMHACHA don domhan den ch\u00e9ad uair inniu ag an bhF\u00e9ile Scann\u00e1n iomr\u00e1iteach Locarno san Eilv\u00e9is.\" \/>\n<meta name=\"robots\" content=\"index, follow, max-snippet:-1, max-image-preview:large, max-video-preview:-1\" \/>\n<meta property=\"og:locale\" content=\"en_US\" \/>\n<meta property=\"og:type\" content=\"article\" \/>\n<meta property=\"og:title\" content=\"An Scann\u00e1n Uaf\u00e1is Gaeilge &#039;Fr\u00e9amhacha&#039; le Taispe\u00e1int don Domhan den Ch\u00e9ad Uair ag F\u00e9ile san Eilv\u00e9is Inniu | Preas R\u00e1iteas | TG4\" \/>\n<meta property=\"og:description\" content=\"Taispe\u00e1nfar an scann\u00e1n uaf\u00e1is Gaeilge FR\u00c9AMHACHA don domhan den ch\u00e9ad uair inniu ag an bhF\u00e9ile Scann\u00e1n iomr\u00e1iteach Locarno san Eilv\u00e9is.\" \/>\n<meta property=\"og:url\" content=\"https:\/\/dev.tg4.ie\/ga\/eolas\/preas\/nuacht-raitis\/2024-2\/an-scannan-uafais-gaeilge-freamhacha-le-taispeaint-don-domhan-den-chead-uair-ag-feile-san-eilveis-inniu\/\" \/>\n<meta property=\"og:site_name\" content=\"TG4\" \/>\n<meta property=\"article:publisher\" content=\"https:\/\/www.facebook.com\/TG4TV\" \/>\n<meta property=\"og:image\" content=\"https:\/\/tg4-docs.s3.amazonaws.com\/wp-content\/uploads\/2024\/08\/09151937\/Freamhacha_Brid_ni_Neachtain_1-1920x1080-1.jpg\" \/>\n\t<meta property=\"og:image:width\" content=\"1920\" \/>\n\t<meta property=\"og:image:height\" content=\"1080\" \/>\n\t<meta property=\"og:image:type\" content=\"image\/jpeg\" \/>\n<meta name=\"twitter:card\" content=\"summary_large_image\" \/>\n<meta name=\"twitter:image\" content=\"https:\/\/tg4-docs.s3.amazonaws.com\/wp-content\/uploads\/2024\/08\/09151937\/Freamhacha_Brid_ni_Neachtain_1-1920x1080-1.jpg\" \/>\n<meta name=\"twitter:site\" content=\"@TG4TV\" \/>\n<meta name=\"twitter:label1\" content=\"Est. reading time\" \/>\n\t<meta name=\"twitter:data1\" content=\"3 minutes\" \/>\n<script type=\"application\/ld+json\" class=\"yoast-schema-graph\">{\"@context\":\"https:\/\/schema.org\",\"@graph\":[{\"@type\":\"WebPage\",\"@id\":\"https:\/\/dev.tg4.ie\/ga\/eolas\/preas\/nuacht-raitis\/2024-2\/an-scannan-uafais-gaeilge-freamhacha-le-taispeaint-don-domhan-den-chead-uair-ag-feile-san-eilveis-inniu\/\",\"url\":\"https:\/\/dev.tg4.ie\/ga\/eolas\/preas\/nuacht-raitis\/2024-2\/an-scannan-uafais-gaeilge-freamhacha-le-taispeaint-don-domhan-den-chead-uair-ag-feile-san-eilveis-inniu\/\",\"name\":\"An Scann\u00e1n Uaf\u00e1is Gaeilge 'Fr\u00e9amhacha' le Taispe\u00e1int don Domhan den Ch\u00e9ad Uair ag F\u00e9ile san Eilv\u00e9is Inniu | Preas R\u00e1iteas | TG4\",\"isPartOf\":{\"@id\":\"https:\/\/dev.tg4.ie\/en\/#website\"},\"primaryImageOfPage\":{\"@id\":\"https:\/\/dev.tg4.ie\/ga\/eolas\/preas\/nuacht-raitis\/2024-2\/an-scannan-uafais-gaeilge-freamhacha-le-taispeaint-don-domhan-den-chead-uair-ag-feile-san-eilveis-inniu\/#primaryimage\"},\"image\":{\"@id\":\"https:\/\/dev.tg4.ie\/ga\/eolas\/preas\/nuacht-raitis\/2024-2\/an-scannan-uafais-gaeilge-freamhacha-le-taispeaint-don-domhan-den-chead-uair-ag-feile-san-eilveis-inniu\/#primaryimage\"},\"thumbnailUrl\":\"https:\/\/dev.tg4.ie\/wp-content\/uploads\/2024\/08\/Freamhacha_Brid_ni_Neachtain_1-1920x1080-1.jpg\",\"datePublished\":\"2024-08-09T14:23:28+00:00\",\"dateModified\":\"2024-08-09T14:23:28+00:00\",\"description\":\"Taispe\u00e1nfar an scann\u00e1n uaf\u00e1is Gaeilge FR\u00c9AMHACHA don domhan den ch\u00e9ad uair inniu ag an bhF\u00e9ile Scann\u00e1n iomr\u00e1iteach Locarno san Eilv\u00e9is.\",\"breadcrumb\":{\"@id\":\"https:\/\/dev.tg4.ie\/ga\/eolas\/preas\/nuacht-raitis\/2024-2\/an-scannan-uafais-gaeilge-freamhacha-le-taispeaint-don-domhan-den-chead-uair-ag-feile-san-eilveis-inniu\/#breadcrumb\"},\"inLanguage\":\"ga\",\"potentialAction\":[{\"@type\":\"ReadAction\",\"target\":[\"https:\/\/dev.tg4.ie\/ga\/eolas\/preas\/nuacht-raitis\/2024-2\/an-scannan-uafais-gaeilge-freamhacha-le-taispeaint-don-domhan-den-chead-uair-ag-feile-san-eilveis-inniu\/\"]}]},{\"@type\":\"ImageObject\",\"inLanguage\":\"ga\",\"@id\":\"https:\/\/dev.tg4.ie\/ga\/eolas\/preas\/nuacht-raitis\/2024-2\/an-scannan-uafais-gaeilge-freamhacha-le-taispeaint-don-domhan-den-chead-uair-ag-feile-san-eilveis-inniu\/#primaryimage\",\"url\":\"https:\/\/dev.tg4.ie\/wp-content\/uploads\/2024\/08\/Freamhacha_Brid_ni_Neachtain_1-1920x1080-1.jpg\",\"contentUrl\":\"https:\/\/dev.tg4.ie\/wp-content\/uploads\/2024\/08\/Freamhacha_Brid_ni_Neachtain_1-1920x1080-1.jpg\"},{\"@type\":\"BreadcrumbList\",\"@id\":\"https:\/\/dev.tg4.ie\/ga\/eolas\/preas\/nuacht-raitis\/2024-2\/an-scannan-uafais-gaeilge-freamhacha-le-taispeaint-don-domhan-den-chead-uair-ag-feile-san-eilveis-inniu\/#breadcrumb\",\"itemListElement\":[{\"@type\":\"ListItem\",\"position\":1,\"name\":\"Home\",\"item\":\"https:\/\/dev.tg4.ie\/ga\/\"},{\"@type\":\"ListItem\",\"position\":2,\"name\":\"Eolas\",\"item\":\"https:\/\/dev.tg4.ie\/ga\/eolas\/\"},{\"@type\":\"ListItem\",\"position\":3,\"name\":\"Preas\",\"item\":\"https:\/\/dev.tg4.ie\/ga\/eolas\/preas\/\"},{\"@type\":\"ListItem\",\"position\":4,\"name\":\"Nuacht R\u00e1itis\",\"item\":\"https:\/\/dev.tg4.ie\/ga\/eolas\/preas\/nuacht-raitis\/\"},{\"@type\":\"ListItem\",\"position\":5,\"name\":\"2024\",\"item\":\"https:\/\/dev.tg4.ie\/ga\/eolas\/preas\/nuacht-raitis\/2024-2\/\"},{\"@type\":\"ListItem\",\"position\":6,\"name\":\"An Scann\u00e1n Uaf\u00e1is Gaeilge &#8216;Fr\u00e9amhacha&#8217; le Taispe\u00e1int don Domhan den Ch\u00e9ad Uair ag F\u00e9ile san Eilv\u00e9is Inniu\"}]},{\"@type\":\"WebSite\",\"@id\":\"https:\/\/dev.tg4.ie\/en\/#website\",\"url\":\"https:\/\/dev.tg4.ie\/en\/\",\"name\":\"TG4\",\"description\":\"S\u00fail Eile\",\"potentialAction\":[{\"@type\":\"SearchAction\",\"target\":{\"@type\":\"EntryPoint\",\"urlTemplate\":\"https:\/\/dev.tg4.ie\/en\/?s={search_term_string}\"},\"query-input\":\"required name=search_term_string\"}],\"inLanguage\":\"ga\"}]}<\/script>\n<!-- \/ Yoast SEO plugin. -->","yoast_head_json":{"title":"An Scann\u00e1n Uaf\u00e1is Gaeilge 'Fr\u00e9amhacha' le Taispe\u00e1int don Domhan den Ch\u00e9ad Uair ag F\u00e9ile san Eilv\u00e9is Inniu | Preas R\u00e1iteas | TG4","description":"Taispe\u00e1nfar an scann\u00e1n uaf\u00e1is Gaeilge FR\u00c9AMHACHA don domhan den ch\u00e9ad uair inniu ag an bhF\u00e9ile Scann\u00e1n iomr\u00e1iteach Locarno san Eilv\u00e9is.","robots":{"index":"index","follow":"follow","max-snippet":"max-snippet:-1","max-image-preview":"max-image-preview:large","max-video-preview":"max-video-preview:-1"},"og_locale":"en_US","og_type":"article","og_title":"An Scann\u00e1n Uaf\u00e1is Gaeilge 'Fr\u00e9amhacha' le Taispe\u00e1int don Domhan den Ch\u00e9ad Uair ag F\u00e9ile san Eilv\u00e9is Inniu | Preas R\u00e1iteas | TG4","og_description":"Taispe\u00e1nfar an scann\u00e1n uaf\u00e1is Gaeilge FR\u00c9AMHACHA don domhan den ch\u00e9ad uair inniu ag an bhF\u00e9ile Scann\u00e1n iomr\u00e1iteach Locarno san Eilv\u00e9is.","og_url":"https:\/\/dev.tg4.ie\/ga\/eolas\/preas\/nuacht-raitis\/2024-2\/an-scannan-uafais-gaeilge-freamhacha-le-taispeaint-don-domhan-den-chead-uair-ag-feile-san-eilveis-inniu\/","og_site_name":"TG4","article_publisher":"https:\/\/www.facebook.com\/TG4TV","og_image":[{"width":1920,"height":1080,"url":"https:\/\/tg4-docs.s3.amazonaws.com\/wp-content\/uploads\/2024\/08\/09151937\/Freamhacha_Brid_ni_Neachtain_1-1920x1080-1.jpg","type":"image\/jpeg"}],"twitter_card":"summary_large_image","twitter_image":"https:\/\/tg4-docs.s3.amazonaws.com\/wp-content\/uploads\/2024\/08\/09151937\/Freamhacha_Brid_ni_Neachtain_1-1920x1080-1.jpg","twitter_site":"@TG4TV","twitter_misc":{"Est. reading time":"3 minutes"},"schema":{"@context":"https:\/\/schema.org","@graph":[{"@type":"WebPage","@id":"https:\/\/dev.tg4.ie\/ga\/eolas\/preas\/nuacht-raitis\/2024-2\/an-scannan-uafais-gaeilge-freamhacha-le-taispeaint-don-domhan-den-chead-uair-ag-feile-san-eilveis-inniu\/","url":"https:\/\/dev.tg4.ie\/ga\/eolas\/preas\/nuacht-raitis\/2024-2\/an-scannan-uafais-gaeilge-freamhacha-le-taispeaint-don-domhan-den-chead-uair-ag-feile-san-eilveis-inniu\/","name":"An Scann\u00e1n Uaf\u00e1is Gaeilge 'Fr\u00e9amhacha' le Taispe\u00e1int don Domhan den Ch\u00e9ad Uair ag F\u00e9ile san Eilv\u00e9is Inniu | Preas R\u00e1iteas | TG4","isPartOf":{"@id":"https:\/\/dev.tg4.ie\/en\/#website"},"primaryImageOfPage":{"@id":"https:\/\/dev.tg4.ie\/ga\/eolas\/preas\/nuacht-raitis\/2024-2\/an-scannan-uafais-gaeilge-freamhacha-le-taispeaint-don-domhan-den-chead-uair-ag-feile-san-eilveis-inniu\/#primaryimage"},"image":{"@id":"https:\/\/dev.tg4.ie\/ga\/eolas\/preas\/nuacht-raitis\/2024-2\/an-scannan-uafais-gaeilge-freamhacha-le-taispeaint-don-domhan-den-chead-uair-ag-feile-san-eilveis-inniu\/#primaryimage"},"thumbnailUrl":"https:\/\/dev.tg4.ie\/wp-content\/uploads\/2024\/08\/Freamhacha_Brid_ni_Neachtain_1-1920x1080-1.jpg","datePublished":"2024-08-09T14:23:28+00:00","dateModified":"2024-08-09T14:23:28+00:00","description":"Taispe\u00e1nfar an scann\u00e1n uaf\u00e1is Gaeilge FR\u00c9AMHACHA don domhan den ch\u00e9ad uair inniu ag an bhF\u00e9ile Scann\u00e1n iomr\u00e1iteach Locarno san Eilv\u00e9is.","breadcrumb":{"@id":"https:\/\/dev.tg4.ie\/ga\/eolas\/preas\/nuacht-raitis\/2024-2\/an-scannan-uafais-gaeilge-freamhacha-le-taispeaint-don-domhan-den-chead-uair-ag-feile-san-eilveis-inniu\/#breadcrumb"},"inLanguage":"ga","potentialAction":[{"@type":"ReadAction","target":["https:\/\/dev.tg4.ie\/ga\/eolas\/preas\/nuacht-raitis\/2024-2\/an-scannan-uafais-gaeilge-freamhacha-le-taispeaint-don-domhan-den-chead-uair-ag-feile-san-eilveis-inniu\/"]}]},{"@type":"ImageObject","inLanguage":"ga","@id":"https:\/\/dev.tg4.ie\/ga\/eolas\/preas\/nuacht-raitis\/2024-2\/an-scannan-uafais-gaeilge-freamhacha-le-taispeaint-don-domhan-den-chead-uair-ag-feile-san-eilveis-inniu\/#primaryimage","url":"https:\/\/dev.tg4.ie\/wp-content\/uploads\/2024\/08\/Freamhacha_Brid_ni_Neachtain_1-1920x1080-1.jpg","contentUrl":"https:\/\/dev.tg4.ie\/wp-content\/uploads\/2024\/08\/Freamhacha_Brid_ni_Neachtain_1-1920x1080-1.jpg"},{"@type":"BreadcrumbList","@id":"https:\/\/dev.tg4.ie\/ga\/eolas\/preas\/nuacht-raitis\/2024-2\/an-scannan-uafais-gaeilge-freamhacha-le-taispeaint-don-domhan-den-chead-uair-ag-feile-san-eilveis-inniu\/#breadcrumb","itemListElement":[{"@type":"ListItem","position":1,"name":"Home","item":"https:\/\/dev.tg4.ie\/ga\/"},{"@type":"ListItem","position":2,"name":"Eolas","item":"https:\/\/dev.tg4.ie\/ga\/eolas\/"},{"@type":"ListItem","position":3,"name":"Preas","item":"https:\/\/dev.tg4.ie\/ga\/eolas\/preas\/"},{"@type":"ListItem","position":4,"name":"Nuacht R\u00e1itis","item":"https:\/\/dev.tg4.ie\/ga\/eolas\/preas\/nuacht-raitis\/"},{"@type":"ListItem","position":5,"name":"2024","item":"https:\/\/dev.tg4.ie\/ga\/eolas\/preas\/nuacht-raitis\/2024-2\/"},{"@type":"ListItem","position":6,"name":"An Scann\u00e1n Uaf\u00e1is Gaeilge &#8216;Fr\u00e9amhacha&#8217; le Taispe\u00e1int don Domhan den Ch\u00e9ad Uair ag F\u00e9ile san Eilv\u00e9is Inniu"}]},{"@type":"WebSite","@id":"https:\/\/dev.tg4.ie\/en\/#website","url":"https:\/\/dev.tg4.ie\/en\/","name":"TG4","description":"S\u00fail Eile","potentialAction":[{"@type":"SearchAction","target":{"@type":"EntryPoint","urlTemplate":"https:\/\/dev.tg4.ie\/en\/?s={search_term_string}"},"query-input":"required name=search_term_string"}],"inLanguage":"ga"}]}},"_links":{"self":[{"href":"https:\/\/dev.tg4.ie\/ga\/wp-json\/wp\/v2\/pages\/232099"}],"collection":[{"href":"https:\/\/dev.tg4.ie\/ga\/wp-json\/wp\/v2\/pages"}],"about":[{"href":"https:\/\/dev.tg4.ie\/ga\/wp-json\/wp\/v2\/types\/page"}],"author":[{"embeddable":true,"href":"https:\/\/dev.tg4.ie\/ga\/wp-json\/wp\/v2\/users\/876"}],"replies":[{"embeddable":true,"href":"https:\/\/dev.tg4.ie\/ga\/wp-json\/wp\/v2\/comments?post=232099"}],"version-history":[{"count":0,"href":"https:\/\/dev.tg4.ie\/ga\/wp-json\/wp\/v2\/pages\/232099\/revisions"}],"up":[{"embeddable":true,"href":"https:\/\/dev.tg4.ie\/ga\/wp-json\/wp\/v2\/pages\/208148"}],"wp:attachment":[{"href":"https:\/\/dev.tg4.ie\/ga\/wp-json\/wp\/v2\/media?parent=232099"}],"curies":[{"name":"wp","href":"https:\/\/api.w.org\/{rel}","templated":true}]}}