{"id":232233,"date":"2024-08-27T15:03:15","date_gmt":"2024-08-27T14:03:15","guid":{"rendered":"https:\/\/dev.tg4.ie\/?page_id=232233"},"modified":"2024-08-29T16:53:04","modified_gmt":"2024-08-29T15:53:04","slug":"nios-mo-na-riamh-cheana-de-mhna-na-heireann-le-feiceail-ag-imirt-pheil-astralach-na-mban-ar-tg4","status":"publish","type":"page","link":"https:\/\/dev.tg4.ie\/ga\/eolas\/preas\/nuacht-raitis\/2024-2\/nios-mo-na-riamh-cheana-de-mhna-na-heireann-le-feiceail-ag-imirt-pheil-astralach-na-mban-ar-tg4\/","title":{"rendered":"N\u00edos m\u00f3 n\u00e1 riamh cheana de Mhn\u00e1 na h\u00c9ireann le feice\u00e1il ag imirt Pheil Astr\u00e1lach na mBan ar TG4"},"content":{"rendered":"<p><img loading=\"lazy\" decoding=\"async\" width=\"1920\" height=\"1080\" src=\"https:\/\/tg4-docs.s3.amazonaws.com\/wp-content\/uploads\/2024\/08\/29165136\/Aussie_Rules_na_mBan_2024_Vikki_Wall_1-1920x1080-1.jpg\" alt=\"\" class=\"alignnone size-full wp-image-232287\" srcset=\"https:\/\/tg4-docs.s3.amazonaws.com\/wp-content\/uploads\/2024\/08\/29165136\/Aussie_Rules_na_mBan_2024_Vikki_Wall_1-1920x1080-1.jpg 1920w, https:\/\/tg4-docs.s3.amazonaws.com\/wp-content\/uploads\/2024\/08\/29165136\/Aussie_Rules_na_mBan_2024_Vikki_Wall_1-1920x1080-1-250x141.jpg 250w, https:\/\/tg4-docs.s3.amazonaws.com\/wp-content\/uploads\/2024\/08\/29165136\/Aussie_Rules_na_mBan_2024_Vikki_Wall_1-1920x1080-1-700x394.jpg 700w, https:\/\/tg4-docs.s3.amazonaws.com\/wp-content\/uploads\/2024\/08\/29165136\/Aussie_Rules_na_mBan_2024_Vikki_Wall_1-1920x1080-1-252x141.jpg 252w, https:\/\/tg4-docs.s3.amazonaws.com\/wp-content\/uploads\/2024\/08\/29165136\/Aussie_Rules_na_mBan_2024_Vikki_Wall_1-1920x1080-1-1536x864.jpg 1536w, https:\/\/tg4-docs.s3.amazonaws.com\/wp-content\/uploads\/2024\/08\/29165136\/Aussie_Rules_na_mBan_2024_Vikki_Wall_1-1920x1080-1-120x68.jpg 120w\" sizes=\"(max-width: 1920px) 100vw, 1920px\" \/><br \/>\n<sup>Pic: Vikki Wall<\/sup><br \/>\n&nbsp;<br \/>\n<iframe loading=\"lazy\" width=\"560\" height=\"315\" src=\"https:\/\/www.youtube.com\/embed\/NRPSVGYDm5s?si=I9M_-39yn8brur0q\" title=\"YouTube video player\" frameborder=\"0\" allow=\"accelerometer; autoplay; clipboard-write; encrypted-media; gyroscope; picture-in-picture; web-share\" referrerpolicy=\"strict-origin-when-cross-origin\" allowfullscreen><\/iframe><br \/>\n&nbsp;<br \/>\n<strong>L\u00e1 na Preibe &#8211; D\u00e9 Sathairn, an 31 L\u00fanasa ar TG4<\/strong><br \/>\n&nbsp;<br \/>\nT\u00e1 f\u00f3gartha ag TG4 go mbeidh cluich\u00ed ioml\u00e1na agus buaicphoint\u00ed \u00e1 gcraoladh seachtain i ndiaidh seachtaine ar\u00eds an s\u00e9as\u00far seo de Shraith Pheil Astr\u00e1lach na mBan (AFLW).<br \/>\n&nbsp;<br \/>\nBeidh l\u00edon n\u00edos m\u00f3 n\u00e1 riamh, ceithre dhuine dh\u00e9ag agus fiche, de mhn\u00e1 na h\u00c9ireann ag imirt i gcraobh na bliana seo.  Baineann siad le hocht gcinn d\u00e9ag de chontaetha. As Maigh Eo an sciar is fairsinge, seisear imreoir\u00ed, aon imreoir amh\u00e1in chun tosaigh ar Thiobraid \u00c1rann. F\u00e9ach liosta ioml\u00e1n na n-imreoir\u00ed th\u00edos.<br \/>\n&nbsp;<br \/>\nT\u00e1 t\u00fas \u00e1 chur an deireadh seachtaine seo le Craobhchom\u00f3rtas AFLW agus ocht bhfoireann d\u00e9ag san ioma\u00edocht ag iarraidh a bheith sa Chluiche Ceannais, an 30 Samhain.<br \/>\n&nbsp;<br \/>\nBeidh dh\u00e1 chluiche \u00e1 gcraoladh ar atr\u00e1th gach deireadh seachtaine ag TG4 chomh maith le buaicphoint\u00ed a chraoladh gach seachtain mar chuid den chl\u00e1r GAA 2024 ag a 8 i.n. ar an Luan.<br \/>\n&nbsp;<br \/>\nBeidh an ch\u00e9ad eagr\u00e1n de AFL Aussie Rules na mBan ar an aer D\u00e9 Sathairn ag 12:00 me\u00e1n lae le Essendon v Freemantle. F\u00e9ach th\u00edos liosta ioml\u00e1n na gcluich\u00ed \u00f3 na tr\u00ed bhabhta tosaigh: <\/p>\n<ul>\n<li>D\u00e9 Sathairn, an 31 L\u00fanasa 12:00pm &#8211; Ar atr\u00e1th &#8211; Babhta 1 &#8211; Essendon v Freemantle<\/li>\n<li>D\u00e9 Domhnaigh, an 1 Me\u00e1n F\u00f3mhair 12.05pm &#8211; Ar atr\u00e1th &#8211; Babhta 1 &#8211; Brisbane Lions v Kangaroos<\/li>\n<li>D\u00e9 Sathairn, an 7 Me\u00e1n F\u00f3mhair &#8211; Ar atr\u00e1th &#8211; Babhta 2 &#8211; Melbourne v Brisbane Lions<\/li>\n<li>D\u00e9 Domhnaigh, an 8 Me\u00e1n F\u00f3mhair &#8211; Ar atr\u00e1th &#8211; Babhta 2 &#8211; St Kilda v Sydney Swans<\/li>\n<\/ul>\n<p>&nbsp;<br \/>\nD\u00fairt <strong>Ceannasa\u00ed Sp\u00f3irt TG4 R\u00f3n\u00e1n \u00d3 Coistealbha<\/strong>: <em>&#8220;T\u00e1 borradh tr\u00e9an tobann faoi chraobhchom\u00f3rtas AFLW agus cuireann s\u00e9 sceitim\u00edn\u00ed orainn an t-aicsean is fearr as an Astr\u00e1il a chur ar f\u00e1il don lucht f\u00e9achana in \u00c9irinn seachtain i ndiaidh seachtaine. T\u00e1 cuid mh\u00f3r peilead\u00f3ir\u00ed as \u00c9irinn ag imirt sa chom\u00f3rtas agus is m\u00f3r le TG4 an deis seo a chur ar f\u00e1il do mhuintir na h\u00c9ireann f\u00e9achaint ar an gcom\u00f3rtas ar chain\u00e9al saor \u00f3 th\u00e1ille.&#8221;<\/em><br \/>\n&nbsp;<\/p>\n<p><u>An 34 imreoir\u00ed \u00c9ireannacha deimhnithe do Sh\u00e9as\u00far AFLW 2024<\/u><\/p>\n<p><strong>Maigh Eo<\/strong><br \/>\nNiamh Kelly (Adelaide Crows)<br \/>\nDayna Finn (Carlton)<br \/>\nSarah Rowe (Collingwood)<br \/>\nRachel Kearns (Geelong Cats)<br \/>\nAileen Gilroy (Hawthorn)<br \/>\nGrace Kelly (St Kilda)<br \/>\n&nbsp;<br \/>\n<strong>Tiobraid \u00c1rann<\/strong><br \/>\nOrla O\u2019Dwyer (Brisbane Lions)<br \/>\nAisling McCarthy (Freemantle)<br \/>\nAnna Rose Kennedy (Geelong Cats)<br \/>\nAishling Moloney (Geelong Cats)<br \/>\nNiamh Martin (North Melbourne)<br \/>\n&nbsp;<br \/>\n<strong>D\u00fan na nGall<\/strong><br \/>\nAmy Boyle Carr (Adelaide Crows)<br \/>\nNiamh McLaughlin (Gold Coast Suns)<br \/>\nTanya Kennedy (Sydney Swans)<br \/>\n&nbsp;<br \/>\n<strong>Ard Mhacha<\/strong><br \/>\nAmy Mulholland (Freemantle)<br \/>\nLauren McConville (Gold Coast Suns)<br \/>\nBlaithin Mackin (Melbourne)<br \/>\n&nbsp;<br \/>\n<strong>Baile \u00c1tha Cliath<\/strong><br \/>\nJennifer Dunne (Brisbane Lions)<br \/>\nSin\u00e9ad Goldrick (Melbourne)<br \/>\n&nbsp;<br \/>\n<strong>An Mh\u00ed<\/strong><br \/>\nOrlagh Lally (Freemantle)<br \/>\nVikki Wall (North Melbourne)<br \/>\n&nbsp;<br \/>\n<strong>Liatroim<\/strong><br \/>\n\u00c1ine Tighe (Freemantle)<br \/>\nEilish O\u2019Dowd (GWS Giants)<br \/>\n&nbsp;<br \/>\n<strong>Ciarra\u00ed<\/strong><br \/>\nParis McCarthy (Sydney Swans)<br \/>\nJulie O&#8217;Sullivan (Sydney Swans)<br \/>\n&nbsp;<br \/>\n<strong>An Cabh\u00e1n<\/strong><br \/>\nAishling Sheridan (Collingwood)<br \/>\n&nbsp;<br \/>\n<strong>Muineach\u00e1n <\/strong><br \/>\nMuireann Atkinson (Collingwood)<br \/>\n&nbsp;<br \/>\n<strong>Ros Com\u00e1in<\/strong><br \/>\nJoanne Cregg (Freemantle)<br \/>\n&nbsp;<br \/>\n<strong>U\u00edbh Fhail\u00ed<\/strong><br \/>\nKate Kenny (Geelong Cats)<br \/>\n&nbsp;<br \/>\n<strong>An D\u00fan<\/strong><br \/>\nClara Fitzpatrick (Gold Coast Suns)<br \/>\n&nbsp;<br \/>\n<strong>T\u00edr Eoghain<\/strong><br \/>\nCara McCrossan (Gold Coast Suns)<br \/>\n&nbsp;<br \/>\n<strong>Gaillimh<\/strong><br \/>\n\u00c1ine McDonagh (Hawthorn)<br \/>\n&nbsp;<br \/>\n<strong>Corcaigh<\/strong><br \/>\nErika O\u2019Shea (North Melbourne)<br \/>\n&nbsp;<br \/>\n<strong>Fear Manach<\/strong><br \/>\nBlaith\u00edn Bogue (North Melbourne)<br \/>\n&nbsp;<\/p>\n<p><u>D\u00e1ta\u00ed don s\u00e9as\u00far AFL Women\u2019s:<\/u><\/p>\n<p>Babhta 1  &#8211;   deireadh seachtaine 31 L\u00fanasa \/ 1 \/ 2 Me\u00e1n F\u00f3mhair<br \/>\nBabhta 2  &#8211;   deireadh seachtaine 6 \/ 7 \/ 8 Me\u00e1n F\u00f3mhair<br \/>\nBabhta 3  &#8211;   deireadh seachtaine 12 \/13 \/ 14 Me\u00e1n F\u00f3mhair<br \/>\nBabhta 4  &#8211;   deireadh seachtaine 20 \/ 21 \/ 22 Me\u00e1n F\u00f3mhair<br \/>\nBabhta 5  &#8211;   deireadh seachtaine 27 \/ 28 \/ 29 Me\u00e1n F\u00f3mhair<br \/>\nBabhta 6  &#8211;   deireadh seachtaine 3 \/ 5 \/ 6 Deireadh F\u00f3mhair<br \/>\nBabhta 7  &#8211;   deireadh seachtaine 11 \/ 12 \/ 13 Deireadh F\u00f3mhair<br \/>\nBabhta 8  &#8211;   deireadh seachtaine 18 \/ 19\/ 20 Deireadh F\u00f3mhair<br \/>\nBabhta 9  &#8211;   deireadh seachtaine 25 \/ 26 \/ 27 Deireadh F\u00f3mhair<br \/>\nBabhta Ceannais  &#8211;  m\u00ed na Samhna<br \/>\n&nbsp;<\/p>\n<p>Breis Eolais: <a href=\"https:\/\/www.afl.com.au\/aflw\/fixture?Competition=3\" rel=\"noopener\" target=\"_blank\">https:\/\/www.afl.com.au\/aflw\/fixture?Competition=3<\/a><\/p>\n<p>&nbsp;<\/p>\n","protected":false},"excerpt":{"rendered":"<p>Pic: Vikki Wall &nbsp; &nbsp; L\u00e1 na Preibe &#8211; D\u00e9 Sathairn, an 31 L\u00fanasa ar TG4 &nbsp; T\u00e1 f\u00f3gartha ag TG4 go mbeidh cluich\u00ed ioml\u00e1na agus buaicphoint\u00ed \u00e1 gcraoladh seachtain i ndiaidh seachtaine ar\u00eds an s\u00e9as\u00far seo de Shraith Pheil Astr\u00e1lach na mBan (AFLW). &nbsp; Beidh l\u00edon n\u00edos m\u00f3 n\u00e1 riamh, ceithre dhuine dh\u00e9ag agus [&hellip;]<\/p>\n","protected":false},"author":876,"featured_media":0,"parent":208148,"menu_order":25,"comment_status":"closed","ping_status":"closed","template":"page-templates\/template-pr.php","meta":{"_acf_changed":false,"footnotes":""},"acf":[],"yoast_head":"<!-- This site is optimized with the Yoast SEO plugin v22.6 - https:\/\/yoast.com\/wordpress\/plugins\/seo\/ -->\n<title>N\u00edos m\u00f3 n\u00e1 riamh cheana de Mhn\u00e1 na h\u00c9ireann le feice\u00e1il ag imirt Pheil Astr\u00e1lach na mBan ar TG4 | Preas R\u00e1iteas | TG4<\/title>\n<meta name=\"description\" content=\"Beidh l\u00edon n\u00edos m\u00f3 n\u00e1 riamh, ceithre dhuine dh\u00e9ag agus fiche, de mhn\u00e1 na h\u00c9ireann ag imirt i gcraobh na bliana seo.\" \/>\n<meta name=\"robots\" content=\"index, follow, max-snippet:-1, max-image-preview:large, max-video-preview:-1\" \/>\n<meta property=\"og:locale\" content=\"en_US\" \/>\n<meta property=\"og:type\" content=\"article\" \/>\n<meta property=\"og:title\" content=\"N\u00edos m\u00f3 n\u00e1 riamh cheana de Mhn\u00e1 na h\u00c9ireann le feice\u00e1il ag imirt Pheil Astr\u00e1lach na mBan ar TG4 | Preas R\u00e1iteas | TG4\" \/>\n<meta property=\"og:description\" content=\"Beidh l\u00edon n\u00edos m\u00f3 n\u00e1 riamh, ceithre dhuine dh\u00e9ag agus fiche, de mhn\u00e1 na h\u00c9ireann ag imirt i gcraobh na bliana seo.\" \/>\n<meta property=\"og:url\" content=\"https:\/\/dev.tg4.ie\/ga\/eolas\/preas\/nuacht-raitis\/2024-2\/nios-mo-na-riamh-cheana-de-mhna-na-heireann-le-feiceail-ag-imirt-pheil-astralach-na-mban-ar-tg4\/\" \/>\n<meta property=\"og:site_name\" content=\"TG4\" \/>\n<meta property=\"article:publisher\" content=\"https:\/\/www.facebook.com\/TG4TV\" \/>\n<meta property=\"article:modified_time\" content=\"2024-08-29T15:53:04+00:00\" \/>\n<meta property=\"og:image\" content=\"https:\/\/tg4-docs.s3.amazonaws.com\/wp-content\/uploads\/2024\/08\/29165136\/Aussie_Rules_na_mBan_2024_Vikki_Wall_1-1920x1080-1.jpg\" \/>\n\t<meta property=\"og:image:width\" content=\"1920\" \/>\n\t<meta property=\"og:image:height\" content=\"1080\" \/>\n\t<meta property=\"og:image:type\" content=\"image\/jpeg\" \/>\n<meta name=\"twitter:card\" content=\"summary_large_image\" \/>\n<meta name=\"twitter:image\" content=\"https:\/\/tg4-docs.s3.amazonaws.com\/wp-content\/uploads\/2024\/08\/29165136\/Aussie_Rules_na_mBan_2024_Vikki_Wall_1-1920x1080-1.jpg\" \/>\n<meta name=\"twitter:site\" content=\"@TG4TV\" \/>\n<meta name=\"twitter:label1\" content=\"Est. reading time\" \/>\n\t<meta name=\"twitter:data1\" content=\"3 minutes\" \/>\n<script type=\"application\/ld+json\" class=\"yoast-schema-graph\">{\"@context\":\"https:\/\/schema.org\",\"@graph\":[{\"@type\":\"WebPage\",\"@id\":\"https:\/\/dev.tg4.ie\/ga\/eolas\/preas\/nuacht-raitis\/2024-2\/nios-mo-na-riamh-cheana-de-mhna-na-heireann-le-feiceail-ag-imirt-pheil-astralach-na-mban-ar-tg4\/\",\"url\":\"https:\/\/dev.tg4.ie\/ga\/eolas\/preas\/nuacht-raitis\/2024-2\/nios-mo-na-riamh-cheana-de-mhna-na-heireann-le-feiceail-ag-imirt-pheil-astralach-na-mban-ar-tg4\/\",\"name\":\"N\u00edos m\u00f3 n\u00e1 riamh cheana de Mhn\u00e1 na h\u00c9ireann le feice\u00e1il ag imirt Pheil Astr\u00e1lach na mBan ar TG4 | Preas R\u00e1iteas | TG4\",\"isPartOf\":{\"@id\":\"https:\/\/dev.tg4.ie\/en\/#website\"},\"primaryImageOfPage\":{\"@id\":\"https:\/\/dev.tg4.ie\/ga\/eolas\/preas\/nuacht-raitis\/2024-2\/nios-mo-na-riamh-cheana-de-mhna-na-heireann-le-feiceail-ag-imirt-pheil-astralach-na-mban-ar-tg4\/#primaryimage\"},\"image\":{\"@id\":\"https:\/\/dev.tg4.ie\/ga\/eolas\/preas\/nuacht-raitis\/2024-2\/nios-mo-na-riamh-cheana-de-mhna-na-heireann-le-feiceail-ag-imirt-pheil-astralach-na-mban-ar-tg4\/#primaryimage\"},\"thumbnailUrl\":\"https:\/\/dev.tg4.ie\/wp-content\/uploads\/2024\/08\/Aussie_Rules_na_mBan_2024_Vikki_Wall_1-1920x1080-1.jpg\",\"datePublished\":\"2024-08-27T14:03:15+00:00\",\"dateModified\":\"2024-08-29T15:53:04+00:00\",\"description\":\"Beidh l\u00edon n\u00edos m\u00f3 n\u00e1 riamh, ceithre dhuine dh\u00e9ag agus fiche, de mhn\u00e1 na h\u00c9ireann ag imirt i gcraobh na bliana seo.\",\"breadcrumb\":{\"@id\":\"https:\/\/dev.tg4.ie\/ga\/eolas\/preas\/nuacht-raitis\/2024-2\/nios-mo-na-riamh-cheana-de-mhna-na-heireann-le-feiceail-ag-imirt-pheil-astralach-na-mban-ar-tg4\/#breadcrumb\"},\"inLanguage\":\"ga\",\"potentialAction\":[{\"@type\":\"ReadAction\",\"target\":[\"https:\/\/dev.tg4.ie\/ga\/eolas\/preas\/nuacht-raitis\/2024-2\/nios-mo-na-riamh-cheana-de-mhna-na-heireann-le-feiceail-ag-imirt-pheil-astralach-na-mban-ar-tg4\/\"]}]},{\"@type\":\"ImageObject\",\"inLanguage\":\"ga\",\"@id\":\"https:\/\/dev.tg4.ie\/ga\/eolas\/preas\/nuacht-raitis\/2024-2\/nios-mo-na-riamh-cheana-de-mhna-na-heireann-le-feiceail-ag-imirt-pheil-astralach-na-mban-ar-tg4\/#primaryimage\",\"url\":\"https:\/\/dev.tg4.ie\/wp-content\/uploads\/2024\/08\/Aussie_Rules_na_mBan_2024_Vikki_Wall_1-1920x1080-1.jpg\",\"contentUrl\":\"https:\/\/dev.tg4.ie\/wp-content\/uploads\/2024\/08\/Aussie_Rules_na_mBan_2024_Vikki_Wall_1-1920x1080-1.jpg\"},{\"@type\":\"BreadcrumbList\",\"@id\":\"https:\/\/dev.tg4.ie\/ga\/eolas\/preas\/nuacht-raitis\/2024-2\/nios-mo-na-riamh-cheana-de-mhna-na-heireann-le-feiceail-ag-imirt-pheil-astralach-na-mban-ar-tg4\/#breadcrumb\",\"itemListElement\":[{\"@type\":\"ListItem\",\"position\":1,\"name\":\"Home\",\"item\":\"https:\/\/dev.tg4.ie\/ga\/\"},{\"@type\":\"ListItem\",\"position\":2,\"name\":\"Eolas\",\"item\":\"https:\/\/dev.tg4.ie\/ga\/eolas\/\"},{\"@type\":\"ListItem\",\"position\":3,\"name\":\"Preas\",\"item\":\"https:\/\/dev.tg4.ie\/ga\/eolas\/preas\/\"},{\"@type\":\"ListItem\",\"position\":4,\"name\":\"Nuacht R\u00e1itis\",\"item\":\"https:\/\/dev.tg4.ie\/ga\/eolas\/preas\/nuacht-raitis\/\"},{\"@type\":\"ListItem\",\"position\":5,\"name\":\"2024\",\"item\":\"https:\/\/dev.tg4.ie\/ga\/eolas\/preas\/nuacht-raitis\/2024-2\/\"},{\"@type\":\"ListItem\",\"position\":6,\"name\":\"N\u00edos m\u00f3 n\u00e1 riamh cheana de Mhn\u00e1 na h\u00c9ireann le feice\u00e1il ag imirt Pheil Astr\u00e1lach na mBan ar TG4\"}]},{\"@type\":\"WebSite\",\"@id\":\"https:\/\/dev.tg4.ie\/en\/#website\",\"url\":\"https:\/\/dev.tg4.ie\/en\/\",\"name\":\"TG4\",\"description\":\"S\u00fail Eile\",\"potentialAction\":[{\"@type\":\"SearchAction\",\"target\":{\"@type\":\"EntryPoint\",\"urlTemplate\":\"https:\/\/dev.tg4.ie\/en\/?s={search_term_string}\"},\"query-input\":\"required name=search_term_string\"}],\"inLanguage\":\"ga\"}]}<\/script>\n<!-- \/ Yoast SEO plugin. -->","yoast_head_json":{"title":"N\u00edos m\u00f3 n\u00e1 riamh cheana de Mhn\u00e1 na h\u00c9ireann le feice\u00e1il ag imirt Pheil Astr\u00e1lach na mBan ar TG4 | Preas R\u00e1iteas | TG4","description":"Beidh l\u00edon n\u00edos m\u00f3 n\u00e1 riamh, ceithre dhuine dh\u00e9ag agus fiche, de mhn\u00e1 na h\u00c9ireann ag imirt i gcraobh na bliana seo.","robots":{"index":"index","follow":"follow","max-snippet":"max-snippet:-1","max-image-preview":"max-image-preview:large","max-video-preview":"max-video-preview:-1"},"og_locale":"en_US","og_type":"article","og_title":"N\u00edos m\u00f3 n\u00e1 riamh cheana de Mhn\u00e1 na h\u00c9ireann le feice\u00e1il ag imirt Pheil Astr\u00e1lach na mBan ar TG4 | Preas R\u00e1iteas | TG4","og_description":"Beidh l\u00edon n\u00edos m\u00f3 n\u00e1 riamh, ceithre dhuine dh\u00e9ag agus fiche, de mhn\u00e1 na h\u00c9ireann ag imirt i gcraobh na bliana seo.","og_url":"https:\/\/dev.tg4.ie\/ga\/eolas\/preas\/nuacht-raitis\/2024-2\/nios-mo-na-riamh-cheana-de-mhna-na-heireann-le-feiceail-ag-imirt-pheil-astralach-na-mban-ar-tg4\/","og_site_name":"TG4","article_publisher":"https:\/\/www.facebook.com\/TG4TV","article_modified_time":"2024-08-29T15:53:04+00:00","og_image":[{"width":1920,"height":1080,"url":"https:\/\/tg4-docs.s3.amazonaws.com\/wp-content\/uploads\/2024\/08\/29165136\/Aussie_Rules_na_mBan_2024_Vikki_Wall_1-1920x1080-1.jpg","type":"image\/jpeg"}],"twitter_card":"summary_large_image","twitter_image":"https:\/\/tg4-docs.s3.amazonaws.com\/wp-content\/uploads\/2024\/08\/29165136\/Aussie_Rules_na_mBan_2024_Vikki_Wall_1-1920x1080-1.jpg","twitter_site":"@TG4TV","twitter_misc":{"Est. reading time":"3 minutes"},"schema":{"@context":"https:\/\/schema.org","@graph":[{"@type":"WebPage","@id":"https:\/\/dev.tg4.ie\/ga\/eolas\/preas\/nuacht-raitis\/2024-2\/nios-mo-na-riamh-cheana-de-mhna-na-heireann-le-feiceail-ag-imirt-pheil-astralach-na-mban-ar-tg4\/","url":"https:\/\/dev.tg4.ie\/ga\/eolas\/preas\/nuacht-raitis\/2024-2\/nios-mo-na-riamh-cheana-de-mhna-na-heireann-le-feiceail-ag-imirt-pheil-astralach-na-mban-ar-tg4\/","name":"N\u00edos m\u00f3 n\u00e1 riamh cheana de Mhn\u00e1 na h\u00c9ireann le feice\u00e1il ag imirt Pheil Astr\u00e1lach na mBan ar TG4 | Preas R\u00e1iteas | TG4","isPartOf":{"@id":"https:\/\/dev.tg4.ie\/en\/#website"},"primaryImageOfPage":{"@id":"https:\/\/dev.tg4.ie\/ga\/eolas\/preas\/nuacht-raitis\/2024-2\/nios-mo-na-riamh-cheana-de-mhna-na-heireann-le-feiceail-ag-imirt-pheil-astralach-na-mban-ar-tg4\/#primaryimage"},"image":{"@id":"https:\/\/dev.tg4.ie\/ga\/eolas\/preas\/nuacht-raitis\/2024-2\/nios-mo-na-riamh-cheana-de-mhna-na-heireann-le-feiceail-ag-imirt-pheil-astralach-na-mban-ar-tg4\/#primaryimage"},"thumbnailUrl":"https:\/\/dev.tg4.ie\/wp-content\/uploads\/2024\/08\/Aussie_Rules_na_mBan_2024_Vikki_Wall_1-1920x1080-1.jpg","datePublished":"2024-08-27T14:03:15+00:00","dateModified":"2024-08-29T15:53:04+00:00","description":"Beidh l\u00edon n\u00edos m\u00f3 n\u00e1 riamh, ceithre dhuine dh\u00e9ag agus fiche, de mhn\u00e1 na h\u00c9ireann ag imirt i gcraobh na bliana seo.","breadcrumb":{"@id":"https:\/\/dev.tg4.ie\/ga\/eolas\/preas\/nuacht-raitis\/2024-2\/nios-mo-na-riamh-cheana-de-mhna-na-heireann-le-feiceail-ag-imirt-pheil-astralach-na-mban-ar-tg4\/#breadcrumb"},"inLanguage":"ga","potentialAction":[{"@type":"ReadAction","target":["https:\/\/dev.tg4.ie\/ga\/eolas\/preas\/nuacht-raitis\/2024-2\/nios-mo-na-riamh-cheana-de-mhna-na-heireann-le-feiceail-ag-imirt-pheil-astralach-na-mban-ar-tg4\/"]}]},{"@type":"ImageObject","inLanguage":"ga","@id":"https:\/\/dev.tg4.ie\/ga\/eolas\/preas\/nuacht-raitis\/2024-2\/nios-mo-na-riamh-cheana-de-mhna-na-heireann-le-feiceail-ag-imirt-pheil-astralach-na-mban-ar-tg4\/#primaryimage","url":"https:\/\/dev.tg4.ie\/wp-content\/uploads\/2024\/08\/Aussie_Rules_na_mBan_2024_Vikki_Wall_1-1920x1080-1.jpg","contentUrl":"https:\/\/dev.tg4.ie\/wp-content\/uploads\/2024\/08\/Aussie_Rules_na_mBan_2024_Vikki_Wall_1-1920x1080-1.jpg"},{"@type":"BreadcrumbList","@id":"https:\/\/dev.tg4.ie\/ga\/eolas\/preas\/nuacht-raitis\/2024-2\/nios-mo-na-riamh-cheana-de-mhna-na-heireann-le-feiceail-ag-imirt-pheil-astralach-na-mban-ar-tg4\/#breadcrumb","itemListElement":[{"@type":"ListItem","position":1,"name":"Home","item":"https:\/\/dev.tg4.ie\/ga\/"},{"@type":"ListItem","position":2,"name":"Eolas","item":"https:\/\/dev.tg4.ie\/ga\/eolas\/"},{"@type":"ListItem","position":3,"name":"Preas","item":"https:\/\/dev.tg4.ie\/ga\/eolas\/preas\/"},{"@type":"ListItem","position":4,"name":"Nuacht R\u00e1itis","item":"https:\/\/dev.tg4.ie\/ga\/eolas\/preas\/nuacht-raitis\/"},{"@type":"ListItem","position":5,"name":"2024","item":"https:\/\/dev.tg4.ie\/ga\/eolas\/preas\/nuacht-raitis\/2024-2\/"},{"@type":"ListItem","position":6,"name":"N\u00edos m\u00f3 n\u00e1 riamh cheana de Mhn\u00e1 na h\u00c9ireann le feice\u00e1il ag imirt Pheil Astr\u00e1lach na mBan ar TG4"}]},{"@type":"WebSite","@id":"https:\/\/dev.tg4.ie\/en\/#website","url":"https:\/\/dev.tg4.ie\/en\/","name":"TG4","description":"S\u00fail Eile","potentialAction":[{"@type":"SearchAction","target":{"@type":"EntryPoint","urlTemplate":"https:\/\/dev.tg4.ie\/en\/?s={search_term_string}"},"query-input":"required name=search_term_string"}],"inLanguage":"ga"}]}},"_links":{"self":[{"href":"https:\/\/dev.tg4.ie\/ga\/wp-json\/wp\/v2\/pages\/232233"}],"collection":[{"href":"https:\/\/dev.tg4.ie\/ga\/wp-json\/wp\/v2\/pages"}],"about":[{"href":"https:\/\/dev.tg4.ie\/ga\/wp-json\/wp\/v2\/types\/page"}],"author":[{"embeddable":true,"href":"https:\/\/dev.tg4.ie\/ga\/wp-json\/wp\/v2\/users\/876"}],"replies":[{"embeddable":true,"href":"https:\/\/dev.tg4.ie\/ga\/wp-json\/wp\/v2\/comments?post=232233"}],"version-history":[{"count":0,"href":"https:\/\/dev.tg4.ie\/ga\/wp-json\/wp\/v2\/pages\/232233\/revisions"}],"up":[{"embeddable":true,"href":"https:\/\/dev.tg4.ie\/ga\/wp-json\/wp\/v2\/pages\/208148"}],"wp:attachment":[{"href":"https:\/\/dev.tg4.ie\/ga\/wp-json\/wp\/v2\/media?parent=232233"}],"curies":[{"name":"wp","href":"https:\/\/api.w.org\/{rel}","templated":true}]}}