{"id":232433,"date":"2024-09-12T12:46:26","date_gmt":"2024-09-12T11:46:26","guid":{"rendered":"https:\/\/dev.tg4.ie\/?page_id=232433"},"modified":"2024-09-12T12:46:26","modified_gmt":"2024-09-12T11:46:26","slug":"tarraingionn-liathroid-laimhe-clg-buaiclion-265000-de-lucht-feachana-ar-tg4-do-chraobh-an-domhain-2024-sa-bhaire-binne","status":"publish","type":"page","link":"https:\/\/dev.tg4.ie\/ga\/eolas\/preas\/nuacht-raitis\/2024-2\/tarraingionn-liathroid-laimhe-clg-buaiclion-265000-de-lucht-feachana-ar-tg4-do-chraobh-an-domhain-2024-sa-bhaire-binne\/","title":{"rendered":"Tarraing\u00edonn Liathr\u00f3id L\u00e1imhe CLG Buaicl\u00edon 265,000 de Lucht F\u00e9achana ar TG4 do Chraobh an Domhain 2024 sa Bh\u00e1ire Binne"},"content":{"rendered":"<p><img loading=\"lazy\" decoding=\"async\" width=\"1920\" height=\"1080\" src=\"https:\/\/tg4-docs.s3.amazonaws.com\/wp-content\/uploads\/2024\/09\/12123937\/Wallball2024_1-1920x1080-1.jpg\" alt=\"\" class=\"alignnone size-full wp-image-232437\" srcset=\"https:\/\/tg4-docs.s3.amazonaws.com\/wp-content\/uploads\/2024\/09\/12123937\/Wallball2024_1-1920x1080-1.jpg 1920w, https:\/\/tg4-docs.s3.amazonaws.com\/wp-content\/uploads\/2024\/09\/12123937\/Wallball2024_1-1920x1080-1-250x141.jpg 250w, https:\/\/tg4-docs.s3.amazonaws.com\/wp-content\/uploads\/2024\/09\/12123937\/Wallball2024_1-1920x1080-1-700x394.jpg 700w, https:\/\/tg4-docs.s3.amazonaws.com\/wp-content\/uploads\/2024\/09\/12123937\/Wallball2024_1-1920x1080-1-252x141.jpg 252w, https:\/\/tg4-docs.s3.amazonaws.com\/wp-content\/uploads\/2024\/09\/12123937\/Wallball2024_1-1920x1080-1-1536x864.jpg 1536w, https:\/\/tg4-docs.s3.amazonaws.com\/wp-content\/uploads\/2024\/09\/12123937\/Wallball2024_1-1920x1080-1-120x68.jpg 120w\" sizes=\"(max-width: 1920px) 100vw, 1920px\" \/><br \/>\n&nbsp;<br \/>\nIs c\u00fais \u00e1thais do TG4 a fh\u00f3gairt go raibh l\u00edon n\u00edos m\u00f3 lucht f\u00e9achana seachas mar a bh\u00ed riamh cheana ag faire ar Chraobh an Domhain 2024 O\u2019Neills.com sa Bh\u00e1ire Binne agus daoine ar fud an domhain \u00e1 mealladh agus \u00e1 spreagadh ar Liathr\u00f3id L\u00e1imhe CLG. I gcaitheamh thr\u00e9imhse 8 l\u00e1, d\u2019fh\u00e9ach 265,000 duine ar chraoladh Chraobh B\u00e1ire Binne an Domhain ar TG4, ionas gur nearta\u00edodh an com\u00f3rtas mar \u00f3c\u00e1id spleodrach nach m\u00f3r d\u00f3ibh si\u00fad ar sp\u00e9is leo sp\u00f3rt f\u00e9achaint air.<br \/>\n&nbsp;<br \/>\nTharraing an craobhchom\u00f3rtas, a ndearnadh sruthchraoladh beo air ar feadh 6 l\u00e1 ar <a href=\"https:\/\/www.youtube.com\/@SportTG4\" rel=\"noopener\" target=\"_blank\">chain\u00e9al YouTube Sp\u00f3rt TG4<\/a>, aird mh\u00f3r agus bh\u00ed 108,000 duine ag faire ar chraoladh beo na gcluich\u00ed. Bh\u00ed 24,000 duine sa bhreis ar an l\u00edon sin ag breathn\u00fa ar an aicsean ar atr\u00e1th. Ba r\u00ed l\u00e9ir go raibh sp\u00e9is san imirt ar fud an domhain agus bh\u00ed daoine as 38 t\u00edr ag faire, 30,000 as an R\u00edocht Aontaithe agus 19,000 as St\u00e1it Aontaithe Mheirice\u00e1 ina measc.<br \/>\n&nbsp;<br \/>\nAr l\u00e1 na gcluich\u00ed ceannais a tarraing\u00edodh buaicl\u00edon lucht f\u00e9achana agus bh\u00ed 32,000 de lucht lean\u00fana an sp\u00f3irt ag faire ar an \u00e1bhar craolta D\u00e9 hAoine. I rith Chluiche Ceannais na bhFear, idir Nazir Marston agus Timothy Gonzalez, beirt as St\u00e1it Aontaithe Mheirice\u00e1, a bh\u00ed an l\u00edon ba mh\u00f3 uilig lucht f\u00e9achana, rud a l\u00e9ir\u00edonn go soil\u00e9ir an borradh at\u00e1 go hidirn\u00e1isi\u00fanta faoin sp\u00e9is sa sp\u00f3rt seo.<br \/>\n&nbsp;<br \/>\nLean an sp\u00e9is taobh amuigh den chraoladh beo le buaicphoint\u00ed \u00f3 Chorn B\u00e1ire Binne an Domhain ar an gcl\u00e1r <a href=\"https:\/\/dev.tg4.ie\/en\/player\/categories\/sport-tv-player\/play\/?pid=6360995918112&#038;title=World%20Wallball%20Championships%202024&#038;series=World%20Wallball%20Championships%202024&#038;genre=Sport\" rel=\"noopener\" target=\"_blank\">GAA Handball &#8211; Liathr\u00f3id L\u00e1imhe<\/a> D\u00e9 Luain ar TG4. Tharraing an cl\u00e1r sin 88,500 duine de lucht f\u00e9achana, le me\u00e1nl\u00edon 18,400 ar feadh an chl\u00e1ir ar fad, ag treisi\u00fa ar\u00eds eile leis an aird a tharraing\u00edonn an l\u00f3n \u00e1bhair maidir le liathr\u00f3id l\u00e1imhe ar TG4.<br \/>\n&nbsp;<br \/>\n\u00d3 th\u00fas na bliana 2024, t\u00e1 ard\u00fa go dt\u00ed beagnach 450,000 duine ar lucht f\u00e9achana Sp\u00f3rt TG4 d\u2019\u00e1bhar liathr\u00f3id l\u00e1imhe, ar an lucht f\u00e9achana don sruthchraoladh beo (202,000) agus don chraoladh teilif\u00edse (244,000) a \u00e1ireamh. Chomh maith leis na huimhreacha suntasacha sin, breathna\u00edonn idir 100,000 agus 200,000 duine ar ghearrfh\u00edse\u00e1in ar na me\u00e1in sh\u00f3isialta den aicsean ag cluich\u00ed craoibhe agus com\u00f3rtais eile liathr\u00f3id l\u00e1imhe. Ar cheann de bhuaicphoint\u00ed na bliana ar na me\u00e1in sh\u00f3isialta, t\u00e1 <a href=\"https:\/\/www.instagram.com\/reel\/C48VPRSo3AE\/\" rel=\"noopener\" target=\"_blank\">f\u00edse\u00e1n de Paul Brady a scaip ar luas mire<\/a> i m\u00ed M\u00e1rta, ghearrfh\u00edse\u00e1n a breathna\u00edodh 72,000 uair ar Instagram.<br \/>\n&nbsp;<br \/>\n<em>\u201cIs d\u00edol suntais a fheabhas a d\u2019\u00e9irigh le Craobh B\u00e1ire Binne an Domhain i mbliana agus is iontach an lucht f\u00e9achana a mealladh chuige,\u201d<\/em> arsa <strong>R\u00f3n\u00e1n \u00d3 Coisdealbha, Ceannasa\u00ed Sp\u00f3irt TG4<\/strong>. <em>\u201cT\u00e1 borradh tr\u00e9an faoi sp\u00e9is daoine i Liathr\u00f3id L\u00e1imhe CLG agus t\u00e1 an-rath, maidir le leathn\u00fa ar an lucht f\u00e9achana don sp\u00f3rt seo, ar chomhar TG4 le Liathr\u00f3id L\u00e1imhe CLG. T\u00e1thar ag tn\u00fath go m\u00f3r le Craobh an Domhain sa Phinni\u00far 40&#215;20 i m\u00ed Dheireadh F\u00f3mhair agus \u00e9 \u00e1 thuar againn go leanfar den fhor\u00e1s.\u201d<\/em><br \/>\n&nbsp;<br \/>\nIs l\u00e9iri\u00fa eile ar\u00eds an comhar den rath seo idir TG4 agus Liathr\u00f3id L\u00e1imhe CLG ar a thugtha at\u00e1 TG4 d\u2019\u00e1bhar sp\u00f3irt de scoth an domhain a chur ar f\u00e1il is \u00e1bhar sp\u00e9ise don lucht f\u00e9achana ar fud an domhain.  De r\u00e9ir mar a leanann an borradh maidir le sp\u00e9is sa liathr\u00f3id l\u00e1imhe, t\u00e1 TG4 i mbun ceannr\u00f3da\u00edochta i gc\u00f3na\u00ed i gcraolt\u00f3ireacht sp\u00f3irt ionas go mb\u00edonn s\u00e1raicsean imreoir\u00ed Liathr\u00f3id L\u00e1imhe CLG le feice\u00e1il ag an lucht lean\u00fana ar fud an domhain.<\/p>\n<p>&nbsp;<\/p>\n<p>&nbsp;<\/p>\n","protected":false},"excerpt":{"rendered":"<p>&nbsp; Is c\u00fais \u00e1thais do TG4 a fh\u00f3gairt go raibh l\u00edon n\u00edos m\u00f3 lucht f\u00e9achana seachas mar a bh\u00ed riamh cheana ag faire ar Chraobh an Domhain 2024 O\u2019Neills.com sa Bh\u00e1ire Binne agus daoine ar fud an domhain \u00e1 mealladh agus \u00e1 spreagadh ar Liathr\u00f3id L\u00e1imhe CLG. I gcaitheamh thr\u00e9imhse 8 l\u00e1, d\u2019fh\u00e9ach 265,000 duine [&hellip;]<\/p>\n","protected":false},"author":876,"featured_media":0,"parent":208148,"menu_order":27,"comment_status":"closed","ping_status":"closed","template":"page-templates\/template-pr.php","meta":{"_acf_changed":false,"footnotes":""},"acf":[],"yoast_head":"<!-- This site is optimized with the Yoast SEO plugin v22.6 - https:\/\/yoast.com\/wordpress\/plugins\/seo\/ -->\n<title>Tarraing\u00edonn Liathr\u00f3id L\u00e1imhe CLG Buaicl\u00edon 265,000 de Lucht F\u00e9achana ar TG4 do Chraobh an Domhain 2024 sa Bh\u00e1ire Binne | Preas R\u00e1iteas | TG4<\/title>\n<meta name=\"description\" content=\"Is c\u00fais \u00e1thais do TG4 a fh\u00f3gairt go raibh l\u00edon n\u00edos m\u00f3 lucht f\u00e9achana seachas mar a bh\u00ed riamh cheana ag faire ar Chraobh an Domhain 2024 O\u2019Neills.com sa Bh\u00e1ire Binne agus daoine ar fud an domhain \u00e1 mealladh agus \u00e1 spreagadh ar Liathr\u00f3id L\u00e1imhe CLG.\" \/>\n<meta name=\"robots\" content=\"index, follow, max-snippet:-1, max-image-preview:large, max-video-preview:-1\" \/>\n<meta property=\"og:locale\" content=\"en_US\" \/>\n<meta property=\"og:type\" content=\"article\" \/>\n<meta property=\"og:title\" content=\"Tarraing\u00edonn Liathr\u00f3id L\u00e1imhe CLG Buaicl\u00edon 265,000 de Lucht F\u00e9achana ar TG4 do Chraobh an Domhain 2024 sa Bh\u00e1ire Binne | Preas R\u00e1iteas | TG4\" \/>\n<meta property=\"og:description\" content=\"Is c\u00fais \u00e1thais do TG4 a fh\u00f3gairt go raibh l\u00edon n\u00edos m\u00f3 lucht f\u00e9achana seachas mar a bh\u00ed riamh cheana ag faire ar Chraobh an Domhain 2024 O\u2019Neills.com sa Bh\u00e1ire Binne agus daoine ar fud an domhain \u00e1 mealladh agus \u00e1 spreagadh ar Liathr\u00f3id L\u00e1imhe CLG.\" \/>\n<meta property=\"og:url\" content=\"https:\/\/dev.tg4.ie\/ga\/eolas\/preas\/nuacht-raitis\/2024-2\/tarraingionn-liathroid-laimhe-clg-buaiclion-265000-de-lucht-feachana-ar-tg4-do-chraobh-an-domhain-2024-sa-bhaire-binne\/\" \/>\n<meta property=\"og:site_name\" content=\"TG4\" \/>\n<meta property=\"article:publisher\" content=\"https:\/\/www.facebook.com\/TG4TV\" \/>\n<meta property=\"og:image\" content=\"https:\/\/tg4-docs.s3.amazonaws.com\/wp-content\/uploads\/2024\/09\/12123937\/Wallball2024_1-1920x1080-1.jpg\" \/>\n\t<meta property=\"og:image:width\" content=\"1920\" \/>\n\t<meta property=\"og:image:height\" content=\"1080\" \/>\n\t<meta property=\"og:image:type\" content=\"image\/jpeg\" \/>\n<meta name=\"twitter:card\" content=\"summary_large_image\" \/>\n<meta name=\"twitter:image\" content=\"https:\/\/tg4-docs.s3.amazonaws.com\/wp-content\/uploads\/2024\/09\/12123937\/Wallball2024_1-1920x1080-1.jpg\" \/>\n<meta name=\"twitter:site\" content=\"@TG4TV\" \/>\n<meta name=\"twitter:label1\" content=\"Est. reading time\" \/>\n\t<meta name=\"twitter:data1\" content=\"3 minutes\" \/>\n<script type=\"application\/ld+json\" class=\"yoast-schema-graph\">{\"@context\":\"https:\/\/schema.org\",\"@graph\":[{\"@type\":\"WebPage\",\"@id\":\"https:\/\/dev.tg4.ie\/ga\/eolas\/preas\/nuacht-raitis\/2024-2\/tarraingionn-liathroid-laimhe-clg-buaiclion-265000-de-lucht-feachana-ar-tg4-do-chraobh-an-domhain-2024-sa-bhaire-binne\/\",\"url\":\"https:\/\/dev.tg4.ie\/ga\/eolas\/preas\/nuacht-raitis\/2024-2\/tarraingionn-liathroid-laimhe-clg-buaiclion-265000-de-lucht-feachana-ar-tg4-do-chraobh-an-domhain-2024-sa-bhaire-binne\/\",\"name\":\"Tarraing\u00edonn Liathr\u00f3id L\u00e1imhe CLG Buaicl\u00edon 265,000 de Lucht F\u00e9achana ar TG4 do Chraobh an Domhain 2024 sa Bh\u00e1ire Binne | Preas R\u00e1iteas | TG4\",\"isPartOf\":{\"@id\":\"https:\/\/dev.tg4.ie\/en\/#website\"},\"primaryImageOfPage\":{\"@id\":\"https:\/\/dev.tg4.ie\/ga\/eolas\/preas\/nuacht-raitis\/2024-2\/tarraingionn-liathroid-laimhe-clg-buaiclion-265000-de-lucht-feachana-ar-tg4-do-chraobh-an-domhain-2024-sa-bhaire-binne\/#primaryimage\"},\"image\":{\"@id\":\"https:\/\/dev.tg4.ie\/ga\/eolas\/preas\/nuacht-raitis\/2024-2\/tarraingionn-liathroid-laimhe-clg-buaiclion-265000-de-lucht-feachana-ar-tg4-do-chraobh-an-domhain-2024-sa-bhaire-binne\/#primaryimage\"},\"thumbnailUrl\":\"https:\/\/dev.tg4.ie\/wp-content\/uploads\/2024\/09\/Wallball2024_1-1920x1080-1.jpg\",\"datePublished\":\"2024-09-12T11:46:26+00:00\",\"dateModified\":\"2024-09-12T11:46:26+00:00\",\"description\":\"Is c\u00fais \u00e1thais do TG4 a fh\u00f3gairt go raibh l\u00edon n\u00edos m\u00f3 lucht f\u00e9achana seachas mar a bh\u00ed riamh cheana ag faire ar Chraobh an Domhain 2024 O\u2019Neills.com sa Bh\u00e1ire Binne agus daoine ar fud an domhain \u00e1 mealladh agus \u00e1 spreagadh ar Liathr\u00f3id L\u00e1imhe CLG.\",\"breadcrumb\":{\"@id\":\"https:\/\/dev.tg4.ie\/ga\/eolas\/preas\/nuacht-raitis\/2024-2\/tarraingionn-liathroid-laimhe-clg-buaiclion-265000-de-lucht-feachana-ar-tg4-do-chraobh-an-domhain-2024-sa-bhaire-binne\/#breadcrumb\"},\"inLanguage\":\"ga\",\"potentialAction\":[{\"@type\":\"ReadAction\",\"target\":[\"https:\/\/dev.tg4.ie\/ga\/eolas\/preas\/nuacht-raitis\/2024-2\/tarraingionn-liathroid-laimhe-clg-buaiclion-265000-de-lucht-feachana-ar-tg4-do-chraobh-an-domhain-2024-sa-bhaire-binne\/\"]}]},{\"@type\":\"ImageObject\",\"inLanguage\":\"ga\",\"@id\":\"https:\/\/dev.tg4.ie\/ga\/eolas\/preas\/nuacht-raitis\/2024-2\/tarraingionn-liathroid-laimhe-clg-buaiclion-265000-de-lucht-feachana-ar-tg4-do-chraobh-an-domhain-2024-sa-bhaire-binne\/#primaryimage\",\"url\":\"https:\/\/dev.tg4.ie\/wp-content\/uploads\/2024\/09\/Wallball2024_1-1920x1080-1.jpg\",\"contentUrl\":\"https:\/\/dev.tg4.ie\/wp-content\/uploads\/2024\/09\/Wallball2024_1-1920x1080-1.jpg\"},{\"@type\":\"BreadcrumbList\",\"@id\":\"https:\/\/dev.tg4.ie\/ga\/eolas\/preas\/nuacht-raitis\/2024-2\/tarraingionn-liathroid-laimhe-clg-buaiclion-265000-de-lucht-feachana-ar-tg4-do-chraobh-an-domhain-2024-sa-bhaire-binne\/#breadcrumb\",\"itemListElement\":[{\"@type\":\"ListItem\",\"position\":1,\"name\":\"Home\",\"item\":\"https:\/\/dev.tg4.ie\/ga\/\"},{\"@type\":\"ListItem\",\"position\":2,\"name\":\"Eolas\",\"item\":\"https:\/\/dev.tg4.ie\/ga\/eolas\/\"},{\"@type\":\"ListItem\",\"position\":3,\"name\":\"Preas\",\"item\":\"https:\/\/dev.tg4.ie\/ga\/eolas\/preas\/\"},{\"@type\":\"ListItem\",\"position\":4,\"name\":\"Nuacht R\u00e1itis\",\"item\":\"https:\/\/dev.tg4.ie\/ga\/eolas\/preas\/nuacht-raitis\/\"},{\"@type\":\"ListItem\",\"position\":5,\"name\":\"2024\",\"item\":\"https:\/\/dev.tg4.ie\/ga\/eolas\/preas\/nuacht-raitis\/2024-2\/\"},{\"@type\":\"ListItem\",\"position\":6,\"name\":\"Tarraing\u00edonn Liathr\u00f3id L\u00e1imhe CLG Buaicl\u00edon 265,000 de Lucht F\u00e9achana ar TG4 do Chraobh an Domhain 2024 sa Bh\u00e1ire Binne\"}]},{\"@type\":\"WebSite\",\"@id\":\"https:\/\/dev.tg4.ie\/en\/#website\",\"url\":\"https:\/\/dev.tg4.ie\/en\/\",\"name\":\"TG4\",\"description\":\"S\u00fail Eile\",\"potentialAction\":[{\"@type\":\"SearchAction\",\"target\":{\"@type\":\"EntryPoint\",\"urlTemplate\":\"https:\/\/dev.tg4.ie\/en\/?s={search_term_string}\"},\"query-input\":\"required name=search_term_string\"}],\"inLanguage\":\"ga\"}]}<\/script>\n<!-- \/ Yoast SEO plugin. -->","yoast_head_json":{"title":"Tarraing\u00edonn Liathr\u00f3id L\u00e1imhe CLG Buaicl\u00edon 265,000 de Lucht F\u00e9achana ar TG4 do Chraobh an Domhain 2024 sa Bh\u00e1ire Binne | Preas R\u00e1iteas | TG4","description":"Is c\u00fais \u00e1thais do TG4 a fh\u00f3gairt go raibh l\u00edon n\u00edos m\u00f3 lucht f\u00e9achana seachas mar a bh\u00ed riamh cheana ag faire ar Chraobh an Domhain 2024 O\u2019Neills.com sa Bh\u00e1ire Binne agus daoine ar fud an domhain \u00e1 mealladh agus \u00e1 spreagadh ar Liathr\u00f3id L\u00e1imhe CLG.","robots":{"index":"index","follow":"follow","max-snippet":"max-snippet:-1","max-image-preview":"max-image-preview:large","max-video-preview":"max-video-preview:-1"},"og_locale":"en_US","og_type":"article","og_title":"Tarraing\u00edonn Liathr\u00f3id L\u00e1imhe CLG Buaicl\u00edon 265,000 de Lucht F\u00e9achana ar TG4 do Chraobh an Domhain 2024 sa Bh\u00e1ire Binne | Preas R\u00e1iteas | TG4","og_description":"Is c\u00fais \u00e1thais do TG4 a fh\u00f3gairt go raibh l\u00edon n\u00edos m\u00f3 lucht f\u00e9achana seachas mar a bh\u00ed riamh cheana ag faire ar Chraobh an Domhain 2024 O\u2019Neills.com sa Bh\u00e1ire Binne agus daoine ar fud an domhain \u00e1 mealladh agus \u00e1 spreagadh ar Liathr\u00f3id L\u00e1imhe CLG.","og_url":"https:\/\/dev.tg4.ie\/ga\/eolas\/preas\/nuacht-raitis\/2024-2\/tarraingionn-liathroid-laimhe-clg-buaiclion-265000-de-lucht-feachana-ar-tg4-do-chraobh-an-domhain-2024-sa-bhaire-binne\/","og_site_name":"TG4","article_publisher":"https:\/\/www.facebook.com\/TG4TV","og_image":[{"width":1920,"height":1080,"url":"https:\/\/tg4-docs.s3.amazonaws.com\/wp-content\/uploads\/2024\/09\/12123937\/Wallball2024_1-1920x1080-1.jpg","type":"image\/jpeg"}],"twitter_card":"summary_large_image","twitter_image":"https:\/\/tg4-docs.s3.amazonaws.com\/wp-content\/uploads\/2024\/09\/12123937\/Wallball2024_1-1920x1080-1.jpg","twitter_site":"@TG4TV","twitter_misc":{"Est. reading time":"3 minutes"},"schema":{"@context":"https:\/\/schema.org","@graph":[{"@type":"WebPage","@id":"https:\/\/dev.tg4.ie\/ga\/eolas\/preas\/nuacht-raitis\/2024-2\/tarraingionn-liathroid-laimhe-clg-buaiclion-265000-de-lucht-feachana-ar-tg4-do-chraobh-an-domhain-2024-sa-bhaire-binne\/","url":"https:\/\/dev.tg4.ie\/ga\/eolas\/preas\/nuacht-raitis\/2024-2\/tarraingionn-liathroid-laimhe-clg-buaiclion-265000-de-lucht-feachana-ar-tg4-do-chraobh-an-domhain-2024-sa-bhaire-binne\/","name":"Tarraing\u00edonn Liathr\u00f3id L\u00e1imhe CLG Buaicl\u00edon 265,000 de Lucht F\u00e9achana ar TG4 do Chraobh an Domhain 2024 sa Bh\u00e1ire Binne | Preas R\u00e1iteas | TG4","isPartOf":{"@id":"https:\/\/dev.tg4.ie\/en\/#website"},"primaryImageOfPage":{"@id":"https:\/\/dev.tg4.ie\/ga\/eolas\/preas\/nuacht-raitis\/2024-2\/tarraingionn-liathroid-laimhe-clg-buaiclion-265000-de-lucht-feachana-ar-tg4-do-chraobh-an-domhain-2024-sa-bhaire-binne\/#primaryimage"},"image":{"@id":"https:\/\/dev.tg4.ie\/ga\/eolas\/preas\/nuacht-raitis\/2024-2\/tarraingionn-liathroid-laimhe-clg-buaiclion-265000-de-lucht-feachana-ar-tg4-do-chraobh-an-domhain-2024-sa-bhaire-binne\/#primaryimage"},"thumbnailUrl":"https:\/\/dev.tg4.ie\/wp-content\/uploads\/2024\/09\/Wallball2024_1-1920x1080-1.jpg","datePublished":"2024-09-12T11:46:26+00:00","dateModified":"2024-09-12T11:46:26+00:00","description":"Is c\u00fais \u00e1thais do TG4 a fh\u00f3gairt go raibh l\u00edon n\u00edos m\u00f3 lucht f\u00e9achana seachas mar a bh\u00ed riamh cheana ag faire ar Chraobh an Domhain 2024 O\u2019Neills.com sa Bh\u00e1ire Binne agus daoine ar fud an domhain \u00e1 mealladh agus \u00e1 spreagadh ar Liathr\u00f3id L\u00e1imhe CLG.","breadcrumb":{"@id":"https:\/\/dev.tg4.ie\/ga\/eolas\/preas\/nuacht-raitis\/2024-2\/tarraingionn-liathroid-laimhe-clg-buaiclion-265000-de-lucht-feachana-ar-tg4-do-chraobh-an-domhain-2024-sa-bhaire-binne\/#breadcrumb"},"inLanguage":"ga","potentialAction":[{"@type":"ReadAction","target":["https:\/\/dev.tg4.ie\/ga\/eolas\/preas\/nuacht-raitis\/2024-2\/tarraingionn-liathroid-laimhe-clg-buaiclion-265000-de-lucht-feachana-ar-tg4-do-chraobh-an-domhain-2024-sa-bhaire-binne\/"]}]},{"@type":"ImageObject","inLanguage":"ga","@id":"https:\/\/dev.tg4.ie\/ga\/eolas\/preas\/nuacht-raitis\/2024-2\/tarraingionn-liathroid-laimhe-clg-buaiclion-265000-de-lucht-feachana-ar-tg4-do-chraobh-an-domhain-2024-sa-bhaire-binne\/#primaryimage","url":"https:\/\/dev.tg4.ie\/wp-content\/uploads\/2024\/09\/Wallball2024_1-1920x1080-1.jpg","contentUrl":"https:\/\/dev.tg4.ie\/wp-content\/uploads\/2024\/09\/Wallball2024_1-1920x1080-1.jpg"},{"@type":"BreadcrumbList","@id":"https:\/\/dev.tg4.ie\/ga\/eolas\/preas\/nuacht-raitis\/2024-2\/tarraingionn-liathroid-laimhe-clg-buaiclion-265000-de-lucht-feachana-ar-tg4-do-chraobh-an-domhain-2024-sa-bhaire-binne\/#breadcrumb","itemListElement":[{"@type":"ListItem","position":1,"name":"Home","item":"https:\/\/dev.tg4.ie\/ga\/"},{"@type":"ListItem","position":2,"name":"Eolas","item":"https:\/\/dev.tg4.ie\/ga\/eolas\/"},{"@type":"ListItem","position":3,"name":"Preas","item":"https:\/\/dev.tg4.ie\/ga\/eolas\/preas\/"},{"@type":"ListItem","position":4,"name":"Nuacht R\u00e1itis","item":"https:\/\/dev.tg4.ie\/ga\/eolas\/preas\/nuacht-raitis\/"},{"@type":"ListItem","position":5,"name":"2024","item":"https:\/\/dev.tg4.ie\/ga\/eolas\/preas\/nuacht-raitis\/2024-2\/"},{"@type":"ListItem","position":6,"name":"Tarraing\u00edonn Liathr\u00f3id L\u00e1imhe CLG Buaicl\u00edon 265,000 de Lucht F\u00e9achana ar TG4 do Chraobh an Domhain 2024 sa Bh\u00e1ire Binne"}]},{"@type":"WebSite","@id":"https:\/\/dev.tg4.ie\/en\/#website","url":"https:\/\/dev.tg4.ie\/en\/","name":"TG4","description":"S\u00fail Eile","potentialAction":[{"@type":"SearchAction","target":{"@type":"EntryPoint","urlTemplate":"https:\/\/dev.tg4.ie\/en\/?s={search_term_string}"},"query-input":"required name=search_term_string"}],"inLanguage":"ga"}]}},"_links":{"self":[{"href":"https:\/\/dev.tg4.ie\/ga\/wp-json\/wp\/v2\/pages\/232433"}],"collection":[{"href":"https:\/\/dev.tg4.ie\/ga\/wp-json\/wp\/v2\/pages"}],"about":[{"href":"https:\/\/dev.tg4.ie\/ga\/wp-json\/wp\/v2\/types\/page"}],"author":[{"embeddable":true,"href":"https:\/\/dev.tg4.ie\/ga\/wp-json\/wp\/v2\/users\/876"}],"replies":[{"embeddable":true,"href":"https:\/\/dev.tg4.ie\/ga\/wp-json\/wp\/v2\/comments?post=232433"}],"version-history":[{"count":0,"href":"https:\/\/dev.tg4.ie\/ga\/wp-json\/wp\/v2\/pages\/232433\/revisions"}],"up":[{"embeddable":true,"href":"https:\/\/dev.tg4.ie\/ga\/wp-json\/wp\/v2\/pages\/208148"}],"wp:attachment":[{"href":"https:\/\/dev.tg4.ie\/ga\/wp-json\/wp\/v2\/media?parent=232433"}],"curies":[{"name":"wp","href":"https:\/\/api.w.org\/{rel}","templated":true}]}}