{"id":232477,"date":"2024-09-18T16:25:57","date_gmt":"2024-09-18T15:25:57","guid":{"rendered":"https:\/\/dev.tg4.ie\/?page_id=232477"},"modified":"2024-09-18T16:25:57","modified_gmt":"2024-09-18T15:25:57","slug":"comhdhail-dhomhanda-climate-on-culture-2024-ar-siul-i-ngaillimh","status":"publish","type":"page","link":"https:\/\/dev.tg4.ie\/ga\/eolas\/preas\/nuacht-raitis\/2024-2\/comhdhail-dhomhanda-climate-on-culture-2024-ar-siul-i-ngaillimh\/","title":{"rendered":"Comhdh\u00e1il Dhomhanda &#8220;Climate on Culture 2024&#8221; ar si\u00fal i nGaillimh"},"content":{"rendered":"<p><img loading=\"lazy\" decoding=\"async\" width=\"1280\" height=\"720\" src=\"https:\/\/tg4-docs.s3.amazonaws.com\/wp-content\/uploads\/2024\/09\/17143513\/ClimateOnCulture_1-1280x720-1.jpg\" alt=\"\" class=\"alignnone size-full wp-image-232479\" srcset=\"https:\/\/tg4-docs.s3.amazonaws.com\/wp-content\/uploads\/2024\/09\/17143513\/ClimateOnCulture_1-1280x720-1.jpg 1280w, https:\/\/tg4-docs.s3.amazonaws.com\/wp-content\/uploads\/2024\/09\/17143513\/ClimateOnCulture_1-1280x720-1-250x141.jpg 250w, https:\/\/tg4-docs.s3.amazonaws.com\/wp-content\/uploads\/2024\/09\/17143513\/ClimateOnCulture_1-1280x720-1-700x394.jpg 700w, https:\/\/tg4-docs.s3.amazonaws.com\/wp-content\/uploads\/2024\/09\/17143513\/ClimateOnCulture_1-1280x720-1-252x141.jpg 252w, https:\/\/tg4-docs.s3.amazonaws.com\/wp-content\/uploads\/2024\/09\/17143513\/ClimateOnCulture_1-1280x720-1-120x68.jpg 120w\" sizes=\"(max-width: 1280px) 100vw, 1280px\" \/><\/p>\n<p>&nbsp;<\/p>\n<p>Is bre\u00e1 leis an Idaho Museum of International Diaspora (IMID) a fh\u00f3gairt go mbeidh an dara comhdh\u00e1il bhliant\u00fail dhomhanda d\u00e1 chuid, faoin teideal &#8220;Climate on Culture,&#8221; ar si\u00fal i nGaillimh, \u00c9ire idir 18-21 Me\u00e1n F\u00f3mhair 2024. \u00d3c\u00e1id mh\u00f3rshuntais an chomhdh\u00e1il, arna heagr\u00fa i gcomhar le TG4 le c\u00fanamh \u00f3 Chomhlacht Cult\u00fair na Gaillimhe, a bheidh ina cruinni\u00fa t\u00e1bhachtach ag ceannair\u00ed domhanda, lucht oideachais agus daoine a chleachtann r\u00e9ims\u00ed den chult\u00far. T\u00e1 r\u00f3l l\u00e1rnach sa chomhdh\u00e1il ag TG4, craolt\u00f3ir n\u00e1isi\u00fanta seirbh\u00edse poibl\u00ed Gaeilge na h\u00c9ireann, tr\u00ed chuidi\u00fa le hil\u00e9ags\u00falacht tuairim\u00ed a thabhairt le ch\u00e9ile agus comhchaidreamh stuama a choth\u00fa faoin gceangal idir an aer\u00e1id agus an cult\u00far.<\/p>\n<p>&nbsp;<\/p>\n<p><strong>Ard\u00e1n don Chaidreamh ar fun an Domhain<\/strong> <\/p>\n<p>Eascra\u00edonn &#8220;Climate on Culture 2024&#8221; go d\u00edreach \u00f3n d\u00edcheall caidrimh a dh\u00e9anann IMID ar fud an domhain agus is l\u00e9iri\u00fa \u00e9 ar an aisling at\u00e1 ag Global Leadership Council (GLC) na hiarsmalainne. F\u00e9achann an GLC le fairsingi\u00fa leis an aird agus leis an tionchar a bh\u00edonn le misean IMID, eadhon, athr\u00fa tairbheach ar an bpobal a chur chun cinn tr\u00ed cheili\u00faradh a dh\u00e9anamh ar shaol daoine den diasp\u00f3ra agus gr\u00fapa\u00ed cult\u00fair ar fud an domhain. Beidh de bhua leis an gcomhdh\u00e1il seo go mbeidh s\u00ed ina hard\u00e1n cinni\u00fanach ar a gcruinneofar le ch\u00e9ile ceannair\u00ed earn\u00e1lacha \u00e9ags\u00fala, lucht oideachais, lucht ceaptha beartais agus lucht d\u00e9anta gn\u00edmh ionas go gcuirtear an suntas at\u00e1 le dreamanna agus cult\u00fair diasp\u00f3ra chun cinn in iarsmalanna, i bhforais oideachais, i gcomhlachta\u00ed agus i r\u00e9ims\u00ed rialtais.<\/p>\n<p><strong>Tionchar na hAer\u00e1ide ar an gCult\u00far a Scr\u00fad\u00fa<\/strong> <\/p>\n<p>Beidh f\u00f3ram idirdhiscipl\u00edneach ar f\u00e1il leis an gcomhdh\u00e1il seo tr\u00ednar f\u00e9idir an tionchar a bh\u00edonn ag an aer\u00e1id ar chult\u00far a fhiosr\u00fa, a thabhairt chun suntais agus a ch\u00edoradh, agus pl\u00e9 a dh\u00e9anamh ar a bhf\u00e9adann forais chult\u00fair, iarsmalanna diasp\u00f3ra ina measc, a dh\u00e9anamh i nd\u00e1il le tionchar den s\u00f3rt sin. Beidh scr\u00fad\u00fa ar si\u00fal ar \u201cclimate\u201d maidir le dh\u00e1 thuiscint a bhaintear as sin i mB\u00e9arla: c\u00fains\u00ed seachtracha comhshaoil agus an tuiscint a bh\u00edonn i r\u00e9im maidir le c\u00farsa\u00ed cult\u00fair, s\u00f3isialta, polait\u00edochta agus eacnama\u00edochta a imr\u00edonn tionchar ar an domhan. T\u00e1 de chusp\u00f3ir leis an gcaint agus leis an bpl\u00e9 go nd\u00e9anfar c\u00edoradh ar dheiseanna cruthaitheachta den inmharthanacht athr\u00fa claochlaitheach a thabhairt i bhfeidhm agus aird a tharraingt ar an r\u00f3l bunt\u00e1bhachtach at\u00e1 le c\u00farsa\u00ed cult\u00fair maidir leis an athr\u00fa aer\u00e1ide a mhaol\u00fa agus dul in oiri\u00faint d\u00f3.<\/p>\n<p>&nbsp;<\/p>\n<p>D\u00fairt <strong>Palina Louangketh, POF \/ Sti\u00farth\u00f3ir Feidhmi\u00fach\u00e1in, Idaho Museum of International Diaspora<\/strong> <em>\u201cN\u00ed f\u00e9idir stair ar tharla go dt\u00ed seo a athr\u00fa, ach t\u00e1 de thairbhe leis an stair gur l\u00f3n eolais againn \u00e9 \u00f3nar f\u00e9idir foghlaim m\u00e1 bh\u00edonn de chine\u00e1ltacht ionainn an domhan ina bhfuiltear \u00e1 chur ar f\u00e1il mar bhronntanas \u00e1lainn don uile dhuine agus don uile dhream.\u201d<\/em><\/p>\n<p>&nbsp;<\/p>\n<p>D\u00fairt <strong>Trevor \u00d3 Clochartaigh, Sti\u00farth\u00f3ir Oibr\u00edochta\u00ed agus Acmhainn\u00ed Daonna &#038; Oifigeach Idirchaidrimh Rochtana TG4<\/strong> go bhfuil <em>\u201c TG4 tugtha go m\u00f3r don r\u00f3l maidir le c\u00farsa\u00ed inmharthanacht a chur chun cinn.   D\u00edr\u00edtear aird leis an gcomhdh\u00e1il seo ar r\u00e9ims\u00ed \u00e9ags\u00fala, mar shampla ar chearta an duine, athr\u00fa aer\u00e1ide, imirce agus r\u00f3l lucht na me\u00e1n cumars\u00e1ide maidir leis an bpl\u00e9 a spreagadh agus a choth\u00fa Le cainteoir\u00ed \u00e9ags\u00fala agus r\u00e9imse leathan \u00e1bhair, coth\u00f3far tuiscint n\u00edos fearr, spreagfar d\u00edosp\u00f3ireacht bhr\u00edomhar, agus cuirfear dl\u00fas le ceangal caidrimh fadt\u00e9armach ar mhaithe leis an athr\u00fa. Is bre\u00e1 linn gur i nGaillimh at\u00e1 an \u00f3c\u00e1id seo ar si\u00fal. Is d\u00edol suntais an sp\u00e9is a chuir p\u00e1irtn\u00e9ir\u00ed sa cheantar seo sa chomhdh\u00e1il agus an c\u00fanamh at\u00e1 tugtha acu ina leith.  T\u00e1 muid f\u00edorbhu\u00edoch d\u00edobh as sin.&#8221;<\/em><\/p>\n<p>&nbsp;<\/p>\n<p><strong>Buaicphoint\u00ed Chl\u00e1r na Comhdh\u00e1la:<\/strong> <\/p>\n<p>L\u00e1 1: Pl\u00e9 Dhomhain agus Bonn Tuisceana (D\u00e9 C\u00e9adaoin, an 18 Me\u00e1n F\u00f3mhair)<br \/>\nAr an gc\u00e9ad l\u00e1 den chomhdh\u00e1il, in Ollscoil na Gaillimhe, tiocfaidh na rannph\u00e1irtithe i mbun pl\u00e9 domhain ar th\u00e9ama na comhdh\u00e1la ionas go mb\u00edonn comhthuiscint agus buneolas ag na rannph\u00e1irtithe go l\u00e9ir ar at\u00e1 i gceist leis. <\/p>\n<p>L\u00e1 2: Taispe\u00e1ntas Scann\u00e1n agus Tumfhoghlaim (D\u00e9ardaoin, an 19 Me\u00e1n F\u00f3mhair)<br \/>\nBeidh eala\u00edn, na me\u00e1in chumars\u00e1ide, oideachas, cearta an duine agus c\u00farsa\u00ed aer\u00e1ide ina dt\u00e9ama\u00ed le himeachta\u00ed an dara l\u00e1, \u00e1 riar ag CREW agus ag Ollscoil Teicneola\u00edochta an Atlantaigh, d&#8217;fhonn pl\u00e9 idirghn\u00edomha\u00edochta a choth\u00fa faoi na r\u00e9ims\u00ed \u00e9ags\u00fala.<\/p>\n<p>L\u00e1 3: Ceardlanna Idirghn\u00edomha\u00edochta: Ard\u00e1in don Eala\u00edn agus don Chult\u00far (D\u00e9 hAoine, an 20 Me\u00e1n F\u00f3mhair)<br \/>\nAn tr\u00ed\u00fa l\u00e1 den chomhdh\u00e1il, beidh ceardlanna ar si\u00fal ar\u00eds CREW &#038; ATU, seisi\u00fain ag a n-oibr\u00edonn rannph\u00e1irtithe na l\u00e1mha iad f\u00e9in, agus taispe\u00e1ntais ch\u00f3caireachta d&#8217;fhonn cur le hinni\u00falacht cult\u00fair, le scileanna agus le heolas praitici\u00fail na rannph\u00e1irtithe.<\/p>\n<p>L\u00e1 4: Caidreamh le Cairde i nGaillimh (D\u00e9 Sathairn, an 21 Me\u00e1n F\u00f3mhair)<br \/>\n\u00d3c\u00e1id neamhfhoirme\u00e1lta leath lae, ag a mbeidh b\u00e9ile br\u00f3inse \u00e1 chaitheamh agus deis craobhchaidrimh ionas gur f\u00e9idir leis na rannph\u00e1irtithe a dtuairim\u00ed faoi imeachta\u00ed na comhdh\u00e1la a mhalart\u00fa, smaointe a chur in i\u00fal agus dl\u00fas a chur leis an aithne ar a ch\u00e9ile.<\/p>\n<p>&nbsp;<\/p>\n<p><strong>Tortha\u00ed Measta<\/strong> <\/p>\n<p>T\u00e1 d&#8217;aidhm leis an gcomhdh\u00e1il cur leis an tuiscint faoi chaomhn\u00fa ghn\u00e9ithe cult\u00fair daoine den diasp\u00f3ra a bhfuil c\u00farsa\u00ed aer\u00e1ide ina chur isteach orthu, an r\u00f3l bunt\u00e1bhachtach a l\u00e9iri\u00fa at\u00e1 le forais chult\u00fair maidir le haird a dh\u00edri\u00fa ar ghn\u00e9ithe cult\u00fair den s\u00f3rt sin, agus an comhar a choth\u00fa ar fud earn\u00e1lacha \u00e9ags\u00fala d&#8217;fhonn tabhairt faoi dheacrachta\u00ed a eascra\u00edonn \u00f3 ch\u00farsa\u00ed aer\u00e1ide ar bheala\u00ed den chruthaitheacht agus den inmharthanacht.<\/p>\n<p>&nbsp;<\/p>\n<p><strong>Maoini\u00fa agus C\u00fanamh<\/strong> <\/p>\n<p>Is mar gheall ar an gc\u00fanamh \u00f3 TG4 is f\u00e9idir an chomhdh\u00e1il &#8220;Climate on Culture 2024&#8221; a chur ar si\u00fal. T\u00e1 r\u00f3l l\u00e1rnach ag TG4 i bhfreastal don \u00f3c\u00e1id agus c\u00fanamh eagr\u00fach\u00e1in \u00e1 chur ar f\u00e1il go fial flaithi\u00fail ag Ollscoil na Gaillimhe, Ollscoil Teicneola\u00edochta an Atlantaigh, Comhlacht Cult\u00fair na Gaillimhe, CREW, \u00dadar\u00e1s na Gaeltachta, Eala\u00edn na Gaeltachta, F\u00e1ilte \u00c9ireann, Oifig Rialtas na Breataine Bige in \u00c9irinn agus Connacht Hotel Group, chomh maith leis an lucht urra\u00edochta \u2013 F\u00e1ilte \u00c9ireann, Eala\u00edn na Gaeltachta agus The Connacht Hotel Galway \u2013 agus p\u00e1irtn\u00e9ir\u00ed m\u00f3rth\u00e1bhachta eile de leith\u00e9id Dh\u00e1mh na nD\u00e1n in Univerzita Mateja Bela, Emory University, Legacies of War, North American Cultural Diplomacy Initiative, Iarsmalanna N\u00e1isi\u00fanta T\u00c9, Donostia Kultura, Mainspring Agency, Transmixr, Kylemore Abbey, an Choill Mh\u00f3r, agus Danse Demain | HUMANYA. T\u00e1 cist\u00ed \u00e1 gcur ar f\u00e1il freisin ag Rialtas na h\u00c9ireann faoin bPlean N\u00e1isi\u00fanta Forbartha tr\u00edd an Roinn Turas\u00f3ireachta, Cult\u00fair, Eala\u00edon, Gaeltachta, Sp\u00f3irt agus Me\u00e1n.<\/p>\n<p>&nbsp;<\/p>\n<p>Tuilleadh eolais: <a href=\"https:\/\/www.idahomid.org\/2024conference-ireland\" rel=\"noopener\" target=\"_blank\">Eolas faoin gcomhdh\u00e1il<\/a><br \/>\n&nbsp;<\/p>\n<p>&nbsp;<\/p>\n<p>&nbsp;<\/p>\n","protected":false},"excerpt":{"rendered":"<p>&nbsp; Is bre\u00e1 leis an Idaho Museum of International Diaspora (IMID) a fh\u00f3gairt go mbeidh an dara comhdh\u00e1il bhliant\u00fail dhomhanda d\u00e1 chuid, faoin teideal &#8220;Climate on Culture,&#8221; ar si\u00fal i nGaillimh, \u00c9ire idir 18-21 Me\u00e1n F\u00f3mhair 2024. \u00d3c\u00e1id mh\u00f3rshuntais an chomhdh\u00e1il, arna heagr\u00fa i gcomhar le TG4 le c\u00fanamh \u00f3 Chomhlacht Cult\u00fair na Gaillimhe, a [&hellip;]<\/p>\n","protected":false},"author":876,"featured_media":0,"parent":208148,"menu_order":28,"comment_status":"closed","ping_status":"closed","template":"page-templates\/template-pr.php","meta":{"_acf_changed":false,"footnotes":""},"acf":[],"yoast_head":"<!-- This site is optimized with the Yoast SEO plugin v22.6 - https:\/\/yoast.com\/wordpress\/plugins\/seo\/ -->\n<title>Chomhdh\u00e1il Dhomhanda &quot;Climate on Culture 2024&quot; ar si\u00fal i nGaillimh | Preas R\u00e1iteas | TG4<\/title>\n<meta name=\"robots\" content=\"index, follow, max-snippet:-1, max-image-preview:large, max-video-preview:-1\" \/>\n<meta property=\"og:locale\" content=\"en_US\" \/>\n<meta property=\"og:type\" content=\"article\" \/>\n<meta property=\"og:title\" content=\"Chomhdh\u00e1il Dhomhanda &quot;Climate on Culture 2024&quot; ar si\u00fal i nGaillimh | Preas R\u00e1iteas | TG4\" \/>\n<meta property=\"og:description\" content=\"&nbsp; Is bre\u00e1 leis an Idaho Museum of International Diaspora (IMID) a fh\u00f3gairt go mbeidh an dara comhdh\u00e1il bhliant\u00fail dhomhanda d\u00e1 chuid, faoin teideal &#8220;Climate on Culture,&#8221; ar si\u00fal i nGaillimh, \u00c9ire idir 18-21 Me\u00e1n F\u00f3mhair 2024. \u00d3c\u00e1id mh\u00f3rshuntais an chomhdh\u00e1il, arna heagr\u00fa i gcomhar le TG4 le c\u00fanamh \u00f3 Chomhlacht Cult\u00fair na Gaillimhe, a [&hellip;]\" \/>\n<meta property=\"og:url\" content=\"https:\/\/dev.tg4.ie\/ga\/eolas\/preas\/nuacht-raitis\/2024-2\/comhdhail-dhomhanda-climate-on-culture-2024-ar-siul-i-ngaillimh\/\" \/>\n<meta property=\"og:site_name\" content=\"TG4\" \/>\n<meta property=\"article:publisher\" content=\"https:\/\/www.facebook.com\/TG4TV\" \/>\n<meta property=\"og:image\" content=\"https:\/\/tg4-docs.s3.amazonaws.com\/wp-content\/uploads\/2024\/09\/17143513\/ClimateOnCulture_1-1280x720-1.jpg\" \/>\n\t<meta property=\"og:image:width\" content=\"1280\" \/>\n\t<meta property=\"og:image:height\" content=\"720\" \/>\n\t<meta property=\"og:image:type\" content=\"image\/jpeg\" \/>\n<meta name=\"twitter:card\" content=\"summary_large_image\" \/>\n<meta name=\"twitter:image\" content=\"https:\/\/tg4-docs.s3.amazonaws.com\/wp-content\/uploads\/2024\/09\/17143513\/ClimateOnCulture_1-1280x720-1.jpg\" \/>\n<meta name=\"twitter:site\" content=\"@TG4TV\" \/>\n<meta name=\"twitter:label1\" content=\"Est. reading time\" \/>\n\t<meta name=\"twitter:data1\" content=\"6 minutes\" \/>\n<script type=\"application\/ld+json\" class=\"yoast-schema-graph\">{\"@context\":\"https:\/\/schema.org\",\"@graph\":[{\"@type\":\"WebPage\",\"@id\":\"https:\/\/dev.tg4.ie\/ga\/eolas\/preas\/nuacht-raitis\/2024-2\/comhdhail-dhomhanda-climate-on-culture-2024-ar-siul-i-ngaillimh\/\",\"url\":\"https:\/\/dev.tg4.ie\/ga\/eolas\/preas\/nuacht-raitis\/2024-2\/comhdhail-dhomhanda-climate-on-culture-2024-ar-siul-i-ngaillimh\/\",\"name\":\"Chomhdh\u00e1il Dhomhanda \\\"Climate on Culture 2024\\\" ar si\u00fal i nGaillimh | Preas R\u00e1iteas | TG4\",\"isPartOf\":{\"@id\":\"https:\/\/dev.tg4.ie\/en\/#website\"},\"primaryImageOfPage\":{\"@id\":\"https:\/\/dev.tg4.ie\/ga\/eolas\/preas\/nuacht-raitis\/2024-2\/comhdhail-dhomhanda-climate-on-culture-2024-ar-siul-i-ngaillimh\/#primaryimage\"},\"image\":{\"@id\":\"https:\/\/dev.tg4.ie\/ga\/eolas\/preas\/nuacht-raitis\/2024-2\/comhdhail-dhomhanda-climate-on-culture-2024-ar-siul-i-ngaillimh\/#primaryimage\"},\"thumbnailUrl\":\"https:\/\/dev.tg4.ie\/wp-content\/uploads\/2024\/09\/ClimateOnCulture_1-1280x720-1.jpg\",\"datePublished\":\"2024-09-18T15:25:57+00:00\",\"dateModified\":\"2024-09-18T15:25:57+00:00\",\"breadcrumb\":{\"@id\":\"https:\/\/dev.tg4.ie\/ga\/eolas\/preas\/nuacht-raitis\/2024-2\/comhdhail-dhomhanda-climate-on-culture-2024-ar-siul-i-ngaillimh\/#breadcrumb\"},\"inLanguage\":\"ga\",\"potentialAction\":[{\"@type\":\"ReadAction\",\"target\":[\"https:\/\/dev.tg4.ie\/ga\/eolas\/preas\/nuacht-raitis\/2024-2\/comhdhail-dhomhanda-climate-on-culture-2024-ar-siul-i-ngaillimh\/\"]}]},{\"@type\":\"ImageObject\",\"inLanguage\":\"ga\",\"@id\":\"https:\/\/dev.tg4.ie\/ga\/eolas\/preas\/nuacht-raitis\/2024-2\/comhdhail-dhomhanda-climate-on-culture-2024-ar-siul-i-ngaillimh\/#primaryimage\",\"url\":\"https:\/\/dev.tg4.ie\/wp-content\/uploads\/2024\/09\/ClimateOnCulture_1-1280x720-1.jpg\",\"contentUrl\":\"https:\/\/dev.tg4.ie\/wp-content\/uploads\/2024\/09\/ClimateOnCulture_1-1280x720-1.jpg\"},{\"@type\":\"BreadcrumbList\",\"@id\":\"https:\/\/dev.tg4.ie\/ga\/eolas\/preas\/nuacht-raitis\/2024-2\/comhdhail-dhomhanda-climate-on-culture-2024-ar-siul-i-ngaillimh\/#breadcrumb\",\"itemListElement\":[{\"@type\":\"ListItem\",\"position\":1,\"name\":\"Home\",\"item\":\"https:\/\/dev.tg4.ie\/ga\/\"},{\"@type\":\"ListItem\",\"position\":2,\"name\":\"Eolas\",\"item\":\"https:\/\/dev.tg4.ie\/ga\/eolas\/\"},{\"@type\":\"ListItem\",\"position\":3,\"name\":\"Preas\",\"item\":\"https:\/\/dev.tg4.ie\/ga\/eolas\/preas\/\"},{\"@type\":\"ListItem\",\"position\":4,\"name\":\"Nuacht R\u00e1itis\",\"item\":\"https:\/\/dev.tg4.ie\/ga\/eolas\/preas\/nuacht-raitis\/\"},{\"@type\":\"ListItem\",\"position\":5,\"name\":\"2024\",\"item\":\"https:\/\/dev.tg4.ie\/ga\/eolas\/preas\/nuacht-raitis\/2024-2\/\"},{\"@type\":\"ListItem\",\"position\":6,\"name\":\"Comhdh\u00e1il Dhomhanda &#8220;Climate on Culture 2024&#8221; ar si\u00fal i nGaillimh\"}]},{\"@type\":\"WebSite\",\"@id\":\"https:\/\/dev.tg4.ie\/en\/#website\",\"url\":\"https:\/\/dev.tg4.ie\/en\/\",\"name\":\"TG4\",\"description\":\"S\u00fail Eile\",\"potentialAction\":[{\"@type\":\"SearchAction\",\"target\":{\"@type\":\"EntryPoint\",\"urlTemplate\":\"https:\/\/dev.tg4.ie\/en\/?s={search_term_string}\"},\"query-input\":\"required name=search_term_string\"}],\"inLanguage\":\"ga\"}]}<\/script>\n<!-- \/ Yoast SEO plugin. -->","yoast_head_json":{"title":"Chomhdh\u00e1il Dhomhanda \"Climate on Culture 2024\" ar si\u00fal i nGaillimh | Preas R\u00e1iteas | TG4","robots":{"index":"index","follow":"follow","max-snippet":"max-snippet:-1","max-image-preview":"max-image-preview:large","max-video-preview":"max-video-preview:-1"},"og_locale":"en_US","og_type":"article","og_title":"Chomhdh\u00e1il Dhomhanda \"Climate on Culture 2024\" ar si\u00fal i nGaillimh | Preas R\u00e1iteas | TG4","og_description":"&nbsp; Is bre\u00e1 leis an Idaho Museum of International Diaspora (IMID) a fh\u00f3gairt go mbeidh an dara comhdh\u00e1il bhliant\u00fail dhomhanda d\u00e1 chuid, faoin teideal &#8220;Climate on Culture,&#8221; ar si\u00fal i nGaillimh, \u00c9ire idir 18-21 Me\u00e1n F\u00f3mhair 2024. \u00d3c\u00e1id mh\u00f3rshuntais an chomhdh\u00e1il, arna heagr\u00fa i gcomhar le TG4 le c\u00fanamh \u00f3 Chomhlacht Cult\u00fair na Gaillimhe, a [&hellip;]","og_url":"https:\/\/dev.tg4.ie\/ga\/eolas\/preas\/nuacht-raitis\/2024-2\/comhdhail-dhomhanda-climate-on-culture-2024-ar-siul-i-ngaillimh\/","og_site_name":"TG4","article_publisher":"https:\/\/www.facebook.com\/TG4TV","og_image":[{"width":1280,"height":720,"url":"https:\/\/tg4-docs.s3.amazonaws.com\/wp-content\/uploads\/2024\/09\/17143513\/ClimateOnCulture_1-1280x720-1.jpg","type":"image\/jpeg"}],"twitter_card":"summary_large_image","twitter_image":"https:\/\/tg4-docs.s3.amazonaws.com\/wp-content\/uploads\/2024\/09\/17143513\/ClimateOnCulture_1-1280x720-1.jpg","twitter_site":"@TG4TV","twitter_misc":{"Est. reading time":"6 minutes"},"schema":{"@context":"https:\/\/schema.org","@graph":[{"@type":"WebPage","@id":"https:\/\/dev.tg4.ie\/ga\/eolas\/preas\/nuacht-raitis\/2024-2\/comhdhail-dhomhanda-climate-on-culture-2024-ar-siul-i-ngaillimh\/","url":"https:\/\/dev.tg4.ie\/ga\/eolas\/preas\/nuacht-raitis\/2024-2\/comhdhail-dhomhanda-climate-on-culture-2024-ar-siul-i-ngaillimh\/","name":"Chomhdh\u00e1il Dhomhanda \"Climate on Culture 2024\" ar si\u00fal i nGaillimh | Preas R\u00e1iteas | TG4","isPartOf":{"@id":"https:\/\/dev.tg4.ie\/en\/#website"},"primaryImageOfPage":{"@id":"https:\/\/dev.tg4.ie\/ga\/eolas\/preas\/nuacht-raitis\/2024-2\/comhdhail-dhomhanda-climate-on-culture-2024-ar-siul-i-ngaillimh\/#primaryimage"},"image":{"@id":"https:\/\/dev.tg4.ie\/ga\/eolas\/preas\/nuacht-raitis\/2024-2\/comhdhail-dhomhanda-climate-on-culture-2024-ar-siul-i-ngaillimh\/#primaryimage"},"thumbnailUrl":"https:\/\/dev.tg4.ie\/wp-content\/uploads\/2024\/09\/ClimateOnCulture_1-1280x720-1.jpg","datePublished":"2024-09-18T15:25:57+00:00","dateModified":"2024-09-18T15:25:57+00:00","breadcrumb":{"@id":"https:\/\/dev.tg4.ie\/ga\/eolas\/preas\/nuacht-raitis\/2024-2\/comhdhail-dhomhanda-climate-on-culture-2024-ar-siul-i-ngaillimh\/#breadcrumb"},"inLanguage":"ga","potentialAction":[{"@type":"ReadAction","target":["https:\/\/dev.tg4.ie\/ga\/eolas\/preas\/nuacht-raitis\/2024-2\/comhdhail-dhomhanda-climate-on-culture-2024-ar-siul-i-ngaillimh\/"]}]},{"@type":"ImageObject","inLanguage":"ga","@id":"https:\/\/dev.tg4.ie\/ga\/eolas\/preas\/nuacht-raitis\/2024-2\/comhdhail-dhomhanda-climate-on-culture-2024-ar-siul-i-ngaillimh\/#primaryimage","url":"https:\/\/dev.tg4.ie\/wp-content\/uploads\/2024\/09\/ClimateOnCulture_1-1280x720-1.jpg","contentUrl":"https:\/\/dev.tg4.ie\/wp-content\/uploads\/2024\/09\/ClimateOnCulture_1-1280x720-1.jpg"},{"@type":"BreadcrumbList","@id":"https:\/\/dev.tg4.ie\/ga\/eolas\/preas\/nuacht-raitis\/2024-2\/comhdhail-dhomhanda-climate-on-culture-2024-ar-siul-i-ngaillimh\/#breadcrumb","itemListElement":[{"@type":"ListItem","position":1,"name":"Home","item":"https:\/\/dev.tg4.ie\/ga\/"},{"@type":"ListItem","position":2,"name":"Eolas","item":"https:\/\/dev.tg4.ie\/ga\/eolas\/"},{"@type":"ListItem","position":3,"name":"Preas","item":"https:\/\/dev.tg4.ie\/ga\/eolas\/preas\/"},{"@type":"ListItem","position":4,"name":"Nuacht R\u00e1itis","item":"https:\/\/dev.tg4.ie\/ga\/eolas\/preas\/nuacht-raitis\/"},{"@type":"ListItem","position":5,"name":"2024","item":"https:\/\/dev.tg4.ie\/ga\/eolas\/preas\/nuacht-raitis\/2024-2\/"},{"@type":"ListItem","position":6,"name":"Comhdh\u00e1il Dhomhanda &#8220;Climate on Culture 2024&#8221; ar si\u00fal i nGaillimh"}]},{"@type":"WebSite","@id":"https:\/\/dev.tg4.ie\/en\/#website","url":"https:\/\/dev.tg4.ie\/en\/","name":"TG4","description":"S\u00fail Eile","potentialAction":[{"@type":"SearchAction","target":{"@type":"EntryPoint","urlTemplate":"https:\/\/dev.tg4.ie\/en\/?s={search_term_string}"},"query-input":"required name=search_term_string"}],"inLanguage":"ga"}]}},"_links":{"self":[{"href":"https:\/\/dev.tg4.ie\/ga\/wp-json\/wp\/v2\/pages\/232477"}],"collection":[{"href":"https:\/\/dev.tg4.ie\/ga\/wp-json\/wp\/v2\/pages"}],"about":[{"href":"https:\/\/dev.tg4.ie\/ga\/wp-json\/wp\/v2\/types\/page"}],"author":[{"embeddable":true,"href":"https:\/\/dev.tg4.ie\/ga\/wp-json\/wp\/v2\/users\/876"}],"replies":[{"embeddable":true,"href":"https:\/\/dev.tg4.ie\/ga\/wp-json\/wp\/v2\/comments?post=232477"}],"version-history":[{"count":0,"href":"https:\/\/dev.tg4.ie\/ga\/wp-json\/wp\/v2\/pages\/232477\/revisions"}],"up":[{"embeddable":true,"href":"https:\/\/dev.tg4.ie\/ga\/wp-json\/wp\/v2\/pages\/208148"}],"wp:attachment":[{"href":"https:\/\/dev.tg4.ie\/ga\/wp-json\/wp\/v2\/media?parent=232477"}],"curies":[{"name":"wp","href":"https:\/\/api.w.org\/{rel}","templated":true}]}}