{"id":232744,"date":"2024-09-24T16:13:56","date_gmt":"2024-09-24T15:13:56","guid":{"rendered":"https:\/\/dev.tg4.ie\/?page_id=232744"},"modified":"2024-09-24T16:13:56","modified_gmt":"2024-09-24T15:13:56","slug":"ta-tg4-ag-ceiliuradh-uimhreacha-thar-barr-lucht-speise-maidir-lena-chludach-ar-an-bhfleadh-cheoil","status":"publish","type":"page","link":"https:\/\/dev.tg4.ie\/ga\/eolas\/preas\/nuacht-raitis\/2024-2\/ta-tg4-ag-ceiliuradh-uimhreacha-thar-barr-lucht-speise-maidir-lena-chludach-ar-an-bhfleadh-cheoil\/","title":{"rendered":"T\u00e1 TG4 ag ceili\u00faradh uimhreacha thar barr lucht sp\u00e9ise maidir lena chl\u00fadach ar an bhFleadh Cheoil"},"content":{"rendered":"<table>\n<tbody>\n<tr>\n<td width=\"50%\">\n  <img loading=\"lazy\" decoding=\"async\" width=\"1920\" height=\"1080\" src=\"https:\/\/tg4-docs.s3.amazonaws.com\/wp-content\/uploads\/2024\/09\/24155113\/Fleadh24_Michael_Flatley-1-1920x1080-1.jpg\" alt=\"\" class=\"alignnone size-full wp-image-232749\" srcset=\"https:\/\/tg4-docs.s3.amazonaws.com\/wp-content\/uploads\/2024\/09\/24155113\/Fleadh24_Michael_Flatley-1-1920x1080-1.jpg 1920w, https:\/\/tg4-docs.s3.amazonaws.com\/wp-content\/uploads\/2024\/09\/24155113\/Fleadh24_Michael_Flatley-1-1920x1080-1-250x141.jpg 250w, https:\/\/tg4-docs.s3.amazonaws.com\/wp-content\/uploads\/2024\/09\/24155113\/Fleadh24_Michael_Flatley-1-1920x1080-1-700x394.jpg 700w, https:\/\/tg4-docs.s3.amazonaws.com\/wp-content\/uploads\/2024\/09\/24155113\/Fleadh24_Michael_Flatley-1-1920x1080-1-252x141.jpg 252w, https:\/\/tg4-docs.s3.amazonaws.com\/wp-content\/uploads\/2024\/09\/24155113\/Fleadh24_Michael_Flatley-1-1920x1080-1-1536x864.jpg 1536w, https:\/\/tg4-docs.s3.amazonaws.com\/wp-content\/uploads\/2024\/09\/24155113\/Fleadh24_Michael_Flatley-1-1920x1080-1-120x68.jpg 120w\" sizes=\"(max-width: 1920px) 100vw, 1920px\" \/>\n<\/td>\n<td width=\"50%\">\n  <img loading=\"lazy\" decoding=\"async\" width=\"1920\" height=\"1080\" src=\"https:\/\/tg4-docs.s3.amazonaws.com\/wp-content\/uploads\/2024\/09\/24155512\/Fleadh24_Na_Laithreoiri_1-1920x1080-1.jpg\" alt=\"\" class=\"alignnone size-full wp-image-232750\" srcset=\"https:\/\/tg4-docs.s3.amazonaws.com\/wp-content\/uploads\/2024\/09\/24155512\/Fleadh24_Na_Laithreoiri_1-1920x1080-1.jpg 1920w, https:\/\/tg4-docs.s3.amazonaws.com\/wp-content\/uploads\/2024\/09\/24155512\/Fleadh24_Na_Laithreoiri_1-1920x1080-1-250x141.jpg 250w, https:\/\/tg4-docs.s3.amazonaws.com\/wp-content\/uploads\/2024\/09\/24155512\/Fleadh24_Na_Laithreoiri_1-1920x1080-1-700x394.jpg 700w, https:\/\/tg4-docs.s3.amazonaws.com\/wp-content\/uploads\/2024\/09\/24155512\/Fleadh24_Na_Laithreoiri_1-1920x1080-1-252x141.jpg 252w, https:\/\/tg4-docs.s3.amazonaws.com\/wp-content\/uploads\/2024\/09\/24155512\/Fleadh24_Na_Laithreoiri_1-1920x1080-1-1536x864.jpg 1536w, https:\/\/tg4-docs.s3.amazonaws.com\/wp-content\/uploads\/2024\/09\/24155512\/Fleadh24_Na_Laithreoiri_1-1920x1080-1-120x68.jpg 120w\" sizes=\"(max-width: 1920px) 100vw, 1920px\" \/>\n<\/td>\n<\/tr>\n<\/tbody>\n<\/table>\n<p>&nbsp;<br \/>\n<a href=\"https:\/\/www.instagram.com\/reel\/C-i_Z49s3WW\/?utm_source=ig_web_copy_link&#038;igsh=MzRlODBiNWFlZA%3D%3D\" rel=\"noopener\" target=\"_blank\">Banna C\u00e9il\u00ed &#8211; Beartla \u00d3 Flatharta ar Instagram<\/a><\/p>\n<p><a href=\"https:\/\/www.tiktok.com\/@tg4tv\/video\/7402005010143317281?_r=1&#038;_t=8pqcsfDurvE\" rel=\"noopener\" target=\"_blank\">Leo Earley ar TikTok<\/a> <\/p>\n<p><a href=\"https:\/\/www.instagram.com\/reel\/C-sgUbTsq1M\/?utm_source=ig_web_copy_link&#038;igsh=MzRlODBiNWFlZA%3D%3D\" rel=\"noopener\" target=\"_blank\">Dan McCabe ar Instagram <\/a><br \/>\n&nbsp;<\/p>\n<p>T\u00e1 an-\u00e1thas ar TG4 a thuairisci\u00fa gur bhain s\u00e9 uimhreacha thar barr lucht sp\u00e9ise amach ar a chuid ard\u00e1n l\u00edneach agus ar l\u00edne maidir lena chl\u00fadach ar Fhleadh Cheoil na h\u00c9ireann agus ar Fhleadh Cheoil na gC\u00faig\u00ed i m\u00ed I\u00fail agus i m\u00ed L\u00fanasa 2024. L\u00e9ir\u00edonn na huimhreacha sin go bhfuil an t\u00f3ir agus an lucht sp\u00e9ise tr\u00ed ch\u00e9ile maidir leis na craolta\u00ed beo, sruthanna na gcom\u00f3rtas agus \u00e1bhar lean\u00fanach ar na me\u00e1in sh\u00f3isialta \u00f3n bhFleadh Cheoil ag dul i m\u00e9id. Cuireadh t\u00fas leis an gcl\u00fadach i m\u00ed I\u00fail le buaicphoint\u00ed \u00f3 Fhleadhanna na gC\u00faig\u00ed, agus as sin go dt\u00ed craoladh beo \u00f3 Loch Garman ceithre o\u00edche i ndiaidh a ch\u00e9ile, a raibh teacht air ar fud an domhain ar Sheinnteoir TG4, ar ard\u00e1in me\u00e1n s\u00f3isialta agus ar chain\u00e9al ceoil thraidisi\u00fanta YouTube TG4. <\/p>\n<p>D\u00fairt an <strong>Dr Labhr\u00e1s \u00d3 Murch\u00fa, Ardsti\u00farth\u00f3ir Chomhaltas Ceolt\u00f3ir\u00ed \u00c9ireann<\/strong>: <em>\u2018Mar an eagra\u00edocht is iomr\u00e1it\u00ed a chuireann traidisi\u00fain chult\u00fair na h\u00c9ireann chun cinn, t\u00e1 comhph\u00e1irt\u00edocht ar leith Chomhaltas le TG4 do Fhleadh Cheoil na h\u00c9ireann r\u00edth\u00e1bhachtach i nd\u00e1il len\u00e1r n-aidhm a bhaint amach, is \u00e9 sin a chinnti\u00fa go mbeidh teacht ag an uile dhuine ar \u00e1r dtraidisi\u00fain chult\u00fair agus iad a choinne\u00e1il ina gcuid ardfheice\u00e1lach agus bheo d\u00e1r socha\u00ed. Tharraing na cl\u00e1ir iontacha tharraingteacha a l\u00e9ir\u00edodh do Fhleadh 24 lucht f\u00e9achana \u00f3 gach cearn den oile\u00e1n agus n\u00edos faide i gc\u00e9in, rud a l\u00e9ir\u00edonn an caighde\u00e1n at\u00e1 ag na cl\u00e1ir seo agus an t\u00f3ir at\u00e1 ar thraidisi\u00fain chult\u00fair na h\u00c9ireann.\u2019<\/em><br \/>\n&nbsp;<\/p>\n<p><strong>\u00c1ir\u00edtear i measc na mbuaicphoint\u00ed \u00f3 chl\u00e1ir Fhleadh Cheoil 2024 TG4:<\/strong> <\/p>\n<p><u>Lucht F\u00e9achana ar an gCain\u00e9al L\u00edneach:<\/u><\/p>\n<p>Bh\u00ed n\u00edos m\u00f3 n\u00e1 leathmhilli\u00fan duine ag f\u00e9achaint ar <strong>Fleadh24<\/strong> ar l\u00edne \/ ar an teilif\u00eds o\u00edche D\u00e9ardaoin, agus d\u00e1 bharr sin, ba \u00e9 an cl\u00e1r Fleidhe is m\u00f3 lucht f\u00e9achana \u00e9 \u00f3 cuireadh t\u00fas leis an tsraith ar TG4 in 2014. O\u00edche D\u00e9ardaoin bh\u00ed ceol, amhr\u00e1in agus damhsa againn \u00f3 Michael Flatley, s\u00e1r-fhli\u00faitead\u00f3ir agus cruthaitheoir Lord of the Dance, agus \u00f3 laochra m\u00f3ra an cheoil, Sharon Shannon, Gerry O&#8217;Connor agus Jim Murray.<br \/>\n&nbsp;<\/p>\n<table>\n<tbody>\n<tr>\n<td width=\"25%\">\n<\/td>\n<td width=\"50%\">\n  <img loading=\"lazy\" decoding=\"async\" width=\"1920\" height=\"1080\" src=\"https:\/\/tg4-docs.s3.amazonaws.com\/wp-content\/uploads\/2024\/09\/24155732\/Fleadh24_Michael_Flatley_Aoife_1-1920x1080-1.jpg\" alt=\"\" class=\"alignnone size-full wp-image-232752\" srcset=\"https:\/\/tg4-docs.s3.amazonaws.com\/wp-content\/uploads\/2024\/09\/24155732\/Fleadh24_Michael_Flatley_Aoife_1-1920x1080-1.jpg 1920w, https:\/\/tg4-docs.s3.amazonaws.com\/wp-content\/uploads\/2024\/09\/24155732\/Fleadh24_Michael_Flatley_Aoife_1-1920x1080-1-250x141.jpg 250w, https:\/\/tg4-docs.s3.amazonaws.com\/wp-content\/uploads\/2024\/09\/24155732\/Fleadh24_Michael_Flatley_Aoife_1-1920x1080-1-700x394.jpg 700w, https:\/\/tg4-docs.s3.amazonaws.com\/wp-content\/uploads\/2024\/09\/24155732\/Fleadh24_Michael_Flatley_Aoife_1-1920x1080-1-252x141.jpg 252w, https:\/\/tg4-docs.s3.amazonaws.com\/wp-content\/uploads\/2024\/09\/24155732\/Fleadh24_Michael_Flatley_Aoife_1-1920x1080-1-1536x864.jpg 1536w, https:\/\/tg4-docs.s3.amazonaws.com\/wp-content\/uploads\/2024\/09\/24155732\/Fleadh24_Michael_Flatley_Aoife_1-1920x1080-1-120x68.jpg 120w\" sizes=\"(max-width: 1920px) 100vw, 1920px\" \/>\n<\/td>\n<td width=\"25%\">\n<\/td>\n<\/tr>\n<\/tbody>\n<\/table>\n<p>&nbsp;<\/p>\n<p><u>Lucht Sp\u00e9ise ar na hard\u00e1in Sh\u00f3isialta:<\/u>  <\/p>\n<p>Bh\u00ed rannph\u00e1irt\u00edocht shuntasach ar na me\u00e1in sh\u00f3isialta in \u00e1bhar na Fleidhe Ceoil freisin, agus baineadh 6.5 milli\u00fan amharc amach trasna na n-ard\u00e1n ar fad, ard\u00fa m\u00f3r \u00f3 3.7 milli\u00fan amharc in 2023. Ghin an haischlib #Fleadh24 28.5 milli\u00fan imprisean, rud a chuir borradh faoi lucht sp\u00e9ise agus tionchar cult\u00fair l\u00e9iri\u00fa TG4 den Fhleadh Cheoil.<br \/>\n&nbsp;<\/p>\n<p><u>M\u00edr a scaip go r\u00e1bach:<\/u> <\/p>\n<p>M\u00edr den scoth \u00f3 chl\u00fadach na Fleadh Cheoil a tharraing aird mh\u00f3r agus a scaip go tr\u00e9an ab ea f\u00edse\u00e1n de Eoin Creevy agus \u00e9 ag portaireacht b\u00e9il. T\u00e1 1.8 milli\u00fan radharc faighte aige ar chain\u00e9al TikTok TG4. L\u00e9ir\u00edonn an mh\u00edr seo go m\u00f3r tiomantas lean\u00fanach TG4 do thallann nua a aimsi\u00fa agus d&#8217;ard\u00e1n a thabhairt do lucht taibhithe den scoth as gach r\u00e9igi\u00fan in \u00c9irinn agus ar fud an domhain nach bhfacthas cheana iad ar na hard\u00e1in me\u00e1n s\u00f3isialta.    <\/p>\n<p><a href=\"https:\/\/www.tiktok.com\/@tg4tv\/video\/7404808815151025440?is_from_webapp=1&#038;web_id=7155488750185121285\" rel=\"noopener\" target=\"_blank\">Eoin Creevy ar TikTok<\/a><br \/>\n&nbsp;<\/p>\n<p><strong>Lucht Sp\u00e9ise an \u00c1bhair Dhigitigh:<\/strong> Bhreathnaigh lucht f\u00e9achana \u00f3 gach cearn den domhan ar Sheinnteoir TG4, lena n-\u00e1ir\u00edtear daoine sa R\u00edocht Aontaithe, sna St\u00e1it Aontaithe, san Fhrainc, i gCeanada, san Astr\u00e1il, sa Ghearm\u00e1in, sa Sp\u00e1inn, san \u00cdsilt\u00edr, san Iod\u00e1il, agus sa tSeap\u00e1in, i measc daoine eile. Bh\u00ed an-t\u00f3ir ar \u00e1bhar na Fleidhe sa R\u00edocht Aontaithe, le n\u00edos m\u00f3 n\u00e1 4,000 amharc VOD, agus sna St\u00e1it Aontaithe, le n\u00edos m\u00f3 n\u00e1 2,000 amharc VOD \u00f3 th\u00fas mh\u00ed L\u00fanasa. <\/p>\n<p>Is \u00e9ard a d\u00fairt <strong>Majella Bartley \u2013 Ardchl\u00e1raitheoir Chomhaltas Ceolt\u00f3ir\u00ed \u00c9ireann<\/strong> gur <em>&#8220;tr\u00ed th\u00fas a chur le sruth\u00fa a dh\u00e9anamh ar chuid d\u00e1r gcom\u00f3rtais ag Fleadh Cheoil na h\u00c9ireann, cuireadh ar chumas daoine ar fud l\u00edonra domhanda an Chomhaltais agus ar fud dhiasp\u00f3ra na h\u00c9ireann a bheith nasctha le spleodar Fhleadh Cheoil na h\u00c9ireann. Is deis at\u00e1 sa tseirbh\u00eds sruthaithe freisin do theaghlaigh agus do chairde n-iomaitheoir\u00ed nach f\u00e9idir leo taisteal go dt\u00ed an Fhleadh a bheith mar chuid d\u00e1 n-aistear ceoil.\u201d<\/em><br \/>\n&nbsp;<\/p>\n<p>Rinneadh com\u00f3rtais na Fleidhe Ceoil a shruth\u00fa beo ar Sheinnteoir TG4, ar sheirbh\u00eds\u00ed YouTube agus Facebook agus roinneadh iad ar leathanach Facebook Chomhaltas Ceolt\u00f3ir\u00ed \u00c9ireann \/ na Fleidhe Ceoil, ar chain\u00e9al YouTube TG4 Trad, agus ar Sheinnteoir TG4.  <a href=\"https:\/\/dev.tg4.ie\" rel=\"noopener\" target=\"_blank\">Seinnteoir TG4<\/a><br \/>\n&nbsp;<\/p>\n<p>Labhair <strong>Proinsias N\u00ed Ghr\u00e1inne, Eagarth\u00f3ir Coimisi\u00fanaithe TG4 ar Fleadh24<\/strong>, faoin r\u00edm\u00e9ad at\u00e1 uirthi faoin bhfreagra at\u00e1 faighte ar chl\u00fadach na bliana seo, agus d\u00fairt, <em>&#8220;n\u00ed haon ionadh d\u00fainn go bhfuil an measc\u00e1n seo d&#8217;eala\u00edont\u00f3ir\u00ed den scoth agus de thallann nua, nach bhfacthas roimhe seo ar an teilif\u00eds, tar \u00e9is dul i gcion go m\u00f3r ar lucht f\u00e9achana ar fud na cruinne.   Is \u00e9 \u00e1r n-uaillmhian bliain i ndiaidh bliana m\u00e9ad\u00fa a dh\u00e9anamh ar an bhf\u00e1il at\u00e1 ar \u00e1bhar na Fleidhe Ceoil ar fud gach ard\u00e1n ionas gur f\u00e9idir le lucht f\u00e9achana nach f\u00e9idir leo taisteal chuig an \u00e1it is ansa le lucht an cheoil thraidisi\u00fanta f\u00e9achaint ar a ngaolta f\u00e9in, ar a laochra ceoil agus ar an tsiamsa\u00edocht mh\u00f3r a bhaineann leis an bhFleadh Cheoil ar TG4.  T\u00e1imid bu\u00edoch de Chomhaltas Ceolt\u00f3ir\u00ed \u00c9ireann, de Choiste na Fleidhe i Loch Garman, Power Pictures, Omedia, Telegael agus Lorg Media a chuidigh linn Fleadh Cheoil na h\u00c9ireann a l\u00e9iri\u00fa, a thaifeadadh agus a chraoladh ceithre o\u00edche i ndiaidh ch\u00e9ile.&#8221;<\/em><br \/>\n&nbsp;<\/p>\n<p>L\u00e9ir\u00edonn Fleadh24 tiomantas TG4 do chult\u00far na h\u00c9ireann a cheili\u00faradh agus a chur chun cinn anseo sa mbaile agus go hidirn\u00e1isi\u00fanta. Is l\u00e9iri\u00fa \u00e9 an rath a bh\u00ed ar chl\u00fadach na Fleidhe ar chur chuige nu\u00e1lach an chraolt\u00f3ra i leith \u00e1bhar mealltach a chur ar f\u00e1il at\u00e1 \u00e1bhartha do lucht f\u00e9achana beag beann ar aois.<br \/>\n&nbsp;<\/p>\n<p>&nbsp;<\/p>\n<p>&nbsp;<\/p>\n","protected":false},"excerpt":{"rendered":"<p>&nbsp; Banna C\u00e9il\u00ed &#8211; Beartla \u00d3 Flatharta ar Instagram Leo Earley ar TikTok Dan McCabe ar Instagram &nbsp; T\u00e1 an-\u00e1thas ar TG4 a thuairisci\u00fa gur bhain s\u00e9 uimhreacha thar barr lucht sp\u00e9ise amach ar a chuid ard\u00e1n l\u00edneach agus ar l\u00edne maidir lena chl\u00fadach ar Fhleadh Cheoil na h\u00c9ireann agus ar Fhleadh Cheoil na gC\u00faig\u00ed [&hellip;]<\/p>\n","protected":false},"author":876,"featured_media":0,"parent":208148,"menu_order":29,"comment_status":"closed","ping_status":"closed","template":"page-templates\/template-pr.php","meta":{"_acf_changed":false,"footnotes":""},"acf":[],"yoast_head":"<!-- This site is optimized with the Yoast SEO plugin v22.6 - https:\/\/yoast.com\/wordpress\/plugins\/seo\/ -->\n<title>T\u00e1 TG4 ag ceili\u00faradh uimhreacha thar barr lucht sp\u00e9ise maidir lena chl\u00fadach ar an bhFleadh Cheoil | Preas R\u00e1iteas | TG4<\/title>\n<meta name=\"description\" content=\"T\u00e1 an-\u00e1thas ar TG4 a thuairisci\u00fa gur bhain s\u00e9 uimhreacha thar barr lucht sp\u00e9ise amach ar a chuid ard\u00e1n l\u00edneach agus ar l\u00edne maidir lena chl\u00fadach ar Fhleadh Cheoil na h\u00c9ireann agus ar Fhleadh Cheoil na gC\u00faig\u00ed i m\u00ed I\u00fail agus i m\u00ed L\u00fanasa 2024.\" \/>\n<meta name=\"robots\" content=\"index, follow, max-snippet:-1, max-image-preview:large, max-video-preview:-1\" \/>\n<meta property=\"og:locale\" content=\"en_US\" \/>\n<meta property=\"og:type\" content=\"article\" \/>\n<meta property=\"og:title\" content=\"T\u00e1 TG4 ag ceili\u00faradh uimhreacha thar barr lucht sp\u00e9ise maidir lena chl\u00fadach ar an bhFleadh Cheoil | Preas R\u00e1iteas | TG4\" \/>\n<meta property=\"og:description\" content=\"T\u00e1 an-\u00e1thas ar TG4 a thuairisci\u00fa gur bhain s\u00e9 uimhreacha thar barr lucht sp\u00e9ise amach ar a chuid ard\u00e1n l\u00edneach agus ar l\u00edne maidir lena chl\u00fadach ar Fhleadh Cheoil na h\u00c9ireann agus ar Fhleadh Cheoil na gC\u00faig\u00ed i m\u00ed I\u00fail agus i m\u00ed L\u00fanasa 2024.\" \/>\n<meta property=\"og:url\" content=\"https:\/\/dev.tg4.ie\/ga\/eolas\/preas\/nuacht-raitis\/2024-2\/ta-tg4-ag-ceiliuradh-uimhreacha-thar-barr-lucht-speise-maidir-lena-chludach-ar-an-bhfleadh-cheoil\/\" \/>\n<meta property=\"og:site_name\" content=\"TG4\" \/>\n<meta property=\"article:publisher\" content=\"https:\/\/www.facebook.com\/TG4TV\" \/>\n<meta property=\"og:image\" content=\"https:\/\/tg4-docs.s3.amazonaws.com\/wp-content\/uploads\/2024\/09\/24155732\/Fleadh24_Michael_Flatley_Aoife_1-1920x1080-1.jpg\" \/>\n\t<meta property=\"og:image:width\" content=\"1920\" \/>\n\t<meta property=\"og:image:height\" content=\"1080\" \/>\n\t<meta property=\"og:image:type\" content=\"image\/jpeg\" \/>\n<meta name=\"twitter:card\" content=\"summary_large_image\" \/>\n<meta name=\"twitter:image\" content=\"https:\/\/tg4-docs.s3.amazonaws.com\/wp-content\/uploads\/2024\/09\/24155732\/Fleadh24_Michael_Flatley_Aoife_1-1920x1080-1.jpg\" \/>\n<meta name=\"twitter:site\" content=\"@TG4TV\" \/>\n<meta name=\"twitter:label1\" content=\"Est. reading time\" \/>\n\t<meta name=\"twitter:data1\" content=\"5 minutes\" \/>\n<script type=\"application\/ld+json\" class=\"yoast-schema-graph\">{\"@context\":\"https:\/\/schema.org\",\"@graph\":[{\"@type\":\"WebPage\",\"@id\":\"https:\/\/dev.tg4.ie\/ga\/eolas\/preas\/nuacht-raitis\/2024-2\/ta-tg4-ag-ceiliuradh-uimhreacha-thar-barr-lucht-speise-maidir-lena-chludach-ar-an-bhfleadh-cheoil\/\",\"url\":\"https:\/\/dev.tg4.ie\/ga\/eolas\/preas\/nuacht-raitis\/2024-2\/ta-tg4-ag-ceiliuradh-uimhreacha-thar-barr-lucht-speise-maidir-lena-chludach-ar-an-bhfleadh-cheoil\/\",\"name\":\"T\u00e1 TG4 ag ceili\u00faradh uimhreacha thar barr lucht sp\u00e9ise maidir lena chl\u00fadach ar an bhFleadh Cheoil | Preas R\u00e1iteas | TG4\",\"isPartOf\":{\"@id\":\"https:\/\/dev.tg4.ie\/en\/#website\"},\"primaryImageOfPage\":{\"@id\":\"https:\/\/dev.tg4.ie\/ga\/eolas\/preas\/nuacht-raitis\/2024-2\/ta-tg4-ag-ceiliuradh-uimhreacha-thar-barr-lucht-speise-maidir-lena-chludach-ar-an-bhfleadh-cheoil\/#primaryimage\"},\"image\":{\"@id\":\"https:\/\/dev.tg4.ie\/ga\/eolas\/preas\/nuacht-raitis\/2024-2\/ta-tg4-ag-ceiliuradh-uimhreacha-thar-barr-lucht-speise-maidir-lena-chludach-ar-an-bhfleadh-cheoil\/#primaryimage\"},\"thumbnailUrl\":\"https:\/\/dev.tg4.ie\/wp-content\/uploads\/2024\/09\/Fleadh24_Michael_Flatley-1-1920x1080-1.jpg\",\"datePublished\":\"2024-09-24T15:13:56+00:00\",\"dateModified\":\"2024-09-24T15:13:56+00:00\",\"description\":\"T\u00e1 an-\u00e1thas ar TG4 a thuairisci\u00fa gur bhain s\u00e9 uimhreacha thar barr lucht sp\u00e9ise amach ar a chuid ard\u00e1n l\u00edneach agus ar l\u00edne maidir lena chl\u00fadach ar Fhleadh Cheoil na h\u00c9ireann agus ar Fhleadh Cheoil na gC\u00faig\u00ed i m\u00ed I\u00fail agus i m\u00ed L\u00fanasa 2024.\",\"breadcrumb\":{\"@id\":\"https:\/\/dev.tg4.ie\/ga\/eolas\/preas\/nuacht-raitis\/2024-2\/ta-tg4-ag-ceiliuradh-uimhreacha-thar-barr-lucht-speise-maidir-lena-chludach-ar-an-bhfleadh-cheoil\/#breadcrumb\"},\"inLanguage\":\"ga\",\"potentialAction\":[{\"@type\":\"ReadAction\",\"target\":[\"https:\/\/dev.tg4.ie\/ga\/eolas\/preas\/nuacht-raitis\/2024-2\/ta-tg4-ag-ceiliuradh-uimhreacha-thar-barr-lucht-speise-maidir-lena-chludach-ar-an-bhfleadh-cheoil\/\"]}]},{\"@type\":\"ImageObject\",\"inLanguage\":\"ga\",\"@id\":\"https:\/\/dev.tg4.ie\/ga\/eolas\/preas\/nuacht-raitis\/2024-2\/ta-tg4-ag-ceiliuradh-uimhreacha-thar-barr-lucht-speise-maidir-lena-chludach-ar-an-bhfleadh-cheoil\/#primaryimage\",\"url\":\"https:\/\/dev.tg4.ie\/wp-content\/uploads\/2024\/09\/Fleadh24_Michael_Flatley-1-1920x1080-1.jpg\",\"contentUrl\":\"https:\/\/dev.tg4.ie\/wp-content\/uploads\/2024\/09\/Fleadh24_Michael_Flatley-1-1920x1080-1.jpg\"},{\"@type\":\"BreadcrumbList\",\"@id\":\"https:\/\/dev.tg4.ie\/ga\/eolas\/preas\/nuacht-raitis\/2024-2\/ta-tg4-ag-ceiliuradh-uimhreacha-thar-barr-lucht-speise-maidir-lena-chludach-ar-an-bhfleadh-cheoil\/#breadcrumb\",\"itemListElement\":[{\"@type\":\"ListItem\",\"position\":1,\"name\":\"Home\",\"item\":\"https:\/\/dev.tg4.ie\/ga\/\"},{\"@type\":\"ListItem\",\"position\":2,\"name\":\"Eolas\",\"item\":\"https:\/\/dev.tg4.ie\/ga\/eolas\/\"},{\"@type\":\"ListItem\",\"position\":3,\"name\":\"Preas\",\"item\":\"https:\/\/dev.tg4.ie\/ga\/eolas\/preas\/\"},{\"@type\":\"ListItem\",\"position\":4,\"name\":\"Nuacht R\u00e1itis\",\"item\":\"https:\/\/dev.tg4.ie\/ga\/eolas\/preas\/nuacht-raitis\/\"},{\"@type\":\"ListItem\",\"position\":5,\"name\":\"2024\",\"item\":\"https:\/\/dev.tg4.ie\/ga\/eolas\/preas\/nuacht-raitis\/2024-2\/\"},{\"@type\":\"ListItem\",\"position\":6,\"name\":\"T\u00e1 TG4 ag ceili\u00faradh uimhreacha thar barr lucht sp\u00e9ise maidir lena chl\u00fadach ar an bhFleadh Cheoil\"}]},{\"@type\":\"WebSite\",\"@id\":\"https:\/\/dev.tg4.ie\/en\/#website\",\"url\":\"https:\/\/dev.tg4.ie\/en\/\",\"name\":\"TG4\",\"description\":\"S\u00fail Eile\",\"potentialAction\":[{\"@type\":\"SearchAction\",\"target\":{\"@type\":\"EntryPoint\",\"urlTemplate\":\"https:\/\/dev.tg4.ie\/en\/?s={search_term_string}\"},\"query-input\":\"required name=search_term_string\"}],\"inLanguage\":\"ga\"}]}<\/script>\n<!-- \/ Yoast SEO plugin. -->","yoast_head_json":{"title":"T\u00e1 TG4 ag ceili\u00faradh uimhreacha thar barr lucht sp\u00e9ise maidir lena chl\u00fadach ar an bhFleadh Cheoil | Preas R\u00e1iteas | TG4","description":"T\u00e1 an-\u00e1thas ar TG4 a thuairisci\u00fa gur bhain s\u00e9 uimhreacha thar barr lucht sp\u00e9ise amach ar a chuid ard\u00e1n l\u00edneach agus ar l\u00edne maidir lena chl\u00fadach ar Fhleadh Cheoil na h\u00c9ireann agus ar Fhleadh Cheoil na gC\u00faig\u00ed i m\u00ed I\u00fail agus i m\u00ed L\u00fanasa 2024.","robots":{"index":"index","follow":"follow","max-snippet":"max-snippet:-1","max-image-preview":"max-image-preview:large","max-video-preview":"max-video-preview:-1"},"og_locale":"en_US","og_type":"article","og_title":"T\u00e1 TG4 ag ceili\u00faradh uimhreacha thar barr lucht sp\u00e9ise maidir lena chl\u00fadach ar an bhFleadh Cheoil | Preas R\u00e1iteas | TG4","og_description":"T\u00e1 an-\u00e1thas ar TG4 a thuairisci\u00fa gur bhain s\u00e9 uimhreacha thar barr lucht sp\u00e9ise amach ar a chuid ard\u00e1n l\u00edneach agus ar l\u00edne maidir lena chl\u00fadach ar Fhleadh Cheoil na h\u00c9ireann agus ar Fhleadh Cheoil na gC\u00faig\u00ed i m\u00ed I\u00fail agus i m\u00ed L\u00fanasa 2024.","og_url":"https:\/\/dev.tg4.ie\/ga\/eolas\/preas\/nuacht-raitis\/2024-2\/ta-tg4-ag-ceiliuradh-uimhreacha-thar-barr-lucht-speise-maidir-lena-chludach-ar-an-bhfleadh-cheoil\/","og_site_name":"TG4","article_publisher":"https:\/\/www.facebook.com\/TG4TV","og_image":[{"width":1920,"height":1080,"url":"https:\/\/tg4-docs.s3.amazonaws.com\/wp-content\/uploads\/2024\/09\/24155732\/Fleadh24_Michael_Flatley_Aoife_1-1920x1080-1.jpg","type":"image\/jpeg"}],"twitter_card":"summary_large_image","twitter_image":"https:\/\/tg4-docs.s3.amazonaws.com\/wp-content\/uploads\/2024\/09\/24155732\/Fleadh24_Michael_Flatley_Aoife_1-1920x1080-1.jpg","twitter_site":"@TG4TV","twitter_misc":{"Est. reading time":"5 minutes"},"schema":{"@context":"https:\/\/schema.org","@graph":[{"@type":"WebPage","@id":"https:\/\/dev.tg4.ie\/ga\/eolas\/preas\/nuacht-raitis\/2024-2\/ta-tg4-ag-ceiliuradh-uimhreacha-thar-barr-lucht-speise-maidir-lena-chludach-ar-an-bhfleadh-cheoil\/","url":"https:\/\/dev.tg4.ie\/ga\/eolas\/preas\/nuacht-raitis\/2024-2\/ta-tg4-ag-ceiliuradh-uimhreacha-thar-barr-lucht-speise-maidir-lena-chludach-ar-an-bhfleadh-cheoil\/","name":"T\u00e1 TG4 ag ceili\u00faradh uimhreacha thar barr lucht sp\u00e9ise maidir lena chl\u00fadach ar an bhFleadh Cheoil | Preas R\u00e1iteas | TG4","isPartOf":{"@id":"https:\/\/dev.tg4.ie\/en\/#website"},"primaryImageOfPage":{"@id":"https:\/\/dev.tg4.ie\/ga\/eolas\/preas\/nuacht-raitis\/2024-2\/ta-tg4-ag-ceiliuradh-uimhreacha-thar-barr-lucht-speise-maidir-lena-chludach-ar-an-bhfleadh-cheoil\/#primaryimage"},"image":{"@id":"https:\/\/dev.tg4.ie\/ga\/eolas\/preas\/nuacht-raitis\/2024-2\/ta-tg4-ag-ceiliuradh-uimhreacha-thar-barr-lucht-speise-maidir-lena-chludach-ar-an-bhfleadh-cheoil\/#primaryimage"},"thumbnailUrl":"https:\/\/dev.tg4.ie\/wp-content\/uploads\/2024\/09\/Fleadh24_Michael_Flatley-1-1920x1080-1.jpg","datePublished":"2024-09-24T15:13:56+00:00","dateModified":"2024-09-24T15:13:56+00:00","description":"T\u00e1 an-\u00e1thas ar TG4 a thuairisci\u00fa gur bhain s\u00e9 uimhreacha thar barr lucht sp\u00e9ise amach ar a chuid ard\u00e1n l\u00edneach agus ar l\u00edne maidir lena chl\u00fadach ar Fhleadh Cheoil na h\u00c9ireann agus ar Fhleadh Cheoil na gC\u00faig\u00ed i m\u00ed I\u00fail agus i m\u00ed L\u00fanasa 2024.","breadcrumb":{"@id":"https:\/\/dev.tg4.ie\/ga\/eolas\/preas\/nuacht-raitis\/2024-2\/ta-tg4-ag-ceiliuradh-uimhreacha-thar-barr-lucht-speise-maidir-lena-chludach-ar-an-bhfleadh-cheoil\/#breadcrumb"},"inLanguage":"ga","potentialAction":[{"@type":"ReadAction","target":["https:\/\/dev.tg4.ie\/ga\/eolas\/preas\/nuacht-raitis\/2024-2\/ta-tg4-ag-ceiliuradh-uimhreacha-thar-barr-lucht-speise-maidir-lena-chludach-ar-an-bhfleadh-cheoil\/"]}]},{"@type":"ImageObject","inLanguage":"ga","@id":"https:\/\/dev.tg4.ie\/ga\/eolas\/preas\/nuacht-raitis\/2024-2\/ta-tg4-ag-ceiliuradh-uimhreacha-thar-barr-lucht-speise-maidir-lena-chludach-ar-an-bhfleadh-cheoil\/#primaryimage","url":"https:\/\/dev.tg4.ie\/wp-content\/uploads\/2024\/09\/Fleadh24_Michael_Flatley-1-1920x1080-1.jpg","contentUrl":"https:\/\/dev.tg4.ie\/wp-content\/uploads\/2024\/09\/Fleadh24_Michael_Flatley-1-1920x1080-1.jpg"},{"@type":"BreadcrumbList","@id":"https:\/\/dev.tg4.ie\/ga\/eolas\/preas\/nuacht-raitis\/2024-2\/ta-tg4-ag-ceiliuradh-uimhreacha-thar-barr-lucht-speise-maidir-lena-chludach-ar-an-bhfleadh-cheoil\/#breadcrumb","itemListElement":[{"@type":"ListItem","position":1,"name":"Home","item":"https:\/\/dev.tg4.ie\/ga\/"},{"@type":"ListItem","position":2,"name":"Eolas","item":"https:\/\/dev.tg4.ie\/ga\/eolas\/"},{"@type":"ListItem","position":3,"name":"Preas","item":"https:\/\/dev.tg4.ie\/ga\/eolas\/preas\/"},{"@type":"ListItem","position":4,"name":"Nuacht R\u00e1itis","item":"https:\/\/dev.tg4.ie\/ga\/eolas\/preas\/nuacht-raitis\/"},{"@type":"ListItem","position":5,"name":"2024","item":"https:\/\/dev.tg4.ie\/ga\/eolas\/preas\/nuacht-raitis\/2024-2\/"},{"@type":"ListItem","position":6,"name":"T\u00e1 TG4 ag ceili\u00faradh uimhreacha thar barr lucht sp\u00e9ise maidir lena chl\u00fadach ar an bhFleadh Cheoil"}]},{"@type":"WebSite","@id":"https:\/\/dev.tg4.ie\/en\/#website","url":"https:\/\/dev.tg4.ie\/en\/","name":"TG4","description":"S\u00fail Eile","potentialAction":[{"@type":"SearchAction","target":{"@type":"EntryPoint","urlTemplate":"https:\/\/dev.tg4.ie\/en\/?s={search_term_string}"},"query-input":"required name=search_term_string"}],"inLanguage":"ga"}]}},"_links":{"self":[{"href":"https:\/\/dev.tg4.ie\/ga\/wp-json\/wp\/v2\/pages\/232744"}],"collection":[{"href":"https:\/\/dev.tg4.ie\/ga\/wp-json\/wp\/v2\/pages"}],"about":[{"href":"https:\/\/dev.tg4.ie\/ga\/wp-json\/wp\/v2\/types\/page"}],"author":[{"embeddable":true,"href":"https:\/\/dev.tg4.ie\/ga\/wp-json\/wp\/v2\/users\/876"}],"replies":[{"embeddable":true,"href":"https:\/\/dev.tg4.ie\/ga\/wp-json\/wp\/v2\/comments?post=232744"}],"version-history":[{"count":0,"href":"https:\/\/dev.tg4.ie\/ga\/wp-json\/wp\/v2\/pages\/232744\/revisions"}],"up":[{"embeddable":true,"href":"https:\/\/dev.tg4.ie\/ga\/wp-json\/wp\/v2\/pages\/208148"}],"wp:attachment":[{"href":"https:\/\/dev.tg4.ie\/ga\/wp-json\/wp\/v2\/media?parent=232744"}],"curies":[{"name":"wp","href":"https:\/\/api.w.org\/{rel}","templated":true}]}}