{"id":233086,"date":"2024-10-01T16:23:01","date_gmt":"2024-10-01T15:23:01","guid":{"rendered":"https:\/\/dev.tg4.ie\/?page_id=233086"},"modified":"2024-10-01T16:23:01","modified_gmt":"2024-10-01T15:23:01","slug":"comhlachtai-o-ar-fud-na-tire-pairteach-i-sceim-oiliuna-sna-meain-ghaeilge-tg4-agus-udaras-na-gaeltachta","status":"publish","type":"page","link":"https:\/\/dev.tg4.ie\/ga\/eolas\/preas\/nuacht-raitis\/2024-2\/comhlachtai-o-ar-fud-na-tire-pairteach-i-sceim-oiliuna-sna-meain-ghaeilge-tg4-agus-udaras-na-gaeltachta\/","title":{"rendered":"Comhlachta\u00ed \u00f3 ar fud na t\u00edre p\u00e1irteach i Sc\u00e9im Oili\u00fana sna Me\u00e1in Ghaeilge TG4 agus \u00dadar\u00e1s na Gaeltachta"},"content":{"rendered":"<table>\n<tbody>\n<tr>\n<td width=\"50%\">\n  <img loading=\"lazy\" decoding=\"async\" width=\"1920\" height=\"1080\" src=\"https:\/\/tg4-docs.s3.amazonaws.com\/wp-content\/uploads\/2024\/10\/01155545\/Sceim_Oiliuna_2024_Rannphairtaithe_1-1920x1080-1.jpg\" alt=\"\" class=\"aligncenter size-full wp-image-233088\" srcset=\"https:\/\/tg4-docs.s3.amazonaws.com\/wp-content\/uploads\/2024\/10\/01155545\/Sceim_Oiliuna_2024_Rannphairtaithe_1-1920x1080-1.jpg 1920w, https:\/\/tg4-docs.s3.amazonaws.com\/wp-content\/uploads\/2024\/10\/01155545\/Sceim_Oiliuna_2024_Rannphairtaithe_1-1920x1080-1-250x141.jpg 250w, https:\/\/tg4-docs.s3.amazonaws.com\/wp-content\/uploads\/2024\/10\/01155545\/Sceim_Oiliuna_2024_Rannphairtaithe_1-1920x1080-1-700x394.jpg 700w, https:\/\/tg4-docs.s3.amazonaws.com\/wp-content\/uploads\/2024\/10\/01155545\/Sceim_Oiliuna_2024_Rannphairtaithe_1-1920x1080-1-252x141.jpg 252w, https:\/\/tg4-docs.s3.amazonaws.com\/wp-content\/uploads\/2024\/10\/01155545\/Sceim_Oiliuna_2024_Rannphairtaithe_1-1920x1080-1-1536x864.jpg 1536w, https:\/\/tg4-docs.s3.amazonaws.com\/wp-content\/uploads\/2024\/10\/01155545\/Sceim_Oiliuna_2024_Rannphairtaithe_1-1920x1080-1-120x68.jpg 120w\" sizes=\"(max-width: 1920px) 100vw, 1920px\" \/>\n<\/td>\n<td width=\"50%\">\n  <img loading=\"lazy\" decoding=\"async\" width=\"1920\" height=\"1080\" src=\"https:\/\/tg4-docs.s3.amazonaws.com\/wp-content\/uploads\/2024\/10\/01155658\/Aniar_TV_1-1920x1080-1.jpg\" alt=\"\" class=\"aligncenter size-full wp-image-233089\" srcset=\"https:\/\/tg4-docs.s3.amazonaws.com\/wp-content\/uploads\/2024\/10\/01155658\/Aniar_TV_1-1920x1080-1.jpg 1920w, https:\/\/tg4-docs.s3.amazonaws.com\/wp-content\/uploads\/2024\/10\/01155658\/Aniar_TV_1-1920x1080-1-250x141.jpg 250w, https:\/\/tg4-docs.s3.amazonaws.com\/wp-content\/uploads\/2024\/10\/01155658\/Aniar_TV_1-1920x1080-1-700x394.jpg 700w, https:\/\/tg4-docs.s3.amazonaws.com\/wp-content\/uploads\/2024\/10\/01155658\/Aniar_TV_1-1920x1080-1-252x141.jpg 252w, https:\/\/tg4-docs.s3.amazonaws.com\/wp-content\/uploads\/2024\/10\/01155658\/Aniar_TV_1-1920x1080-1-1536x864.jpg 1536w, https:\/\/tg4-docs.s3.amazonaws.com\/wp-content\/uploads\/2024\/10\/01155658\/Aniar_TV_1-1920x1080-1-120x68.jpg 120w\" sizes=\"(max-width: 1920px) 100vw, 1920px\" \/>\n<\/td>\n<\/tr>\n<\/tbody>\n<\/table>\n<p>&nbsp;<br \/>\nT\u00e1 an ceathr\u00fa bliain d\u00e1 Sc\u00e9im Oili\u00fana rath\u00fail, at\u00e1 d\u00edrithe ar dhaoine cumasacha a labhra\u00edonn Gaeilge a fhorbairt i dtionscal na me\u00e1n seolta ag TG4, \u00dadar\u00e1s na Gaeltachta agus earn\u00e1il na L\u00e9iri\u00fach\u00e1n Gaeilge.  T\u00e1 r\u00f3l l\u00e1rnach i mbliana ag roinnt comhlachta\u00ed l\u00e9iri\u00fach\u00e1in m\u00f3r le r\u00e1 at\u00e1 lonnaithe i nGaillimh maidir le hoili\u00faint a chur ar an gc\u00e9ad ghl\u00fain eile de ghairmithe sna me\u00e1in Ghaeilge.<br \/>\n&nbsp;<\/p>\n<p><strong>Gaillimh:<\/strong> Faoin sc\u00e9im seo tugtar deis fosta\u00edochta \u00edoctha ar feadh bliana do 15 oili\u00fana\u00ed le comhlachta\u00ed l\u00e9iri\u00fach\u00e1in teilif\u00edse, ina measc comhlachta\u00ed m\u00f3ra as Gaillimh ar n\u00f3s Aniar i gCasla, Ab\u00fa Media in Indreabh\u00e1n, MC2 sa Tulach, agus Lorg Media i gCathair na Gaillimhe.  T\u00e1 na comhlachta\u00ed sin l\u00e1rnach sa tionscnamh, agus cuireann siad taith\u00ed phraitici\u00fail ar f\u00e1il do na hoili\u00fanaithe ar ghn\u00e9ithe \u00e9ags\u00fala de l\u00e9iri\u00fa na me\u00e1n. <\/p>\n<p>T\u00e1 John Nee ag obair le Aniar i gCasla, Sin\u00e9ad Flatherty le Ab\u00fa Media, Bl\u00e1ith\u00edn de B\u00farca le MC2, agus Evan \u00d3 Fl\u00e1tharta le Lorg Media.  Cuireann na comhlachta\u00ed seo at\u00e1 lonnaithe i nGaillimh, chomh maith le comhlachta\u00ed m\u00f3r le r\u00e1 rannph\u00e1irteacha cos\u00fail le F\u00edb\u00edn, Dan\u00fa Media, Sti\u00faideo Cuan, agus Iris, taith\u00ed ghairmi\u00fail r\u00edth\u00e1bhachtach ar f\u00e1il do na hoili\u00fanaithe i rith na bliana.<br \/>\n&nbsp;<\/p>\n<p><strong>D\u00fan na nGall:<\/strong> T\u00e1 Leah N\u00ed Ghairbhigh as Gaoth Dobhair fostaithe ag an gcomhlacht HG Productions. Is \u00ed Helena Gallager \u00f3 HG Productions a l\u00e9irigh an tsraith Bus Ghlasch\u00fa agus Aerfort Dh\u00fan na nGall. T\u00e1 LIGID L\u00e9iri\u00fach\u00e1in ag glacadh p\u00e1irt sa sc\u00e9im chomh maith.<br \/>\n&nbsp;<\/p>\n<p><strong>Port L\u00e1irge:<\/strong> T\u00e1 Eoin Dalt\u00fan agus Lia Nic Craith ag obair leis an gcomhlacht Nemeton sa Rinn, agus t\u00e1 taith\u00ed fhairsing \u00e1 f\u00e1il acu sa chomhlacht i l\u00e9iri\u00fa cl\u00e1r sp\u00f3irt, faisn\u00e9ise agus siamsa\u00edochta. Beidh Ciara N\u00ed Bhriain fostaithe ag Red Shoe Productions, ag obair le Maggie Bhreathnach ar chl\u00e1ir cheoil agus eala\u00edon. <\/p>\n<p>T\u00e1 an comhlacht S\u00fagradh i gC\u00fail Aodha ag glacadh p\u00e1irt sa sc\u00e9im chomh maith.<br \/>\n&nbsp;<\/p>\n<p><strong>Baile \u00c1tha Cliath:<\/strong> T\u00e1 Alannah O&#8217;Brien agus C\u00fanla Morris ag obair leis an gcomhlacht Macalla, comhlacht a chuireann \u00e1bhar ar f\u00e1il do C\u00fala4 chomh maith le h\u00e1bhar siamsa\u00edochta agus tionscadail Cine4. T\u00e1 Tyrone Productions ag glacadh p\u00e1irt sa sc\u00e9im freisin.<br \/>\n&nbsp;<\/p>\n<p>Chomh maith le hoili\u00faint a chur orthu ar an l\u00e1thair oibre, freastal\u00f3idh na rannph\u00e1irtithe ar ch\u00farsa\u00ed m\u00edos\u00fala a eagra\u00edonn Gr\u00e9as\u00e1n na Me\u00e1n (Skillnet) agus Ollscoil Teicneola\u00edochta an Atlantaigh (ATU), chun c\u00e1il\u00edocht leibh\u00e9al 8 i gCleachtas na Me\u00e1n a bhaint amach faoi dheireadh an chl\u00e1ir.<br \/>\n&nbsp;<\/p>\n<p>Pr\u00edomhchusp\u00f3ir de chuid strait\u00e9is\u00ed TG4 agus \u00dadar\u00e1s na Gaeltachta is ea earn\u00e1il na me\u00e1n Gaeilge a neart\u00fa.  T\u00e1 r\u00f3l suntasach \u00e1 imirt ag comhlachta\u00ed l\u00e9iri\u00fach\u00e1in chun an sprioc seo a bhaint amach, rud a thugann deis do thallann \u00e1iti\u00fail taith\u00ed phraitici\u00fail a fh\u00e1il ar l\u00e9iri\u00fa na me\u00e1n.<br \/>\n&nbsp;<\/p>\n<p>D\u00fairt <strong>L\u00eds N\u00ed Dh\u00e1laigh, Sti\u00farth\u00f3ir Marga\u00edochta, Forbartha agus Comhph\u00e1irt\u00edochta\u00ed TG4<\/strong> gur <em>&#8220;comhph\u00e1irt\u00edocht idir TG4, \u00dadar\u00e1s na Gaeltachta agus an earn\u00e1il neamhsple\u00e1ch at\u00e1 sa tionscnamh oili\u00fana seo.   Is iontach an rud \u00e9 go bhfuil an oiread sin comhlachta\u00ed at\u00e1 lonnaithe in Iarthar na h\u00c9ireann p\u00e1irteach ann.   T\u00e1 na comhlachta\u00ed seo ar th\u00fas cadhna\u00edochta sna me\u00e1in Ghaeilge, ag cur taith\u00ed luachmhar tionscail ar f\u00e1il don ch\u00e9ad ghl\u00fain eile de dhaoine cumasacha a bhfuil Gaeilge acu.&#8221;<\/em><br \/>\n&nbsp;<\/p>\n<p>L\u00e9ir\u00edonn an tionscnamh seo tiomantas TG4 agus \u00dadar\u00e1s na Gaeltachta don fh\u00e1s a choth\u00fa in earn\u00e1il na me\u00e1n Gaeilge agus a chinnti\u00fa go mbeidh na scileanna cu\u00ed ag gairmithe amach anseo le go n-\u00e9ireoidh leo sa tionscal. T\u00e1 an sc\u00e9im oili\u00fana \u00e1 c\u00f3mhaoini\u00fa ag TG4, \u00dadar\u00e1s na Gaeltachta agus comhlachta\u00ed l\u00e9iri\u00fach\u00e1in neamhsple\u00e1cha.<br \/>\n&nbsp;<\/p>\n<p>Chun tuilleadh eolais a fh\u00e1il faoin Sc\u00e9im Oili\u00fana agus faoi dheiseanna gairme sna me\u00e1in Ghaeilge, f\u00e9ach ar:  <a href=\"https:\/\/dev.tg4.ie\/corporate\/traenail-forbairt\/baile\/\" rel=\"noopener\" target=\"_blank\">Eolas faoi thraen\u00e1il &#038; sc\u00e9imeanna<\/a>.<br \/>\n&nbsp;<\/p>\n<p>&nbsp;<\/p>\n<p>&nbsp;<\/p>\n","protected":false},"excerpt":{"rendered":"<p>&nbsp; T\u00e1 an ceathr\u00fa bliain d\u00e1 Sc\u00e9im Oili\u00fana rath\u00fail, at\u00e1 d\u00edrithe ar dhaoine cumasacha a labhra\u00edonn Gaeilge a fhorbairt i dtionscal na me\u00e1n seolta ag TG4, \u00dadar\u00e1s na Gaeltachta agus earn\u00e1il na L\u00e9iri\u00fach\u00e1n Gaeilge. T\u00e1 r\u00f3l l\u00e1rnach i mbliana ag roinnt comhlachta\u00ed l\u00e9iri\u00fach\u00e1in m\u00f3r le r\u00e1 at\u00e1 lonnaithe i nGaillimh maidir le hoili\u00faint a chur [&hellip;]<\/p>\n","protected":false},"author":876,"featured_media":0,"parent":208148,"menu_order":30,"comment_status":"closed","ping_status":"closed","template":"page-templates\/template-pr.php","meta":{"_acf_changed":false,"footnotes":""},"acf":[],"yoast_head":"<!-- This site is optimized with the Yoast SEO plugin v22.6 - https:\/\/yoast.com\/wordpress\/plugins\/seo\/ -->\n<title>Comhlachta\u00ed \u00f3 ar fud na t\u00edre p\u00e1irteach i Sc\u00e9im Oili\u00fana sna Me\u00e1in Ghaeilge TG4 agus \u00dadar\u00e1s na Gaeltachta | Preas R\u00e1iteas | TG4<\/title>\n<meta name=\"description\" content=\"T\u00e1 an ceathr\u00fa bliain d\u00e1 Sc\u00e9im Oili\u00fana rath\u00fail, at\u00e1 d\u00edrithe ar dhaoine cumasacha a labhra\u00edonn Gaeilge a fhorbairt i dtionscal na me\u00e1n seolta ag TG4, \u00dadar\u00e1s na Gaeltachta agus earn\u00e1il na L\u00e9iri\u00fach\u00e1n Gaeilge.\" \/>\n<meta name=\"robots\" content=\"index, follow, max-snippet:-1, max-image-preview:large, max-video-preview:-1\" \/>\n<meta property=\"og:locale\" content=\"en_US\" \/>\n<meta property=\"og:type\" content=\"article\" \/>\n<meta property=\"og:title\" content=\"Comhlachta\u00ed \u00f3 ar fud na t\u00edre p\u00e1irteach i Sc\u00e9im Oili\u00fana sna Me\u00e1in Ghaeilge TG4 agus \u00dadar\u00e1s na Gaeltachta | Preas R\u00e1iteas | TG4\" \/>\n<meta property=\"og:description\" content=\"T\u00e1 an ceathr\u00fa bliain d\u00e1 Sc\u00e9im Oili\u00fana rath\u00fail, at\u00e1 d\u00edrithe ar dhaoine cumasacha a labhra\u00edonn Gaeilge a fhorbairt i dtionscal na me\u00e1n seolta ag TG4, \u00dadar\u00e1s na Gaeltachta agus earn\u00e1il na L\u00e9iri\u00fach\u00e1n Gaeilge.\" \/>\n<meta property=\"og:url\" content=\"https:\/\/dev.tg4.ie\/ga\/eolas\/preas\/nuacht-raitis\/2024-2\/comhlachtai-o-ar-fud-na-tire-pairteach-i-sceim-oiliuna-sna-meain-ghaeilge-tg4-agus-udaras-na-gaeltachta\/\" \/>\n<meta property=\"og:site_name\" content=\"TG4\" \/>\n<meta property=\"article:publisher\" content=\"https:\/\/www.facebook.com\/TG4TV\" \/>\n<meta property=\"og:image\" content=\"https:\/\/tg4-docs.s3.amazonaws.com\/wp-content\/uploads\/2024\/10\/01155545\/Sceim_Oiliuna_2024_Rannphairtaithe_1-1920x1080-1.jpg\" \/>\n\t<meta property=\"og:image:width\" content=\"1920\" \/>\n\t<meta property=\"og:image:height\" content=\"1080\" \/>\n\t<meta property=\"og:image:type\" content=\"image\/jpeg\" \/>\n<meta name=\"twitter:card\" content=\"summary_large_image\" \/>\n<meta name=\"twitter:image\" content=\"https:\/\/tg4-docs.s3.amazonaws.com\/wp-content\/uploads\/2024\/10\/01155545\/Sceim_Oiliuna_2024_Rannphairtaithe_1-1920x1080-1.jpg\" \/>\n<meta name=\"twitter:site\" content=\"@TG4TV\" \/>\n<meta name=\"twitter:label1\" content=\"Est. reading time\" \/>\n\t<meta name=\"twitter:data1\" content=\"3 minutes\" \/>\n<script type=\"application\/ld+json\" class=\"yoast-schema-graph\">{\"@context\":\"https:\/\/schema.org\",\"@graph\":[{\"@type\":\"WebPage\",\"@id\":\"https:\/\/dev.tg4.ie\/ga\/eolas\/preas\/nuacht-raitis\/2024-2\/comhlachtai-o-ar-fud-na-tire-pairteach-i-sceim-oiliuna-sna-meain-ghaeilge-tg4-agus-udaras-na-gaeltachta\/\",\"url\":\"https:\/\/dev.tg4.ie\/ga\/eolas\/preas\/nuacht-raitis\/2024-2\/comhlachtai-o-ar-fud-na-tire-pairteach-i-sceim-oiliuna-sna-meain-ghaeilge-tg4-agus-udaras-na-gaeltachta\/\",\"name\":\"Comhlachta\u00ed \u00f3 ar fud na t\u00edre p\u00e1irteach i Sc\u00e9im Oili\u00fana sna Me\u00e1in Ghaeilge TG4 agus \u00dadar\u00e1s na Gaeltachta | Preas R\u00e1iteas | TG4\",\"isPartOf\":{\"@id\":\"https:\/\/dev.tg4.ie\/en\/#website\"},\"primaryImageOfPage\":{\"@id\":\"https:\/\/dev.tg4.ie\/ga\/eolas\/preas\/nuacht-raitis\/2024-2\/comhlachtai-o-ar-fud-na-tire-pairteach-i-sceim-oiliuna-sna-meain-ghaeilge-tg4-agus-udaras-na-gaeltachta\/#primaryimage\"},\"image\":{\"@id\":\"https:\/\/dev.tg4.ie\/ga\/eolas\/preas\/nuacht-raitis\/2024-2\/comhlachtai-o-ar-fud-na-tire-pairteach-i-sceim-oiliuna-sna-meain-ghaeilge-tg4-agus-udaras-na-gaeltachta\/#primaryimage\"},\"thumbnailUrl\":\"https:\/\/dev.tg4.ie\/wp-content\/uploads\/2024\/10\/Sceim_Oiliuna_2024_Rannphairtaithe_1-1920x1080-1.jpg\",\"datePublished\":\"2024-10-01T15:23:01+00:00\",\"dateModified\":\"2024-10-01T15:23:01+00:00\",\"description\":\"T\u00e1 an ceathr\u00fa bliain d\u00e1 Sc\u00e9im Oili\u00fana rath\u00fail, at\u00e1 d\u00edrithe ar dhaoine cumasacha a labhra\u00edonn Gaeilge a fhorbairt i dtionscal na me\u00e1n seolta ag TG4, \u00dadar\u00e1s na Gaeltachta agus earn\u00e1il na L\u00e9iri\u00fach\u00e1n Gaeilge.\",\"breadcrumb\":{\"@id\":\"https:\/\/dev.tg4.ie\/ga\/eolas\/preas\/nuacht-raitis\/2024-2\/comhlachtai-o-ar-fud-na-tire-pairteach-i-sceim-oiliuna-sna-meain-ghaeilge-tg4-agus-udaras-na-gaeltachta\/#breadcrumb\"},\"inLanguage\":\"ga\",\"potentialAction\":[{\"@type\":\"ReadAction\",\"target\":[\"https:\/\/dev.tg4.ie\/ga\/eolas\/preas\/nuacht-raitis\/2024-2\/comhlachtai-o-ar-fud-na-tire-pairteach-i-sceim-oiliuna-sna-meain-ghaeilge-tg4-agus-udaras-na-gaeltachta\/\"]}]},{\"@type\":\"ImageObject\",\"inLanguage\":\"ga\",\"@id\":\"https:\/\/dev.tg4.ie\/ga\/eolas\/preas\/nuacht-raitis\/2024-2\/comhlachtai-o-ar-fud-na-tire-pairteach-i-sceim-oiliuna-sna-meain-ghaeilge-tg4-agus-udaras-na-gaeltachta\/#primaryimage\",\"url\":\"https:\/\/dev.tg4.ie\/wp-content\/uploads\/2024\/10\/Sceim_Oiliuna_2024_Rannphairtaithe_1-1920x1080-1.jpg\",\"contentUrl\":\"https:\/\/dev.tg4.ie\/wp-content\/uploads\/2024\/10\/Sceim_Oiliuna_2024_Rannphairtaithe_1-1920x1080-1.jpg\"},{\"@type\":\"BreadcrumbList\",\"@id\":\"https:\/\/dev.tg4.ie\/ga\/eolas\/preas\/nuacht-raitis\/2024-2\/comhlachtai-o-ar-fud-na-tire-pairteach-i-sceim-oiliuna-sna-meain-ghaeilge-tg4-agus-udaras-na-gaeltachta\/#breadcrumb\",\"itemListElement\":[{\"@type\":\"ListItem\",\"position\":1,\"name\":\"Home\",\"item\":\"https:\/\/dev.tg4.ie\/ga\/\"},{\"@type\":\"ListItem\",\"position\":2,\"name\":\"Eolas\",\"item\":\"https:\/\/dev.tg4.ie\/ga\/eolas\/\"},{\"@type\":\"ListItem\",\"position\":3,\"name\":\"Preas\",\"item\":\"https:\/\/dev.tg4.ie\/ga\/eolas\/preas\/\"},{\"@type\":\"ListItem\",\"position\":4,\"name\":\"Nuacht R\u00e1itis\",\"item\":\"https:\/\/dev.tg4.ie\/ga\/eolas\/preas\/nuacht-raitis\/\"},{\"@type\":\"ListItem\",\"position\":5,\"name\":\"2024\",\"item\":\"https:\/\/dev.tg4.ie\/ga\/eolas\/preas\/nuacht-raitis\/2024-2\/\"},{\"@type\":\"ListItem\",\"position\":6,\"name\":\"Comhlachta\u00ed \u00f3 ar fud na t\u00edre p\u00e1irteach i Sc\u00e9im Oili\u00fana sna Me\u00e1in Ghaeilge TG4 agus \u00dadar\u00e1s na Gaeltachta\"}]},{\"@type\":\"WebSite\",\"@id\":\"https:\/\/dev.tg4.ie\/en\/#website\",\"url\":\"https:\/\/dev.tg4.ie\/en\/\",\"name\":\"TG4\",\"description\":\"S\u00fail Eile\",\"potentialAction\":[{\"@type\":\"SearchAction\",\"target\":{\"@type\":\"EntryPoint\",\"urlTemplate\":\"https:\/\/dev.tg4.ie\/en\/?s={search_term_string}\"},\"query-input\":\"required name=search_term_string\"}],\"inLanguage\":\"ga\"}]}<\/script>\n<!-- \/ Yoast SEO plugin. -->","yoast_head_json":{"title":"Comhlachta\u00ed \u00f3 ar fud na t\u00edre p\u00e1irteach i Sc\u00e9im Oili\u00fana sna Me\u00e1in Ghaeilge TG4 agus \u00dadar\u00e1s na Gaeltachta | Preas R\u00e1iteas | TG4","description":"T\u00e1 an ceathr\u00fa bliain d\u00e1 Sc\u00e9im Oili\u00fana rath\u00fail, at\u00e1 d\u00edrithe ar dhaoine cumasacha a labhra\u00edonn Gaeilge a fhorbairt i dtionscal na me\u00e1n seolta ag TG4, \u00dadar\u00e1s na Gaeltachta agus earn\u00e1il na L\u00e9iri\u00fach\u00e1n Gaeilge.","robots":{"index":"index","follow":"follow","max-snippet":"max-snippet:-1","max-image-preview":"max-image-preview:large","max-video-preview":"max-video-preview:-1"},"og_locale":"en_US","og_type":"article","og_title":"Comhlachta\u00ed \u00f3 ar fud na t\u00edre p\u00e1irteach i Sc\u00e9im Oili\u00fana sna Me\u00e1in Ghaeilge TG4 agus \u00dadar\u00e1s na Gaeltachta | Preas R\u00e1iteas | TG4","og_description":"T\u00e1 an ceathr\u00fa bliain d\u00e1 Sc\u00e9im Oili\u00fana rath\u00fail, at\u00e1 d\u00edrithe ar dhaoine cumasacha a labhra\u00edonn Gaeilge a fhorbairt i dtionscal na me\u00e1n seolta ag TG4, \u00dadar\u00e1s na Gaeltachta agus earn\u00e1il na L\u00e9iri\u00fach\u00e1n Gaeilge.","og_url":"https:\/\/dev.tg4.ie\/ga\/eolas\/preas\/nuacht-raitis\/2024-2\/comhlachtai-o-ar-fud-na-tire-pairteach-i-sceim-oiliuna-sna-meain-ghaeilge-tg4-agus-udaras-na-gaeltachta\/","og_site_name":"TG4","article_publisher":"https:\/\/www.facebook.com\/TG4TV","og_image":[{"width":1920,"height":1080,"url":"https:\/\/tg4-docs.s3.amazonaws.com\/wp-content\/uploads\/2024\/10\/01155545\/Sceim_Oiliuna_2024_Rannphairtaithe_1-1920x1080-1.jpg","type":"image\/jpeg"}],"twitter_card":"summary_large_image","twitter_image":"https:\/\/tg4-docs.s3.amazonaws.com\/wp-content\/uploads\/2024\/10\/01155545\/Sceim_Oiliuna_2024_Rannphairtaithe_1-1920x1080-1.jpg","twitter_site":"@TG4TV","twitter_misc":{"Est. reading time":"3 minutes"},"schema":{"@context":"https:\/\/schema.org","@graph":[{"@type":"WebPage","@id":"https:\/\/dev.tg4.ie\/ga\/eolas\/preas\/nuacht-raitis\/2024-2\/comhlachtai-o-ar-fud-na-tire-pairteach-i-sceim-oiliuna-sna-meain-ghaeilge-tg4-agus-udaras-na-gaeltachta\/","url":"https:\/\/dev.tg4.ie\/ga\/eolas\/preas\/nuacht-raitis\/2024-2\/comhlachtai-o-ar-fud-na-tire-pairteach-i-sceim-oiliuna-sna-meain-ghaeilge-tg4-agus-udaras-na-gaeltachta\/","name":"Comhlachta\u00ed \u00f3 ar fud na t\u00edre p\u00e1irteach i Sc\u00e9im Oili\u00fana sna Me\u00e1in Ghaeilge TG4 agus \u00dadar\u00e1s na Gaeltachta | Preas R\u00e1iteas | TG4","isPartOf":{"@id":"https:\/\/dev.tg4.ie\/en\/#website"},"primaryImageOfPage":{"@id":"https:\/\/dev.tg4.ie\/ga\/eolas\/preas\/nuacht-raitis\/2024-2\/comhlachtai-o-ar-fud-na-tire-pairteach-i-sceim-oiliuna-sna-meain-ghaeilge-tg4-agus-udaras-na-gaeltachta\/#primaryimage"},"image":{"@id":"https:\/\/dev.tg4.ie\/ga\/eolas\/preas\/nuacht-raitis\/2024-2\/comhlachtai-o-ar-fud-na-tire-pairteach-i-sceim-oiliuna-sna-meain-ghaeilge-tg4-agus-udaras-na-gaeltachta\/#primaryimage"},"thumbnailUrl":"https:\/\/dev.tg4.ie\/wp-content\/uploads\/2024\/10\/Sceim_Oiliuna_2024_Rannphairtaithe_1-1920x1080-1.jpg","datePublished":"2024-10-01T15:23:01+00:00","dateModified":"2024-10-01T15:23:01+00:00","description":"T\u00e1 an ceathr\u00fa bliain d\u00e1 Sc\u00e9im Oili\u00fana rath\u00fail, at\u00e1 d\u00edrithe ar dhaoine cumasacha a labhra\u00edonn Gaeilge a fhorbairt i dtionscal na me\u00e1n seolta ag TG4, \u00dadar\u00e1s na Gaeltachta agus earn\u00e1il na L\u00e9iri\u00fach\u00e1n Gaeilge.","breadcrumb":{"@id":"https:\/\/dev.tg4.ie\/ga\/eolas\/preas\/nuacht-raitis\/2024-2\/comhlachtai-o-ar-fud-na-tire-pairteach-i-sceim-oiliuna-sna-meain-ghaeilge-tg4-agus-udaras-na-gaeltachta\/#breadcrumb"},"inLanguage":"ga","potentialAction":[{"@type":"ReadAction","target":["https:\/\/dev.tg4.ie\/ga\/eolas\/preas\/nuacht-raitis\/2024-2\/comhlachtai-o-ar-fud-na-tire-pairteach-i-sceim-oiliuna-sna-meain-ghaeilge-tg4-agus-udaras-na-gaeltachta\/"]}]},{"@type":"ImageObject","inLanguage":"ga","@id":"https:\/\/dev.tg4.ie\/ga\/eolas\/preas\/nuacht-raitis\/2024-2\/comhlachtai-o-ar-fud-na-tire-pairteach-i-sceim-oiliuna-sna-meain-ghaeilge-tg4-agus-udaras-na-gaeltachta\/#primaryimage","url":"https:\/\/dev.tg4.ie\/wp-content\/uploads\/2024\/10\/Sceim_Oiliuna_2024_Rannphairtaithe_1-1920x1080-1.jpg","contentUrl":"https:\/\/dev.tg4.ie\/wp-content\/uploads\/2024\/10\/Sceim_Oiliuna_2024_Rannphairtaithe_1-1920x1080-1.jpg"},{"@type":"BreadcrumbList","@id":"https:\/\/dev.tg4.ie\/ga\/eolas\/preas\/nuacht-raitis\/2024-2\/comhlachtai-o-ar-fud-na-tire-pairteach-i-sceim-oiliuna-sna-meain-ghaeilge-tg4-agus-udaras-na-gaeltachta\/#breadcrumb","itemListElement":[{"@type":"ListItem","position":1,"name":"Home","item":"https:\/\/dev.tg4.ie\/ga\/"},{"@type":"ListItem","position":2,"name":"Eolas","item":"https:\/\/dev.tg4.ie\/ga\/eolas\/"},{"@type":"ListItem","position":3,"name":"Preas","item":"https:\/\/dev.tg4.ie\/ga\/eolas\/preas\/"},{"@type":"ListItem","position":4,"name":"Nuacht R\u00e1itis","item":"https:\/\/dev.tg4.ie\/ga\/eolas\/preas\/nuacht-raitis\/"},{"@type":"ListItem","position":5,"name":"2024","item":"https:\/\/dev.tg4.ie\/ga\/eolas\/preas\/nuacht-raitis\/2024-2\/"},{"@type":"ListItem","position":6,"name":"Comhlachta\u00ed \u00f3 ar fud na t\u00edre p\u00e1irteach i Sc\u00e9im Oili\u00fana sna Me\u00e1in Ghaeilge TG4 agus \u00dadar\u00e1s na Gaeltachta"}]},{"@type":"WebSite","@id":"https:\/\/dev.tg4.ie\/en\/#website","url":"https:\/\/dev.tg4.ie\/en\/","name":"TG4","description":"S\u00fail Eile","potentialAction":[{"@type":"SearchAction","target":{"@type":"EntryPoint","urlTemplate":"https:\/\/dev.tg4.ie\/en\/?s={search_term_string}"},"query-input":"required name=search_term_string"}],"inLanguage":"ga"}]}},"_links":{"self":[{"href":"https:\/\/dev.tg4.ie\/ga\/wp-json\/wp\/v2\/pages\/233086"}],"collection":[{"href":"https:\/\/dev.tg4.ie\/ga\/wp-json\/wp\/v2\/pages"}],"about":[{"href":"https:\/\/dev.tg4.ie\/ga\/wp-json\/wp\/v2\/types\/page"}],"author":[{"embeddable":true,"href":"https:\/\/dev.tg4.ie\/ga\/wp-json\/wp\/v2\/users\/876"}],"replies":[{"embeddable":true,"href":"https:\/\/dev.tg4.ie\/ga\/wp-json\/wp\/v2\/comments?post=233086"}],"version-history":[{"count":0,"href":"https:\/\/dev.tg4.ie\/ga\/wp-json\/wp\/v2\/pages\/233086\/revisions"}],"up":[{"embeddable":true,"href":"https:\/\/dev.tg4.ie\/ga\/wp-json\/wp\/v2\/pages\/208148"}],"wp:attachment":[{"href":"https:\/\/dev.tg4.ie\/ga\/wp-json\/wp\/v2\/media?parent=233086"}],"curies":[{"name":"wp","href":"https:\/\/api.w.org\/{rel}","templated":true}]}}