{"id":233669,"date":"2024-10-08T16:22:36","date_gmt":"2024-10-08T15:22:36","guid":{"rendered":"https:\/\/dev.tg4.ie\/?page_id=233669"},"modified":"2024-10-08T16:27:46","modified_gmt":"2024-10-08T15:27:46","slug":"li-ban-an-chead-sraith-anime-ghaeilge-faoi-thionchar-mhiotaseolaiocht-na-gceilteach-le-craoladh-den-chead-uair-ar-cula4","status":"publish","type":"page","link":"https:\/\/dev.tg4.ie\/ga\/eolas\/preas\/nuacht-raitis\/2024-2\/li-ban-an-chead-sraith-anime-ghaeilge-faoi-thionchar-mhiotaseolaiocht-na-gceilteach-le-craoladh-den-chead-uair-ar-cula4\/","title":{"rendered":"L\u00ed Ban: An Ch\u00e9ad Sraith Anime Ghaeilge faoi thionchar Mhiotaseola\u00edocht na gCeilteach le craoladh den ch\u00e9ad uair ar C\u00fala4"},"content":{"rendered":"<table>\n<tbody>\n<tr>\n<td width=\"33%\">\n  <img loading=\"lazy\" decoding=\"async\" width=\"1920\" height=\"1080\" src=\"https:\/\/tg4-docs.s3.amazonaws.com\/wp-content\/uploads\/2024\/10\/08161527\/Li_Ban_1-1920x1080-1.jpg\" alt=\"\" class=\"aligncenter size-full wp-image-233675\" srcset=\"https:\/\/tg4-docs.s3.amazonaws.com\/wp-content\/uploads\/2024\/10\/08161527\/Li_Ban_1-1920x1080-1.jpg 1920w, https:\/\/tg4-docs.s3.amazonaws.com\/wp-content\/uploads\/2024\/10\/08161527\/Li_Ban_1-1920x1080-1-250x141.jpg 250w, https:\/\/tg4-docs.s3.amazonaws.com\/wp-content\/uploads\/2024\/10\/08161527\/Li_Ban_1-1920x1080-1-700x394.jpg 700w, https:\/\/tg4-docs.s3.amazonaws.com\/wp-content\/uploads\/2024\/10\/08161527\/Li_Ban_1-1920x1080-1-252x141.jpg 252w, https:\/\/tg4-docs.s3.amazonaws.com\/wp-content\/uploads\/2024\/10\/08161527\/Li_Ban_1-1920x1080-1-1536x864.jpg 1536w, https:\/\/tg4-docs.s3.amazonaws.com\/wp-content\/uploads\/2024\/10\/08161527\/Li_Ban_1-1920x1080-1-120x68.jpg 120w\" sizes=\"(max-width: 1920px) 100vw, 1920px\" \/>\n<\/td>\n<td width=\"33%\">\n  <img loading=\"lazy\" decoding=\"async\" width=\"1920\" height=\"1080\" src=\"https:\/\/tg4-docs.s3.amazonaws.com\/wp-content\/uploads\/2024\/10\/08161530\/Li_Ban_2-1920x1080-1.jpg\" alt=\"\" class=\"aligncenter size-full wp-image-233676\" srcset=\"https:\/\/tg4-docs.s3.amazonaws.com\/wp-content\/uploads\/2024\/10\/08161530\/Li_Ban_2-1920x1080-1.jpg 1920w, https:\/\/tg4-docs.s3.amazonaws.com\/wp-content\/uploads\/2024\/10\/08161530\/Li_Ban_2-1920x1080-1-250x141.jpg 250w, https:\/\/tg4-docs.s3.amazonaws.com\/wp-content\/uploads\/2024\/10\/08161530\/Li_Ban_2-1920x1080-1-700x394.jpg 700w, https:\/\/tg4-docs.s3.amazonaws.com\/wp-content\/uploads\/2024\/10\/08161530\/Li_Ban_2-1920x1080-1-252x141.jpg 252w, https:\/\/tg4-docs.s3.amazonaws.com\/wp-content\/uploads\/2024\/10\/08161530\/Li_Ban_2-1920x1080-1-1536x864.jpg 1536w, https:\/\/tg4-docs.s3.amazonaws.com\/wp-content\/uploads\/2024\/10\/08161530\/Li_Ban_2-1920x1080-1-120x68.jpg 120w\" sizes=\"(max-width: 1920px) 100vw, 1920px\" \/>\n<\/td>\n<td width=\"33%\">\n  <img loading=\"lazy\" decoding=\"async\" width=\"1920\" height=\"1080\" src=\"https:\/\/tg4-docs.s3.amazonaws.com\/wp-content\/uploads\/2024\/10\/08161524\/Li_Ban_3-1920x1080-1.jpg\" alt=\"\" class=\"aligncenter size-full wp-image-233674\" srcset=\"https:\/\/tg4-docs.s3.amazonaws.com\/wp-content\/uploads\/2024\/10\/08161524\/Li_Ban_3-1920x1080-1.jpg 1920w, https:\/\/tg4-docs.s3.amazonaws.com\/wp-content\/uploads\/2024\/10\/08161524\/Li_Ban_3-1920x1080-1-250x141.jpg 250w, https:\/\/tg4-docs.s3.amazonaws.com\/wp-content\/uploads\/2024\/10\/08161524\/Li_Ban_3-1920x1080-1-700x394.jpg 700w, https:\/\/tg4-docs.s3.amazonaws.com\/wp-content\/uploads\/2024\/10\/08161524\/Li_Ban_3-1920x1080-1-252x141.jpg 252w, https:\/\/tg4-docs.s3.amazonaws.com\/wp-content\/uploads\/2024\/10\/08161524\/Li_Ban_3-1920x1080-1-1536x864.jpg 1536w, https:\/\/tg4-docs.s3.amazonaws.com\/wp-content\/uploads\/2024\/10\/08161524\/Li_Ban_3-1920x1080-1-120x68.jpg 120w\" sizes=\"(max-width: 1920px) 100vw, 1920px\" \/>\n<\/td>\n<\/tr>\n<\/tbody>\n<\/table>\n<p>&nbsp;<br \/>\n<center><strong>\u00d3g\u00e1nach Las\u00e1nta Amh\u00e1in. Cara D\u00edlis Amh\u00e1in.<br \/>\nTr\u00ed Ch\u00e9ad Bliain d&#8217;Eachtra\u00ed sna Farraig\u00ed Ceilteacha <\/strong><\/center><br \/>\n&nbsp;<br \/>\n<iframe loading=\"lazy\" width=\"560\" height=\"315\" src=\"https:\/\/www.youtube.com\/embed\/vyXiia0qshE?si=GK9i24W2-lJAKnHb\" title=\"YouTube video player\" frameborder=\"0\" allow=\"accelerometer; autoplay; clipboard-write; encrypted-media; gyroscope; picture-in-picture; web-share\" referrerpolicy=\"strict-origin-when-cross-origin\" allowfullscreen><\/iframe><br \/>\n&nbsp;<br \/>\nSeolfar L\u00ed Ban, sraith anime eachtra\u00edochta mhearshi\u00falach do ph\u00e1ist\u00ed faoi thionchar mhiotaseola\u00edocht na gCeilteach de chuid Paper Owl Films ar TG4 in \u00c9irinn agus i mBreatnais ar S4C sa Bhreatain Bheag an 15 Deireadh F\u00f3mhair 2024.<br \/>\n&nbsp;<br \/>\nCraolfar an tsraith nua 13 cl\u00e1r 11 n\u00f3im\u00e9ad an ceann seo at\u00e1 d\u00edrithe ar ph\u00e1ist\u00ed idir 7 agus 9 mbliana, ach a mheallfaidh an teaghlach uilig, ag 4.20 p.m. ar C\u00fala4\/TG4 agus beidh na cl\u00e1racha ar fad ar f\u00e1il ar cula4.com. T\u00e1 Sadbh Breathnach (gl\u00f3r L\u00ed Ban) agus Jude Petticrew (gl\u00f3r Chon) i measc na n-aisteoir\u00ed.<br \/>\n&nbsp;<br \/>\nBeidh laochra iontacha, bithi\u00fanaigh fhinsc\u00e9alacha agus r\u00e9altacht at\u00e1 fite fuaite i ndra\u00edocht na gCeilteach i gcro\u00edl\u00e1r eachtra\u00ed L\u00ed Ban, cail\u00edn d\u00e1na 12 bhliain d&#8217;aois. T\u00e1 na sc\u00e9alta seo ar chuid de na cinn is fi\u00e1ine at\u00e1 tugtha ag na gl\u00fanta Ceilteacha d\u00fainn. Bunaithe ar sc\u00e9alta at\u00e1 chomh sean leis na domhain agus na clada\u00ed a mh\u00fanlaigh iad, \u00e9ir\u00edonn le L\u00ed Ban roinnt freagra\u00ed a fh\u00e1il le linn a haistir, c\u00e9 go n-arda\u00edonn roinnt de na freagra\u00ed sin tuilleadh ceisteanna.<br \/>\n&nbsp;<br \/>\nAnois agus iad iompaithe isteach ina Maighdean Mhara agus Dobhr\u00e1n Mara, caitheann L\u00ed Ban agus a madra d\u00edlis Con na c\u00e9adta bliain ag dianchuardach r\u00edochta\u00ed faoi thoinn as na bhfinsc\u00e9alta Ceilteacha. Buailfidh siad le d\u00e9ithe, arrachtaigh, fathaigh agus daoine glice ar an mbealach agus iad ar th\u00f3ir freagra\u00ed.<br \/>\n&nbsp;<br \/>\nC\u00e9 a scrios a baile? Cad chuige ar claochla\u00edodh \u00ed? Agus c\u00e9 h\u00ed f\u00e9in i nd\u00e1ir\u00edre? Tabharfaidh siad faoi aistear s\u00edora\u00ed tr\u00ed cheartl\u00e1r an domhain \u00e1rsa Cheiltigh isteach i sc\u00e9alta faoi am agus \u00e1it a bh\u00ed ligthe i ndearmad, beagnach.<br \/>\n&nbsp;<br \/>\nT\u00e1 freagra\u00ed \u00f3 L\u00ed Ban. Tugann a t\u00f3ra\u00edocht a fhad le Manann\u00e1n, Dia na Mara, \u00ed ach le gach freagra tagann tuilleadh ceisteanna. De r\u00e9ir mar a th\u00e9ann an t-aistear ar aghaidh, feicfimid \u00ed ag f\u00e1s agus ag forbairt agus ag athr\u00fa \u00f3 bheith ina leanbh ceannd\u00e1na go dt\u00ed a bheith ina h\u00f3g\u00e1nach cr\u00f3ga tr\u00edna dtuigeann s\u00ed anois c\u00e9ard is br\u00ed i nd\u00e1ir\u00edre le teaghlach agus le L\u00ed Ban.<br \/>\n&nbsp;<br \/>\nDeir <strong>Gr\u00e1inne McGuinness, Sti\u00farth\u00f3ir Cruthaitheach Paper Owl Films<\/strong>: <em>\u201cDe bharr an \u00e9ilimh idirn\u00e1isi\u00fanta at\u00e1 ar sc\u00e9ala\u00edocht anime agus fantais\u00edochta, beidh suim ag an lucht f\u00e9achana \u00f3g 7\u20139 mbliana d\u2019aois sa sc\u00e9al seo faoi a bheith ag teacht in aois \u00f3 tharla iad f\u00e9in a bheith ar thairseach na h\u00f3g\u00e1ntachta. Rachaidh sc\u00e9al \u00e1rsa Ceilteach L\u00ed Ban i bhfeidhm ar ph\u00e1ist\u00ed ar fud an domhain, at\u00e1 iad f\u00e9in ag streachailt lena n-\u00e1it ar an saol seo a fh\u00e1il amach, mar a bh\u00ed  L\u00ed Ban \u00ed f\u00e9in sa saol eile na c\u00e9adta bliain \u00f3 shin.\u201d<\/em><br \/>\n&nbsp;<br \/>\nBa mhian le <strong>Siobh\u00e1n N\u00ed Bhr\u00e1daigh, Eagarth\u00f3ir Coimisi\u00fanaithe Daoine \u00d3ga C\u00fala4 &#038; TG4<\/strong> comhghairdeas a dh\u00e9anamh le Paper Owl agus le gach duine a raibh baint acu le L\u00ed Ban. <em>\u201cT\u00e1 an-\u00e1thas orainn an tsraith \u00e1lainn seo faoi thionchar mhiotaseola\u00edocht na gCeilteach a chur i l\u00e1thair lucht f\u00e9achana C\u00fala4 an f\u00f3mhar seo. N\u00edl aon amhras ach go mbeidh \u00e1r lucht f\u00e9achana faoi gheasa ag L\u00ed Ban agus Con agus iad ag tumadh i sc\u00e9alta a bheidh \u00e1 n-insint go deo agus iad ag d\u00e9anamh a mbealaigh tr\u00ed mhist\u00e9ir\u00ed na bhfarraig\u00ed Ceilteacha.\u201d<\/em><br \/>\n&nbsp;<\/p>\n<p>Is iad TG4 agus S4C a choimisi\u00fanaigh L\u00ed Ban agus l\u00e9ir\u00edodh an tsraith le c\u00fanamh maoinithe \u00f3 Choimisi\u00fan na Me\u00e1n agus \u00f3 Chiste Craolt\u00f3ireachta Gaeilge Sc\u00e1ile\u00e1n Thuaisceart \u00c9ireann. An comhlacht beochana Aardman a dh\u00e1ilfidh an tsraith go hidirn\u00e1isi\u00fanta.<br \/>\n&nbsp;<br \/>\nD\u00fairt <strong>\u00c1ine Walsh, Ceannasa\u00ed Chiste Craolt\u00f3ireachta Gaeilge Sc\u00e1ile\u00e1n Thuaisceart \u00c9ireann<\/strong>: <em>\u201cIs sampla gal\u00e1nta \u00e9 L\u00ed Ban den d\u00f3igh a dtig linn \u00e1r dteangacha agus \u00e1r n-oidhreacht choiteann Cheilteach a phl\u00e9 agus a cheili\u00faradh tr\u00ed she\u00e1nra \u00farnua, mar at\u00e1 anime Ceilteach.  T\u00e1 s\u00e9 mar thosa\u00edocht againn taca\u00edocht a thabhairt d\u2019\u00e1bhar beochana nua, scr\u00edofa i nGaeilge, agus t\u00e1imid cinnte go mbainfidh an lucht f\u00e9achana \u00f3g sult as L\u00ed Ban agus Con a fheice\u00e1il agus iad ag tabhairt na sc\u00e9alta \u00e1rsa seo a fhad len\u00e1r sc\u00e1ile\u00e1in.\u201d<\/em><br \/>\n&nbsp;<br \/>\nDeir <strong>Robin Gladman, Ceannasa\u00ed \u00c9ad\u00e1lacha Aardman<\/strong>: <em>\u201cT\u00e1 l\u00fach\u00e1ir orainn a bheith ag d\u00e1ileadh L\u00ed Ban do Paper Owl agus t\u00e1 muid ag d\u00fail go m\u00f3r leis an sc\u00e9al Ceilteach seo a bhfuil buaine ag baint leis a chur i l\u00e1thair an domhain, at\u00e1 s\u00e1rchurtha le ch\u00e9ile do lucht f\u00e9achana domhanda an lae inniu.\u201d<\/em>  <\/p>\n<p>&nbsp;<\/p>\n<p>&nbsp;<\/p>\n<p>&nbsp;<\/p>\n","protected":false},"excerpt":{"rendered":"<p>&nbsp; \u00d3g\u00e1nach Las\u00e1nta Amh\u00e1in. Cara D\u00edlis Amh\u00e1in. Tr\u00ed Ch\u00e9ad Bliain d&#8217;Eachtra\u00ed sna Farraig\u00ed Ceilteacha &nbsp; &nbsp; Seolfar L\u00ed Ban, sraith anime eachtra\u00edochta mhearshi\u00falach do ph\u00e1ist\u00ed faoi thionchar mhiotaseola\u00edocht na gCeilteach de chuid Paper Owl Films ar TG4 in \u00c9irinn agus i mBreatnais ar S4C sa Bhreatain Bheag an 15 Deireadh F\u00f3mhair 2024. &nbsp; Craolfar an [&hellip;]<\/p>\n","protected":false},"author":876,"featured_media":0,"parent":208148,"menu_order":32,"comment_status":"closed","ping_status":"closed","template":"page-templates\/template-pr.php","meta":{"_acf_changed":false,"footnotes":""},"acf":[],"yoast_head":"<!-- This site is optimized with the Yoast SEO plugin v22.6 - https:\/\/yoast.com\/wordpress\/plugins\/seo\/ -->\n<title>L\u00ed Ban: An Ch\u00e9ad Sraith Anime Ghaeilge faoi thionchar Mhiotaseola\u00edocht na gCeilteach le craoladh den ch\u00e9ad uair ar C\u00fala4 | Preas R\u00e1iteas | TG4<\/title>\n<meta name=\"description\" content=\"Seolfar L\u00ed Ban, sraith anime eachtra\u00edochta mhearshi\u00falach do ph\u00e1ist\u00ed faoi thionchar mhiotaseola\u00edocht na gCeilteach de chuid Paper Owl Films ar TG4 in \u00c9irinn agus i mBreatnais ar S4C sa Bhreatain Bheag an 15 Deireadh F\u00f3mhair 2024.\" \/>\n<meta name=\"robots\" content=\"index, follow, max-snippet:-1, max-image-preview:large, max-video-preview:-1\" \/>\n<meta property=\"og:locale\" content=\"en_US\" \/>\n<meta property=\"og:type\" content=\"article\" \/>\n<meta property=\"og:title\" content=\"L\u00ed Ban: An Ch\u00e9ad Sraith Anime Ghaeilge faoi thionchar Mhiotaseola\u00edocht na gCeilteach le craoladh den ch\u00e9ad uair ar C\u00fala4 | Preas R\u00e1iteas | TG4\" \/>\n<meta property=\"og:description\" content=\"Seolfar L\u00ed Ban, sraith anime eachtra\u00edochta mhearshi\u00falach do ph\u00e1ist\u00ed faoi thionchar mhiotaseola\u00edocht na gCeilteach de chuid Paper Owl Films ar TG4 in \u00c9irinn agus i mBreatnais ar S4C sa Bhreatain Bheag an 15 Deireadh F\u00f3mhair 2024.\" \/>\n<meta property=\"og:url\" content=\"https:\/\/dev.tg4.ie\/ga\/eolas\/preas\/nuacht-raitis\/2024-2\/li-ban-an-chead-sraith-anime-ghaeilge-faoi-thionchar-mhiotaseolaiocht-na-gceilteach-le-craoladh-den-chead-uair-ar-cula4\/\" \/>\n<meta property=\"og:site_name\" content=\"TG4\" \/>\n<meta property=\"article:publisher\" content=\"https:\/\/www.facebook.com\/TG4TV\" \/>\n<meta property=\"article:modified_time\" content=\"2024-10-08T15:27:46+00:00\" \/>\n<meta property=\"og:image\" content=\"https:\/\/tg4-docs.s3.amazonaws.com\/wp-content\/uploads\/2024\/10\/08161527\/Li_Ban_1-1920x1080-1.jpg\" \/>\n\t<meta property=\"og:image:width\" content=\"1920\" \/>\n\t<meta property=\"og:image:height\" content=\"1080\" \/>\n\t<meta property=\"og:image:type\" content=\"image\/jpeg\" \/>\n<meta name=\"twitter:card\" content=\"summary_large_image\" \/>\n<meta name=\"twitter:image\" content=\"https:\/\/tg4-docs.s3.amazonaws.com\/wp-content\/uploads\/2024\/10\/08161527\/Li_Ban_1-1920x1080-1.jpg\" \/>\n<meta name=\"twitter:site\" content=\"@TG4TV\" \/>\n<meta name=\"twitter:label1\" content=\"Est. reading time\" \/>\n\t<meta name=\"twitter:data1\" content=\"4 minutes\" \/>\n<script type=\"application\/ld+json\" class=\"yoast-schema-graph\">{\"@context\":\"https:\/\/schema.org\",\"@graph\":[{\"@type\":\"WebPage\",\"@id\":\"https:\/\/dev.tg4.ie\/ga\/eolas\/preas\/nuacht-raitis\/2024-2\/li-ban-an-chead-sraith-anime-ghaeilge-faoi-thionchar-mhiotaseolaiocht-na-gceilteach-le-craoladh-den-chead-uair-ar-cula4\/\",\"url\":\"https:\/\/dev.tg4.ie\/ga\/eolas\/preas\/nuacht-raitis\/2024-2\/li-ban-an-chead-sraith-anime-ghaeilge-faoi-thionchar-mhiotaseolaiocht-na-gceilteach-le-craoladh-den-chead-uair-ar-cula4\/\",\"name\":\"L\u00ed Ban: An Ch\u00e9ad Sraith Anime Ghaeilge faoi thionchar Mhiotaseola\u00edocht na gCeilteach le craoladh den ch\u00e9ad uair ar C\u00fala4 | Preas R\u00e1iteas | TG4\",\"isPartOf\":{\"@id\":\"https:\/\/dev.tg4.ie\/en\/#website\"},\"primaryImageOfPage\":{\"@id\":\"https:\/\/dev.tg4.ie\/ga\/eolas\/preas\/nuacht-raitis\/2024-2\/li-ban-an-chead-sraith-anime-ghaeilge-faoi-thionchar-mhiotaseolaiocht-na-gceilteach-le-craoladh-den-chead-uair-ar-cula4\/#primaryimage\"},\"image\":{\"@id\":\"https:\/\/dev.tg4.ie\/ga\/eolas\/preas\/nuacht-raitis\/2024-2\/li-ban-an-chead-sraith-anime-ghaeilge-faoi-thionchar-mhiotaseolaiocht-na-gceilteach-le-craoladh-den-chead-uair-ar-cula4\/#primaryimage\"},\"thumbnailUrl\":\"https:\/\/dev.tg4.ie\/wp-content\/uploads\/2024\/10\/Li_Ban_1-1920x1080-1.jpg\",\"datePublished\":\"2024-10-08T15:22:36+00:00\",\"dateModified\":\"2024-10-08T15:27:46+00:00\",\"description\":\"Seolfar L\u00ed Ban, sraith anime eachtra\u00edochta mhearshi\u00falach do ph\u00e1ist\u00ed faoi thionchar mhiotaseola\u00edocht na gCeilteach de chuid Paper Owl Films ar TG4 in \u00c9irinn agus i mBreatnais ar S4C sa Bhreatain Bheag an 15 Deireadh F\u00f3mhair 2024.\",\"breadcrumb\":{\"@id\":\"https:\/\/dev.tg4.ie\/ga\/eolas\/preas\/nuacht-raitis\/2024-2\/li-ban-an-chead-sraith-anime-ghaeilge-faoi-thionchar-mhiotaseolaiocht-na-gceilteach-le-craoladh-den-chead-uair-ar-cula4\/#breadcrumb\"},\"inLanguage\":\"ga\",\"potentialAction\":[{\"@type\":\"ReadAction\",\"target\":[\"https:\/\/dev.tg4.ie\/ga\/eolas\/preas\/nuacht-raitis\/2024-2\/li-ban-an-chead-sraith-anime-ghaeilge-faoi-thionchar-mhiotaseolaiocht-na-gceilteach-le-craoladh-den-chead-uair-ar-cula4\/\"]}]},{\"@type\":\"ImageObject\",\"inLanguage\":\"ga\",\"@id\":\"https:\/\/dev.tg4.ie\/ga\/eolas\/preas\/nuacht-raitis\/2024-2\/li-ban-an-chead-sraith-anime-ghaeilge-faoi-thionchar-mhiotaseolaiocht-na-gceilteach-le-craoladh-den-chead-uair-ar-cula4\/#primaryimage\",\"url\":\"https:\/\/dev.tg4.ie\/wp-content\/uploads\/2024\/10\/Li_Ban_1-1920x1080-1.jpg\",\"contentUrl\":\"https:\/\/dev.tg4.ie\/wp-content\/uploads\/2024\/10\/Li_Ban_1-1920x1080-1.jpg\"},{\"@type\":\"BreadcrumbList\",\"@id\":\"https:\/\/dev.tg4.ie\/ga\/eolas\/preas\/nuacht-raitis\/2024-2\/li-ban-an-chead-sraith-anime-ghaeilge-faoi-thionchar-mhiotaseolaiocht-na-gceilteach-le-craoladh-den-chead-uair-ar-cula4\/#breadcrumb\",\"itemListElement\":[{\"@type\":\"ListItem\",\"position\":1,\"name\":\"Home\",\"item\":\"https:\/\/dev.tg4.ie\/ga\/\"},{\"@type\":\"ListItem\",\"position\":2,\"name\":\"Eolas\",\"item\":\"https:\/\/dev.tg4.ie\/ga\/eolas\/\"},{\"@type\":\"ListItem\",\"position\":3,\"name\":\"Preas\",\"item\":\"https:\/\/dev.tg4.ie\/ga\/eolas\/preas\/\"},{\"@type\":\"ListItem\",\"position\":4,\"name\":\"Nuacht R\u00e1itis\",\"item\":\"https:\/\/dev.tg4.ie\/ga\/eolas\/preas\/nuacht-raitis\/\"},{\"@type\":\"ListItem\",\"position\":5,\"name\":\"2024\",\"item\":\"https:\/\/dev.tg4.ie\/ga\/eolas\/preas\/nuacht-raitis\/2024-2\/\"},{\"@type\":\"ListItem\",\"position\":6,\"name\":\"L\u00ed Ban: An Ch\u00e9ad Sraith Anime Ghaeilge faoi thionchar Mhiotaseola\u00edocht na gCeilteach le craoladh den ch\u00e9ad uair ar C\u00fala4\"}]},{\"@type\":\"WebSite\",\"@id\":\"https:\/\/dev.tg4.ie\/en\/#website\",\"url\":\"https:\/\/dev.tg4.ie\/en\/\",\"name\":\"TG4\",\"description\":\"S\u00fail Eile\",\"potentialAction\":[{\"@type\":\"SearchAction\",\"target\":{\"@type\":\"EntryPoint\",\"urlTemplate\":\"https:\/\/dev.tg4.ie\/en\/?s={search_term_string}\"},\"query-input\":\"required name=search_term_string\"}],\"inLanguage\":\"ga\"}]}<\/script>\n<!-- \/ Yoast SEO plugin. -->","yoast_head_json":{"title":"L\u00ed Ban: An Ch\u00e9ad Sraith Anime Ghaeilge faoi thionchar Mhiotaseola\u00edocht na gCeilteach le craoladh den ch\u00e9ad uair ar C\u00fala4 | Preas R\u00e1iteas | TG4","description":"Seolfar L\u00ed Ban, sraith anime eachtra\u00edochta mhearshi\u00falach do ph\u00e1ist\u00ed faoi thionchar mhiotaseola\u00edocht na gCeilteach de chuid Paper Owl Films ar TG4 in \u00c9irinn agus i mBreatnais ar S4C sa Bhreatain Bheag an 15 Deireadh F\u00f3mhair 2024.","robots":{"index":"index","follow":"follow","max-snippet":"max-snippet:-1","max-image-preview":"max-image-preview:large","max-video-preview":"max-video-preview:-1"},"og_locale":"en_US","og_type":"article","og_title":"L\u00ed Ban: An Ch\u00e9ad Sraith Anime Ghaeilge faoi thionchar Mhiotaseola\u00edocht na gCeilteach le craoladh den ch\u00e9ad uair ar C\u00fala4 | Preas R\u00e1iteas | TG4","og_description":"Seolfar L\u00ed Ban, sraith anime eachtra\u00edochta mhearshi\u00falach do ph\u00e1ist\u00ed faoi thionchar mhiotaseola\u00edocht na gCeilteach de chuid Paper Owl Films ar TG4 in \u00c9irinn agus i mBreatnais ar S4C sa Bhreatain Bheag an 15 Deireadh F\u00f3mhair 2024.","og_url":"https:\/\/dev.tg4.ie\/ga\/eolas\/preas\/nuacht-raitis\/2024-2\/li-ban-an-chead-sraith-anime-ghaeilge-faoi-thionchar-mhiotaseolaiocht-na-gceilteach-le-craoladh-den-chead-uair-ar-cula4\/","og_site_name":"TG4","article_publisher":"https:\/\/www.facebook.com\/TG4TV","article_modified_time":"2024-10-08T15:27:46+00:00","og_image":[{"width":1920,"height":1080,"url":"https:\/\/tg4-docs.s3.amazonaws.com\/wp-content\/uploads\/2024\/10\/08161527\/Li_Ban_1-1920x1080-1.jpg","type":"image\/jpeg"}],"twitter_card":"summary_large_image","twitter_image":"https:\/\/tg4-docs.s3.amazonaws.com\/wp-content\/uploads\/2024\/10\/08161527\/Li_Ban_1-1920x1080-1.jpg","twitter_site":"@TG4TV","twitter_misc":{"Est. reading time":"4 minutes"},"schema":{"@context":"https:\/\/schema.org","@graph":[{"@type":"WebPage","@id":"https:\/\/dev.tg4.ie\/ga\/eolas\/preas\/nuacht-raitis\/2024-2\/li-ban-an-chead-sraith-anime-ghaeilge-faoi-thionchar-mhiotaseolaiocht-na-gceilteach-le-craoladh-den-chead-uair-ar-cula4\/","url":"https:\/\/dev.tg4.ie\/ga\/eolas\/preas\/nuacht-raitis\/2024-2\/li-ban-an-chead-sraith-anime-ghaeilge-faoi-thionchar-mhiotaseolaiocht-na-gceilteach-le-craoladh-den-chead-uair-ar-cula4\/","name":"L\u00ed Ban: An Ch\u00e9ad Sraith Anime Ghaeilge faoi thionchar Mhiotaseola\u00edocht na gCeilteach le craoladh den ch\u00e9ad uair ar C\u00fala4 | Preas R\u00e1iteas | TG4","isPartOf":{"@id":"https:\/\/dev.tg4.ie\/en\/#website"},"primaryImageOfPage":{"@id":"https:\/\/dev.tg4.ie\/ga\/eolas\/preas\/nuacht-raitis\/2024-2\/li-ban-an-chead-sraith-anime-ghaeilge-faoi-thionchar-mhiotaseolaiocht-na-gceilteach-le-craoladh-den-chead-uair-ar-cula4\/#primaryimage"},"image":{"@id":"https:\/\/dev.tg4.ie\/ga\/eolas\/preas\/nuacht-raitis\/2024-2\/li-ban-an-chead-sraith-anime-ghaeilge-faoi-thionchar-mhiotaseolaiocht-na-gceilteach-le-craoladh-den-chead-uair-ar-cula4\/#primaryimage"},"thumbnailUrl":"https:\/\/dev.tg4.ie\/wp-content\/uploads\/2024\/10\/Li_Ban_1-1920x1080-1.jpg","datePublished":"2024-10-08T15:22:36+00:00","dateModified":"2024-10-08T15:27:46+00:00","description":"Seolfar L\u00ed Ban, sraith anime eachtra\u00edochta mhearshi\u00falach do ph\u00e1ist\u00ed faoi thionchar mhiotaseola\u00edocht na gCeilteach de chuid Paper Owl Films ar TG4 in \u00c9irinn agus i mBreatnais ar S4C sa Bhreatain Bheag an 15 Deireadh F\u00f3mhair 2024.","breadcrumb":{"@id":"https:\/\/dev.tg4.ie\/ga\/eolas\/preas\/nuacht-raitis\/2024-2\/li-ban-an-chead-sraith-anime-ghaeilge-faoi-thionchar-mhiotaseolaiocht-na-gceilteach-le-craoladh-den-chead-uair-ar-cula4\/#breadcrumb"},"inLanguage":"ga","potentialAction":[{"@type":"ReadAction","target":["https:\/\/dev.tg4.ie\/ga\/eolas\/preas\/nuacht-raitis\/2024-2\/li-ban-an-chead-sraith-anime-ghaeilge-faoi-thionchar-mhiotaseolaiocht-na-gceilteach-le-craoladh-den-chead-uair-ar-cula4\/"]}]},{"@type":"ImageObject","inLanguage":"ga","@id":"https:\/\/dev.tg4.ie\/ga\/eolas\/preas\/nuacht-raitis\/2024-2\/li-ban-an-chead-sraith-anime-ghaeilge-faoi-thionchar-mhiotaseolaiocht-na-gceilteach-le-craoladh-den-chead-uair-ar-cula4\/#primaryimage","url":"https:\/\/dev.tg4.ie\/wp-content\/uploads\/2024\/10\/Li_Ban_1-1920x1080-1.jpg","contentUrl":"https:\/\/dev.tg4.ie\/wp-content\/uploads\/2024\/10\/Li_Ban_1-1920x1080-1.jpg"},{"@type":"BreadcrumbList","@id":"https:\/\/dev.tg4.ie\/ga\/eolas\/preas\/nuacht-raitis\/2024-2\/li-ban-an-chead-sraith-anime-ghaeilge-faoi-thionchar-mhiotaseolaiocht-na-gceilteach-le-craoladh-den-chead-uair-ar-cula4\/#breadcrumb","itemListElement":[{"@type":"ListItem","position":1,"name":"Home","item":"https:\/\/dev.tg4.ie\/ga\/"},{"@type":"ListItem","position":2,"name":"Eolas","item":"https:\/\/dev.tg4.ie\/ga\/eolas\/"},{"@type":"ListItem","position":3,"name":"Preas","item":"https:\/\/dev.tg4.ie\/ga\/eolas\/preas\/"},{"@type":"ListItem","position":4,"name":"Nuacht R\u00e1itis","item":"https:\/\/dev.tg4.ie\/ga\/eolas\/preas\/nuacht-raitis\/"},{"@type":"ListItem","position":5,"name":"2024","item":"https:\/\/dev.tg4.ie\/ga\/eolas\/preas\/nuacht-raitis\/2024-2\/"},{"@type":"ListItem","position":6,"name":"L\u00ed Ban: An Ch\u00e9ad Sraith Anime Ghaeilge faoi thionchar Mhiotaseola\u00edocht na gCeilteach le craoladh den ch\u00e9ad uair ar C\u00fala4"}]},{"@type":"WebSite","@id":"https:\/\/dev.tg4.ie\/en\/#website","url":"https:\/\/dev.tg4.ie\/en\/","name":"TG4","description":"S\u00fail Eile","potentialAction":[{"@type":"SearchAction","target":{"@type":"EntryPoint","urlTemplate":"https:\/\/dev.tg4.ie\/en\/?s={search_term_string}"},"query-input":"required name=search_term_string"}],"inLanguage":"ga"}]}},"_links":{"self":[{"href":"https:\/\/dev.tg4.ie\/ga\/wp-json\/wp\/v2\/pages\/233669"}],"collection":[{"href":"https:\/\/dev.tg4.ie\/ga\/wp-json\/wp\/v2\/pages"}],"about":[{"href":"https:\/\/dev.tg4.ie\/ga\/wp-json\/wp\/v2\/types\/page"}],"author":[{"embeddable":true,"href":"https:\/\/dev.tg4.ie\/ga\/wp-json\/wp\/v2\/users\/876"}],"replies":[{"embeddable":true,"href":"https:\/\/dev.tg4.ie\/ga\/wp-json\/wp\/v2\/comments?post=233669"}],"version-history":[{"count":0,"href":"https:\/\/dev.tg4.ie\/ga\/wp-json\/wp\/v2\/pages\/233669\/revisions"}],"up":[{"embeddable":true,"href":"https:\/\/dev.tg4.ie\/ga\/wp-json\/wp\/v2\/pages\/208148"}],"wp:attachment":[{"href":"https:\/\/dev.tg4.ie\/ga\/wp-json\/wp\/v2\/media?parent=233669"}],"curies":[{"name":"wp","href":"https:\/\/api.w.org\/{rel}","templated":true}]}}