{"id":233740,"date":"2024-10-10T14:45:59","date_gmt":"2024-10-10T13:45:59","guid":{"rendered":"https:\/\/dev.tg4.ie\/?page_id=233740"},"modified":"2024-10-10T14:45:59","modified_gmt":"2024-10-10T13:45:59","slug":"siobhan-ni-bhradaigh-eagarthoir-coimisiunaithe-feidhmeannach-ceannachan-tg4-cula4-roghnaithe-ina-moltoir-do-ghradaim-kidscreen-2025","status":"publish","type":"page","link":"https:\/\/dev.tg4.ie\/ga\/eolas\/preas\/nuacht-raitis\/2024-2\/siobhan-ni-bhradaigh-eagarthoir-coimisiunaithe-feidhmeannach-ceannachan-tg4-cula4-roghnaithe-ina-moltoir-do-ghradaim-kidscreen-2025\/","title":{"rendered":"Siobh\u00e1n N\u00ed Bhr\u00e1daigh, Eagarth\u00f3ir Coimisi\u00fanaithe &#038; Feidhmeannach Ceannach\u00e1n TG4 \/ C\u00fala4, Roghnaithe ina Molt\u00f3ir do Ghradaim Kidscreen 2025"},"content":{"rendered":"<table>\n<tbody>\n<tr>\n<td width=\"50%\">\n  <img loading=\"lazy\" decoding=\"async\" width=\"1920\" height=\"1080\" src=\"https:\/\/tg4-docs.s3.amazonaws.com\/wp-content\/uploads\/2024\/10\/10143438\/Siobhan_Ni_Bhradaigh_1-1920x1080-1.jpg\" alt=\"\" class=\"aligncenter size-full wp-image-233742\" srcset=\"https:\/\/tg4-docs.s3.amazonaws.com\/wp-content\/uploads\/2024\/10\/10143438\/Siobhan_Ni_Bhradaigh_1-1920x1080-1.jpg 1920w, https:\/\/tg4-docs.s3.amazonaws.com\/wp-content\/uploads\/2024\/10\/10143438\/Siobhan_Ni_Bhradaigh_1-1920x1080-1-250x141.jpg 250w, https:\/\/tg4-docs.s3.amazonaws.com\/wp-content\/uploads\/2024\/10\/10143438\/Siobhan_Ni_Bhradaigh_1-1920x1080-1-700x394.jpg 700w, https:\/\/tg4-docs.s3.amazonaws.com\/wp-content\/uploads\/2024\/10\/10143438\/Siobhan_Ni_Bhradaigh_1-1920x1080-1-252x141.jpg 252w, https:\/\/tg4-docs.s3.amazonaws.com\/wp-content\/uploads\/2024\/10\/10143438\/Siobhan_Ni_Bhradaigh_1-1920x1080-1-1536x864.jpg 1536w, https:\/\/tg4-docs.s3.amazonaws.com\/wp-content\/uploads\/2024\/10\/10143438\/Siobhan_Ni_Bhradaigh_1-1920x1080-1-120x68.jpg 120w\" sizes=\"(max-width: 1920px) 100vw, 1920px\" \/>\n<\/td>\n<td width=\"50%\">\n  <img loading=\"lazy\" decoding=\"async\" width=\"1280\" height=\"720\" src=\"https:\/\/tg4-docs.s3.amazonaws.com\/wp-content\/uploads\/2024\/10\/10144035\/KidScreenAwards2024_1-1280x720-1.jpg\" alt=\"\" class=\"aligncenter size-full wp-image-233744\" srcset=\"https:\/\/tg4-docs.s3.amazonaws.com\/wp-content\/uploads\/2024\/10\/10144035\/KidScreenAwards2024_1-1280x720-1.jpg 1280w, https:\/\/tg4-docs.s3.amazonaws.com\/wp-content\/uploads\/2024\/10\/10144035\/KidScreenAwards2024_1-1280x720-1-250x141.jpg 250w, https:\/\/tg4-docs.s3.amazonaws.com\/wp-content\/uploads\/2024\/10\/10144035\/KidScreenAwards2024_1-1280x720-1-700x394.jpg 700w, https:\/\/tg4-docs.s3.amazonaws.com\/wp-content\/uploads\/2024\/10\/10144035\/KidScreenAwards2024_1-1280x720-1-252x141.jpg 252w, https:\/\/tg4-docs.s3.amazonaws.com\/wp-content\/uploads\/2024\/10\/10144035\/KidScreenAwards2024_1-1280x720-1-120x68.jpg 120w\" sizes=\"(max-width: 1280px) 100vw, 1280px\" \/>\n<\/td>\n<\/tr>\n<\/tbody>\n<\/table>\n<p>&nbsp;<\/p>\n<p>T\u00e1 r\u00edm\u00e9ad ar TG4 a fh\u00f3gairt go bhfuil Siobh\u00e1n N\u00ed Bhr\u00e1daigh, Eagarth\u00f3ir Coimisi\u00fanaithe agus Feidhmeannach Ceannach\u00e1n ar \u00c1bhar do Leana\u00ed TG4 agus C\u00fala4, roghnaithe ina molt\u00f3ir do na gradaim m\u00f3r le r\u00e1, Gradaim Kidscreen 2025. Is l\u00e9iri\u00fa \u00e9 an roghn\u00fach\u00e1n seo ar shaineolas agus ar cheannaireacht Shiobh\u00e1n i gcl\u00e1rsceideal\u00fa do leana\u00ed agus i gcruth\u00fa \u00e1bhair ar an ard\u00e1n idirn\u00e1isi\u00fanta.<br \/>\n&nbsp;<br \/>\nT\u00e1 Gradaim Kidscreen go m\u00f3r i mb\u00e9al an phobail mar ch\u00e9ili\u00faradh ar bharr feabhais in \u00e1bhar do leana\u00ed a thugann aitheantas do sh\u00e1r-shaothar teilif\u00edse agus s\u00e1r-shaothar me\u00e1n digiteach a mheallann leana\u00ed agus teaghlaigh fud fad an domhain agus a dh\u00e9anann siamsa d\u00f3ibh. Seo \u00ed an 16\u00fa bliain an chl\u00e1ir Gradaim Kidscreen a spreagann n\u00edos m\u00f3 n\u00e1 500 iontr\u00e1il gach bliain ar fud na cruinne, a chuims\u00edonn breis agus 50 catag\u00f3ir i r\u00e9ims\u00ed an chl\u00e1irsceidealaithe, na craolt\u00f3ireachta agus na me\u00e1n digiteach.<br \/>\n&nbsp;<br \/>\nF\u00f3gr\u00f3far na buaiteoir\u00ed ag searmanas bronnta m\u00f3r le r\u00e1 a re\u00e1cht\u00e1lfar le linn Chruinni\u00fa Mullaigh Kidscreen 2025, a bheidh ar si\u00fal idir 9-12 Feabhra in San Diego. Is \u00e9 an cruinni\u00fa mullaigh seo an \u00f3c\u00e1id bhliant\u00fail is m\u00f3 do thionscal na siamsa\u00edochta do leana\u00ed ar domhan agus tugann s\u00e9 le ch\u00e9ile m\u00f3rchruthaitheoir\u00ed, m\u00f3rl\u00e9iritheoir\u00ed agus m\u00f3rdh\u00e1ileoir\u00ed chun aitheantas agus \u00f3m\u00f3s a thabhairt do sh\u00e1r\u00e9achta\u00ed in \u00e1bhar leana\u00ed.<br \/>\n&nbsp;<br \/>\nChuir <strong>Shiobh\u00e1n N\u00ed Bhr\u00e1daigh<\/strong> a cuid sceitim\u00edn\u00ed in i\u00fal faoi bheith p\u00e1irteach ar phain\u00e9al na molt\u00f3ir\u00ed iomr\u00e1iteacha ag r\u00e1, <em>\u201cIs on\u00f3ir dom a bheith ar phain\u00e9al molt\u00f3ireachta Ghradam Kidscreen i mbliana. Is deis iontach \u00e9 an t-imeacht seo chun cruthaitheacht agus nu\u00e1la\u00edocht i gcl\u00e1rsceideal\u00fa do leana\u00ed fud fad an domhain a ch\u00e9ili\u00faradh agus t\u00e1 m\u00e9 ar b\u00eds cuidi\u00fa le haitheantas a thabhairt do dhaoine a bhfuil f\u00edordhifr\u00edocht \u00e1 d\u00e9anamh acu i saol an lucht f\u00e9achana \u00f3ig.\u201d<\/em><br \/>\n&nbsp;<br \/>\nMar chuid den r\u00f3l at\u00e1 aici i TG4 agus i C\u00fala4, b\u00edonn ar Shiobh\u00e1n \u00e1bhar ar ardchaighde\u00e1n a mb\u00edonn ceangal ag lucht f\u00e9achana \u00f3g leis a roghn\u00fa agus a choimisi\u00fan\u00fa, talann \u00far a choth\u00fa agus sc\u00e9alta \u00e9ags\u00fala a chur chun cinn. L\u00e9ir\u00edonn a rannph\u00e1irt\u00edocht i bpr\u00f3is\u00e9as molt\u00f3ireachta Ghradaim Kidscreen go bhfuil TG4 tiomanta do bharr feabhais i me\u00e1in chumars\u00e1ide na leana\u00ed agus an tionchar lean\u00fanach at\u00e1 aige ar fud an domhain.<\/p>\n<p>&nbsp;<\/p>\n<p>&nbsp;<\/p>\n<p>&nbsp;<\/p>\n","protected":false},"excerpt":{"rendered":"<p>&nbsp; T\u00e1 r\u00edm\u00e9ad ar TG4 a fh\u00f3gairt go bhfuil Siobh\u00e1n N\u00ed Bhr\u00e1daigh, Eagarth\u00f3ir Coimisi\u00fanaithe agus Feidhmeannach Ceannach\u00e1n ar \u00c1bhar do Leana\u00ed TG4 agus C\u00fala4, roghnaithe ina molt\u00f3ir do na gradaim m\u00f3r le r\u00e1, Gradaim Kidscreen 2025. Is l\u00e9iri\u00fa \u00e9 an roghn\u00fach\u00e1n seo ar shaineolas agus ar cheannaireacht Shiobh\u00e1n i gcl\u00e1rsceideal\u00fa do leana\u00ed agus i gcruth\u00fa [&hellip;]<\/p>\n","protected":false},"author":876,"featured_media":0,"parent":208148,"menu_order":33,"comment_status":"closed","ping_status":"closed","template":"page-templates\/template-pr.php","meta":{"_acf_changed":false,"footnotes":""},"acf":[],"yoast_head":"<!-- This site is optimized with the Yoast SEO plugin v22.6 - https:\/\/yoast.com\/wordpress\/plugins\/seo\/ -->\n<title>Siobh\u00e1n N\u00ed Bhr\u00e1daigh, Eagarth\u00f3ir Coimisi\u00fanaithe &amp; Feidhmeannach Ceannach\u00e1n TG4 \/ C\u00fala4, Roghnaithe ina Molt\u00f3ir do Ghradaim Kidscreen 2025 | Preas R\u00e1iteas | TG4<\/title>\n<meta name=\"description\" content=\"T\u00e1 r\u00edm\u00e9ad ar TG4 a fh\u00f3gairt go bhfuil Siobh\u00e1n N\u00ed Bhr\u00e1daigh, Eagarth\u00f3ir Coimisi\u00fanaithe agus Feidhmeannach Ceannach\u00e1n ar \u00c1bhar do Leana\u00ed TG4 agus C\u00fala4, roghnaithe ina molt\u00f3ir do na gradaim m\u00f3r le r\u00e1, Gradaim Kidscreen 2025.\" \/>\n<meta name=\"robots\" content=\"index, follow, max-snippet:-1, max-image-preview:large, max-video-preview:-1\" \/>\n<meta property=\"og:locale\" content=\"en_US\" \/>\n<meta property=\"og:type\" content=\"article\" \/>\n<meta property=\"og:title\" content=\"Siobh\u00e1n N\u00ed Bhr\u00e1daigh, Eagarth\u00f3ir Coimisi\u00fanaithe &amp; Feidhmeannach Ceannach\u00e1n TG4 \/ C\u00fala4, Roghnaithe ina Molt\u00f3ir do Ghradaim Kidscreen 2025 | Preas R\u00e1iteas | TG4\" \/>\n<meta property=\"og:description\" content=\"T\u00e1 r\u00edm\u00e9ad ar TG4 a fh\u00f3gairt go bhfuil Siobh\u00e1n N\u00ed Bhr\u00e1daigh, Eagarth\u00f3ir Coimisi\u00fanaithe agus Feidhmeannach Ceannach\u00e1n ar \u00c1bhar do Leana\u00ed TG4 agus C\u00fala4, roghnaithe ina molt\u00f3ir do na gradaim m\u00f3r le r\u00e1, Gradaim Kidscreen 2025.\" \/>\n<meta property=\"og:url\" content=\"https:\/\/dev.tg4.ie\/ga\/eolas\/preas\/nuacht-raitis\/2024-2\/siobhan-ni-bhradaigh-eagarthoir-coimisiunaithe-feidhmeannach-ceannachan-tg4-cula4-roghnaithe-ina-moltoir-do-ghradaim-kidscreen-2025\/\" \/>\n<meta property=\"og:site_name\" content=\"TG4\" \/>\n<meta property=\"article:publisher\" content=\"https:\/\/www.facebook.com\/TG4TV\" \/>\n<meta property=\"og:image\" content=\"https:\/\/tg4-docs.s3.amazonaws.com\/wp-content\/uploads\/2024\/10\/10143438\/Siobhan_Ni_Bhradaigh_1-1920x1080-1.jpg\" \/>\n\t<meta property=\"og:image:width\" content=\"1920\" \/>\n\t<meta property=\"og:image:height\" content=\"1080\" \/>\n\t<meta property=\"og:image:type\" content=\"image\/jpeg\" \/>\n<meta name=\"twitter:card\" content=\"summary_large_image\" \/>\n<meta name=\"twitter:image\" content=\"https:\/\/tg4-docs.s3.amazonaws.com\/wp-content\/uploads\/2024\/10\/10143438\/Siobhan_Ni_Bhradaigh_1-1920x1080-1.jpg\" \/>\n<meta name=\"twitter:site\" content=\"@TG4TV\" \/>\n<meta name=\"twitter:label1\" content=\"Est. reading time\" \/>\n\t<meta name=\"twitter:data1\" content=\"2 minutes\" \/>\n<script type=\"application\/ld+json\" class=\"yoast-schema-graph\">{\"@context\":\"https:\/\/schema.org\",\"@graph\":[{\"@type\":\"WebPage\",\"@id\":\"https:\/\/dev.tg4.ie\/ga\/eolas\/preas\/nuacht-raitis\/2024-2\/siobhan-ni-bhradaigh-eagarthoir-coimisiunaithe-feidhmeannach-ceannachan-tg4-cula4-roghnaithe-ina-moltoir-do-ghradaim-kidscreen-2025\/\",\"url\":\"https:\/\/dev.tg4.ie\/ga\/eolas\/preas\/nuacht-raitis\/2024-2\/siobhan-ni-bhradaigh-eagarthoir-coimisiunaithe-feidhmeannach-ceannachan-tg4-cula4-roghnaithe-ina-moltoir-do-ghradaim-kidscreen-2025\/\",\"name\":\"Siobh\u00e1n N\u00ed Bhr\u00e1daigh, Eagarth\u00f3ir Coimisi\u00fanaithe & Feidhmeannach Ceannach\u00e1n TG4 \/ C\u00fala4, Roghnaithe ina Molt\u00f3ir do Ghradaim Kidscreen 2025 | Preas R\u00e1iteas | TG4\",\"isPartOf\":{\"@id\":\"https:\/\/dev.tg4.ie\/en\/#website\"},\"primaryImageOfPage\":{\"@id\":\"https:\/\/dev.tg4.ie\/ga\/eolas\/preas\/nuacht-raitis\/2024-2\/siobhan-ni-bhradaigh-eagarthoir-coimisiunaithe-feidhmeannach-ceannachan-tg4-cula4-roghnaithe-ina-moltoir-do-ghradaim-kidscreen-2025\/#primaryimage\"},\"image\":{\"@id\":\"https:\/\/dev.tg4.ie\/ga\/eolas\/preas\/nuacht-raitis\/2024-2\/siobhan-ni-bhradaigh-eagarthoir-coimisiunaithe-feidhmeannach-ceannachan-tg4-cula4-roghnaithe-ina-moltoir-do-ghradaim-kidscreen-2025\/#primaryimage\"},\"thumbnailUrl\":\"https:\/\/dev.tg4.ie\/wp-content\/uploads\/2024\/10\/Siobhan_Ni_Bhradaigh_1-1920x1080-1.jpg\",\"datePublished\":\"2024-10-10T13:45:59+00:00\",\"dateModified\":\"2024-10-10T13:45:59+00:00\",\"description\":\"T\u00e1 r\u00edm\u00e9ad ar TG4 a fh\u00f3gairt go bhfuil Siobh\u00e1n N\u00ed Bhr\u00e1daigh, Eagarth\u00f3ir Coimisi\u00fanaithe agus Feidhmeannach Ceannach\u00e1n ar \u00c1bhar do Leana\u00ed TG4 agus C\u00fala4, roghnaithe ina molt\u00f3ir do na gradaim m\u00f3r le r\u00e1, Gradaim Kidscreen 2025.\",\"breadcrumb\":{\"@id\":\"https:\/\/dev.tg4.ie\/ga\/eolas\/preas\/nuacht-raitis\/2024-2\/siobhan-ni-bhradaigh-eagarthoir-coimisiunaithe-feidhmeannach-ceannachan-tg4-cula4-roghnaithe-ina-moltoir-do-ghradaim-kidscreen-2025\/#breadcrumb\"},\"inLanguage\":\"ga\",\"potentialAction\":[{\"@type\":\"ReadAction\",\"target\":[\"https:\/\/dev.tg4.ie\/ga\/eolas\/preas\/nuacht-raitis\/2024-2\/siobhan-ni-bhradaigh-eagarthoir-coimisiunaithe-feidhmeannach-ceannachan-tg4-cula4-roghnaithe-ina-moltoir-do-ghradaim-kidscreen-2025\/\"]}]},{\"@type\":\"ImageObject\",\"inLanguage\":\"ga\",\"@id\":\"https:\/\/dev.tg4.ie\/ga\/eolas\/preas\/nuacht-raitis\/2024-2\/siobhan-ni-bhradaigh-eagarthoir-coimisiunaithe-feidhmeannach-ceannachan-tg4-cula4-roghnaithe-ina-moltoir-do-ghradaim-kidscreen-2025\/#primaryimage\",\"url\":\"https:\/\/dev.tg4.ie\/wp-content\/uploads\/2024\/10\/Siobhan_Ni_Bhradaigh_1-1920x1080-1.jpg\",\"contentUrl\":\"https:\/\/dev.tg4.ie\/wp-content\/uploads\/2024\/10\/Siobhan_Ni_Bhradaigh_1-1920x1080-1.jpg\"},{\"@type\":\"BreadcrumbList\",\"@id\":\"https:\/\/dev.tg4.ie\/ga\/eolas\/preas\/nuacht-raitis\/2024-2\/siobhan-ni-bhradaigh-eagarthoir-coimisiunaithe-feidhmeannach-ceannachan-tg4-cula4-roghnaithe-ina-moltoir-do-ghradaim-kidscreen-2025\/#breadcrumb\",\"itemListElement\":[{\"@type\":\"ListItem\",\"position\":1,\"name\":\"Home\",\"item\":\"https:\/\/dev.tg4.ie\/ga\/\"},{\"@type\":\"ListItem\",\"position\":2,\"name\":\"Eolas\",\"item\":\"https:\/\/dev.tg4.ie\/ga\/eolas\/\"},{\"@type\":\"ListItem\",\"position\":3,\"name\":\"Preas\",\"item\":\"https:\/\/dev.tg4.ie\/ga\/eolas\/preas\/\"},{\"@type\":\"ListItem\",\"position\":4,\"name\":\"Nuacht R\u00e1itis\",\"item\":\"https:\/\/dev.tg4.ie\/ga\/eolas\/preas\/nuacht-raitis\/\"},{\"@type\":\"ListItem\",\"position\":5,\"name\":\"2024\",\"item\":\"https:\/\/dev.tg4.ie\/ga\/eolas\/preas\/nuacht-raitis\/2024-2\/\"},{\"@type\":\"ListItem\",\"position\":6,\"name\":\"Siobh\u00e1n N\u00ed Bhr\u00e1daigh, Eagarth\u00f3ir Coimisi\u00fanaithe &#038; Feidhmeannach Ceannach\u00e1n TG4 \/ C\u00fala4, Roghnaithe ina Molt\u00f3ir do Ghradaim Kidscreen 2025\"}]},{\"@type\":\"WebSite\",\"@id\":\"https:\/\/dev.tg4.ie\/en\/#website\",\"url\":\"https:\/\/dev.tg4.ie\/en\/\",\"name\":\"TG4\",\"description\":\"S\u00fail Eile\",\"potentialAction\":[{\"@type\":\"SearchAction\",\"target\":{\"@type\":\"EntryPoint\",\"urlTemplate\":\"https:\/\/dev.tg4.ie\/en\/?s={search_term_string}\"},\"query-input\":\"required name=search_term_string\"}],\"inLanguage\":\"ga\"}]}<\/script>\n<!-- \/ Yoast SEO plugin. -->","yoast_head_json":{"title":"Siobh\u00e1n N\u00ed Bhr\u00e1daigh, Eagarth\u00f3ir Coimisi\u00fanaithe & Feidhmeannach Ceannach\u00e1n TG4 \/ C\u00fala4, Roghnaithe ina Molt\u00f3ir do Ghradaim Kidscreen 2025 | Preas R\u00e1iteas | TG4","description":"T\u00e1 r\u00edm\u00e9ad ar TG4 a fh\u00f3gairt go bhfuil Siobh\u00e1n N\u00ed Bhr\u00e1daigh, Eagarth\u00f3ir Coimisi\u00fanaithe agus Feidhmeannach Ceannach\u00e1n ar \u00c1bhar do Leana\u00ed TG4 agus C\u00fala4, roghnaithe ina molt\u00f3ir do na gradaim m\u00f3r le r\u00e1, Gradaim Kidscreen 2025.","robots":{"index":"index","follow":"follow","max-snippet":"max-snippet:-1","max-image-preview":"max-image-preview:large","max-video-preview":"max-video-preview:-1"},"og_locale":"en_US","og_type":"article","og_title":"Siobh\u00e1n N\u00ed Bhr\u00e1daigh, Eagarth\u00f3ir Coimisi\u00fanaithe & Feidhmeannach Ceannach\u00e1n TG4 \/ C\u00fala4, Roghnaithe ina Molt\u00f3ir do Ghradaim Kidscreen 2025 | Preas R\u00e1iteas | TG4","og_description":"T\u00e1 r\u00edm\u00e9ad ar TG4 a fh\u00f3gairt go bhfuil Siobh\u00e1n N\u00ed Bhr\u00e1daigh, Eagarth\u00f3ir Coimisi\u00fanaithe agus Feidhmeannach Ceannach\u00e1n ar \u00c1bhar do Leana\u00ed TG4 agus C\u00fala4, roghnaithe ina molt\u00f3ir do na gradaim m\u00f3r le r\u00e1, Gradaim Kidscreen 2025.","og_url":"https:\/\/dev.tg4.ie\/ga\/eolas\/preas\/nuacht-raitis\/2024-2\/siobhan-ni-bhradaigh-eagarthoir-coimisiunaithe-feidhmeannach-ceannachan-tg4-cula4-roghnaithe-ina-moltoir-do-ghradaim-kidscreen-2025\/","og_site_name":"TG4","article_publisher":"https:\/\/www.facebook.com\/TG4TV","og_image":[{"width":1920,"height":1080,"url":"https:\/\/tg4-docs.s3.amazonaws.com\/wp-content\/uploads\/2024\/10\/10143438\/Siobhan_Ni_Bhradaigh_1-1920x1080-1.jpg","type":"image\/jpeg"}],"twitter_card":"summary_large_image","twitter_image":"https:\/\/tg4-docs.s3.amazonaws.com\/wp-content\/uploads\/2024\/10\/10143438\/Siobhan_Ni_Bhradaigh_1-1920x1080-1.jpg","twitter_site":"@TG4TV","twitter_misc":{"Est. reading time":"2 minutes"},"schema":{"@context":"https:\/\/schema.org","@graph":[{"@type":"WebPage","@id":"https:\/\/dev.tg4.ie\/ga\/eolas\/preas\/nuacht-raitis\/2024-2\/siobhan-ni-bhradaigh-eagarthoir-coimisiunaithe-feidhmeannach-ceannachan-tg4-cula4-roghnaithe-ina-moltoir-do-ghradaim-kidscreen-2025\/","url":"https:\/\/dev.tg4.ie\/ga\/eolas\/preas\/nuacht-raitis\/2024-2\/siobhan-ni-bhradaigh-eagarthoir-coimisiunaithe-feidhmeannach-ceannachan-tg4-cula4-roghnaithe-ina-moltoir-do-ghradaim-kidscreen-2025\/","name":"Siobh\u00e1n N\u00ed Bhr\u00e1daigh, Eagarth\u00f3ir Coimisi\u00fanaithe & Feidhmeannach Ceannach\u00e1n TG4 \/ C\u00fala4, Roghnaithe ina Molt\u00f3ir do Ghradaim Kidscreen 2025 | Preas R\u00e1iteas | TG4","isPartOf":{"@id":"https:\/\/dev.tg4.ie\/en\/#website"},"primaryImageOfPage":{"@id":"https:\/\/dev.tg4.ie\/ga\/eolas\/preas\/nuacht-raitis\/2024-2\/siobhan-ni-bhradaigh-eagarthoir-coimisiunaithe-feidhmeannach-ceannachan-tg4-cula4-roghnaithe-ina-moltoir-do-ghradaim-kidscreen-2025\/#primaryimage"},"image":{"@id":"https:\/\/dev.tg4.ie\/ga\/eolas\/preas\/nuacht-raitis\/2024-2\/siobhan-ni-bhradaigh-eagarthoir-coimisiunaithe-feidhmeannach-ceannachan-tg4-cula4-roghnaithe-ina-moltoir-do-ghradaim-kidscreen-2025\/#primaryimage"},"thumbnailUrl":"https:\/\/dev.tg4.ie\/wp-content\/uploads\/2024\/10\/Siobhan_Ni_Bhradaigh_1-1920x1080-1.jpg","datePublished":"2024-10-10T13:45:59+00:00","dateModified":"2024-10-10T13:45:59+00:00","description":"T\u00e1 r\u00edm\u00e9ad ar TG4 a fh\u00f3gairt go bhfuil Siobh\u00e1n N\u00ed Bhr\u00e1daigh, Eagarth\u00f3ir Coimisi\u00fanaithe agus Feidhmeannach Ceannach\u00e1n ar \u00c1bhar do Leana\u00ed TG4 agus C\u00fala4, roghnaithe ina molt\u00f3ir do na gradaim m\u00f3r le r\u00e1, Gradaim Kidscreen 2025.","breadcrumb":{"@id":"https:\/\/dev.tg4.ie\/ga\/eolas\/preas\/nuacht-raitis\/2024-2\/siobhan-ni-bhradaigh-eagarthoir-coimisiunaithe-feidhmeannach-ceannachan-tg4-cula4-roghnaithe-ina-moltoir-do-ghradaim-kidscreen-2025\/#breadcrumb"},"inLanguage":"ga","potentialAction":[{"@type":"ReadAction","target":["https:\/\/dev.tg4.ie\/ga\/eolas\/preas\/nuacht-raitis\/2024-2\/siobhan-ni-bhradaigh-eagarthoir-coimisiunaithe-feidhmeannach-ceannachan-tg4-cula4-roghnaithe-ina-moltoir-do-ghradaim-kidscreen-2025\/"]}]},{"@type":"ImageObject","inLanguage":"ga","@id":"https:\/\/dev.tg4.ie\/ga\/eolas\/preas\/nuacht-raitis\/2024-2\/siobhan-ni-bhradaigh-eagarthoir-coimisiunaithe-feidhmeannach-ceannachan-tg4-cula4-roghnaithe-ina-moltoir-do-ghradaim-kidscreen-2025\/#primaryimage","url":"https:\/\/dev.tg4.ie\/wp-content\/uploads\/2024\/10\/Siobhan_Ni_Bhradaigh_1-1920x1080-1.jpg","contentUrl":"https:\/\/dev.tg4.ie\/wp-content\/uploads\/2024\/10\/Siobhan_Ni_Bhradaigh_1-1920x1080-1.jpg"},{"@type":"BreadcrumbList","@id":"https:\/\/dev.tg4.ie\/ga\/eolas\/preas\/nuacht-raitis\/2024-2\/siobhan-ni-bhradaigh-eagarthoir-coimisiunaithe-feidhmeannach-ceannachan-tg4-cula4-roghnaithe-ina-moltoir-do-ghradaim-kidscreen-2025\/#breadcrumb","itemListElement":[{"@type":"ListItem","position":1,"name":"Home","item":"https:\/\/dev.tg4.ie\/ga\/"},{"@type":"ListItem","position":2,"name":"Eolas","item":"https:\/\/dev.tg4.ie\/ga\/eolas\/"},{"@type":"ListItem","position":3,"name":"Preas","item":"https:\/\/dev.tg4.ie\/ga\/eolas\/preas\/"},{"@type":"ListItem","position":4,"name":"Nuacht R\u00e1itis","item":"https:\/\/dev.tg4.ie\/ga\/eolas\/preas\/nuacht-raitis\/"},{"@type":"ListItem","position":5,"name":"2024","item":"https:\/\/dev.tg4.ie\/ga\/eolas\/preas\/nuacht-raitis\/2024-2\/"},{"@type":"ListItem","position":6,"name":"Siobh\u00e1n N\u00ed Bhr\u00e1daigh, Eagarth\u00f3ir Coimisi\u00fanaithe &#038; Feidhmeannach Ceannach\u00e1n TG4 \/ C\u00fala4, Roghnaithe ina Molt\u00f3ir do Ghradaim Kidscreen 2025"}]},{"@type":"WebSite","@id":"https:\/\/dev.tg4.ie\/en\/#website","url":"https:\/\/dev.tg4.ie\/en\/","name":"TG4","description":"S\u00fail Eile","potentialAction":[{"@type":"SearchAction","target":{"@type":"EntryPoint","urlTemplate":"https:\/\/dev.tg4.ie\/en\/?s={search_term_string}"},"query-input":"required name=search_term_string"}],"inLanguage":"ga"}]}},"_links":{"self":[{"href":"https:\/\/dev.tg4.ie\/ga\/wp-json\/wp\/v2\/pages\/233740"}],"collection":[{"href":"https:\/\/dev.tg4.ie\/ga\/wp-json\/wp\/v2\/pages"}],"about":[{"href":"https:\/\/dev.tg4.ie\/ga\/wp-json\/wp\/v2\/types\/page"}],"author":[{"embeddable":true,"href":"https:\/\/dev.tg4.ie\/ga\/wp-json\/wp\/v2\/users\/876"}],"replies":[{"embeddable":true,"href":"https:\/\/dev.tg4.ie\/ga\/wp-json\/wp\/v2\/comments?post=233740"}],"version-history":[{"count":0,"href":"https:\/\/dev.tg4.ie\/ga\/wp-json\/wp\/v2\/pages\/233740\/revisions"}],"up":[{"embeddable":true,"href":"https:\/\/dev.tg4.ie\/ga\/wp-json\/wp\/v2\/pages\/208148"}],"wp:attachment":[{"href":"https:\/\/dev.tg4.ie\/ga\/wp-json\/wp\/v2\/media?parent=233740"}],"curies":[{"name":"wp","href":"https:\/\/api.w.org\/{rel}","templated":true}]}}