{"id":233948,"date":"2024-10-14T15:32:38","date_gmt":"2024-10-14T14:32:38","guid":{"rendered":"https:\/\/dev.tg4.ie\/?page_id=233948"},"modified":"2024-10-14T15:32:38","modified_gmt":"2024-10-14T14:32:38","slug":"tg4-chun-cluichi-leathcheannais-shraith-idirchuige-peile-clg-allianz-a-chraoladh","status":"publish","type":"page","link":"https:\/\/dev.tg4.ie\/ga\/eolas\/preas\/nuacht-raitis\/2024-2\/tg4-chun-cluichi-leathcheannais-shraith-idirchuige-peile-clg-allianz-a-chraoladh\/","title":{"rendered":"TG4 chun Cluich\u00ed Leathcheannais Shraith Idirch\u00faige Peile CLG Allianz a chraoladh"},"content":{"rendered":"<table>\n<tbody>\n<tr>\n<td width=\"100%\">\n  <img loading=\"lazy\" decoding=\"async\" width=\"1920\" height=\"1080\" src=\"https:\/\/tg4-docs.s3.amazonaws.com\/wp-content\/uploads\/2024\/10\/14152302\/Jim_Gavin_1-1920x1080-1.jpg\" alt=\"\" class=\"aligncenter size-full wp-image-233950\" srcset=\"https:\/\/tg4-docs.s3.amazonaws.com\/wp-content\/uploads\/2024\/10\/14152302\/Jim_Gavin_1-1920x1080-1.jpg 1920w, https:\/\/tg4-docs.s3.amazonaws.com\/wp-content\/uploads\/2024\/10\/14152302\/Jim_Gavin_1-1920x1080-1-250x141.jpg 250w, https:\/\/tg4-docs.s3.amazonaws.com\/wp-content\/uploads\/2024\/10\/14152302\/Jim_Gavin_1-1920x1080-1-700x394.jpg 700w, https:\/\/tg4-docs.s3.amazonaws.com\/wp-content\/uploads\/2024\/10\/14152302\/Jim_Gavin_1-1920x1080-1-252x141.jpg 252w, https:\/\/tg4-docs.s3.amazonaws.com\/wp-content\/uploads\/2024\/10\/14152302\/Jim_Gavin_1-1920x1080-1-1536x864.jpg 1536w, https:\/\/tg4-docs.s3.amazonaws.com\/wp-content\/uploads\/2024\/10\/14152302\/Jim_Gavin_1-1920x1080-1-120x68.jpg 120w\" sizes=\"(max-width: 1920px) 100vw, 1920px\" \/>\n<\/td>\n<\/tr>\n<\/tbody>\n<\/table>\n<p>&nbsp;<\/p>\n<p>T\u00e1 r\u00edm\u00e9ad ar TG4 a fh\u00f3gairt go mbeidh s\u00e9 ag craoladh Chluich\u00ed Leathcheannais Shraith Idirch\u00faige Peile CLG Allianz beo D\u00e9 hAoine an 18 Deireadh F\u00f3mhair. Tabharfar deis leis an tsraith seo don lucht taca\u00edochta <strong>na rialacha nua at\u00e1 beartaithe don Pheil Ghaelach<\/strong> a fheice\u00e1il ag obair, at\u00e1 tugtha isteach ag an gCoiste Athbhreithnithe Peile, a bhfuil Jim Gavin ina chathaoirleach air. Is \u00e9 seo an ch\u00e9ad uair a bheidh na hathruithe ar na rialacha at\u00e1 beartaithe \u00e1 dtaispe\u00e1int do lucht f\u00e9achana n\u00e1isi\u00fanta.<br \/>\n&nbsp;<br \/>\n\u00c1ir\u00edtear ar na hathruithe nu\u00e1lacha seo an \u201can cos go l\u00e1mh agus coinnigh ort\u201d, ina mbeidh imreoir\u00ed a bhfuil feall d\u00e9anta orthu \u00e1balta lean\u00faint orthu gan aon chic saor a th\u00f3g\u00e1il, ard\u00f3idh luach an ch\u00fail \u00f3 thr\u00ed phointe go dt\u00ed ceithre phointe, \u201c3\/3 Thuas\/Th\u00edos\u201d \u00e1it a mbeidh tri\u00far imreoir\u00ed ar laghad \u00f3n d\u00e1 fhoireann i gc\u00f3na\u00ed taobh istigh de gach l\u00edne 65 m\u00e9adar mar aon le hathruithe eile. Is f\u00e9idir liosta ioml\u00e1n de na hathruithe ar na rialacha a fh\u00e1il ar <a href=\"https:\/\/www.gaa.ie\/\" rel=\"noopener\" target=\"_blank\">gaa.ie<\/a>.<br \/>\n&nbsp;<br \/>\nAg labhairt d\u00f3 le Sp\u00f3rt TG4 D\u00e9ardaoin, d\u00fairt <strong>Jim Gavin<\/strong>: <em>\u201cBeidh na feabhsuithe at\u00e1 beartaithe do na rialacha \u00e1 gcur i bhfeidhm anseo i bP\u00e1irc an Chr\u00f3caigh i Sraith Idirch\u00faige Allianz a bheidh \u00e1 chraoladh ag TG4 D\u00e9 hAoine an 18 Deireadh F\u00f3mhair, ar l\u00e1 m\u00f3r t\u00e1bhachtach a bheidh ann do thabhairt chun cinn rialacha na Peile Gaela\u00ed. Beidh i bhfad n\u00edos m\u00f3 cic-phasanna, sc\u00f3ranna \u00f3 i bhfad amach, sc\u00f3r\u00e1il c\u00fal, gabh\u00e1il ard agus cruthaitheacht \u00f3 dhuine go duine. Is \u00e9ard a bheidh le feice\u00e1il ag duine ar bith a bheidh ag f\u00e9achaint ar GAA Beo an 18 Deireadh F\u00f3mhair cluiche tapa, fuinni\u00fail, iontach de Pheil Ghaelach. Beidh s\u00e9 ar fad ag breathn\u00fa an-n\u00e1d\u00fartha ach beidh go leor siamsa\u00edochta ann freisin.\u201d<\/em> Agallamh ioml\u00e1n ar f\u00e1il <a href=\"https:\/\/www.youtube.com\/watch?v=W9z4ajM5IUM\" rel=\"noopener\" target=\"_blank\">anseo<\/a>.<br \/>\n&nbsp;<br \/>\nCuirfear t\u00fas le cl\u00fadach TG4 ag 5:30 pm leis an gc\u00e9ad chluiche leathcheannais \u00e1 chraoladh ag 6:00 pm, nuair a thabharfaidh C\u00faige Laighean, faoi bhainist\u00edocht <strong>Dessie Dolan<\/strong>, aghaidh ar Ch\u00faige Chonnacht faoi sti\u00fair <strong>Ph\u00e1draic Joyce<\/strong>. Beidh an dara cluiche leathcheannais ar si\u00fal ag 8:00 pm, le C\u00faige Mumhan, faoi sti\u00fair <strong>John Cleary<\/strong>, ag tabhairt aghaidh ar fhoireann Uladh <strong>Kieran Donnelly<\/strong>. T\u00e1 liosta\u00ed na n-imreoir\u00ed, ar a mbeidh r\u00e9alta\u00ed \u00e9ags\u00fala idirch\u00faige, f\u00f3s le f\u00f3gairt.<br \/>\n&nbsp;<br \/>\n<strong>Sceideal TG4 D\u00e9 hAoine an 18 Deireadh F\u00f3mhair <\/strong><\/p>\n<ul>\n<li><strong>Cl\u00fadach TG4 ag Tos\u00fa<\/strong> \u2013 5:30 pm<\/li>\n<li><strong>C\u00faige Laighean v C\u00faige Chonnacht<\/strong> \u2013 6:00 pm<\/li>\n<li><strong>C\u00faige Mumhan v C\u00faige Uladh<\/strong> \u2013 8:00 pm<\/li>\n<\/ul>\n<p>&nbsp;<br \/>\nB\u00ed ag f\u00e9achaint ar TG4 D\u00e9 hAoine an 18 Deireadh F\u00f3mhair do thr\u00e1thn\u00f3na m\u00f3r iontach de scoth na Peile Gaela\u00ed, agus feicfidh sibh todhcha\u00ed an chluiche ag tarl\u00fa leis na hathruithe stairi\u00fala seo ar na rialacha \u00e1 gcur i bhfeidhm.<\/p>\n<p>&nbsp;<\/p>\n<p>&nbsp;<\/p>\n<p>&nbsp;<\/p>\n","protected":false},"excerpt":{"rendered":"<p>&nbsp; T\u00e1 r\u00edm\u00e9ad ar TG4 a fh\u00f3gairt go mbeidh s\u00e9 ag craoladh Chluich\u00ed Leathcheannais Shraith Idirch\u00faige Peile CLG Allianz beo D\u00e9 hAoine an 18 Deireadh F\u00f3mhair. Tabharfar deis leis an tsraith seo don lucht taca\u00edochta na rialacha nua at\u00e1 beartaithe don Pheil Ghaelach a fheice\u00e1il ag obair, at\u00e1 tugtha isteach ag an gCoiste Athbhreithnithe Peile, [&hellip;]<\/p>\n","protected":false},"author":876,"featured_media":0,"parent":208148,"menu_order":34,"comment_status":"closed","ping_status":"closed","template":"page-templates\/template-pr.php","meta":{"_acf_changed":false,"footnotes":""},"acf":[],"yoast_head":"<!-- This site is optimized with the Yoast SEO plugin v22.6 - https:\/\/yoast.com\/wordpress\/plugins\/seo\/ -->\n<title>TG4 chun Cluich\u00ed Leathcheannais Shraith Idirch\u00faige Peile CLG Allianz a chraoladh | Preas R\u00e1iteas | TG4<\/title>\n<meta name=\"description\" content=\"T\u00e1 r\u00edm\u00e9ad ar TG4 a fh\u00f3gairt go mbeidh s\u00e9 ag craoladh Chluich\u00ed Leathcheannais Shraith Idirch\u00faige Peile CLG Allianz beo D\u00e9 hAoine an 18 Deireadh F\u00f3mhair.\" \/>\n<meta name=\"robots\" content=\"index, follow, max-snippet:-1, max-image-preview:large, max-video-preview:-1\" \/>\n<meta property=\"og:locale\" content=\"en_US\" \/>\n<meta property=\"og:type\" content=\"article\" \/>\n<meta property=\"og:title\" content=\"TG4 chun Cluich\u00ed Leathcheannais Shraith Idirch\u00faige Peile CLG Allianz a chraoladh | Preas R\u00e1iteas | TG4\" \/>\n<meta property=\"og:description\" content=\"T\u00e1 r\u00edm\u00e9ad ar TG4 a fh\u00f3gairt go mbeidh s\u00e9 ag craoladh Chluich\u00ed Leathcheannais Shraith Idirch\u00faige Peile CLG Allianz beo D\u00e9 hAoine an 18 Deireadh F\u00f3mhair.\" \/>\n<meta property=\"og:url\" content=\"https:\/\/dev.tg4.ie\/ga\/eolas\/preas\/nuacht-raitis\/2024-2\/tg4-chun-cluichi-leathcheannais-shraith-idirchuige-peile-clg-allianz-a-chraoladh\/\" \/>\n<meta property=\"og:site_name\" content=\"TG4\" \/>\n<meta property=\"article:publisher\" content=\"https:\/\/www.facebook.com\/TG4TV\" \/>\n<meta property=\"og:image\" content=\"https:\/\/tg4-docs.s3.amazonaws.com\/wp-content\/uploads\/2024\/10\/14152302\/Jim_Gavin_1-1920x1080-1.jpg\" \/>\n\t<meta property=\"og:image:width\" content=\"1920\" \/>\n\t<meta property=\"og:image:height\" content=\"1080\" \/>\n\t<meta property=\"og:image:type\" content=\"image\/jpeg\" \/>\n<meta name=\"twitter:card\" content=\"summary_large_image\" \/>\n<meta name=\"twitter:image\" content=\"https:\/\/tg4-docs.s3.amazonaws.com\/wp-content\/uploads\/2024\/10\/14152302\/Jim_Gavin_1-1920x1080-1.jpg\" \/>\n<meta name=\"twitter:site\" content=\"@TG4TV\" \/>\n<meta name=\"twitter:label1\" content=\"Est. reading time\" \/>\n\t<meta name=\"twitter:data1\" content=\"3 minutes\" \/>\n<script type=\"application\/ld+json\" class=\"yoast-schema-graph\">{\"@context\":\"https:\/\/schema.org\",\"@graph\":[{\"@type\":\"WebPage\",\"@id\":\"https:\/\/dev.tg4.ie\/ga\/eolas\/preas\/nuacht-raitis\/2024-2\/tg4-chun-cluichi-leathcheannais-shraith-idirchuige-peile-clg-allianz-a-chraoladh\/\",\"url\":\"https:\/\/dev.tg4.ie\/ga\/eolas\/preas\/nuacht-raitis\/2024-2\/tg4-chun-cluichi-leathcheannais-shraith-idirchuige-peile-clg-allianz-a-chraoladh\/\",\"name\":\"TG4 chun Cluich\u00ed Leathcheannais Shraith Idirch\u00faige Peile CLG Allianz a chraoladh | Preas R\u00e1iteas | TG4\",\"isPartOf\":{\"@id\":\"https:\/\/dev.tg4.ie\/en\/#website\"},\"primaryImageOfPage\":{\"@id\":\"https:\/\/dev.tg4.ie\/ga\/eolas\/preas\/nuacht-raitis\/2024-2\/tg4-chun-cluichi-leathcheannais-shraith-idirchuige-peile-clg-allianz-a-chraoladh\/#primaryimage\"},\"image\":{\"@id\":\"https:\/\/dev.tg4.ie\/ga\/eolas\/preas\/nuacht-raitis\/2024-2\/tg4-chun-cluichi-leathcheannais-shraith-idirchuige-peile-clg-allianz-a-chraoladh\/#primaryimage\"},\"thumbnailUrl\":\"https:\/\/dev.tg4.ie\/wp-content\/uploads\/2024\/10\/Jim_Gavin_1-1920x1080-1.jpg\",\"datePublished\":\"2024-10-14T14:32:38+00:00\",\"dateModified\":\"2024-10-14T14:32:38+00:00\",\"description\":\"T\u00e1 r\u00edm\u00e9ad ar TG4 a fh\u00f3gairt go mbeidh s\u00e9 ag craoladh Chluich\u00ed Leathcheannais Shraith Idirch\u00faige Peile CLG Allianz beo D\u00e9 hAoine an 18 Deireadh F\u00f3mhair.\",\"breadcrumb\":{\"@id\":\"https:\/\/dev.tg4.ie\/ga\/eolas\/preas\/nuacht-raitis\/2024-2\/tg4-chun-cluichi-leathcheannais-shraith-idirchuige-peile-clg-allianz-a-chraoladh\/#breadcrumb\"},\"inLanguage\":\"ga\",\"potentialAction\":[{\"@type\":\"ReadAction\",\"target\":[\"https:\/\/dev.tg4.ie\/ga\/eolas\/preas\/nuacht-raitis\/2024-2\/tg4-chun-cluichi-leathcheannais-shraith-idirchuige-peile-clg-allianz-a-chraoladh\/\"]}]},{\"@type\":\"ImageObject\",\"inLanguage\":\"ga\",\"@id\":\"https:\/\/dev.tg4.ie\/ga\/eolas\/preas\/nuacht-raitis\/2024-2\/tg4-chun-cluichi-leathcheannais-shraith-idirchuige-peile-clg-allianz-a-chraoladh\/#primaryimage\",\"url\":\"https:\/\/dev.tg4.ie\/wp-content\/uploads\/2024\/10\/Jim_Gavin_1-1920x1080-1.jpg\",\"contentUrl\":\"https:\/\/dev.tg4.ie\/wp-content\/uploads\/2024\/10\/Jim_Gavin_1-1920x1080-1.jpg\"},{\"@type\":\"BreadcrumbList\",\"@id\":\"https:\/\/dev.tg4.ie\/ga\/eolas\/preas\/nuacht-raitis\/2024-2\/tg4-chun-cluichi-leathcheannais-shraith-idirchuige-peile-clg-allianz-a-chraoladh\/#breadcrumb\",\"itemListElement\":[{\"@type\":\"ListItem\",\"position\":1,\"name\":\"Home\",\"item\":\"https:\/\/dev.tg4.ie\/ga\/\"},{\"@type\":\"ListItem\",\"position\":2,\"name\":\"Eolas\",\"item\":\"https:\/\/dev.tg4.ie\/ga\/eolas\/\"},{\"@type\":\"ListItem\",\"position\":3,\"name\":\"Preas\",\"item\":\"https:\/\/dev.tg4.ie\/ga\/eolas\/preas\/\"},{\"@type\":\"ListItem\",\"position\":4,\"name\":\"Nuacht R\u00e1itis\",\"item\":\"https:\/\/dev.tg4.ie\/ga\/eolas\/preas\/nuacht-raitis\/\"},{\"@type\":\"ListItem\",\"position\":5,\"name\":\"2024\",\"item\":\"https:\/\/dev.tg4.ie\/ga\/eolas\/preas\/nuacht-raitis\/2024-2\/\"},{\"@type\":\"ListItem\",\"position\":6,\"name\":\"TG4 chun Cluich\u00ed Leathcheannais Shraith Idirch\u00faige Peile CLG Allianz a chraoladh\"}]},{\"@type\":\"WebSite\",\"@id\":\"https:\/\/dev.tg4.ie\/en\/#website\",\"url\":\"https:\/\/dev.tg4.ie\/en\/\",\"name\":\"TG4\",\"description\":\"S\u00fail Eile\",\"potentialAction\":[{\"@type\":\"SearchAction\",\"target\":{\"@type\":\"EntryPoint\",\"urlTemplate\":\"https:\/\/dev.tg4.ie\/en\/?s={search_term_string}\"},\"query-input\":\"required name=search_term_string\"}],\"inLanguage\":\"ga\"}]}<\/script>\n<!-- \/ Yoast SEO plugin. -->","yoast_head_json":{"title":"TG4 chun Cluich\u00ed Leathcheannais Shraith Idirch\u00faige Peile CLG Allianz a chraoladh | Preas R\u00e1iteas | TG4","description":"T\u00e1 r\u00edm\u00e9ad ar TG4 a fh\u00f3gairt go mbeidh s\u00e9 ag craoladh Chluich\u00ed Leathcheannais Shraith Idirch\u00faige Peile CLG Allianz beo D\u00e9 hAoine an 18 Deireadh F\u00f3mhair.","robots":{"index":"index","follow":"follow","max-snippet":"max-snippet:-1","max-image-preview":"max-image-preview:large","max-video-preview":"max-video-preview:-1"},"og_locale":"en_US","og_type":"article","og_title":"TG4 chun Cluich\u00ed Leathcheannais Shraith Idirch\u00faige Peile CLG Allianz a chraoladh | Preas R\u00e1iteas | TG4","og_description":"T\u00e1 r\u00edm\u00e9ad ar TG4 a fh\u00f3gairt go mbeidh s\u00e9 ag craoladh Chluich\u00ed Leathcheannais Shraith Idirch\u00faige Peile CLG Allianz beo D\u00e9 hAoine an 18 Deireadh F\u00f3mhair.","og_url":"https:\/\/dev.tg4.ie\/ga\/eolas\/preas\/nuacht-raitis\/2024-2\/tg4-chun-cluichi-leathcheannais-shraith-idirchuige-peile-clg-allianz-a-chraoladh\/","og_site_name":"TG4","article_publisher":"https:\/\/www.facebook.com\/TG4TV","og_image":[{"width":1920,"height":1080,"url":"https:\/\/tg4-docs.s3.amazonaws.com\/wp-content\/uploads\/2024\/10\/14152302\/Jim_Gavin_1-1920x1080-1.jpg","type":"image\/jpeg"}],"twitter_card":"summary_large_image","twitter_image":"https:\/\/tg4-docs.s3.amazonaws.com\/wp-content\/uploads\/2024\/10\/14152302\/Jim_Gavin_1-1920x1080-1.jpg","twitter_site":"@TG4TV","twitter_misc":{"Est. reading time":"3 minutes"},"schema":{"@context":"https:\/\/schema.org","@graph":[{"@type":"WebPage","@id":"https:\/\/dev.tg4.ie\/ga\/eolas\/preas\/nuacht-raitis\/2024-2\/tg4-chun-cluichi-leathcheannais-shraith-idirchuige-peile-clg-allianz-a-chraoladh\/","url":"https:\/\/dev.tg4.ie\/ga\/eolas\/preas\/nuacht-raitis\/2024-2\/tg4-chun-cluichi-leathcheannais-shraith-idirchuige-peile-clg-allianz-a-chraoladh\/","name":"TG4 chun Cluich\u00ed Leathcheannais Shraith Idirch\u00faige Peile CLG Allianz a chraoladh | Preas R\u00e1iteas | TG4","isPartOf":{"@id":"https:\/\/dev.tg4.ie\/en\/#website"},"primaryImageOfPage":{"@id":"https:\/\/dev.tg4.ie\/ga\/eolas\/preas\/nuacht-raitis\/2024-2\/tg4-chun-cluichi-leathcheannais-shraith-idirchuige-peile-clg-allianz-a-chraoladh\/#primaryimage"},"image":{"@id":"https:\/\/dev.tg4.ie\/ga\/eolas\/preas\/nuacht-raitis\/2024-2\/tg4-chun-cluichi-leathcheannais-shraith-idirchuige-peile-clg-allianz-a-chraoladh\/#primaryimage"},"thumbnailUrl":"https:\/\/dev.tg4.ie\/wp-content\/uploads\/2024\/10\/Jim_Gavin_1-1920x1080-1.jpg","datePublished":"2024-10-14T14:32:38+00:00","dateModified":"2024-10-14T14:32:38+00:00","description":"T\u00e1 r\u00edm\u00e9ad ar TG4 a fh\u00f3gairt go mbeidh s\u00e9 ag craoladh Chluich\u00ed Leathcheannais Shraith Idirch\u00faige Peile CLG Allianz beo D\u00e9 hAoine an 18 Deireadh F\u00f3mhair.","breadcrumb":{"@id":"https:\/\/dev.tg4.ie\/ga\/eolas\/preas\/nuacht-raitis\/2024-2\/tg4-chun-cluichi-leathcheannais-shraith-idirchuige-peile-clg-allianz-a-chraoladh\/#breadcrumb"},"inLanguage":"ga","potentialAction":[{"@type":"ReadAction","target":["https:\/\/dev.tg4.ie\/ga\/eolas\/preas\/nuacht-raitis\/2024-2\/tg4-chun-cluichi-leathcheannais-shraith-idirchuige-peile-clg-allianz-a-chraoladh\/"]}]},{"@type":"ImageObject","inLanguage":"ga","@id":"https:\/\/dev.tg4.ie\/ga\/eolas\/preas\/nuacht-raitis\/2024-2\/tg4-chun-cluichi-leathcheannais-shraith-idirchuige-peile-clg-allianz-a-chraoladh\/#primaryimage","url":"https:\/\/dev.tg4.ie\/wp-content\/uploads\/2024\/10\/Jim_Gavin_1-1920x1080-1.jpg","contentUrl":"https:\/\/dev.tg4.ie\/wp-content\/uploads\/2024\/10\/Jim_Gavin_1-1920x1080-1.jpg"},{"@type":"BreadcrumbList","@id":"https:\/\/dev.tg4.ie\/ga\/eolas\/preas\/nuacht-raitis\/2024-2\/tg4-chun-cluichi-leathcheannais-shraith-idirchuige-peile-clg-allianz-a-chraoladh\/#breadcrumb","itemListElement":[{"@type":"ListItem","position":1,"name":"Home","item":"https:\/\/dev.tg4.ie\/ga\/"},{"@type":"ListItem","position":2,"name":"Eolas","item":"https:\/\/dev.tg4.ie\/ga\/eolas\/"},{"@type":"ListItem","position":3,"name":"Preas","item":"https:\/\/dev.tg4.ie\/ga\/eolas\/preas\/"},{"@type":"ListItem","position":4,"name":"Nuacht R\u00e1itis","item":"https:\/\/dev.tg4.ie\/ga\/eolas\/preas\/nuacht-raitis\/"},{"@type":"ListItem","position":5,"name":"2024","item":"https:\/\/dev.tg4.ie\/ga\/eolas\/preas\/nuacht-raitis\/2024-2\/"},{"@type":"ListItem","position":6,"name":"TG4 chun Cluich\u00ed Leathcheannais Shraith Idirch\u00faige Peile CLG Allianz a chraoladh"}]},{"@type":"WebSite","@id":"https:\/\/dev.tg4.ie\/en\/#website","url":"https:\/\/dev.tg4.ie\/en\/","name":"TG4","description":"S\u00fail Eile","potentialAction":[{"@type":"SearchAction","target":{"@type":"EntryPoint","urlTemplate":"https:\/\/dev.tg4.ie\/en\/?s={search_term_string}"},"query-input":"required name=search_term_string"}],"inLanguage":"ga"}]}},"_links":{"self":[{"href":"https:\/\/dev.tg4.ie\/ga\/wp-json\/wp\/v2\/pages\/233948"}],"collection":[{"href":"https:\/\/dev.tg4.ie\/ga\/wp-json\/wp\/v2\/pages"}],"about":[{"href":"https:\/\/dev.tg4.ie\/ga\/wp-json\/wp\/v2\/types\/page"}],"author":[{"embeddable":true,"href":"https:\/\/dev.tg4.ie\/ga\/wp-json\/wp\/v2\/users\/876"}],"replies":[{"embeddable":true,"href":"https:\/\/dev.tg4.ie\/ga\/wp-json\/wp\/v2\/comments?post=233948"}],"version-history":[{"count":0,"href":"https:\/\/dev.tg4.ie\/ga\/wp-json\/wp\/v2\/pages\/233948\/revisions"}],"up":[{"embeddable":true,"href":"https:\/\/dev.tg4.ie\/ga\/wp-json\/wp\/v2\/pages\/208148"}],"wp:attachment":[{"href":"https:\/\/dev.tg4.ie\/ga\/wp-json\/wp\/v2\/media?parent=233948"}],"curies":[{"name":"wp","href":"https:\/\/api.w.org\/{rel}","templated":true}]}}