{"id":233986,"date":"2024-10-15T16:14:22","date_gmt":"2024-10-15T15:14:22","guid":{"rendered":"https:\/\/dev.tg4.ie\/?page_id=233986"},"modified":"2024-10-15T17:40:07","modified_gmt":"2024-10-15T16:40:07","slug":"tus-ceim-eile","status":"publish","type":"page","link":"https:\/\/dev.tg4.ie\/ga\/corporate\/traenail-forbairt\/tus-ceim-eile\/","title":{"rendered":"T\u00fas &#038; C\u00e9im Eile"},"content":{"rendered":"<h2 class=\"comm-headtitle\">T\u00fas &#038; C\u00e9im Eile<\/h2>\n<p><!--p class=\"comm-date\">Is \u00e9 3 i.n. D\u00e9 Luain an 9 Me\u00e1n F\u00f3mhair 2024 an d\u00e1ta deiridh a nglacfar le hiarratais don bhabhta seo<\/p-->\n<h2>1. T\u00fas<\/h2>\n<p><strong>Tionscnamh Scripteanna Gearrscann\u00e1n do Scr\u00edbhneoir\u00ed agus Cruthaitheoir\u00ed Nua as \u00c9irinn<br \/>\n(12 n\u00f3im\u00e9ad ar a mh\u00e9ad)<\/strong><br \/>\n&nbsp;<br \/>\nT\u00e1 TG4 agus F\u00eds \u00c9ireann i gcomhar leis an gCiste Craolt\u00f3ireachta Gaeilge, i ndiaidh chomh maith is a d\u2019\u00e9irigh leis an infheist\u00edocht a rinneadh i sc\u00e9im Forbartha Dr\u00e1ma\u00edochta Teilif\u00edse Cine4 agus TG4\/F\u00eds \u00c9ireann, chun glaoch a dh\u00e9anamh ar an gc\u00e9ad ghl\u00fain eile de scr\u00edbhneoir\u00ed cumasacha.<br \/>\n&nbsp;<br \/>\nIs \u00e9 aidhm an chomhthionscnaimh seo, \u2018T\u00fas\u2019 n\u00e1 dr\u00e1ma\u00edocht nua i nGaeilge a spreagadh, a choth\u00fa agus a chur chun cinn agus chun tac\u00fa le guthanna \u00e9ags\u00fala cruthaitheacha a bhfuil Gaeilge acu at\u00e1 ag c\u00e9im luath d\u00e1 ngairmeacha, lena n \u00e1ir\u00edtear cur chuige \u201cS\u00fail Eile\u201d. N\u00ed m\u00f3r d\u2019iarratas\u00f3ir\u00ed dul i mbun comhph\u00e1irt\u00edochta le comhlacht l\u00e9iri\u00fach\u00e1in a bhfuil taith\u00ed aige mar chuid den iarratas a bhfuil s\u00e9 d\u2019acmhainn acu an scann\u00e1n a thabhairt chun cr\u00edche sa ch\u00e9im forbartha agus sa ch\u00e9im l\u00e9irithe araon.<br \/>\n&nbsp;<br \/>\nT\u00e1thar ag s\u00fail go mbeidh tionchar ag na sc\u00e9alta seo ar an lucht f\u00e9achana n\u00e1isi\u00fanta anseo in \u00c9irinn agus ar an lucht f\u00e9achana domhanda araon agus go dtabharfaidh siad l\u00e9argas ar sc\u00e9ala\u00edocht nua agus \u00e9ags\u00fail, ar phobail nua agus \u00e9ags\u00fail agus ar shocha\u00ed na linne. Ba cheart do na dr\u00e1ma\u00ed a bhfuil scripteanna leo a bheith idir 10 agus 12 n\u00f3im\u00e9ad ar fad.<br \/>\n&nbsp;<br \/>\n<strong>Roghn\u00f3far suas le deich dtionscadal ar a mbronnfar buis\u00e9ad forbartha \u20ac6,000 an ceann orthu agus roinnfear iad le heagarth\u00f3ir scripte a dh\u00e9anfaidh meant\u00f3ireacht orthu le linn na forbartha.<br \/>\n&nbsp;<br \/>\nBronnfar \u20ac30,000 an ceann ar suas le tr\u00ed script gearrfhoirme as na deich gcinn a bheidh ar an ngearrliosta chun a scann\u00e1n a l\u00e9iri\u00fa.<\/strong><\/p>\n<p>&nbsp;<br \/>\n&nbsp;<\/p>\n<h2>2. C\u00e9im Eile<\/h2>\n<p><strong>Tionscnamh Scripteanna Gearrscann\u00e1n leathuaire do Scr\u00edbhneoir\u00ed agus Cruthaitheoir\u00ed Nua as \u00c9irinn<br \/>\n(25 &#8211; 30 n\u00f3im\u00e9ad)<\/strong><br \/>\n&nbsp;<br \/>\nT\u00e1 TG4 agus F\u00eds \u00c9ireann i gcomhar leis an gCiste Craolt\u00f3ireachta Gaeilge, i ndiaidh chomh maith is a d\u2019\u00e9irigh leis an infheist\u00edocht a rinneadh i sc\u00e9im Forbartha Dr\u00e1ma\u00edochta Teilif\u00edse Cine4 agus TG4\/F\u00eds \u00c9ireann, chun glaoch a dh\u00e9anamh ar an gc\u00e9ad ghl\u00fain eile de scr\u00edbhneoir\u00ed cumasacha.<br \/>\n&nbsp;<br \/>\nIs \u00e9 is aidhm leis an tionscnamh i gcomhar \u2018C\u00e9im Eile\u2019 n\u00e1 ugach a thabhairt do dhaoine cumasacha a bhfuil Gaeilge acu at\u00e1 ag teacht chun cinn. N\u00ed m\u00f3r cainteoir\u00ed l\u00edofa Gaeilge a dheimhni\u00fa in iarratais tionscadail. N\u00ed m\u00f3r d\u2019iarratas\u00f3ir\u00ed dul i mbun comhph\u00e1irt\u00edochta le dheimhni\u00fa in iarratais tionscadail. N\u00ed m\u00f3r d\u2019iarratas\u00f3ir\u00ed dul i mbun comhph\u00e1irt\u00edochta le comhlacht l\u00e9iri\u00fach\u00e1in a bhfuil taith\u00ed aige mar chuid den iarratas a bhfuil s\u00e9 d\u2019acmhainn acu comhlacht l\u00e9iri\u00fach\u00e1in a bhfuil taith\u00ed aige mar chuid den iarratas a bhfuil s\u00e9 d\u2019acmhainn acu an scann\u00e1n a thabhairt chun cr\u00edche sa ch\u00e9im forbartha agus sa ch\u00e9im l\u00e9irian scann\u00e1n a thabhairt chun cr\u00edche sa ch\u00e9im forbartha agus sa ch\u00e9im l\u00e9irithe araon.<br \/>\n&nbsp;<br \/>\nBa ch\u00f3ir do na sc\u00e9alta a bheith \u00e9ags\u00fail, nu\u00e1lach, uaillmhianach agus d\u00fashl\u00e1nach i dtaobh \u00e1bhair, st\u00edle agus cuir chuige.<br \/>\n&nbsp;<br \/>\n<strong>Roghn\u00f3far suas le hocht dtionscadal ar a mbronnfar buis\u00e9ad forbartha \u20ac15,000 an ceann orthu agus roinnfear iad le heagarth\u00f3ir scripte a dh\u00e9anfaidh an ceann orthu agus roinnfear iad le heagarth\u00f3ir scripte a dh\u00e9anfaidh meant\u00f3ireacht orthu le linn na forbartha.<br \/>\n&nbsp;<br \/>\nRoghn\u00f3far tr\u00ed thionscadal sa deireadh thiar le dul i mbun l\u00e9irithe a mbeidh buis\u00e9ad \u20ac100,000 an ceann i gceist leis.<\/strong><br \/>\n&nbsp;<\/p>\n<p><strong>Is \u00e9 pr\u00edomhaidhm an chiste:<\/strong><\/p>\n<ol>\n<li>Daoine cumasacha nua a spreagadh<\/li>\n<li>\u00c9ags\u00falacht, Cothromas &#038; Ionchuimsi\u00fa<\/li>\n<li>Scr\u00edobh scripteanna i nGaeilge a spreagadh<\/li>\n<li>Lucht f\u00e9achana n\u00e1isi\u00fanta agus domhanda a mhealladh i dtreo sc\u00e9alta Gaeilge.<\/li>\n<li>Deis, Meant\u00f3ireacht, Oili\u00faint a chruth\u00fa tr\u00edd an nGaeilge<\/li>\n<\/ol>\n<p>&nbsp;<\/p>\n<p><strong>Ba cheart iad seo a leanas a \u00e1ireamh in iarratais:<\/strong><\/p>\n<ul>\n<li>Teideal<\/li>\n<li>Slu\u00e1n agus Gn\u00e9 Uath\u00fail Dh\u00edolach\u00e1in<\/li>\n<li>Buntuiscint agus t\u00e9ama<\/li>\n<li>Gearrchuntas &#8211; inis an sc\u00e9al i d\u2019fhocail f\u00e9in<\/li>\n<li>C\u00e9n f\u00e1th a dteasta\u00edonn an t-\u00e1bhar seo \u00f3 TG4<\/li>\n<li>Se\u00e1nra<\/li>\n<li>An lucht f\u00e9achana molta<\/li>\n<li>Cur s\u00edos ar na pr\u00edomhcharachtair agus ar a n-aistear<\/li>\n<li>An Fhoireann Chruthaitheach<\/li>\n<\/ul>\n<p>N\u00ed m\u00f3r comhlacht l\u00e9iri\u00fach\u00e1in a bheith p\u00e1irteach san iarratas \u00f3n t\u00fas.<br \/>\n&nbsp;<\/p>\n<p>&nbsp;<\/p>\n","protected":false},"excerpt":{"rendered":"<p>T\u00fas &#038; C\u00e9im Eile 1. T\u00fas Tionscnamh Scripteanna Gearrscann\u00e1n do Scr\u00edbhneoir\u00ed agus Cruthaitheoir\u00ed Nua as \u00c9irinn (12 n\u00f3im\u00e9ad ar a mh\u00e9ad) &nbsp; T\u00e1 TG4 agus F\u00eds \u00c9ireann i gcomhar leis an gCiste Craolt\u00f3ireachta Gaeilge, i ndiaidh chomh maith is a d\u2019\u00e9irigh leis an infheist\u00edocht a rinneadh i sc\u00e9im Forbartha Dr\u00e1ma\u00edochta Teilif\u00edse Cine4 agus TG4\/F\u00eds \u00c9ireann, [&hellip;]<\/p>\n","protected":false},"author":876,"featured_media":114652,"parent":93448,"menu_order":10,"comment_status":"closed","ping_status":"closed","template":"page-templates\/template-corporate.php","meta":{"_acf_changed":false,"footnotes":""},"acf":[],"yoast_head":"<!-- This site is optimized with the Yoast SEO plugin v22.6 - https:\/\/yoast.com\/wordpress\/plugins\/seo\/ -->\n<title>T\u00fas &amp; C\u00e9im Eile - TG4<\/title>\n<meta name=\"robots\" content=\"index, follow, max-snippet:-1, max-image-preview:large, max-video-preview:-1\" \/>\n<meta property=\"og:locale\" content=\"en_US\" \/>\n<meta property=\"og:type\" content=\"article\" \/>\n<meta property=\"og:title\" content=\"T\u00fas &amp; C\u00e9im Eile - TG4\" \/>\n<meta property=\"og:description\" content=\"T\u00fas &#038; C\u00e9im Eile 1. T\u00fas Tionscnamh Scripteanna Gearrscann\u00e1n do Scr\u00edbhneoir\u00ed agus Cruthaitheoir\u00ed Nua as \u00c9irinn (12 n\u00f3im\u00e9ad ar a mh\u00e9ad) &nbsp; T\u00e1 TG4 agus F\u00eds \u00c9ireann i gcomhar leis an gCiste Craolt\u00f3ireachta Gaeilge, i ndiaidh chomh maith is a d\u2019\u00e9irigh leis an infheist\u00edocht a rinneadh i sc\u00e9im Forbartha Dr\u00e1ma\u00edochta Teilif\u00edse Cine4 agus TG4\/F\u00eds \u00c9ireann, [&hellip;]\" \/>\n<meta property=\"og:url\" content=\"https:\/\/dev.tg4.ie\/ga\/corporate\/traenail-forbairt\/tus-ceim-eile\/\" \/>\n<meta property=\"og:site_name\" content=\"TG4\" \/>\n<meta property=\"article:publisher\" content=\"https:\/\/www.facebook.com\/TG4TV\" \/>\n<meta property=\"article:modified_time\" content=\"2024-10-15T16:40:07+00:00\" \/>\n<meta property=\"og:image\" content=\"https:\/\/tg4-docs.s3.amazonaws.com\/tg4-redesign-2015\/wp-content\/uploads\/2020\/10\/stiurthoir_cine_4.jpg\" \/>\n\t<meta property=\"og:image:width\" content=\"1920\" \/>\n\t<meta property=\"og:image:height\" content=\"1080\" \/>\n\t<meta property=\"og:image:type\" content=\"image\/jpeg\" \/>\n<meta name=\"twitter:card\" content=\"summary_large_image\" \/>\n<meta name=\"twitter:site\" content=\"@TG4TV\" \/>\n<meta name=\"twitter:label1\" content=\"Est. reading time\" \/>\n\t<meta name=\"twitter:data1\" content=\"3 minutes\" \/>\n<script type=\"application\/ld+json\" class=\"yoast-schema-graph\">{\"@context\":\"https:\/\/schema.org\",\"@graph\":[{\"@type\":\"WebPage\",\"@id\":\"https:\/\/dev.tg4.ie\/ga\/corporate\/traenail-forbairt\/tus-ceim-eile\/\",\"url\":\"https:\/\/dev.tg4.ie\/ga\/corporate\/traenail-forbairt\/tus-ceim-eile\/\",\"name\":\"T\u00fas & C\u00e9im Eile - TG4\",\"isPartOf\":{\"@id\":\"https:\/\/dev.tg4.ie\/en\/#website\"},\"primaryImageOfPage\":{\"@id\":\"https:\/\/dev.tg4.ie\/ga\/corporate\/traenail-forbairt\/tus-ceim-eile\/#primaryimage\"},\"image\":{\"@id\":\"https:\/\/dev.tg4.ie\/ga\/corporate\/traenail-forbairt\/tus-ceim-eile\/#primaryimage\"},\"thumbnailUrl\":\"https:\/\/tg4-docs.s3.amazonaws.com\/tg4-redesign-2015\/wp-content\/uploads\/2020\/10\/stiurthoir_cine_4.jpg\",\"datePublished\":\"2024-10-15T15:14:22+00:00\",\"dateModified\":\"2024-10-15T16:40:07+00:00\",\"breadcrumb\":{\"@id\":\"https:\/\/dev.tg4.ie\/ga\/corporate\/traenail-forbairt\/tus-ceim-eile\/#breadcrumb\"},\"inLanguage\":\"ga\",\"potentialAction\":[{\"@type\":\"ReadAction\",\"target\":[\"https:\/\/dev.tg4.ie\/ga\/corporate\/traenail-forbairt\/tus-ceim-eile\/\"]}]},{\"@type\":\"ImageObject\",\"inLanguage\":\"ga\",\"@id\":\"https:\/\/dev.tg4.ie\/ga\/corporate\/traenail-forbairt\/tus-ceim-eile\/#primaryimage\",\"url\":\"https:\/\/tg4-docs.s3.amazonaws.com\/tg4-redesign-2015\/wp-content\/uploads\/2020\/10\/stiurthoir_cine_4.jpg\",\"contentUrl\":\"https:\/\/tg4-docs.s3.amazonaws.com\/tg4-redesign-2015\/wp-content\/uploads\/2020\/10\/stiurthoir_cine_4.jpg\",\"width\":1920,\"height\":1080},{\"@type\":\"BreadcrumbList\",\"@id\":\"https:\/\/dev.tg4.ie\/ga\/corporate\/traenail-forbairt\/tus-ceim-eile\/#breadcrumb\",\"itemListElement\":[{\"@type\":\"ListItem\",\"position\":1,\"name\":\"Home\",\"item\":\"https:\/\/dev.tg4.ie\/ga\/\"},{\"@type\":\"ListItem\",\"position\":2,\"name\":\"Corpar\u00e1ideach\",\"item\":\"https:\/\/dev.tg4.ie\/ga\/corporate\/\"},{\"@type\":\"ListItem\",\"position\":3,\"name\":\"Traen\u00e1il &#038; Forbairt\",\"item\":\"https:\/\/dev.tg4.ie\/ga\/corporate\/traenail-forbairt\/\"},{\"@type\":\"ListItem\",\"position\":4,\"name\":\"T\u00fas &#038; C\u00e9im Eile\"}]},{\"@type\":\"WebSite\",\"@id\":\"https:\/\/dev.tg4.ie\/en\/#website\",\"url\":\"https:\/\/dev.tg4.ie\/en\/\",\"name\":\"TG4\",\"description\":\"S\u00fail Eile\",\"potentialAction\":[{\"@type\":\"SearchAction\",\"target\":{\"@type\":\"EntryPoint\",\"urlTemplate\":\"https:\/\/dev.tg4.ie\/en\/?s={search_term_string}\"},\"query-input\":\"required name=search_term_string\"}],\"inLanguage\":\"ga\"}]}<\/script>\n<!-- \/ Yoast SEO plugin. -->","yoast_head_json":{"title":"T\u00fas & C\u00e9im Eile - TG4","robots":{"index":"index","follow":"follow","max-snippet":"max-snippet:-1","max-image-preview":"max-image-preview:large","max-video-preview":"max-video-preview:-1"},"og_locale":"en_US","og_type":"article","og_title":"T\u00fas & C\u00e9im Eile - TG4","og_description":"T\u00fas &#038; C\u00e9im Eile 1. T\u00fas Tionscnamh Scripteanna Gearrscann\u00e1n do Scr\u00edbhneoir\u00ed agus Cruthaitheoir\u00ed Nua as \u00c9irinn (12 n\u00f3im\u00e9ad ar a mh\u00e9ad) &nbsp; T\u00e1 TG4 agus F\u00eds \u00c9ireann i gcomhar leis an gCiste Craolt\u00f3ireachta Gaeilge, i ndiaidh chomh maith is a d\u2019\u00e9irigh leis an infheist\u00edocht a rinneadh i sc\u00e9im Forbartha Dr\u00e1ma\u00edochta Teilif\u00edse Cine4 agus TG4\/F\u00eds \u00c9ireann, [&hellip;]","og_url":"https:\/\/dev.tg4.ie\/ga\/corporate\/traenail-forbairt\/tus-ceim-eile\/","og_site_name":"TG4","article_publisher":"https:\/\/www.facebook.com\/TG4TV","article_modified_time":"2024-10-15T16:40:07+00:00","og_image":[{"width":1920,"height":1080,"url":"https:\/\/tg4-docs.s3.amazonaws.com\/tg4-redesign-2015\/wp-content\/uploads\/2020\/10\/stiurthoir_cine_4.jpg","type":"image\/jpeg"}],"twitter_card":"summary_large_image","twitter_site":"@TG4TV","twitter_misc":{"Est. reading time":"3 minutes"},"schema":{"@context":"https:\/\/schema.org","@graph":[{"@type":"WebPage","@id":"https:\/\/dev.tg4.ie\/ga\/corporate\/traenail-forbairt\/tus-ceim-eile\/","url":"https:\/\/dev.tg4.ie\/ga\/corporate\/traenail-forbairt\/tus-ceim-eile\/","name":"T\u00fas & C\u00e9im Eile - TG4","isPartOf":{"@id":"https:\/\/dev.tg4.ie\/en\/#website"},"primaryImageOfPage":{"@id":"https:\/\/dev.tg4.ie\/ga\/corporate\/traenail-forbairt\/tus-ceim-eile\/#primaryimage"},"image":{"@id":"https:\/\/dev.tg4.ie\/ga\/corporate\/traenail-forbairt\/tus-ceim-eile\/#primaryimage"},"thumbnailUrl":"https:\/\/tg4-docs.s3.amazonaws.com\/tg4-redesign-2015\/wp-content\/uploads\/2020\/10\/stiurthoir_cine_4.jpg","datePublished":"2024-10-15T15:14:22+00:00","dateModified":"2024-10-15T16:40:07+00:00","breadcrumb":{"@id":"https:\/\/dev.tg4.ie\/ga\/corporate\/traenail-forbairt\/tus-ceim-eile\/#breadcrumb"},"inLanguage":"ga","potentialAction":[{"@type":"ReadAction","target":["https:\/\/dev.tg4.ie\/ga\/corporate\/traenail-forbairt\/tus-ceim-eile\/"]}]},{"@type":"ImageObject","inLanguage":"ga","@id":"https:\/\/dev.tg4.ie\/ga\/corporate\/traenail-forbairt\/tus-ceim-eile\/#primaryimage","url":"https:\/\/tg4-docs.s3.amazonaws.com\/tg4-redesign-2015\/wp-content\/uploads\/2020\/10\/stiurthoir_cine_4.jpg","contentUrl":"https:\/\/tg4-docs.s3.amazonaws.com\/tg4-redesign-2015\/wp-content\/uploads\/2020\/10\/stiurthoir_cine_4.jpg","width":1920,"height":1080},{"@type":"BreadcrumbList","@id":"https:\/\/dev.tg4.ie\/ga\/corporate\/traenail-forbairt\/tus-ceim-eile\/#breadcrumb","itemListElement":[{"@type":"ListItem","position":1,"name":"Home","item":"https:\/\/dev.tg4.ie\/ga\/"},{"@type":"ListItem","position":2,"name":"Corpar\u00e1ideach","item":"https:\/\/dev.tg4.ie\/ga\/corporate\/"},{"@type":"ListItem","position":3,"name":"Traen\u00e1il &#038; Forbairt","item":"https:\/\/dev.tg4.ie\/ga\/corporate\/traenail-forbairt\/"},{"@type":"ListItem","position":4,"name":"T\u00fas &#038; C\u00e9im Eile"}]},{"@type":"WebSite","@id":"https:\/\/dev.tg4.ie\/en\/#website","url":"https:\/\/dev.tg4.ie\/en\/","name":"TG4","description":"S\u00fail Eile","potentialAction":[{"@type":"SearchAction","target":{"@type":"EntryPoint","urlTemplate":"https:\/\/dev.tg4.ie\/en\/?s={search_term_string}"},"query-input":"required name=search_term_string"}],"inLanguage":"ga"}]}},"_links":{"self":[{"href":"https:\/\/dev.tg4.ie\/ga\/wp-json\/wp\/v2\/pages\/233986"}],"collection":[{"href":"https:\/\/dev.tg4.ie\/ga\/wp-json\/wp\/v2\/pages"}],"about":[{"href":"https:\/\/dev.tg4.ie\/ga\/wp-json\/wp\/v2\/types\/page"}],"author":[{"embeddable":true,"href":"https:\/\/dev.tg4.ie\/ga\/wp-json\/wp\/v2\/users\/876"}],"replies":[{"embeddable":true,"href":"https:\/\/dev.tg4.ie\/ga\/wp-json\/wp\/v2\/comments?post=233986"}],"version-history":[{"count":0,"href":"https:\/\/dev.tg4.ie\/ga\/wp-json\/wp\/v2\/pages\/233986\/revisions"}],"up":[{"embeddable":true,"href":"https:\/\/dev.tg4.ie\/ga\/wp-json\/wp\/v2\/pages\/93448"}],"wp:featuredmedia":[{"embeddable":true,"href":"https:\/\/dev.tg4.ie\/ga\/wp-json\/wp\/v2\/media\/114652"}],"wp:attachment":[{"href":"https:\/\/dev.tg4.ie\/ga\/wp-json\/wp\/v2\/media?parent=233986"}],"curies":[{"name":"wp","href":"https:\/\/api.w.org\/{rel}","templated":true}]}}