{"id":234050,"date":"2024-10-16T16:59:09","date_gmt":"2024-10-16T15:59:09","guid":{"rendered":"https:\/\/dev.tg4.ie\/?page_id=234050"},"modified":"2024-10-16T16:59:09","modified_gmt":"2024-10-16T15:59:09","slug":"tus-curtha-leis-an-scannanu-ar-an-ngearrscannan-on-sceim-ceim-eile-babai-brain-i-mbun-leirithe-i-gconamara","status":"publish","type":"page","link":"https:\/\/dev.tg4.ie\/ga\/eolas\/preas\/nuacht-raitis\/2024-2\/tus-curtha-leis-an-scannanu-ar-an-ngearrscannan-on-sceim-ceim-eile-babai-brain-i-mbun-leirithe-i-gconamara\/","title":{"rendered":"T\u00fas Curtha leis an Scann\u00e1n\u00fa ar an nGearrscann\u00e1n \u00f3n sc\u00e9im C\u00e9im Eile: Baba\u00ed Brain i mbun l\u00e9irithe i gConamara"},"content":{"rendered":"<table>\n<tbody>\n<tr>\n<td width=\"100%\">\n  <img loading=\"lazy\" decoding=\"async\" width=\"1920\" height=\"1080\" src=\"https:\/\/tg4-docs.s3.amazonaws.com\/wp-content\/uploads\/2024\/10\/16161836\/Babai_Brain_1-1920x1080-1.jpg\" alt=\"\" class=\"aligncenter size-full wp-image-234052\" srcset=\"https:\/\/tg4-docs.s3.amazonaws.com\/wp-content\/uploads\/2024\/10\/16161836\/Babai_Brain_1-1920x1080-1.jpg 1920w, https:\/\/tg4-docs.s3.amazonaws.com\/wp-content\/uploads\/2024\/10\/16161836\/Babai_Brain_1-1920x1080-1-250x141.jpg 250w, https:\/\/tg4-docs.s3.amazonaws.com\/wp-content\/uploads\/2024\/10\/16161836\/Babai_Brain_1-1920x1080-1-700x394.jpg 700w, https:\/\/tg4-docs.s3.amazonaws.com\/wp-content\/uploads\/2024\/10\/16161836\/Babai_Brain_1-1920x1080-1-252x141.jpg 252w, https:\/\/tg4-docs.s3.amazonaws.com\/wp-content\/uploads\/2024\/10\/16161836\/Babai_Brain_1-1920x1080-1-1536x864.jpg 1536w, https:\/\/tg4-docs.s3.amazonaws.com\/wp-content\/uploads\/2024\/10\/16161836\/Babai_Brain_1-1920x1080-1-120x68.jpg 120w\" sizes=\"(max-width: 1920px) 100vw, 1920px\" \/>\n<\/td>\n<\/tr>\n<\/tbody>\n<\/table>\n<p><sup>Pic: Ciar\u00e1n Charles \u00d3 Conghaile, Br\u00edd\u00edn N\u00ed Mhaoldomhnaigh agus Nikolaj Feifer<\/sup><br \/>\n&nbsp;<\/p>\n<p>T\u00e1 an-\u00e1thas ar TG4 a fh\u00f3gairt go bhfuil t\u00fas curtha le scann\u00e1n\u00fa ar <em>Baba\u00ed Brain<\/em> an tseachtain seo, an ch\u00e9ad scann\u00e1n at\u00e1 tagtha chun cinn as a thionscnamh nua chun daoine cumasacha a bhfuil Gaeilge acu a choth\u00fa &#8211; C\u00e9im Eile. Is ar bhaile \u00e1lainn an Spid\u00e9il i gConamara a bheidh an l\u00e9iri\u00fach\u00e1n iontach seo ar bun agus is \u00f3c\u00e1id shuntasach \u00e9 do thionscal na scann\u00e1n Gaeilge.<br \/>\n&nbsp;<br \/>\n&nbsp;<br \/>\n<strong>Baba\u00ed Brain<\/strong><br \/>\nScann\u00e1n br\u00edomhar, nua-aimseartha is ea <em>Baba\u00ed Brain<\/em> at\u00e1 d\u00edrithe ar dhaoine at\u00e1 idir 18 agus 35 bliana d\u2019aois.  Cuirtear s\u00edos air mar \u2018scann\u00e1n r\u00f3m\u00e1ns\u00fail do mhn\u00e1\u2019 agus t\u00e1thar ag s\u00fail go meallfaidh an sc\u00e9al lucht f\u00e9achana \u00f3g i bhfianaise na gcarachtar tarraingteach agus na dt\u00e9ama\u00ed comhaimseartha at\u00e1 ann. Is \u00ed Br\u00edd\u00edn N\u00ed Mhaoldomhnaigh a scr\u00edobh Baba\u00ed Brain agus is \u00ed a bheidh sa bpr\u00edomhph\u00e1irt freisin agus t\u00e1thar ag s\u00fail go gcuirfidh an scann\u00e1n daoine nua mar aon le dearcadh nua ar sc\u00e1ile\u00e1n na Gaeilge.<br \/>\n&nbsp;<br \/>\nF\u00edb\u00edn Media at\u00e1 i mbun l\u00e9irithe ar an scann\u00e1n agus is \u00e9 Ciar\u00e1n Charles \u00d3 Conghaile a bheidh \u00e1 l\u00e9iri\u00fa. N\u00ed sc\u00e9al beag ar chor ar bith \u00e9 gurb \u00e9 Nikolaj Feifer sti\u00farth\u00f3ir an tionscadail. Is fearr aithne air as an tsraith mh\u00f3r\u00e9ilimh <em>Baby Fever<\/em> a chruth\u00fa agus a sti\u00faradh do Netflix.   Tugann a rannph\u00e1irt\u00edocht gn\u00e9 idirn\u00e1isi\u00fanta spreag\u00fail don l\u00e9iri\u00fach\u00e1n, ag f\u00ed tallann \u00e1iti\u00fail le saineolas domhanda.<br \/>\n&nbsp;<br \/>\n&nbsp; <\/p>\n<p><strong>Maidir le C\u00e9im Eile<\/strong><br \/>\nIs tionscadal ceannr\u00f3da\u00edoch \u00e9 C\u00e9im Eile a sheol TG4, F\u00eds \u00c9ireann agus an Ciste Craolt\u00f3ireachta Gaeilge in 2022 tar \u00e9is an rath a bh\u00ed ar a gcomhiarrachta\u00ed le sc\u00e9imeanna Forbartha Dr\u00e1ma\u00edochta Teilif\u00edse Cine4 agus TG4\/F\u00eds \u00c9ireann. Is \u00e9 aidhm C\u00e9im Eile n\u00e1 an ch\u00e9ad ghl\u00fain eile de scr\u00edbhneoir\u00ed agus de lucht d\u00e9anta scann\u00e1n a bhfuil Gaeilge acu a aimsi\u00fa, a fhorbairt agus a choth\u00fa, ag cur ard\u00e1n ar f\u00e1il do dhaoine cumasacha at\u00e1 ag teacht chun cinn.<br \/>\n&nbsp;<br \/>\n&nbsp; <\/p>\n<p><strong>Todhcha\u00ed Bhre\u00e1 do Scann\u00e1na\u00edocht na Gaeilge:<\/strong>  <\/p>\n<p>T\u00e1 TG4 tiomanta do thaca\u00edocht a thabhairt d&#8217;\u00e1bhar Gaeilge agus \u00e9 a chur chun cinn, agus is \u00ed an sc\u00e9im C\u00e9im Eile an ch\u00e9ad ch\u00e9im eile ina misean chun daoine cumasacha nua a choth\u00fa. Is l\u00e9iri\u00fa \u00e9 Baba\u00ed Brain ar chumas an tionscnaimh sc\u00e9alta \u00fara, dinimici\u00fala a chur os comhair lucht f\u00e9achana na Gaeilge, agus cur le f\u00e1s thionscal na scann\u00e1n Gaeilge ag an am c\u00e9anna.<br \/>\n&nbsp;<br \/>\nCuireann C\u00e9im Eile leis an mbunchloch at\u00e1 leagtha cheana f\u00e9in ag l\u00e9iri\u00fach\u00e1in rath\u00fala Ghaeilge agus cuireann deiseanna ar f\u00e1il do dhaoine nua tabhairt faoi shaol na scr\u00edbhneoireachta sc\u00e1ile\u00e1in agus na scann\u00e1na\u00edochta. T\u00e1 a dtiomantas do choth\u00fa na ndaoine sin l\u00e9irithe ag TG4, F\u00eds \u00c9ireann, agus ag an gCiste Craolt\u00f3ireachta Gaeilge, ag cinnti\u00fa go nd\u00e9anfar forbairt lean\u00fanach ar \u00e1bhar Gaeilge ar fud gach ard\u00e1n.<br \/>\n&nbsp;<br \/>\nIs \u00e9ard a d\u00fairt <strong>M\u00e1ire U\u00ed Choisdealbha, Eagarth\u00f3ir Coimisi\u00fanaithe TG4<\/strong>: <em>&#8220;T\u00e1 l\u00fach\u00e1ir orainn go bhfuil an ch\u00e9ad l\u00e9iri\u00fach\u00e1n \u00f3 C\u00e9im Eile ag teacht chun f\u00edre le Baba\u00ed Brain.  T\u00e1 s\u00e9 i gceist leis an tionscnamh seo deis a thabhairt do dhaoine cumasacha a bhfuil Gaeilge acu, b\u00edodh siad nua sa tionscal n\u00f3 ag teacht chun cinn sa tionscal, a gcuid sc\u00e9alta a insint, agus n\u00ed fh\u00e9adfaimis a bheith n\u00edos br\u00f3d\u00fala as an bhfoireann a bh\u00ed p\u00e1irteach ann.  Is t\u00fas maith leath na hoibre ceart \u00e9 don sc\u00e9im go bhfuil measc\u00e1n de scr\u00edbhneoireacht \u00far, cri\u00fa l\u00e9irithe a bhfuil an-taith\u00ed acu, agus sti\u00farth\u00f3ir idirn\u00e1isi\u00fanta ar n\u00f3s Nikolaj Feifer p\u00e1irteach ann.&#8221;<\/em><br \/>\n&nbsp;<\/p>\n<p>Beidh an scann\u00e1n\u00fa do <em>Baba\u00ed Brain<\/em> ar si\u00fal an chuid eile den tseachtain i gConamara, agus t\u00e1thar ag s\u00fail go n-eiseofar an bhliain seo chugainn \u00e9.  \u00d3 tharla gurb \u00e9 seo an ch\u00e9ad tionscadal \u00f3 thionscnamh C\u00e9im Eile, t\u00e1 an-chuid fuadair ag baint leis, agus t\u00e1thar ag s\u00fail go m\u00f3r leis na tionscadail eile a thiocfaidh as amach anseo.<br \/>\n&nbsp;<br \/>\n&nbsp;<\/p>\n<p><strong>N\u00f3ta\u00ed d&#8217;Eagarth\u00f3ir\u00ed<\/strong><\/p>\n<ul>\n<li>Is \u00e9 Baba\u00ed Brain an ch\u00e9ad scann\u00e1n \u00f3 C\u00e9im Eile, comhthionscnamh de chuid TG4, F\u00eds \u00c9ireann, agus an Ciste Craolt\u00f3ireachta Gaeilge.<\/li>\n<li>F\u00edb\u00edn Media at\u00e1 i mbun l\u00e9irithe, is \u00ed Br\u00edd\u00edn N\u00ed Mhaoldomhnaigh a scr\u00edobh \u00e9, is \u00e9 Darach \u00d3 Tuairisg an L\u00e9iritheoir Feidhmi\u00fach\u00e1in le F\u00edb\u00edn, is \u00e9 Ciar\u00e1n Charles \u00d3 Conghaile at\u00e1 i mbun l\u00e9irithe agus is \u00e9 Nikolaj Feifer (Baby Fever) an sti\u00farth\u00f3ir.<\/li>\n<li>T\u00e1 s\u00e9 mar aidhm le C\u00e9im Eile scr\u00edbhneoir\u00ed agus lucht d\u00e9anta scann\u00e1n a bhfuil Gaeilge acu a spreagadh, iadsan at\u00e1 nua agus at\u00e1 ag teacht chun cinn araon.<\/li>\n<\/ul>\n<p>&nbsp;<\/p>\n<p>&nbsp;<\/p>\n<p>&nbsp;<\/p>\n","protected":false},"excerpt":{"rendered":"<p>Pic: Ciar\u00e1n Charles \u00d3 Conghaile, Br\u00edd\u00edn N\u00ed Mhaoldomhnaigh agus Nikolaj Feifer &nbsp; T\u00e1 an-\u00e1thas ar TG4 a fh\u00f3gairt go bhfuil t\u00fas curtha le scann\u00e1n\u00fa ar Baba\u00ed Brain an tseachtain seo, an ch\u00e9ad scann\u00e1n at\u00e1 tagtha chun cinn as a thionscnamh nua chun daoine cumasacha a bhfuil Gaeilge acu a choth\u00fa &#8211; C\u00e9im Eile. Is ar [&hellip;]<\/p>\n","protected":false},"author":876,"featured_media":0,"parent":208148,"menu_order":35,"comment_status":"closed","ping_status":"closed","template":"page-templates\/template-pr.php","meta":{"_acf_changed":false,"footnotes":""},"acf":[],"yoast_head":"<!-- This site is optimized with the Yoast SEO plugin v22.6 - https:\/\/yoast.com\/wordpress\/plugins\/seo\/ -->\n<title>T\u00fas Curtha leis an Scann\u00e1n\u00fa ar an nGearrscann\u00e1n \u00f3n sc\u00e9im C\u00e9im Eile: Baba\u00ed Brain i mbun l\u00e9irithe i gConamara | Preas R\u00e1iteas | TG4<\/title>\n<meta name=\"description\" content=\"T\u00e1 an-\u00e1thas ar TG4 a fh\u00f3gairt go bhfuil t\u00fas curtha le scann\u00e1n\u00fa ar Baba\u00ed Brain an tseachtain seo, an ch\u00e9ad scann\u00e1n at\u00e1 tagtha chun cinn as a thionscnamh nua chun daoine cumasacha a bhfuil Gaeilge acu a choth\u00fa - C\u00e9im Eile.\" \/>\n<meta name=\"robots\" content=\"index, follow, max-snippet:-1, max-image-preview:large, max-video-preview:-1\" \/>\n<meta property=\"og:locale\" content=\"en_US\" \/>\n<meta property=\"og:type\" content=\"article\" \/>\n<meta property=\"og:title\" content=\"T\u00fas Curtha leis an Scann\u00e1n\u00fa ar an nGearrscann\u00e1n \u00f3n sc\u00e9im C\u00e9im Eile: Baba\u00ed Brain i mbun l\u00e9irithe i gConamara | Preas R\u00e1iteas | TG4\" \/>\n<meta property=\"og:description\" content=\"T\u00e1 an-\u00e1thas ar TG4 a fh\u00f3gairt go bhfuil t\u00fas curtha le scann\u00e1n\u00fa ar Baba\u00ed Brain an tseachtain seo, an ch\u00e9ad scann\u00e1n at\u00e1 tagtha chun cinn as a thionscnamh nua chun daoine cumasacha a bhfuil Gaeilge acu a choth\u00fa - C\u00e9im Eile.\" \/>\n<meta property=\"og:url\" content=\"https:\/\/dev.tg4.ie\/ga\/eolas\/preas\/nuacht-raitis\/2024-2\/tus-curtha-leis-an-scannanu-ar-an-ngearrscannan-on-sceim-ceim-eile-babai-brain-i-mbun-leirithe-i-gconamara\/\" \/>\n<meta property=\"og:site_name\" content=\"TG4\" \/>\n<meta property=\"article:publisher\" content=\"https:\/\/www.facebook.com\/TG4TV\" \/>\n<meta property=\"og:image\" content=\"https:\/\/tg4-docs.s3.amazonaws.com\/wp-content\/uploads\/2024\/10\/16161836\/Babai_Brain_1-1920x1080-1.jpg\" \/>\n\t<meta property=\"og:image:width\" content=\"1920\" \/>\n\t<meta property=\"og:image:height\" content=\"1080\" \/>\n\t<meta property=\"og:image:type\" content=\"image\/jpeg\" \/>\n<meta name=\"twitter:card\" content=\"summary_large_image\" \/>\n<meta name=\"twitter:image\" content=\"https:\/\/tg4-docs.s3.amazonaws.com\/wp-content\/uploads\/2024\/10\/16161836\/Babai_Brain_1-1920x1080-1.jpg\" \/>\n<meta name=\"twitter:site\" content=\"@TG4TV\" \/>\n<meta name=\"twitter:label1\" content=\"Est. reading time\" \/>\n\t<meta name=\"twitter:data1\" content=\"4 minutes\" \/>\n<script type=\"application\/ld+json\" class=\"yoast-schema-graph\">{\"@context\":\"https:\/\/schema.org\",\"@graph\":[{\"@type\":\"WebPage\",\"@id\":\"https:\/\/dev.tg4.ie\/ga\/eolas\/preas\/nuacht-raitis\/2024-2\/tus-curtha-leis-an-scannanu-ar-an-ngearrscannan-on-sceim-ceim-eile-babai-brain-i-mbun-leirithe-i-gconamara\/\",\"url\":\"https:\/\/dev.tg4.ie\/ga\/eolas\/preas\/nuacht-raitis\/2024-2\/tus-curtha-leis-an-scannanu-ar-an-ngearrscannan-on-sceim-ceim-eile-babai-brain-i-mbun-leirithe-i-gconamara\/\",\"name\":\"T\u00fas Curtha leis an Scann\u00e1n\u00fa ar an nGearrscann\u00e1n \u00f3n sc\u00e9im C\u00e9im Eile: Baba\u00ed Brain i mbun l\u00e9irithe i gConamara | Preas R\u00e1iteas | TG4\",\"isPartOf\":{\"@id\":\"https:\/\/dev.tg4.ie\/en\/#website\"},\"primaryImageOfPage\":{\"@id\":\"https:\/\/dev.tg4.ie\/ga\/eolas\/preas\/nuacht-raitis\/2024-2\/tus-curtha-leis-an-scannanu-ar-an-ngearrscannan-on-sceim-ceim-eile-babai-brain-i-mbun-leirithe-i-gconamara\/#primaryimage\"},\"image\":{\"@id\":\"https:\/\/dev.tg4.ie\/ga\/eolas\/preas\/nuacht-raitis\/2024-2\/tus-curtha-leis-an-scannanu-ar-an-ngearrscannan-on-sceim-ceim-eile-babai-brain-i-mbun-leirithe-i-gconamara\/#primaryimage\"},\"thumbnailUrl\":\"https:\/\/dev.tg4.ie\/wp-content\/uploads\/2024\/10\/Babai_Brain_1-1920x1080-1.jpg\",\"datePublished\":\"2024-10-16T15:59:09+00:00\",\"dateModified\":\"2024-10-16T15:59:09+00:00\",\"description\":\"T\u00e1 an-\u00e1thas ar TG4 a fh\u00f3gairt go bhfuil t\u00fas curtha le scann\u00e1n\u00fa ar Baba\u00ed Brain an tseachtain seo, an ch\u00e9ad scann\u00e1n at\u00e1 tagtha chun cinn as a thionscnamh nua chun daoine cumasacha a bhfuil Gaeilge acu a choth\u00fa - C\u00e9im Eile.\",\"breadcrumb\":{\"@id\":\"https:\/\/dev.tg4.ie\/ga\/eolas\/preas\/nuacht-raitis\/2024-2\/tus-curtha-leis-an-scannanu-ar-an-ngearrscannan-on-sceim-ceim-eile-babai-brain-i-mbun-leirithe-i-gconamara\/#breadcrumb\"},\"inLanguage\":\"ga\",\"potentialAction\":[{\"@type\":\"ReadAction\",\"target\":[\"https:\/\/dev.tg4.ie\/ga\/eolas\/preas\/nuacht-raitis\/2024-2\/tus-curtha-leis-an-scannanu-ar-an-ngearrscannan-on-sceim-ceim-eile-babai-brain-i-mbun-leirithe-i-gconamara\/\"]}]},{\"@type\":\"ImageObject\",\"inLanguage\":\"ga\",\"@id\":\"https:\/\/dev.tg4.ie\/ga\/eolas\/preas\/nuacht-raitis\/2024-2\/tus-curtha-leis-an-scannanu-ar-an-ngearrscannan-on-sceim-ceim-eile-babai-brain-i-mbun-leirithe-i-gconamara\/#primaryimage\",\"url\":\"https:\/\/dev.tg4.ie\/wp-content\/uploads\/2024\/10\/Babai_Brain_1-1920x1080-1.jpg\",\"contentUrl\":\"https:\/\/dev.tg4.ie\/wp-content\/uploads\/2024\/10\/Babai_Brain_1-1920x1080-1.jpg\"},{\"@type\":\"BreadcrumbList\",\"@id\":\"https:\/\/dev.tg4.ie\/ga\/eolas\/preas\/nuacht-raitis\/2024-2\/tus-curtha-leis-an-scannanu-ar-an-ngearrscannan-on-sceim-ceim-eile-babai-brain-i-mbun-leirithe-i-gconamara\/#breadcrumb\",\"itemListElement\":[{\"@type\":\"ListItem\",\"position\":1,\"name\":\"Home\",\"item\":\"https:\/\/dev.tg4.ie\/ga\/\"},{\"@type\":\"ListItem\",\"position\":2,\"name\":\"Eolas\",\"item\":\"https:\/\/dev.tg4.ie\/ga\/eolas\/\"},{\"@type\":\"ListItem\",\"position\":3,\"name\":\"Preas\",\"item\":\"https:\/\/dev.tg4.ie\/ga\/eolas\/preas\/\"},{\"@type\":\"ListItem\",\"position\":4,\"name\":\"Nuacht R\u00e1itis\",\"item\":\"https:\/\/dev.tg4.ie\/ga\/eolas\/preas\/nuacht-raitis\/\"},{\"@type\":\"ListItem\",\"position\":5,\"name\":\"2024\",\"item\":\"https:\/\/dev.tg4.ie\/ga\/eolas\/preas\/nuacht-raitis\/2024-2\/\"},{\"@type\":\"ListItem\",\"position\":6,\"name\":\"T\u00fas Curtha leis an Scann\u00e1n\u00fa ar an nGearrscann\u00e1n \u00f3n sc\u00e9im C\u00e9im Eile: Baba\u00ed Brain i mbun l\u00e9irithe i gConamara\"}]},{\"@type\":\"WebSite\",\"@id\":\"https:\/\/dev.tg4.ie\/en\/#website\",\"url\":\"https:\/\/dev.tg4.ie\/en\/\",\"name\":\"TG4\",\"description\":\"S\u00fail Eile\",\"potentialAction\":[{\"@type\":\"SearchAction\",\"target\":{\"@type\":\"EntryPoint\",\"urlTemplate\":\"https:\/\/dev.tg4.ie\/en\/?s={search_term_string}\"},\"query-input\":\"required name=search_term_string\"}],\"inLanguage\":\"ga\"}]}<\/script>\n<!-- \/ Yoast SEO plugin. -->","yoast_head_json":{"title":"T\u00fas Curtha leis an Scann\u00e1n\u00fa ar an nGearrscann\u00e1n \u00f3n sc\u00e9im C\u00e9im Eile: Baba\u00ed Brain i mbun l\u00e9irithe i gConamara | Preas R\u00e1iteas | TG4","description":"T\u00e1 an-\u00e1thas ar TG4 a fh\u00f3gairt go bhfuil t\u00fas curtha le scann\u00e1n\u00fa ar Baba\u00ed Brain an tseachtain seo, an ch\u00e9ad scann\u00e1n at\u00e1 tagtha chun cinn as a thionscnamh nua chun daoine cumasacha a bhfuil Gaeilge acu a choth\u00fa - C\u00e9im Eile.","robots":{"index":"index","follow":"follow","max-snippet":"max-snippet:-1","max-image-preview":"max-image-preview:large","max-video-preview":"max-video-preview:-1"},"og_locale":"en_US","og_type":"article","og_title":"T\u00fas Curtha leis an Scann\u00e1n\u00fa ar an nGearrscann\u00e1n \u00f3n sc\u00e9im C\u00e9im Eile: Baba\u00ed Brain i mbun l\u00e9irithe i gConamara | Preas R\u00e1iteas | TG4","og_description":"T\u00e1 an-\u00e1thas ar TG4 a fh\u00f3gairt go bhfuil t\u00fas curtha le scann\u00e1n\u00fa ar Baba\u00ed Brain an tseachtain seo, an ch\u00e9ad scann\u00e1n at\u00e1 tagtha chun cinn as a thionscnamh nua chun daoine cumasacha a bhfuil Gaeilge acu a choth\u00fa - C\u00e9im Eile.","og_url":"https:\/\/dev.tg4.ie\/ga\/eolas\/preas\/nuacht-raitis\/2024-2\/tus-curtha-leis-an-scannanu-ar-an-ngearrscannan-on-sceim-ceim-eile-babai-brain-i-mbun-leirithe-i-gconamara\/","og_site_name":"TG4","article_publisher":"https:\/\/www.facebook.com\/TG4TV","og_image":[{"width":1920,"height":1080,"url":"https:\/\/tg4-docs.s3.amazonaws.com\/wp-content\/uploads\/2024\/10\/16161836\/Babai_Brain_1-1920x1080-1.jpg","type":"image\/jpeg"}],"twitter_card":"summary_large_image","twitter_image":"https:\/\/tg4-docs.s3.amazonaws.com\/wp-content\/uploads\/2024\/10\/16161836\/Babai_Brain_1-1920x1080-1.jpg","twitter_site":"@TG4TV","twitter_misc":{"Est. reading time":"4 minutes"},"schema":{"@context":"https:\/\/schema.org","@graph":[{"@type":"WebPage","@id":"https:\/\/dev.tg4.ie\/ga\/eolas\/preas\/nuacht-raitis\/2024-2\/tus-curtha-leis-an-scannanu-ar-an-ngearrscannan-on-sceim-ceim-eile-babai-brain-i-mbun-leirithe-i-gconamara\/","url":"https:\/\/dev.tg4.ie\/ga\/eolas\/preas\/nuacht-raitis\/2024-2\/tus-curtha-leis-an-scannanu-ar-an-ngearrscannan-on-sceim-ceim-eile-babai-brain-i-mbun-leirithe-i-gconamara\/","name":"T\u00fas Curtha leis an Scann\u00e1n\u00fa ar an nGearrscann\u00e1n \u00f3n sc\u00e9im C\u00e9im Eile: Baba\u00ed Brain i mbun l\u00e9irithe i gConamara | Preas R\u00e1iteas | TG4","isPartOf":{"@id":"https:\/\/dev.tg4.ie\/en\/#website"},"primaryImageOfPage":{"@id":"https:\/\/dev.tg4.ie\/ga\/eolas\/preas\/nuacht-raitis\/2024-2\/tus-curtha-leis-an-scannanu-ar-an-ngearrscannan-on-sceim-ceim-eile-babai-brain-i-mbun-leirithe-i-gconamara\/#primaryimage"},"image":{"@id":"https:\/\/dev.tg4.ie\/ga\/eolas\/preas\/nuacht-raitis\/2024-2\/tus-curtha-leis-an-scannanu-ar-an-ngearrscannan-on-sceim-ceim-eile-babai-brain-i-mbun-leirithe-i-gconamara\/#primaryimage"},"thumbnailUrl":"https:\/\/dev.tg4.ie\/wp-content\/uploads\/2024\/10\/Babai_Brain_1-1920x1080-1.jpg","datePublished":"2024-10-16T15:59:09+00:00","dateModified":"2024-10-16T15:59:09+00:00","description":"T\u00e1 an-\u00e1thas ar TG4 a fh\u00f3gairt go bhfuil t\u00fas curtha le scann\u00e1n\u00fa ar Baba\u00ed Brain an tseachtain seo, an ch\u00e9ad scann\u00e1n at\u00e1 tagtha chun cinn as a thionscnamh nua chun daoine cumasacha a bhfuil Gaeilge acu a choth\u00fa - C\u00e9im Eile.","breadcrumb":{"@id":"https:\/\/dev.tg4.ie\/ga\/eolas\/preas\/nuacht-raitis\/2024-2\/tus-curtha-leis-an-scannanu-ar-an-ngearrscannan-on-sceim-ceim-eile-babai-brain-i-mbun-leirithe-i-gconamara\/#breadcrumb"},"inLanguage":"ga","potentialAction":[{"@type":"ReadAction","target":["https:\/\/dev.tg4.ie\/ga\/eolas\/preas\/nuacht-raitis\/2024-2\/tus-curtha-leis-an-scannanu-ar-an-ngearrscannan-on-sceim-ceim-eile-babai-brain-i-mbun-leirithe-i-gconamara\/"]}]},{"@type":"ImageObject","inLanguage":"ga","@id":"https:\/\/dev.tg4.ie\/ga\/eolas\/preas\/nuacht-raitis\/2024-2\/tus-curtha-leis-an-scannanu-ar-an-ngearrscannan-on-sceim-ceim-eile-babai-brain-i-mbun-leirithe-i-gconamara\/#primaryimage","url":"https:\/\/dev.tg4.ie\/wp-content\/uploads\/2024\/10\/Babai_Brain_1-1920x1080-1.jpg","contentUrl":"https:\/\/dev.tg4.ie\/wp-content\/uploads\/2024\/10\/Babai_Brain_1-1920x1080-1.jpg"},{"@type":"BreadcrumbList","@id":"https:\/\/dev.tg4.ie\/ga\/eolas\/preas\/nuacht-raitis\/2024-2\/tus-curtha-leis-an-scannanu-ar-an-ngearrscannan-on-sceim-ceim-eile-babai-brain-i-mbun-leirithe-i-gconamara\/#breadcrumb","itemListElement":[{"@type":"ListItem","position":1,"name":"Home","item":"https:\/\/dev.tg4.ie\/ga\/"},{"@type":"ListItem","position":2,"name":"Eolas","item":"https:\/\/dev.tg4.ie\/ga\/eolas\/"},{"@type":"ListItem","position":3,"name":"Preas","item":"https:\/\/dev.tg4.ie\/ga\/eolas\/preas\/"},{"@type":"ListItem","position":4,"name":"Nuacht R\u00e1itis","item":"https:\/\/dev.tg4.ie\/ga\/eolas\/preas\/nuacht-raitis\/"},{"@type":"ListItem","position":5,"name":"2024","item":"https:\/\/dev.tg4.ie\/ga\/eolas\/preas\/nuacht-raitis\/2024-2\/"},{"@type":"ListItem","position":6,"name":"T\u00fas Curtha leis an Scann\u00e1n\u00fa ar an nGearrscann\u00e1n \u00f3n sc\u00e9im C\u00e9im Eile: Baba\u00ed Brain i mbun l\u00e9irithe i gConamara"}]},{"@type":"WebSite","@id":"https:\/\/dev.tg4.ie\/en\/#website","url":"https:\/\/dev.tg4.ie\/en\/","name":"TG4","description":"S\u00fail Eile","potentialAction":[{"@type":"SearchAction","target":{"@type":"EntryPoint","urlTemplate":"https:\/\/dev.tg4.ie\/en\/?s={search_term_string}"},"query-input":"required name=search_term_string"}],"inLanguage":"ga"}]}},"_links":{"self":[{"href":"https:\/\/dev.tg4.ie\/ga\/wp-json\/wp\/v2\/pages\/234050"}],"collection":[{"href":"https:\/\/dev.tg4.ie\/ga\/wp-json\/wp\/v2\/pages"}],"about":[{"href":"https:\/\/dev.tg4.ie\/ga\/wp-json\/wp\/v2\/types\/page"}],"author":[{"embeddable":true,"href":"https:\/\/dev.tg4.ie\/ga\/wp-json\/wp\/v2\/users\/876"}],"replies":[{"embeddable":true,"href":"https:\/\/dev.tg4.ie\/ga\/wp-json\/wp\/v2\/comments?post=234050"}],"version-history":[{"count":0,"href":"https:\/\/dev.tg4.ie\/ga\/wp-json\/wp\/v2\/pages\/234050\/revisions"}],"up":[{"embeddable":true,"href":"https:\/\/dev.tg4.ie\/ga\/wp-json\/wp\/v2\/pages\/208148"}],"wp:attachment":[{"href":"https:\/\/dev.tg4.ie\/ga\/wp-json\/wp\/v2\/media?parent=234050"}],"curies":[{"name":"wp","href":"https:\/\/api.w.org\/{rel}","templated":true}]}}