{"id":234329,"date":"2024-10-23T14:49:55","date_gmt":"2024-10-23T13:49:55","guid":{"rendered":"https:\/\/dev.tg4.ie\/?page_id=234329"},"modified":"2024-10-23T14:49:55","modified_gmt":"2024-10-23T13:49:55","slug":"tg4-ag-treabhadh-leis-le-fuinneamh-greine-ar-thus-cadhnaiochta-i-gcraoltoireacht-inbhuanaithe","status":"publish","type":"page","link":"https:\/\/dev.tg4.ie\/ga\/eolas\/preas\/nuacht-raitis\/2024-2\/tg4-ag-treabhadh-leis-le-fuinneamh-greine-ar-thus-cadhnaiochta-i-gcraoltoireacht-inbhuanaithe\/","title":{"rendered":"TG4 ag Treabhadh leis le Fuinneamh Gr\u00e9ine: Ar Th\u00fas Cadhna\u00edochta i gCraolt\u00f3ireacht Inbhuanaithe"},"content":{"rendered":"<table>\n<tbody>\n<tr>\n<td width=\"50%\">\n  <img loading=\"lazy\" decoding=\"async\" width=\"1280\" height=\"720\" src=\"https:\/\/tg4-docs.s3.amazonaws.com\/wp-content\/uploads\/2024\/10\/23143927\/Paineal_Greine_100kw_1-1280x720-1.jpg\" alt=\"\" class=\"aligncenter size-full wp-image-234332\" srcset=\"https:\/\/tg4-docs.s3.amazonaws.com\/wp-content\/uploads\/2024\/10\/23143927\/Paineal_Greine_100kw_1-1280x720-1.jpg 1280w, https:\/\/tg4-docs.s3.amazonaws.com\/wp-content\/uploads\/2024\/10\/23143927\/Paineal_Greine_100kw_1-1280x720-1-250x141.jpg 250w, https:\/\/tg4-docs.s3.amazonaws.com\/wp-content\/uploads\/2024\/10\/23143927\/Paineal_Greine_100kw_1-1280x720-1-700x394.jpg 700w, https:\/\/tg4-docs.s3.amazonaws.com\/wp-content\/uploads\/2024\/10\/23143927\/Paineal_Greine_100kw_1-1280x720-1-252x141.jpg 252w, https:\/\/tg4-docs.s3.amazonaws.com\/wp-content\/uploads\/2024\/10\/23143927\/Paineal_Greine_100kw_1-1280x720-1-120x68.jpg 120w\" sizes=\"(max-width: 1280px) 100vw, 1280px\" \/>\n<\/td>\n<td width=\"50%\">\n  <img loading=\"lazy\" decoding=\"async\" width=\"1280\" height=\"720\" src=\"https:\/\/tg4-docs.s3.amazonaws.com\/wp-content\/uploads\/2024\/10\/23143941\/Paineal_Greine_100kw_2-1280x720-1.jpg\" alt=\"\" class=\"aligncenter size-full wp-image-234333\" srcset=\"https:\/\/tg4-docs.s3.amazonaws.com\/wp-content\/uploads\/2024\/10\/23143941\/Paineal_Greine_100kw_2-1280x720-1.jpg 1280w, https:\/\/tg4-docs.s3.amazonaws.com\/wp-content\/uploads\/2024\/10\/23143941\/Paineal_Greine_100kw_2-1280x720-1-250x141.jpg 250w, https:\/\/tg4-docs.s3.amazonaws.com\/wp-content\/uploads\/2024\/10\/23143941\/Paineal_Greine_100kw_2-1280x720-1-700x394.jpg 700w, https:\/\/tg4-docs.s3.amazonaws.com\/wp-content\/uploads\/2024\/10\/23143941\/Paineal_Greine_100kw_2-1280x720-1-252x141.jpg 252w, https:\/\/tg4-docs.s3.amazonaws.com\/wp-content\/uploads\/2024\/10\/23143941\/Paineal_Greine_100kw_2-1280x720-1-120x68.jpg 120w\" sizes=\"(max-width: 1280px) 100vw, 1280px\" \/>\n<\/td>\n<\/tr>\n<\/tbody>\n<\/table>\n<p>&nbsp;<\/p>\n<p>T\u00e1 dul chun cinn suntasach d\u00e9anta ag TG4 i dtreo craolt\u00f3ireacht inbhuanaithe tr\u00ed chumhacht na gr\u00e9ine a chomhth\u00e1th\u00fa ina sol\u00e1thar fuinnimh.  C\u00e9 nach n-oibr\u00edonn TG4 ar fhuinneamh gr\u00e9ine amh\u00e1in, cuireann cumhacht na gr\u00e9ine lena \u00fas\u00e1id leictreachais i rith an chuid is m\u00f3 den bhliain agus t\u00e1 s\u00e9 fi\u00fa de chumas aige rith go hioml\u00e1n ar chumhacht na gr\u00e9ine.  <\/p>\n<p>Is \u00e9ard a d\u00fairt <strong>Neil Keaveney, Sti\u00farth\u00f3ir Teicneola\u00edochta TG4<\/strong>, <em>\u201cT\u00e1imid f\u00edorbhr\u00f3d\u00fail go bhfuilimid ag d\u00e9anamh \u00e1r gcuid f\u00e9in i dtreo craolt\u00f3ireacht at\u00e1 go hioml\u00e1n inbhuanaithe a bhaint amach. Cuireadh eagar gr\u00e9ine 100kW leis le d\u00e9ana\u00ed, agus mar gheall air sin t\u00e1 s\u00e9 anois de chumas againn an st\u00e1isi\u00fan a chumhacht\u00fa le fuinneamh in-athnuaite amh\u00e1in. Go deimhin, bh\u00ed roinnt uaireanta an chloig ann le c\u00fapla seachtain anuas ar \u00e9irigh leis an st\u00e1isi\u00fan feidhmi\u00fa gan cumhacht ar bith a tharraingt \u00f3n eangach.  T\u00e1 s\u00fail againn gur ionann sin agus caighde\u00e1n nua don tionscal.\u201d<\/em><br \/>\n&nbsp;<\/p>\n<p><strong>Fad agus Suite\u00e1il an Tionscadail:<\/strong>   <\/p>\n<p>Th\u00f3g s\u00e9 7 m\u00ed cur chun feidhme an tionscadail a chur i gcr\u00edch, agus th\u00f3g an obair ar an l\u00e1thair 6 seachtaine.  Mar gheall go bhfuil an talamh a bhfuil ceanncheathr\u00fa TG4 lonnaithe air leochaileach, tugadh faoi phr\u00f3iseas suite\u00e1la an-\u00edogair ar fad chun caomhn\u00fa na timpeallachta \u00e1iti\u00fala a chinnti\u00fa.   In ainneoin t\u00edr-raon d\u00fashl\u00e1nach, lena n-\u00e1ir\u00edtear talamh portaigh na h\u00e1ite, d&#8217;\u00e9irigh le TG4 agus EnergieXPro clo\u00ed leis na sonra\u00edochta\u00ed agus na riachtanais go l\u00e9ir a theastaigh chun deon\u00fa an chead plean\u00e1la a chomhl\u00edonadh.<br \/>\n&nbsp;<\/p>\n<p><strong>Comhoibri\u00fa le EnergieXPro:<\/strong>  <\/p>\n<p>D\u2019\u00e9irigh le hiarrachta\u00ed inbhuanaitheachta TG4 tr\u00edna chomhph\u00e1irt\u00edocht rath\u00fail le EnergieXPro, ceann de na suite\u00e1laithe grianphain\u00e9al tr\u00e1cht\u00e1la is for\u00e1sa\u00ed in \u00c9irinn agus ceannaire i gc\u00f3rais st\u00f3r\u00e1la ceallra\u00ed.  Shuite\u00e1il EnergieXPro C\u00f3ras F\u00f3tavoltach Gr\u00e9ine 100.70 kWp at\u00e1 Feistithe ar an Talamh ag ceanncheathr\u00fa TG4 i gConamara, rud a chabhraigh leis an st\u00e1isi\u00fan a lorg carb\u00f3in a laghd\u00fa go suntasach.  <\/p>\n<p>Is \u00e9ard a d\u00fairt <strong>Ger Barry, ionada\u00ed \u00f3 EnergieXPro<\/strong>, <em>\u201cBa mh\u00f3r an tairbhe \u00e9 a bheith ag obair i gcomhph\u00e1irt\u00edocht le TG4 ar an tionscadal ceannr\u00f3da\u00edoch gr\u00e9ine seo.  Tr\u00ed theicneola\u00edocht cheannr\u00f3da\u00edoch gr\u00e9ine a chomhth\u00e1th\u00fa le tiomantas TG4 don inbhuanaitheacht, t\u00e1 tagarmharc nua \u00e1 leagan s\u00edos againn maidir le h\u00e9ifeacht\u00falacht fuinnimh sa tionscal craolach\u00e1in. N\u00ed hamh\u00e1in go leagtar b\u00e9im san obair i gcomhar sin ar acmhainneacht an fhuinnimh in-athnuaite ach leagtar b\u00e9im ann freisin ar a th\u00e1bhachta\u00ed at\u00e1 r\u00e9itigh nu\u00e1lacha chun dul i ngleic leis an athr\u00fa aer\u00e1ide.  T\u00e1imid ag tn\u00fath le lean\u00faint len\u00e1r gcomhph\u00e1irt\u00edocht le TG4 agus todhcha\u00ed na craolt\u00f3ireachta inbhuanaithe a chur chun cinn.\u201d<\/em> <\/p>\n<p>T\u00e1 roinnt tionscadal curtha i gcr\u00edch ag EnergieXPro i gceantair Ghaeltachta, lena n-\u00e1ir\u00edtear Tigh Ruair\u00ed ar Inis O\u00edrr, (Oile\u00e1in \u00c1rann) Irish Sea Spray i dT\u00edr an Fhia, Leitir M\u00f3ir, Co. na Gaillimhe, agus anois ag TG4, agus t\u00e1 tuilleadh tionscadal beartaithe.  Leagann an obair a dh\u00e9anann siad i marga\u00ed \u00e1iti\u00fala agus idirn\u00e1isi\u00fanta araon &#8211; lena n-\u00e1ir\u00edtear tionscadail lean\u00fanacha at\u00e1 ar bun acu in \u00c9irinn, sa tSaird\u00edn agus sna hOile\u00e1in Fhilip\u00edneacha &#8211; b\u00e9im ar an r\u00f3l at\u00e1 acu cur le hinbhuanaitheacht agus le caomhn\u00fa comhshaoil ar fud an domhain.  <\/p>\n<p>N\u00edl i dtionscadal TG4, at\u00e1 mar chuid de chomhoibri\u00fa lean\u00fanach, ach an ch\u00e9ad ch\u00e9im i dtionscnaimh inbhuanaitheachta a bheidh ar si\u00fal amach anseo.  T\u00e1 EnergieXPro tiomanta do lean\u00faint lena gcomhph\u00e1irt\u00edocht le TG4, tr\u00edna gcinnteofar go sp\u00e1r\u00e1ilfear fuinnimh agus tr\u00edna gcinnteofar inbhuanaitheacht fuinnimh ar bhonn fadt\u00e9armach tr\u00edna mod\u00fail fh\u00f3tavoltacha ardfheidhm\u00edochta.<br \/>\n&nbsp;<\/p>\n<p><strong>Mionsonra\u00ed an Ch\u00f3rais agus Tionchar Inbhuanaitheachta<\/strong> <\/p>\n<p>T\u00e1thar ag s\u00fail go dtiocfaidh laghd\u00fa thart ar 51.4 tonna in aghaidh na bliana ar asta\u00edochta\u00ed carb\u00f3in TG4 mar gheall ar an gC\u00f3ras F\u00f3tavoltach Gr\u00e9ine 100.70 kWp at\u00e1 Feistithe ar an Talamh at\u00e1 suite\u00e1ilte.  Is ionann an laghd\u00fa sin agus idir 1,550 agus 2,330 crann a chur gach bliain.<br \/>\n&nbsp;<\/p>\n<p><strong>Ar Th\u00fas Cadhna\u00edochta in Inbhuanaitheacht Chomhshaoil<\/strong>  <\/p>\n<p>Mar chuid d\u00e1 thiomantas d&#8217;inbhuanaitheacht chomhshaoil, t\u00e1 spriocanna uaillmhianacha leagtha s\u00edos ag TG4 chun \u00e9ifeacht\u00falacht fuinnimh 50% agus laghd\u00fa 50% ar asta\u00edochta\u00ed CO2 a bhaint amach faoin mbliain 2030.  T\u00e1 an st\u00e1isi\u00fan ag gini\u00faint 5% d\u00e1 chuid fuinnimh \u00f3 fhoins\u00ed in-athnuaite cheana f\u00e9in, arb ionann \u00e9 agus 300,000 kWh agus ag laghd\u00fa asta\u00edochta\u00ed CO2 faoi 104,000 kg in aghaidh na bliana.   Is c\u00e9imeanna t\u00e1bhachtacha iad suite\u00e1il an bhailitheora pain\u00e9il ghr\u00e9ine ag ceanncheathr\u00fa TG4, mar aon le tionscnaimh eile amhail uasghr\u00e1d\u00fa chuig soilse LED, i dtreo na spriocanna sin a bhaint amach.<br \/>\n&nbsp;<\/p>\n<p><strong>Ail\u00edni\u00fa le Spriocanna Aer\u00e1ide na h\u00c9ireann<\/strong> <\/p>\n<p>T\u00e1 an \u00fas\u00e1id a bhaineann TG4 as fuinneamh gr\u00e9ine ag teacht le Creat um Ghn\u00edomh\u00fa ar son na hAer\u00e1ide na h\u00c9ireann agus lena rannph\u00e1irt\u00edocht i gc\u00f3ras tuairiscithe \u00dadar\u00e1s Fuinnimh Inmharthana na h\u00c9ireann (SEAI). Tr\u00ed bheith ar th\u00fas cadhna\u00edochta i nglacadh le teicneola\u00edochta\u00ed glasa, t\u00e1 TG4 ag cuidi\u00fa le todhcha\u00ed n\u00edos inbhuanaithe a mh\u00fanl\u00fa d\u2019\u00c9irinn agus don Eoraip, a l\u00e9ir\u00edonn ceannaireacht an chraolt\u00f3ra i nu\u00e1la\u00edocht chomhshaoil.<br \/>\n&nbsp;<\/p>\n<p>&nbsp;<\/p>\n<p>&nbsp;<\/p>\n","protected":false},"excerpt":{"rendered":"<p>&nbsp; T\u00e1 dul chun cinn suntasach d\u00e9anta ag TG4 i dtreo craolt\u00f3ireacht inbhuanaithe tr\u00ed chumhacht na gr\u00e9ine a chomhth\u00e1th\u00fa ina sol\u00e1thar fuinnimh. C\u00e9 nach n-oibr\u00edonn TG4 ar fhuinneamh gr\u00e9ine amh\u00e1in, cuireann cumhacht na gr\u00e9ine lena \u00fas\u00e1id leictreachais i rith an chuid is m\u00f3 den bhliain agus t\u00e1 s\u00e9 fi\u00fa de chumas aige rith go hioml\u00e1n [&hellip;]<\/p>\n","protected":false},"author":876,"featured_media":0,"parent":208148,"menu_order":36,"comment_status":"closed","ping_status":"closed","template":"page-templates\/template-pr.php","meta":{"_acf_changed":false,"footnotes":""},"acf":[],"yoast_head":"<!-- This site is optimized with the Yoast SEO plugin v22.6 - https:\/\/yoast.com\/wordpress\/plugins\/seo\/ -->\n<title>TG4 ag Treabhadh leis le Fuinneamh Gr\u00e9ine: Ar Th\u00fas Cadhna\u00edochta i gCraolt\u00f3ireacht Inbhuanaithe | Preas R\u00e1iteas | TG4<\/title>\n<meta name=\"description\" content=\"T\u00e1 dul chun cinn suntasach d\u00e9anta ag TG4 i dtreo craolt\u00f3ireacht inbhuanaithe tr\u00ed chumhacht na gr\u00e9ine a chomhth\u00e1th\u00fa ina sol\u00e1thar fuinnimh.\" \/>\n<meta name=\"robots\" content=\"index, follow, max-snippet:-1, max-image-preview:large, max-video-preview:-1\" \/>\n<meta property=\"og:locale\" content=\"en_US\" \/>\n<meta property=\"og:type\" content=\"article\" \/>\n<meta property=\"og:title\" content=\"TG4 ag Treabhadh leis le Fuinneamh Gr\u00e9ine: Ar Th\u00fas Cadhna\u00edochta i gCraolt\u00f3ireacht Inbhuanaithe | Preas R\u00e1iteas | TG4\" \/>\n<meta property=\"og:description\" content=\"T\u00e1 dul chun cinn suntasach d\u00e9anta ag TG4 i dtreo craolt\u00f3ireacht inbhuanaithe tr\u00ed chumhacht na gr\u00e9ine a chomhth\u00e1th\u00fa ina sol\u00e1thar fuinnimh.\" \/>\n<meta property=\"og:url\" content=\"https:\/\/dev.tg4.ie\/ga\/eolas\/preas\/nuacht-raitis\/2024-2\/tg4-ag-treabhadh-leis-le-fuinneamh-greine-ar-thus-cadhnaiochta-i-gcraoltoireacht-inbhuanaithe\/\" \/>\n<meta property=\"og:site_name\" content=\"TG4\" \/>\n<meta property=\"article:publisher\" content=\"https:\/\/www.facebook.com\/TG4TV\" \/>\n<meta property=\"og:image\" content=\"https:\/\/tg4-docs.s3.amazonaws.com\/wp-content\/uploads\/2024\/10\/23144336\/Paineal_Greine_100kw_3-1920x1080-1.jpg\" \/>\n\t<meta property=\"og:image:width\" content=\"1920\" \/>\n\t<meta property=\"og:image:height\" content=\"1080\" \/>\n\t<meta property=\"og:image:type\" content=\"image\/jpeg\" \/>\n<meta name=\"twitter:card\" content=\"summary_large_image\" \/>\n<meta name=\"twitter:image\" content=\"https:\/\/tg4-docs.s3.amazonaws.com\/wp-content\/uploads\/2024\/10\/23144336\/Paineal_Greine_100kw_3-1920x1080-1.jpg\" \/>\n<meta name=\"twitter:site\" content=\"@TG4TV\" \/>\n<meta name=\"twitter:label1\" content=\"Est. reading time\" \/>\n\t<meta name=\"twitter:data1\" content=\"4 minutes\" \/>\n<script type=\"application\/ld+json\" class=\"yoast-schema-graph\">{\"@context\":\"https:\/\/schema.org\",\"@graph\":[{\"@type\":\"WebPage\",\"@id\":\"https:\/\/dev.tg4.ie\/ga\/eolas\/preas\/nuacht-raitis\/2024-2\/tg4-ag-treabhadh-leis-le-fuinneamh-greine-ar-thus-cadhnaiochta-i-gcraoltoireacht-inbhuanaithe\/\",\"url\":\"https:\/\/dev.tg4.ie\/ga\/eolas\/preas\/nuacht-raitis\/2024-2\/tg4-ag-treabhadh-leis-le-fuinneamh-greine-ar-thus-cadhnaiochta-i-gcraoltoireacht-inbhuanaithe\/\",\"name\":\"TG4 ag Treabhadh leis le Fuinneamh Gr\u00e9ine: Ar Th\u00fas Cadhna\u00edochta i gCraolt\u00f3ireacht Inbhuanaithe | Preas R\u00e1iteas | TG4\",\"isPartOf\":{\"@id\":\"https:\/\/dev.tg4.ie\/en\/#website\"},\"primaryImageOfPage\":{\"@id\":\"https:\/\/dev.tg4.ie\/ga\/eolas\/preas\/nuacht-raitis\/2024-2\/tg4-ag-treabhadh-leis-le-fuinneamh-greine-ar-thus-cadhnaiochta-i-gcraoltoireacht-inbhuanaithe\/#primaryimage\"},\"image\":{\"@id\":\"https:\/\/dev.tg4.ie\/ga\/eolas\/preas\/nuacht-raitis\/2024-2\/tg4-ag-treabhadh-leis-le-fuinneamh-greine-ar-thus-cadhnaiochta-i-gcraoltoireacht-inbhuanaithe\/#primaryimage\"},\"thumbnailUrl\":\"https:\/\/dev.tg4.ie\/wp-content\/uploads\/2024\/10\/Paineal_Greine_100kw_1-1280x720-1.jpg\",\"datePublished\":\"2024-10-23T13:49:55+00:00\",\"dateModified\":\"2024-10-23T13:49:55+00:00\",\"description\":\"T\u00e1 dul chun cinn suntasach d\u00e9anta ag TG4 i dtreo craolt\u00f3ireacht inbhuanaithe tr\u00ed chumhacht na gr\u00e9ine a chomhth\u00e1th\u00fa ina sol\u00e1thar fuinnimh.\",\"breadcrumb\":{\"@id\":\"https:\/\/dev.tg4.ie\/ga\/eolas\/preas\/nuacht-raitis\/2024-2\/tg4-ag-treabhadh-leis-le-fuinneamh-greine-ar-thus-cadhnaiochta-i-gcraoltoireacht-inbhuanaithe\/#breadcrumb\"},\"inLanguage\":\"ga\",\"potentialAction\":[{\"@type\":\"ReadAction\",\"target\":[\"https:\/\/dev.tg4.ie\/ga\/eolas\/preas\/nuacht-raitis\/2024-2\/tg4-ag-treabhadh-leis-le-fuinneamh-greine-ar-thus-cadhnaiochta-i-gcraoltoireacht-inbhuanaithe\/\"]}]},{\"@type\":\"ImageObject\",\"inLanguage\":\"ga\",\"@id\":\"https:\/\/dev.tg4.ie\/ga\/eolas\/preas\/nuacht-raitis\/2024-2\/tg4-ag-treabhadh-leis-le-fuinneamh-greine-ar-thus-cadhnaiochta-i-gcraoltoireacht-inbhuanaithe\/#primaryimage\",\"url\":\"https:\/\/dev.tg4.ie\/wp-content\/uploads\/2024\/10\/Paineal_Greine_100kw_1-1280x720-1.jpg\",\"contentUrl\":\"https:\/\/dev.tg4.ie\/wp-content\/uploads\/2024\/10\/Paineal_Greine_100kw_1-1280x720-1.jpg\"},{\"@type\":\"BreadcrumbList\",\"@id\":\"https:\/\/dev.tg4.ie\/ga\/eolas\/preas\/nuacht-raitis\/2024-2\/tg4-ag-treabhadh-leis-le-fuinneamh-greine-ar-thus-cadhnaiochta-i-gcraoltoireacht-inbhuanaithe\/#breadcrumb\",\"itemListElement\":[{\"@type\":\"ListItem\",\"position\":1,\"name\":\"Home\",\"item\":\"https:\/\/dev.tg4.ie\/ga\/\"},{\"@type\":\"ListItem\",\"position\":2,\"name\":\"Eolas\",\"item\":\"https:\/\/dev.tg4.ie\/ga\/eolas\/\"},{\"@type\":\"ListItem\",\"position\":3,\"name\":\"Preas\",\"item\":\"https:\/\/dev.tg4.ie\/ga\/eolas\/preas\/\"},{\"@type\":\"ListItem\",\"position\":4,\"name\":\"Nuacht R\u00e1itis\",\"item\":\"https:\/\/dev.tg4.ie\/ga\/eolas\/preas\/nuacht-raitis\/\"},{\"@type\":\"ListItem\",\"position\":5,\"name\":\"2024\",\"item\":\"https:\/\/dev.tg4.ie\/ga\/eolas\/preas\/nuacht-raitis\/2024-2\/\"},{\"@type\":\"ListItem\",\"position\":6,\"name\":\"TG4 ag Treabhadh leis le Fuinneamh Gr\u00e9ine: Ar Th\u00fas Cadhna\u00edochta i gCraolt\u00f3ireacht Inbhuanaithe\"}]},{\"@type\":\"WebSite\",\"@id\":\"https:\/\/dev.tg4.ie\/en\/#website\",\"url\":\"https:\/\/dev.tg4.ie\/en\/\",\"name\":\"TG4\",\"description\":\"S\u00fail Eile\",\"potentialAction\":[{\"@type\":\"SearchAction\",\"target\":{\"@type\":\"EntryPoint\",\"urlTemplate\":\"https:\/\/dev.tg4.ie\/en\/?s={search_term_string}\"},\"query-input\":\"required name=search_term_string\"}],\"inLanguage\":\"ga\"}]}<\/script>\n<!-- \/ Yoast SEO plugin. -->","yoast_head_json":{"title":"TG4 ag Treabhadh leis le Fuinneamh Gr\u00e9ine: Ar Th\u00fas Cadhna\u00edochta i gCraolt\u00f3ireacht Inbhuanaithe | Preas R\u00e1iteas | TG4","description":"T\u00e1 dul chun cinn suntasach d\u00e9anta ag TG4 i dtreo craolt\u00f3ireacht inbhuanaithe tr\u00ed chumhacht na gr\u00e9ine a chomhth\u00e1th\u00fa ina sol\u00e1thar fuinnimh.","robots":{"index":"index","follow":"follow","max-snippet":"max-snippet:-1","max-image-preview":"max-image-preview:large","max-video-preview":"max-video-preview:-1"},"og_locale":"en_US","og_type":"article","og_title":"TG4 ag Treabhadh leis le Fuinneamh Gr\u00e9ine: Ar Th\u00fas Cadhna\u00edochta i gCraolt\u00f3ireacht Inbhuanaithe | Preas R\u00e1iteas | TG4","og_description":"T\u00e1 dul chun cinn suntasach d\u00e9anta ag TG4 i dtreo craolt\u00f3ireacht inbhuanaithe tr\u00ed chumhacht na gr\u00e9ine a chomhth\u00e1th\u00fa ina sol\u00e1thar fuinnimh.","og_url":"https:\/\/dev.tg4.ie\/ga\/eolas\/preas\/nuacht-raitis\/2024-2\/tg4-ag-treabhadh-leis-le-fuinneamh-greine-ar-thus-cadhnaiochta-i-gcraoltoireacht-inbhuanaithe\/","og_site_name":"TG4","article_publisher":"https:\/\/www.facebook.com\/TG4TV","og_image":[{"width":1920,"height":1080,"url":"https:\/\/tg4-docs.s3.amazonaws.com\/wp-content\/uploads\/2024\/10\/23144336\/Paineal_Greine_100kw_3-1920x1080-1.jpg","type":"image\/jpeg"}],"twitter_card":"summary_large_image","twitter_image":"https:\/\/tg4-docs.s3.amazonaws.com\/wp-content\/uploads\/2024\/10\/23144336\/Paineal_Greine_100kw_3-1920x1080-1.jpg","twitter_site":"@TG4TV","twitter_misc":{"Est. reading time":"4 minutes"},"schema":{"@context":"https:\/\/schema.org","@graph":[{"@type":"WebPage","@id":"https:\/\/dev.tg4.ie\/ga\/eolas\/preas\/nuacht-raitis\/2024-2\/tg4-ag-treabhadh-leis-le-fuinneamh-greine-ar-thus-cadhnaiochta-i-gcraoltoireacht-inbhuanaithe\/","url":"https:\/\/dev.tg4.ie\/ga\/eolas\/preas\/nuacht-raitis\/2024-2\/tg4-ag-treabhadh-leis-le-fuinneamh-greine-ar-thus-cadhnaiochta-i-gcraoltoireacht-inbhuanaithe\/","name":"TG4 ag Treabhadh leis le Fuinneamh Gr\u00e9ine: Ar Th\u00fas Cadhna\u00edochta i gCraolt\u00f3ireacht Inbhuanaithe | Preas R\u00e1iteas | TG4","isPartOf":{"@id":"https:\/\/dev.tg4.ie\/en\/#website"},"primaryImageOfPage":{"@id":"https:\/\/dev.tg4.ie\/ga\/eolas\/preas\/nuacht-raitis\/2024-2\/tg4-ag-treabhadh-leis-le-fuinneamh-greine-ar-thus-cadhnaiochta-i-gcraoltoireacht-inbhuanaithe\/#primaryimage"},"image":{"@id":"https:\/\/dev.tg4.ie\/ga\/eolas\/preas\/nuacht-raitis\/2024-2\/tg4-ag-treabhadh-leis-le-fuinneamh-greine-ar-thus-cadhnaiochta-i-gcraoltoireacht-inbhuanaithe\/#primaryimage"},"thumbnailUrl":"https:\/\/dev.tg4.ie\/wp-content\/uploads\/2024\/10\/Paineal_Greine_100kw_1-1280x720-1.jpg","datePublished":"2024-10-23T13:49:55+00:00","dateModified":"2024-10-23T13:49:55+00:00","description":"T\u00e1 dul chun cinn suntasach d\u00e9anta ag TG4 i dtreo craolt\u00f3ireacht inbhuanaithe tr\u00ed chumhacht na gr\u00e9ine a chomhth\u00e1th\u00fa ina sol\u00e1thar fuinnimh.","breadcrumb":{"@id":"https:\/\/dev.tg4.ie\/ga\/eolas\/preas\/nuacht-raitis\/2024-2\/tg4-ag-treabhadh-leis-le-fuinneamh-greine-ar-thus-cadhnaiochta-i-gcraoltoireacht-inbhuanaithe\/#breadcrumb"},"inLanguage":"ga","potentialAction":[{"@type":"ReadAction","target":["https:\/\/dev.tg4.ie\/ga\/eolas\/preas\/nuacht-raitis\/2024-2\/tg4-ag-treabhadh-leis-le-fuinneamh-greine-ar-thus-cadhnaiochta-i-gcraoltoireacht-inbhuanaithe\/"]}]},{"@type":"ImageObject","inLanguage":"ga","@id":"https:\/\/dev.tg4.ie\/ga\/eolas\/preas\/nuacht-raitis\/2024-2\/tg4-ag-treabhadh-leis-le-fuinneamh-greine-ar-thus-cadhnaiochta-i-gcraoltoireacht-inbhuanaithe\/#primaryimage","url":"https:\/\/dev.tg4.ie\/wp-content\/uploads\/2024\/10\/Paineal_Greine_100kw_1-1280x720-1.jpg","contentUrl":"https:\/\/dev.tg4.ie\/wp-content\/uploads\/2024\/10\/Paineal_Greine_100kw_1-1280x720-1.jpg"},{"@type":"BreadcrumbList","@id":"https:\/\/dev.tg4.ie\/ga\/eolas\/preas\/nuacht-raitis\/2024-2\/tg4-ag-treabhadh-leis-le-fuinneamh-greine-ar-thus-cadhnaiochta-i-gcraoltoireacht-inbhuanaithe\/#breadcrumb","itemListElement":[{"@type":"ListItem","position":1,"name":"Home","item":"https:\/\/dev.tg4.ie\/ga\/"},{"@type":"ListItem","position":2,"name":"Eolas","item":"https:\/\/dev.tg4.ie\/ga\/eolas\/"},{"@type":"ListItem","position":3,"name":"Preas","item":"https:\/\/dev.tg4.ie\/ga\/eolas\/preas\/"},{"@type":"ListItem","position":4,"name":"Nuacht R\u00e1itis","item":"https:\/\/dev.tg4.ie\/ga\/eolas\/preas\/nuacht-raitis\/"},{"@type":"ListItem","position":5,"name":"2024","item":"https:\/\/dev.tg4.ie\/ga\/eolas\/preas\/nuacht-raitis\/2024-2\/"},{"@type":"ListItem","position":6,"name":"TG4 ag Treabhadh leis le Fuinneamh Gr\u00e9ine: Ar Th\u00fas Cadhna\u00edochta i gCraolt\u00f3ireacht Inbhuanaithe"}]},{"@type":"WebSite","@id":"https:\/\/dev.tg4.ie\/en\/#website","url":"https:\/\/dev.tg4.ie\/en\/","name":"TG4","description":"S\u00fail Eile","potentialAction":[{"@type":"SearchAction","target":{"@type":"EntryPoint","urlTemplate":"https:\/\/dev.tg4.ie\/en\/?s={search_term_string}"},"query-input":"required name=search_term_string"}],"inLanguage":"ga"}]}},"_links":{"self":[{"href":"https:\/\/dev.tg4.ie\/ga\/wp-json\/wp\/v2\/pages\/234329"}],"collection":[{"href":"https:\/\/dev.tg4.ie\/ga\/wp-json\/wp\/v2\/pages"}],"about":[{"href":"https:\/\/dev.tg4.ie\/ga\/wp-json\/wp\/v2\/types\/page"}],"author":[{"embeddable":true,"href":"https:\/\/dev.tg4.ie\/ga\/wp-json\/wp\/v2\/users\/876"}],"replies":[{"embeddable":true,"href":"https:\/\/dev.tg4.ie\/ga\/wp-json\/wp\/v2\/comments?post=234329"}],"version-history":[{"count":0,"href":"https:\/\/dev.tg4.ie\/ga\/wp-json\/wp\/v2\/pages\/234329\/revisions"}],"up":[{"embeddable":true,"href":"https:\/\/dev.tg4.ie\/ga\/wp-json\/wp\/v2\/pages\/208148"}],"wp:attachment":[{"href":"https:\/\/dev.tg4.ie\/ga\/wp-json\/wp\/v2\/media?parent=234329"}],"curies":[{"name":"wp","href":"https:\/\/api.w.org\/{rel}","templated":true}]}}