{"id":234416,"date":"2024-10-25T13:24:04","date_gmt":"2024-10-25T12:24:04","guid":{"rendered":"https:\/\/dev.tg4.ie\/?page_id=234416"},"modified":"2024-10-25T13:24:04","modified_gmt":"2024-10-25T12:24:04","slug":"nios-mo-na-100-uair-a-chloig-dimirt-liathroid-laimhe-le-taispeaint-beo-ar-sport-tg4-an-tseachtain-seo-chugainn","status":"publish","type":"page","link":"https:\/\/dev.tg4.ie\/ga\/eolas\/preas\/nuacht-raitis\/2024-2\/nios-mo-na-100-uair-a-chloig-dimirt-liathroid-laimhe-le-taispeaint-beo-ar-sport-tg4-an-tseachtain-seo-chugainn\/","title":{"rendered":"N\u00edos m\u00f3 n\u00e1 100 uair a chloig d\u2019imirt liathr\u00f3id l\u00e1imhe le taispe\u00e1int beo ar Sp\u00f3rt TG4 an tseachtain seo chugainn"},"content":{"rendered":"<table>\n<tbody>\n<tr>\n<td width=\"100%\">\n  <img loading=\"lazy\" decoding=\"async\" width=\"1920\" height=\"1080\" src=\"https:\/\/tg4-docs.s3.amazonaws.com\/wp-content\/uploads\/2024\/10\/25131311\/Liathroid_Laimhe_Craobh_4_Bhalla_2024_1-1920x1080-1.jpg\" alt=\"\" class=\"aligncenter size-full wp-image-234419\" srcset=\"https:\/\/tg4-docs.s3.amazonaws.com\/wp-content\/uploads\/2024\/10\/25131311\/Liathroid_Laimhe_Craobh_4_Bhalla_2024_1-1920x1080-1.jpg 1920w, https:\/\/tg4-docs.s3.amazonaws.com\/wp-content\/uploads\/2024\/10\/25131311\/Liathroid_Laimhe_Craobh_4_Bhalla_2024_1-1920x1080-1-250x141.jpg 250w, https:\/\/tg4-docs.s3.amazonaws.com\/wp-content\/uploads\/2024\/10\/25131311\/Liathroid_Laimhe_Craobh_4_Bhalla_2024_1-1920x1080-1-700x394.jpg 700w, https:\/\/tg4-docs.s3.amazonaws.com\/wp-content\/uploads\/2024\/10\/25131311\/Liathroid_Laimhe_Craobh_4_Bhalla_2024_1-1920x1080-1-252x141.jpg 252w, https:\/\/tg4-docs.s3.amazonaws.com\/wp-content\/uploads\/2024\/10\/25131311\/Liathroid_Laimhe_Craobh_4_Bhalla_2024_1-1920x1080-1-1536x864.jpg 1536w, https:\/\/tg4-docs.s3.amazonaws.com\/wp-content\/uploads\/2024\/10\/25131311\/Liathroid_Laimhe_Craobh_4_Bhalla_2024_1-1920x1080-1-120x68.jpg 120w\" sizes=\"(max-width: 1920px) 100vw, 1920px\" \/>\n<\/td>\n<\/tr>\n<\/tbody>\n<\/table>\n<p>&nbsp;<\/p>\n<p>Is c\u00fais r\u00edm\u00e9id do TG4 a fh\u00f3gairt go mbeidh <strong>seacht l\u00e1 de chraoladh beo<\/strong> \u00e1 dh\u00e9anamh \u00f3 <strong>Chraobh Ceithre Bhalla an Domhain oneills.com 2024<\/strong>. Is f\u00e9idir leis an lucht f\u00e9achana ceangal le leathanach <a href=\"https:\/\/www.youtube.com\/@SportTG4\" rel=\"noopener\" target=\"_blank\">YouTube Sp\u00f3rt TG4<\/a> \u00f3 D\u00e9 Luain, an 28 Deireadh F\u00f3mhair agus f\u00e9achaint ar sheachtain ioml\u00e1n d\u2019imirt iontach liathr\u00f3id l\u00e1imhe. Beidh an craobhchom\u00f3rtas ar si\u00fal \u00f3n 26 Deireadh F\u00f3mhair go dt\u00ed an 3 Samhain in ionaid \u00e9ags\u00fala ar fud Ch\u00faige Laighean agus \u00e9 leagtha amach go mbeidh Cluich\u00ed Ceannais na Sinsear ar si\u00fal D\u00e9 Domhnaigh, an 3 Samhain san Ionad N\u00e1isi\u00fanta Liathr\u00f3id L\u00e1imhe i bP\u00e1irc an Chr\u00f3caigh.<br \/>\n&nbsp;<br \/>\nT\u00e1thar a thuar go mbeidh Craobhchom\u00f3rtas Ceithre Bhalla an Domhain 2024 ar an g<strong>com\u00f3rtas ceithre bhalla is m\u00f3<\/strong> a eagra\u00edodh riamh le <strong>1,675 imreoir<\/strong> agus <strong>1,900 cluiche<\/strong> \u00e1 n-imirt ag iomaitheoir\u00ed \u00f3n aoisghr\u00fapa faoi 11 go dt\u00ed na s\u00e1rimreoir\u00ed sna com\u00f3rtais oscailte. Beidh cluich\u00ed ar si\u00fal i 25 phinni\u00far in ionaid \u00e9ags\u00fala, Cill Chainnigh, Ceatharlach, Laois, U\u00edbh Fhail\u00ed, Cill Dara, Cill Mhant\u00e1in agus Loch Garman ina measc. Beidh imreoir\u00ed s\u00e1rleibh\u00e9il as c\u00faig cinn de th\u00edortha\u2014St\u00e1it Aontaithe Mheirice\u00e1, Ceanada, Meicsiceo, an tSeap\u00e1in agus \u00c9ire\u2014san ioma\u00edocht agus beidh M\u00e1irt\u00edn \u00d3 Maoilchiar\u00e1in (Gaillimh), an curadh reatha, ar ais ag iarraidh craobh na bhfear a thabhairt leis ar\u00eds.<br \/>\n&nbsp;<br \/>\nAn imirt as P\u00e1irc an Chr\u00f3caigh a bheidh \u00e1 taispe\u00e1int beo ag TG4 le cluich\u00ed as an bpr\u00edomhphinni\u00far agus as pinni\u00far 2 agus pinni\u00far 3 gach l\u00e1. Meastar go mbeidh <strong>n\u00edos m\u00f3 n\u00e1 100 uair a chloig d\u2019imirt liathr\u00f3id l\u00e1imhe<\/strong> ar taispe\u00e1int i rith na 7 l\u00e1 den ioma\u00edocht go gcr\u00edochna\u00edtear leis na Cluich\u00ed Ceannais Oscailte, D\u00e9 Domhnaigh, an 3 Samhain.<br \/>\n&nbsp;<br \/>\nDeir <strong>David Britton, Ceannasa\u00ed Liathr\u00f3id L\u00e1imhe CLG<\/strong>:   <em>&#8220;Is bre\u00e1 le Liathr\u00f3id L\u00e1imhe CLG Craobhchom\u00f3rtas an Domhain a bheith \u00e1 eagr\u00fa anseo againn don dara huair riamh, cothrom c\u00e9ad bliain a th\u00e1ngthas isteach le CLG. Le beagnach 1,700 iomaitheoir, is iontach an f\u00e9asta liathr\u00f3id l\u00e1imhe at\u00e1 i nd\u00e1n le Craobhchom\u00f3rtas Ceithre Bhalla an Domhain, rud a chuideoidh le haird a tharraingt ar an sp\u00f3rt beo br\u00edomhar seo. Is mian le Liathr\u00f3id L\u00e1imhe CLG bu\u00edochas a ghlacadh le R\u00f3n\u00e1n \u00d3 Coisdealbha, Shane Walsh, agus gach duine i TG4 as an maitheas at\u00e1 \u00e1 dh\u00e9anamh go lean\u00fanach acu don chluiche iontach seo.&#8221;<\/em><br \/>\n&nbsp;<br \/>\nDeir <strong>R\u00f3n\u00e1n \u00d3 Coisdealbha, Ceannasa\u00ed Sp\u00f3irt TG4<\/strong>: <em>\u201cD\u2019\u00e9irigh thar cionn le Craobh Aon Bhalla an Domhain 2024 i m\u00ed L\u00fanasa le buaicleibh\u00e9al de lucht f\u00e9achana ar TG4.  Is l\u00e9ir go bhfuil n\u00edos m\u00f3 suime \u00e1 chur sa Liathr\u00f3id L\u00e1imhe agus t\u00e1 an comhar p\u00e1irtn\u00e9ireachta idir TG4 agus Liathr\u00f3id L\u00e1imhe CLG ag cuidi\u00fa le haird lucht f\u00e9achana n\u00edos leithne a tharraingt ar an sp\u00f3rt spleodrach seo. Is bre\u00e1 linn lean\u00faint ar aghaidh le Craobhchom\u00f3rtas Ceithre Bhalla an Domhain a thaispe\u00e1int agus meastar go spreagfar sp\u00e9is lucht f\u00e9achana n\u00edos m\u00f3 ar\u00eds le seachtain eile d\u2019imirt liathr\u00f3id l\u00e1imhe chomh maith agus at\u00e1 ar domhan.\u201d<\/em><br \/>\n&nbsp;<br \/>\nChomh maith leis an imirt a chraoltar beo, beidh <strong>cl\u00e1r speisialta uair a chloig de na buaicphoint\u00ed<\/strong> \u00e1 chraoladh ar TG4 D\u00e9 Domhnaigh, an 10 Samhain ag 6 i.n. ina dtaispe\u00e1nfar an chuid is fearr de Chraobhchom\u00f3rtas Liathr\u00f3id L\u00e1imhe Ceithre Bhalla an Domhain 2024. Tabharfaidh an cl\u00e1r s\u00e1rl\u00e9irithe buaicphoint\u00ed seo leis an spleodar agus an teannas a ghabhann leis an gcraobhchom\u00f3rtas ionas go mb\u00edonn achoimre chuimsitheach ar f\u00e1il don lucht f\u00e9achana.<br \/>\n&nbsp;<br \/>\nBeidh buaicphoint\u00ed \u00f3 na cluich\u00ed ceannais sna craobhacha oscailte le feice\u00e1il freisin ar an gcl\u00e1r GAA 2024 D\u00e9 Luain, an 4 Samhain ag 8 i.n. ionas go mb\u00edonn deis ag daoine na pr\u00edomhbhearta imeartha \u00f3 na cluich\u00ed craoibhe a fheice\u00e1il in athuair.<br \/>\n&nbsp;<br \/>\nBeidh <em>Liathr\u00f3id L\u00e1imhe<\/em>, <strong>cl\u00e1r faisn\u00e9ise speisialta aon uair a chloig<\/strong>, \u00e1 chraoladh freisin ag TG4 mar chom\u00f3radh ar ch\u00e9ad bliain de Liathr\u00f3id L\u00e1imhe CLG.  Feictear sa chl\u00e1r an imirt \u00f3 sh\u00e9as\u00far Chraobh Uile-\u00c9ireann Ceithre Bhalla 2024 chomh maith le h\u00e1bhar \u00f3 chlubanna ar fud na t\u00edre agus agallaimh le roinnt de na daoine is iomr\u00e1it\u00ed at\u00e1 ceangailte le Liathr\u00f3id L\u00e1imhe CLG. Beidh <em>Liathr\u00f3id L\u00e1imhe<\/em> \u00e1 chraoladh ar an 28 Deireadh F\u00f3mhair ag 6 i.n. agus \u00e1 athchraoladh D\u00e9 Domhnaigh, an 3 Samhain ag 5.55 i.n.<br \/>\n&nbsp;<br \/>\nT\u00e1 sceideal ioml\u00e1n na gcluich\u00ed ar f\u00e1il ar <a href=\"https:\/\/knowthescore.ie\/\" rel=\"noopener\" target=\"_blank\">knowthescore.ie<\/a> agus eolas breise maidir le hionaid agus le sceidil ar l\u00e1ithre\u00e1n gr\u00e9as\u00e1in <a href=\"https:\/\/www.gaahandball.ie\/news\/world-4-wall-championships-important-info\" rel=\"noopener\" target=\"_blank\">GAA Handball<\/a>.<br \/>\n&nbsp;<br \/>\nT\u00e1 TG4 ag tn\u00fath leis an aicsean ar fad a chur ar f\u00e1il beo!<br \/>\n&nbsp;<\/p>\n<p>&nbsp;<\/p>\n<p>&nbsp;<\/p>\n","protected":false},"excerpt":{"rendered":"<p>&nbsp; Is c\u00fais r\u00edm\u00e9id do TG4 a fh\u00f3gairt go mbeidh seacht l\u00e1 de chraoladh beo \u00e1 dh\u00e9anamh \u00f3 Chraobh Ceithre Bhalla an Domhain oneills.com 2024. Is f\u00e9idir leis an lucht f\u00e9achana ceangal le leathanach YouTube Sp\u00f3rt TG4 \u00f3 D\u00e9 Luain, an 28 Deireadh F\u00f3mhair agus f\u00e9achaint ar sheachtain ioml\u00e1n d\u2019imirt iontach liathr\u00f3id l\u00e1imhe. Beidh an [&hellip;]<\/p>\n","protected":false},"author":876,"featured_media":0,"parent":208148,"menu_order":37,"comment_status":"closed","ping_status":"closed","template":"page-templates\/template-pr.php","meta":{"_acf_changed":false,"footnotes":""},"acf":[],"yoast_head":"<!-- This site is optimized with the Yoast SEO plugin v22.6 - https:\/\/yoast.com\/wordpress\/plugins\/seo\/ -->\n<title>N\u00edos m\u00f3 n\u00e1 100 uair a chloig d\u2019imirt liathr\u00f3id l\u00e1imhe le taispe\u00e1int beo ar Sp\u00f3rt TG4 an tseachtain seo chugainn | Preas R\u00e1iteas | TG4<\/title>\n<meta name=\"description\" content=\"Is c\u00fais r\u00edm\u00e9id do TG4 a fh\u00f3gairt go mbeidh seacht l\u00e1 de chraoladh beo \u00e1 dh\u00e9anamh \u00f3 Chraobh Ceithre Bhalla an Domhain oneills.com 2024.\" \/>\n<meta name=\"robots\" content=\"index, follow, max-snippet:-1, max-image-preview:large, max-video-preview:-1\" \/>\n<meta property=\"og:locale\" content=\"en_US\" \/>\n<meta property=\"og:type\" content=\"article\" \/>\n<meta property=\"og:title\" content=\"N\u00edos m\u00f3 n\u00e1 100 uair a chloig d\u2019imirt liathr\u00f3id l\u00e1imhe le taispe\u00e1int beo ar Sp\u00f3rt TG4 an tseachtain seo chugainn | Preas R\u00e1iteas | TG4\" \/>\n<meta property=\"og:description\" content=\"Is c\u00fais r\u00edm\u00e9id do TG4 a fh\u00f3gairt go mbeidh seacht l\u00e1 de chraoladh beo \u00e1 dh\u00e9anamh \u00f3 Chraobh Ceithre Bhalla an Domhain oneills.com 2024.\" \/>\n<meta property=\"og:url\" content=\"https:\/\/dev.tg4.ie\/ga\/eolas\/preas\/nuacht-raitis\/2024-2\/nios-mo-na-100-uair-a-chloig-dimirt-liathroid-laimhe-le-taispeaint-beo-ar-sport-tg4-an-tseachtain-seo-chugainn\/\" \/>\n<meta property=\"og:site_name\" content=\"TG4\" \/>\n<meta property=\"article:publisher\" content=\"https:\/\/www.facebook.com\/TG4TV\" \/>\n<meta property=\"og:image\" content=\"https:\/\/tg4-docs.s3.amazonaws.com\/wp-content\/uploads\/2024\/10\/25131311\/Liathroid_Laimhe_Craobh_4_Bhalla_2024_1-1920x1080-1.jpg\" \/>\n\t<meta property=\"og:image:width\" content=\"1920\" \/>\n\t<meta property=\"og:image:height\" content=\"1080\" \/>\n\t<meta property=\"og:image:type\" content=\"image\/jpeg\" \/>\n<meta name=\"twitter:card\" content=\"summary_large_image\" \/>\n<meta name=\"twitter:image\" content=\"https:\/\/tg4-docs.s3.amazonaws.com\/wp-content\/uploads\/2024\/10\/25131311\/Liathroid_Laimhe_Craobh_4_Bhalla_2024_1-1920x1080-1.jpg\" \/>\n<meta name=\"twitter:site\" content=\"@TG4TV\" \/>\n<meta name=\"twitter:label1\" content=\"Est. reading time\" \/>\n\t<meta name=\"twitter:data1\" content=\"4 minutes\" \/>\n<script type=\"application\/ld+json\" class=\"yoast-schema-graph\">{\"@context\":\"https:\/\/schema.org\",\"@graph\":[{\"@type\":\"WebPage\",\"@id\":\"https:\/\/dev.tg4.ie\/ga\/eolas\/preas\/nuacht-raitis\/2024-2\/nios-mo-na-100-uair-a-chloig-dimirt-liathroid-laimhe-le-taispeaint-beo-ar-sport-tg4-an-tseachtain-seo-chugainn\/\",\"url\":\"https:\/\/dev.tg4.ie\/ga\/eolas\/preas\/nuacht-raitis\/2024-2\/nios-mo-na-100-uair-a-chloig-dimirt-liathroid-laimhe-le-taispeaint-beo-ar-sport-tg4-an-tseachtain-seo-chugainn\/\",\"name\":\"N\u00edos m\u00f3 n\u00e1 100 uair a chloig d\u2019imirt liathr\u00f3id l\u00e1imhe le taispe\u00e1int beo ar Sp\u00f3rt TG4 an tseachtain seo chugainn | Preas R\u00e1iteas | TG4\",\"isPartOf\":{\"@id\":\"https:\/\/dev.tg4.ie\/en\/#website\"},\"primaryImageOfPage\":{\"@id\":\"https:\/\/dev.tg4.ie\/ga\/eolas\/preas\/nuacht-raitis\/2024-2\/nios-mo-na-100-uair-a-chloig-dimirt-liathroid-laimhe-le-taispeaint-beo-ar-sport-tg4-an-tseachtain-seo-chugainn\/#primaryimage\"},\"image\":{\"@id\":\"https:\/\/dev.tg4.ie\/ga\/eolas\/preas\/nuacht-raitis\/2024-2\/nios-mo-na-100-uair-a-chloig-dimirt-liathroid-laimhe-le-taispeaint-beo-ar-sport-tg4-an-tseachtain-seo-chugainn\/#primaryimage\"},\"thumbnailUrl\":\"https:\/\/dev.tg4.ie\/wp-content\/uploads\/2024\/10\/Liathroid_Laimhe_Craobh_4_Bhalla_2024_1-1920x1080-1.jpg\",\"datePublished\":\"2024-10-25T12:24:04+00:00\",\"dateModified\":\"2024-10-25T12:24:04+00:00\",\"description\":\"Is c\u00fais r\u00edm\u00e9id do TG4 a fh\u00f3gairt go mbeidh seacht l\u00e1 de chraoladh beo \u00e1 dh\u00e9anamh \u00f3 Chraobh Ceithre Bhalla an Domhain oneills.com 2024.\",\"breadcrumb\":{\"@id\":\"https:\/\/dev.tg4.ie\/ga\/eolas\/preas\/nuacht-raitis\/2024-2\/nios-mo-na-100-uair-a-chloig-dimirt-liathroid-laimhe-le-taispeaint-beo-ar-sport-tg4-an-tseachtain-seo-chugainn\/#breadcrumb\"},\"inLanguage\":\"ga\",\"potentialAction\":[{\"@type\":\"ReadAction\",\"target\":[\"https:\/\/dev.tg4.ie\/ga\/eolas\/preas\/nuacht-raitis\/2024-2\/nios-mo-na-100-uair-a-chloig-dimirt-liathroid-laimhe-le-taispeaint-beo-ar-sport-tg4-an-tseachtain-seo-chugainn\/\"]}]},{\"@type\":\"ImageObject\",\"inLanguage\":\"ga\",\"@id\":\"https:\/\/dev.tg4.ie\/ga\/eolas\/preas\/nuacht-raitis\/2024-2\/nios-mo-na-100-uair-a-chloig-dimirt-liathroid-laimhe-le-taispeaint-beo-ar-sport-tg4-an-tseachtain-seo-chugainn\/#primaryimage\",\"url\":\"https:\/\/dev.tg4.ie\/wp-content\/uploads\/2024\/10\/Liathroid_Laimhe_Craobh_4_Bhalla_2024_1-1920x1080-1.jpg\",\"contentUrl\":\"https:\/\/dev.tg4.ie\/wp-content\/uploads\/2024\/10\/Liathroid_Laimhe_Craobh_4_Bhalla_2024_1-1920x1080-1.jpg\"},{\"@type\":\"BreadcrumbList\",\"@id\":\"https:\/\/dev.tg4.ie\/ga\/eolas\/preas\/nuacht-raitis\/2024-2\/nios-mo-na-100-uair-a-chloig-dimirt-liathroid-laimhe-le-taispeaint-beo-ar-sport-tg4-an-tseachtain-seo-chugainn\/#breadcrumb\",\"itemListElement\":[{\"@type\":\"ListItem\",\"position\":1,\"name\":\"Home\",\"item\":\"https:\/\/dev.tg4.ie\/ga\/\"},{\"@type\":\"ListItem\",\"position\":2,\"name\":\"Eolas\",\"item\":\"https:\/\/dev.tg4.ie\/ga\/eolas\/\"},{\"@type\":\"ListItem\",\"position\":3,\"name\":\"Preas\",\"item\":\"https:\/\/dev.tg4.ie\/ga\/eolas\/preas\/\"},{\"@type\":\"ListItem\",\"position\":4,\"name\":\"Nuacht R\u00e1itis\",\"item\":\"https:\/\/dev.tg4.ie\/ga\/eolas\/preas\/nuacht-raitis\/\"},{\"@type\":\"ListItem\",\"position\":5,\"name\":\"2024\",\"item\":\"https:\/\/dev.tg4.ie\/ga\/eolas\/preas\/nuacht-raitis\/2024-2\/\"},{\"@type\":\"ListItem\",\"position\":6,\"name\":\"N\u00edos m\u00f3 n\u00e1 100 uair a chloig d\u2019imirt liathr\u00f3id l\u00e1imhe le taispe\u00e1int beo ar Sp\u00f3rt TG4 an tseachtain seo chugainn\"}]},{\"@type\":\"WebSite\",\"@id\":\"https:\/\/dev.tg4.ie\/en\/#website\",\"url\":\"https:\/\/dev.tg4.ie\/en\/\",\"name\":\"TG4\",\"description\":\"S\u00fail Eile\",\"potentialAction\":[{\"@type\":\"SearchAction\",\"target\":{\"@type\":\"EntryPoint\",\"urlTemplate\":\"https:\/\/dev.tg4.ie\/en\/?s={search_term_string}\"},\"query-input\":\"required name=search_term_string\"}],\"inLanguage\":\"ga\"}]}<\/script>\n<!-- \/ Yoast SEO plugin. -->","yoast_head_json":{"title":"N\u00edos m\u00f3 n\u00e1 100 uair a chloig d\u2019imirt liathr\u00f3id l\u00e1imhe le taispe\u00e1int beo ar Sp\u00f3rt TG4 an tseachtain seo chugainn | Preas R\u00e1iteas | TG4","description":"Is c\u00fais r\u00edm\u00e9id do TG4 a fh\u00f3gairt go mbeidh seacht l\u00e1 de chraoladh beo \u00e1 dh\u00e9anamh \u00f3 Chraobh Ceithre Bhalla an Domhain oneills.com 2024.","robots":{"index":"index","follow":"follow","max-snippet":"max-snippet:-1","max-image-preview":"max-image-preview:large","max-video-preview":"max-video-preview:-1"},"og_locale":"en_US","og_type":"article","og_title":"N\u00edos m\u00f3 n\u00e1 100 uair a chloig d\u2019imirt liathr\u00f3id l\u00e1imhe le taispe\u00e1int beo ar Sp\u00f3rt TG4 an tseachtain seo chugainn | Preas R\u00e1iteas | TG4","og_description":"Is c\u00fais r\u00edm\u00e9id do TG4 a fh\u00f3gairt go mbeidh seacht l\u00e1 de chraoladh beo \u00e1 dh\u00e9anamh \u00f3 Chraobh Ceithre Bhalla an Domhain oneills.com 2024.","og_url":"https:\/\/dev.tg4.ie\/ga\/eolas\/preas\/nuacht-raitis\/2024-2\/nios-mo-na-100-uair-a-chloig-dimirt-liathroid-laimhe-le-taispeaint-beo-ar-sport-tg4-an-tseachtain-seo-chugainn\/","og_site_name":"TG4","article_publisher":"https:\/\/www.facebook.com\/TG4TV","og_image":[{"width":1920,"height":1080,"url":"https:\/\/tg4-docs.s3.amazonaws.com\/wp-content\/uploads\/2024\/10\/25131311\/Liathroid_Laimhe_Craobh_4_Bhalla_2024_1-1920x1080-1.jpg","type":"image\/jpeg"}],"twitter_card":"summary_large_image","twitter_image":"https:\/\/tg4-docs.s3.amazonaws.com\/wp-content\/uploads\/2024\/10\/25131311\/Liathroid_Laimhe_Craobh_4_Bhalla_2024_1-1920x1080-1.jpg","twitter_site":"@TG4TV","twitter_misc":{"Est. reading time":"4 minutes"},"schema":{"@context":"https:\/\/schema.org","@graph":[{"@type":"WebPage","@id":"https:\/\/dev.tg4.ie\/ga\/eolas\/preas\/nuacht-raitis\/2024-2\/nios-mo-na-100-uair-a-chloig-dimirt-liathroid-laimhe-le-taispeaint-beo-ar-sport-tg4-an-tseachtain-seo-chugainn\/","url":"https:\/\/dev.tg4.ie\/ga\/eolas\/preas\/nuacht-raitis\/2024-2\/nios-mo-na-100-uair-a-chloig-dimirt-liathroid-laimhe-le-taispeaint-beo-ar-sport-tg4-an-tseachtain-seo-chugainn\/","name":"N\u00edos m\u00f3 n\u00e1 100 uair a chloig d\u2019imirt liathr\u00f3id l\u00e1imhe le taispe\u00e1int beo ar Sp\u00f3rt TG4 an tseachtain seo chugainn | Preas R\u00e1iteas | TG4","isPartOf":{"@id":"https:\/\/dev.tg4.ie\/en\/#website"},"primaryImageOfPage":{"@id":"https:\/\/dev.tg4.ie\/ga\/eolas\/preas\/nuacht-raitis\/2024-2\/nios-mo-na-100-uair-a-chloig-dimirt-liathroid-laimhe-le-taispeaint-beo-ar-sport-tg4-an-tseachtain-seo-chugainn\/#primaryimage"},"image":{"@id":"https:\/\/dev.tg4.ie\/ga\/eolas\/preas\/nuacht-raitis\/2024-2\/nios-mo-na-100-uair-a-chloig-dimirt-liathroid-laimhe-le-taispeaint-beo-ar-sport-tg4-an-tseachtain-seo-chugainn\/#primaryimage"},"thumbnailUrl":"https:\/\/dev.tg4.ie\/wp-content\/uploads\/2024\/10\/Liathroid_Laimhe_Craobh_4_Bhalla_2024_1-1920x1080-1.jpg","datePublished":"2024-10-25T12:24:04+00:00","dateModified":"2024-10-25T12:24:04+00:00","description":"Is c\u00fais r\u00edm\u00e9id do TG4 a fh\u00f3gairt go mbeidh seacht l\u00e1 de chraoladh beo \u00e1 dh\u00e9anamh \u00f3 Chraobh Ceithre Bhalla an Domhain oneills.com 2024.","breadcrumb":{"@id":"https:\/\/dev.tg4.ie\/ga\/eolas\/preas\/nuacht-raitis\/2024-2\/nios-mo-na-100-uair-a-chloig-dimirt-liathroid-laimhe-le-taispeaint-beo-ar-sport-tg4-an-tseachtain-seo-chugainn\/#breadcrumb"},"inLanguage":"ga","potentialAction":[{"@type":"ReadAction","target":["https:\/\/dev.tg4.ie\/ga\/eolas\/preas\/nuacht-raitis\/2024-2\/nios-mo-na-100-uair-a-chloig-dimirt-liathroid-laimhe-le-taispeaint-beo-ar-sport-tg4-an-tseachtain-seo-chugainn\/"]}]},{"@type":"ImageObject","inLanguage":"ga","@id":"https:\/\/dev.tg4.ie\/ga\/eolas\/preas\/nuacht-raitis\/2024-2\/nios-mo-na-100-uair-a-chloig-dimirt-liathroid-laimhe-le-taispeaint-beo-ar-sport-tg4-an-tseachtain-seo-chugainn\/#primaryimage","url":"https:\/\/dev.tg4.ie\/wp-content\/uploads\/2024\/10\/Liathroid_Laimhe_Craobh_4_Bhalla_2024_1-1920x1080-1.jpg","contentUrl":"https:\/\/dev.tg4.ie\/wp-content\/uploads\/2024\/10\/Liathroid_Laimhe_Craobh_4_Bhalla_2024_1-1920x1080-1.jpg"},{"@type":"BreadcrumbList","@id":"https:\/\/dev.tg4.ie\/ga\/eolas\/preas\/nuacht-raitis\/2024-2\/nios-mo-na-100-uair-a-chloig-dimirt-liathroid-laimhe-le-taispeaint-beo-ar-sport-tg4-an-tseachtain-seo-chugainn\/#breadcrumb","itemListElement":[{"@type":"ListItem","position":1,"name":"Home","item":"https:\/\/dev.tg4.ie\/ga\/"},{"@type":"ListItem","position":2,"name":"Eolas","item":"https:\/\/dev.tg4.ie\/ga\/eolas\/"},{"@type":"ListItem","position":3,"name":"Preas","item":"https:\/\/dev.tg4.ie\/ga\/eolas\/preas\/"},{"@type":"ListItem","position":4,"name":"Nuacht R\u00e1itis","item":"https:\/\/dev.tg4.ie\/ga\/eolas\/preas\/nuacht-raitis\/"},{"@type":"ListItem","position":5,"name":"2024","item":"https:\/\/dev.tg4.ie\/ga\/eolas\/preas\/nuacht-raitis\/2024-2\/"},{"@type":"ListItem","position":6,"name":"N\u00edos m\u00f3 n\u00e1 100 uair a chloig d\u2019imirt liathr\u00f3id l\u00e1imhe le taispe\u00e1int beo ar Sp\u00f3rt TG4 an tseachtain seo chugainn"}]},{"@type":"WebSite","@id":"https:\/\/dev.tg4.ie\/en\/#website","url":"https:\/\/dev.tg4.ie\/en\/","name":"TG4","description":"S\u00fail Eile","potentialAction":[{"@type":"SearchAction","target":{"@type":"EntryPoint","urlTemplate":"https:\/\/dev.tg4.ie\/en\/?s={search_term_string}"},"query-input":"required name=search_term_string"}],"inLanguage":"ga"}]}},"_links":{"self":[{"href":"https:\/\/dev.tg4.ie\/ga\/wp-json\/wp\/v2\/pages\/234416"}],"collection":[{"href":"https:\/\/dev.tg4.ie\/ga\/wp-json\/wp\/v2\/pages"}],"about":[{"href":"https:\/\/dev.tg4.ie\/ga\/wp-json\/wp\/v2\/types\/page"}],"author":[{"embeddable":true,"href":"https:\/\/dev.tg4.ie\/ga\/wp-json\/wp\/v2\/users\/876"}],"replies":[{"embeddable":true,"href":"https:\/\/dev.tg4.ie\/ga\/wp-json\/wp\/v2\/comments?post=234416"}],"version-history":[{"count":0,"href":"https:\/\/dev.tg4.ie\/ga\/wp-json\/wp\/v2\/pages\/234416\/revisions"}],"up":[{"embeddable":true,"href":"https:\/\/dev.tg4.ie\/ga\/wp-json\/wp\/v2\/pages\/208148"}],"wp:attachment":[{"href":"https:\/\/dev.tg4.ie\/ga\/wp-json\/wp\/v2\/media?parent=234416"}],"curies":[{"name":"wp","href":"https:\/\/api.w.org\/{rel}","templated":true}]}}