{"id":234763,"date":"2024-11-01T08:39:26","date_gmt":"2024-11-01T08:39:26","guid":{"rendered":"https:\/\/dev.tg4.ie\/eolas\/preas\/nuacht-raitis\/2024-2\/laithreoiri-oga-a-lorg-2\/"},"modified":"2024-11-04T10:09:39","modified_gmt":"2024-11-04T10:09:39","slug":"gradam-an-lucht-feachana-don-phriomhscannan-eireannach-is-fearr-buaite-ag-fidil-ghorm-ag-feile-scannan-idirnaisiunta","status":"publish","type":"page","link":"https:\/\/dev.tg4.ie\/ga\/eolas\/preas\/nuacht-raitis\/2024-2\/gradam-an-lucht-feachana-don-phriomhscannan-eireannach-is-fearr-buaite-ag-fidil-ghorm-ag-feile-scannan-idirnaisiunta\/","title":{"rendered":"Gradam an Lucht F\u00e9achana don Phr\u00edomhscann\u00e1n \u00c9ireannach is Fearr Buaite ag Fidil Ghorm ag F\u00e9ile Scann\u00e1n Idirn\u00e1isi\u00fanta"},"content":{"rendered":"<table>\n<tbody>\n<tr>\n<td width=\"50%\">\n<img loading=\"lazy\" decoding=\"async\" width=\"960\" height=\"1080\" src=\"https:\/\/tg4-docs.s3.amazonaws.com\/wp-content\/uploads\/2024\/11\/04095605\/Fidil_Ghorm_NBFF_1-960x1080-1.jpg\" alt=\"\" class=\"aligncenter size-full wp-image-234830\" srcset=\"https:\/\/tg4-docs.s3.amazonaws.com\/wp-content\/uploads\/2024\/11\/04095605\/Fidil_Ghorm_NBFF_1-960x1080-1.jpg 960w, https:\/\/tg4-docs.s3.amazonaws.com\/wp-content\/uploads\/2024\/11\/04095605\/Fidil_Ghorm_NBFF_1-960x1080-1-250x281.jpg 250w, https:\/\/tg4-docs.s3.amazonaws.com\/wp-content\/uploads\/2024\/11\/04095605\/Fidil_Ghorm_NBFF_1-960x1080-1-700x788.jpg 700w, https:\/\/tg4-docs.s3.amazonaws.com\/wp-content\/uploads\/2024\/11\/04095605\/Fidil_Ghorm_NBFF_1-960x1080-1-125x141.jpg 125w, https:\/\/tg4-docs.s3.amazonaws.com\/wp-content\/uploads\/2024\/11\/04095605\/Fidil_Ghorm_NBFF_1-960x1080-1-120x135.jpg 120w\" sizes=\"(max-width: 960px) 100vw, 960px\" \/>\n<\/td>\n<td width=\"50%\">\n<img loading=\"lazy\" decoding=\"async\" width=\"960\" height=\"1080\" src=\"https:\/\/tg4-docs.s3.amazonaws.com\/wp-content\/uploads\/2024\/11\/04095603\/Fidil_Ghorm_NBFF_2-960x1080-1.jpg\" alt=\"\" class=\"aligncenter size-full wp-image-234829\" srcset=\"https:\/\/tg4-docs.s3.amazonaws.com\/wp-content\/uploads\/2024\/11\/04095603\/Fidil_Ghorm_NBFF_2-960x1080-1.jpg 960w, https:\/\/tg4-docs.s3.amazonaws.com\/wp-content\/uploads\/2024\/11\/04095603\/Fidil_Ghorm_NBFF_2-960x1080-1-250x281.jpg 250w, https:\/\/tg4-docs.s3.amazonaws.com\/wp-content\/uploads\/2024\/11\/04095603\/Fidil_Ghorm_NBFF_2-960x1080-1-700x788.jpg 700w, https:\/\/tg4-docs.s3.amazonaws.com\/wp-content\/uploads\/2024\/11\/04095603\/Fidil_Ghorm_NBFF_2-960x1080-1-125x141.jpg 125w, https:\/\/tg4-docs.s3.amazonaws.com\/wp-content\/uploads\/2024\/11\/04095603\/Fidil_Ghorm_NBFF_2-960x1080-1-120x135.jpg 120w\" sizes=\"(max-width: 960px) 100vw, 960px\" \/>\n<\/td>\n<\/tr>\n<\/tbody>\n<\/table>\n<p>&nbsp;<\/p>\n<p>T\u00e1 Gradam an Lucht F\u00e9achana don Phr\u00edomhscann\u00e1n \u00c9ireannach is Fearr buaite ag Fidil Ghorm, dr\u00e1ma Gaeilge de chuid TG4 a th\u00f3gfadh do chro\u00ed, ag F\u00e9ile Scann\u00e1n Idirn\u00e1isi\u00fanta Newport Beach in California. Chuaigh an sc\u00e9al corraitheach seo, ar cuid \u00e9 de thionscnamh Cine4, i gcion ar an lucht f\u00e9achana lena sc\u00e9al faoi mhisneach na h\u00f3ige, dra\u00edocht an cheoil agus na nithe sin a chrutha\u00edonn ceangal idir na gl\u00fanta.<br \/>\n&nbsp;<\/p>\n<p>Sa scann\u00e1n seo Fidil Ghorm, a sti\u00fair Anne McCabe, a scr\u00edobh Patricia Forde agus a l\u00e9irigh Br\u00edd Seoighe agus Pierce Boyce \u00f3 Ab\u00fa Media, cuirimid eolas ar Molly, at\u00e1 10 mbliana d\u2019aois, a chreideann go mb&#8217;fh\u00e9idir go mb\u00edogfadh a hathair, at\u00e1 gan aithne gan urlabhra, m\u00e1 fhoghlaim\u00edonn sise leis an bhfidil a sheinm ar an n\u00f3s c\u00e9anna leis f\u00e9in. Tugann a cuardach le haghaidh teagasc\u00f3ra chomh fada le hionad athshl\u00e1n\u00fach\u00e1in \u00ed, \u00e1it a bhfuil veidhlead\u00f3ir cumasach, cantalach. Tugann siad faoi aistear d\u00f3chasach le ch\u00e9ile sa t\u00f3ir ar leigheas agus athr\u00fa.<br \/>\n&nbsp;<\/p>\n<p><em>\u201cT\u00e9ann aistear Molly in Fidil Ghorm i gcion go m\u00f3r ar dhaoine agus l\u00e9ir\u00edtear dra\u00edocht agus misneach an duine tr\u00ed lionsa na Gaeilge agus an chult\u00fair\u201d<\/em>, a deir <strong>M\u00e1ire N\u00ed Chonl\u00e1in, Eagarth\u00f3ir Coimisi\u00fanaithe i TG4<\/strong>. <em>&#8220;Is m\u00f3r an on\u00f3ir d\u00fainn aitheantas an lucht f\u00e9achana a fh\u00e1il in Newport Beach agus t\u00e1 m\u00f3rtas orainn an sc\u00e9al ar leith seo a chur ar sc\u00e1ile\u00e1n mar chuid de thionscnamh Cine4, tionscnamh a leanann de th\u00fas \u00e1ite a thabhairt don sc\u00e9ala\u00edocht chumhachtach i nGaeilge.\u201d<\/em><br \/>\n&nbsp;<br \/>\nDeir <strong>Br\u00edd Seoighe, L\u00e9iritheoir<\/strong>; <em>\u201cB\u2019\u00e1bhar m\u00f3r s\u00e1saimh agus  luachmhar cult\u00fair a bh\u00ed ann d\u00fainne in\u00e1r l\u00e9iritheoir\u00ed \u00e1r scann\u00e1n a chur i l\u00e1thair lucht f\u00e9achana den ch\u00e9ad uair lasmuigh d\u2019\u00c9irinn thall in Newport Beach agus ceisteanna a fhreagairt in California a bh\u00ed curtha ag an lucht f\u00e9achana orainn faoin\u00e1r sc\u00e9al, faoin\u00e1r dteanga &#8211; an Ghaeilge, agus faoin\u00e1r n-oidhreacht cheoil. B\u2019iontach an t-\u00fadar l\u00fach\u00e1ir d\u00fainn \u00e9 freisin gur thug siad miondifr\u00edochta\u00ed go l\u00e9ir an scann\u00e1in faoi deara.\u201d<\/em><br \/>\n&nbsp;<br \/>\nSeoladh Fidil Ghorm ag Fleadh Scann\u00e1n na Gaillimhe i m\u00ed I\u00fail 2024 le taca\u00edocht \u00f3 TG4, F\u00eds \u00c9ireann agus Coimisi\u00fan na Me\u00e1n agus t\u00e1 s\u00e9 ar cheann de sh\u00e1rl\u00e9iri\u00fach\u00e1in thionscnamh ceannr\u00f3da\u00edoch Cine4, at\u00e1 ag ceili\u00faradh c\u00faig bliana anois de bheith ag cur scann\u00e1in Ghaeilge thar a bheith s\u00e1s\u00fail chun cinn.<br \/>\n&nbsp;<br \/>\nT\u00e1 cliar den scoth ag an scann\u00e1n, ina measc Ruadh\u00e1n \u00d3 Flatharta, Marcus Lamb, Sarah Jane Scott, Siobh\u00e1n O\u2019Kelly, Barry McGovern, agus Edith Lawlor, ar chuir a gcuid aisteoireachta anam agus beocht sa sc\u00e9al tochtmhar seo.<br \/>\n&nbsp;<\/p>\n<p>Sti\u00farth\u00f3ir: Anne McCabe<\/p>\n<p>Scr\u00edbhneoir: Patricia Forde<\/p>\n<p>L\u00e9iritheoir\u00ed: Br\u00edd Seoighe, Pierce Boyce<\/p>\n<p>An Chliar: Ruadh\u00e1n \u00d3 Flatharta, Marcus Lamb, Sarah Jane Scott, Siobh\u00e1n O\u2019Kelly, Barry Mc Govern, Edith Lawlor.<br \/>\n&nbsp;<\/p>\n<p>&nbsp;<\/p>\n<p>&nbsp;<\/p>\n","protected":false},"excerpt":{"rendered":"<p>&nbsp; T\u00e1 Gradam an Lucht F\u00e9achana don Phr\u00edomhscann\u00e1n \u00c9ireannach is Fearr buaite ag Fidil Ghorm, dr\u00e1ma Gaeilge de chuid TG4 a th\u00f3gfadh do chro\u00ed, ag F\u00e9ile Scann\u00e1n Idirn\u00e1isi\u00fanta Newport Beach in California. Chuaigh an sc\u00e9al corraitheach seo, ar cuid \u00e9 de thionscnamh Cine4, i gcion ar an lucht f\u00e9achana lena sc\u00e9al faoi mhisneach na h\u00f3ige, [&hellip;]<\/p>\n","protected":false},"author":876,"featured_media":0,"parent":208148,"menu_order":39,"comment_status":"closed","ping_status":"closed","template":"page-templates\/template-pr.php","meta":{"_acf_changed":false,"footnotes":""},"acf":[],"yoast_head":"<!-- This site is optimized with the Yoast SEO plugin v22.6 - https:\/\/yoast.com\/wordpress\/plugins\/seo\/ -->\n<title>Gradam an Lucht F\u00e9achana don Phr\u00edomhscann\u00e1n \u00c9ireannach is Fearr Buaite ag Fidil Ghorm ag F\u00e9ile Scann\u00e1n Idirn\u00e1isi\u00fanta | Preas R\u00e1iteas | TG4<\/title>\n<meta name=\"description\" content=\"T\u00e1 Gradam an Lucht F\u00e9achana don Phr\u00edomhscann\u00e1n \u00c9ireannach is Fearr buaite ag Fidil Ghorm, dr\u00e1ma Gaeilge de chuid TG4 a th\u00f3gfadh do chro\u00ed, ag F\u00e9ile Scann\u00e1n Idirn\u00e1isi\u00fanta Newport Beach in California.\" \/>\n<meta name=\"robots\" content=\"index, follow, max-snippet:-1, max-image-preview:large, max-video-preview:-1\" \/>\n<meta property=\"og:locale\" content=\"en_US\" \/>\n<meta property=\"og:type\" content=\"article\" \/>\n<meta property=\"og:title\" content=\"Gradam an Lucht F\u00e9achana don Phr\u00edomhscann\u00e1n \u00c9ireannach is Fearr Buaite ag Fidil Ghorm ag F\u00e9ile Scann\u00e1n Idirn\u00e1isi\u00fanta | Preas R\u00e1iteas | TG4\" \/>\n<meta property=\"og:description\" content=\"T\u00e1 Gradam an Lucht F\u00e9achana don Phr\u00edomhscann\u00e1n \u00c9ireannach is Fearr buaite ag Fidil Ghorm, dr\u00e1ma Gaeilge de chuid TG4 a th\u00f3gfadh do chro\u00ed, ag F\u00e9ile Scann\u00e1n Idirn\u00e1isi\u00fanta Newport Beach in California.\" \/>\n<meta property=\"og:url\" content=\"https:\/\/dev.tg4.ie\/ga\/eolas\/preas\/nuacht-raitis\/2024-2\/gradam-an-lucht-feachana-don-phriomhscannan-eireannach-is-fearr-buaite-ag-fidil-ghorm-ag-feile-scannan-idirnaisiunta\/\" \/>\n<meta property=\"og:site_name\" content=\"TG4\" \/>\n<meta property=\"article:publisher\" content=\"https:\/\/www.facebook.com\/TG4TV\" \/>\n<meta property=\"article:modified_time\" content=\"2024-11-04T10:09:39+00:00\" \/>\n<meta property=\"og:image\" content=\"https:\/\/tg4-docs.s3.amazonaws.com\/wp-content\/uploads\/2024\/11\/04100352\/Fidil_Ghorm_NBFF_3_1920x1080.jpg\" \/>\n\t<meta property=\"og:image:width\" content=\"1920\" \/>\n\t<meta property=\"og:image:height\" content=\"1080\" \/>\n\t<meta property=\"og:image:type\" content=\"image\/jpeg\" \/>\n<meta name=\"twitter:card\" content=\"summary_large_image\" \/>\n<meta name=\"twitter:image\" content=\"https:\/\/tg4-docs.s3.amazonaws.com\/wp-content\/uploads\/2024\/11\/04100352\/Fidil_Ghorm_NBFF_3_1920x1080.jpg\" \/>\n<meta name=\"twitter:site\" content=\"@TG4TV\" \/>\n<meta name=\"twitter:label1\" content=\"Est. reading time\" \/>\n\t<meta name=\"twitter:data1\" content=\"3 minutes\" \/>\n<script type=\"application\/ld+json\" class=\"yoast-schema-graph\">{\"@context\":\"https:\/\/schema.org\",\"@graph\":[{\"@type\":\"WebPage\",\"@id\":\"https:\/\/dev.tg4.ie\/ga\/eolas\/preas\/nuacht-raitis\/2024-2\/gradam-an-lucht-feachana-don-phriomhscannan-eireannach-is-fearr-buaite-ag-fidil-ghorm-ag-feile-scannan-idirnaisiunta\/\",\"url\":\"https:\/\/dev.tg4.ie\/ga\/eolas\/preas\/nuacht-raitis\/2024-2\/gradam-an-lucht-feachana-don-phriomhscannan-eireannach-is-fearr-buaite-ag-fidil-ghorm-ag-feile-scannan-idirnaisiunta\/\",\"name\":\"Gradam an Lucht F\u00e9achana don Phr\u00edomhscann\u00e1n \u00c9ireannach is Fearr Buaite ag Fidil Ghorm ag F\u00e9ile Scann\u00e1n Idirn\u00e1isi\u00fanta | Preas R\u00e1iteas | TG4\",\"isPartOf\":{\"@id\":\"https:\/\/dev.tg4.ie\/en\/#website\"},\"primaryImageOfPage\":{\"@id\":\"https:\/\/dev.tg4.ie\/ga\/eolas\/preas\/nuacht-raitis\/2024-2\/gradam-an-lucht-feachana-don-phriomhscannan-eireannach-is-fearr-buaite-ag-fidil-ghorm-ag-feile-scannan-idirnaisiunta\/#primaryimage\"},\"image\":{\"@id\":\"https:\/\/dev.tg4.ie\/ga\/eolas\/preas\/nuacht-raitis\/2024-2\/gradam-an-lucht-feachana-don-phriomhscannan-eireannach-is-fearr-buaite-ag-fidil-ghorm-ag-feile-scannan-idirnaisiunta\/#primaryimage\"},\"thumbnailUrl\":\"https:\/\/dev.tg4.ie\/wp-content\/uploads\/2024\/11\/Fidil_Ghorm_NBFF_1-960x1080-1.jpg\",\"datePublished\":\"2024-11-01T08:39:26+00:00\",\"dateModified\":\"2024-11-04T10:09:39+00:00\",\"description\":\"T\u00e1 Gradam an Lucht F\u00e9achana don Phr\u00edomhscann\u00e1n \u00c9ireannach is Fearr buaite ag Fidil Ghorm, dr\u00e1ma Gaeilge de chuid TG4 a th\u00f3gfadh do chro\u00ed, ag F\u00e9ile Scann\u00e1n Idirn\u00e1isi\u00fanta Newport Beach in California.\",\"breadcrumb\":{\"@id\":\"https:\/\/dev.tg4.ie\/ga\/eolas\/preas\/nuacht-raitis\/2024-2\/gradam-an-lucht-feachana-don-phriomhscannan-eireannach-is-fearr-buaite-ag-fidil-ghorm-ag-feile-scannan-idirnaisiunta\/#breadcrumb\"},\"inLanguage\":\"ga\",\"potentialAction\":[{\"@type\":\"ReadAction\",\"target\":[\"https:\/\/dev.tg4.ie\/ga\/eolas\/preas\/nuacht-raitis\/2024-2\/gradam-an-lucht-feachana-don-phriomhscannan-eireannach-is-fearr-buaite-ag-fidil-ghorm-ag-feile-scannan-idirnaisiunta\/\"]}]},{\"@type\":\"ImageObject\",\"inLanguage\":\"ga\",\"@id\":\"https:\/\/dev.tg4.ie\/ga\/eolas\/preas\/nuacht-raitis\/2024-2\/gradam-an-lucht-feachana-don-phriomhscannan-eireannach-is-fearr-buaite-ag-fidil-ghorm-ag-feile-scannan-idirnaisiunta\/#primaryimage\",\"url\":\"https:\/\/dev.tg4.ie\/wp-content\/uploads\/2024\/11\/Fidil_Ghorm_NBFF_1-960x1080-1.jpg\",\"contentUrl\":\"https:\/\/dev.tg4.ie\/wp-content\/uploads\/2024\/11\/Fidil_Ghorm_NBFF_1-960x1080-1.jpg\"},{\"@type\":\"BreadcrumbList\",\"@id\":\"https:\/\/dev.tg4.ie\/ga\/eolas\/preas\/nuacht-raitis\/2024-2\/gradam-an-lucht-feachana-don-phriomhscannan-eireannach-is-fearr-buaite-ag-fidil-ghorm-ag-feile-scannan-idirnaisiunta\/#breadcrumb\",\"itemListElement\":[{\"@type\":\"ListItem\",\"position\":1,\"name\":\"Home\",\"item\":\"https:\/\/dev.tg4.ie\/ga\/\"},{\"@type\":\"ListItem\",\"position\":2,\"name\":\"Eolas\",\"item\":\"https:\/\/dev.tg4.ie\/ga\/eolas\/\"},{\"@type\":\"ListItem\",\"position\":3,\"name\":\"Preas\",\"item\":\"https:\/\/dev.tg4.ie\/ga\/eolas\/preas\/\"},{\"@type\":\"ListItem\",\"position\":4,\"name\":\"Nuacht R\u00e1itis\",\"item\":\"https:\/\/dev.tg4.ie\/ga\/eolas\/preas\/nuacht-raitis\/\"},{\"@type\":\"ListItem\",\"position\":5,\"name\":\"2024\",\"item\":\"https:\/\/dev.tg4.ie\/ga\/eolas\/preas\/nuacht-raitis\/2024-2\/\"},{\"@type\":\"ListItem\",\"position\":6,\"name\":\"Gradam an Lucht F\u00e9achana don Phr\u00edomhscann\u00e1n \u00c9ireannach is Fearr Buaite ag Fidil Ghorm ag F\u00e9ile Scann\u00e1n Idirn\u00e1isi\u00fanta\"}]},{\"@type\":\"WebSite\",\"@id\":\"https:\/\/dev.tg4.ie\/en\/#website\",\"url\":\"https:\/\/dev.tg4.ie\/en\/\",\"name\":\"TG4\",\"description\":\"S\u00fail Eile\",\"potentialAction\":[{\"@type\":\"SearchAction\",\"target\":{\"@type\":\"EntryPoint\",\"urlTemplate\":\"https:\/\/dev.tg4.ie\/en\/?s={search_term_string}\"},\"query-input\":\"required name=search_term_string\"}],\"inLanguage\":\"ga\"}]}<\/script>\n<!-- \/ Yoast SEO plugin. -->","yoast_head_json":{"title":"Gradam an Lucht F\u00e9achana don Phr\u00edomhscann\u00e1n \u00c9ireannach is Fearr Buaite ag Fidil Ghorm ag F\u00e9ile Scann\u00e1n Idirn\u00e1isi\u00fanta | Preas R\u00e1iteas | TG4","description":"T\u00e1 Gradam an Lucht F\u00e9achana don Phr\u00edomhscann\u00e1n \u00c9ireannach is Fearr buaite ag Fidil Ghorm, dr\u00e1ma Gaeilge de chuid TG4 a th\u00f3gfadh do chro\u00ed, ag F\u00e9ile Scann\u00e1n Idirn\u00e1isi\u00fanta Newport Beach in California.","robots":{"index":"index","follow":"follow","max-snippet":"max-snippet:-1","max-image-preview":"max-image-preview:large","max-video-preview":"max-video-preview:-1"},"og_locale":"en_US","og_type":"article","og_title":"Gradam an Lucht F\u00e9achana don Phr\u00edomhscann\u00e1n \u00c9ireannach is Fearr Buaite ag Fidil Ghorm ag F\u00e9ile Scann\u00e1n Idirn\u00e1isi\u00fanta | Preas R\u00e1iteas | TG4","og_description":"T\u00e1 Gradam an Lucht F\u00e9achana don Phr\u00edomhscann\u00e1n \u00c9ireannach is Fearr buaite ag Fidil Ghorm, dr\u00e1ma Gaeilge de chuid TG4 a th\u00f3gfadh do chro\u00ed, ag F\u00e9ile Scann\u00e1n Idirn\u00e1isi\u00fanta Newport Beach in California.","og_url":"https:\/\/dev.tg4.ie\/ga\/eolas\/preas\/nuacht-raitis\/2024-2\/gradam-an-lucht-feachana-don-phriomhscannan-eireannach-is-fearr-buaite-ag-fidil-ghorm-ag-feile-scannan-idirnaisiunta\/","og_site_name":"TG4","article_publisher":"https:\/\/www.facebook.com\/TG4TV","article_modified_time":"2024-11-04T10:09:39+00:00","og_image":[{"width":1920,"height":1080,"url":"https:\/\/tg4-docs.s3.amazonaws.com\/wp-content\/uploads\/2024\/11\/04100352\/Fidil_Ghorm_NBFF_3_1920x1080.jpg","type":"image\/jpeg"}],"twitter_card":"summary_large_image","twitter_image":"https:\/\/tg4-docs.s3.amazonaws.com\/wp-content\/uploads\/2024\/11\/04100352\/Fidil_Ghorm_NBFF_3_1920x1080.jpg","twitter_site":"@TG4TV","twitter_misc":{"Est. reading time":"3 minutes"},"schema":{"@context":"https:\/\/schema.org","@graph":[{"@type":"WebPage","@id":"https:\/\/dev.tg4.ie\/ga\/eolas\/preas\/nuacht-raitis\/2024-2\/gradam-an-lucht-feachana-don-phriomhscannan-eireannach-is-fearr-buaite-ag-fidil-ghorm-ag-feile-scannan-idirnaisiunta\/","url":"https:\/\/dev.tg4.ie\/ga\/eolas\/preas\/nuacht-raitis\/2024-2\/gradam-an-lucht-feachana-don-phriomhscannan-eireannach-is-fearr-buaite-ag-fidil-ghorm-ag-feile-scannan-idirnaisiunta\/","name":"Gradam an Lucht F\u00e9achana don Phr\u00edomhscann\u00e1n \u00c9ireannach is Fearr Buaite ag Fidil Ghorm ag F\u00e9ile Scann\u00e1n Idirn\u00e1isi\u00fanta | Preas R\u00e1iteas | TG4","isPartOf":{"@id":"https:\/\/dev.tg4.ie\/en\/#website"},"primaryImageOfPage":{"@id":"https:\/\/dev.tg4.ie\/ga\/eolas\/preas\/nuacht-raitis\/2024-2\/gradam-an-lucht-feachana-don-phriomhscannan-eireannach-is-fearr-buaite-ag-fidil-ghorm-ag-feile-scannan-idirnaisiunta\/#primaryimage"},"image":{"@id":"https:\/\/dev.tg4.ie\/ga\/eolas\/preas\/nuacht-raitis\/2024-2\/gradam-an-lucht-feachana-don-phriomhscannan-eireannach-is-fearr-buaite-ag-fidil-ghorm-ag-feile-scannan-idirnaisiunta\/#primaryimage"},"thumbnailUrl":"https:\/\/dev.tg4.ie\/wp-content\/uploads\/2024\/11\/Fidil_Ghorm_NBFF_1-960x1080-1.jpg","datePublished":"2024-11-01T08:39:26+00:00","dateModified":"2024-11-04T10:09:39+00:00","description":"T\u00e1 Gradam an Lucht F\u00e9achana don Phr\u00edomhscann\u00e1n \u00c9ireannach is Fearr buaite ag Fidil Ghorm, dr\u00e1ma Gaeilge de chuid TG4 a th\u00f3gfadh do chro\u00ed, ag F\u00e9ile Scann\u00e1n Idirn\u00e1isi\u00fanta Newport Beach in California.","breadcrumb":{"@id":"https:\/\/dev.tg4.ie\/ga\/eolas\/preas\/nuacht-raitis\/2024-2\/gradam-an-lucht-feachana-don-phriomhscannan-eireannach-is-fearr-buaite-ag-fidil-ghorm-ag-feile-scannan-idirnaisiunta\/#breadcrumb"},"inLanguage":"ga","potentialAction":[{"@type":"ReadAction","target":["https:\/\/dev.tg4.ie\/ga\/eolas\/preas\/nuacht-raitis\/2024-2\/gradam-an-lucht-feachana-don-phriomhscannan-eireannach-is-fearr-buaite-ag-fidil-ghorm-ag-feile-scannan-idirnaisiunta\/"]}]},{"@type":"ImageObject","inLanguage":"ga","@id":"https:\/\/dev.tg4.ie\/ga\/eolas\/preas\/nuacht-raitis\/2024-2\/gradam-an-lucht-feachana-don-phriomhscannan-eireannach-is-fearr-buaite-ag-fidil-ghorm-ag-feile-scannan-idirnaisiunta\/#primaryimage","url":"https:\/\/dev.tg4.ie\/wp-content\/uploads\/2024\/11\/Fidil_Ghorm_NBFF_1-960x1080-1.jpg","contentUrl":"https:\/\/dev.tg4.ie\/wp-content\/uploads\/2024\/11\/Fidil_Ghorm_NBFF_1-960x1080-1.jpg"},{"@type":"BreadcrumbList","@id":"https:\/\/dev.tg4.ie\/ga\/eolas\/preas\/nuacht-raitis\/2024-2\/gradam-an-lucht-feachana-don-phriomhscannan-eireannach-is-fearr-buaite-ag-fidil-ghorm-ag-feile-scannan-idirnaisiunta\/#breadcrumb","itemListElement":[{"@type":"ListItem","position":1,"name":"Home","item":"https:\/\/dev.tg4.ie\/ga\/"},{"@type":"ListItem","position":2,"name":"Eolas","item":"https:\/\/dev.tg4.ie\/ga\/eolas\/"},{"@type":"ListItem","position":3,"name":"Preas","item":"https:\/\/dev.tg4.ie\/ga\/eolas\/preas\/"},{"@type":"ListItem","position":4,"name":"Nuacht R\u00e1itis","item":"https:\/\/dev.tg4.ie\/ga\/eolas\/preas\/nuacht-raitis\/"},{"@type":"ListItem","position":5,"name":"2024","item":"https:\/\/dev.tg4.ie\/ga\/eolas\/preas\/nuacht-raitis\/2024-2\/"},{"@type":"ListItem","position":6,"name":"Gradam an Lucht F\u00e9achana don Phr\u00edomhscann\u00e1n \u00c9ireannach is Fearr Buaite ag Fidil Ghorm ag F\u00e9ile Scann\u00e1n Idirn\u00e1isi\u00fanta"}]},{"@type":"WebSite","@id":"https:\/\/dev.tg4.ie\/en\/#website","url":"https:\/\/dev.tg4.ie\/en\/","name":"TG4","description":"S\u00fail Eile","potentialAction":[{"@type":"SearchAction","target":{"@type":"EntryPoint","urlTemplate":"https:\/\/dev.tg4.ie\/en\/?s={search_term_string}"},"query-input":"required name=search_term_string"}],"inLanguage":"ga"}]}},"_links":{"self":[{"href":"https:\/\/dev.tg4.ie\/ga\/wp-json\/wp\/v2\/pages\/234763"}],"collection":[{"href":"https:\/\/dev.tg4.ie\/ga\/wp-json\/wp\/v2\/pages"}],"about":[{"href":"https:\/\/dev.tg4.ie\/ga\/wp-json\/wp\/v2\/types\/page"}],"author":[{"embeddable":true,"href":"https:\/\/dev.tg4.ie\/ga\/wp-json\/wp\/v2\/users\/876"}],"replies":[{"embeddable":true,"href":"https:\/\/dev.tg4.ie\/ga\/wp-json\/wp\/v2\/comments?post=234763"}],"version-history":[{"count":0,"href":"https:\/\/dev.tg4.ie\/ga\/wp-json\/wp\/v2\/pages\/234763\/revisions"}],"up":[{"embeddable":true,"href":"https:\/\/dev.tg4.ie\/ga\/wp-json\/wp\/v2\/pages\/208148"}],"wp:attachment":[{"href":"https:\/\/dev.tg4.ie\/ga\/wp-json\/wp\/v2\/media?parent=234763"}],"curies":[{"name":"wp","href":"https:\/\/api.w.org\/{rel}","templated":true}]}}