{"id":234920,"date":"2024-11-08T15:53:26","date_gmt":"2024-11-08T15:53:26","guid":{"rendered":"https:\/\/dev.tg4.ie\/?page_id=234920"},"modified":"2024-11-08T15:53:26","modified_gmt":"2024-11-08T15:53:26","slug":"ta-ipsos-ba-coimisiunaithe-ag-tg4-chun-tabhairt-faoi-cheithre-phobalbhreith-dailcheantair-roimh-an-olltoghchan","status":"publish","type":"page","link":"https:\/\/dev.tg4.ie\/ga\/eolas\/preas\/nuacht-raitis\/2024-2\/ta-ipsos-ba-coimisiunaithe-ag-tg4-chun-tabhairt-faoi-cheithre-phobalbhreith-dailcheantair-roimh-an-olltoghchan\/","title":{"rendered":"T\u00e1 Ipsos B&#038;A Coimisi\u00fanaithe ag TG4 chun tabhairt faoi Cheithre Phobalbhreith D\u00e1ilcheantair roimh an Olltoghch\u00e1n"},"content":{"rendered":"<table>\n<tbody>\n<tr>\n<td width=\"100%\">\n<img loading=\"lazy\" decoding=\"async\" width=\"1920\" height=\"1080\" src=\"https:\/\/tg4-docs.s3.amazonaws.com\/wp-content\/uploads\/2024\/06\/05124820\/Vota2024_3-1920x1080-1.jpg\" alt=\"\" class=\"aligncenter size-full wp-image-217140\" srcset=\"https:\/\/tg4-docs.s3.amazonaws.com\/wp-content\/uploads\/2024\/06\/05124820\/Vota2024_3-1920x1080-1.jpg 1920w, https:\/\/tg4-docs.s3.amazonaws.com\/wp-content\/uploads\/2024\/06\/05124820\/Vota2024_3-1920x1080-1-250x141.jpg 250w, https:\/\/tg4-docs.s3.amazonaws.com\/wp-content\/uploads\/2024\/06\/05124820\/Vota2024_3-1920x1080-1-700x394.jpg 700w, https:\/\/tg4-docs.s3.amazonaws.com\/wp-content\/uploads\/2024\/06\/05124820\/Vota2024_3-1920x1080-1-252x141.jpg 252w, https:\/\/tg4-docs.s3.amazonaws.com\/wp-content\/uploads\/2024\/06\/05124820\/Vota2024_3-1920x1080-1-1536x864.jpg 1536w, https:\/\/tg4-docs.s3.amazonaws.com\/wp-content\/uploads\/2024\/06\/05124820\/Vota2024_3-1920x1080-1-120x68.jpg 120w\" sizes=\"(max-width: 1920px) 100vw, 1920px\" \/>\n<\/td>\n<\/tr>\n<\/tbody>\n<\/table>\n<p><center><sup>Si\u00fan Nic Gearailt agus Eimear N\u00ed Chonaola &#8211; Nuacht TG4<\/sup><\/center><br \/>\n&nbsp;<\/p>\n<p>T\u00e1 an m\u00f3rchomhlacht taighde margaidh Ipsos B&#038;A coimisi\u00fanaithe ag TG4 le tabhairt faoi cheithre phobalbhreith d\u00e1ilcheantair roimh an olltoghch\u00e1n.<br \/>\n&nbsp;<\/p>\n<p>Beidh na pobalbhreitheanna d\u00edrithe ar dh\u00e1ilcheantair ina bhfuil c\u00faig su\u00edoch\u00e1in, is iad sin Gaillimh Thiar, D\u00fan na nGall, Maigh Eo agus Ciarra\u00ed, ina bhfuiltear ag s\u00fail go mbeidh an toghch\u00e1n an-ioma\u00edoch agus measc\u00e1n d\u2019Air\u00ed at\u00e1 in oifig, agus Teachta\u00ed D\u00e1la reatha, chomh maith le hiarrth\u00f3ir\u00ed nua ag rith sa r\u00e1s.  T\u00e1 s\u00e9 f\u00f3gartha ag roinnt daoine iomr\u00e1iteacha i ngach aon cheann de na d\u00e1ilcheantair nach mbeid\u00eds ag iarraidh go n-atoghfa\u00ed iad, ag tabhairt deis d\u2019iomaitheoir\u00ed nua.<br \/>\n&nbsp;<\/p>\n<p>F\u00f3gr\u00f3far tortha\u00ed na bpobalbhreitheanna go heisiach ar <strong>Nuacht TG4<\/strong> ag tos\u00fa le Gaillimh Thiar D\u00e9ardaoin an 14 Samhain.   <\/p>\n<p>Craolfar pobalbhreith dh\u00e1ilcheantar Dh\u00fan na nGall D\u00e9 M\u00e1irt an 19   Samhain, craolfar pobalbhreith Mhaigh Eo D\u00e9ardaoin an 21  Samhain agus craolfar pobalbhreith Chiarra\u00ed D\u00e9 M\u00e1irt an 26 Samhain. <\/p>\n<p>D\u00e9anfaidh Eimear N\u00ed Chonaola agus Si\u00fan Nic Gearailt anail\u00eds ar thortha\u00ed gach d\u00e1ilcheantair agus beidh pain\u00e9alaithe agus saineolaithe ina dteannta.  <\/p>\n<p>&nbsp;<\/p>\n<p><strong>Nuacht TG4<\/strong><\/p>\n<p>Gaillimh Thiar &#8211; 14 Samhain  &#8211; 19:00<\/p>\n<p>D\u00fan na nGall 19 Samhain &#8211; 19:00<\/p>\n<p>Maigh Eo   21 Samhain  &#8211; 19:00 <\/p>\n<p>Ciarra\u00ed  26 Samhain &#8211; 19:00<\/p>\n<p>&nbsp;<\/p>\n","protected":false},"excerpt":{"rendered":"<p>Si\u00fan Nic Gearailt agus Eimear N\u00ed Chonaola &#8211; Nuacht TG4 &nbsp; T\u00e1 an m\u00f3rchomhlacht taighde margaidh Ipsos B&#038;A coimisi\u00fanaithe ag TG4 le tabhairt faoi cheithre phobalbhreith d\u00e1ilcheantair roimh an olltoghch\u00e1n. &nbsp; Beidh na pobalbhreitheanna d\u00edrithe ar dh\u00e1ilcheantair ina bhfuil c\u00faig su\u00edoch\u00e1in, is iad sin Gaillimh Thiar, D\u00fan na nGall, Maigh Eo agus Ciarra\u00ed, ina bhfuiltear [&hellip;]<\/p>\n","protected":false},"author":876,"featured_media":0,"parent":208148,"menu_order":41,"comment_status":"closed","ping_status":"closed","template":"page-templates\/template-pr.php","meta":{"_acf_changed":false,"footnotes":""},"acf":[],"yoast_head":"<!-- This site is optimized with the Yoast SEO plugin v22.6 - https:\/\/yoast.com\/wordpress\/plugins\/seo\/ -->\n<title>T\u00e1 Ipsos B&amp;A Coimisi\u00fanaithe ag TG4 chun tabhairt faoi Cheithre Phobalbhreith D\u00e1ilcheantair roimh an Olltoghch\u00e1n | Preas R\u00e1iteas | TG4<\/title>\n<meta name=\"description\" content=\"T\u00e1 an m\u00f3rchomhlacht taighde margaidh Ipsos B&amp;A coimisi\u00fanaithe ag TG4 le tabhairt faoi cheithre phobalbhreith d\u00e1ilcheantair roimh an olltoghch\u00e1n.\" \/>\n<meta name=\"robots\" content=\"index, follow, max-snippet:-1, max-image-preview:large, max-video-preview:-1\" \/>\n<meta property=\"og:locale\" content=\"en_US\" \/>\n<meta property=\"og:type\" content=\"article\" \/>\n<meta property=\"og:title\" content=\"T\u00e1 Ipsos B&amp;A Coimisi\u00fanaithe ag TG4 chun tabhairt faoi Cheithre Phobalbhreith D\u00e1ilcheantair roimh an Olltoghch\u00e1n | Preas R\u00e1iteas | TG4\" \/>\n<meta property=\"og:description\" content=\"T\u00e1 an m\u00f3rchomhlacht taighde margaidh Ipsos B&amp;A coimisi\u00fanaithe ag TG4 le tabhairt faoi cheithre phobalbhreith d\u00e1ilcheantair roimh an olltoghch\u00e1n.\" \/>\n<meta property=\"og:url\" content=\"https:\/\/dev.tg4.ie\/ga\/eolas\/preas\/nuacht-raitis\/2024-2\/ta-ipsos-ba-coimisiunaithe-ag-tg4-chun-tabhairt-faoi-cheithre-phobalbhreith-dailcheantair-roimh-an-olltoghchan\/\" \/>\n<meta property=\"og:site_name\" content=\"TG4\" \/>\n<meta property=\"article:publisher\" content=\"https:\/\/www.facebook.com\/TG4TV\" \/>\n<meta property=\"og:image\" content=\"https:\/\/tg4-docs.s3.amazonaws.com\/wp-content\/uploads\/2024\/06\/05124820\/Vota2024_3-1920x1080-1.jpg\" \/>\n\t<meta property=\"og:image:width\" content=\"1920\" \/>\n\t<meta property=\"og:image:height\" content=\"1080\" \/>\n\t<meta property=\"og:image:type\" content=\"image\/jpeg\" \/>\n<meta name=\"twitter:card\" content=\"summary_large_image\" \/>\n<meta name=\"twitter:image\" content=\"https:\/\/tg4-docs.s3.amazonaws.com\/wp-content\/uploads\/2024\/06\/05124820\/Vota2024_3-1920x1080-1.jpg\" \/>\n<meta name=\"twitter:site\" content=\"@TG4TV\" \/>\n<meta name=\"twitter:label1\" content=\"Est. reading time\" \/>\n\t<meta name=\"twitter:data1\" content=\"2 minutes\" \/>\n<script type=\"application\/ld+json\" class=\"yoast-schema-graph\">{\"@context\":\"https:\/\/schema.org\",\"@graph\":[{\"@type\":\"WebPage\",\"@id\":\"https:\/\/dev.tg4.ie\/ga\/eolas\/preas\/nuacht-raitis\/2024-2\/ta-ipsos-ba-coimisiunaithe-ag-tg4-chun-tabhairt-faoi-cheithre-phobalbhreith-dailcheantair-roimh-an-olltoghchan\/\",\"url\":\"https:\/\/dev.tg4.ie\/ga\/eolas\/preas\/nuacht-raitis\/2024-2\/ta-ipsos-ba-coimisiunaithe-ag-tg4-chun-tabhairt-faoi-cheithre-phobalbhreith-dailcheantair-roimh-an-olltoghchan\/\",\"name\":\"T\u00e1 Ipsos B&A Coimisi\u00fanaithe ag TG4 chun tabhairt faoi Cheithre Phobalbhreith D\u00e1ilcheantair roimh an Olltoghch\u00e1n | Preas R\u00e1iteas | TG4\",\"isPartOf\":{\"@id\":\"https:\/\/dev.tg4.ie\/en\/#website\"},\"primaryImageOfPage\":{\"@id\":\"https:\/\/dev.tg4.ie\/ga\/eolas\/preas\/nuacht-raitis\/2024-2\/ta-ipsos-ba-coimisiunaithe-ag-tg4-chun-tabhairt-faoi-cheithre-phobalbhreith-dailcheantair-roimh-an-olltoghchan\/#primaryimage\"},\"image\":{\"@id\":\"https:\/\/dev.tg4.ie\/ga\/eolas\/preas\/nuacht-raitis\/2024-2\/ta-ipsos-ba-coimisiunaithe-ag-tg4-chun-tabhairt-faoi-cheithre-phobalbhreith-dailcheantair-roimh-an-olltoghchan\/#primaryimage\"},\"thumbnailUrl\":\"https:\/\/dev.tg4.ie\/wp-content\/uploads\/2024\/06\/Vota2024_3-1920x1080-1.jpg\",\"datePublished\":\"2024-11-08T15:53:26+00:00\",\"dateModified\":\"2024-11-08T15:53:26+00:00\",\"description\":\"T\u00e1 an m\u00f3rchomhlacht taighde margaidh Ipsos B&A coimisi\u00fanaithe ag TG4 le tabhairt faoi cheithre phobalbhreith d\u00e1ilcheantair roimh an olltoghch\u00e1n.\",\"breadcrumb\":{\"@id\":\"https:\/\/dev.tg4.ie\/ga\/eolas\/preas\/nuacht-raitis\/2024-2\/ta-ipsos-ba-coimisiunaithe-ag-tg4-chun-tabhairt-faoi-cheithre-phobalbhreith-dailcheantair-roimh-an-olltoghchan\/#breadcrumb\"},\"inLanguage\":\"ga\",\"potentialAction\":[{\"@type\":\"ReadAction\",\"target\":[\"https:\/\/dev.tg4.ie\/ga\/eolas\/preas\/nuacht-raitis\/2024-2\/ta-ipsos-ba-coimisiunaithe-ag-tg4-chun-tabhairt-faoi-cheithre-phobalbhreith-dailcheantair-roimh-an-olltoghchan\/\"]}]},{\"@type\":\"ImageObject\",\"inLanguage\":\"ga\",\"@id\":\"https:\/\/dev.tg4.ie\/ga\/eolas\/preas\/nuacht-raitis\/2024-2\/ta-ipsos-ba-coimisiunaithe-ag-tg4-chun-tabhairt-faoi-cheithre-phobalbhreith-dailcheantair-roimh-an-olltoghchan\/#primaryimage\",\"url\":\"https:\/\/dev.tg4.ie\/wp-content\/uploads\/2024\/06\/Vota2024_3-1920x1080-1.jpg\",\"contentUrl\":\"https:\/\/dev.tg4.ie\/wp-content\/uploads\/2024\/06\/Vota2024_3-1920x1080-1.jpg\"},{\"@type\":\"BreadcrumbList\",\"@id\":\"https:\/\/dev.tg4.ie\/ga\/eolas\/preas\/nuacht-raitis\/2024-2\/ta-ipsos-ba-coimisiunaithe-ag-tg4-chun-tabhairt-faoi-cheithre-phobalbhreith-dailcheantair-roimh-an-olltoghchan\/#breadcrumb\",\"itemListElement\":[{\"@type\":\"ListItem\",\"position\":1,\"name\":\"Home\",\"item\":\"https:\/\/dev.tg4.ie\/ga\/\"},{\"@type\":\"ListItem\",\"position\":2,\"name\":\"Eolas\",\"item\":\"https:\/\/dev.tg4.ie\/ga\/eolas\/\"},{\"@type\":\"ListItem\",\"position\":3,\"name\":\"Preas\",\"item\":\"https:\/\/dev.tg4.ie\/ga\/eolas\/preas\/\"},{\"@type\":\"ListItem\",\"position\":4,\"name\":\"Nuacht R\u00e1itis\",\"item\":\"https:\/\/dev.tg4.ie\/ga\/eolas\/preas\/nuacht-raitis\/\"},{\"@type\":\"ListItem\",\"position\":5,\"name\":\"2024\",\"item\":\"https:\/\/dev.tg4.ie\/ga\/eolas\/preas\/nuacht-raitis\/2024-2\/\"},{\"@type\":\"ListItem\",\"position\":6,\"name\":\"T\u00e1 Ipsos B&#038;A Coimisi\u00fanaithe ag TG4 chun tabhairt faoi Cheithre Phobalbhreith D\u00e1ilcheantair roimh an Olltoghch\u00e1n\"}]},{\"@type\":\"WebSite\",\"@id\":\"https:\/\/dev.tg4.ie\/en\/#website\",\"url\":\"https:\/\/dev.tg4.ie\/en\/\",\"name\":\"TG4\",\"description\":\"S\u00fail Eile\",\"potentialAction\":[{\"@type\":\"SearchAction\",\"target\":{\"@type\":\"EntryPoint\",\"urlTemplate\":\"https:\/\/dev.tg4.ie\/en\/?s={search_term_string}\"},\"query-input\":\"required name=search_term_string\"}],\"inLanguage\":\"ga\"}]}<\/script>\n<!-- \/ Yoast SEO plugin. -->","yoast_head_json":{"title":"T\u00e1 Ipsos B&A Coimisi\u00fanaithe ag TG4 chun tabhairt faoi Cheithre Phobalbhreith D\u00e1ilcheantair roimh an Olltoghch\u00e1n | Preas R\u00e1iteas | TG4","description":"T\u00e1 an m\u00f3rchomhlacht taighde margaidh Ipsos B&A coimisi\u00fanaithe ag TG4 le tabhairt faoi cheithre phobalbhreith d\u00e1ilcheantair roimh an olltoghch\u00e1n.","robots":{"index":"index","follow":"follow","max-snippet":"max-snippet:-1","max-image-preview":"max-image-preview:large","max-video-preview":"max-video-preview:-1"},"og_locale":"en_US","og_type":"article","og_title":"T\u00e1 Ipsos B&A Coimisi\u00fanaithe ag TG4 chun tabhairt faoi Cheithre Phobalbhreith D\u00e1ilcheantair roimh an Olltoghch\u00e1n | Preas R\u00e1iteas | TG4","og_description":"T\u00e1 an m\u00f3rchomhlacht taighde margaidh Ipsos B&A coimisi\u00fanaithe ag TG4 le tabhairt faoi cheithre phobalbhreith d\u00e1ilcheantair roimh an olltoghch\u00e1n.","og_url":"https:\/\/dev.tg4.ie\/ga\/eolas\/preas\/nuacht-raitis\/2024-2\/ta-ipsos-ba-coimisiunaithe-ag-tg4-chun-tabhairt-faoi-cheithre-phobalbhreith-dailcheantair-roimh-an-olltoghchan\/","og_site_name":"TG4","article_publisher":"https:\/\/www.facebook.com\/TG4TV","og_image":[{"width":1920,"height":1080,"url":"https:\/\/tg4-docs.s3.amazonaws.com\/wp-content\/uploads\/2024\/06\/05124820\/Vota2024_3-1920x1080-1.jpg","type":"image\/jpeg"}],"twitter_card":"summary_large_image","twitter_image":"https:\/\/tg4-docs.s3.amazonaws.com\/wp-content\/uploads\/2024\/06\/05124820\/Vota2024_3-1920x1080-1.jpg","twitter_site":"@TG4TV","twitter_misc":{"Est. reading time":"2 minutes"},"schema":{"@context":"https:\/\/schema.org","@graph":[{"@type":"WebPage","@id":"https:\/\/dev.tg4.ie\/ga\/eolas\/preas\/nuacht-raitis\/2024-2\/ta-ipsos-ba-coimisiunaithe-ag-tg4-chun-tabhairt-faoi-cheithre-phobalbhreith-dailcheantair-roimh-an-olltoghchan\/","url":"https:\/\/dev.tg4.ie\/ga\/eolas\/preas\/nuacht-raitis\/2024-2\/ta-ipsos-ba-coimisiunaithe-ag-tg4-chun-tabhairt-faoi-cheithre-phobalbhreith-dailcheantair-roimh-an-olltoghchan\/","name":"T\u00e1 Ipsos B&A Coimisi\u00fanaithe ag TG4 chun tabhairt faoi Cheithre Phobalbhreith D\u00e1ilcheantair roimh an Olltoghch\u00e1n | Preas R\u00e1iteas | TG4","isPartOf":{"@id":"https:\/\/dev.tg4.ie\/en\/#website"},"primaryImageOfPage":{"@id":"https:\/\/dev.tg4.ie\/ga\/eolas\/preas\/nuacht-raitis\/2024-2\/ta-ipsos-ba-coimisiunaithe-ag-tg4-chun-tabhairt-faoi-cheithre-phobalbhreith-dailcheantair-roimh-an-olltoghchan\/#primaryimage"},"image":{"@id":"https:\/\/dev.tg4.ie\/ga\/eolas\/preas\/nuacht-raitis\/2024-2\/ta-ipsos-ba-coimisiunaithe-ag-tg4-chun-tabhairt-faoi-cheithre-phobalbhreith-dailcheantair-roimh-an-olltoghchan\/#primaryimage"},"thumbnailUrl":"https:\/\/dev.tg4.ie\/wp-content\/uploads\/2024\/06\/Vota2024_3-1920x1080-1.jpg","datePublished":"2024-11-08T15:53:26+00:00","dateModified":"2024-11-08T15:53:26+00:00","description":"T\u00e1 an m\u00f3rchomhlacht taighde margaidh Ipsos B&A coimisi\u00fanaithe ag TG4 le tabhairt faoi cheithre phobalbhreith d\u00e1ilcheantair roimh an olltoghch\u00e1n.","breadcrumb":{"@id":"https:\/\/dev.tg4.ie\/ga\/eolas\/preas\/nuacht-raitis\/2024-2\/ta-ipsos-ba-coimisiunaithe-ag-tg4-chun-tabhairt-faoi-cheithre-phobalbhreith-dailcheantair-roimh-an-olltoghchan\/#breadcrumb"},"inLanguage":"ga","potentialAction":[{"@type":"ReadAction","target":["https:\/\/dev.tg4.ie\/ga\/eolas\/preas\/nuacht-raitis\/2024-2\/ta-ipsos-ba-coimisiunaithe-ag-tg4-chun-tabhairt-faoi-cheithre-phobalbhreith-dailcheantair-roimh-an-olltoghchan\/"]}]},{"@type":"ImageObject","inLanguage":"ga","@id":"https:\/\/dev.tg4.ie\/ga\/eolas\/preas\/nuacht-raitis\/2024-2\/ta-ipsos-ba-coimisiunaithe-ag-tg4-chun-tabhairt-faoi-cheithre-phobalbhreith-dailcheantair-roimh-an-olltoghchan\/#primaryimage","url":"https:\/\/dev.tg4.ie\/wp-content\/uploads\/2024\/06\/Vota2024_3-1920x1080-1.jpg","contentUrl":"https:\/\/dev.tg4.ie\/wp-content\/uploads\/2024\/06\/Vota2024_3-1920x1080-1.jpg"},{"@type":"BreadcrumbList","@id":"https:\/\/dev.tg4.ie\/ga\/eolas\/preas\/nuacht-raitis\/2024-2\/ta-ipsos-ba-coimisiunaithe-ag-tg4-chun-tabhairt-faoi-cheithre-phobalbhreith-dailcheantair-roimh-an-olltoghchan\/#breadcrumb","itemListElement":[{"@type":"ListItem","position":1,"name":"Home","item":"https:\/\/dev.tg4.ie\/ga\/"},{"@type":"ListItem","position":2,"name":"Eolas","item":"https:\/\/dev.tg4.ie\/ga\/eolas\/"},{"@type":"ListItem","position":3,"name":"Preas","item":"https:\/\/dev.tg4.ie\/ga\/eolas\/preas\/"},{"@type":"ListItem","position":4,"name":"Nuacht R\u00e1itis","item":"https:\/\/dev.tg4.ie\/ga\/eolas\/preas\/nuacht-raitis\/"},{"@type":"ListItem","position":5,"name":"2024","item":"https:\/\/dev.tg4.ie\/ga\/eolas\/preas\/nuacht-raitis\/2024-2\/"},{"@type":"ListItem","position":6,"name":"T\u00e1 Ipsos B&#038;A Coimisi\u00fanaithe ag TG4 chun tabhairt faoi Cheithre Phobalbhreith D\u00e1ilcheantair roimh an Olltoghch\u00e1n"}]},{"@type":"WebSite","@id":"https:\/\/dev.tg4.ie\/en\/#website","url":"https:\/\/dev.tg4.ie\/en\/","name":"TG4","description":"S\u00fail Eile","potentialAction":[{"@type":"SearchAction","target":{"@type":"EntryPoint","urlTemplate":"https:\/\/dev.tg4.ie\/en\/?s={search_term_string}"},"query-input":"required name=search_term_string"}],"inLanguage":"ga"}]}},"_links":{"self":[{"href":"https:\/\/dev.tg4.ie\/ga\/wp-json\/wp\/v2\/pages\/234920"}],"collection":[{"href":"https:\/\/dev.tg4.ie\/ga\/wp-json\/wp\/v2\/pages"}],"about":[{"href":"https:\/\/dev.tg4.ie\/ga\/wp-json\/wp\/v2\/types\/page"}],"author":[{"embeddable":true,"href":"https:\/\/dev.tg4.ie\/ga\/wp-json\/wp\/v2\/users\/876"}],"replies":[{"embeddable":true,"href":"https:\/\/dev.tg4.ie\/ga\/wp-json\/wp\/v2\/comments?post=234920"}],"version-history":[{"count":0,"href":"https:\/\/dev.tg4.ie\/ga\/wp-json\/wp\/v2\/pages\/234920\/revisions"}],"up":[{"embeddable":true,"href":"https:\/\/dev.tg4.ie\/ga\/wp-json\/wp\/v2\/pages\/208148"}],"wp:attachment":[{"href":"https:\/\/dev.tg4.ie\/ga\/wp-json\/wp\/v2\/media?parent=234920"}],"curies":[{"name":"wp","href":"https:\/\/api.w.org\/{rel}","templated":true}]}}