{"id":235015,"date":"2024-11-12T16:26:49","date_gmt":"2024-11-12T16:26:49","guid":{"rendered":"https:\/\/dev.tg4.ie\/?page_id=235015"},"modified":"2024-11-15T12:57:31","modified_gmt":"2024-11-15T12:57:31","slug":"an-lion-is-mo-lucht-feachana-riamh-tarraingthe-ag-cludach-tg4-ar-chraobhchomortas-ceithre-bhalla-an-domhain-2024-oneills-com","status":"publish","type":"page","link":"https:\/\/dev.tg4.ie\/ga\/eolas\/preas\/nuacht-raitis\/2024-2\/an-lion-is-mo-lucht-feachana-riamh-tarraingthe-ag-cludach-tg4-ar-chraobhchomortas-ceithre-bhalla-an-domhain-2024-oneills-com\/","title":{"rendered":"An l\u00edon is m\u00f3 lucht f\u00e9achana riamh tarraingthe ag Cl\u00fadach TG4 ar Chraobhchom\u00f3rtas Ceithre Bhalla an Domhain 2024 O&#8217;Neills.com"},"content":{"rendered":"<table>\n<tbody>\n<tr>\n<td width=\"33%\">\n<img loading=\"lazy\" decoding=\"async\" width=\"1920\" height=\"1080\" src=\"https:\/\/tg4-docs.s3.amazonaws.com\/wp-content\/uploads\/2024\/11\/12161721\/Ceithre_Bhalla_2024_3.jpg\" alt=\"\" class=\"aligncenter size-full wp-image-235017\" srcset=\"https:\/\/tg4-docs.s3.amazonaws.com\/wp-content\/uploads\/2024\/11\/12161721\/Ceithre_Bhalla_2024_3.jpg 1920w, https:\/\/tg4-docs.s3.amazonaws.com\/wp-content\/uploads\/2024\/11\/12161721\/Ceithre_Bhalla_2024_3-250x141.jpg 250w, https:\/\/tg4-docs.s3.amazonaws.com\/wp-content\/uploads\/2024\/11\/12161721\/Ceithre_Bhalla_2024_3-700x394.jpg 700w, https:\/\/tg4-docs.s3.amazonaws.com\/wp-content\/uploads\/2024\/11\/12161721\/Ceithre_Bhalla_2024_3-252x141.jpg 252w, https:\/\/tg4-docs.s3.amazonaws.com\/wp-content\/uploads\/2024\/11\/12161721\/Ceithre_Bhalla_2024_3-1536x864.jpg 1536w, https:\/\/tg4-docs.s3.amazonaws.com\/wp-content\/uploads\/2024\/11\/12161721\/Ceithre_Bhalla_2024_3-120x68.jpg 120w\" sizes=\"(max-width: 1920px) 100vw, 1920px\" \/>\n<\/td>\n<td width=\"33%\">\n<img loading=\"lazy\" decoding=\"async\" width=\"1920\" height=\"1080\" src=\"https:\/\/tg4-docs.s3.amazonaws.com\/wp-content\/uploads\/2024\/11\/12161724\/Ceithre_Bhalla_2024_2.jpg\" alt=\"\" class=\"aligncenter size-full wp-image-235018\" srcset=\"https:\/\/tg4-docs.s3.amazonaws.com\/wp-content\/uploads\/2024\/11\/12161724\/Ceithre_Bhalla_2024_2.jpg 1920w, https:\/\/tg4-docs.s3.amazonaws.com\/wp-content\/uploads\/2024\/11\/12161724\/Ceithre_Bhalla_2024_2-250x141.jpg 250w, https:\/\/tg4-docs.s3.amazonaws.com\/wp-content\/uploads\/2024\/11\/12161724\/Ceithre_Bhalla_2024_2-700x394.jpg 700w, https:\/\/tg4-docs.s3.amazonaws.com\/wp-content\/uploads\/2024\/11\/12161724\/Ceithre_Bhalla_2024_2-252x141.jpg 252w, https:\/\/tg4-docs.s3.amazonaws.com\/wp-content\/uploads\/2024\/11\/12161724\/Ceithre_Bhalla_2024_2-1536x864.jpg 1536w, https:\/\/tg4-docs.s3.amazonaws.com\/wp-content\/uploads\/2024\/11\/12161724\/Ceithre_Bhalla_2024_2-120x68.jpg 120w\" sizes=\"(max-width: 1920px) 100vw, 1920px\" \/>\n<\/td>\n<td width=\"33%\">\n<img loading=\"lazy\" decoding=\"async\" width=\"1920\" height=\"1080\" src=\"https:\/\/tg4-docs.s3.amazonaws.com\/wp-content\/uploads\/2024\/11\/12161727\/Ceithre_Bhalla_2024_1.jpg\" alt=\"\" class=\"aligncenter size-full wp-image-235019\" srcset=\"https:\/\/tg4-docs.s3.amazonaws.com\/wp-content\/uploads\/2024\/11\/12161727\/Ceithre_Bhalla_2024_1.jpg 1920w, https:\/\/tg4-docs.s3.amazonaws.com\/wp-content\/uploads\/2024\/11\/12161727\/Ceithre_Bhalla_2024_1-250x141.jpg 250w, https:\/\/tg4-docs.s3.amazonaws.com\/wp-content\/uploads\/2024\/11\/12161727\/Ceithre_Bhalla_2024_1-700x394.jpg 700w, https:\/\/tg4-docs.s3.amazonaws.com\/wp-content\/uploads\/2024\/11\/12161727\/Ceithre_Bhalla_2024_1-252x141.jpg 252w, https:\/\/tg4-docs.s3.amazonaws.com\/wp-content\/uploads\/2024\/11\/12161727\/Ceithre_Bhalla_2024_1-1536x864.jpg 1536w, https:\/\/tg4-docs.s3.amazonaws.com\/wp-content\/uploads\/2024\/11\/12161727\/Ceithre_Bhalla_2024_1-120x68.jpg 120w\" sizes=\"(max-width: 1920px) 100vw, 1920px\" \/>\n<\/td>\n<\/tr>\n<\/tbody>\n<\/table>\n<p>&nbsp;<\/p>\n<p>Thar sheacht l\u00e1 d\u2019aicsean iontach liathr\u00f3id l\u00e1imhe, mheall cl\u00fadach TG4 ar Chraobhchom\u00f3rtas Liathr\u00f3id L\u00e1imhe Ceithre Bhalla an Domhain 2024 lucht sp\u00e9ise \u00f3 ar fud na cruinne, ag tarraingt <strong>320,000 de lucht f\u00e9achana<\/strong> san ioml\u00e1n. D\u2019fh\u00e9ach an lucht sp\u00e9ise ar chraolta\u00ed beo agus an t-aicsean ar atr\u00e1th 208,000 babhta, 176,000 amharc beo agus 32,000 athsheinm bhreise a bh\u00ed i gceist.<br \/>\n&nbsp;<br \/>\nBh\u00ed <strong>80,000 lucht f\u00e9achana \u00f3 lasmuigh d\u2019\u00c9irinn<\/strong> iad f\u00e9in ag f\u00e9achaint ar na craolta\u00ed beo, 27,000 \u00f3n R\u00edocht Aontaithe agus 20,000 \u00f3 na St\u00e1it Aontaithe ina measc, l\u00e9iri\u00fa r\u00edshoil\u00e9ir ar an t\u00f3ir idirn\u00e1isi\u00fanta at\u00e1 ar an sp\u00f3rt. Bh\u00ed lucht f\u00e9achana \u00f3 55 t\u00edr ar fud na cruinne, an tSeap\u00e1in, an Airgint\u00edn agus an Astr\u00e1il ina measc, p\u00e1irteach san aicsean, agus iad ag f\u00e1g\u00e1il n\u00f3ta\u00ed tr\u00e1chta \u00f3 chro\u00ed ar na hard\u00e1in me\u00e1n s\u00f3isialta, n\u00f3ta\u00ed amhail, &#8220;Enjoying this sitting in the sun in Cyprus and remembering handball,&#8221; agus &#8220;Watching from NYC on the train.&#8221;<br \/>\n&nbsp;<br \/>\nBh\u00ed <strong>an l\u00edon ba mh\u00f3 daoine, 16,000, ag tr\u00e1th amh\u00e1in<\/strong>, ag f\u00e9achaint ar na Cluich\u00ed Ceannais Oscailte iontacha a bh\u00ed ar si\u00fal D\u00e9 Domhnaigh nuair a d\u2019\u00e9irigh le Ciana N\u00ed Churraoin an ceann is fearr a fh\u00e1il ar Martina MacMahon as Luimneach i gCluiche Ceannais na mBan, agus nuair a d\u2019\u00e9irigh le Paul Brady as an gCabh\u00e1n Diarmuid Nash as Contae an Chl\u00e1ir a bhualadh i gcluiche r\u00e9itigh iontach ar fad. T\u00e1 corn na bhfear buaite anois aige s\u00e9 bhabhta agus \u00e9 45 bliain d\u2019aois. Is f\u00e9idir leis an lucht lean\u00fana s\u00fail eile a chaitheamh ar an bhfuadar a bhain leis an gcluiche ceannais singil agus leis an gcluiche ceannais d\u00fabailte ar <a href=\"https:\/\/www.youtube.com\/live\/TcnNYvVgch0\" rel=\"noopener\" target=\"_blank\">Chaine\u00e1l YouTube Sp\u00f3rt TG4<\/a>.<br \/>\n&nbsp;<br \/>\nCuireadh t\u00fas le seachtain ioml\u00e1n de chl\u00e1racha faoi liathr\u00f3id l\u00e1imhe ar TG4 leis an gc\u00e9ad chraoladh de <em>Liathr\u00f3id L\u00e1imhe<\/em>, <strong>cl\u00e1r faisn\u00e9ise faoi liathr\u00f3id l\u00e1imhe<\/strong> a coimisi\u00fana\u00edodh chun com\u00f3radh a dh\u00e9anamh ar ch\u00e9ad bliain Liathr\u00f3id L\u00e1imhe CLG. Craoladh an cl\u00e1r ar\u00eds ansin chun clabhs\u00far a chur leis an tseachtain, 105,000 den lucht f\u00e9achana a chonaic an cl\u00e1r. T\u00e1 an cl\u00e1r faisn\u00e9ise sin ar f\u00e1il anois ar <a href=\"https:\/\/nasc.tg4.tv\/Liathr\u00f3id_L\u00e1imhe\" rel=\"noopener\" target=\"_blank\">Sheinnteoir TG4<\/a> do dhuine ar bith n\u00e1r \u00e9irigh leo \u00e9 a fheice\u00e1il. D\u2019fh\u00e9ach 15,000 duine ar bhuaicphoint\u00ed na gcluich\u00ed ceannais ar GAA 2024 TG4 o\u00edche D\u00e9 Luain.<br \/>\n&nbsp;<br \/>\nCuireadh deireadh le cl\u00fadach cuimsitheach liathr\u00f3id l\u00e1imhe TG4 le cl\u00e1r uair an chloig de bhuaicphoint\u00ed  D\u00e9 Domhnaigh, ina raibh buaicphoint\u00ed \u00f3 na cluich\u00ed agus agallaimh eisiacha le s\u00e1rimreoir\u00ed an sp\u00f3irt. <em>&#8220;2024 World 4-Wall Handball Championships\u201d<\/em> ainm an chl\u00e1ir agus t\u00e1 s\u00e9 ar <a href=\"https:\/\/dev.tg4.ie\/player\/catagoir\/sport\/seinn\/?pid=6364424263112&#038;title=2024%20World%204-Wall%20Handball%20Championships&#038;series=2024%20World%204-Wall%20Handball%20Championships&#038;genre=Sport\" rel=\"noopener\" target=\"_blank\">Sheinnteoir TG4<\/a> anois.<br \/>\n&nbsp;<br \/>\nF\u00e9ach ar TG4, comhph\u00e1irt\u00ed oifigi\u00fail Liathr\u00f3id L\u00e1imhe CLG, chun an t-aicsean is fearr liathr\u00f3id l\u00e1imhe a fheice\u00e1il.<\/p>\n<p>&nbsp;<\/p>\n","protected":false},"excerpt":{"rendered":"<p>&nbsp; Thar sheacht l\u00e1 d\u2019aicsean iontach liathr\u00f3id l\u00e1imhe, mheall cl\u00fadach TG4 ar Chraobhchom\u00f3rtas Liathr\u00f3id L\u00e1imhe Ceithre Bhalla an Domhain 2024 lucht sp\u00e9ise \u00f3 ar fud na cruinne, ag tarraingt 320,000 de lucht f\u00e9achana san ioml\u00e1n. D\u2019fh\u00e9ach an lucht sp\u00e9ise ar chraolta\u00ed beo agus an t-aicsean ar atr\u00e1th 208,000 babhta, 176,000 amharc beo agus 32,000 athsheinm [&hellip;]<\/p>\n","protected":false},"author":876,"featured_media":0,"parent":208148,"menu_order":42,"comment_status":"closed","ping_status":"closed","template":"page-templates\/template-pr.php","meta":{"_acf_changed":false,"footnotes":""},"acf":[],"yoast_head":"<!-- This site is optimized with the Yoast SEO plugin v22.6 - https:\/\/yoast.com\/wordpress\/plugins\/seo\/ -->\n<title>An l\u00edon is m\u00f3 lucht f\u00e9achana riamh tarraingthe ag Cl\u00fadach TG4 ar Chraobhchom\u00f3rtas Ceithre Bhalla an Domhain 2024 O&#039;Neills.com | Preasr\u00e1iteas | TG4<\/title>\n<meta name=\"description\" content=\"Thar sheacht l\u00e1 d\u2019aicsean iontach liathr\u00f3id l\u00e1imhe, mheall cl\u00fadach TG4 ar Chraobhchom\u00f3rtas Liathr\u00f3id L\u00e1imhe Ceithre Bhalla an Domhain 2024 lucht sp\u00e9ise \u00f3 ar fud na cruinne, ag tarraingt 320,000 de lucht f\u00e9achana san ioml\u00e1n.\" \/>\n<meta name=\"robots\" content=\"index, follow, max-snippet:-1, max-image-preview:large, max-video-preview:-1\" \/>\n<meta property=\"og:locale\" content=\"en_US\" \/>\n<meta property=\"og:type\" content=\"article\" \/>\n<meta property=\"og:title\" content=\"An l\u00edon is m\u00f3 lucht f\u00e9achana riamh tarraingthe ag Cl\u00fadach TG4 ar Chraobhchom\u00f3rtas Ceithre Bhalla an Domhain 2024 O&#039;Neills.com | Preasr\u00e1iteas | TG4\" \/>\n<meta property=\"og:description\" content=\"Thar sheacht l\u00e1 d\u2019aicsean iontach liathr\u00f3id l\u00e1imhe, mheall cl\u00fadach TG4 ar Chraobhchom\u00f3rtas Liathr\u00f3id L\u00e1imhe Ceithre Bhalla an Domhain 2024 lucht sp\u00e9ise \u00f3 ar fud na cruinne, ag tarraingt 320,000 de lucht f\u00e9achana san ioml\u00e1n.\" \/>\n<meta property=\"og:url\" content=\"https:\/\/dev.tg4.ie\/ga\/eolas\/preas\/nuacht-raitis\/2024-2\/an-lion-is-mo-lucht-feachana-riamh-tarraingthe-ag-cludach-tg4-ar-chraobhchomortas-ceithre-bhalla-an-domhain-2024-oneills-com\/\" \/>\n<meta property=\"og:site_name\" content=\"TG4\" \/>\n<meta property=\"article:publisher\" content=\"https:\/\/www.facebook.com\/TG4TV\" \/>\n<meta property=\"article:modified_time\" content=\"2024-11-15T12:57:31+00:00\" \/>\n<meta property=\"og:image\" content=\"https:\/\/tg4-docs.s3.amazonaws.com\/wp-content\/uploads\/2024\/11\/12161727\/Ceithre_Bhalla_2024_1.jpg\" \/>\n\t<meta property=\"og:image:width\" content=\"1920\" \/>\n\t<meta property=\"og:image:height\" content=\"1080\" \/>\n\t<meta property=\"og:image:type\" content=\"image\/jpeg\" \/>\n<meta name=\"twitter:card\" content=\"summary_large_image\" \/>\n<meta name=\"twitter:image\" content=\"https:\/\/tg4-docs.s3.amazonaws.com\/wp-content\/uploads\/2024\/11\/12161727\/Ceithre_Bhalla_2024_1.jpg\" \/>\n<meta name=\"twitter:site\" content=\"@TG4TV\" \/>\n<meta name=\"twitter:label1\" content=\"Est. reading time\" \/>\n\t<meta name=\"twitter:data1\" content=\"3 minutes\" \/>\n<script type=\"application\/ld+json\" class=\"yoast-schema-graph\">{\"@context\":\"https:\/\/schema.org\",\"@graph\":[{\"@type\":\"WebPage\",\"@id\":\"https:\/\/dev.tg4.ie\/ga\/eolas\/preas\/nuacht-raitis\/2024-2\/an-lion-is-mo-lucht-feachana-riamh-tarraingthe-ag-cludach-tg4-ar-chraobhchomortas-ceithre-bhalla-an-domhain-2024-oneills-com\/\",\"url\":\"https:\/\/dev.tg4.ie\/ga\/eolas\/preas\/nuacht-raitis\/2024-2\/an-lion-is-mo-lucht-feachana-riamh-tarraingthe-ag-cludach-tg4-ar-chraobhchomortas-ceithre-bhalla-an-domhain-2024-oneills-com\/\",\"name\":\"An l\u00edon is m\u00f3 lucht f\u00e9achana riamh tarraingthe ag Cl\u00fadach TG4 ar Chraobhchom\u00f3rtas Ceithre Bhalla an Domhain 2024 O'Neills.com | Preasr\u00e1iteas | TG4\",\"isPartOf\":{\"@id\":\"https:\/\/dev.tg4.ie\/en\/#website\"},\"primaryImageOfPage\":{\"@id\":\"https:\/\/dev.tg4.ie\/ga\/eolas\/preas\/nuacht-raitis\/2024-2\/an-lion-is-mo-lucht-feachana-riamh-tarraingthe-ag-cludach-tg4-ar-chraobhchomortas-ceithre-bhalla-an-domhain-2024-oneills-com\/#primaryimage\"},\"image\":{\"@id\":\"https:\/\/dev.tg4.ie\/ga\/eolas\/preas\/nuacht-raitis\/2024-2\/an-lion-is-mo-lucht-feachana-riamh-tarraingthe-ag-cludach-tg4-ar-chraobhchomortas-ceithre-bhalla-an-domhain-2024-oneills-com\/#primaryimage\"},\"thumbnailUrl\":\"https:\/\/dev.tg4.ie\/wp-content\/uploads\/2024\/11\/Ceithre_Bhalla_2024_3.jpg\",\"datePublished\":\"2024-11-12T16:26:49+00:00\",\"dateModified\":\"2024-11-15T12:57:31+00:00\",\"description\":\"Thar sheacht l\u00e1 d\u2019aicsean iontach liathr\u00f3id l\u00e1imhe, mheall cl\u00fadach TG4 ar Chraobhchom\u00f3rtas Liathr\u00f3id L\u00e1imhe Ceithre Bhalla an Domhain 2024 lucht sp\u00e9ise \u00f3 ar fud na cruinne, ag tarraingt 320,000 de lucht f\u00e9achana san ioml\u00e1n.\",\"breadcrumb\":{\"@id\":\"https:\/\/dev.tg4.ie\/ga\/eolas\/preas\/nuacht-raitis\/2024-2\/an-lion-is-mo-lucht-feachana-riamh-tarraingthe-ag-cludach-tg4-ar-chraobhchomortas-ceithre-bhalla-an-domhain-2024-oneills-com\/#breadcrumb\"},\"inLanguage\":\"ga\",\"potentialAction\":[{\"@type\":\"ReadAction\",\"target\":[\"https:\/\/dev.tg4.ie\/ga\/eolas\/preas\/nuacht-raitis\/2024-2\/an-lion-is-mo-lucht-feachana-riamh-tarraingthe-ag-cludach-tg4-ar-chraobhchomortas-ceithre-bhalla-an-domhain-2024-oneills-com\/\"]}]},{\"@type\":\"ImageObject\",\"inLanguage\":\"ga\",\"@id\":\"https:\/\/dev.tg4.ie\/ga\/eolas\/preas\/nuacht-raitis\/2024-2\/an-lion-is-mo-lucht-feachana-riamh-tarraingthe-ag-cludach-tg4-ar-chraobhchomortas-ceithre-bhalla-an-domhain-2024-oneills-com\/#primaryimage\",\"url\":\"https:\/\/dev.tg4.ie\/wp-content\/uploads\/2024\/11\/Ceithre_Bhalla_2024_3.jpg\",\"contentUrl\":\"https:\/\/dev.tg4.ie\/wp-content\/uploads\/2024\/11\/Ceithre_Bhalla_2024_3.jpg\"},{\"@type\":\"BreadcrumbList\",\"@id\":\"https:\/\/dev.tg4.ie\/ga\/eolas\/preas\/nuacht-raitis\/2024-2\/an-lion-is-mo-lucht-feachana-riamh-tarraingthe-ag-cludach-tg4-ar-chraobhchomortas-ceithre-bhalla-an-domhain-2024-oneills-com\/#breadcrumb\",\"itemListElement\":[{\"@type\":\"ListItem\",\"position\":1,\"name\":\"Home\",\"item\":\"https:\/\/dev.tg4.ie\/ga\/\"},{\"@type\":\"ListItem\",\"position\":2,\"name\":\"Eolas\",\"item\":\"https:\/\/dev.tg4.ie\/ga\/eolas\/\"},{\"@type\":\"ListItem\",\"position\":3,\"name\":\"Preas\",\"item\":\"https:\/\/dev.tg4.ie\/ga\/eolas\/preas\/\"},{\"@type\":\"ListItem\",\"position\":4,\"name\":\"Nuacht R\u00e1itis\",\"item\":\"https:\/\/dev.tg4.ie\/ga\/eolas\/preas\/nuacht-raitis\/\"},{\"@type\":\"ListItem\",\"position\":5,\"name\":\"2024\",\"item\":\"https:\/\/dev.tg4.ie\/ga\/eolas\/preas\/nuacht-raitis\/2024-2\/\"},{\"@type\":\"ListItem\",\"position\":6,\"name\":\"An l\u00edon is m\u00f3 lucht f\u00e9achana riamh tarraingthe ag Cl\u00fadach TG4 ar Chraobhchom\u00f3rtas Ceithre Bhalla an Domhain 2024 O&#8217;Neills.com\"}]},{\"@type\":\"WebSite\",\"@id\":\"https:\/\/dev.tg4.ie\/en\/#website\",\"url\":\"https:\/\/dev.tg4.ie\/en\/\",\"name\":\"TG4\",\"description\":\"S\u00fail Eile\",\"potentialAction\":[{\"@type\":\"SearchAction\",\"target\":{\"@type\":\"EntryPoint\",\"urlTemplate\":\"https:\/\/dev.tg4.ie\/en\/?s={search_term_string}\"},\"query-input\":\"required name=search_term_string\"}],\"inLanguage\":\"ga\"}]}<\/script>\n<!-- \/ Yoast SEO plugin. -->","yoast_head_json":{"title":"An l\u00edon is m\u00f3 lucht f\u00e9achana riamh tarraingthe ag Cl\u00fadach TG4 ar Chraobhchom\u00f3rtas Ceithre Bhalla an Domhain 2024 O'Neills.com | Preasr\u00e1iteas | TG4","description":"Thar sheacht l\u00e1 d\u2019aicsean iontach liathr\u00f3id l\u00e1imhe, mheall cl\u00fadach TG4 ar Chraobhchom\u00f3rtas Liathr\u00f3id L\u00e1imhe Ceithre Bhalla an Domhain 2024 lucht sp\u00e9ise \u00f3 ar fud na cruinne, ag tarraingt 320,000 de lucht f\u00e9achana san ioml\u00e1n.","robots":{"index":"index","follow":"follow","max-snippet":"max-snippet:-1","max-image-preview":"max-image-preview:large","max-video-preview":"max-video-preview:-1"},"og_locale":"en_US","og_type":"article","og_title":"An l\u00edon is m\u00f3 lucht f\u00e9achana riamh tarraingthe ag Cl\u00fadach TG4 ar Chraobhchom\u00f3rtas Ceithre Bhalla an Domhain 2024 O'Neills.com | Preasr\u00e1iteas | TG4","og_description":"Thar sheacht l\u00e1 d\u2019aicsean iontach liathr\u00f3id l\u00e1imhe, mheall cl\u00fadach TG4 ar Chraobhchom\u00f3rtas Liathr\u00f3id L\u00e1imhe Ceithre Bhalla an Domhain 2024 lucht sp\u00e9ise \u00f3 ar fud na cruinne, ag tarraingt 320,000 de lucht f\u00e9achana san ioml\u00e1n.","og_url":"https:\/\/dev.tg4.ie\/ga\/eolas\/preas\/nuacht-raitis\/2024-2\/an-lion-is-mo-lucht-feachana-riamh-tarraingthe-ag-cludach-tg4-ar-chraobhchomortas-ceithre-bhalla-an-domhain-2024-oneills-com\/","og_site_name":"TG4","article_publisher":"https:\/\/www.facebook.com\/TG4TV","article_modified_time":"2024-11-15T12:57:31+00:00","og_image":[{"width":1920,"height":1080,"url":"https:\/\/tg4-docs.s3.amazonaws.com\/wp-content\/uploads\/2024\/11\/12161727\/Ceithre_Bhalla_2024_1.jpg","type":"image\/jpeg"}],"twitter_card":"summary_large_image","twitter_image":"https:\/\/tg4-docs.s3.amazonaws.com\/wp-content\/uploads\/2024\/11\/12161727\/Ceithre_Bhalla_2024_1.jpg","twitter_site":"@TG4TV","twitter_misc":{"Est. reading time":"3 minutes"},"schema":{"@context":"https:\/\/schema.org","@graph":[{"@type":"WebPage","@id":"https:\/\/dev.tg4.ie\/ga\/eolas\/preas\/nuacht-raitis\/2024-2\/an-lion-is-mo-lucht-feachana-riamh-tarraingthe-ag-cludach-tg4-ar-chraobhchomortas-ceithre-bhalla-an-domhain-2024-oneills-com\/","url":"https:\/\/dev.tg4.ie\/ga\/eolas\/preas\/nuacht-raitis\/2024-2\/an-lion-is-mo-lucht-feachana-riamh-tarraingthe-ag-cludach-tg4-ar-chraobhchomortas-ceithre-bhalla-an-domhain-2024-oneills-com\/","name":"An l\u00edon is m\u00f3 lucht f\u00e9achana riamh tarraingthe ag Cl\u00fadach TG4 ar Chraobhchom\u00f3rtas Ceithre Bhalla an Domhain 2024 O'Neills.com | Preasr\u00e1iteas | TG4","isPartOf":{"@id":"https:\/\/dev.tg4.ie\/en\/#website"},"primaryImageOfPage":{"@id":"https:\/\/dev.tg4.ie\/ga\/eolas\/preas\/nuacht-raitis\/2024-2\/an-lion-is-mo-lucht-feachana-riamh-tarraingthe-ag-cludach-tg4-ar-chraobhchomortas-ceithre-bhalla-an-domhain-2024-oneills-com\/#primaryimage"},"image":{"@id":"https:\/\/dev.tg4.ie\/ga\/eolas\/preas\/nuacht-raitis\/2024-2\/an-lion-is-mo-lucht-feachana-riamh-tarraingthe-ag-cludach-tg4-ar-chraobhchomortas-ceithre-bhalla-an-domhain-2024-oneills-com\/#primaryimage"},"thumbnailUrl":"https:\/\/dev.tg4.ie\/wp-content\/uploads\/2024\/11\/Ceithre_Bhalla_2024_3.jpg","datePublished":"2024-11-12T16:26:49+00:00","dateModified":"2024-11-15T12:57:31+00:00","description":"Thar sheacht l\u00e1 d\u2019aicsean iontach liathr\u00f3id l\u00e1imhe, mheall cl\u00fadach TG4 ar Chraobhchom\u00f3rtas Liathr\u00f3id L\u00e1imhe Ceithre Bhalla an Domhain 2024 lucht sp\u00e9ise \u00f3 ar fud na cruinne, ag tarraingt 320,000 de lucht f\u00e9achana san ioml\u00e1n.","breadcrumb":{"@id":"https:\/\/dev.tg4.ie\/ga\/eolas\/preas\/nuacht-raitis\/2024-2\/an-lion-is-mo-lucht-feachana-riamh-tarraingthe-ag-cludach-tg4-ar-chraobhchomortas-ceithre-bhalla-an-domhain-2024-oneills-com\/#breadcrumb"},"inLanguage":"ga","potentialAction":[{"@type":"ReadAction","target":["https:\/\/dev.tg4.ie\/ga\/eolas\/preas\/nuacht-raitis\/2024-2\/an-lion-is-mo-lucht-feachana-riamh-tarraingthe-ag-cludach-tg4-ar-chraobhchomortas-ceithre-bhalla-an-domhain-2024-oneills-com\/"]}]},{"@type":"ImageObject","inLanguage":"ga","@id":"https:\/\/dev.tg4.ie\/ga\/eolas\/preas\/nuacht-raitis\/2024-2\/an-lion-is-mo-lucht-feachana-riamh-tarraingthe-ag-cludach-tg4-ar-chraobhchomortas-ceithre-bhalla-an-domhain-2024-oneills-com\/#primaryimage","url":"https:\/\/dev.tg4.ie\/wp-content\/uploads\/2024\/11\/Ceithre_Bhalla_2024_3.jpg","contentUrl":"https:\/\/dev.tg4.ie\/wp-content\/uploads\/2024\/11\/Ceithre_Bhalla_2024_3.jpg"},{"@type":"BreadcrumbList","@id":"https:\/\/dev.tg4.ie\/ga\/eolas\/preas\/nuacht-raitis\/2024-2\/an-lion-is-mo-lucht-feachana-riamh-tarraingthe-ag-cludach-tg4-ar-chraobhchomortas-ceithre-bhalla-an-domhain-2024-oneills-com\/#breadcrumb","itemListElement":[{"@type":"ListItem","position":1,"name":"Home","item":"https:\/\/dev.tg4.ie\/ga\/"},{"@type":"ListItem","position":2,"name":"Eolas","item":"https:\/\/dev.tg4.ie\/ga\/eolas\/"},{"@type":"ListItem","position":3,"name":"Preas","item":"https:\/\/dev.tg4.ie\/ga\/eolas\/preas\/"},{"@type":"ListItem","position":4,"name":"Nuacht R\u00e1itis","item":"https:\/\/dev.tg4.ie\/ga\/eolas\/preas\/nuacht-raitis\/"},{"@type":"ListItem","position":5,"name":"2024","item":"https:\/\/dev.tg4.ie\/ga\/eolas\/preas\/nuacht-raitis\/2024-2\/"},{"@type":"ListItem","position":6,"name":"An l\u00edon is m\u00f3 lucht f\u00e9achana riamh tarraingthe ag Cl\u00fadach TG4 ar Chraobhchom\u00f3rtas Ceithre Bhalla an Domhain 2024 O&#8217;Neills.com"}]},{"@type":"WebSite","@id":"https:\/\/dev.tg4.ie\/en\/#website","url":"https:\/\/dev.tg4.ie\/en\/","name":"TG4","description":"S\u00fail Eile","potentialAction":[{"@type":"SearchAction","target":{"@type":"EntryPoint","urlTemplate":"https:\/\/dev.tg4.ie\/en\/?s={search_term_string}"},"query-input":"required name=search_term_string"}],"inLanguage":"ga"}]}},"_links":{"self":[{"href":"https:\/\/dev.tg4.ie\/ga\/wp-json\/wp\/v2\/pages\/235015"}],"collection":[{"href":"https:\/\/dev.tg4.ie\/ga\/wp-json\/wp\/v2\/pages"}],"about":[{"href":"https:\/\/dev.tg4.ie\/ga\/wp-json\/wp\/v2\/types\/page"}],"author":[{"embeddable":true,"href":"https:\/\/dev.tg4.ie\/ga\/wp-json\/wp\/v2\/users\/876"}],"replies":[{"embeddable":true,"href":"https:\/\/dev.tg4.ie\/ga\/wp-json\/wp\/v2\/comments?post=235015"}],"version-history":[{"count":0,"href":"https:\/\/dev.tg4.ie\/ga\/wp-json\/wp\/v2\/pages\/235015\/revisions"}],"up":[{"embeddable":true,"href":"https:\/\/dev.tg4.ie\/ga\/wp-json\/wp\/v2\/pages\/208148"}],"wp:attachment":[{"href":"https:\/\/dev.tg4.ie\/ga\/wp-json\/wp\/v2\/media?parent=235015"}],"curies":[{"name":"wp","href":"https:\/\/api.w.org\/{rel}","templated":true}]}}