{"id":235065,"date":"2024-11-14T19:13:10","date_gmt":"2024-11-14T19:13:10","guid":{"rendered":"https:\/\/dev.tg4.ie\/?page_id=235065"},"modified":"2024-11-15T12:56:40","modified_gmt":"2024-11-15T12:56:40","slug":"pobalbhreith-gaillimh-thiar-2024","status":"publish","type":"page","link":"https:\/\/dev.tg4.ie\/ga\/eolas\/preas\/nuacht-raitis\/2024-2\/pobalbhreith-gaillimh-thiar-2024\/","title":{"rendered":"Titim m\u00f3r tagtha ar an taca\u00edocht at\u00e1 ag Fianna F\u00e1il i nGaillimh Thiar de r\u00e9ir phobalbhreith TG4 \/ Ipsos B&#038;A"},"content":{"rendered":"<table>\n<tbody>\n<tr>\n<td width=\"50%\"><a href=\"https:\/\/tg4-docs.s3.amazonaws.com\/wp-content\/uploads\/2024\/11\/14184734\/Pobalbhreith_Gaillimh_Thiar_2024_1-1920x1080-1.jpg\" rel=\"noopener\" target=\"_blank\"><img loading=\"lazy\" decoding=\"async\" width=\"1920\" height=\"1080\" src=\"https:\/\/tg4-docs.s3.amazonaws.com\/wp-content\/uploads\/2024\/11\/14184734\/Pobalbhreith_Gaillimh_Thiar_2024_1-1920x1080-1.jpg\" alt=\"\" class=\"aligncenter size-full wp-image-235068\" srcset=\"https:\/\/tg4-docs.s3.amazonaws.com\/wp-content\/uploads\/2024\/11\/14184734\/Pobalbhreith_Gaillimh_Thiar_2024_1-1920x1080-1.jpg 1920w, https:\/\/tg4-docs.s3.amazonaws.com\/wp-content\/uploads\/2024\/11\/14184734\/Pobalbhreith_Gaillimh_Thiar_2024_1-1920x1080-1-250x141.jpg 250w, https:\/\/tg4-docs.s3.amazonaws.com\/wp-content\/uploads\/2024\/11\/14184734\/Pobalbhreith_Gaillimh_Thiar_2024_1-1920x1080-1-700x394.jpg 700w, https:\/\/tg4-docs.s3.amazonaws.com\/wp-content\/uploads\/2024\/11\/14184734\/Pobalbhreith_Gaillimh_Thiar_2024_1-1920x1080-1-252x141.jpg 252w, https:\/\/tg4-docs.s3.amazonaws.com\/wp-content\/uploads\/2024\/11\/14184734\/Pobalbhreith_Gaillimh_Thiar_2024_1-1920x1080-1-1536x864.jpg 1536w, https:\/\/tg4-docs.s3.amazonaws.com\/wp-content\/uploads\/2024\/11\/14184734\/Pobalbhreith_Gaillimh_Thiar_2024_1-1920x1080-1-120x68.jpg 120w\" sizes=\"(max-width: 1920px) 100vw, 1920px\" \/><\/a><\/td>\n<td width=\"50%\"><a href=\"https:\/\/tg4-docs.s3.amazonaws.com\/wp-content\/uploads\/2024\/11\/14184955\/Pobalbhreith_Gaillimh_Thiar_2024_2-1920x1080-1.jpg\" rel=\"noopener\" target=\"_blank\"><img loading=\"lazy\" decoding=\"async\" width=\"1920\" height=\"1080\" src=\"https:\/\/tg4-docs.s3.amazonaws.com\/wp-content\/uploads\/2024\/11\/14184955\/Pobalbhreith_Gaillimh_Thiar_2024_2-1920x1080-1.jpg\" alt=\"\" class=\"aligncenter size-full wp-image-235072\" srcset=\"https:\/\/tg4-docs.s3.amazonaws.com\/wp-content\/uploads\/2024\/11\/14184955\/Pobalbhreith_Gaillimh_Thiar_2024_2-1920x1080-1.jpg 1920w, https:\/\/tg4-docs.s3.amazonaws.com\/wp-content\/uploads\/2024\/11\/14184955\/Pobalbhreith_Gaillimh_Thiar_2024_2-1920x1080-1-250x141.jpg 250w, https:\/\/tg4-docs.s3.amazonaws.com\/wp-content\/uploads\/2024\/11\/14184955\/Pobalbhreith_Gaillimh_Thiar_2024_2-1920x1080-1-700x394.jpg 700w, https:\/\/tg4-docs.s3.amazonaws.com\/wp-content\/uploads\/2024\/11\/14184955\/Pobalbhreith_Gaillimh_Thiar_2024_2-1920x1080-1-252x141.jpg 252w, https:\/\/tg4-docs.s3.amazonaws.com\/wp-content\/uploads\/2024\/11\/14184955\/Pobalbhreith_Gaillimh_Thiar_2024_2-1920x1080-1-1536x864.jpg 1536w, https:\/\/tg4-docs.s3.amazonaws.com\/wp-content\/uploads\/2024\/11\/14184955\/Pobalbhreith_Gaillimh_Thiar_2024_2-1920x1080-1-120x68.jpg 120w\" sizes=\"(max-width: 1920px) 100vw, 1920px\" \/><\/a><\/td>\n<\/tr>\n<\/tbody>\n<\/table>\n<p><sup>(Clice\u00e1il le m\u00e9ad\u00fa)<\/sup><br \/>\n&nbsp;<\/p>\n<p>De r\u00e9ir thortha\u00ed phobalbhreith TG4 \/ Ipsos B&amp;A a nochtadh ar Nuacht TG4 anocht t\u00e1 seans an-mhaith ag gach duine den cheathrar a raibh na su\u00edoch\u00e1in acu i nGaillimh Thiar sa Rialtas deiridh ar na su\u00edoch\u00e1in sin ar\u00eds, \u00f3 tharla nach bhfuil ach 6 phointe c\u00e9atad\u00e1in idir na 8 n-iarrth\u00f3ir is fearr a chruthaigh sa phobalbhreith.<br \/>\n&nbsp;<br \/>\nIs iad seo a leanas tortha\u00ed phobalbhreith an d\u00e1ilcheantair:<\/p>\n<p>&nbsp;<\/p>\n<table>\n<tbody>\n<table border=\"1\">\n<tr>\n<td width=\"33%\">Catherine CONNOLLY<\/td>\n<td width=\"33%\">Gan P\u00e1irt\u00ed<\/td>\n<td width=\"33%\">13%<\/td>\n<\/tr>\n<tr>\n<td width=\"33%\">Hildegarde NAUGHTON<\/td>\n<td width=\"33%\">Fine Gael<\/td>\n<td width=\"33%\">13%<\/td>\n<\/tr>\n<tr>\n<td width=\"33%\">Noel GREALISH<\/td>\n<td width=\"33%\">Gan P\u00e1irt\u00ed<\/td>\n<td width=\"33%\">12%<\/td>\n<\/tr>\n<tr>\n<td width=\"33%\">Se\u00e1\u200bn KYNE<\/td>\n<td width=\"33%\">Fine Gael<\/td>\n<td width=\"33%\">10%<\/td>\n<\/tr>\n<tr>\n<td width=\"33%\">Mair\u00e9\u200bad FARRELL<\/td>\n<td width=\"33%\">Sinn F\u00e9in<\/td>\n<td width=\"33%\">9%<\/td>\n<\/tr>\n<tr>\n<td width=\"33%\">Noel THOMAS<\/td>\n<td width=\"33%\">\u00c9ire Neamhsple\u00e1ch<\/td>\n<td width=\"33%\">8%<\/td>\n<\/tr>\n<tr>\n<td width=\"33%\">John CONNOLLY<\/td>\n<td width=\"33%\">Fianna F\u00e1il<\/td>\n<td width=\"33%\">7%<\/td>\n<\/tr>\n<tr>\n<td width=\"33%\">Gr\u00e1\u200binne SEOIGE<\/td>\n<td width=\"33%\">Fianna F\u00e1il<\/td>\n<td width=\"33%\">7%<\/td>\n<\/tr>\n<\/tbody>\n<\/table>\n<p>&nbsp;<\/p>\n<p>Tr\u00e1th na pobalbhreithe D\u00e9 Luain an 11 agus D\u00e9 M\u00e1irt an 12 Samhain, bh\u00ed s\u00e9 iarrth\u00f3ir d\u00e9ag f\u00f3gartha don d\u00e1ilcheantar c\u00faig shu\u00edoch\u00e1n. Is \u00e9 17% an cu\u00f3ta toghch\u00e1in.<br \/>\n&nbsp;<br \/>\nCruthaigh an t-iarrth\u00f3ir neamhsple\u00e1ch Catherine Connolly go maith sa phobalbhreith agus 13 faoin gc\u00e9ad den taca\u00edocht aici agus t\u00e1 12 faoin gc\u00e9ad den taca\u00edocht ag Noel Grealish, Neamhsple\u00e1ch. T\u00e1 an chuma ar an sc\u00e9al go gcoinneoidh siad a su\u00edoch\u00e1in.<br \/>\n&nbsp;<br \/>\nT\u00e1 leas bainte ag Fine Gael as an athr\u00fa ceannaireachta faoi Simon Harris agus seans maith ann go mbeidh dh\u00e1 shu\u00edoch\u00e1n ag Fine Gael i nGaillimh Thiar, ceann an duine ag na hiarrth\u00f3ir\u00ed Hildegarde Naughton agus Se\u00e1n Kyne. T\u00e1 13 faoin gc\u00e9ad den taca\u00edocht ag Hildegarde Naughton agus 10 faoin gc\u00e9ad ag Se\u00e1n Kyne. T\u00e1 taith\u00ed ag an mbeirt iarrth\u00f3ir\u00ed sin d\u2019Fhine Gael ar fheachtais toghch\u00e1na\u00edochta, n\u00ed fearacht iarrth\u00f3ir\u00ed i nd\u00e1ilcheantair eile. Is cos\u00fail go bhfuil bainisti\u00fa v\u00f3ta\u00ed \u00e1iti\u00fail Fhine Gael ag obair freisin, agus aistri\u00fa maith v\u00f3ta\u00ed idir an bheirt iarrth\u00f3ir\u00ed.<br \/>\n&nbsp;<br \/>\nN\u00edl an Teachta D\u00e1la \u00c9amon \u00d3 Cu\u00edv Fhianna F\u00e1il, at\u00e1 ina theachta le fada, ag dul san ioma\u00edocht san Olltoghch\u00e1n seo. B\u2019ionann ioml\u00e1n na v\u00f3ta\u00ed a fuair Fianna F\u00e1il in 2020 agus 23 faoin gc\u00e9ad. T\u00e1 an cheist ch\u00e9anna ag gach duine faoi v\u00f3ta\u00ed U\u00ed Chu\u00edv &#8211; c\u00e9 a gheobhaidh iad? T\u00e1 titim nach m\u00f3r 10 faoin gc\u00e9ad tagtha ar thaca\u00edocht Fhianna F\u00e1il sa phobalbhreith TG4\/Ipsos B&amp;A seo. T\u00e1 an bheirt iarrth\u00f3ir\u00ed gob ar ghob agus 7 faoin gc\u00e9ad den taca\u00edocht ag John Connolly agus 7 faoin gc\u00e9ad ag Gr\u00e1inne Seoige \u00ed f\u00e9in. Is cos\u00fail, \u00e1fach, go bhfaighidh Gr\u00e1inne Seoighe n\u00edos m\u00f3 v\u00f3ta\u00ed aistrithe.<br \/>\n&nbsp;<br \/>\nT\u00e1 9 faoin gc\u00e9ad den taca\u00edocht ag Mair\u00e9ad Farrell agus \u00ed san ioma\u00edocht lena su\u00edoch\u00e1n a choinne\u00e1il ach t\u00e1 s\u00ed gann go maith ar an gcu\u00f3ta agus beidh s\u00ed ag brath ar v\u00f3ta\u00ed aistrithe. T\u00e1 Noel Thomas \u00c9ire Neamhsple\u00e1ch, a bh\u00ed ina chomhairleoir le Fianna F\u00e1il tr\u00e1th san ioma\u00edocht do shu\u00edoch\u00e1n agus 8 faoin gc\u00e9ad den taca\u00edocht aige sa phobalbhreith seo.<br \/>\n&nbsp;<br \/>\nIs iad Pauline O\u2019Reilly (Comhaontas Glas) 5 faoin gc\u00e9ad, Helen Ogbu (P\u00e1irt\u00ed an Lucht Oibre) 4 faoin gc\u00e9ad, Eibhl\u00edn Seoighthe (Na Daonlathaithe S\u00f3isialta) 3 faoin gc\u00e9ad agus Mike Cubbard (Gan P\u00e1irt\u00ed) 3 faoin gc\u00e9ad, na hiarrth\u00f3ir\u00ed eile i nGaillimh Thiar.<\/p>\n<p>&nbsp;<\/p>\n","protected":false},"excerpt":{"rendered":"<p>(Clice\u00e1il le m\u00e9ad\u00fa) &nbsp; De r\u00e9ir thortha\u00ed phobalbhreith TG4 \/ Ipsos B&amp;A a nochtadh ar Nuacht TG4 anocht t\u00e1 seans an-mhaith ag gach duine den cheathrar a raibh na su\u00edoch\u00e1in acu i nGaillimh Thiar sa Rialtas deiridh ar na su\u00edoch\u00e1in sin ar\u00eds, \u00f3 tharla nach bhfuil ach 6 phointe c\u00e9atad\u00e1in idir na 8 n-iarrth\u00f3ir is [&hellip;]<\/p>\n","protected":false},"author":876,"featured_media":0,"parent":208148,"menu_order":43,"comment_status":"closed","ping_status":"closed","template":"page-templates\/template-pr.php","meta":{"_acf_changed":false,"footnotes":""},"acf":[],"yoast_head":"<!-- This site is optimized with the Yoast SEO plugin v22.6 - https:\/\/yoast.com\/wordpress\/plugins\/seo\/ -->\n<title>Titim m\u00f3r tagtha ar an taca\u00edocht at\u00e1 ag Fianna F\u00e1il i nGaillimh Thiar de r\u00e9ir phobalbhreith TG4 \/ Ipsos B&amp;A | Preasr\u00e1iteas | TG4<\/title>\n<meta name=\"description\" content=\"De r\u00e9ir thortha\u00ed phobalbhreith TG4 \/ Ipsos B&amp;A a nochtadh ar Nuacht TG4 anocht t\u00e1 seans an-mhaith ag gach duine den cheathrar a raibh na su\u00edoch\u00e1in acu i nGaillimh Thiar sa Rialtas deiridh ar na su\u00edoch\u00e1in sin ar\u00eds, \u00f3 tharla nach bhfuil ach 6 phointe c\u00e9atad\u00e1in idir na 8 n-iarrth\u00f3ir is fearr a chruthaigh sa phobalbhreith.\" \/>\n<meta name=\"robots\" content=\"index, follow, max-snippet:-1, max-image-preview:large, max-video-preview:-1\" \/>\n<meta property=\"og:locale\" content=\"en_US\" \/>\n<meta property=\"og:type\" content=\"article\" \/>\n<meta property=\"og:title\" content=\"Titim m\u00f3r tagtha ar an taca\u00edocht at\u00e1 ag Fianna F\u00e1il i nGaillimh Thiar de r\u00e9ir phobalbhreith TG4 \/ Ipsos B&amp;A | Preasr\u00e1iteas | TG4\" \/>\n<meta property=\"og:description\" content=\"De r\u00e9ir thortha\u00ed phobalbhreith TG4 \/ Ipsos B&amp;A a nochtadh ar Nuacht TG4 anocht t\u00e1 seans an-mhaith ag gach duine den cheathrar a raibh na su\u00edoch\u00e1in acu i nGaillimh Thiar sa Rialtas deiridh ar na su\u00edoch\u00e1in sin ar\u00eds, \u00f3 tharla nach bhfuil ach 6 phointe c\u00e9atad\u00e1in idir na 8 n-iarrth\u00f3ir is fearr a chruthaigh sa phobalbhreith.\" \/>\n<meta property=\"og:url\" content=\"https:\/\/dev.tg4.ie\/ga\/eolas\/preas\/nuacht-raitis\/2024-2\/pobalbhreith-gaillimh-thiar-2024\/\" \/>\n<meta property=\"og:site_name\" content=\"TG4\" \/>\n<meta property=\"article:publisher\" content=\"https:\/\/www.facebook.com\/TG4TV\" \/>\n<meta property=\"article:modified_time\" content=\"2024-11-15T12:56:40+00:00\" \/>\n<meta property=\"og:image\" content=\"https:\/\/tg4-docs.s3.amazonaws.com\/wp-content\/uploads\/2024\/11\/14184734\/Pobalbhreith_Gaillimh_Thiar_2024_1-1920x1080-1.jpg\" \/>\n\t<meta property=\"og:image:width\" content=\"1920\" \/>\n\t<meta property=\"og:image:height\" content=\"1080\" \/>\n\t<meta property=\"og:image:type\" content=\"image\/jpeg\" \/>\n<meta name=\"twitter:card\" content=\"summary_large_image\" \/>\n<meta name=\"twitter:image\" content=\"https:\/\/tg4-docs.s3.amazonaws.com\/wp-content\/uploads\/2024\/11\/14184734\/Pobalbhreith_Gaillimh_Thiar_2024_1-1920x1080-1.jpg\" \/>\n<meta name=\"twitter:site\" content=\"@TG4TV\" \/>\n<meta name=\"twitter:label1\" content=\"Est. reading time\" \/>\n\t<meta name=\"twitter:data1\" content=\"3 minutes\" \/>\n<script type=\"application\/ld+json\" class=\"yoast-schema-graph\">{\"@context\":\"https:\/\/schema.org\",\"@graph\":[{\"@type\":\"WebPage\",\"@id\":\"https:\/\/dev.tg4.ie\/ga\/eolas\/preas\/nuacht-raitis\/2024-2\/pobalbhreith-gaillimh-thiar-2024\/\",\"url\":\"https:\/\/dev.tg4.ie\/ga\/eolas\/preas\/nuacht-raitis\/2024-2\/pobalbhreith-gaillimh-thiar-2024\/\",\"name\":\"Titim m\u00f3r tagtha ar an taca\u00edocht at\u00e1 ag Fianna F\u00e1il i nGaillimh Thiar de r\u00e9ir phobalbhreith TG4 \/ Ipsos B&A | Preasr\u00e1iteas | TG4\",\"isPartOf\":{\"@id\":\"https:\/\/dev.tg4.ie\/en\/#website\"},\"primaryImageOfPage\":{\"@id\":\"https:\/\/dev.tg4.ie\/ga\/eolas\/preas\/nuacht-raitis\/2024-2\/pobalbhreith-gaillimh-thiar-2024\/#primaryimage\"},\"image\":{\"@id\":\"https:\/\/dev.tg4.ie\/ga\/eolas\/preas\/nuacht-raitis\/2024-2\/pobalbhreith-gaillimh-thiar-2024\/#primaryimage\"},\"thumbnailUrl\":\"https:\/\/dev.tg4.ie\/wp-content\/uploads\/2024\/11\/Pobalbhreith_Gaillimh_Thiar_2024_1-1920x1080-1.jpg\",\"datePublished\":\"2024-11-14T19:13:10+00:00\",\"dateModified\":\"2024-11-15T12:56:40+00:00\",\"description\":\"De r\u00e9ir thortha\u00ed phobalbhreith TG4 \/ Ipsos B&A a nochtadh ar Nuacht TG4 anocht t\u00e1 seans an-mhaith ag gach duine den cheathrar a raibh na su\u00edoch\u00e1in acu i nGaillimh Thiar sa Rialtas deiridh ar na su\u00edoch\u00e1in sin ar\u00eds, \u00f3 tharla nach bhfuil ach 6 phointe c\u00e9atad\u00e1in idir na 8 n-iarrth\u00f3ir is fearr a chruthaigh sa phobalbhreith.\",\"breadcrumb\":{\"@id\":\"https:\/\/dev.tg4.ie\/ga\/eolas\/preas\/nuacht-raitis\/2024-2\/pobalbhreith-gaillimh-thiar-2024\/#breadcrumb\"},\"inLanguage\":\"ga\",\"potentialAction\":[{\"@type\":\"ReadAction\",\"target\":[\"https:\/\/dev.tg4.ie\/ga\/eolas\/preas\/nuacht-raitis\/2024-2\/pobalbhreith-gaillimh-thiar-2024\/\"]}]},{\"@type\":\"ImageObject\",\"inLanguage\":\"ga\",\"@id\":\"https:\/\/dev.tg4.ie\/ga\/eolas\/preas\/nuacht-raitis\/2024-2\/pobalbhreith-gaillimh-thiar-2024\/#primaryimage\",\"url\":\"https:\/\/dev.tg4.ie\/wp-content\/uploads\/2024\/11\/Pobalbhreith_Gaillimh_Thiar_2024_1-1920x1080-1.jpg\",\"contentUrl\":\"https:\/\/dev.tg4.ie\/wp-content\/uploads\/2024\/11\/Pobalbhreith_Gaillimh_Thiar_2024_1-1920x1080-1.jpg\"},{\"@type\":\"BreadcrumbList\",\"@id\":\"https:\/\/dev.tg4.ie\/ga\/eolas\/preas\/nuacht-raitis\/2024-2\/pobalbhreith-gaillimh-thiar-2024\/#breadcrumb\",\"itemListElement\":[{\"@type\":\"ListItem\",\"position\":1,\"name\":\"Home\",\"item\":\"https:\/\/dev.tg4.ie\/ga\/\"},{\"@type\":\"ListItem\",\"position\":2,\"name\":\"Eolas\",\"item\":\"https:\/\/dev.tg4.ie\/ga\/eolas\/\"},{\"@type\":\"ListItem\",\"position\":3,\"name\":\"Preas\",\"item\":\"https:\/\/dev.tg4.ie\/ga\/eolas\/preas\/\"},{\"@type\":\"ListItem\",\"position\":4,\"name\":\"Nuacht R\u00e1itis\",\"item\":\"https:\/\/dev.tg4.ie\/ga\/eolas\/preas\/nuacht-raitis\/\"},{\"@type\":\"ListItem\",\"position\":5,\"name\":\"2024\",\"item\":\"https:\/\/dev.tg4.ie\/ga\/eolas\/preas\/nuacht-raitis\/2024-2\/\"},{\"@type\":\"ListItem\",\"position\":6,\"name\":\"Titim m\u00f3r tagtha ar an taca\u00edocht at\u00e1 ag Fianna F\u00e1il i nGaillimh Thiar de r\u00e9ir phobalbhreith TG4 \/ Ipsos B&#038;A\"}]},{\"@type\":\"WebSite\",\"@id\":\"https:\/\/dev.tg4.ie\/en\/#website\",\"url\":\"https:\/\/dev.tg4.ie\/en\/\",\"name\":\"TG4\",\"description\":\"S\u00fail Eile\",\"potentialAction\":[{\"@type\":\"SearchAction\",\"target\":{\"@type\":\"EntryPoint\",\"urlTemplate\":\"https:\/\/dev.tg4.ie\/en\/?s={search_term_string}\"},\"query-input\":\"required name=search_term_string\"}],\"inLanguage\":\"ga\"}]}<\/script>\n<!-- \/ Yoast SEO plugin. -->","yoast_head_json":{"title":"Titim m\u00f3r tagtha ar an taca\u00edocht at\u00e1 ag Fianna F\u00e1il i nGaillimh Thiar de r\u00e9ir phobalbhreith TG4 \/ Ipsos B&A | Preasr\u00e1iteas | TG4","description":"De r\u00e9ir thortha\u00ed phobalbhreith TG4 \/ Ipsos B&A a nochtadh ar Nuacht TG4 anocht t\u00e1 seans an-mhaith ag gach duine den cheathrar a raibh na su\u00edoch\u00e1in acu i nGaillimh Thiar sa Rialtas deiridh ar na su\u00edoch\u00e1in sin ar\u00eds, \u00f3 tharla nach bhfuil ach 6 phointe c\u00e9atad\u00e1in idir na 8 n-iarrth\u00f3ir is fearr a chruthaigh sa phobalbhreith.","robots":{"index":"index","follow":"follow","max-snippet":"max-snippet:-1","max-image-preview":"max-image-preview:large","max-video-preview":"max-video-preview:-1"},"og_locale":"en_US","og_type":"article","og_title":"Titim m\u00f3r tagtha ar an taca\u00edocht at\u00e1 ag Fianna F\u00e1il i nGaillimh Thiar de r\u00e9ir phobalbhreith TG4 \/ Ipsos B&A | Preasr\u00e1iteas | TG4","og_description":"De r\u00e9ir thortha\u00ed phobalbhreith TG4 \/ Ipsos B&A a nochtadh ar Nuacht TG4 anocht t\u00e1 seans an-mhaith ag gach duine den cheathrar a raibh na su\u00edoch\u00e1in acu i nGaillimh Thiar sa Rialtas deiridh ar na su\u00edoch\u00e1in sin ar\u00eds, \u00f3 tharla nach bhfuil ach 6 phointe c\u00e9atad\u00e1in idir na 8 n-iarrth\u00f3ir is fearr a chruthaigh sa phobalbhreith.","og_url":"https:\/\/dev.tg4.ie\/ga\/eolas\/preas\/nuacht-raitis\/2024-2\/pobalbhreith-gaillimh-thiar-2024\/","og_site_name":"TG4","article_publisher":"https:\/\/www.facebook.com\/TG4TV","article_modified_time":"2024-11-15T12:56:40+00:00","og_image":[{"width":1920,"height":1080,"url":"https:\/\/tg4-docs.s3.amazonaws.com\/wp-content\/uploads\/2024\/11\/14184734\/Pobalbhreith_Gaillimh_Thiar_2024_1-1920x1080-1.jpg","type":"image\/jpeg"}],"twitter_card":"summary_large_image","twitter_image":"https:\/\/tg4-docs.s3.amazonaws.com\/wp-content\/uploads\/2024\/11\/14184734\/Pobalbhreith_Gaillimh_Thiar_2024_1-1920x1080-1.jpg","twitter_site":"@TG4TV","twitter_misc":{"Est. reading time":"3 minutes"},"schema":{"@context":"https:\/\/schema.org","@graph":[{"@type":"WebPage","@id":"https:\/\/dev.tg4.ie\/ga\/eolas\/preas\/nuacht-raitis\/2024-2\/pobalbhreith-gaillimh-thiar-2024\/","url":"https:\/\/dev.tg4.ie\/ga\/eolas\/preas\/nuacht-raitis\/2024-2\/pobalbhreith-gaillimh-thiar-2024\/","name":"Titim m\u00f3r tagtha ar an taca\u00edocht at\u00e1 ag Fianna F\u00e1il i nGaillimh Thiar de r\u00e9ir phobalbhreith TG4 \/ Ipsos B&A | Preasr\u00e1iteas | TG4","isPartOf":{"@id":"https:\/\/dev.tg4.ie\/en\/#website"},"primaryImageOfPage":{"@id":"https:\/\/dev.tg4.ie\/ga\/eolas\/preas\/nuacht-raitis\/2024-2\/pobalbhreith-gaillimh-thiar-2024\/#primaryimage"},"image":{"@id":"https:\/\/dev.tg4.ie\/ga\/eolas\/preas\/nuacht-raitis\/2024-2\/pobalbhreith-gaillimh-thiar-2024\/#primaryimage"},"thumbnailUrl":"https:\/\/dev.tg4.ie\/wp-content\/uploads\/2024\/11\/Pobalbhreith_Gaillimh_Thiar_2024_1-1920x1080-1.jpg","datePublished":"2024-11-14T19:13:10+00:00","dateModified":"2024-11-15T12:56:40+00:00","description":"De r\u00e9ir thortha\u00ed phobalbhreith TG4 \/ Ipsos B&A a nochtadh ar Nuacht TG4 anocht t\u00e1 seans an-mhaith ag gach duine den cheathrar a raibh na su\u00edoch\u00e1in acu i nGaillimh Thiar sa Rialtas deiridh ar na su\u00edoch\u00e1in sin ar\u00eds, \u00f3 tharla nach bhfuil ach 6 phointe c\u00e9atad\u00e1in idir na 8 n-iarrth\u00f3ir is fearr a chruthaigh sa phobalbhreith.","breadcrumb":{"@id":"https:\/\/dev.tg4.ie\/ga\/eolas\/preas\/nuacht-raitis\/2024-2\/pobalbhreith-gaillimh-thiar-2024\/#breadcrumb"},"inLanguage":"ga","potentialAction":[{"@type":"ReadAction","target":["https:\/\/dev.tg4.ie\/ga\/eolas\/preas\/nuacht-raitis\/2024-2\/pobalbhreith-gaillimh-thiar-2024\/"]}]},{"@type":"ImageObject","inLanguage":"ga","@id":"https:\/\/dev.tg4.ie\/ga\/eolas\/preas\/nuacht-raitis\/2024-2\/pobalbhreith-gaillimh-thiar-2024\/#primaryimage","url":"https:\/\/dev.tg4.ie\/wp-content\/uploads\/2024\/11\/Pobalbhreith_Gaillimh_Thiar_2024_1-1920x1080-1.jpg","contentUrl":"https:\/\/dev.tg4.ie\/wp-content\/uploads\/2024\/11\/Pobalbhreith_Gaillimh_Thiar_2024_1-1920x1080-1.jpg"},{"@type":"BreadcrumbList","@id":"https:\/\/dev.tg4.ie\/ga\/eolas\/preas\/nuacht-raitis\/2024-2\/pobalbhreith-gaillimh-thiar-2024\/#breadcrumb","itemListElement":[{"@type":"ListItem","position":1,"name":"Home","item":"https:\/\/dev.tg4.ie\/ga\/"},{"@type":"ListItem","position":2,"name":"Eolas","item":"https:\/\/dev.tg4.ie\/ga\/eolas\/"},{"@type":"ListItem","position":3,"name":"Preas","item":"https:\/\/dev.tg4.ie\/ga\/eolas\/preas\/"},{"@type":"ListItem","position":4,"name":"Nuacht R\u00e1itis","item":"https:\/\/dev.tg4.ie\/ga\/eolas\/preas\/nuacht-raitis\/"},{"@type":"ListItem","position":5,"name":"2024","item":"https:\/\/dev.tg4.ie\/ga\/eolas\/preas\/nuacht-raitis\/2024-2\/"},{"@type":"ListItem","position":6,"name":"Titim m\u00f3r tagtha ar an taca\u00edocht at\u00e1 ag Fianna F\u00e1il i nGaillimh Thiar de r\u00e9ir phobalbhreith TG4 \/ Ipsos B&#038;A"}]},{"@type":"WebSite","@id":"https:\/\/dev.tg4.ie\/en\/#website","url":"https:\/\/dev.tg4.ie\/en\/","name":"TG4","description":"S\u00fail Eile","potentialAction":[{"@type":"SearchAction","target":{"@type":"EntryPoint","urlTemplate":"https:\/\/dev.tg4.ie\/en\/?s={search_term_string}"},"query-input":"required name=search_term_string"}],"inLanguage":"ga"}]}},"_links":{"self":[{"href":"https:\/\/dev.tg4.ie\/ga\/wp-json\/wp\/v2\/pages\/235065"}],"collection":[{"href":"https:\/\/dev.tg4.ie\/ga\/wp-json\/wp\/v2\/pages"}],"about":[{"href":"https:\/\/dev.tg4.ie\/ga\/wp-json\/wp\/v2\/types\/page"}],"author":[{"embeddable":true,"href":"https:\/\/dev.tg4.ie\/ga\/wp-json\/wp\/v2\/users\/876"}],"replies":[{"embeddable":true,"href":"https:\/\/dev.tg4.ie\/ga\/wp-json\/wp\/v2\/comments?post=235065"}],"version-history":[{"count":0,"href":"https:\/\/dev.tg4.ie\/ga\/wp-json\/wp\/v2\/pages\/235065\/revisions"}],"up":[{"embeddable":true,"href":"https:\/\/dev.tg4.ie\/ga\/wp-json\/wp\/v2\/pages\/208148"}],"wp:attachment":[{"href":"https:\/\/dev.tg4.ie\/ga\/wp-json\/wp\/v2\/media?parent=235065"}],"curies":[{"name":"wp","href":"https:\/\/api.w.org\/{rel}","templated":true}]}}