{"id":235103,"date":"2024-11-15T12:42:57","date_gmt":"2024-11-15T12:42:57","guid":{"rendered":"https:\/\/dev.tg4.ie\/?page_id=235103"},"modified":"2024-11-15T12:55:46","modified_gmt":"2024-11-15T12:55:46","slug":"fuaimrianta-nua-ar-fail-sna-canuinti-go-leir-seolta-ag-cula4-do-super-simple-amhrain","status":"publish","type":"page","link":"https:\/\/dev.tg4.ie\/ga\/eolas\/preas\/nuacht-raitis\/2024-2\/fuaimrianta-nua-ar-fail-sna-canuinti-go-leir-seolta-ag-cula4-do-super-simple-amhrain\/","title":{"rendered":"Fuaimrianta Nua ar f\u00e1il sna Can\u00faint\u00ed go l\u00e9ir Seolta ag C\u00fala4 do &#8216;Super Simple Amhr\u00e1in&#8217;"},"content":{"rendered":"<table>\n<tbody>\n<tr>\n<td width=\"33%\"><img loading=\"lazy\" decoding=\"async\" width=\"1920\" height=\"1080\" src=\"https:\/\/tg4-docs.s3.amazonaws.com\/wp-content\/uploads\/2024\/11\/15123014\/SuperSimpleSongs_1-1920x1080-1.jpg\" alt=\"\" class=\"aligncenter size-full wp-image-235109\" srcset=\"https:\/\/tg4-docs.s3.amazonaws.com\/wp-content\/uploads\/2024\/11\/15123014\/SuperSimpleSongs_1-1920x1080-1.jpg 1920w, https:\/\/tg4-docs.s3.amazonaws.com\/wp-content\/uploads\/2024\/11\/15123014\/SuperSimpleSongs_1-1920x1080-1-250x141.jpg 250w, https:\/\/tg4-docs.s3.amazonaws.com\/wp-content\/uploads\/2024\/11\/15123014\/SuperSimpleSongs_1-1920x1080-1-700x394.jpg 700w, https:\/\/tg4-docs.s3.amazonaws.com\/wp-content\/uploads\/2024\/11\/15123014\/SuperSimpleSongs_1-1920x1080-1-252x141.jpg 252w, https:\/\/tg4-docs.s3.amazonaws.com\/wp-content\/uploads\/2024\/11\/15123014\/SuperSimpleSongs_1-1920x1080-1-1536x864.jpg 1536w, https:\/\/tg4-docs.s3.amazonaws.com\/wp-content\/uploads\/2024\/11\/15123014\/SuperSimpleSongs_1-1920x1080-1-120x68.jpg 120w\" sizes=\"(max-width: 1920px) 100vw, 1920px\" \/><\/td>\n<td width=\"33%\"><img loading=\"lazy\" decoding=\"async\" width=\"1920\" height=\"1080\" src=\"https:\/\/tg4-docs.s3.amazonaws.com\/wp-content\/uploads\/2024\/11\/15123017\/SuperSimpleSongs_2-1920x1080-1.jpg\" alt=\"\" class=\"aligncenter size-full wp-image-235110\" srcset=\"https:\/\/tg4-docs.s3.amazonaws.com\/wp-content\/uploads\/2024\/11\/15123017\/SuperSimpleSongs_2-1920x1080-1.jpg 1920w, https:\/\/tg4-docs.s3.amazonaws.com\/wp-content\/uploads\/2024\/11\/15123017\/SuperSimpleSongs_2-1920x1080-1-250x141.jpg 250w, https:\/\/tg4-docs.s3.amazonaws.com\/wp-content\/uploads\/2024\/11\/15123017\/SuperSimpleSongs_2-1920x1080-1-700x394.jpg 700w, https:\/\/tg4-docs.s3.amazonaws.com\/wp-content\/uploads\/2024\/11\/15123017\/SuperSimpleSongs_2-1920x1080-1-252x141.jpg 252w, https:\/\/tg4-docs.s3.amazonaws.com\/wp-content\/uploads\/2024\/11\/15123017\/SuperSimpleSongs_2-1920x1080-1-1536x864.jpg 1536w, https:\/\/tg4-docs.s3.amazonaws.com\/wp-content\/uploads\/2024\/11\/15123017\/SuperSimpleSongs_2-1920x1080-1-120x68.jpg 120w\" sizes=\"(max-width: 1920px) 100vw, 1920px\" \/><\/td>\n<td width=\"33%\"><img loading=\"lazy\" decoding=\"async\" width=\"1920\" height=\"1080\" src=\"https:\/\/tg4-docs.s3.amazonaws.com\/wp-content\/uploads\/2024\/11\/15123011\/SuperSimpleSongs_3-1920x1080-1.jpg\" alt=\"\" class=\"aligncenter size-full wp-image-235108\" srcset=\"https:\/\/tg4-docs.s3.amazonaws.com\/wp-content\/uploads\/2024\/11\/15123011\/SuperSimpleSongs_3-1920x1080-1.jpg 1920w, https:\/\/tg4-docs.s3.amazonaws.com\/wp-content\/uploads\/2024\/11\/15123011\/SuperSimpleSongs_3-1920x1080-1-250x141.jpg 250w, https:\/\/tg4-docs.s3.amazonaws.com\/wp-content\/uploads\/2024\/11\/15123011\/SuperSimpleSongs_3-1920x1080-1-700x394.jpg 700w, https:\/\/tg4-docs.s3.amazonaws.com\/wp-content\/uploads\/2024\/11\/15123011\/SuperSimpleSongs_3-1920x1080-1-252x141.jpg 252w, https:\/\/tg4-docs.s3.amazonaws.com\/wp-content\/uploads\/2024\/11\/15123011\/SuperSimpleSongs_3-1920x1080-1-1536x864.jpg 1536w, https:\/\/tg4-docs.s3.amazonaws.com\/wp-content\/uploads\/2024\/11\/15123011\/SuperSimpleSongs_3-1920x1080-1-120x68.jpg 120w\" sizes=\"(max-width: 1920px) 100vw, 1920px\" \/><\/td>\n<\/tr>\n<\/tbody>\n<\/table>\n<p>&nbsp;<\/p>\n<p>Seo an chaoi a roghna\u00edtear na can\u00faint\u00ed \u00e9ags\u00fala: <a href=\"https:\/\/youtube.com\/shorts\/N9nYX2fPmrE\" rel=\"noopener\" target=\"_blank\">https:\/\/youtube.com\/shorts\/N9nYX2fPmrE<\/a><\/p>\n<p>&nbsp;<\/p>\n<p>T\u00e1 an-\u00e1thas ar <strong>C\u00fala4<\/strong> a fh\u00f3gairt go bhfuil fuaimrianta nua Gaeilge eisithe i gcan\u00faint\u00ed breise, lena n-\u00e1ir\u00edtear can\u00faint Chonnacht, can\u00faint Uladh, can\u00faint na Mumhan agus can\u00faint Laighean d\u00e1 shraith r\u00e9amhscoile a bhfuil an-t\u00f3ir uirthi  <strong>&#8216;Super Simple Amhr\u00e1in&#8217;<\/strong>. A bhu\u00edochas don nuashonr\u00fa seo, beidh an lucht f\u00e9achana \u00f3g \u00e1balta sult a bhaint as na hamhr\u00e1in i r\u00e9imse can\u00faint\u00ed na Gaeilge, ag saibhri\u00fa a n-eisp\u00e9iris teanga ar <strong>C\u00fala4<\/strong>.<br \/>\n&nbsp;<\/p>\n<p>T\u00e1 <strong>&#8216;Super Simple Amhr\u00e1in&#8217;<\/strong> curtha le ch\u00e9ile chun go mbeidh an lucht f\u00e9achana \u00f3g \u00e1balta sult a bhaint as foghlaim na Gaeilge agus le go mbeidh teacht acu ar fhoghlaim na Gaeilge, ina bhfitear ceol le teanga ar bhealach spra\u00ed\u00fail agus tumthach. T\u00e1 gach aon amhr\u00e1n simpl\u00ed, fanann siad leat agus t\u00e1 siad d\u00e9anta ar bhealach a chuirfidh fonn ar leana\u00ed a bheith ag canadh ag an am c\u00e9anna, iad ag neart\u00fa a st\u00f3r focal riachtanach agus scileanna teanga tr\u00edd an gceol.<br \/>\n&nbsp;<\/p>\n<p>\u00c1ir\u00edtear amhr\u00e1in do leana\u00ed a bhfuil an-chion go deo orthu sa tsraith seo amhail \u201cRotha\u00ed an Bhus\u201d, \u201cCeann, Gualainn, Gl\u00fain is Cos\u201d agus \u201cBaba\u00ed Siorc\u201d, chomh maith le hamhr\u00e1in den scoth eile faoi \u00e1bhair ar leith idir thurais chuig an z\u00fa agus innill d\u00f3ite\u00e1in.<br \/>\n&nbsp;<\/p>\n<p>T\u00e1 an-t\u00f3ir ar an m\u00edr seo ar <strong>C\u00fala4<\/strong> agus ar Sheinnteoir C\u00fala4 (cula4.com) \u00f3 ceanna\u00edodh \u00e9 den ch\u00e9ad uair in 2021, Telegael a rinne dub\u00e1il i gcan\u00faint Chonnacht ar dt\u00fas ar <strong>&#8216;Super Simple Amhr\u00e1in&#8217;<\/strong> do TG4. Mar gheall ar an t\u00f3ir a bh\u00ed ar an tsraith agus mar gheall ar na hiarratais a rinne m\u00fainteoir\u00ed agus tuismitheoir\u00ed ar \u00e1bhar i gcan\u00faint\u00ed ar leith, rinneadh an tsraith a athchead\u00fan\u00fa in 2024, agus anois t\u00e1 cead faighte gach eipeas\u00f3id a dhub\u00e1il i gcan\u00faint\u00ed \u00e9ags\u00fala.<br \/>\n&nbsp;<\/p>\n<p>T\u00e1 s\u00e9 an-\u00e9asca ag an lucht f\u00e9achana an chan\u00faint at\u00e1 uathu a roghn\u00fa ar an seinnteoir faoin tsraith bhunaidh.<br \/>\n&nbsp;<br \/>\n&nbsp;<\/p>\n<p><strong>Liosta de na hamhr\u00e1in :<\/strong><br \/>\n&nbsp;<\/p>\n<p>&#8216;Super Simple Amhr\u00e1in&#8217; 1 &#8211; 1  Eitle\u00e1in ag Eitilt<br \/>\n<a href=\"https:\/\/cula4.com\/ga\/seinn\/super-simple-amhrain\/S1E1\" rel=\"noopener\" target=\"_blank\">https:\/\/cula4.com\/ga\/seinn\/super-simple-amhrain\/S1E1<\/a><br \/>\n&nbsp;<br \/>\n&#8216;Super Simple Amhr\u00e1in&#8217;  1 &#8211; 2 Baby Shark\/Baba\u00ed Siorc<br \/>\n<a href=\"https:\/\/cula4.com\/ga\/seinn\/super-simple-amhrain\/S1E2\" rel=\"noopener\" target=\"_blank\">https:\/\/cula4.com\/ga\/seinn\/super-simple-amhrain\/S1E2<\/a><br \/>\n&nbsp;<br \/>\n&#8216;Super Simple Amhr\u00e1in&#8217; 1 &#8211; 3  Butterfly Ladybug Bumblebee \/ F\u00e9ileac\u00e1n, B\u00f3\u00edn D\u00e9<br \/>\n<a href=\"https:\/\/cula4.com\/ga\/seinn\/super-simple-amhrain\/S1E3\" rel=\"noopener\" target=\"_blank\">https:\/\/cula4.com\/ga\/seinn\/super-simple-amhrain\/S1E3<\/a><br \/>\n&nbsp;<br \/>\n&#8216;Super Simple Amhr\u00e1in&#8217; 1 &#8211; 4  Do You Like Broccoli Ice Cream?\/ An Maith Leat Uachtar Reoite Brocail\u00ed<br \/>\n<a href=\"https:\/\/cula4.com\/ga\/seinn\/super-simple-amhrain\/S1E4\" rel=\"noopener\" target=\"_blank\">https:\/\/cula4.com\/ga\/seinn\/super-simple-amhrain\/S1E4<\/a><br \/>\n&nbsp;<br \/>\n&#8216;Super Simple Amhr\u00e1in&#8217; 1 &#8211; 5  Five Little Ducks\/Lacha<br \/>\n<a href=\"https:\/\/cula4.com\/ga\/seinn\/super-simple-amhrain\/S1E5\" rel=\"noopener\" target=\"_blank\">https:\/\/cula4.com\/ga\/seinn\/super-simple-amhrain\/S1E5<\/a><br \/>\n&nbsp;<br \/>\n&#8216;Super Simple Amhr\u00e1in&#8217; 1 &#8211; 6  Head Shoulders Knees And Toes\/ Ceann, Gualainn, Gl\u00fain is Cos<br \/>\n<a href=\"https:\/\/cula4.com\/ga\/seinn\/super-simple-amhrain\/S1E6\" rel=\"noopener\" target=\"_blank\">https:\/\/cula4.com\/ga\/seinn\/super-simple-amhrain\/S1E6<\/a><br \/>\n&nbsp;<br \/>\n&#8216;Super Simple Amhr\u00e1in&#8217; 1 &#8211; 7  Hello!\/ Dia Duit!<br \/>\n<a href=\"https:\/\/cula4.com\/ga\/seinn\/super-simple-amhrain\/S1E7\" rel=\"noopener\" target=\"_blank\">https:\/\/cula4.com\/ga\/seinn\/super-simple-amhrain\/S1E7<\/a><br \/>\n&nbsp;<br \/>\n&#8216;Super Simple Amhr\u00e1in&#8217; 1 &#8211; 8  Here Comes The Fire Truck\/ Seo an t-Inneall D\u00f3ite\u00e1in<br \/>\n<a href=\"https:\/\/cula4.com\/ga\/seinn\/super-simple-amhrain\/S1E8\" rel=\"noopener\" target=\"_blank\">https:\/\/cula4.com\/ga\/seinn\/super-simple-amhrain\/S1E8<\/a><br \/>\n&nbsp;<br \/>\n&#8216;Super Simple Amhr\u00e1in&#8217; 1 &#8211; 9  I Love The Mountains\/ Is Bre\u00e1 Liom na Sl\u00e9ibhte<br \/>\n<a href=\"https:\/\/cula4.com\/ga\/seinn\/super-simple-amhrain\/S1E9\" rel=\"noopener\" target=\"_blank\">https:\/\/cula4.com\/ga\/seinn\/super-simple-amhrain\/S1E9<\/a><br \/>\n&nbsp;<br \/>\n&#8216;Super Simple Amhr\u00e1in&#8217; 1 &#8211; 10  If You&#8217;re Happy\/ M\u00e1 T\u00e1 Tusa Sona S\u00e1sta<br \/>\n<a href=\"https:\/\/cula4.com\/ga\/seinn\/super-simple-amhrain\/S1E10\" rel=\"noopener\" target=\"_blank\">https:\/\/cula4.com\/ga\/seinn\/super-simple-amhrain\/S1E10<\/a><br \/>\n&nbsp;<br \/>\n&#8216;Super Simple Amhr\u00e1in&#8217; 1 &#8211; 11  Let&#8217;s Go For A Walk Outside\/ Seo Linn ar Shi\u00fal\u00f3id, Taobh Amuigh<br \/>\n<a href=\"https:\/\/cula4.com\/ga\/seinn\/super-simple-amhrain\/S1E11\" rel=\"noopener\" target=\"_blank\">https:\/\/cula4.com\/ga\/seinn\/super-simple-amhrain\/S1E11<\/a><br \/>\n&nbsp;<br \/>\n&#8216;Super Simple Amhr\u00e1in&#8217; 1 &#8211; 12  Let&#8217;s Go To The Zoo\/ Seo Linn Go Dt\u00ed an Z\u00fa<br \/>\n<a href=\"https:\/\/cula4.com\/ga\/seinn\/super-simple-amhrain\/S1E12\" rel=\"noopener\" target=\"_blank\">https:\/\/cula4.com\/ga\/seinn\/super-simple-amhrain\/S1E12<\/a><br \/>\n&nbsp;<br \/>\n&#8216;Super Simple Amhr\u00e1in&#8217; 1 &#8211; 13  Line Up!\/ L\u00edne!<br \/>\n<a href=\"https:\/\/cula4.com\/ga\/seinn\/super-simple-amhrain\/S1E13\" rel=\"noopener\" target=\"_blank\">https:\/\/cula4.com\/ga\/seinn\/super-simple-amhrain\/S1E13<\/a><br \/>\n&nbsp;<br \/>\n&#8216;Super Simple Amhr\u00e1in&#8217; 1 &#8211; 14  Mary Had A Kangaroo\/ Bh\u00ed Cangar\u00fa ag M\u00e1ire \u00d3<br \/>\n<a href=\"https:\/\/cula4.com\/ga\/seinn\/super-simple-amhrain\/S1E14\" rel=\"noopener\" target=\"_blank\">https:\/\/cula4.com\/ga\/seinn\/super-simple-amhrain\/S1E14<\/a><br \/>\n&nbsp;<br \/>\n&#8216;Super Simple Amhr\u00e1in&#8217; 1 &#8211; 15  Open Shut Them #2\/ Oscail D\u00fan Iad<br \/>\n<a href=\"https:\/\/cula4.com\/ga\/seinn\/super-simple-amhrain\/S1E15\" rel=\"noopener\" target=\"_blank\">https:\/\/cula4.com\/ga\/seinn\/super-simple-amhrain\/S1E15<\/a><br \/>\n&nbsp;<br \/>\n&#8216;Super Simple Amhr\u00e1in&#8217; 1 &#8211; 16  The Rainbow Song\/ An Bogha Ceatha<br \/>\n<a href=\"https:\/\/cula4.com\/ga\/seinn\/super-simple-amhrain\/S1E16\" rel=\"noopener\" target=\"_blank\">https:\/\/cula4.com\/ga\/seinn\/super-simple-amhrain\/S1E16<\/a><br \/>\n&nbsp;<br \/>\n&#8216;Super Simple Amhr\u00e1in&#8217; 1 &#8211; 17  The Wheels On The Bus\/ Rotha\u00ed an Bhus<br \/>\n<a href=\"https:\/\/cula4.com\/ga\/seinn\/super-simple-amhrain\/S1E17\" rel=\"noopener\" target=\"_blank\">https:\/\/cula4.com\/ga\/seinn\/super-simple-amhrain\/S1E17<\/a><br \/>\n&nbsp;<br \/>\n&#8216;Super Simple Amhr\u00e1in&#8217; 1 &#8211; 18  This Is A Happy Face\/ Seo \u00c9adan S\u00e1sta<br \/>\n<a href=\"https:\/\/cula4.com\/ga\/seinn\/super-simple-amhrain\/S1E18\" rel=\"noopener\" target=\"_blank\">https:\/\/cula4.com\/ga\/seinn\/super-simple-amhrain\/S1E18<\/a><br \/>\n&nbsp;<br \/>\n&#8216;Super Simple Amhr\u00e1in&#8217; 1 &#8211; 19  Walking In The Forest\/ Ag Si\u00fal sa bhForaois<br \/>\n<a href=\"https:\/\/cula4.com\/ga\/seinn\/super-simple-amhrain\/S1E19\" rel=\"noopener\" target=\"_blank\">https:\/\/cula4.com\/ga\/seinn\/super-simple-amhrain\/S1E19<\/a><br \/>\n&nbsp;<br \/>\n&#8216;Super Simple Amhr\u00e1in&#8217; 1 &#8211; 20  Silent Night\/ O\u00edche Chi\u00fain<br \/>\n<a href=\"https:\/\/cula4.com\/ga\/seinn\/super-simple-amhrain\/S1E20\" rel=\"noopener\" target=\"_blank\">https:\/\/cula4.com\/ga\/seinn\/super-simple-amhrain\/S1E20<\/a><br \/>\n&nbsp;<br \/>\n&nbsp;<\/p>\n","protected":false},"excerpt":{"rendered":"<p>&nbsp; Seo an chaoi a roghna\u00edtear na can\u00faint\u00ed \u00e9ags\u00fala: https:\/\/youtube.com\/shorts\/N9nYX2fPmrE &nbsp; T\u00e1 an-\u00e1thas ar C\u00fala4 a fh\u00f3gairt go bhfuil fuaimrianta nua Gaeilge eisithe i gcan\u00faint\u00ed breise, lena n-\u00e1ir\u00edtear can\u00faint Chonnacht, can\u00faint Uladh, can\u00faint na Mumhan agus can\u00faint Laighean d\u00e1 shraith r\u00e9amhscoile a bhfuil an-t\u00f3ir uirthi &#8216;Super Simple Amhr\u00e1in&#8217;. A bhu\u00edochas don nuashonr\u00fa seo, beidh an [&hellip;]<\/p>\n","protected":false},"author":876,"featured_media":0,"parent":208148,"menu_order":44,"comment_status":"closed","ping_status":"closed","template":"page-templates\/template-pr.php","meta":{"_acf_changed":false,"footnotes":""},"acf":[],"yoast_head":"<!-- This site is optimized with the Yoast SEO plugin v22.6 - https:\/\/yoast.com\/wordpress\/plugins\/seo\/ -->\n<title>Fuaimrianta Nua ar f\u00e1il sna Can\u00faint\u00ed go l\u00e9ir Seolta ag C\u00fala4 do &#039;Super Simple Amhr\u00e1in&#039; | Preasr\u00e1iteas | TG4<\/title>\n<meta name=\"description\" content=\"T\u00e1 an-\u00e1thas ar C\u00fala4 a fh\u00f3gairt go bhfuil fuaimrianta nua Gaeilge eisithe i gcan\u00faint\u00ed breise, lena n-\u00e1ir\u00edtear can\u00faint Chonnacht, can\u00faint Uladh, can\u00faint na Mumhan agus can\u00faint Laighean d\u00e1 shraith r\u00e9amhscoile a bhfuil an-t\u00f3ir uirthi &#039;Super Simple Amhr\u00e1in&#039;.\" \/>\n<meta name=\"robots\" content=\"index, follow, max-snippet:-1, max-image-preview:large, max-video-preview:-1\" \/>\n<meta property=\"og:locale\" content=\"en_US\" \/>\n<meta property=\"og:type\" content=\"article\" \/>\n<meta property=\"og:title\" content=\"Fuaimrianta Nua ar f\u00e1il sna Can\u00faint\u00ed go l\u00e9ir Seolta ag C\u00fala4 do &#039;Super Simple Amhr\u00e1in&#039; | Preasr\u00e1iteas | TG4\" \/>\n<meta property=\"og:description\" content=\"T\u00e1 an-\u00e1thas ar C\u00fala4 a fh\u00f3gairt go bhfuil fuaimrianta nua Gaeilge eisithe i gcan\u00faint\u00ed breise, lena n-\u00e1ir\u00edtear can\u00faint Chonnacht, can\u00faint Uladh, can\u00faint na Mumhan agus can\u00faint Laighean d\u00e1 shraith r\u00e9amhscoile a bhfuil an-t\u00f3ir uirthi &#039;Super Simple Amhr\u00e1in&#039;.\" \/>\n<meta property=\"og:url\" content=\"https:\/\/dev.tg4.ie\/ga\/eolas\/preas\/nuacht-raitis\/2024-2\/fuaimrianta-nua-ar-fail-sna-canuinti-go-leir-seolta-ag-cula4-do-super-simple-amhrain\/\" \/>\n<meta property=\"og:site_name\" content=\"TG4\" \/>\n<meta property=\"article:publisher\" content=\"https:\/\/www.facebook.com\/TG4TV\" \/>\n<meta property=\"article:modified_time\" content=\"2024-11-15T12:55:46+00:00\" \/>\n<meta property=\"og:image\" content=\"https:\/\/tg4-docs.s3.amazonaws.com\/wp-content\/uploads\/2024\/11\/15123011\/SuperSimpleSongs_3-1920x1080-1.jpg\" \/>\n\t<meta property=\"og:image:width\" content=\"1920\" \/>\n\t<meta property=\"og:image:height\" content=\"1080\" \/>\n\t<meta property=\"og:image:type\" content=\"image\/jpeg\" \/>\n<meta name=\"twitter:card\" content=\"summary_large_image\" \/>\n<meta name=\"twitter:image\" content=\"https:\/\/tg4-docs.s3.amazonaws.com\/wp-content\/uploads\/2024\/11\/15123011\/SuperSimpleSongs_3-1920x1080-1.jpg\" \/>\n<meta name=\"twitter:site\" content=\"@TG4TV\" \/>\n<meta name=\"twitter:label1\" content=\"Est. reading time\" \/>\n\t<meta name=\"twitter:data1\" content=\"4 minutes\" \/>\n<script type=\"application\/ld+json\" class=\"yoast-schema-graph\">{\"@context\":\"https:\/\/schema.org\",\"@graph\":[{\"@type\":\"WebPage\",\"@id\":\"https:\/\/dev.tg4.ie\/ga\/eolas\/preas\/nuacht-raitis\/2024-2\/fuaimrianta-nua-ar-fail-sna-canuinti-go-leir-seolta-ag-cula4-do-super-simple-amhrain\/\",\"url\":\"https:\/\/dev.tg4.ie\/ga\/eolas\/preas\/nuacht-raitis\/2024-2\/fuaimrianta-nua-ar-fail-sna-canuinti-go-leir-seolta-ag-cula4-do-super-simple-amhrain\/\",\"name\":\"Fuaimrianta Nua ar f\u00e1il sna Can\u00faint\u00ed go l\u00e9ir Seolta ag C\u00fala4 do 'Super Simple Amhr\u00e1in' | Preasr\u00e1iteas | TG4\",\"isPartOf\":{\"@id\":\"https:\/\/dev.tg4.ie\/en\/#website\"},\"primaryImageOfPage\":{\"@id\":\"https:\/\/dev.tg4.ie\/ga\/eolas\/preas\/nuacht-raitis\/2024-2\/fuaimrianta-nua-ar-fail-sna-canuinti-go-leir-seolta-ag-cula4-do-super-simple-amhrain\/#primaryimage\"},\"image\":{\"@id\":\"https:\/\/dev.tg4.ie\/ga\/eolas\/preas\/nuacht-raitis\/2024-2\/fuaimrianta-nua-ar-fail-sna-canuinti-go-leir-seolta-ag-cula4-do-super-simple-amhrain\/#primaryimage\"},\"thumbnailUrl\":\"https:\/\/dev.tg4.ie\/wp-content\/uploads\/2024\/11\/SuperSimpleSongs_1-1920x1080-1.jpg\",\"datePublished\":\"2024-11-15T12:42:57+00:00\",\"dateModified\":\"2024-11-15T12:55:46+00:00\",\"description\":\"T\u00e1 an-\u00e1thas ar C\u00fala4 a fh\u00f3gairt go bhfuil fuaimrianta nua Gaeilge eisithe i gcan\u00faint\u00ed breise, lena n-\u00e1ir\u00edtear can\u00faint Chonnacht, can\u00faint Uladh, can\u00faint na Mumhan agus can\u00faint Laighean d\u00e1 shraith r\u00e9amhscoile a bhfuil an-t\u00f3ir uirthi 'Super Simple Amhr\u00e1in'.\",\"breadcrumb\":{\"@id\":\"https:\/\/dev.tg4.ie\/ga\/eolas\/preas\/nuacht-raitis\/2024-2\/fuaimrianta-nua-ar-fail-sna-canuinti-go-leir-seolta-ag-cula4-do-super-simple-amhrain\/#breadcrumb\"},\"inLanguage\":\"ga\",\"potentialAction\":[{\"@type\":\"ReadAction\",\"target\":[\"https:\/\/dev.tg4.ie\/ga\/eolas\/preas\/nuacht-raitis\/2024-2\/fuaimrianta-nua-ar-fail-sna-canuinti-go-leir-seolta-ag-cula4-do-super-simple-amhrain\/\"]}]},{\"@type\":\"ImageObject\",\"inLanguage\":\"ga\",\"@id\":\"https:\/\/dev.tg4.ie\/ga\/eolas\/preas\/nuacht-raitis\/2024-2\/fuaimrianta-nua-ar-fail-sna-canuinti-go-leir-seolta-ag-cula4-do-super-simple-amhrain\/#primaryimage\",\"url\":\"https:\/\/dev.tg4.ie\/wp-content\/uploads\/2024\/11\/SuperSimpleSongs_1-1920x1080-1.jpg\",\"contentUrl\":\"https:\/\/dev.tg4.ie\/wp-content\/uploads\/2024\/11\/SuperSimpleSongs_1-1920x1080-1.jpg\"},{\"@type\":\"BreadcrumbList\",\"@id\":\"https:\/\/dev.tg4.ie\/ga\/eolas\/preas\/nuacht-raitis\/2024-2\/fuaimrianta-nua-ar-fail-sna-canuinti-go-leir-seolta-ag-cula4-do-super-simple-amhrain\/#breadcrumb\",\"itemListElement\":[{\"@type\":\"ListItem\",\"position\":1,\"name\":\"Home\",\"item\":\"https:\/\/dev.tg4.ie\/ga\/\"},{\"@type\":\"ListItem\",\"position\":2,\"name\":\"Eolas\",\"item\":\"https:\/\/dev.tg4.ie\/ga\/eolas\/\"},{\"@type\":\"ListItem\",\"position\":3,\"name\":\"Preas\",\"item\":\"https:\/\/dev.tg4.ie\/ga\/eolas\/preas\/\"},{\"@type\":\"ListItem\",\"position\":4,\"name\":\"Nuacht R\u00e1itis\",\"item\":\"https:\/\/dev.tg4.ie\/ga\/eolas\/preas\/nuacht-raitis\/\"},{\"@type\":\"ListItem\",\"position\":5,\"name\":\"2024\",\"item\":\"https:\/\/dev.tg4.ie\/ga\/eolas\/preas\/nuacht-raitis\/2024-2\/\"},{\"@type\":\"ListItem\",\"position\":6,\"name\":\"Fuaimrianta Nua ar f\u00e1il sna Can\u00faint\u00ed go l\u00e9ir Seolta ag C\u00fala4 do &#8216;Super Simple Amhr\u00e1in&#8217;\"}]},{\"@type\":\"WebSite\",\"@id\":\"https:\/\/dev.tg4.ie\/en\/#website\",\"url\":\"https:\/\/dev.tg4.ie\/en\/\",\"name\":\"TG4\",\"description\":\"S\u00fail Eile\",\"potentialAction\":[{\"@type\":\"SearchAction\",\"target\":{\"@type\":\"EntryPoint\",\"urlTemplate\":\"https:\/\/dev.tg4.ie\/en\/?s={search_term_string}\"},\"query-input\":\"required name=search_term_string\"}],\"inLanguage\":\"ga\"}]}<\/script>\n<!-- \/ Yoast SEO plugin. -->","yoast_head_json":{"title":"Fuaimrianta Nua ar f\u00e1il sna Can\u00faint\u00ed go l\u00e9ir Seolta ag C\u00fala4 do 'Super Simple Amhr\u00e1in' | Preasr\u00e1iteas | TG4","description":"T\u00e1 an-\u00e1thas ar C\u00fala4 a fh\u00f3gairt go bhfuil fuaimrianta nua Gaeilge eisithe i gcan\u00faint\u00ed breise, lena n-\u00e1ir\u00edtear can\u00faint Chonnacht, can\u00faint Uladh, can\u00faint na Mumhan agus can\u00faint Laighean d\u00e1 shraith r\u00e9amhscoile a bhfuil an-t\u00f3ir uirthi 'Super Simple Amhr\u00e1in'.","robots":{"index":"index","follow":"follow","max-snippet":"max-snippet:-1","max-image-preview":"max-image-preview:large","max-video-preview":"max-video-preview:-1"},"og_locale":"en_US","og_type":"article","og_title":"Fuaimrianta Nua ar f\u00e1il sna Can\u00faint\u00ed go l\u00e9ir Seolta ag C\u00fala4 do 'Super Simple Amhr\u00e1in' | Preasr\u00e1iteas | TG4","og_description":"T\u00e1 an-\u00e1thas ar C\u00fala4 a fh\u00f3gairt go bhfuil fuaimrianta nua Gaeilge eisithe i gcan\u00faint\u00ed breise, lena n-\u00e1ir\u00edtear can\u00faint Chonnacht, can\u00faint Uladh, can\u00faint na Mumhan agus can\u00faint Laighean d\u00e1 shraith r\u00e9amhscoile a bhfuil an-t\u00f3ir uirthi 'Super Simple Amhr\u00e1in'.","og_url":"https:\/\/dev.tg4.ie\/ga\/eolas\/preas\/nuacht-raitis\/2024-2\/fuaimrianta-nua-ar-fail-sna-canuinti-go-leir-seolta-ag-cula4-do-super-simple-amhrain\/","og_site_name":"TG4","article_publisher":"https:\/\/www.facebook.com\/TG4TV","article_modified_time":"2024-11-15T12:55:46+00:00","og_image":[{"width":1920,"height":1080,"url":"https:\/\/tg4-docs.s3.amazonaws.com\/wp-content\/uploads\/2024\/11\/15123011\/SuperSimpleSongs_3-1920x1080-1.jpg","type":"image\/jpeg"}],"twitter_card":"summary_large_image","twitter_image":"https:\/\/tg4-docs.s3.amazonaws.com\/wp-content\/uploads\/2024\/11\/15123011\/SuperSimpleSongs_3-1920x1080-1.jpg","twitter_site":"@TG4TV","twitter_misc":{"Est. reading time":"4 minutes"},"schema":{"@context":"https:\/\/schema.org","@graph":[{"@type":"WebPage","@id":"https:\/\/dev.tg4.ie\/ga\/eolas\/preas\/nuacht-raitis\/2024-2\/fuaimrianta-nua-ar-fail-sna-canuinti-go-leir-seolta-ag-cula4-do-super-simple-amhrain\/","url":"https:\/\/dev.tg4.ie\/ga\/eolas\/preas\/nuacht-raitis\/2024-2\/fuaimrianta-nua-ar-fail-sna-canuinti-go-leir-seolta-ag-cula4-do-super-simple-amhrain\/","name":"Fuaimrianta Nua ar f\u00e1il sna Can\u00faint\u00ed go l\u00e9ir Seolta ag C\u00fala4 do 'Super Simple Amhr\u00e1in' | Preasr\u00e1iteas | TG4","isPartOf":{"@id":"https:\/\/dev.tg4.ie\/en\/#website"},"primaryImageOfPage":{"@id":"https:\/\/dev.tg4.ie\/ga\/eolas\/preas\/nuacht-raitis\/2024-2\/fuaimrianta-nua-ar-fail-sna-canuinti-go-leir-seolta-ag-cula4-do-super-simple-amhrain\/#primaryimage"},"image":{"@id":"https:\/\/dev.tg4.ie\/ga\/eolas\/preas\/nuacht-raitis\/2024-2\/fuaimrianta-nua-ar-fail-sna-canuinti-go-leir-seolta-ag-cula4-do-super-simple-amhrain\/#primaryimage"},"thumbnailUrl":"https:\/\/dev.tg4.ie\/wp-content\/uploads\/2024\/11\/SuperSimpleSongs_1-1920x1080-1.jpg","datePublished":"2024-11-15T12:42:57+00:00","dateModified":"2024-11-15T12:55:46+00:00","description":"T\u00e1 an-\u00e1thas ar C\u00fala4 a fh\u00f3gairt go bhfuil fuaimrianta nua Gaeilge eisithe i gcan\u00faint\u00ed breise, lena n-\u00e1ir\u00edtear can\u00faint Chonnacht, can\u00faint Uladh, can\u00faint na Mumhan agus can\u00faint Laighean d\u00e1 shraith r\u00e9amhscoile a bhfuil an-t\u00f3ir uirthi 'Super Simple Amhr\u00e1in'.","breadcrumb":{"@id":"https:\/\/dev.tg4.ie\/ga\/eolas\/preas\/nuacht-raitis\/2024-2\/fuaimrianta-nua-ar-fail-sna-canuinti-go-leir-seolta-ag-cula4-do-super-simple-amhrain\/#breadcrumb"},"inLanguage":"ga","potentialAction":[{"@type":"ReadAction","target":["https:\/\/dev.tg4.ie\/ga\/eolas\/preas\/nuacht-raitis\/2024-2\/fuaimrianta-nua-ar-fail-sna-canuinti-go-leir-seolta-ag-cula4-do-super-simple-amhrain\/"]}]},{"@type":"ImageObject","inLanguage":"ga","@id":"https:\/\/dev.tg4.ie\/ga\/eolas\/preas\/nuacht-raitis\/2024-2\/fuaimrianta-nua-ar-fail-sna-canuinti-go-leir-seolta-ag-cula4-do-super-simple-amhrain\/#primaryimage","url":"https:\/\/dev.tg4.ie\/wp-content\/uploads\/2024\/11\/SuperSimpleSongs_1-1920x1080-1.jpg","contentUrl":"https:\/\/dev.tg4.ie\/wp-content\/uploads\/2024\/11\/SuperSimpleSongs_1-1920x1080-1.jpg"},{"@type":"BreadcrumbList","@id":"https:\/\/dev.tg4.ie\/ga\/eolas\/preas\/nuacht-raitis\/2024-2\/fuaimrianta-nua-ar-fail-sna-canuinti-go-leir-seolta-ag-cula4-do-super-simple-amhrain\/#breadcrumb","itemListElement":[{"@type":"ListItem","position":1,"name":"Home","item":"https:\/\/dev.tg4.ie\/ga\/"},{"@type":"ListItem","position":2,"name":"Eolas","item":"https:\/\/dev.tg4.ie\/ga\/eolas\/"},{"@type":"ListItem","position":3,"name":"Preas","item":"https:\/\/dev.tg4.ie\/ga\/eolas\/preas\/"},{"@type":"ListItem","position":4,"name":"Nuacht R\u00e1itis","item":"https:\/\/dev.tg4.ie\/ga\/eolas\/preas\/nuacht-raitis\/"},{"@type":"ListItem","position":5,"name":"2024","item":"https:\/\/dev.tg4.ie\/ga\/eolas\/preas\/nuacht-raitis\/2024-2\/"},{"@type":"ListItem","position":6,"name":"Fuaimrianta Nua ar f\u00e1il sna Can\u00faint\u00ed go l\u00e9ir Seolta ag C\u00fala4 do &#8216;Super Simple Amhr\u00e1in&#8217;"}]},{"@type":"WebSite","@id":"https:\/\/dev.tg4.ie\/en\/#website","url":"https:\/\/dev.tg4.ie\/en\/","name":"TG4","description":"S\u00fail Eile","potentialAction":[{"@type":"SearchAction","target":{"@type":"EntryPoint","urlTemplate":"https:\/\/dev.tg4.ie\/en\/?s={search_term_string}"},"query-input":"required name=search_term_string"}],"inLanguage":"ga"}]}},"_links":{"self":[{"href":"https:\/\/dev.tg4.ie\/ga\/wp-json\/wp\/v2\/pages\/235103"}],"collection":[{"href":"https:\/\/dev.tg4.ie\/ga\/wp-json\/wp\/v2\/pages"}],"about":[{"href":"https:\/\/dev.tg4.ie\/ga\/wp-json\/wp\/v2\/types\/page"}],"author":[{"embeddable":true,"href":"https:\/\/dev.tg4.ie\/ga\/wp-json\/wp\/v2\/users\/876"}],"replies":[{"embeddable":true,"href":"https:\/\/dev.tg4.ie\/ga\/wp-json\/wp\/v2\/comments?post=235103"}],"version-history":[{"count":0,"href":"https:\/\/dev.tg4.ie\/ga\/wp-json\/wp\/v2\/pages\/235103\/revisions"}],"up":[{"embeddable":true,"href":"https:\/\/dev.tg4.ie\/ga\/wp-json\/wp\/v2\/pages\/208148"}],"wp:attachment":[{"href":"https:\/\/dev.tg4.ie\/ga\/wp-json\/wp\/v2\/media?parent=235103"}],"curies":[{"name":"wp","href":"https:\/\/api.w.org\/{rel}","templated":true}]}}