{"id":235246,"date":"2024-11-19T19:14:38","date_gmt":"2024-11-19T19:14:38","guid":{"rendered":"https:\/\/dev.tg4.ie\/?page_id=235246"},"modified":"2024-11-19T17:48:00","modified_gmt":"2024-11-19T17:48:00","slug":"pobalbhreith-dun-na-ngall-2024","status":"publish","type":"page","link":"https:\/\/dev.tg4.ie\/ga\/eolas\/preas\/nuacht-raitis\/2024-2\/pobalbhreith-dun-na-ngall-2024\/","title":{"rendered":"N\u00ed d\u00f3cha go gcoinneoidh Fine Gael su\u00edoch\u00e1n agus an chos\u00falacht air go mbainfidh Fianna F\u00e1il dh\u00e1 shu\u00edoch\u00e1n amach i nD\u00fan na nGall de r\u00e9ir phobalbhreith TG4 \/ Ipsos B&#038;A ar an d\u00e1ilcheantar"},"content":{"rendered":"<table>\n<tbody>\n<tr>\n<td width=\"50%\"><a href=\"https:\/\/tg4-docs.s3.amazonaws.com\/wp-content\/uploads\/2024\/11\/19173650\/Pobalbhreith_Dun_na_nGall_2024_1-1920x1080-1.jpg\" target=\"_blank\" rel=\"noopener\"><img loading=\"lazy\" decoding=\"async\" width=\"1920\" height=\"1080\" src=\"https:\/\/tg4-docs.s3.amazonaws.com\/wp-content\/uploads\/2024\/11\/19173650\/Pobalbhreith_Dun_na_nGall_2024_1-1920x1080-1.jpg\" alt=\"\" class=\"aligncenter size-full wp-image-235255\" srcset=\"https:\/\/tg4-docs.s3.amazonaws.com\/wp-content\/uploads\/2024\/11\/19173650\/Pobalbhreith_Dun_na_nGall_2024_1-1920x1080-1.jpg 1920w, https:\/\/tg4-docs.s3.amazonaws.com\/wp-content\/uploads\/2024\/11\/19173650\/Pobalbhreith_Dun_na_nGall_2024_1-1920x1080-1-250x141.jpg 250w, https:\/\/tg4-docs.s3.amazonaws.com\/wp-content\/uploads\/2024\/11\/19173650\/Pobalbhreith_Dun_na_nGall_2024_1-1920x1080-1-700x394.jpg 700w, https:\/\/tg4-docs.s3.amazonaws.com\/wp-content\/uploads\/2024\/11\/19173650\/Pobalbhreith_Dun_na_nGall_2024_1-1920x1080-1-252x141.jpg 252w, https:\/\/tg4-docs.s3.amazonaws.com\/wp-content\/uploads\/2024\/11\/19173650\/Pobalbhreith_Dun_na_nGall_2024_1-1920x1080-1-1536x864.jpg 1536w, https:\/\/tg4-docs.s3.amazonaws.com\/wp-content\/uploads\/2024\/11\/19173650\/Pobalbhreith_Dun_na_nGall_2024_1-1920x1080-1-120x68.jpg 120w\" sizes=\"(max-width: 1920px) 100vw, 1920px\" \/><\/a><\/td>\n<td width=\"50%\"><a href=\"https:\/\/tg4-docs.s3.amazonaws.com\/wp-content\/uploads\/2024\/11\/19173737\/Pobalbhreith_Dun_na_nGall_2024_2-1920x1080-1.jpg\" target=\"_blank\" rel=\"noopener\"><img loading=\"lazy\" decoding=\"async\" width=\"1920\" height=\"1080\" src=\"https:\/\/tg4-docs.s3.amazonaws.com\/wp-content\/uploads\/2024\/11\/19173737\/Pobalbhreith_Dun_na_nGall_2024_2-1920x1080-1.jpg\" alt=\"\" class=\"aligncenter size-full wp-image-235256\" srcset=\"https:\/\/tg4-docs.s3.amazonaws.com\/wp-content\/uploads\/2024\/11\/19173737\/Pobalbhreith_Dun_na_nGall_2024_2-1920x1080-1.jpg 1920w, https:\/\/tg4-docs.s3.amazonaws.com\/wp-content\/uploads\/2024\/11\/19173737\/Pobalbhreith_Dun_na_nGall_2024_2-1920x1080-1-250x141.jpg 250w, https:\/\/tg4-docs.s3.amazonaws.com\/wp-content\/uploads\/2024\/11\/19173737\/Pobalbhreith_Dun_na_nGall_2024_2-1920x1080-1-700x394.jpg 700w, https:\/\/tg4-docs.s3.amazonaws.com\/wp-content\/uploads\/2024\/11\/19173737\/Pobalbhreith_Dun_na_nGall_2024_2-1920x1080-1-252x141.jpg 252w, https:\/\/tg4-docs.s3.amazonaws.com\/wp-content\/uploads\/2024\/11\/19173737\/Pobalbhreith_Dun_na_nGall_2024_2-1920x1080-1-1536x864.jpg 1536w, https:\/\/tg4-docs.s3.amazonaws.com\/wp-content\/uploads\/2024\/11\/19173737\/Pobalbhreith_Dun_na_nGall_2024_2-1920x1080-1-120x68.jpg 120w\" sizes=\"(max-width: 1920px) 100vw, 1920px\" \/><\/a><\/td>\n<\/tr>\n<\/tbody>\n<\/table>\n<p><sup>(Clice\u00e1il le m\u00e9ad\u00fa)<\/sup><br \/>\n&nbsp;<br \/>\nL\u00e9ir\u00edtear i dtortha\u00ed phobalbhreith dh\u00e1ilcheantar Dh\u00fan na nGall TG4\/Ipsos B&amp;A, a nochtadh ar Nuacht TG4 tr\u00e1thn\u00f3na, go bhf\u00e9adfadh Fianna F\u00e1il su\u00edoch\u00e1in a bhaint amach i nD\u00fan na nGall. N\u00ed d\u00f3cha go gcoinneoidh Fine Gael an su\u00edoch\u00e1n a bhuaigh Joe McHugh in 2020. Beidh s\u00e9 deacair ag iarrth\u00f3ir an ph\u00e1irt\u00ed C\u00faiteamh 100%, Charles Ward, su\u00edoch\u00e1n a bhuachan.<\/p>\n<p>Pointe c\u00e9atad\u00e1in amh\u00e1in at\u00e1 idir an bheirt iarrth\u00f3ir\u00ed at\u00e1 ag Fianna F\u00e1il, Pat \u2018The Cope\u2019 Gallagher (13 faoin gc\u00e9ad) agus Charlie McConalogue, an tAire Talmha\u00edochta, Bia agus Mara at\u00e1 ag dul as oifig (12 faoin gc\u00e9ad). Is ag Charlie McConalogue, ar as Carn Domhnach \u00e9, at\u00e1 v\u00f3ta Fhianna F\u00e1il in Inis Eoghain agus is ag Pat \u2018The Cope\u2019 Gallagher at\u00e1 v\u00f3ta iarthar Dh\u00fan na nGall. Is cos\u00fail, \u00e1fach, go bhfaighidh Charlie McConalogue n\u00edos m\u00f3 v\u00f3ta\u00ed aistrithe. N\u00ed raibh dada ar chor ar bith idir Charlie McConalogue agus Pat \u2018The Cope\u2019 Gallagher in 2020, ach ba \u00e9 Charlie McConalogue ar \u00e9irigh leis su\u00edoch\u00e1n Fhianna F\u00e1il a thabhairt leis sa deireadh.<\/p>\n<p>L\u00e9ir\u00edodh sa phobalbhreith go bhfuil taca\u00edocht l\u00e1idir f\u00f3s i nD\u00fan na nGall do Shinn F\u00e9in, taca\u00edocht n\u00edos l\u00e1idre n\u00e1 mar at\u00e1 i bpobalbhreitheanna go n\u00e1isi\u00fanta. T\u00e1 Pearse Doherty ag barr na pobalbhreithe le 22 faoin gc\u00e9ad, \u00e9 i bhfad os cionn an chu\u00f3ta at\u00e1 ag teast\u00e1il. 11 faoin gc\u00e9ad den v\u00f3ta at\u00e1 ag P\u00e1draig Mac Lochlainn agus t\u00e1 seisean in \u00e1it mhaith lena shu\u00edoch\u00e1n a choinne\u00e1il, le c\u00fanamh \u00f3 na v\u00f3ta\u00ed aistrithe a gheobhaidh s\u00e9 \u00f3 Noel Jordan (2 faoin gc\u00e9ad) at\u00e1 ag rith do Shinn F\u00e9in i ndeisceart an d\u00e1ilcheantair, agus le farasbarr Phearse Doherty.<\/p>\n<p>Is iad seo a leanas tortha\u00ed phobalbhreith an d\u00e1ilcheantair:<\/p>\n<p>&nbsp;<\/p>\n<table width=\"100%\">\n<tbody>\n<table border=\"1\">\n<tr>\n<td width=\"33%\">Pearse DOHERTY<\/td>\n<td width=\"33%\">Sinn F\u00e9\u200bin<\/td>\n<td width=\"33%\">22%<\/td>\n<\/tr>\n<tr>\n<td width=\"33%\">Pat \u2018\u200bThe Cope\u2019\u200b GALLAGHER<\/td>\n<td width=\"33%\">Fianna F\u00e1\u200bil<\/td>\n<td width=\"33%\">13%<\/td>\n<\/tr>\n<tr>\n<td width=\"33%\">Charlie McCONALOGUE<\/td>\n<td width=\"33%\">Fianna F\u00e1\u200bil<\/td>\n<td width=\"33%\">12%<\/td>\n<\/tr>\n<tr>\n<td width=\"33%\">P\u00e1\u200bdraig MAC LOCHLAINN<\/td>\n<td width=\"33%\">Sinn F\u00e9\u200bin<\/td>\n<td width=\"33%\">11%<\/td>\n<\/tr>\n<tr>\n<td width=\"33%\">Thomas PRINGLE<\/td>\n<td width=\"33%\">Gan P\u00e1irt\u00ed<\/td>\n<td width=\"33%\">11%<\/td>\n<\/tr>\n<tr>\n<td width=\"33%\">Charles WARD<\/td>\n<td width=\"33%\">C\u00faiteamh 100%<\/td>\n<td width=\"33%\">6%<\/td>\n<\/tr>\n<tr>\n<td width=\"33%\">John McNULTY<\/td>\n<td width=\"33%\">Fine Gael<\/td>\n<td width=\"33%\">6%<\/td>\n<\/tr>\n<tr>\n<td width=\"33%\">Nikki BRADLEY<\/td>\n<td width=\"33%\">Fine Gael<\/td>\n<td width=\"33%\">6%<\/td>\n<\/tr>\n<tr>\n<td width=\"33%\">Mary T. SWEENEY<\/td>\n<td width=\"33%\">Aont\u00fa\u200b<\/td>\n<td width=\"33%\">4%<\/td>\n<\/tr>\n<tr>\n<td width=\"33%\">Noel JORDAN<\/td>\n<td width=\"33%\">Sinn F\u00e9\u200bin<\/td>\n<td width=\"33%\">2%<\/td>\n<\/tr>\n<tr>\n<td width=\"33%\">Niall McCONNELL<\/td>\n<td width=\"33%\">Gan P\u00e1irt\u00ed<\/td>\n<td width=\"33%\">2%<\/td>\n<\/tr>\n<tr>\n<td width=\"33%\">Nuala CARR<\/td>\n<td width=\"33%\">Comhaontas Glas<\/td>\n<td width=\"33%\">2%<\/td>\n<\/tr>\n<tr>\n<td width=\"33%\">Carol GALLAGHER<\/td>\n<td width=\"33%\">Pobal Roimh Bhrab\u00fas<\/td>\n<td width=\"33%\">1%<\/td>\n<\/tr>\n<tr>\n<td width=\"33%\">Eamon McGEE<\/td>\n<td width=\"33%\">\u00c9ire Amach: Cumann na Saoirse<\/td>\n<td width=\"33%\">1%<\/td>\n<\/tr>\n<tr>\n<td width=\"33%\">Kim McMENAMIN<\/td>\n<td width=\"33%\">The Irish People<\/td>\n<td width=\"33%\">*<\/td>\n<\/tr>\n<tr>\n<td width=\"33%\">Frank O\u2019\u200bDONNELL<\/td>\n<td width=\"33%\">Gan P\u00e1irt\u00ed<\/td>\n<td width=\"33%\">*<\/td>\n<\/tr>\n<tr>\n<td width=\"33%\">Gerry McKEEVER<\/td>\n<td width=\"33%\">Gan P\u00e1irt\u00ed<\/td>\n<td width=\"33%\">*<\/td>\n<\/tr>\n<tr>\n<td width=\"33%\">Claudia KENNEDY<\/td>\n<td width=\"33%\">>Fianna F\u00e1\u200bil<\/td>\n<td width=\"33%\">*<\/td>\n<\/tr>\n<\/tbody>\n<\/table>\n<p><strong>*= 0.0 &#8211; 0.5%<\/strong><br \/>\n&nbsp;<\/p>\n<p>C\u00faig shu\u00edoch\u00e1n at\u00e1 i nd\u00e1ilcheantar Dh\u00fan na nGall agus is 17% an cu\u00f3ta.  Tugadh faoi phobalbhreith TG4\/Ipsos B&#038;A ar an bhf\u00f3n D\u00e9 hAoine agus D\u00e9 Sathairn na seachtaine seo caite (15 agus 16 Samhain) nuair a bh\u00ed an tr\u00e9imhse le haghaidh ainmni\u00fach\u00e1n ag d\u00fanadh.    T\u00e1 a n-iarrth\u00f3ireacht deimhnithe \u00f3 shin ag beirt iarrth\u00f3ir\u00ed neamhsple\u00e1cha eile, Vincent Bradley agus Arthur McGuinness. <\/p>\n<p>D\u2019fh\u00e9adfadh s\u00e9 nach bhfaigheadh Fine Gael su\u00edoch\u00e1n i nD\u00fan na nGall de r\u00e9ir thortha\u00ed na pobalbhreithe.  Bhuaigh Joe McHugh su\u00edoch\u00e1n don ph\u00e1irt\u00ed in 2020 ach n\u00edl seisean ag rith san ollthoghch\u00e1n seo. N\u00edl Martin Harley, a chomhiarrth\u00f3ir in 2020, ag rith ach an oiread. Is iad John McNulty (6 faoin gc\u00e9ad) agusan Seanad\u00f3ir Nikki Bradley (6 faoin gc\u00e9ad) a bheidh ag rith thar ceann Fhine Gael an uair seo. N\u00ed d\u00f3cha go mbeidh aon bhunt\u00e1iste ag na hiarrth\u00f3ir\u00ed seo, at\u00e1 ag rith san olltoghch\u00e1n den ch\u00e9ad uair, as an taca\u00edocht at\u00e1 ann do Simon Harris.   D\u2019fh\u00e9adfadh aistrithe \u00f3 iarrth\u00f3ir de chuid Fhine Gael cuidi\u00fa le Fianna F\u00e1il an dara su\u00edoch\u00e1n a bhaint amach. <\/p>\n<p>Is ceist mh\u00f3r i nD\u00fan na nGall \u00e9 an c\u00faiteamh do thithe a bhfuil dam\u00e1iste d\u00e9anta d\u00f3ibh mar gheall ar bhloic lochtacha.   6 faoin gc\u00e9ad den v\u00f3ta at\u00e1 ag Charles Ward \u00f3n bp\u00e1irt\u00ed C\u00faiteamh 100%, agus is d\u00f3cha go mbeidh d\u00edom\u00e1 ar lucht feachtasa\u00edochta faoi thoradh na pobalbhreithe seo.  N\u00edor \u00e9irigh le Charles Ward su\u00edoch\u00e1n a bhaint sna toghch\u00e1in \u00e1iti\u00fala i m\u00ed an Mheithimh, agus bh\u00ed tuairim\u00edocht ann go gcuirfeadh C\u00faiteamh 100% comhairleoir amh\u00e1in as an gceathrar comhlairleoir\u00ed a toghadh chun cinn chun d\u00edri\u00fa ar leithinis Inis Eoghain go h\u00e1irithe. <\/p>\n<p>D\u2019\u00e9irigh le Thomas Pringle (11 faoin gc\u00e9ad) su\u00edoch\u00e1n a bhuachan in 2020 le n\u00edos l\u00fa v\u00f3ta\u00ed c\u00e9adrogha n\u00e1 mar at\u00e1 faighte aige sa phobalbhreith seo do Dh\u00fan na nGall.  Beidh seisean ag s\u00fail go n-\u00e9ireoidh leis a shu\u00edoch\u00e1n a choinne\u00e1il leis na haistrithe agus is l\u00e9ir \u00f3n bpobalbhreith seo go bhfaighidh s\u00e9 go leor v\u00f3ta\u00ed aistrithe an uair seo i gcom\u00f3rtas le holltoghch\u00e1in eile.   <\/p>\n<p>&nbsp;<\/p>\n","protected":false},"excerpt":{"rendered":"<p>(Clice\u00e1il le m\u00e9ad\u00fa) &nbsp; L\u00e9ir\u00edtear i dtortha\u00ed phobalbhreith dh\u00e1ilcheantar Dh\u00fan na nGall TG4\/Ipsos B&amp;A, a nochtadh ar Nuacht TG4 tr\u00e1thn\u00f3na, go bhf\u00e9adfadh Fianna F\u00e1il su\u00edoch\u00e1in a bhaint amach i nD\u00fan na nGall. N\u00ed d\u00f3cha go gcoinneoidh Fine Gael an su\u00edoch\u00e1n a bhuaigh Joe McHugh in 2020. Beidh s\u00e9 deacair ag iarrth\u00f3ir an ph\u00e1irt\u00ed C\u00faiteamh 100%, [&hellip;]<\/p>\n","protected":false},"author":876,"featured_media":0,"parent":208148,"menu_order":45,"comment_status":"closed","ping_status":"closed","template":"page-templates\/template-pr.php","meta":{"_acf_changed":false,"footnotes":""},"acf":[],"yoast_head":"<!-- This site is optimized with the Yoast SEO plugin v22.6 - https:\/\/yoast.com\/wordpress\/plugins\/seo\/ -->\n<title>N\u00ed d\u00f3cha go gcoinneoidh Fine Gael su\u00edoch\u00e1n agus an chos\u00falacht air go mbainfidh Fianna F\u00e1il dh\u00e1 shu\u00edoch\u00e1n amach i nD\u00fan na nGall de r\u00e9ir phobalbhreith TG4 \/ Ipsos B&amp;A ar an d\u00e1ilcheantar | Preasr\u00e1iteas | TG4<\/title>\n<meta name=\"description\" content=\"L\u00e9ir\u00edtear i dtortha\u00ed phobalbhreith dh\u00e1ilcheantar Dh\u00fan na nGall TG4 \/ Ipsos B&amp;A, a nochtadh ar Nuacht TG4 tr\u00e1thn\u00f3na, go bhf\u00e9adfadh Fianna F\u00e1il su\u00edoch\u00e1in a bhaint amach i nD\u00fan na nGall.\" \/>\n<meta name=\"robots\" content=\"index, follow, max-snippet:-1, max-image-preview:large, max-video-preview:-1\" \/>\n<meta property=\"og:locale\" content=\"en_US\" \/>\n<meta property=\"og:type\" content=\"article\" \/>\n<meta property=\"og:title\" content=\"N\u00ed d\u00f3cha go gcoinneoidh Fine Gael su\u00edoch\u00e1n agus an chos\u00falacht air go mbainfidh Fianna F\u00e1il dh\u00e1 shu\u00edoch\u00e1n amach i nD\u00fan na nGall de r\u00e9ir phobalbhreith TG4 \/ Ipsos B&amp;A ar an d\u00e1ilcheantar | Preasr\u00e1iteas | TG4\" \/>\n<meta property=\"og:description\" content=\"L\u00e9ir\u00edtear i dtortha\u00ed phobalbhreith dh\u00e1ilcheantar Dh\u00fan na nGall TG4 \/ Ipsos B&amp;A, a nochtadh ar Nuacht TG4 tr\u00e1thn\u00f3na, go bhf\u00e9adfadh Fianna F\u00e1il su\u00edoch\u00e1in a bhaint amach i nD\u00fan na nGall.\" \/>\n<meta property=\"og:url\" content=\"https:\/\/dev.tg4.ie\/ga\/eolas\/preas\/nuacht-raitis\/2024-2\/pobalbhreith-dun-na-ngall-2024\/\" \/>\n<meta property=\"og:site_name\" content=\"TG4\" \/>\n<meta property=\"article:publisher\" content=\"https:\/\/www.facebook.com\/TG4TV\" \/>\n<meta property=\"article:modified_time\" content=\"2024-11-19T17:48:00+00:00\" \/>\n<meta property=\"og:image\" content=\"https:\/\/tg4-docs.s3.amazonaws.com\/wp-content\/uploads\/2024\/11\/19173650\/Pobalbhreith_Dun_na_nGall_2024_1-1920x1080-1.jpg\" \/>\n\t<meta property=\"og:image:width\" content=\"1920\" \/>\n\t<meta property=\"og:image:height\" content=\"1080\" \/>\n\t<meta property=\"og:image:type\" content=\"image\/jpeg\" \/>\n<meta name=\"twitter:card\" content=\"summary_large_image\" \/>\n<meta name=\"twitter:image\" content=\"https:\/\/tg4-docs.s3.amazonaws.com\/wp-content\/uploads\/2024\/11\/19173650\/Pobalbhreith_Dun_na_nGall_2024_1-1920x1080-1.jpg\" \/>\n<meta name=\"twitter:site\" content=\"@TG4TV\" \/>\n<meta name=\"twitter:label1\" content=\"Est. reading time\" \/>\n\t<meta name=\"twitter:data1\" content=\"4 minutes\" \/>\n<script type=\"application\/ld+json\" class=\"yoast-schema-graph\">{\"@context\":\"https:\/\/schema.org\",\"@graph\":[{\"@type\":\"WebPage\",\"@id\":\"https:\/\/dev.tg4.ie\/ga\/eolas\/preas\/nuacht-raitis\/2024-2\/pobalbhreith-dun-na-ngall-2024\/\",\"url\":\"https:\/\/dev.tg4.ie\/ga\/eolas\/preas\/nuacht-raitis\/2024-2\/pobalbhreith-dun-na-ngall-2024\/\",\"name\":\"N\u00ed d\u00f3cha go gcoinneoidh Fine Gael su\u00edoch\u00e1n agus an chos\u00falacht air go mbainfidh Fianna F\u00e1il dh\u00e1 shu\u00edoch\u00e1n amach i nD\u00fan na nGall de r\u00e9ir phobalbhreith TG4 \/ Ipsos B&A ar an d\u00e1ilcheantar | Preasr\u00e1iteas | TG4\",\"isPartOf\":{\"@id\":\"https:\/\/dev.tg4.ie\/en\/#website\"},\"primaryImageOfPage\":{\"@id\":\"https:\/\/dev.tg4.ie\/ga\/eolas\/preas\/nuacht-raitis\/2024-2\/pobalbhreith-dun-na-ngall-2024\/#primaryimage\"},\"image\":{\"@id\":\"https:\/\/dev.tg4.ie\/ga\/eolas\/preas\/nuacht-raitis\/2024-2\/pobalbhreith-dun-na-ngall-2024\/#primaryimage\"},\"thumbnailUrl\":\"https:\/\/dev.tg4.ie\/wp-content\/uploads\/2024\/11\/Pobalbhreith_Dun_na_nGall_2024_1-1920x1080-1.jpg\",\"datePublished\":\"2024-11-19T19:14:38+00:00\",\"dateModified\":\"2024-11-19T17:48:00+00:00\",\"description\":\"L\u00e9ir\u00edtear i dtortha\u00ed phobalbhreith dh\u00e1ilcheantar Dh\u00fan na nGall TG4 \/ Ipsos B&A, a nochtadh ar Nuacht TG4 tr\u00e1thn\u00f3na, go bhf\u00e9adfadh Fianna F\u00e1il su\u00edoch\u00e1in a bhaint amach i nD\u00fan na nGall.\",\"breadcrumb\":{\"@id\":\"https:\/\/dev.tg4.ie\/ga\/eolas\/preas\/nuacht-raitis\/2024-2\/pobalbhreith-dun-na-ngall-2024\/#breadcrumb\"},\"inLanguage\":\"ga\",\"potentialAction\":[{\"@type\":\"ReadAction\",\"target\":[\"https:\/\/dev.tg4.ie\/ga\/eolas\/preas\/nuacht-raitis\/2024-2\/pobalbhreith-dun-na-ngall-2024\/\"]}]},{\"@type\":\"ImageObject\",\"inLanguage\":\"ga\",\"@id\":\"https:\/\/dev.tg4.ie\/ga\/eolas\/preas\/nuacht-raitis\/2024-2\/pobalbhreith-dun-na-ngall-2024\/#primaryimage\",\"url\":\"https:\/\/dev.tg4.ie\/wp-content\/uploads\/2024\/11\/Pobalbhreith_Dun_na_nGall_2024_1-1920x1080-1.jpg\",\"contentUrl\":\"https:\/\/dev.tg4.ie\/wp-content\/uploads\/2024\/11\/Pobalbhreith_Dun_na_nGall_2024_1-1920x1080-1.jpg\"},{\"@type\":\"BreadcrumbList\",\"@id\":\"https:\/\/dev.tg4.ie\/ga\/eolas\/preas\/nuacht-raitis\/2024-2\/pobalbhreith-dun-na-ngall-2024\/#breadcrumb\",\"itemListElement\":[{\"@type\":\"ListItem\",\"position\":1,\"name\":\"Home\",\"item\":\"https:\/\/dev.tg4.ie\/ga\/\"},{\"@type\":\"ListItem\",\"position\":2,\"name\":\"Eolas\",\"item\":\"https:\/\/dev.tg4.ie\/ga\/eolas\/\"},{\"@type\":\"ListItem\",\"position\":3,\"name\":\"Preas\",\"item\":\"https:\/\/dev.tg4.ie\/ga\/eolas\/preas\/\"},{\"@type\":\"ListItem\",\"position\":4,\"name\":\"Nuacht R\u00e1itis\",\"item\":\"https:\/\/dev.tg4.ie\/ga\/eolas\/preas\/nuacht-raitis\/\"},{\"@type\":\"ListItem\",\"position\":5,\"name\":\"2024\",\"item\":\"https:\/\/dev.tg4.ie\/ga\/eolas\/preas\/nuacht-raitis\/2024-2\/\"},{\"@type\":\"ListItem\",\"position\":6,\"name\":\"N\u00ed d\u00f3cha go gcoinneoidh Fine Gael su\u00edoch\u00e1n agus an chos\u00falacht air go mbainfidh Fianna F\u00e1il dh\u00e1 shu\u00edoch\u00e1n amach i nD\u00fan na nGall de r\u00e9ir phobalbhreith TG4 \/ Ipsos B&#038;A ar an d\u00e1ilcheantar\"}]},{\"@type\":\"WebSite\",\"@id\":\"https:\/\/dev.tg4.ie\/en\/#website\",\"url\":\"https:\/\/dev.tg4.ie\/en\/\",\"name\":\"TG4\",\"description\":\"S\u00fail Eile\",\"potentialAction\":[{\"@type\":\"SearchAction\",\"target\":{\"@type\":\"EntryPoint\",\"urlTemplate\":\"https:\/\/dev.tg4.ie\/en\/?s={search_term_string}\"},\"query-input\":\"required name=search_term_string\"}],\"inLanguage\":\"ga\"}]}<\/script>\n<!-- \/ Yoast SEO plugin. -->","yoast_head_json":{"title":"N\u00ed d\u00f3cha go gcoinneoidh Fine Gael su\u00edoch\u00e1n agus an chos\u00falacht air go mbainfidh Fianna F\u00e1il dh\u00e1 shu\u00edoch\u00e1n amach i nD\u00fan na nGall de r\u00e9ir phobalbhreith TG4 \/ Ipsos B&A ar an d\u00e1ilcheantar | Preasr\u00e1iteas | TG4","description":"L\u00e9ir\u00edtear i dtortha\u00ed phobalbhreith dh\u00e1ilcheantar Dh\u00fan na nGall TG4 \/ Ipsos B&A, a nochtadh ar Nuacht TG4 tr\u00e1thn\u00f3na, go bhf\u00e9adfadh Fianna F\u00e1il su\u00edoch\u00e1in a bhaint amach i nD\u00fan na nGall.","robots":{"index":"index","follow":"follow","max-snippet":"max-snippet:-1","max-image-preview":"max-image-preview:large","max-video-preview":"max-video-preview:-1"},"og_locale":"en_US","og_type":"article","og_title":"N\u00ed d\u00f3cha go gcoinneoidh Fine Gael su\u00edoch\u00e1n agus an chos\u00falacht air go mbainfidh Fianna F\u00e1il dh\u00e1 shu\u00edoch\u00e1n amach i nD\u00fan na nGall de r\u00e9ir phobalbhreith TG4 \/ Ipsos B&A ar an d\u00e1ilcheantar | Preasr\u00e1iteas | TG4","og_description":"L\u00e9ir\u00edtear i dtortha\u00ed phobalbhreith dh\u00e1ilcheantar Dh\u00fan na nGall TG4 \/ Ipsos B&A, a nochtadh ar Nuacht TG4 tr\u00e1thn\u00f3na, go bhf\u00e9adfadh Fianna F\u00e1il su\u00edoch\u00e1in a bhaint amach i nD\u00fan na nGall.","og_url":"https:\/\/dev.tg4.ie\/ga\/eolas\/preas\/nuacht-raitis\/2024-2\/pobalbhreith-dun-na-ngall-2024\/","og_site_name":"TG4","article_publisher":"https:\/\/www.facebook.com\/TG4TV","article_modified_time":"2024-11-19T17:48:00+00:00","og_image":[{"width":1920,"height":1080,"url":"https:\/\/tg4-docs.s3.amazonaws.com\/wp-content\/uploads\/2024\/11\/19173650\/Pobalbhreith_Dun_na_nGall_2024_1-1920x1080-1.jpg","type":"image\/jpeg"}],"twitter_card":"summary_large_image","twitter_image":"https:\/\/tg4-docs.s3.amazonaws.com\/wp-content\/uploads\/2024\/11\/19173650\/Pobalbhreith_Dun_na_nGall_2024_1-1920x1080-1.jpg","twitter_site":"@TG4TV","twitter_misc":{"Est. reading time":"4 minutes"},"schema":{"@context":"https:\/\/schema.org","@graph":[{"@type":"WebPage","@id":"https:\/\/dev.tg4.ie\/ga\/eolas\/preas\/nuacht-raitis\/2024-2\/pobalbhreith-dun-na-ngall-2024\/","url":"https:\/\/dev.tg4.ie\/ga\/eolas\/preas\/nuacht-raitis\/2024-2\/pobalbhreith-dun-na-ngall-2024\/","name":"N\u00ed d\u00f3cha go gcoinneoidh Fine Gael su\u00edoch\u00e1n agus an chos\u00falacht air go mbainfidh Fianna F\u00e1il dh\u00e1 shu\u00edoch\u00e1n amach i nD\u00fan na nGall de r\u00e9ir phobalbhreith TG4 \/ Ipsos B&A ar an d\u00e1ilcheantar | Preasr\u00e1iteas | TG4","isPartOf":{"@id":"https:\/\/dev.tg4.ie\/en\/#website"},"primaryImageOfPage":{"@id":"https:\/\/dev.tg4.ie\/ga\/eolas\/preas\/nuacht-raitis\/2024-2\/pobalbhreith-dun-na-ngall-2024\/#primaryimage"},"image":{"@id":"https:\/\/dev.tg4.ie\/ga\/eolas\/preas\/nuacht-raitis\/2024-2\/pobalbhreith-dun-na-ngall-2024\/#primaryimage"},"thumbnailUrl":"https:\/\/dev.tg4.ie\/wp-content\/uploads\/2024\/11\/Pobalbhreith_Dun_na_nGall_2024_1-1920x1080-1.jpg","datePublished":"2024-11-19T19:14:38+00:00","dateModified":"2024-11-19T17:48:00+00:00","description":"L\u00e9ir\u00edtear i dtortha\u00ed phobalbhreith dh\u00e1ilcheantar Dh\u00fan na nGall TG4 \/ Ipsos B&A, a nochtadh ar Nuacht TG4 tr\u00e1thn\u00f3na, go bhf\u00e9adfadh Fianna F\u00e1il su\u00edoch\u00e1in a bhaint amach i nD\u00fan na nGall.","breadcrumb":{"@id":"https:\/\/dev.tg4.ie\/ga\/eolas\/preas\/nuacht-raitis\/2024-2\/pobalbhreith-dun-na-ngall-2024\/#breadcrumb"},"inLanguage":"ga","potentialAction":[{"@type":"ReadAction","target":["https:\/\/dev.tg4.ie\/ga\/eolas\/preas\/nuacht-raitis\/2024-2\/pobalbhreith-dun-na-ngall-2024\/"]}]},{"@type":"ImageObject","inLanguage":"ga","@id":"https:\/\/dev.tg4.ie\/ga\/eolas\/preas\/nuacht-raitis\/2024-2\/pobalbhreith-dun-na-ngall-2024\/#primaryimage","url":"https:\/\/dev.tg4.ie\/wp-content\/uploads\/2024\/11\/Pobalbhreith_Dun_na_nGall_2024_1-1920x1080-1.jpg","contentUrl":"https:\/\/dev.tg4.ie\/wp-content\/uploads\/2024\/11\/Pobalbhreith_Dun_na_nGall_2024_1-1920x1080-1.jpg"},{"@type":"BreadcrumbList","@id":"https:\/\/dev.tg4.ie\/ga\/eolas\/preas\/nuacht-raitis\/2024-2\/pobalbhreith-dun-na-ngall-2024\/#breadcrumb","itemListElement":[{"@type":"ListItem","position":1,"name":"Home","item":"https:\/\/dev.tg4.ie\/ga\/"},{"@type":"ListItem","position":2,"name":"Eolas","item":"https:\/\/dev.tg4.ie\/ga\/eolas\/"},{"@type":"ListItem","position":3,"name":"Preas","item":"https:\/\/dev.tg4.ie\/ga\/eolas\/preas\/"},{"@type":"ListItem","position":4,"name":"Nuacht R\u00e1itis","item":"https:\/\/dev.tg4.ie\/ga\/eolas\/preas\/nuacht-raitis\/"},{"@type":"ListItem","position":5,"name":"2024","item":"https:\/\/dev.tg4.ie\/ga\/eolas\/preas\/nuacht-raitis\/2024-2\/"},{"@type":"ListItem","position":6,"name":"N\u00ed d\u00f3cha go gcoinneoidh Fine Gael su\u00edoch\u00e1n agus an chos\u00falacht air go mbainfidh Fianna F\u00e1il dh\u00e1 shu\u00edoch\u00e1n amach i nD\u00fan na nGall de r\u00e9ir phobalbhreith TG4 \/ Ipsos B&#038;A ar an d\u00e1ilcheantar"}]},{"@type":"WebSite","@id":"https:\/\/dev.tg4.ie\/en\/#website","url":"https:\/\/dev.tg4.ie\/en\/","name":"TG4","description":"S\u00fail Eile","potentialAction":[{"@type":"SearchAction","target":{"@type":"EntryPoint","urlTemplate":"https:\/\/dev.tg4.ie\/en\/?s={search_term_string}"},"query-input":"required name=search_term_string"}],"inLanguage":"ga"}]}},"_links":{"self":[{"href":"https:\/\/dev.tg4.ie\/ga\/wp-json\/wp\/v2\/pages\/235246"}],"collection":[{"href":"https:\/\/dev.tg4.ie\/ga\/wp-json\/wp\/v2\/pages"}],"about":[{"href":"https:\/\/dev.tg4.ie\/ga\/wp-json\/wp\/v2\/types\/page"}],"author":[{"embeddable":true,"href":"https:\/\/dev.tg4.ie\/ga\/wp-json\/wp\/v2\/users\/876"}],"replies":[{"embeddable":true,"href":"https:\/\/dev.tg4.ie\/ga\/wp-json\/wp\/v2\/comments?post=235246"}],"version-history":[{"count":0,"href":"https:\/\/dev.tg4.ie\/ga\/wp-json\/wp\/v2\/pages\/235246\/revisions"}],"up":[{"embeddable":true,"href":"https:\/\/dev.tg4.ie\/ga\/wp-json\/wp\/v2\/pages\/208148"}],"wp:attachment":[{"href":"https:\/\/dev.tg4.ie\/ga\/wp-json\/wp\/v2\/media?parent=235246"}],"curies":[{"name":"wp","href":"https:\/\/api.w.org\/{rel}","templated":true}]}}