{"id":235380,"date":"2024-11-25T12:10:57","date_gmt":"2024-11-25T12:10:57","guid":{"rendered":"https:\/\/dev.tg4.ie\/?page_id=235380"},"modified":"2024-11-25T12:10:57","modified_gmt":"2024-11-25T12:10:57","slug":"pobalbhreith-maigh-eo-2024","status":"publish","type":"page","link":"https:\/\/dev.tg4.ie\/ga\/eolas\/preas\/nuacht-raitis\/2024-2\/pobalbhreith-maigh-eo-2024\/","title":{"rendered":"Dillon ar cheann an chomhairimh i Maigh Eo i nd\u00e1ilcheantar a mbeidh f\u00edorchoimhlint ann"},"content":{"rendered":"<table>\n<tbody>\n<tr>\n<td width=\"50%\"><a href=\"https:\/\/tg4-docs.s3.amazonaws.com\/wp-content\/uploads\/2024\/11\/25120226\/Pobalbhreith_Maigh_Eo_1-1920x1080-1.jpg\"><img loading=\"lazy\" decoding=\"async\" width=\"1920\" height=\"1080\" src=\"https:\/\/tg4-docs.s3.amazonaws.com\/wp-content\/uploads\/2024\/11\/25120226\/Pobalbhreith_Maigh_Eo_1-1920x1080-1.jpg\" alt=\"\" class=\"aligncenter size-full wp-image-235384\" srcset=\"https:\/\/tg4-docs.s3.amazonaws.com\/wp-content\/uploads\/2024\/11\/25120226\/Pobalbhreith_Maigh_Eo_1-1920x1080-1.jpg 1920w, https:\/\/tg4-docs.s3.amazonaws.com\/wp-content\/uploads\/2024\/11\/25120226\/Pobalbhreith_Maigh_Eo_1-1920x1080-1-250x141.jpg 250w, https:\/\/tg4-docs.s3.amazonaws.com\/wp-content\/uploads\/2024\/11\/25120226\/Pobalbhreith_Maigh_Eo_1-1920x1080-1-700x394.jpg 700w, https:\/\/tg4-docs.s3.amazonaws.com\/wp-content\/uploads\/2024\/11\/25120226\/Pobalbhreith_Maigh_Eo_1-1920x1080-1-252x141.jpg 252w, https:\/\/tg4-docs.s3.amazonaws.com\/wp-content\/uploads\/2024\/11\/25120226\/Pobalbhreith_Maigh_Eo_1-1920x1080-1-1536x864.jpg 1536w, https:\/\/tg4-docs.s3.amazonaws.com\/wp-content\/uploads\/2024\/11\/25120226\/Pobalbhreith_Maigh_Eo_1-1920x1080-1-120x68.jpg 120w\" sizes=\"(max-width: 1920px) 100vw, 1920px\" \/><\/a><\/td>\n<td width=\"50%\"><a href=\"https:\/\/tg4-docs.s3.amazonaws.com\/wp-content\/uploads\/2024\/11\/25120244\/Pobalbhreith_Maigh_Eo_2-1920x1080-1.jpg\"><img loading=\"lazy\" decoding=\"async\" width=\"1920\" height=\"1080\" src=\"https:\/\/tg4-docs.s3.amazonaws.com\/wp-content\/uploads\/2024\/11\/25120244\/Pobalbhreith_Maigh_Eo_2-1920x1080-1.jpg\" alt=\"\" class=\"aligncenter size-full wp-image-235385\" srcset=\"https:\/\/tg4-docs.s3.amazonaws.com\/wp-content\/uploads\/2024\/11\/25120244\/Pobalbhreith_Maigh_Eo_2-1920x1080-1.jpg 1920w, https:\/\/tg4-docs.s3.amazonaws.com\/wp-content\/uploads\/2024\/11\/25120244\/Pobalbhreith_Maigh_Eo_2-1920x1080-1-250x141.jpg 250w, https:\/\/tg4-docs.s3.amazonaws.com\/wp-content\/uploads\/2024\/11\/25120244\/Pobalbhreith_Maigh_Eo_2-1920x1080-1-700x394.jpg 700w, https:\/\/tg4-docs.s3.amazonaws.com\/wp-content\/uploads\/2024\/11\/25120244\/Pobalbhreith_Maigh_Eo_2-1920x1080-1-252x141.jpg 252w, https:\/\/tg4-docs.s3.amazonaws.com\/wp-content\/uploads\/2024\/11\/25120244\/Pobalbhreith_Maigh_Eo_2-1920x1080-1-1536x864.jpg 1536w, https:\/\/tg4-docs.s3.amazonaws.com\/wp-content\/uploads\/2024\/11\/25120244\/Pobalbhreith_Maigh_Eo_2-1920x1080-1-120x68.jpg 120w\" sizes=\"(max-width: 1920px) 100vw, 1920px\" \/><\/a><\/td>\n<\/tr>\n<\/tbody>\n<\/table>\n<p><sup>(Clice\u00e1il le m\u00e9ad\u00fa)<\/sup><br \/>\n&nbsp;<br \/>\nDe r\u00e9ir thortha\u00ed phobalbhreith TG4\/Ipsos B&#038;A ar dh\u00e1ilcheantar Mhaigh Eo, a f\u00f3gra\u00edodh ar Nuacht TG4 tr\u00e1thn\u00f3na, t\u00e1 an Teachta D\u00e1la Alan Dillon, iar-pheilead\u00f3ir contae, chun cinn le 17 faoin gc\u00e9ad den v\u00f3ta, bainfidh s\u00e9 amach an cu\u00f3ta agus t\u00e1 s\u00e9 cinnte de shu\u00edoch\u00e1n. Is \u00e9 is m\u00f3 d\u2019iarrth\u00f3ir\u00ed Fhine Gael a gheobhaidh v\u00f3ta\u00ed i Maigh Eo, mar ba n\u00f3s le Michael Ring a dh\u00e9anamh. <\/p>\n<p>I ndiaidh athbhreithni\u00fa a rinne an Coimisi\u00fan Toghch\u00e1in ar na D\u00e1ilcheantair anuraidh, cuireadh athr\u00fa ar theorainn an d\u00e1ilcheantair chun Maigh Eo ar fad a \u00e1ireamh. T\u00e1 ch\u00faig shu\u00edoch\u00e1n anois ar\u00eds sa d\u00e1ilcheantar.<br \/>\n&nbsp;<br \/>\nIs iad seo a leanas tortha\u00ed phobalbhreith an d\u00e1ilcheantair:<\/p>\n<p>&nbsp;<\/p>\n<table width=\"100%\">\n<tbody>\n<table border=\"1\">\n<tr>\n<td width=\"33%\">Alan DILLON<\/td>\n<td width=\"33%\">Fine Gael<\/td>\n<td width=\"33%\">17%<\/td>\n<\/tr>\n<tr>\n<td width=\"33%\">Rose CONWAY-WALSH<\/td>\n<td width=\"33%\">Sinn F\u00e9in<\/td>\n<td width=\"33%\">13%<\/td>\n<\/tr>\n<tr>\n<td width=\"33%\">Dara CALLEARY<\/td>\n<td width=\"33%\">Fianna F\u00e1\u200bil<\/td>\n<td width=\"33%\">11%<\/td>\n<\/tr>\n<tr>\n<td width=\"33%\">Lisa CHAMBERS<\/td>\n<td width=\"33%\">Fianna F\u00e1\u200bil<\/td>\n<td width=\"33%\">10%<\/td>\n<\/tr>\n<tr>\n<td width=\"33%\">Mark DUFFY<\/td>\n<td width=\"33%\">Fine Gael<\/td>\n<td width=\"33%\">10%<\/td>\n<\/tr>\n<tr>\n<td width=\"33%\">Keira KEOGH<\/td>\n<td width=\"33%\">Fine Gael<\/td>\n<td width=\"33%\">8%<\/td>\n<\/tr>\n<tr>\n<td width=\"33%\">Patsy O\u2019BRIEN<\/td>\n<td width=\"33%\">Gan P\u00e1irt\u00ed<\/td>\n<td width=\"33%\">7%<\/td>\n<\/tr>\n<tr>\n<td width=\"33%\">Paul LAWLESS<\/td>\n<td width=\"33%\">Aont\u00fa<\/td>\n<td width=\"33%\">7%<\/td>\n<\/tr>\n<tr>\n<td width=\"33%\">Gerry MURRAY<\/td>\n<td width=\"33%\">Sinn F\u00e9in<\/td>\n<td width=\"33%\">5%<\/td>\n<\/tr>\n<tr>\n<td width=\"33%\">Martina JENNINGS<\/td>\n<td width=\"33%\">Fine Gael<\/td>\n<td width=\"33%\">4%<\/td>\n<\/tr>\n<tr>\n<td width=\"33%\">Joe DALY<\/td>\n<td width=\"33%\">Pobal Roimh Bhrab\u00fas<\/td>\n<td width=\"33%\">2%<\/td>\n<\/tr>\n<tr>\n<td width=\"33%\">Stephen KERR<\/td>\n<td width=\"33%\">Gan P\u00e1irt\u00ed<\/td>\n<td width=\"33%\">2%<\/td>\n<\/tr>\n<tr>\n<td width=\"33%\">M\u00edche\u00e1l \u2018BOXTY\u2019 \u00d3 CONAILL<\/td>\n<td width=\"33%\">Comhaontas Glas<\/td>\n<td width=\"33%\">2%<\/td>\n<\/tr>\n<tr>\n<td width=\"33%\">Chris MAXWELL<\/td>\n<td width=\"33%\">\u00c9ire Neamhsple\u00e1ch<\/td>\n<td width=\"33%\">2%<\/td>\n<\/tr>\n<tr>\n<td width=\"33%\">Gerry LOFTUS<\/td>\n<td width=\"33%\">Gan P\u00e1irt\u00ed<\/td>\n<td width=\"33%\">1%<\/td>\n<\/tr>\n<tr>\n<td width=\"33%\">Sean FORKIN<\/td>\n<td width=\"33%\">Gan P\u00e1irt\u00ed<\/td>\n<td width=\"33%\">*<\/td>\n<\/tr>\n<\/tbody>\n<\/table>\n<p><strong>*= 0.0 &#8211; 0.5%<\/strong><br \/>\n&nbsp;<\/p>\n<p>Bh\u00ed dh\u00e1 shu\u00edoch\u00e1n as ceithre cinn ag Fine Gael sa d\u00e1ilcheantar in 2020 \u2013 Michael Ring ag ceann an chomhairimh an t-am sin agus bhain Alan Dillon an su\u00edoch\u00e1n de Michelle Mulherin, ar \u00e9igean, chun an dara su\u00edoch\u00e1n a bhaint amach d\u2019Fhine Gael. Chuaigh an d\u00e1 shu\u00edoch\u00e1n eile chuig Rose Conway-Walsh Shinn F\u00e9in agus chuig Dara Calleary Fhianna F\u00e1il.<\/p>\n<p>T\u00e1 an-seans anois ag Fine Gael an dara su\u00edoch\u00e1n a bhaint amach an babhta seo ar\u00eds mar go bhfuil an tri\u00far iarrth\u00f3ir\u00ed eile at\u00e1 ag Fine Gael sa D\u00e1ilcheantar ag cruth\u00fa go maith; t\u00e1 10 faoin gc\u00e9ad den v\u00f3ta ag Mark Duffy, 8% ag Keira Keogh agus 4% den taca\u00edocht ag Martina Jennings. In \u00e9ineacht, t\u00e1 v\u00f3ta Fhine Gael mar a bh\u00ed an sciar v\u00f3ta\u00ed a bhain an p\u00e1irt\u00ed amach sa d\u00e1ilcheantar in 2020 nuair bhuaigh siad dh\u00e1 shu\u00edoch\u00e1n i nd\u00e1ilcheantar nach raibh ach ceithre shu\u00edoch\u00e1n ann. T\u00e1 amhras, mar sin f\u00e9in, faoin strait\u00e9is a bh\u00ed ag an bp\u00e1irt\u00ed ceathrar iarrth\u00f3ir\u00ed a chur chun cinn.<\/p>\n<p>T\u00e1 an chos\u00falacht air go gcoinneoidh Rose Conway-Walsh Shinn F\u00e9in a su\u00edoch\u00e1n f\u00e9in mar go bhfuil 13 faoin gc\u00e9ad den v\u00f3ta aici.  Is 18 faoin gc\u00e9ad (m\u00e1 ghlactar 5 faoin gc\u00e9ad Gerry Murray san \u00e1ireamh) an taca\u00edocht ioml\u00e1n at\u00e1 ag Sinn F\u00e9in i Maigh Eo. T\u00e1 sin ag teacht leis na figi\u00fair\u00ed n\u00e1isi\u00fanta ach faoin 23 faoin gc\u00e9ad den v\u00f3ta a bhain an p\u00e1irt\u00ed amach in 2020.<\/p>\n<p>Ag 11 faoin gc\u00e9ad at\u00e1 an taca\u00edocht do Dhara Calleary Fhianna F\u00e1il agus t\u00e1 10 faoin gc\u00e9ad den v\u00f3ta ag Lisa Chambers. In \u00e9ineacht, t\u00e1 v\u00f3ta Fhianna F\u00e1il os cionn an chu\u00f3ta agus d\u2019fh\u00e9adfadh seans a bheith acu ar an dara su\u00edoch\u00e1n.<\/p>\n<p>Beidh an t-iarrth\u00f3ir neamhsple\u00e1ch Patsy O\u2019Brien san ioma\u00edocht don su\u00edoch\u00e1n deiridh sa d\u00e1ilcheantar le sciar 7 faoin gc\u00e9ad den v\u00f3ta.  T\u00e1 Paul Lawless Aont\u00fa \u00e9 f\u00e9in ag 7 faoin gc\u00e9ad agus \u00e9 ag cruth\u00fa n\u00edos fearr n\u00e1 an p\u00e1irt\u00ed go n\u00e1isi\u00fanta ag 7 faoin gc\u00e9ad, agus t\u00e1 seans aigesean freisin ar an su\u00edoch\u00e1n deiridh.<\/p>\n<p>Ar an bhf\u00f3n D\u00e9 Luain agus D\u00e9 M\u00e1irt an tseachtain seo (18 agus 19 Samhain) a tugadh faoin bpobalbhreith seo de chuid TG4\/Ipsos B&#038;A.  <\/p>\n<p>&nbsp;<\/p>\n","protected":false},"excerpt":{"rendered":"<p>(Clice\u00e1il le m\u00e9ad\u00fa) &nbsp; De r\u00e9ir thortha\u00ed phobalbhreith TG4\/Ipsos B&#038;A ar dh\u00e1ilcheantar Mhaigh Eo, a f\u00f3gra\u00edodh ar Nuacht TG4 tr\u00e1thn\u00f3na, t\u00e1 an Teachta D\u00e1la Alan Dillon, iar-pheilead\u00f3ir contae, chun cinn le 17 faoin gc\u00e9ad den v\u00f3ta, bainfidh s\u00e9 amach an cu\u00f3ta agus t\u00e1 s\u00e9 cinnte de shu\u00edoch\u00e1n. Is \u00e9 is m\u00f3 d\u2019iarrth\u00f3ir\u00ed Fhine Gael a [&hellip;]<\/p>\n","protected":false},"author":876,"featured_media":0,"parent":208148,"menu_order":46,"comment_status":"closed","ping_status":"closed","template":"page-templates\/template-pr.php","meta":{"_acf_changed":false,"footnotes":""},"acf":[],"yoast_head":"<!-- This site is optimized with the Yoast SEO plugin v22.6 - https:\/\/yoast.com\/wordpress\/plugins\/seo\/ -->\n<title>Dillon ar cheann an chomhairimh i Maigh Eo i nd\u00e1ilcheantar a mbeidh f\u00edorchoimhlint ann | Preasr\u00e1iteas | TG4<\/title>\n<meta name=\"description\" content=\"De r\u00e9ir thortha\u00ed phobalbhreith TG4\/Ipsos B&amp;A ar dh\u00e1ilcheantar Mhaigh Eo, a f\u00f3gra\u00edodh ar Nuacht TG4 tr\u00e1thn\u00f3na, t\u00e1 an Teachta D\u00e1la Alan Dillon, iar-pheilead\u00f3ir contae, chun cinn le 17 faoin gc\u00e9ad den v\u00f3ta, bainfidh s\u00e9 amach an cu\u00f3ta agus t\u00e1 s\u00e9 cinnte de shu\u00edoch\u00e1n.\" \/>\n<meta name=\"robots\" content=\"index, follow, max-snippet:-1, max-image-preview:large, max-video-preview:-1\" \/>\n<meta property=\"og:locale\" content=\"en_US\" \/>\n<meta property=\"og:type\" content=\"article\" \/>\n<meta property=\"og:title\" content=\"Dillon ar cheann an chomhairimh i Maigh Eo i nd\u00e1ilcheantar a mbeidh f\u00edorchoimhlint ann | Preasr\u00e1iteas | TG4\" \/>\n<meta property=\"og:description\" content=\"De r\u00e9ir thortha\u00ed phobalbhreith TG4\/Ipsos B&amp;A ar dh\u00e1ilcheantar Mhaigh Eo, a f\u00f3gra\u00edodh ar Nuacht TG4 tr\u00e1thn\u00f3na, t\u00e1 an Teachta D\u00e1la Alan Dillon, iar-pheilead\u00f3ir contae, chun cinn le 17 faoin gc\u00e9ad den v\u00f3ta, bainfidh s\u00e9 amach an cu\u00f3ta agus t\u00e1 s\u00e9 cinnte de shu\u00edoch\u00e1n.\" \/>\n<meta property=\"og:url\" content=\"https:\/\/dev.tg4.ie\/ga\/eolas\/preas\/nuacht-raitis\/2024-2\/pobalbhreith-maigh-eo-2024\/\" \/>\n<meta property=\"og:site_name\" content=\"TG4\" \/>\n<meta property=\"article:publisher\" content=\"https:\/\/www.facebook.com\/TG4TV\" \/>\n<meta property=\"og:image\" content=\"https:\/\/tg4-docs.s3.amazonaws.com\/wp-content\/uploads\/2024\/11\/25120226\/Pobalbhreith_Maigh_Eo_1-1920x1080-1.jpg\" \/>\n\t<meta property=\"og:image:width\" content=\"1920\" \/>\n\t<meta property=\"og:image:height\" content=\"1080\" \/>\n\t<meta property=\"og:image:type\" content=\"image\/jpeg\" \/>\n<meta name=\"twitter:card\" content=\"summary_large_image\" \/>\n<meta name=\"twitter:image\" content=\"https:\/\/tg4-docs.s3.amazonaws.com\/wp-content\/uploads\/2024\/11\/25120226\/Pobalbhreith_Maigh_Eo_1-1920x1080-1.jpg\" \/>\n<meta name=\"twitter:site\" content=\"@TG4TV\" \/>\n<meta name=\"twitter:label1\" content=\"Est. reading time\" \/>\n\t<meta name=\"twitter:data1\" content=\"3 minutes\" \/>\n<script type=\"application\/ld+json\" class=\"yoast-schema-graph\">{\"@context\":\"https:\/\/schema.org\",\"@graph\":[{\"@type\":\"WebPage\",\"@id\":\"https:\/\/dev.tg4.ie\/ga\/eolas\/preas\/nuacht-raitis\/2024-2\/pobalbhreith-maigh-eo-2024\/\",\"url\":\"https:\/\/dev.tg4.ie\/ga\/eolas\/preas\/nuacht-raitis\/2024-2\/pobalbhreith-maigh-eo-2024\/\",\"name\":\"Dillon ar cheann an chomhairimh i Maigh Eo i nd\u00e1ilcheantar a mbeidh f\u00edorchoimhlint ann | Preasr\u00e1iteas | TG4\",\"isPartOf\":{\"@id\":\"https:\/\/dev.tg4.ie\/en\/#website\"},\"primaryImageOfPage\":{\"@id\":\"https:\/\/dev.tg4.ie\/ga\/eolas\/preas\/nuacht-raitis\/2024-2\/pobalbhreith-maigh-eo-2024\/#primaryimage\"},\"image\":{\"@id\":\"https:\/\/dev.tg4.ie\/ga\/eolas\/preas\/nuacht-raitis\/2024-2\/pobalbhreith-maigh-eo-2024\/#primaryimage\"},\"thumbnailUrl\":\"https:\/\/dev.tg4.ie\/wp-content\/uploads\/2024\/11\/Pobalbhreith_Maigh_Eo_1-1920x1080-1.jpg\",\"datePublished\":\"2024-11-25T12:10:57+00:00\",\"dateModified\":\"2024-11-25T12:10:57+00:00\",\"description\":\"De r\u00e9ir thortha\u00ed phobalbhreith TG4\/Ipsos B&A ar dh\u00e1ilcheantar Mhaigh Eo, a f\u00f3gra\u00edodh ar Nuacht TG4 tr\u00e1thn\u00f3na, t\u00e1 an Teachta D\u00e1la Alan Dillon, iar-pheilead\u00f3ir contae, chun cinn le 17 faoin gc\u00e9ad den v\u00f3ta, bainfidh s\u00e9 amach an cu\u00f3ta agus t\u00e1 s\u00e9 cinnte de shu\u00edoch\u00e1n.\",\"breadcrumb\":{\"@id\":\"https:\/\/dev.tg4.ie\/ga\/eolas\/preas\/nuacht-raitis\/2024-2\/pobalbhreith-maigh-eo-2024\/#breadcrumb\"},\"inLanguage\":\"ga\",\"potentialAction\":[{\"@type\":\"ReadAction\",\"target\":[\"https:\/\/dev.tg4.ie\/ga\/eolas\/preas\/nuacht-raitis\/2024-2\/pobalbhreith-maigh-eo-2024\/\"]}]},{\"@type\":\"ImageObject\",\"inLanguage\":\"ga\",\"@id\":\"https:\/\/dev.tg4.ie\/ga\/eolas\/preas\/nuacht-raitis\/2024-2\/pobalbhreith-maigh-eo-2024\/#primaryimage\",\"url\":\"https:\/\/dev.tg4.ie\/wp-content\/uploads\/2024\/11\/Pobalbhreith_Maigh_Eo_1-1920x1080-1.jpg\",\"contentUrl\":\"https:\/\/dev.tg4.ie\/wp-content\/uploads\/2024\/11\/Pobalbhreith_Maigh_Eo_1-1920x1080-1.jpg\"},{\"@type\":\"BreadcrumbList\",\"@id\":\"https:\/\/dev.tg4.ie\/ga\/eolas\/preas\/nuacht-raitis\/2024-2\/pobalbhreith-maigh-eo-2024\/#breadcrumb\",\"itemListElement\":[{\"@type\":\"ListItem\",\"position\":1,\"name\":\"Home\",\"item\":\"https:\/\/dev.tg4.ie\/ga\/\"},{\"@type\":\"ListItem\",\"position\":2,\"name\":\"Eolas\",\"item\":\"https:\/\/dev.tg4.ie\/ga\/eolas\/\"},{\"@type\":\"ListItem\",\"position\":3,\"name\":\"Preas\",\"item\":\"https:\/\/dev.tg4.ie\/ga\/eolas\/preas\/\"},{\"@type\":\"ListItem\",\"position\":4,\"name\":\"Nuacht R\u00e1itis\",\"item\":\"https:\/\/dev.tg4.ie\/ga\/eolas\/preas\/nuacht-raitis\/\"},{\"@type\":\"ListItem\",\"position\":5,\"name\":\"2024\",\"item\":\"https:\/\/dev.tg4.ie\/ga\/eolas\/preas\/nuacht-raitis\/2024-2\/\"},{\"@type\":\"ListItem\",\"position\":6,\"name\":\"Dillon ar cheann an chomhairimh i Maigh Eo i nd\u00e1ilcheantar a mbeidh f\u00edorchoimhlint ann\"}]},{\"@type\":\"WebSite\",\"@id\":\"https:\/\/dev.tg4.ie\/en\/#website\",\"url\":\"https:\/\/dev.tg4.ie\/en\/\",\"name\":\"TG4\",\"description\":\"S\u00fail Eile\",\"potentialAction\":[{\"@type\":\"SearchAction\",\"target\":{\"@type\":\"EntryPoint\",\"urlTemplate\":\"https:\/\/dev.tg4.ie\/en\/?s={search_term_string}\"},\"query-input\":\"required name=search_term_string\"}],\"inLanguage\":\"ga\"}]}<\/script>\n<!-- \/ Yoast SEO plugin. -->","yoast_head_json":{"title":"Dillon ar cheann an chomhairimh i Maigh Eo i nd\u00e1ilcheantar a mbeidh f\u00edorchoimhlint ann | Preasr\u00e1iteas | TG4","description":"De r\u00e9ir thortha\u00ed phobalbhreith TG4\/Ipsos B&A ar dh\u00e1ilcheantar Mhaigh Eo, a f\u00f3gra\u00edodh ar Nuacht TG4 tr\u00e1thn\u00f3na, t\u00e1 an Teachta D\u00e1la Alan Dillon, iar-pheilead\u00f3ir contae, chun cinn le 17 faoin gc\u00e9ad den v\u00f3ta, bainfidh s\u00e9 amach an cu\u00f3ta agus t\u00e1 s\u00e9 cinnte de shu\u00edoch\u00e1n.","robots":{"index":"index","follow":"follow","max-snippet":"max-snippet:-1","max-image-preview":"max-image-preview:large","max-video-preview":"max-video-preview:-1"},"og_locale":"en_US","og_type":"article","og_title":"Dillon ar cheann an chomhairimh i Maigh Eo i nd\u00e1ilcheantar a mbeidh f\u00edorchoimhlint ann | Preasr\u00e1iteas | TG4","og_description":"De r\u00e9ir thortha\u00ed phobalbhreith TG4\/Ipsos B&A ar dh\u00e1ilcheantar Mhaigh Eo, a f\u00f3gra\u00edodh ar Nuacht TG4 tr\u00e1thn\u00f3na, t\u00e1 an Teachta D\u00e1la Alan Dillon, iar-pheilead\u00f3ir contae, chun cinn le 17 faoin gc\u00e9ad den v\u00f3ta, bainfidh s\u00e9 amach an cu\u00f3ta agus t\u00e1 s\u00e9 cinnte de shu\u00edoch\u00e1n.","og_url":"https:\/\/dev.tg4.ie\/ga\/eolas\/preas\/nuacht-raitis\/2024-2\/pobalbhreith-maigh-eo-2024\/","og_site_name":"TG4","article_publisher":"https:\/\/www.facebook.com\/TG4TV","og_image":[{"width":1920,"height":1080,"url":"https:\/\/tg4-docs.s3.amazonaws.com\/wp-content\/uploads\/2024\/11\/25120226\/Pobalbhreith_Maigh_Eo_1-1920x1080-1.jpg","type":"image\/jpeg"}],"twitter_card":"summary_large_image","twitter_image":"https:\/\/tg4-docs.s3.amazonaws.com\/wp-content\/uploads\/2024\/11\/25120226\/Pobalbhreith_Maigh_Eo_1-1920x1080-1.jpg","twitter_site":"@TG4TV","twitter_misc":{"Est. reading time":"3 minutes"},"schema":{"@context":"https:\/\/schema.org","@graph":[{"@type":"WebPage","@id":"https:\/\/dev.tg4.ie\/ga\/eolas\/preas\/nuacht-raitis\/2024-2\/pobalbhreith-maigh-eo-2024\/","url":"https:\/\/dev.tg4.ie\/ga\/eolas\/preas\/nuacht-raitis\/2024-2\/pobalbhreith-maigh-eo-2024\/","name":"Dillon ar cheann an chomhairimh i Maigh Eo i nd\u00e1ilcheantar a mbeidh f\u00edorchoimhlint ann | Preasr\u00e1iteas | TG4","isPartOf":{"@id":"https:\/\/dev.tg4.ie\/en\/#website"},"primaryImageOfPage":{"@id":"https:\/\/dev.tg4.ie\/ga\/eolas\/preas\/nuacht-raitis\/2024-2\/pobalbhreith-maigh-eo-2024\/#primaryimage"},"image":{"@id":"https:\/\/dev.tg4.ie\/ga\/eolas\/preas\/nuacht-raitis\/2024-2\/pobalbhreith-maigh-eo-2024\/#primaryimage"},"thumbnailUrl":"https:\/\/dev.tg4.ie\/wp-content\/uploads\/2024\/11\/Pobalbhreith_Maigh_Eo_1-1920x1080-1.jpg","datePublished":"2024-11-25T12:10:57+00:00","dateModified":"2024-11-25T12:10:57+00:00","description":"De r\u00e9ir thortha\u00ed phobalbhreith TG4\/Ipsos B&A ar dh\u00e1ilcheantar Mhaigh Eo, a f\u00f3gra\u00edodh ar Nuacht TG4 tr\u00e1thn\u00f3na, t\u00e1 an Teachta D\u00e1la Alan Dillon, iar-pheilead\u00f3ir contae, chun cinn le 17 faoin gc\u00e9ad den v\u00f3ta, bainfidh s\u00e9 amach an cu\u00f3ta agus t\u00e1 s\u00e9 cinnte de shu\u00edoch\u00e1n.","breadcrumb":{"@id":"https:\/\/dev.tg4.ie\/ga\/eolas\/preas\/nuacht-raitis\/2024-2\/pobalbhreith-maigh-eo-2024\/#breadcrumb"},"inLanguage":"ga","potentialAction":[{"@type":"ReadAction","target":["https:\/\/dev.tg4.ie\/ga\/eolas\/preas\/nuacht-raitis\/2024-2\/pobalbhreith-maigh-eo-2024\/"]}]},{"@type":"ImageObject","inLanguage":"ga","@id":"https:\/\/dev.tg4.ie\/ga\/eolas\/preas\/nuacht-raitis\/2024-2\/pobalbhreith-maigh-eo-2024\/#primaryimage","url":"https:\/\/dev.tg4.ie\/wp-content\/uploads\/2024\/11\/Pobalbhreith_Maigh_Eo_1-1920x1080-1.jpg","contentUrl":"https:\/\/dev.tg4.ie\/wp-content\/uploads\/2024\/11\/Pobalbhreith_Maigh_Eo_1-1920x1080-1.jpg"},{"@type":"BreadcrumbList","@id":"https:\/\/dev.tg4.ie\/ga\/eolas\/preas\/nuacht-raitis\/2024-2\/pobalbhreith-maigh-eo-2024\/#breadcrumb","itemListElement":[{"@type":"ListItem","position":1,"name":"Home","item":"https:\/\/dev.tg4.ie\/ga\/"},{"@type":"ListItem","position":2,"name":"Eolas","item":"https:\/\/dev.tg4.ie\/ga\/eolas\/"},{"@type":"ListItem","position":3,"name":"Preas","item":"https:\/\/dev.tg4.ie\/ga\/eolas\/preas\/"},{"@type":"ListItem","position":4,"name":"Nuacht R\u00e1itis","item":"https:\/\/dev.tg4.ie\/ga\/eolas\/preas\/nuacht-raitis\/"},{"@type":"ListItem","position":5,"name":"2024","item":"https:\/\/dev.tg4.ie\/ga\/eolas\/preas\/nuacht-raitis\/2024-2\/"},{"@type":"ListItem","position":6,"name":"Dillon ar cheann an chomhairimh i Maigh Eo i nd\u00e1ilcheantar a mbeidh f\u00edorchoimhlint ann"}]},{"@type":"WebSite","@id":"https:\/\/dev.tg4.ie\/en\/#website","url":"https:\/\/dev.tg4.ie\/en\/","name":"TG4","description":"S\u00fail Eile","potentialAction":[{"@type":"SearchAction","target":{"@type":"EntryPoint","urlTemplate":"https:\/\/dev.tg4.ie\/en\/?s={search_term_string}"},"query-input":"required name=search_term_string"}],"inLanguage":"ga"}]}},"_links":{"self":[{"href":"https:\/\/dev.tg4.ie\/ga\/wp-json\/wp\/v2\/pages\/235380"}],"collection":[{"href":"https:\/\/dev.tg4.ie\/ga\/wp-json\/wp\/v2\/pages"}],"about":[{"href":"https:\/\/dev.tg4.ie\/ga\/wp-json\/wp\/v2\/types\/page"}],"author":[{"embeddable":true,"href":"https:\/\/dev.tg4.ie\/ga\/wp-json\/wp\/v2\/users\/876"}],"replies":[{"embeddable":true,"href":"https:\/\/dev.tg4.ie\/ga\/wp-json\/wp\/v2\/comments?post=235380"}],"version-history":[{"count":0,"href":"https:\/\/dev.tg4.ie\/ga\/wp-json\/wp\/v2\/pages\/235380\/revisions"}],"up":[{"embeddable":true,"href":"https:\/\/dev.tg4.ie\/ga\/wp-json\/wp\/v2\/pages\/208148"}],"wp:attachment":[{"href":"https:\/\/dev.tg4.ie\/ga\/wp-json\/wp\/v2\/media?parent=235380"}],"curies":[{"name":"wp","href":"https:\/\/api.w.org\/{rel}","templated":true}]}}