{"id":235430,"date":"2024-11-26T19:10:06","date_gmt":"2024-11-26T19:10:06","guid":{"rendered":"https:\/\/dev.tg4.ie\/?page_id=235430"},"modified":"2024-11-26T18:09:12","modified_gmt":"2024-11-26T18:09:12","slug":"pobalbhreith-ciarrai-2024","status":"publish","type":"page","link":"https:\/\/dev.tg4.ie\/ga\/eolas\/preas\/nuacht-raitis\/2024-2\/pobalbhreith-ciarrai-2024\/","title":{"rendered":"An chos\u00falacht air gur ag Michael Healy-Rae a bheidh an v\u00f3ta is airde sa t\u00edr san olltoghch\u00e1n \u00f3 tharla 10% os cionn an chu\u00f3ta a bheith bainte amach aige i bpobalbhreith TG4 ar dh\u00e1ilcheantar Chiarra\u00ed agus\u00a0su\u00edoch\u00e1n ann do Danny Healy-Rae d\u00e1 bharr"},"content":{"rendered":"<table>\n<tbody>\n<tr>\n<td width=\"50%\"><a href=\"https:\/\/tg4-docs.s3.amazonaws.com\/wp-content\/uploads\/2024\/11\/26174857\/Pobalbhreith_Ciarrai_1-1920x1080-1.jpg\"><img loading=\"lazy\" decoding=\"async\" width=\"1920\" height=\"1080\" src=\"https:\/\/tg4-docs.s3.amazonaws.com\/wp-content\/uploads\/2024\/11\/26174857\/Pobalbhreith_Ciarrai_1-1920x1080-1.jpg\" alt=\"\" class=\"aligncenter size-full wp-image-235432\" srcset=\"https:\/\/tg4-docs.s3.amazonaws.com\/wp-content\/uploads\/2024\/11\/26174857\/Pobalbhreith_Ciarrai_1-1920x1080-1.jpg 1920w, https:\/\/tg4-docs.s3.amazonaws.com\/wp-content\/uploads\/2024\/11\/26174857\/Pobalbhreith_Ciarrai_1-1920x1080-1-250x141.jpg 250w, https:\/\/tg4-docs.s3.amazonaws.com\/wp-content\/uploads\/2024\/11\/26174857\/Pobalbhreith_Ciarrai_1-1920x1080-1-700x394.jpg 700w, https:\/\/tg4-docs.s3.amazonaws.com\/wp-content\/uploads\/2024\/11\/26174857\/Pobalbhreith_Ciarrai_1-1920x1080-1-252x141.jpg 252w, https:\/\/tg4-docs.s3.amazonaws.com\/wp-content\/uploads\/2024\/11\/26174857\/Pobalbhreith_Ciarrai_1-1920x1080-1-1536x864.jpg 1536w, https:\/\/tg4-docs.s3.amazonaws.com\/wp-content\/uploads\/2024\/11\/26174857\/Pobalbhreith_Ciarrai_1-1920x1080-1-120x68.jpg 120w\" sizes=\"(max-width: 1920px) 100vw, 1920px\" \/><\/a><\/td>\n<td width=\"50%\"><a href=\"https:\/\/tg4-docs.s3.amazonaws.com\/wp-content\/uploads\/2024\/11\/26174901\/Pobalbhreith_Ciarrai_2-1920x1080-1.jpg\"><img loading=\"lazy\" decoding=\"async\" width=\"1920\" height=\"1080\" src=\"https:\/\/tg4-docs.s3.amazonaws.com\/wp-content\/uploads\/2024\/11\/26174901\/Pobalbhreith_Ciarrai_2-1920x1080-1.jpg\" alt=\"\" class=\"aligncenter size-full wp-image-235433\" srcset=\"https:\/\/tg4-docs.s3.amazonaws.com\/wp-content\/uploads\/2024\/11\/26174901\/Pobalbhreith_Ciarrai_2-1920x1080-1.jpg 1920w, https:\/\/tg4-docs.s3.amazonaws.com\/wp-content\/uploads\/2024\/11\/26174901\/Pobalbhreith_Ciarrai_2-1920x1080-1-250x141.jpg 250w, https:\/\/tg4-docs.s3.amazonaws.com\/wp-content\/uploads\/2024\/11\/26174901\/Pobalbhreith_Ciarrai_2-1920x1080-1-700x394.jpg 700w, https:\/\/tg4-docs.s3.amazonaws.com\/wp-content\/uploads\/2024\/11\/26174901\/Pobalbhreith_Ciarrai_2-1920x1080-1-252x141.jpg 252w, https:\/\/tg4-docs.s3.amazonaws.com\/wp-content\/uploads\/2024\/11\/26174901\/Pobalbhreith_Ciarrai_2-1920x1080-1-1536x864.jpg 1536w, https:\/\/tg4-docs.s3.amazonaws.com\/wp-content\/uploads\/2024\/11\/26174901\/Pobalbhreith_Ciarrai_2-1920x1080-1-120x68.jpg 120w\" sizes=\"(max-width: 1920px) 100vw, 1920px\" \/><\/a><\/td>\n<\/tr>\n<\/tbody>\n<\/table>\n<p><sup>(Clice\u00e1il le m\u00e9ad\u00fa)<\/sup><br \/>\n&nbsp;<br \/>\nL\u00e9irigh tortha\u00ed phobalbhreith TG4 \/ Ipsos B&#038;A ar dh\u00e1ilcheantar Chiarra\u00ed a craoladh \u00f3 Dh\u00fan Chaoin ar Nuacht TG4 anocht go bhfuair Michael Healy Rae 27% ollmh\u00f3r den v\u00f3ta, go raibh s\u00e9 i bhfad chun tosaigh ar aon iarrth\u00f3ir eile agus go mbeidh s\u00e9 i measc na ndaoine a mbeidh an l\u00edon is airde v\u00f3ta\u00ed sa st\u00e1t aige D\u00e9 hAoine.  Sa ch\u00faigi\u00fa \u00e1it a th\u00e1inig a dhearth\u00e1ir Danny Healy-Rae  agus 10 faoin gc\u00e9ad den v\u00f3ta aige.   Aistreofar farasbarr Michael, is \u00e9 sin beagnach 40 faoin gc\u00e9ad de r\u00e9ir na pobalbhreithe seo, chuig Danny, a chinnteoidh go mbeidh muintir Healy-Rae ar ais sa D\u00e1il.  <\/p>\n<p>C\u00faig shu\u00edoch\u00e1n at\u00e1 i nd\u00e1ilcheantar Chiarra\u00ed agus 17 faoin gc\u00e9ad an cu\u00f3ta. <\/p>\n<p>T\u00e1 14 faoin gc\u00e9ad de na v\u00f3ta\u00ed ag an Aire Oideachais at\u00e1 ag dul as oifig, Norma Foley, an dara l\u00edon is airde sa phobalbhreith, agus idir sin agus na haistrithe a gheobhaidh s\u00ed \u00f3 iarrth\u00f3ir\u00ed eile Fhianna F\u00e1il, Michael Cahill (7 faoin gc\u00e9ad) agus Linda Gordon Kelleher (3 faoin gc\u00e9ad) coinneoidh s\u00ed a su\u00edoch\u00e1n i gCiarra\u00ed.  T\u00e1 v\u00f3ta ioml\u00e1n Fhianna F\u00e1il chun cinn ar an mh\u00e9id a fuair siad i 2020. Beidh siad s\u00e1sta go maith le sin go h\u00e1irithe \u00f3s rud \u00e9 go bhfuil an t-iar Theachta D\u00e1la John Brassil imithe ar scor.<br \/>\n&nbsp;<\/p>\n<p>Is iad seo a leanas tortha\u00ed phobalbhreith an d\u00e1ilcheantair:<\/p>\n<p>&nbsp;<\/p>\n<table width=\"100%\">\n<tbody>\n<table border=\"1\">\n<tr>\n<td width=\"33%\">Michael HEALY-RAE<\/td>\n<td width=\"33%\">Gan P\u00e1irt\u00ed<\/td>\n<td width=\"33%\">27%<\/td>\n<\/tr>\n<tr>\n<td width=\"33%\">Norma FOLEY<\/td>\n<td width=\"33%\">Fianna F\u00e1il<\/td>\n<td width=\"33%\">14%<\/td>\n<\/tr>\n<tr>\n<td width=\"33%\">Billy O\u2019SHEA<\/td>\n<td width=\"33%\">Fine Gael<\/td>\n<td width=\"33%\">14%<\/td>\n<\/tr>\n<tr>\n<td width=\"33%\">Pa DALY<\/td>\n<td width=\"33%\">Sinn F\u00e9in<\/td>\n<td width=\"33%\">12%<\/td>\n<\/tr>\n<tr>\n<td width=\"33%\">Danny HEALY-RAE<\/td>\n<td width=\"33%\">Gan P\u00e1irt\u00ed<\/td>\n<td width=\"33%\">10%<\/td>\n<\/tr>\n<tr>\n<td width=\"33%\">Michael CAHILL<\/td>\n<td width=\"33%\">Fianna F\u00e1il<\/td>\n<td width=\"33%\">7%<\/td>\n<\/tr>\n<tr>\n<td width=\"33%\">Stephanie O\u2019SHEA<\/td>\n<td width=\"33%\">Sinn F\u00e9in<\/td>\n<td width=\"33%\">3%<\/td>\n<\/tr>\n<tr>\n<td width=\"33%\">Cleo MURPHY<\/td>\n<td width=\"33%\">Comhaontas Glas<\/td>\n<td width=\"33%\">3%<\/td>\n<\/tr>\n<tr>\n<td width=\"33%\">Linda GORDON KELLEHER<\/td>\n<td width=\"33%\">Fianna F\u00e1il<\/td>\n<td width=\"33%\">3%<\/td>\n<\/tr>\n<tr>\n<td width=\"33%\">Mike KENNEDY<\/td>\n<td width=\"33%\">Lucht Oibre<\/td>\n<td width=\"33%\">2%<\/td>\n<\/tr>\n<tr>\n<td width=\"33%\">Catherina O\u2019SULLIVAN<\/td>\n<td width=\"33%\">Aont\u00fa<\/td>\n<td width=\"33%\">1%<\/td>\n<\/tr>\n<tr>\n<td width=\"33%\">Thomas Mc ELLISTRIM<\/td>\n<td width=\"33%\">\u00c9ire Neamhsple\u00e1ch<\/td>\n<td width=\"33%\">1%<\/td>\n<\/tr>\n<tr>\n<td width=\"33%\">Cian PRENDIVILLE<\/td>\n<td width=\"33%\">Pobal Roimh Bhrab\u00fas<\/td>\n<td width=\"33%\">1%<\/td>\n<\/tr>\n<tr>\n<td width=\"33%\">Brandon BEGLEY<\/td>\n<td width=\"33%\">\u00c9ire Amach: Cumann na Saoirse<\/td>\n<td width=\"33%\">1%<\/td>\n<\/tr>\n<tr>\n<td width=\"33%\">Michelle KEANE<\/td>\n<td width=\"33%\">Gan P\u00e1irt\u00ed<\/td>\n<td width=\"33%\">1%<\/td>\n<\/tr>\n<tr>\n<td width=\"33%\">Mary FITZGIBBON<\/td>\n<td width=\"33%\">Gan P\u00e1irt\u00ed<\/td>\n<td width=\"33%\">1%<\/td>\n<\/tr>\n<tr>\n<td width=\"33%\">John O\u2019LEARY<\/td>\n<td width=\"33%\">Gan P\u00e1irt\u00ed<\/td>\n<td width=\"33%\">*<\/td>\n<\/tr>\n<\/tbody>\n<\/table>\n<p><strong>*= 0.0 &#8211; 0.5%<\/strong><br \/>\n&nbsp;<\/p>\n<p>T\u00e1 12 faoin gc\u00e9ad de na v\u00f3ta\u00ed ag Pa Daly Shinn F\u00e9in agus idir \u00e9 agus a chomhiarrth\u00f3ir Stephanie O\u2019Shea (a bhfuil 3 faoin gc\u00e9ad aici) t\u00e1 15 faoin gc\u00e9ad ar fad den v\u00f3ta ag Sinn F\u00e9in i gCiarra\u00ed, gan an cu\u00f3ta baileach bainte amach acu. Cos\u00fail le Fine Gael, is l\u00e9ir go bhfuil v\u00f3ta an ph\u00e1irt\u00ed beag\u00e1n n\u00edos \u00edsle an uair seo ach t\u00e1 an f\u00f3d \u00e1 sheasamh acu i gCiarra\u00ed.   N\u00edl Brendan Griffin Fhine Gael san ioma\u00edocht san olltoghch\u00e1n seo agus is \u00e9 Billy O\u2019Shea Fhine Gael at\u00e1 ina ionad.   T\u00e1 ag \u00e9ir\u00ed go maith leis an iarrth\u00f3ir nua Billy O\u2019Shea agus 14 faoin gc\u00e9ad den v\u00f3ta aige sa phobalbhreith, c\u00e9 go bhfuil v\u00f3ta Fhine Gael tite beag\u00e1n i gCiarra\u00ed.  T\u00e1 aistri\u00fa maith v\u00f3ta\u00ed idir d\u00e1 phr\u00edomhph\u00e1irt\u00ed an rialtais,   fi\u00fa i gceantaracha at\u00e1 i bhfad \u00f3na ch\u00e9ile.<\/p>\n<p>T\u00e1 P\u00e1irt\u00ed an Lucht Oibre, a raibh su\u00edoch\u00e1n aige i gCiarra\u00ed ar feadh na mblianta, ag d\u00e9anamh go dona agus gan ach 2% den v\u00f3ta sa phobalbhreith acu. <\/p>\n<p>Tugadh faoi phobalbhreith TG4\/Ipsos B&#038;A D\u00e9 hAoine agus D\u00e9 Sathairn an tseachtain seo caite (an 22 agus an 23 Samhain), seachtain roimh l\u00e1 an olltoghch\u00e1in.   Baineann lamh\u00e1il earr\u00e1ide thart ar m\u00f3ide n\u00f3 l\u00faide ceithre phointe c\u00e9atad\u00e1in le sampla 521 duine.  <\/p>\n<p>&nbsp;<\/p>\n","protected":false},"excerpt":{"rendered":"<p>(Clice\u00e1il le m\u00e9ad\u00fa) &nbsp; L\u00e9irigh tortha\u00ed phobalbhreith TG4 \/ Ipsos B&#038;A ar dh\u00e1ilcheantar Chiarra\u00ed a craoladh \u00f3 Dh\u00fan Chaoin ar Nuacht TG4 anocht go bhfuair Michael Healy Rae 27% ollmh\u00f3r den v\u00f3ta, go raibh s\u00e9 i bhfad chun tosaigh ar aon iarrth\u00f3ir eile agus go mbeidh s\u00e9 i measc na ndaoine a mbeidh an l\u00edon [&hellip;]<\/p>\n","protected":false},"author":876,"featured_media":0,"parent":208148,"menu_order":47,"comment_status":"closed","ping_status":"closed","template":"page-templates\/template-pr.php","meta":{"_acf_changed":false,"footnotes":""},"acf":[],"yoast_head":"<!-- This site is optimized with the Yoast SEO plugin v22.6 - https:\/\/yoast.com\/wordpress\/plugins\/seo\/ -->\n<title>An chos\u00falacht air gur ag Michael Healy-Rae a bheidh an v\u00f3ta is airde sa t\u00edr san olltoghch\u00e1n \u00f3 tharla 10% os cionn an chu\u00f3ta a bheith bainte amach aige i bpobalbhreith TG4 ar dh\u00e1ilcheantar Chiarra\u00ed agus\u00a0su\u00edoch\u00e1n ann do Danny Healy-Rae d\u00e1 bharr | Preasr\u00e1iteas | TG4<\/title>\n<meta name=\"description\" content=\"L\u00e9irigh tortha\u00ed phobalbhreith TG4 \/ Ipsos B&amp;A ar dh\u00e1ilcheantar Chiarra\u00ed a craoladh \u00f3 Dh\u00fan Chaoin ar Nuacht TG4 anocht go bhfuair Michael Healy Rae 27% ollmh\u00f3r den v\u00f3ta, go raibh s\u00e9 i bhfad chun tosaigh ar aon iarrth\u00f3ir eile agus go mbeidh s\u00e9 i measc na ndaoine a mbeidh an l\u00edon is airde v\u00f3ta\u00ed sa st\u00e1t aige D\u00e9 hAoine.\" \/>\n<meta name=\"robots\" content=\"index, follow, max-snippet:-1, max-image-preview:large, max-video-preview:-1\" \/>\n<meta property=\"og:locale\" content=\"en_US\" \/>\n<meta property=\"og:type\" content=\"article\" \/>\n<meta property=\"og:title\" content=\"An chos\u00falacht air gur ag Michael Healy-Rae a bheidh an v\u00f3ta is airde sa t\u00edr san olltoghch\u00e1n \u00f3 tharla 10% os cionn an chu\u00f3ta a bheith bainte amach aige i bpobalbhreith TG4 ar dh\u00e1ilcheantar Chiarra\u00ed agus\u00a0su\u00edoch\u00e1n ann do Danny Healy-Rae d\u00e1 bharr | Preasr\u00e1iteas | TG4\" \/>\n<meta property=\"og:description\" content=\"L\u00e9irigh tortha\u00ed phobalbhreith TG4 \/ Ipsos B&amp;A ar dh\u00e1ilcheantar Chiarra\u00ed a craoladh \u00f3 Dh\u00fan Chaoin ar Nuacht TG4 anocht go bhfuair Michael Healy Rae 27% ollmh\u00f3r den v\u00f3ta, go raibh s\u00e9 i bhfad chun tosaigh ar aon iarrth\u00f3ir eile agus go mbeidh s\u00e9 i measc na ndaoine a mbeidh an l\u00edon is airde v\u00f3ta\u00ed sa st\u00e1t aige D\u00e9 hAoine.\" \/>\n<meta property=\"og:url\" content=\"https:\/\/dev.tg4.ie\/ga\/eolas\/preas\/nuacht-raitis\/2024-2\/pobalbhreith-ciarrai-2024\/\" \/>\n<meta property=\"og:site_name\" content=\"TG4\" \/>\n<meta property=\"article:publisher\" content=\"https:\/\/www.facebook.com\/TG4TV\" \/>\n<meta property=\"article:modified_time\" content=\"2024-11-26T18:09:12+00:00\" \/>\n<meta property=\"og:image\" content=\"https:\/\/tg4-docs.s3.amazonaws.com\/wp-content\/uploads\/2024\/11\/26174857\/Pobalbhreith_Ciarrai_1-1920x1080-1.jpg\" \/>\n\t<meta property=\"og:image:width\" content=\"1920\" \/>\n\t<meta property=\"og:image:height\" content=\"1080\" \/>\n\t<meta property=\"og:image:type\" content=\"image\/jpeg\" \/>\n<meta name=\"twitter:card\" content=\"summary_large_image\" \/>\n<meta name=\"twitter:image\" content=\"https:\/\/tg4-docs.s3.amazonaws.com\/wp-content\/uploads\/2024\/11\/26174857\/Pobalbhreith_Ciarrai_1-1920x1080-1.jpg\" \/>\n<meta name=\"twitter:site\" content=\"@TG4TV\" \/>\n<meta name=\"twitter:label1\" content=\"Est. reading time\" \/>\n\t<meta name=\"twitter:data1\" content=\"3 minutes\" \/>\n<script type=\"application\/ld+json\" class=\"yoast-schema-graph\">{\"@context\":\"https:\/\/schema.org\",\"@graph\":[{\"@type\":\"WebPage\",\"@id\":\"https:\/\/dev.tg4.ie\/ga\/eolas\/preas\/nuacht-raitis\/2024-2\/pobalbhreith-ciarrai-2024\/\",\"url\":\"https:\/\/dev.tg4.ie\/ga\/eolas\/preas\/nuacht-raitis\/2024-2\/pobalbhreith-ciarrai-2024\/\",\"name\":\"An chos\u00falacht air gur ag Michael Healy-Rae a bheidh an v\u00f3ta is airde sa t\u00edr san olltoghch\u00e1n \u00f3 tharla 10% os cionn an chu\u00f3ta a bheith bainte amach aige i bpobalbhreith TG4 ar dh\u00e1ilcheantar Chiarra\u00ed agus\u00a0su\u00edoch\u00e1n ann do Danny Healy-Rae d\u00e1 bharr | Preasr\u00e1iteas | TG4\",\"isPartOf\":{\"@id\":\"https:\/\/dev.tg4.ie\/en\/#website\"},\"primaryImageOfPage\":{\"@id\":\"https:\/\/dev.tg4.ie\/ga\/eolas\/preas\/nuacht-raitis\/2024-2\/pobalbhreith-ciarrai-2024\/#primaryimage\"},\"image\":{\"@id\":\"https:\/\/dev.tg4.ie\/ga\/eolas\/preas\/nuacht-raitis\/2024-2\/pobalbhreith-ciarrai-2024\/#primaryimage\"},\"thumbnailUrl\":\"https:\/\/dev.tg4.ie\/wp-content\/uploads\/2024\/11\/Pobalbhreith_Ciarrai_1-1920x1080-1.jpg\",\"datePublished\":\"2024-11-26T19:10:06+00:00\",\"dateModified\":\"2024-11-26T18:09:12+00:00\",\"description\":\"L\u00e9irigh tortha\u00ed phobalbhreith TG4 \/ Ipsos B&A ar dh\u00e1ilcheantar Chiarra\u00ed a craoladh \u00f3 Dh\u00fan Chaoin ar Nuacht TG4 anocht go bhfuair Michael Healy Rae 27% ollmh\u00f3r den v\u00f3ta, go raibh s\u00e9 i bhfad chun tosaigh ar aon iarrth\u00f3ir eile agus go mbeidh s\u00e9 i measc na ndaoine a mbeidh an l\u00edon is airde v\u00f3ta\u00ed sa st\u00e1t aige D\u00e9 hAoine.\",\"breadcrumb\":{\"@id\":\"https:\/\/dev.tg4.ie\/ga\/eolas\/preas\/nuacht-raitis\/2024-2\/pobalbhreith-ciarrai-2024\/#breadcrumb\"},\"inLanguage\":\"ga\",\"potentialAction\":[{\"@type\":\"ReadAction\",\"target\":[\"https:\/\/dev.tg4.ie\/ga\/eolas\/preas\/nuacht-raitis\/2024-2\/pobalbhreith-ciarrai-2024\/\"]}]},{\"@type\":\"ImageObject\",\"inLanguage\":\"ga\",\"@id\":\"https:\/\/dev.tg4.ie\/ga\/eolas\/preas\/nuacht-raitis\/2024-2\/pobalbhreith-ciarrai-2024\/#primaryimage\",\"url\":\"https:\/\/dev.tg4.ie\/wp-content\/uploads\/2024\/11\/Pobalbhreith_Ciarrai_1-1920x1080-1.jpg\",\"contentUrl\":\"https:\/\/dev.tg4.ie\/wp-content\/uploads\/2024\/11\/Pobalbhreith_Ciarrai_1-1920x1080-1.jpg\"},{\"@type\":\"BreadcrumbList\",\"@id\":\"https:\/\/dev.tg4.ie\/ga\/eolas\/preas\/nuacht-raitis\/2024-2\/pobalbhreith-ciarrai-2024\/#breadcrumb\",\"itemListElement\":[{\"@type\":\"ListItem\",\"position\":1,\"name\":\"Home\",\"item\":\"https:\/\/dev.tg4.ie\/ga\/\"},{\"@type\":\"ListItem\",\"position\":2,\"name\":\"Eolas\",\"item\":\"https:\/\/dev.tg4.ie\/ga\/eolas\/\"},{\"@type\":\"ListItem\",\"position\":3,\"name\":\"Preas\",\"item\":\"https:\/\/dev.tg4.ie\/ga\/eolas\/preas\/\"},{\"@type\":\"ListItem\",\"position\":4,\"name\":\"Nuacht R\u00e1itis\",\"item\":\"https:\/\/dev.tg4.ie\/ga\/eolas\/preas\/nuacht-raitis\/\"},{\"@type\":\"ListItem\",\"position\":5,\"name\":\"2024\",\"item\":\"https:\/\/dev.tg4.ie\/ga\/eolas\/preas\/nuacht-raitis\/2024-2\/\"},{\"@type\":\"ListItem\",\"position\":6,\"name\":\"An chos\u00falacht air gur ag Michael Healy-Rae a bheidh an v\u00f3ta is airde sa t\u00edr san olltoghch\u00e1n \u00f3 tharla 10% os cionn an chu\u00f3ta a bheith bainte amach aige i bpobalbhreith TG4 ar dh\u00e1ilcheantar Chiarra\u00ed agus\u00a0su\u00edoch\u00e1n ann do Danny Healy-Rae d\u00e1 bharr\"}]},{\"@type\":\"WebSite\",\"@id\":\"https:\/\/dev.tg4.ie\/en\/#website\",\"url\":\"https:\/\/dev.tg4.ie\/en\/\",\"name\":\"TG4\",\"description\":\"S\u00fail Eile\",\"potentialAction\":[{\"@type\":\"SearchAction\",\"target\":{\"@type\":\"EntryPoint\",\"urlTemplate\":\"https:\/\/dev.tg4.ie\/en\/?s={search_term_string}\"},\"query-input\":\"required name=search_term_string\"}],\"inLanguage\":\"ga\"}]}<\/script>\n<!-- \/ Yoast SEO plugin. -->","yoast_head_json":{"title":"An chos\u00falacht air gur ag Michael Healy-Rae a bheidh an v\u00f3ta is airde sa t\u00edr san olltoghch\u00e1n \u00f3 tharla 10% os cionn an chu\u00f3ta a bheith bainte amach aige i bpobalbhreith TG4 ar dh\u00e1ilcheantar Chiarra\u00ed agus\u00a0su\u00edoch\u00e1n ann do Danny Healy-Rae d\u00e1 bharr | Preasr\u00e1iteas | TG4","description":"L\u00e9irigh tortha\u00ed phobalbhreith TG4 \/ Ipsos B&A ar dh\u00e1ilcheantar Chiarra\u00ed a craoladh \u00f3 Dh\u00fan Chaoin ar Nuacht TG4 anocht go bhfuair Michael Healy Rae 27% ollmh\u00f3r den v\u00f3ta, go raibh s\u00e9 i bhfad chun tosaigh ar aon iarrth\u00f3ir eile agus go mbeidh s\u00e9 i measc na ndaoine a mbeidh an l\u00edon is airde v\u00f3ta\u00ed sa st\u00e1t aige D\u00e9 hAoine.","robots":{"index":"index","follow":"follow","max-snippet":"max-snippet:-1","max-image-preview":"max-image-preview:large","max-video-preview":"max-video-preview:-1"},"og_locale":"en_US","og_type":"article","og_title":"An chos\u00falacht air gur ag Michael Healy-Rae a bheidh an v\u00f3ta is airde sa t\u00edr san olltoghch\u00e1n \u00f3 tharla 10% os cionn an chu\u00f3ta a bheith bainte amach aige i bpobalbhreith TG4 ar dh\u00e1ilcheantar Chiarra\u00ed agus\u00a0su\u00edoch\u00e1n ann do Danny Healy-Rae d\u00e1 bharr | Preasr\u00e1iteas | TG4","og_description":"L\u00e9irigh tortha\u00ed phobalbhreith TG4 \/ Ipsos B&A ar dh\u00e1ilcheantar Chiarra\u00ed a craoladh \u00f3 Dh\u00fan Chaoin ar Nuacht TG4 anocht go bhfuair Michael Healy Rae 27% ollmh\u00f3r den v\u00f3ta, go raibh s\u00e9 i bhfad chun tosaigh ar aon iarrth\u00f3ir eile agus go mbeidh s\u00e9 i measc na ndaoine a mbeidh an l\u00edon is airde v\u00f3ta\u00ed sa st\u00e1t aige D\u00e9 hAoine.","og_url":"https:\/\/dev.tg4.ie\/ga\/eolas\/preas\/nuacht-raitis\/2024-2\/pobalbhreith-ciarrai-2024\/","og_site_name":"TG4","article_publisher":"https:\/\/www.facebook.com\/TG4TV","article_modified_time":"2024-11-26T18:09:12+00:00","og_image":[{"width":1920,"height":1080,"url":"https:\/\/tg4-docs.s3.amazonaws.com\/wp-content\/uploads\/2024\/11\/26174857\/Pobalbhreith_Ciarrai_1-1920x1080-1.jpg","type":"image\/jpeg"}],"twitter_card":"summary_large_image","twitter_image":"https:\/\/tg4-docs.s3.amazonaws.com\/wp-content\/uploads\/2024\/11\/26174857\/Pobalbhreith_Ciarrai_1-1920x1080-1.jpg","twitter_site":"@TG4TV","twitter_misc":{"Est. reading time":"3 minutes"},"schema":{"@context":"https:\/\/schema.org","@graph":[{"@type":"WebPage","@id":"https:\/\/dev.tg4.ie\/ga\/eolas\/preas\/nuacht-raitis\/2024-2\/pobalbhreith-ciarrai-2024\/","url":"https:\/\/dev.tg4.ie\/ga\/eolas\/preas\/nuacht-raitis\/2024-2\/pobalbhreith-ciarrai-2024\/","name":"An chos\u00falacht air gur ag Michael Healy-Rae a bheidh an v\u00f3ta is airde sa t\u00edr san olltoghch\u00e1n \u00f3 tharla 10% os cionn an chu\u00f3ta a bheith bainte amach aige i bpobalbhreith TG4 ar dh\u00e1ilcheantar Chiarra\u00ed agus\u00a0su\u00edoch\u00e1n ann do Danny Healy-Rae d\u00e1 bharr | Preasr\u00e1iteas | TG4","isPartOf":{"@id":"https:\/\/dev.tg4.ie\/en\/#website"},"primaryImageOfPage":{"@id":"https:\/\/dev.tg4.ie\/ga\/eolas\/preas\/nuacht-raitis\/2024-2\/pobalbhreith-ciarrai-2024\/#primaryimage"},"image":{"@id":"https:\/\/dev.tg4.ie\/ga\/eolas\/preas\/nuacht-raitis\/2024-2\/pobalbhreith-ciarrai-2024\/#primaryimage"},"thumbnailUrl":"https:\/\/dev.tg4.ie\/wp-content\/uploads\/2024\/11\/Pobalbhreith_Ciarrai_1-1920x1080-1.jpg","datePublished":"2024-11-26T19:10:06+00:00","dateModified":"2024-11-26T18:09:12+00:00","description":"L\u00e9irigh tortha\u00ed phobalbhreith TG4 \/ Ipsos B&A ar dh\u00e1ilcheantar Chiarra\u00ed a craoladh \u00f3 Dh\u00fan Chaoin ar Nuacht TG4 anocht go bhfuair Michael Healy Rae 27% ollmh\u00f3r den v\u00f3ta, go raibh s\u00e9 i bhfad chun tosaigh ar aon iarrth\u00f3ir eile agus go mbeidh s\u00e9 i measc na ndaoine a mbeidh an l\u00edon is airde v\u00f3ta\u00ed sa st\u00e1t aige D\u00e9 hAoine.","breadcrumb":{"@id":"https:\/\/dev.tg4.ie\/ga\/eolas\/preas\/nuacht-raitis\/2024-2\/pobalbhreith-ciarrai-2024\/#breadcrumb"},"inLanguage":"ga","potentialAction":[{"@type":"ReadAction","target":["https:\/\/dev.tg4.ie\/ga\/eolas\/preas\/nuacht-raitis\/2024-2\/pobalbhreith-ciarrai-2024\/"]}]},{"@type":"ImageObject","inLanguage":"ga","@id":"https:\/\/dev.tg4.ie\/ga\/eolas\/preas\/nuacht-raitis\/2024-2\/pobalbhreith-ciarrai-2024\/#primaryimage","url":"https:\/\/dev.tg4.ie\/wp-content\/uploads\/2024\/11\/Pobalbhreith_Ciarrai_1-1920x1080-1.jpg","contentUrl":"https:\/\/dev.tg4.ie\/wp-content\/uploads\/2024\/11\/Pobalbhreith_Ciarrai_1-1920x1080-1.jpg"},{"@type":"BreadcrumbList","@id":"https:\/\/dev.tg4.ie\/ga\/eolas\/preas\/nuacht-raitis\/2024-2\/pobalbhreith-ciarrai-2024\/#breadcrumb","itemListElement":[{"@type":"ListItem","position":1,"name":"Home","item":"https:\/\/dev.tg4.ie\/ga\/"},{"@type":"ListItem","position":2,"name":"Eolas","item":"https:\/\/dev.tg4.ie\/ga\/eolas\/"},{"@type":"ListItem","position":3,"name":"Preas","item":"https:\/\/dev.tg4.ie\/ga\/eolas\/preas\/"},{"@type":"ListItem","position":4,"name":"Nuacht R\u00e1itis","item":"https:\/\/dev.tg4.ie\/ga\/eolas\/preas\/nuacht-raitis\/"},{"@type":"ListItem","position":5,"name":"2024","item":"https:\/\/dev.tg4.ie\/ga\/eolas\/preas\/nuacht-raitis\/2024-2\/"},{"@type":"ListItem","position":6,"name":"An chos\u00falacht air gur ag Michael Healy-Rae a bheidh an v\u00f3ta is airde sa t\u00edr san olltoghch\u00e1n \u00f3 tharla 10% os cionn an chu\u00f3ta a bheith bainte amach aige i bpobalbhreith TG4 ar dh\u00e1ilcheantar Chiarra\u00ed agus\u00a0su\u00edoch\u00e1n ann do Danny Healy-Rae d\u00e1 bharr"}]},{"@type":"WebSite","@id":"https:\/\/dev.tg4.ie\/en\/#website","url":"https:\/\/dev.tg4.ie\/en\/","name":"TG4","description":"S\u00fail Eile","potentialAction":[{"@type":"SearchAction","target":{"@type":"EntryPoint","urlTemplate":"https:\/\/dev.tg4.ie\/en\/?s={search_term_string}"},"query-input":"required name=search_term_string"}],"inLanguage":"ga"}]}},"_links":{"self":[{"href":"https:\/\/dev.tg4.ie\/ga\/wp-json\/wp\/v2\/pages\/235430"}],"collection":[{"href":"https:\/\/dev.tg4.ie\/ga\/wp-json\/wp\/v2\/pages"}],"about":[{"href":"https:\/\/dev.tg4.ie\/ga\/wp-json\/wp\/v2\/types\/page"}],"author":[{"embeddable":true,"href":"https:\/\/dev.tg4.ie\/ga\/wp-json\/wp\/v2\/users\/876"}],"replies":[{"embeddable":true,"href":"https:\/\/dev.tg4.ie\/ga\/wp-json\/wp\/v2\/comments?post=235430"}],"version-history":[{"count":0,"href":"https:\/\/dev.tg4.ie\/ga\/wp-json\/wp\/v2\/pages\/235430\/revisions"}],"up":[{"embeddable":true,"href":"https:\/\/dev.tg4.ie\/ga\/wp-json\/wp\/v2\/pages\/208148"}],"wp:attachment":[{"href":"https:\/\/dev.tg4.ie\/ga\/wp-json\/wp\/v2\/media?parent=235430"}],"curies":[{"name":"wp","href":"https:\/\/api.w.org\/{rel}","templated":true}]}}