{"id":235455,"date":"2024-11-27T12:54:10","date_gmt":"2024-11-27T12:54:10","guid":{"rendered":"https:\/\/dev.tg4.ie\/?page_id=235455"},"modified":"2024-11-27T12:54:10","modified_gmt":"2024-11-27T12:54:10","slug":"cludach-cuimsitheach-ar-thorthai-an-olltoghchain-le-cur-ar-fail-ag-tg4-ar-an-gclar-vota-2024","status":"publish","type":"page","link":"https:\/\/dev.tg4.ie\/ga\/eolas\/preas\/nuacht-raitis\/2024-2\/cludach-cuimsitheach-ar-thorthai-an-olltoghchain-le-cur-ar-fail-ag-tg4-ar-an-gclar-vota-2024\/","title":{"rendered":"Cl\u00fadach Cuimsitheach ar Thortha\u00ed an Olltoghch\u00e1in le cur ar f\u00e1il ag TG4 ar an gcl\u00e1r V\u00f3ta 2024"},"content":{"rendered":"<table>\n<tbody>\n<tr>\n<td width=\"50%\"><img loading=\"lazy\" decoding=\"async\" width=\"1920\" height=\"1080\" src=\"https:\/\/tg4-docs.s3.amazonaws.com\/wp-content\/uploads\/2024\/05\/29135411\/Vota2024_1-1920x1080-1.jpg\" alt=\"\" class=\"aligncenter size-full wp-image-216859\" srcset=\"https:\/\/tg4-docs.s3.amazonaws.com\/wp-content\/uploads\/2024\/05\/29135411\/Vota2024_1-1920x1080-1.jpg 1920w, https:\/\/tg4-docs.s3.amazonaws.com\/wp-content\/uploads\/2024\/05\/29135411\/Vota2024_1-1920x1080-1-250x141.jpg 250w, https:\/\/tg4-docs.s3.amazonaws.com\/wp-content\/uploads\/2024\/05\/29135411\/Vota2024_1-1920x1080-1-700x394.jpg 700w, https:\/\/tg4-docs.s3.amazonaws.com\/wp-content\/uploads\/2024\/05\/29135411\/Vota2024_1-1920x1080-1-252x141.jpg 252w, https:\/\/tg4-docs.s3.amazonaws.com\/wp-content\/uploads\/2024\/05\/29135411\/Vota2024_1-1920x1080-1-1536x864.jpg 1536w, https:\/\/tg4-docs.s3.amazonaws.com\/wp-content\/uploads\/2024\/05\/29135411\/Vota2024_1-1920x1080-1-120x68.jpg 120w\" sizes=\"(max-width: 1920px) 100vw, 1920px\" \/><\/td>\n<\/tr>\n<\/tbody>\n<\/table>\n<p><sup>Pic: Si\u00fan\u00a0Nic\u00a0Gearailt\u00a0agus Eimear N\u00ed\u00a0Chonaola, V\u00f3ta 2024<\/sup><br \/>\n&nbsp;<\/p>\n<div style=\"position:relative;padding-top:56.25%;\">\n  <iframe src=\"https:\/\/www.youtube.com\/embed\/J1CoVnmDLVg\" frameborder=\"0\" allowfullscreen style=\"position:absolute;top:0;left:0;width:100%;height:100%;\"><\/iframe>\n<\/div>\n<p>&nbsp;<br \/>\nT\u00e1 r\u00edm\u00e9ad ar TG4 agus ar Nuacht TG4 <em>V\u00f3ta 2024<\/em> a chur i l\u00e1thair, imeacht beo cuimsitheach dh\u00e1 l\u00e1 ina gcl\u00fad\u00f3far tortha\u00ed olltoghch\u00e1n na bliana seo agus ina nd\u00e9anfar anail\u00eds mhion air.  Is iad Si\u00fan Nic Gearailt agus Eimear N\u00ed Chonaola a chuirfidh <em>V\u00f3ta 2024<\/em> i l\u00e1thair agus cuirfear l\u00e9argas saineolaithe, na tortha\u00ed is d\u00e9ana\u00ed agus tr\u00e1chtaireacht dhomhain ar f\u00e1il beo ar an gcl\u00e1r don lucht f\u00e9achana de r\u00e9ir mar a bheidh an n\u00e1isi\u00fan ag leagan amach todhcha\u00ed polait\u00edochta na t\u00edre.<br \/>\n&nbsp;<\/p>\n<p><strong>Sceideal na gCraolach\u00e1n:<\/strong><\/p>\n<ul>\n<li><strong>D\u00e9 Sathairn an 30 Samhain<\/strong>:\n<p>Craoladh na Maidine: <strong>10:00 \u2013 15:00<\/strong><br \/>\nCraoladh an Tr\u00e1thn\u00f3na: <strong>19:00 \u2013 00:00<\/strong><\/li>\n<li><strong>D\u00e9 Domhnaigh, an 1 Nollaig:<\/strong>\n<p>Craoladh na Maidine: <strong>10:00<\/strong><br \/>\nCraoladh an Tr\u00e1thn\u00f3na: <strong>18:45<\/strong><\/li>\n<\/ul>\n<p> &nbsp;<\/p>\n<p>Treor\u00f3idh Si\u00fan Nic Gearailt agus Eimear N\u00ed Chonaola an lucht f\u00e9achana tr\u00ed thortha\u00ed an olltoghch\u00e1in de r\u00e9ir mar a bheidh siad ag teacht isteach. Beidh pain\u00e9al de shaineolaithe agus tr\u00e1chtair\u00ed ar ch\u00farsa\u00ed polait\u00edochta ina dteannta, mar aon le hiriseoir\u00ed as na hionaid chomhairimh ar fud na t\u00edre, iad ag tabhairt l\u00e9argas \u00e9ags\u00fail agus tuartha saineolacha faoi impleachta\u00ed an v\u00f3ta.<br \/>\n&nbsp;<\/p>\n<p>\u00c1ir\u00edtear ar phain\u00e9al V\u00f3ta 2024: <\/p>\n<ul>\n<li><strong>Alan Dukes:<\/strong> Iar-Cheannaire ar Fhine Gael, Iar-Aire Airgeadais<\/li>\n<li><strong>\u00c9amon \u00d3 Cu\u00edv:<\/strong> Teachta D\u00e1la Fhianna F\u00e1il do Ghaillimh Thiar, Iar-Aire Gn\u00f3tha\u00ed Pobail, Tuaithe agus Gaeltachta<\/li>\n<li><strong>Se\u00e1n Kelly:<\/strong> Feisire i bParlaimint na hEorpa d\u2019\u00c9ire Theas<\/li>\n<li><strong>Liadh N\u00ed Riada:<\/strong> Iar-Fheisire Eorpach de chuid Shinn F\u00e9in d\u2019\u00c9ire Theas, Iar-Iarrth\u00f3ir Uachtar\u00e1nachta<\/li>\n<li><strong>Mary Coughlan:<\/strong> Iar-Th\u00e1naiste, Iar-Theachta D\u00e1la de chuid Fhianna F\u00e1il do Dh\u00fan na nGall Theas-Thiar<\/li>\n<li><strong>Eoghan \u00d3 Neachtain:<\/strong> Iar-R\u00fana\u00ed Preasa an Rialtais, Comhairleoir ar Ch\u00farsa\u00ed Cumars\u00e1ide<\/li>\n<li><strong>P\u00e1draig \u00d3 C\u00e9idigh:<\/strong> Iar-Sheanad\u00f3ir Neamhsple\u00e1ch, Fiontra\u00ed<\/li>\n<li><strong>Dinny McGinley:<\/strong> Iar-Aire de chuid Fhine Gael do Dh\u00fan na nGall Theas-Thiar, Iar-Aire St\u00e1it na Gaeltachta<\/li>\n<li><strong>Toireasa Ferris:<\/strong> Iar-Chomhairleoir, Comhairle Contae Chiarra\u00ed<\/li>\n<li><strong>Paul Mulville:<\/strong> Comhairleoir, Comhairle Contae Fhine Gall (Na Daonlathaithe S\u00f3isialta)<\/li>\n<\/ul>\n<p>&nbsp;<\/p>\n<p>Ar na cl\u00e1ir freisin beidh:<\/p>\n<ul>\n<li><strong>Tuairisci\u00fa Beo:<\/strong> Beidh comhfhreagraithe ar fud roinnt d\u00e1ilcheantar ag tabhairt an eolais is d\u00e9ana\u00ed mar aon le tuairim\u00ed \u00f3 iarrth\u00f3ir\u00ed, \u00f3 cheannair\u00ed na bp\u00e1irtithe, agus \u00f3 v\u00f3t\u00e1laithe d\u00fainn.<\/li>\n<li><strong>Anail\u00eds \u00f3 Shaineolaithe:<\/strong> Tabharfar briseadh s\u00edos ar threochta\u00ed v\u00f3t\u00e1la, ar athruithe ar mheon an phobail, agus ar an tionchar a d\u2019fh\u00e9adfadh a bheith ag an toghch\u00e1n ar bheartais \u00e1iti\u00fala agus n\u00e1isi\u00fanta.<\/li>\n<\/ul>\n<p>Agus pr\u00edomhchinnt\u00ed polaiti\u00fala, s\u00f3isialta agus eacnama\u00edocha os comhair mhuintir na h\u00c9ireann, cinnteofar le <em>V\u00f3ta 2024<\/em> go mbeidh lucht f\u00e9achana TG4 agus Nuacht TG4 i gcro\u00edl\u00e1r an aicsin agus cl\u00fadach a thabharfaidh an-l\u00e9argas, at\u00e1 \u00e9asca le tuiscint agus nach bhfaighfe\u00e1 ach in \u00c9irinn ar f\u00e1il d\u00f3ibh.  <\/p>\n<p>Lean <a href=\"https:\/\/x.com\/search?q=%23V%C3%B3ta24&#038;src=typed_query&#038;f=live\" rel=\"noopener\" target=\"_blank\">#V\u00f3ta24<\/a> ar na me\u00e1in sh\u00f3isialta le go bhfaighidh t\u00fa na tortha\u00ed beo de r\u00e9ir mar a tharla\u00edonn siad agus le linn <em>V\u00f3ta 2024<\/em> ar TG4.<\/p>\n<p>&nbsp;<\/p>\n","protected":false},"excerpt":{"rendered":"<p>Pic: Si\u00fan\u00a0Nic\u00a0Gearailt\u00a0agus Eimear N\u00ed\u00a0Chonaola, V\u00f3ta 2024 &nbsp; &nbsp; T\u00e1 r\u00edm\u00e9ad ar TG4 agus ar Nuacht TG4 V\u00f3ta 2024 a chur i l\u00e1thair, imeacht beo cuimsitheach dh\u00e1 l\u00e1 ina gcl\u00fad\u00f3far tortha\u00ed olltoghch\u00e1n na bliana seo agus ina nd\u00e9anfar anail\u00eds mhion air. Is iad Si\u00fan Nic Gearailt agus Eimear N\u00ed Chonaola a chuirfidh V\u00f3ta 2024 i l\u00e1thair [&hellip;]<\/p>\n","protected":false},"author":876,"featured_media":0,"parent":208148,"menu_order":48,"comment_status":"closed","ping_status":"closed","template":"page-templates\/template-pr.php","meta":{"_acf_changed":false,"footnotes":""},"acf":[],"yoast_head":"<!-- This site is optimized with the Yoast SEO plugin v22.6 - https:\/\/yoast.com\/wordpress\/plugins\/seo\/ -->\n<title>Cl\u00fadach Cuimsitheach ar Thortha\u00ed an Olltoghch\u00e1in le cur ar f\u00e1il ag TG4 ar an gcl\u00e1r V\u00f3ta 2024 | Preasr\u00e1iteas | TG4<\/title>\n<meta name=\"description\" content=\"T\u00e1 r\u00edm\u00e9ad ar TG4 agus ar Nuacht TG4 V\u00f3ta 2024 a chur i l\u00e1thair, imeacht beo cuimsitheach dh\u00e1 l\u00e1 ina gcl\u00fad\u00f3far tortha\u00ed olltoghch\u00e1n na bliana seo agus ina nd\u00e9anfar anail\u00eds mhion air.\" \/>\n<meta name=\"robots\" content=\"index, follow, max-snippet:-1, max-image-preview:large, max-video-preview:-1\" \/>\n<meta property=\"og:locale\" content=\"en_US\" \/>\n<meta property=\"og:type\" content=\"article\" \/>\n<meta property=\"og:title\" content=\"Cl\u00fadach Cuimsitheach ar Thortha\u00ed an Olltoghch\u00e1in le cur ar f\u00e1il ag TG4 ar an gcl\u00e1r V\u00f3ta 2024 | Preasr\u00e1iteas | TG4\" \/>\n<meta property=\"og:description\" content=\"T\u00e1 r\u00edm\u00e9ad ar TG4 agus ar Nuacht TG4 V\u00f3ta 2024 a chur i l\u00e1thair, imeacht beo cuimsitheach dh\u00e1 l\u00e1 ina gcl\u00fad\u00f3far tortha\u00ed olltoghch\u00e1n na bliana seo agus ina nd\u00e9anfar anail\u00eds mhion air.\" \/>\n<meta property=\"og:url\" content=\"https:\/\/dev.tg4.ie\/ga\/eolas\/preas\/nuacht-raitis\/2024-2\/cludach-cuimsitheach-ar-thorthai-an-olltoghchain-le-cur-ar-fail-ag-tg4-ar-an-gclar-vota-2024\/\" \/>\n<meta property=\"og:site_name\" content=\"TG4\" \/>\n<meta property=\"article:publisher\" content=\"https:\/\/www.facebook.com\/TG4TV\" \/>\n<meta property=\"og:image\" content=\"https:\/\/tg4-docs.s3.amazonaws.com\/wp-content\/uploads\/2024\/05\/29135411\/Vota2024_1-1920x1080-1.jpg\" \/>\n\t<meta property=\"og:image:width\" content=\"1920\" \/>\n\t<meta property=\"og:image:height\" content=\"1080\" \/>\n\t<meta property=\"og:image:type\" content=\"image\/jpeg\" \/>\n<meta name=\"twitter:card\" content=\"summary_large_image\" \/>\n<meta name=\"twitter:image\" content=\"https:\/\/tg4-docs.s3.amazonaws.com\/wp-content\/uploads\/2024\/05\/29135411\/Vota2024_1-1920x1080-1.jpg\" \/>\n<meta name=\"twitter:site\" content=\"@TG4TV\" \/>\n<meta name=\"twitter:label1\" content=\"Est. reading time\" \/>\n\t<meta name=\"twitter:data1\" content=\"3 minutes\" \/>\n<script type=\"application\/ld+json\" class=\"yoast-schema-graph\">{\"@context\":\"https:\/\/schema.org\",\"@graph\":[{\"@type\":\"WebPage\",\"@id\":\"https:\/\/dev.tg4.ie\/ga\/eolas\/preas\/nuacht-raitis\/2024-2\/cludach-cuimsitheach-ar-thorthai-an-olltoghchain-le-cur-ar-fail-ag-tg4-ar-an-gclar-vota-2024\/\",\"url\":\"https:\/\/dev.tg4.ie\/ga\/eolas\/preas\/nuacht-raitis\/2024-2\/cludach-cuimsitheach-ar-thorthai-an-olltoghchain-le-cur-ar-fail-ag-tg4-ar-an-gclar-vota-2024\/\",\"name\":\"Cl\u00fadach Cuimsitheach ar Thortha\u00ed an Olltoghch\u00e1in le cur ar f\u00e1il ag TG4 ar an gcl\u00e1r V\u00f3ta 2024 | Preasr\u00e1iteas | TG4\",\"isPartOf\":{\"@id\":\"https:\/\/dev.tg4.ie\/en\/#website\"},\"primaryImageOfPage\":{\"@id\":\"https:\/\/dev.tg4.ie\/ga\/eolas\/preas\/nuacht-raitis\/2024-2\/cludach-cuimsitheach-ar-thorthai-an-olltoghchain-le-cur-ar-fail-ag-tg4-ar-an-gclar-vota-2024\/#primaryimage\"},\"image\":{\"@id\":\"https:\/\/dev.tg4.ie\/ga\/eolas\/preas\/nuacht-raitis\/2024-2\/cludach-cuimsitheach-ar-thorthai-an-olltoghchain-le-cur-ar-fail-ag-tg4-ar-an-gclar-vota-2024\/#primaryimage\"},\"thumbnailUrl\":\"https:\/\/dev.tg4.ie\/wp-content\/uploads\/2024\/05\/Vota2024_1-1920x1080-1.jpg\",\"datePublished\":\"2024-11-27T12:54:10+00:00\",\"dateModified\":\"2024-11-27T12:54:10+00:00\",\"description\":\"T\u00e1 r\u00edm\u00e9ad ar TG4 agus ar Nuacht TG4 V\u00f3ta 2024 a chur i l\u00e1thair, imeacht beo cuimsitheach dh\u00e1 l\u00e1 ina gcl\u00fad\u00f3far tortha\u00ed olltoghch\u00e1n na bliana seo agus ina nd\u00e9anfar anail\u00eds mhion air.\",\"breadcrumb\":{\"@id\":\"https:\/\/dev.tg4.ie\/ga\/eolas\/preas\/nuacht-raitis\/2024-2\/cludach-cuimsitheach-ar-thorthai-an-olltoghchain-le-cur-ar-fail-ag-tg4-ar-an-gclar-vota-2024\/#breadcrumb\"},\"inLanguage\":\"ga\",\"potentialAction\":[{\"@type\":\"ReadAction\",\"target\":[\"https:\/\/dev.tg4.ie\/ga\/eolas\/preas\/nuacht-raitis\/2024-2\/cludach-cuimsitheach-ar-thorthai-an-olltoghchain-le-cur-ar-fail-ag-tg4-ar-an-gclar-vota-2024\/\"]}]},{\"@type\":\"ImageObject\",\"inLanguage\":\"ga\",\"@id\":\"https:\/\/dev.tg4.ie\/ga\/eolas\/preas\/nuacht-raitis\/2024-2\/cludach-cuimsitheach-ar-thorthai-an-olltoghchain-le-cur-ar-fail-ag-tg4-ar-an-gclar-vota-2024\/#primaryimage\",\"url\":\"https:\/\/dev.tg4.ie\/wp-content\/uploads\/2024\/05\/Vota2024_1-1920x1080-1.jpg\",\"contentUrl\":\"https:\/\/dev.tg4.ie\/wp-content\/uploads\/2024\/05\/Vota2024_1-1920x1080-1.jpg\"},{\"@type\":\"BreadcrumbList\",\"@id\":\"https:\/\/dev.tg4.ie\/ga\/eolas\/preas\/nuacht-raitis\/2024-2\/cludach-cuimsitheach-ar-thorthai-an-olltoghchain-le-cur-ar-fail-ag-tg4-ar-an-gclar-vota-2024\/#breadcrumb\",\"itemListElement\":[{\"@type\":\"ListItem\",\"position\":1,\"name\":\"Home\",\"item\":\"https:\/\/dev.tg4.ie\/ga\/\"},{\"@type\":\"ListItem\",\"position\":2,\"name\":\"Eolas\",\"item\":\"https:\/\/dev.tg4.ie\/ga\/eolas\/\"},{\"@type\":\"ListItem\",\"position\":3,\"name\":\"Preas\",\"item\":\"https:\/\/dev.tg4.ie\/ga\/eolas\/preas\/\"},{\"@type\":\"ListItem\",\"position\":4,\"name\":\"Nuacht R\u00e1itis\",\"item\":\"https:\/\/dev.tg4.ie\/ga\/eolas\/preas\/nuacht-raitis\/\"},{\"@type\":\"ListItem\",\"position\":5,\"name\":\"2024\",\"item\":\"https:\/\/dev.tg4.ie\/ga\/eolas\/preas\/nuacht-raitis\/2024-2\/\"},{\"@type\":\"ListItem\",\"position\":6,\"name\":\"Cl\u00fadach Cuimsitheach ar Thortha\u00ed an Olltoghch\u00e1in le cur ar f\u00e1il ag TG4 ar an gcl\u00e1r V\u00f3ta 2024\"}]},{\"@type\":\"WebSite\",\"@id\":\"https:\/\/dev.tg4.ie\/en\/#website\",\"url\":\"https:\/\/dev.tg4.ie\/en\/\",\"name\":\"TG4\",\"description\":\"S\u00fail Eile\",\"potentialAction\":[{\"@type\":\"SearchAction\",\"target\":{\"@type\":\"EntryPoint\",\"urlTemplate\":\"https:\/\/dev.tg4.ie\/en\/?s={search_term_string}\"},\"query-input\":\"required name=search_term_string\"}],\"inLanguage\":\"ga\"}]}<\/script>\n<!-- \/ Yoast SEO plugin. -->","yoast_head_json":{"title":"Cl\u00fadach Cuimsitheach ar Thortha\u00ed an Olltoghch\u00e1in le cur ar f\u00e1il ag TG4 ar an gcl\u00e1r V\u00f3ta 2024 | Preasr\u00e1iteas | TG4","description":"T\u00e1 r\u00edm\u00e9ad ar TG4 agus ar Nuacht TG4 V\u00f3ta 2024 a chur i l\u00e1thair, imeacht beo cuimsitheach dh\u00e1 l\u00e1 ina gcl\u00fad\u00f3far tortha\u00ed olltoghch\u00e1n na bliana seo agus ina nd\u00e9anfar anail\u00eds mhion air.","robots":{"index":"index","follow":"follow","max-snippet":"max-snippet:-1","max-image-preview":"max-image-preview:large","max-video-preview":"max-video-preview:-1"},"og_locale":"en_US","og_type":"article","og_title":"Cl\u00fadach Cuimsitheach ar Thortha\u00ed an Olltoghch\u00e1in le cur ar f\u00e1il ag TG4 ar an gcl\u00e1r V\u00f3ta 2024 | Preasr\u00e1iteas | TG4","og_description":"T\u00e1 r\u00edm\u00e9ad ar TG4 agus ar Nuacht TG4 V\u00f3ta 2024 a chur i l\u00e1thair, imeacht beo cuimsitheach dh\u00e1 l\u00e1 ina gcl\u00fad\u00f3far tortha\u00ed olltoghch\u00e1n na bliana seo agus ina nd\u00e9anfar anail\u00eds mhion air.","og_url":"https:\/\/dev.tg4.ie\/ga\/eolas\/preas\/nuacht-raitis\/2024-2\/cludach-cuimsitheach-ar-thorthai-an-olltoghchain-le-cur-ar-fail-ag-tg4-ar-an-gclar-vota-2024\/","og_site_name":"TG4","article_publisher":"https:\/\/www.facebook.com\/TG4TV","og_image":[{"width":1920,"height":1080,"url":"https:\/\/tg4-docs.s3.amazonaws.com\/wp-content\/uploads\/2024\/05\/29135411\/Vota2024_1-1920x1080-1.jpg","type":"image\/jpeg"}],"twitter_card":"summary_large_image","twitter_image":"https:\/\/tg4-docs.s3.amazonaws.com\/wp-content\/uploads\/2024\/05\/29135411\/Vota2024_1-1920x1080-1.jpg","twitter_site":"@TG4TV","twitter_misc":{"Est. reading time":"3 minutes"},"schema":{"@context":"https:\/\/schema.org","@graph":[{"@type":"WebPage","@id":"https:\/\/dev.tg4.ie\/ga\/eolas\/preas\/nuacht-raitis\/2024-2\/cludach-cuimsitheach-ar-thorthai-an-olltoghchain-le-cur-ar-fail-ag-tg4-ar-an-gclar-vota-2024\/","url":"https:\/\/dev.tg4.ie\/ga\/eolas\/preas\/nuacht-raitis\/2024-2\/cludach-cuimsitheach-ar-thorthai-an-olltoghchain-le-cur-ar-fail-ag-tg4-ar-an-gclar-vota-2024\/","name":"Cl\u00fadach Cuimsitheach ar Thortha\u00ed an Olltoghch\u00e1in le cur ar f\u00e1il ag TG4 ar an gcl\u00e1r V\u00f3ta 2024 | Preasr\u00e1iteas | TG4","isPartOf":{"@id":"https:\/\/dev.tg4.ie\/en\/#website"},"primaryImageOfPage":{"@id":"https:\/\/dev.tg4.ie\/ga\/eolas\/preas\/nuacht-raitis\/2024-2\/cludach-cuimsitheach-ar-thorthai-an-olltoghchain-le-cur-ar-fail-ag-tg4-ar-an-gclar-vota-2024\/#primaryimage"},"image":{"@id":"https:\/\/dev.tg4.ie\/ga\/eolas\/preas\/nuacht-raitis\/2024-2\/cludach-cuimsitheach-ar-thorthai-an-olltoghchain-le-cur-ar-fail-ag-tg4-ar-an-gclar-vota-2024\/#primaryimage"},"thumbnailUrl":"https:\/\/dev.tg4.ie\/wp-content\/uploads\/2024\/05\/Vota2024_1-1920x1080-1.jpg","datePublished":"2024-11-27T12:54:10+00:00","dateModified":"2024-11-27T12:54:10+00:00","description":"T\u00e1 r\u00edm\u00e9ad ar TG4 agus ar Nuacht TG4 V\u00f3ta 2024 a chur i l\u00e1thair, imeacht beo cuimsitheach dh\u00e1 l\u00e1 ina gcl\u00fad\u00f3far tortha\u00ed olltoghch\u00e1n na bliana seo agus ina nd\u00e9anfar anail\u00eds mhion air.","breadcrumb":{"@id":"https:\/\/dev.tg4.ie\/ga\/eolas\/preas\/nuacht-raitis\/2024-2\/cludach-cuimsitheach-ar-thorthai-an-olltoghchain-le-cur-ar-fail-ag-tg4-ar-an-gclar-vota-2024\/#breadcrumb"},"inLanguage":"ga","potentialAction":[{"@type":"ReadAction","target":["https:\/\/dev.tg4.ie\/ga\/eolas\/preas\/nuacht-raitis\/2024-2\/cludach-cuimsitheach-ar-thorthai-an-olltoghchain-le-cur-ar-fail-ag-tg4-ar-an-gclar-vota-2024\/"]}]},{"@type":"ImageObject","inLanguage":"ga","@id":"https:\/\/dev.tg4.ie\/ga\/eolas\/preas\/nuacht-raitis\/2024-2\/cludach-cuimsitheach-ar-thorthai-an-olltoghchain-le-cur-ar-fail-ag-tg4-ar-an-gclar-vota-2024\/#primaryimage","url":"https:\/\/dev.tg4.ie\/wp-content\/uploads\/2024\/05\/Vota2024_1-1920x1080-1.jpg","contentUrl":"https:\/\/dev.tg4.ie\/wp-content\/uploads\/2024\/05\/Vota2024_1-1920x1080-1.jpg"},{"@type":"BreadcrumbList","@id":"https:\/\/dev.tg4.ie\/ga\/eolas\/preas\/nuacht-raitis\/2024-2\/cludach-cuimsitheach-ar-thorthai-an-olltoghchain-le-cur-ar-fail-ag-tg4-ar-an-gclar-vota-2024\/#breadcrumb","itemListElement":[{"@type":"ListItem","position":1,"name":"Home","item":"https:\/\/dev.tg4.ie\/ga\/"},{"@type":"ListItem","position":2,"name":"Eolas","item":"https:\/\/dev.tg4.ie\/ga\/eolas\/"},{"@type":"ListItem","position":3,"name":"Preas","item":"https:\/\/dev.tg4.ie\/ga\/eolas\/preas\/"},{"@type":"ListItem","position":4,"name":"Nuacht R\u00e1itis","item":"https:\/\/dev.tg4.ie\/ga\/eolas\/preas\/nuacht-raitis\/"},{"@type":"ListItem","position":5,"name":"2024","item":"https:\/\/dev.tg4.ie\/ga\/eolas\/preas\/nuacht-raitis\/2024-2\/"},{"@type":"ListItem","position":6,"name":"Cl\u00fadach Cuimsitheach ar Thortha\u00ed an Olltoghch\u00e1in le cur ar f\u00e1il ag TG4 ar an gcl\u00e1r V\u00f3ta 2024"}]},{"@type":"WebSite","@id":"https:\/\/dev.tg4.ie\/en\/#website","url":"https:\/\/dev.tg4.ie\/en\/","name":"TG4","description":"S\u00fail Eile","potentialAction":[{"@type":"SearchAction","target":{"@type":"EntryPoint","urlTemplate":"https:\/\/dev.tg4.ie\/en\/?s={search_term_string}"},"query-input":"required name=search_term_string"}],"inLanguage":"ga"}]}},"_links":{"self":[{"href":"https:\/\/dev.tg4.ie\/ga\/wp-json\/wp\/v2\/pages\/235455"}],"collection":[{"href":"https:\/\/dev.tg4.ie\/ga\/wp-json\/wp\/v2\/pages"}],"about":[{"href":"https:\/\/dev.tg4.ie\/ga\/wp-json\/wp\/v2\/types\/page"}],"author":[{"embeddable":true,"href":"https:\/\/dev.tg4.ie\/ga\/wp-json\/wp\/v2\/users\/876"}],"replies":[{"embeddable":true,"href":"https:\/\/dev.tg4.ie\/ga\/wp-json\/wp\/v2\/comments?post=235455"}],"version-history":[{"count":0,"href":"https:\/\/dev.tg4.ie\/ga\/wp-json\/wp\/v2\/pages\/235455\/revisions"}],"up":[{"embeddable":true,"href":"https:\/\/dev.tg4.ie\/ga\/wp-json\/wp\/v2\/pages\/208148"}],"wp:attachment":[{"href":"https:\/\/dev.tg4.ie\/ga\/wp-json\/wp\/v2\/media?parent=235455"}],"curies":[{"name":"wp","href":"https:\/\/api.w.org\/{rel}","templated":true}]}}