{"id":235724,"date":"2024-12-04T10:31:39","date_gmt":"2024-12-04T10:31:39","guid":{"rendered":"https:\/\/dev.tg4.ie\/?page_id=235724"},"modified":"2024-12-04T10:31:39","modified_gmt":"2024-12-04T10:31:39","slug":"nollaig-2024-ar-tg4","status":"publish","type":"page","link":"https:\/\/dev.tg4.ie\/ga\/eolas\/preas\/nuacht-raitis\/2024-2\/nollaig-2024-ar-tg4\/","title":{"rendered":"Nollaig 2024 ar TG4"},"content":{"rendered":"<p>Beidh neart cl\u00e1racha Nollag a chuirfidh siamsa\u00edocht ar f\u00e1il don teaghlach ar fad ar f\u00e1il i Sceideal Nollag TG4 \u00f3n 22 Nollaig go dt\u00ed an 5 Ean\u00e1ir.<\/p>\n<table>\n<tbody>\n<tr>\n<td width=\"50%\"><img loading=\"lazy\" decoding=\"async\" width=\"1920\" height=\"1080\" class=\"aligncenter size-full wp-image-141459\" src=\"https:\/\/tg4-docs.s3.amazonaws.com\/tg4-redesign-2015\/wp-content\/uploads\/2022\/02\/AnCailinCiuin_TheQuietGirl_Cait_Catherine_Clinch_2-1920x1080-1.jpg\" alt=\"\" srcset=\"https:\/\/tg4-docs.s3.amazonaws.com\/tg4-redesign-2015\/wp-content\/uploads\/2022\/02\/AnCailinCiuin_TheQuietGirl_Cait_Catherine_Clinch_2-1920x1080-1.jpg 1920w, https:\/\/tg4-docs.s3.amazonaws.com\/tg4-redesign-2015\/wp-content\/uploads\/2022\/02\/AnCailinCiuin_TheQuietGirl_Cait_Catherine_Clinch_2-1920x1080-1-250x141.jpg 250w, https:\/\/tg4-docs.s3.amazonaws.com\/tg4-redesign-2015\/wp-content\/uploads\/2022\/02\/AnCailinCiuin_TheQuietGirl_Cait_Catherine_Clinch_2-1920x1080-1-700x394.jpg 700w, https:\/\/tg4-docs.s3.amazonaws.com\/tg4-redesign-2015\/wp-content\/uploads\/2022\/02\/AnCailinCiuin_TheQuietGirl_Cait_Catherine_Clinch_2-1920x1080-1-252x141.jpg 252w, https:\/\/tg4-docs.s3.amazonaws.com\/tg4-redesign-2015\/wp-content\/uploads\/2022\/02\/AnCailinCiuin_TheQuietGirl_Cait_Catherine_Clinch_2-1920x1080-1-1536x864.jpg 1536w, https:\/\/tg4-docs.s3.amazonaws.com\/tg4-redesign-2015\/wp-content\/uploads\/2022\/02\/AnCailinCiuin_TheQuietGirl_Cait_Catherine_Clinch_2-1920x1080-1-120x68.jpg 120w\" sizes=\"(max-width: 1920px) 100vw, 1920px\" \/><\/td>\n<td width=\"50%\"><img loading=\"lazy\" decoding=\"async\" width=\"1920\" height=\"1080\" class=\"aligncenter size-full wp-image-140596\" src=\"https:\/\/tg4-docs.s3.amazonaws.com\/tg4-redesign-2015\/wp-content\/uploads\/2022\/02\/AnCailinCiuin_TheQuietGirl_Cait_Catherine_Clinch_1-1920x1080-1.jpg\" alt=\"\" srcset=\"https:\/\/tg4-docs.s3.amazonaws.com\/tg4-redesign-2015\/wp-content\/uploads\/2022\/02\/AnCailinCiuin_TheQuietGirl_Cait_Catherine_Clinch_1-1920x1080-1.jpg 1920w, https:\/\/tg4-docs.s3.amazonaws.com\/tg4-redesign-2015\/wp-content\/uploads\/2022\/02\/AnCailinCiuin_TheQuietGirl_Cait_Catherine_Clinch_1-1920x1080-1-250x141.jpg 250w, https:\/\/tg4-docs.s3.amazonaws.com\/tg4-redesign-2015\/wp-content\/uploads\/2022\/02\/AnCailinCiuin_TheQuietGirl_Cait_Catherine_Clinch_1-1920x1080-1-700x394.jpg 700w, https:\/\/tg4-docs.s3.amazonaws.com\/tg4-redesign-2015\/wp-content\/uploads\/2022\/02\/AnCailinCiuin_TheQuietGirl_Cait_Catherine_Clinch_1-1920x1080-1-252x141.jpg 252w, https:\/\/tg4-docs.s3.amazonaws.com\/tg4-redesign-2015\/wp-content\/uploads\/2022\/02\/AnCailinCiuin_TheQuietGirl_Cait_Catherine_Clinch_1-1920x1080-1-1536x864.jpg 1536w, https:\/\/tg4-docs.s3.amazonaws.com\/tg4-redesign-2015\/wp-content\/uploads\/2022\/02\/AnCailinCiuin_TheQuietGirl_Cait_Catherine_Clinch_1-1920x1080-1-120x68.jpg 120w\" sizes=\"(max-width: 1920px) 100vw, 1920px\" \/><\/td>\n<\/tr>\n<\/tbody>\n<\/table>\n<p><sup>Pic: Catherine Clinch, An Cail\u00edn Ci\u00fain<\/sup><\/p>\n<p data-olk-copy-source=\"MessageBody\">Craolfar<span>\u00a0<\/span><strong>An Cail\u00edn Ci\u00fain<\/strong>, scann\u00e1n a bhfuil ainmni\u00fach\u00e1n Oscar faighte aige, den ch\u00e9ad uair riamh ar an teilif\u00eds ag 8pm L\u00e1 Nollag ar TG4. Ins\u00edtear sc\u00e9al Ch\u00e1it (Catherine Clinch) sa scann\u00e1n &#8211; cail\u00edn naoi mbliana d\u2019aois de theaghlach m\u00f3r nach bhfuil bun n\u00e1 barr leis. Cuirtear chun c\u00f3na\u00ed le tuismitheoir\u00ed altrama \u00ed don samhradh. C\u00e9 go gcuireann an bhean, Eibhl\u00edn (Carrie Crowley), f\u00e1ilte chro\u00ed\u00fail roimpi, fanann Se\u00e1n (Andrew Bennett) amach uaidh Ch\u00e1it agus coinn\u00edonn C\u00e1it amach uaidhsean. Ach tagann feabhas m\u00f3r ar an gcaidreamh achrannach at\u00e1 eatarthu le himeacht ama. Ach sa teach seo at\u00e1 in ainm is a bheith ina tearmann gan r\u00fain, tagann an fh\u00edrinne shearbh chun solais. Bunaithe ar Foster le Claire Keegan. Is \u00e9 An Cail\u00edn Ci\u00fain an ch\u00e9ad fhadscann\u00e1n leis an scr\u00edbhneoir\/sti\u00farth\u00f3ir Colm Bair\u00e9ad agus an l\u00e9iritheoir Cleona N\u00ed Chrualaoi \u00f3 Insc\u00e9al.<\/p>\n<p>I measc chl\u00e1racha faisn\u00e9ise an ts\u00e9as\u00fair seo beidh<span>\u00a0<\/span><strong>Na Lumi\u00e8re Gaelacha<\/strong><span>\u00a0<\/span>a chraolfar ag 9:10pm L\u00e1 Fh\u00e9ile Stiof\u00e1in. Tabharfar l\u00e9argas sa chl\u00e1r faisn\u00e9ise seo ar shaol dra\u00edocht\u00fail tri\u00far dearth\u00e1ireacha James (Jim), Thomas (Tom) agus Philip (Phil) Horgan. Thug tri\u00far buachaill\u00ed \u00f3ga as Eochaill i gCorcaigh faoi deara go raibh solas ag scaladh ar mh\u00f3rth\u00edr na hEorpa agus de bharr gur shocraigh an tri\u00far an solas sin a fhiosr\u00fa d\u2019\u00e9irigh leo domhan na scann\u00e1na\u00edochta agus na beochana a fhorbairt anseo in \u00c9irinn.<\/p>\n<p>Craolfar<span>\u00a0<\/span><strong>Thomas Moore &#8211; Bard na h\u00c9ireann<\/strong><span>\u00a0<\/span>ag 8.25pm ar an 28 Nollaig, cl\u00e1r ina dtabharfar l\u00e9argas ar shaol agus ar shaothar r\u00edsp\u00e9isi\u00fail Moore. Tabharfar deis freisin sa chl\u00e1r cluas \u00e9isteachta a thabhairt do leaganacha nua de na hamhr\u00e1in is c\u00e1ili\u00fala d\u00e1 chuid, amhr\u00e1in amhail The Minstrel Boy agus The Last Rose of Summer, \u00f3 cheolt\u00f3ir\u00ed na linne seo, Duke Special agus M\u00e9av N\u00ed Mhaolchatha ina measc. N\u00edl m\u00f3r\u00e1n eolas againn faoi shaol Moore a rugadh beagnach 250 bliain \u00f3 shin.<\/p>\n<p>D\u00fanadh doirse an t\u00ed t\u00e1bhairne Tigh Hughes i gcro\u00edl\u00e1r Chathair Bhaile \u00c1tha Cliath den uair dheiridh i ndiaidh bh\u00e1s \u00fain\u00e9ir an t\u00ed. Sa scann\u00e1n<span>\u00a0<\/span><strong>Farewell to Hughes<\/strong>, a chraolfar ag 8.30pm ar an 29 Nollaig, cuirfidh Brendan Gleeson agallaimh ar cheolt\u00f3ir\u00ed, ar dhamhs\u00f3ir\u00ed agus ar amhr\u00e1naithe chun sc\u00e9al an t\u00ed t\u00e1bhairne neamhshuntasaigh seo agus an m\u00e9id a chur s\u00e9 lena shaol f\u00e9in agus le saol an cheoil thraidisi\u00fanta a insint.<\/p>\n<p>Cl\u00e1r faisn\u00e9ise speisialta in \u00f3m\u00f3s do 50 bliain de Pheil na mBan is ea<strong>\u00a0LGFA@50\u00a0<\/strong>(22\/12 \u00a04pm). Tabharfar an lucht f\u00e9achana ar aistear chuig cro\u00edl\u00e1r an sp\u00f3irt, \u00f3n bp\u00e1irc \u00e1iti\u00fail go dt\u00ed P\u00e1irc an Chr\u00f3caigh.<strong>An Bothy Band ISL<\/strong><span>\u00a0<\/span>(6.25pm L\u00e1 Nollag) Tiocfaidh an banna ceoil thraidisi\u00fanta is fearr in \u00c9irinn le ch\u00e9ile ar\u00eds don chl\u00e1r faisn\u00e9ise speisialta seo. Craolfar an cl\u00e1r faisn\u00e9ise seo L\u00e1 Nollag agus beidh Teanga Chomhartha\u00edochta na h\u00c9ireann ar f\u00e1il lena linn. F\u00e9achfar sa chl\u00e1r faisn\u00e9ise ar leith seo, ina mbeidh agallaimh agus ina dtabharfar l\u00e9argas ar an m\u00e9id a tharla\u00edonn c\u00falst\u00e1itse le linn cleachtaidh, ar sc\u00e9al an Bothy Band agus ar oidhreacht an ghr\u00fapa.\u00a0\u00a0Cl\u00e1r faisn\u00e9ise ar caitheadh c\u00fapla bliain \u00e1 thaifeadadh is ea<span>\u00a0<\/span><strong id=\"x_isPasted\">An Chliath Oilimpeach\u00a0<\/strong>(2\/1 7.15pm) agus ina dtugtar l\u00e9argas ar an ioma\u00ed constaic arbh \u00e9igean do Dhiarmuid Clancy a sh\u00e1r\u00fa le linn d\u00f3 a bheith ag traen\u00e1il do na Cluich\u00ed Oilimpeacha i dT\u00f3iceo sa bhliain 2020.<\/p>\n<p>B\u00ed in \u00e9ineacht le D\u00e1ith\u00ed \u00d3 S\u00e9 agus Doireann N\u00ed Ghlac\u00e1in ag 11.30pm i gCult\u00farlann McAdam \u00d3 Fiaich i mB\u00e9al Feirste \u00f3na gcraolfar<span>\u00a0<\/span><strong>F\u00e1ilte 2025<\/strong><span>\u00a0<\/span>chun f\u00e1ilte a chur roimh an mBliain Nua ar TG4 leis na ceolt\u00f3ir\u00ed agus na hamhr\u00e1naithe is fearr amhail M\u00e1ire N\u00ed Bhraon\u00e1in, R\u00edoghnach Connolly, John McSherry, Piaras \u00d3 Lorc\u00e1in agus go leor eile. In \u00e9ineacht le Fiachna \u00d3 Braon\u00e1in sa Cobblestone i mBaile \u00c1tha Cliath beidh Aoife Scott, Liam O&#8217;Connor, Meave Mulligan agus The Mary Wallopers, Andrew Hendy, agus in \u00e9ineacht le S\u00edle Seoige i dTigh Chual\u00e1in i nGaillimh beidh R\u00f3is\u00edn Seoige le hIml\u00e9, Conor Connolly, Sorcha Costello agus Na F\u00edr\u00e9in.<\/p>\n<p>Beidh scoth an cheoil thraidisi\u00fanta ar<span>\u00a0<\/span><strong>Geantra\u00ed na Nollag<\/strong><span>\u00a0<\/span>ag 9.35pm L\u00e1 Nollag. Taifeadadh an cl\u00e1r sa teach t\u00e1bhairne c\u00e1ili\u00fail Tigh Hughes ar an Spid\u00e9al agus is \u00ed an t-amhr\u00e1na\u00ed m\u00f3r le r\u00e1 Pauline Scanlon a chuirfidh i l\u00e1thair \u00e9. I dteannta Pauline beidh Johnny \u00d3g Connolly, Mary Coughlan &amp; a banna ceoil, Mary Bergin, Eilish Lennon, Se\u00e1n Lennon, P\u00e1draig \u00d3 Dubhghail, Seosamh \u00d3 Neachtain, Fergal Scahill, Ryan Molloy, P\u00e1draig Jack &amp; Band, Galvian Way &amp; C\u00f3r Chois Farraige. \u00a0<strong>Carna an Cheoil agus na nAmhr\u00e1n<\/strong><span>\u00a0<\/span>1\/1\/25. T\u00e1 sluaite de bhailitheoir\u00ed ceoil ag tabhairt cuairt ar Charna i nGaeltacht Conamara le breis is c\u00e9ad bliain de bharr thraidisi\u00fain Ghaelacha an cheantair. Tabharfar l\u00e9argas domhain sa chl\u00e1r seo ar oidhreacht bhr\u00edomhar Charna, ag caitheamh s\u00fail ghrinn ar na seoda ceoil a tugadh ar aghaidh \u00f3 ghl\u00fain go gl\u00fain agus ag bualadh le muintir na h\u00e1ite at\u00e1 ag coinne\u00e1il a gcult\u00far d\u00fachais beo sa l\u00e1 at\u00e1 inniu ann.<\/p>\n<p>Bainfidh duine ar bith a dtaitn\u00edonn ceol leo sult as an measc\u00e1n d\u2019amhr\u00e1naithe agus de cheolt\u00f3ir\u00ed idirn\u00e1isi\u00fanta agus de bhun\u00fa na t\u00edre seo araon.<strong>\u00a0<\/strong>Taifeadadh<span>\u00a0<\/span><strong>Tommy Fleming- Christmas Songs for a Winter\u2019s Night\u00a0<\/strong>(7.15pm O\u00edche Nollag) beo i gCaisle\u00e1n chluthar Bh\u00e9al Leice i mB\u00e9al an \u00c1tha os comhair a mhuintir agus a chairde f\u00e9in &amp; taifeadadh<span>\u00a0<\/span><strong>Tommy Fleming- Live in Galway Cathedral\u00a0<\/strong>(30\/12 7.15pm) in Ard-Eaglais na Gaillimhe os comhair lucht f\u00e9achana.<span>\u00a0<\/span><strong>Billie Eilish: Live at the O2<\/strong><span>\u00a0<\/span>&#8211; (1\/1\/25) D\u2019eisigh Billie Eilish an taifeadadh a rinneadh ar a ceolchoirm dhochreidte in The O2 i Londain sa bhliain 2023.<\/p>\n<p>I measc na gceolchoirmeacha eile a chraolfar beidh:<span>\u00a0<\/span><strong>Oasis &#8211; Live at Glasgow Barrowlands<\/strong><span>\u00a0<\/span>(22\/12\/24),<strong>Elvis Costello: Live at the Liverpool Philharmonic Hall\u00a0<\/strong>(23\/12\/24),<strong>\u00a0<\/strong><span>\u00a0<\/span><strong>Bruce Springsteen: The Pogues In Paris<\/strong><span>\u00a0<\/span>(25\/12\/24),<span>\u00a0<\/span><strong>Live in Dublin<\/strong><span>\u00a0<\/span>(26\/12\/24),<span>\u00a0<\/span><strong>Rod Stewart &#8211; It Had To Be You\u00a0<\/strong>(27\/12\/24),<span>\u00a0<\/span><strong>Rolling Stones: Ladies &amp; Gentlemen<\/strong><\/p>\n<p>(29\/12\/24)<span>\u00a0<\/span><strong>George Michael: Live in London<\/strong><span>\u00a0<\/span>(2\/1\/25),<span>\u00a0<\/span><strong>Queen: A Night at the Odeon\u00a0<\/strong>(4\/1\/25).<\/p>\n<p>Bain sult as spraoi na Nollag ar<span>\u00a0<\/span><strong>Ros na R\u00fan<\/strong>, \u00e1it a mbeidh c\u00fapla r\u00fan le scaoileadh. \u00a0Caithfear s\u00fail siar ar phr\u00edomhchom\u00f3rtais aonair na gcatag\u00f3ir\u00ed \u00e9ags\u00fala \u00f3 Oireachtas na Samhna 2024 sa chl\u00e1r<span>\u00a0<\/span><strong>S\u00fail Siar \u2013 Oireachtas 2024.<\/strong><span>\u00a0<\/span><strong>7 L\u00e1 &#8211; S\u00fail Siar na Bliana<\/strong><span>\u00a0<\/span>(23\/12 4.30pm) S\u00fail siar ar na pr\u00edomhsc\u00e9alta a pl\u00e9adh ar phr\u00edomhchl\u00e1r nuachta agus c\u00farsa\u00ed reatha TG4. Pl\u00e9ifear c\u00farsa\u00ed polait\u00edochta agus c\u00farsa\u00ed geilleagair mar aon le c\u00farsa\u00ed r\u00e9igi\u00fanacha, n\u00e1isi\u00fanta agus idirn\u00e1isi\u00fanta.<span>\u00a0<\/span><strong>Siar 20 Bliain (27\/12 6.15pm)\u00a0<\/strong><span>\u00a0<\/span>Caithfidh M\u00e1ire T. N\u00ed Mhadaoin agus an tOllamh Emeritus Gear\u00f3id \u00d3 Tuathaigh s\u00fail ghrinn ar na sc\u00e9alta n\u00e1isi\u00fanta agus r\u00e9igi\u00fanacha a d&#8217;eascair as eisi\u00faint na bliana seo \u00f3n gCartlann N\u00e1isi\u00fanta. Leagfar b\u00e9im ar leith ar sc\u00e9alta a bhaineann leis an nGaeilge agus le pobail Ghaeltachta.<\/p>\n<p>T\u00e1 muid faoi gheasa ceart ag imeachta\u00ed sp\u00f3irt le bliain anuas agus beidh deis eile agat s\u00fail a chaitheamh ar chuid de na m\u00f3rimeachta\u00ed sin in<strong>\u00a0C\u00fail na Bliana\u00a0<\/strong>(25\/12 3.15pm)<strong>\u00a0<\/strong>30 de na c\u00fail is fearr a sc\u00f3r\u00e1ladh ar ph\u00e1irc na hiom\u00e1na agus na peile sa bhliain 2024 mar at\u00e1 v\u00f3t\u00e1ilte ag an bpobal<strong>.\u00a0<\/strong>Caithfear s\u00fail siar in<span>\u00a0<\/span><strong>GAA2024 na Sc\u00e9alta<\/strong><span>\u00a0<\/span>(28\/12 4.55pm) ar na sc\u00e9alta is m\u00f3 \u00f3 sh\u00e9as\u00fair Chumann L\u00fathchleas Gael, Chumann Pheil na mBan agus Cam\u00f3ga\u00edochta 2024.<span>\u00a0<\/span><strong>\u00a0Cluich\u00ed na Bliana-\u00a0<\/strong>Deis eile s\u00fail a chaitheamh ar chuid de na cluich\u00ed Peile agus Iom\u00e1na\u00edochta a imr\u00edodh le bliain anuas.<strong>\u00a0Ag Triall ar Chill na Martra\u00a0<\/strong>(30\/12 8.55pm) Re\u00e1cht\u00e1ladh Com\u00f3rtas Peile na Gaeltachta i gCill na Martra i nGaeltacht Mh\u00fascra\u00ed le linn dheireadh seachtaine saoire bainc mh\u00ed an Mheithimh. Ba \u00e9 Cumann Peile Chill na Martra a d\u2019\u00f3st\u00e1il an t-imeacht. Tabharfaidh eagraithe na f\u00e9ile agus imreoir\u00ed, bainisteoir\u00ed agus tacad\u00f3ir\u00ed na bhfoirne peile go l\u00e9ir l\u00e9argas d\u00fainn ar an gcom\u00f3rtas. Beidh rugba\u00ed beo againn freisin le<strong>\u00a0Rugba\u00ed Beo\u00a0Munster v Leinster\u00a0<\/strong>(27\/12 \u00a07pm).<strong>\u00a0Rugba\u00ed Beo Sharks v Stormers\u00a0<\/strong>(28\/12 \u00a0 2.55pm).<\/p>\n<p>Craolfar r\u00e9imse scann\u00e1n freisin le linn aimsir na Nollag a mbainfidh gach duine sult astu.<strong>\u00a0<\/strong>I measc na scann\u00e1n \u00c9ireannach<em>\u00a0<\/em>beidh<strong>\u00a0Froggie (2024 Scann\u00e1n Grinn)\u00a0<\/strong>(23\/12 9.30pm) Is iad Se\u00e1n T \u00d3 Meallaigh, Carrie Crowley, Gearoid Kavanagh, Lucia Evans agus Paul Oakley Stovall pr\u00edomhaisteoir\u00ed an scann\u00e1in. Arna sti\u00faradh ag Luke Morgan. Bh\u00ed Fiachra agus Tadhg i mbarr a r\u00e9ime ceart nuair a chas siad amhr\u00e1n ar an teilif\u00eds lena bpuip\u00e9ad Froggie nuair nach raibh siad ach 7 mbliana d\u2019aois. T\u00e1 25 bliana caite \u00f3 shin agus caithfidh siad teacht le ch\u00e9ile ar\u00eds nuair a fhuada\u00edtear Froggie. Deis eile scann\u00e1n c\u00e1ili\u00fail le Bob Quinn,<span>\u00a0<\/span><strong>Poit\u00edn (1979)<\/strong><span>\u00a0<\/span>(29\/12 7.15pm), a fheice\u00e1il, an ch\u00e9ad scann\u00e1n Gaeilge a rinneadh riamh. Cuireann beirt mheatach\u00e1n sc\u00e9in ar sheanfhear le go dtabharfaidh s\u00e9 a chuid poit\u00edn d\u00f3ibh. Is iad Cyril Cusack agus Mick Lally, Donal McCann agus Niall T\u00f3ib\u00edn pr\u00edomhaisteoir\u00ed an scann\u00e1in.<\/p>\n<p>I measc na scann\u00e1n eile a chraolfar beidh<strong>\u00a0Rocketman,<em>\u00a0<\/em>Die Hard, Bridesmaids, High Fidelity, Spider-Man: Far from Home, Mamma Mia- Here We Go Again!, Knives Out, agus Pulp Fiction.\u00a0<\/strong>I measc na scann\u00e1n a mbainfidh an teaghlach go l\u00e9ir s\u00e1samh astu beidh<span>\u00a0<\/span><strong>\u00a0Dr. Seuss\u2019 How the Grinch Stole Christmas, Despicable Me 3, The Secret Life of Pets, Shrek 2, Stuart Little, Into the West, Doctor Dolittle 2, Fantastic Mr. Fox, About a Boy\u00a0<\/strong>agus<strong>\u00a0Marley &amp; Me. \u00a0<\/strong>I measc na scann\u00e1n a bheidh ar si\u00fal i rith an lae beidh<strong>\u00a0The Producers, The Italian Job, The BFG, Matilda, Diary of a Wimpy Kid, Oliver!, Babe, Vertigo, Beethoven, Some Like it Hot,\u00a0<\/strong>agus<strong>\u00a0The Seven Year Itch.\u00a0<\/strong><\/p>\n<p><strong>T\u00e1 tuilleadh eolais faoi scann\u00e1in Nollag TG4 le f\u00e1il anseo: <a href=\"https:\/\/dev.tg4.ie\/eolas\/preas\/nuacht-raitis\/2024-2\/scannain-ar-tg4-nollaig-2024\/\" rel=\"noopener\" target=\"_blank\">Scann\u00e1in Nollag TG4<\/a><\/strong><\/p>\n<p>&nbsp;<\/p>\n","protected":false},"excerpt":{"rendered":"<p>Beidh neart cl\u00e1racha Nollag a chuirfidh siamsa\u00edocht ar f\u00e1il don teaghlach ar fad ar f\u00e1il i Sceideal Nollag TG4 \u00f3n 22 Nollaig go dt\u00ed an 5 Ean\u00e1ir. Pic: Catherine Clinch, An Cail\u00edn Ci\u00fain Craolfar\u00a0An Cail\u00edn Ci\u00fain, scann\u00e1n a bhfuil ainmni\u00fach\u00e1n Oscar faighte aige, den ch\u00e9ad uair riamh ar an teilif\u00eds ag 8pm L\u00e1 Nollag ar [&hellip;]<\/p>\n","protected":false},"author":876,"featured_media":0,"parent":208148,"menu_order":50,"comment_status":"closed","ping_status":"closed","template":"page-templates\/template-pr.php","meta":{"_acf_changed":false,"footnotes":""},"acf":[],"yoast_head":"<!-- This site is optimized with the Yoast SEO plugin v22.6 - https:\/\/yoast.com\/wordpress\/plugins\/seo\/ -->\n<title>Nollaig 2024 ar TG4 | Preasr\u00e1iteas | TG4<\/title>\n<meta name=\"description\" content=\"Beidh neart cl\u00e1racha Nollag a chuirfidh siamsa\u00edocht ar f\u00e1il don teaghlach ar fad ar f\u00e1il i Sceideal Nollag TG4 \u00f3n 22 Nollaig go dt\u00ed an 5 Ean\u00e1ir.\" \/>\n<meta name=\"robots\" content=\"index, follow, max-snippet:-1, max-image-preview:large, max-video-preview:-1\" \/>\n<meta property=\"og:locale\" content=\"en_US\" \/>\n<meta property=\"og:type\" content=\"article\" \/>\n<meta property=\"og:title\" content=\"Nollaig 2024 ar TG4 | Preasr\u00e1iteas | TG4\" \/>\n<meta property=\"og:description\" content=\"Beidh neart cl\u00e1racha Nollag a chuirfidh siamsa\u00edocht ar f\u00e1il don teaghlach ar fad ar f\u00e1il i Sceideal Nollag TG4 \u00f3n 22 Nollaig go dt\u00ed an 5 Ean\u00e1ir.\" \/>\n<meta property=\"og:url\" content=\"https:\/\/dev.tg4.ie\/ga\/eolas\/preas\/nuacht-raitis\/2024-2\/nollaig-2024-ar-tg4\/\" \/>\n<meta property=\"og:site_name\" content=\"TG4\" \/>\n<meta property=\"article:publisher\" content=\"https:\/\/www.facebook.com\/TG4TV\" \/>\n<meta property=\"og:image\" content=\"https:\/\/tg4-docs.s3.amazonaws.com\/tg4-redesign-2015\/wp-content\/uploads\/2022\/02\/AnCailinCiuin_TheQuietGirl_Cait_Catherine_Clinch_2-1920x1080-1.jpg\" \/>\n\t<meta property=\"og:image:width\" content=\"1920\" \/>\n\t<meta property=\"og:image:height\" content=\"1080\" \/>\n\t<meta property=\"og:image:type\" content=\"image\/jpeg\" \/>\n<meta name=\"twitter:card\" content=\"summary_large_image\" \/>\n<meta name=\"twitter:image\" content=\"https:\/\/tg4-docs.s3.amazonaws.com\/tg4-redesign-2015\/wp-content\/uploads\/2022\/02\/AnCailinCiuin_TheQuietGirl_Cait_Catherine_Clinch_2-1920x1080-1.jpg\" \/>\n<meta name=\"twitter:site\" content=\"@TG4TV\" \/>\n<meta name=\"twitter:label1\" content=\"Est. reading time\" \/>\n\t<meta name=\"twitter:data1\" content=\"8 minutes\" \/>\n<script type=\"application\/ld+json\" class=\"yoast-schema-graph\">{\"@context\":\"https:\/\/schema.org\",\"@graph\":[{\"@type\":\"WebPage\",\"@id\":\"https:\/\/dev.tg4.ie\/ga\/eolas\/preas\/nuacht-raitis\/2024-2\/nollaig-2024-ar-tg4\/\",\"url\":\"https:\/\/dev.tg4.ie\/ga\/eolas\/preas\/nuacht-raitis\/2024-2\/nollaig-2024-ar-tg4\/\",\"name\":\"Nollaig 2024 ar TG4 | Preasr\u00e1iteas | TG4\",\"isPartOf\":{\"@id\":\"https:\/\/dev.tg4.ie\/en\/#website\"},\"primaryImageOfPage\":{\"@id\":\"https:\/\/dev.tg4.ie\/ga\/eolas\/preas\/nuacht-raitis\/2024-2\/nollaig-2024-ar-tg4\/#primaryimage\"},\"image\":{\"@id\":\"https:\/\/dev.tg4.ie\/ga\/eolas\/preas\/nuacht-raitis\/2024-2\/nollaig-2024-ar-tg4\/#primaryimage\"},\"thumbnailUrl\":\"https:\/\/dev.tg4.ie\/wp-content\/uploads\/2022\/02\/AnCailinCiuin_TheQuietGirl_Cait_Catherine_Clinch_2-1920x1080-1.jpg\",\"datePublished\":\"2024-12-04T10:31:39+00:00\",\"dateModified\":\"2024-12-04T10:31:39+00:00\",\"description\":\"Beidh neart cl\u00e1racha Nollag a chuirfidh siamsa\u00edocht ar f\u00e1il don teaghlach ar fad ar f\u00e1il i Sceideal Nollag TG4 \u00f3n 22 Nollaig go dt\u00ed an 5 Ean\u00e1ir.\",\"breadcrumb\":{\"@id\":\"https:\/\/dev.tg4.ie\/ga\/eolas\/preas\/nuacht-raitis\/2024-2\/nollaig-2024-ar-tg4\/#breadcrumb\"},\"inLanguage\":\"ga\",\"potentialAction\":[{\"@type\":\"ReadAction\",\"target\":[\"https:\/\/dev.tg4.ie\/ga\/eolas\/preas\/nuacht-raitis\/2024-2\/nollaig-2024-ar-tg4\/\"]}]},{\"@type\":\"ImageObject\",\"inLanguage\":\"ga\",\"@id\":\"https:\/\/dev.tg4.ie\/ga\/eolas\/preas\/nuacht-raitis\/2024-2\/nollaig-2024-ar-tg4\/#primaryimage\",\"url\":\"https:\/\/dev.tg4.ie\/wp-content\/uploads\/2022\/02\/AnCailinCiuin_TheQuietGirl_Cait_Catherine_Clinch_2-1920x1080-1.jpg\",\"contentUrl\":\"https:\/\/dev.tg4.ie\/wp-content\/uploads\/2022\/02\/AnCailinCiuin_TheQuietGirl_Cait_Catherine_Clinch_2-1920x1080-1.jpg\"},{\"@type\":\"BreadcrumbList\",\"@id\":\"https:\/\/dev.tg4.ie\/ga\/eolas\/preas\/nuacht-raitis\/2024-2\/nollaig-2024-ar-tg4\/#breadcrumb\",\"itemListElement\":[{\"@type\":\"ListItem\",\"position\":1,\"name\":\"Home\",\"item\":\"https:\/\/dev.tg4.ie\/ga\/\"},{\"@type\":\"ListItem\",\"position\":2,\"name\":\"Eolas\",\"item\":\"https:\/\/dev.tg4.ie\/ga\/eolas\/\"},{\"@type\":\"ListItem\",\"position\":3,\"name\":\"Preas\",\"item\":\"https:\/\/dev.tg4.ie\/ga\/eolas\/preas\/\"},{\"@type\":\"ListItem\",\"position\":4,\"name\":\"Nuacht R\u00e1itis\",\"item\":\"https:\/\/dev.tg4.ie\/ga\/eolas\/preas\/nuacht-raitis\/\"},{\"@type\":\"ListItem\",\"position\":5,\"name\":\"2024\",\"item\":\"https:\/\/dev.tg4.ie\/ga\/eolas\/preas\/nuacht-raitis\/2024-2\/\"},{\"@type\":\"ListItem\",\"position\":6,\"name\":\"Nollaig 2024 ar TG4\"}]},{\"@type\":\"WebSite\",\"@id\":\"https:\/\/dev.tg4.ie\/en\/#website\",\"url\":\"https:\/\/dev.tg4.ie\/en\/\",\"name\":\"TG4\",\"description\":\"S\u00fail Eile\",\"potentialAction\":[{\"@type\":\"SearchAction\",\"target\":{\"@type\":\"EntryPoint\",\"urlTemplate\":\"https:\/\/dev.tg4.ie\/en\/?s={search_term_string}\"},\"query-input\":\"required name=search_term_string\"}],\"inLanguage\":\"ga\"}]}<\/script>\n<!-- \/ Yoast SEO plugin. -->","yoast_head_json":{"title":"Nollaig 2024 ar TG4 | Preasr\u00e1iteas | TG4","description":"Beidh neart cl\u00e1racha Nollag a chuirfidh siamsa\u00edocht ar f\u00e1il don teaghlach ar fad ar f\u00e1il i Sceideal Nollag TG4 \u00f3n 22 Nollaig go dt\u00ed an 5 Ean\u00e1ir.","robots":{"index":"index","follow":"follow","max-snippet":"max-snippet:-1","max-image-preview":"max-image-preview:large","max-video-preview":"max-video-preview:-1"},"og_locale":"en_US","og_type":"article","og_title":"Nollaig 2024 ar TG4 | Preasr\u00e1iteas | TG4","og_description":"Beidh neart cl\u00e1racha Nollag a chuirfidh siamsa\u00edocht ar f\u00e1il don teaghlach ar fad ar f\u00e1il i Sceideal Nollag TG4 \u00f3n 22 Nollaig go dt\u00ed an 5 Ean\u00e1ir.","og_url":"https:\/\/dev.tg4.ie\/ga\/eolas\/preas\/nuacht-raitis\/2024-2\/nollaig-2024-ar-tg4\/","og_site_name":"TG4","article_publisher":"https:\/\/www.facebook.com\/TG4TV","og_image":[{"width":1920,"height":1080,"url":"https:\/\/tg4-docs.s3.amazonaws.com\/tg4-redesign-2015\/wp-content\/uploads\/2022\/02\/AnCailinCiuin_TheQuietGirl_Cait_Catherine_Clinch_2-1920x1080-1.jpg","type":"image\/jpeg"}],"twitter_card":"summary_large_image","twitter_image":"https:\/\/tg4-docs.s3.amazonaws.com\/tg4-redesign-2015\/wp-content\/uploads\/2022\/02\/AnCailinCiuin_TheQuietGirl_Cait_Catherine_Clinch_2-1920x1080-1.jpg","twitter_site":"@TG4TV","twitter_misc":{"Est. reading time":"8 minutes"},"schema":{"@context":"https:\/\/schema.org","@graph":[{"@type":"WebPage","@id":"https:\/\/dev.tg4.ie\/ga\/eolas\/preas\/nuacht-raitis\/2024-2\/nollaig-2024-ar-tg4\/","url":"https:\/\/dev.tg4.ie\/ga\/eolas\/preas\/nuacht-raitis\/2024-2\/nollaig-2024-ar-tg4\/","name":"Nollaig 2024 ar TG4 | Preasr\u00e1iteas | TG4","isPartOf":{"@id":"https:\/\/dev.tg4.ie\/en\/#website"},"primaryImageOfPage":{"@id":"https:\/\/dev.tg4.ie\/ga\/eolas\/preas\/nuacht-raitis\/2024-2\/nollaig-2024-ar-tg4\/#primaryimage"},"image":{"@id":"https:\/\/dev.tg4.ie\/ga\/eolas\/preas\/nuacht-raitis\/2024-2\/nollaig-2024-ar-tg4\/#primaryimage"},"thumbnailUrl":"https:\/\/dev.tg4.ie\/wp-content\/uploads\/2022\/02\/AnCailinCiuin_TheQuietGirl_Cait_Catherine_Clinch_2-1920x1080-1.jpg","datePublished":"2024-12-04T10:31:39+00:00","dateModified":"2024-12-04T10:31:39+00:00","description":"Beidh neart cl\u00e1racha Nollag a chuirfidh siamsa\u00edocht ar f\u00e1il don teaghlach ar fad ar f\u00e1il i Sceideal Nollag TG4 \u00f3n 22 Nollaig go dt\u00ed an 5 Ean\u00e1ir.","breadcrumb":{"@id":"https:\/\/dev.tg4.ie\/ga\/eolas\/preas\/nuacht-raitis\/2024-2\/nollaig-2024-ar-tg4\/#breadcrumb"},"inLanguage":"ga","potentialAction":[{"@type":"ReadAction","target":["https:\/\/dev.tg4.ie\/ga\/eolas\/preas\/nuacht-raitis\/2024-2\/nollaig-2024-ar-tg4\/"]}]},{"@type":"ImageObject","inLanguage":"ga","@id":"https:\/\/dev.tg4.ie\/ga\/eolas\/preas\/nuacht-raitis\/2024-2\/nollaig-2024-ar-tg4\/#primaryimage","url":"https:\/\/dev.tg4.ie\/wp-content\/uploads\/2022\/02\/AnCailinCiuin_TheQuietGirl_Cait_Catherine_Clinch_2-1920x1080-1.jpg","contentUrl":"https:\/\/dev.tg4.ie\/wp-content\/uploads\/2022\/02\/AnCailinCiuin_TheQuietGirl_Cait_Catherine_Clinch_2-1920x1080-1.jpg"},{"@type":"BreadcrumbList","@id":"https:\/\/dev.tg4.ie\/ga\/eolas\/preas\/nuacht-raitis\/2024-2\/nollaig-2024-ar-tg4\/#breadcrumb","itemListElement":[{"@type":"ListItem","position":1,"name":"Home","item":"https:\/\/dev.tg4.ie\/ga\/"},{"@type":"ListItem","position":2,"name":"Eolas","item":"https:\/\/dev.tg4.ie\/ga\/eolas\/"},{"@type":"ListItem","position":3,"name":"Preas","item":"https:\/\/dev.tg4.ie\/ga\/eolas\/preas\/"},{"@type":"ListItem","position":4,"name":"Nuacht R\u00e1itis","item":"https:\/\/dev.tg4.ie\/ga\/eolas\/preas\/nuacht-raitis\/"},{"@type":"ListItem","position":5,"name":"2024","item":"https:\/\/dev.tg4.ie\/ga\/eolas\/preas\/nuacht-raitis\/2024-2\/"},{"@type":"ListItem","position":6,"name":"Nollaig 2024 ar TG4"}]},{"@type":"WebSite","@id":"https:\/\/dev.tg4.ie\/en\/#website","url":"https:\/\/dev.tg4.ie\/en\/","name":"TG4","description":"S\u00fail Eile","potentialAction":[{"@type":"SearchAction","target":{"@type":"EntryPoint","urlTemplate":"https:\/\/dev.tg4.ie\/en\/?s={search_term_string}"},"query-input":"required name=search_term_string"}],"inLanguage":"ga"}]}},"_links":{"self":[{"href":"https:\/\/dev.tg4.ie\/ga\/wp-json\/wp\/v2\/pages\/235724"}],"collection":[{"href":"https:\/\/dev.tg4.ie\/ga\/wp-json\/wp\/v2\/pages"}],"about":[{"href":"https:\/\/dev.tg4.ie\/ga\/wp-json\/wp\/v2\/types\/page"}],"author":[{"embeddable":true,"href":"https:\/\/dev.tg4.ie\/ga\/wp-json\/wp\/v2\/users\/876"}],"replies":[{"embeddable":true,"href":"https:\/\/dev.tg4.ie\/ga\/wp-json\/wp\/v2\/comments?post=235724"}],"version-history":[{"count":0,"href":"https:\/\/dev.tg4.ie\/ga\/wp-json\/wp\/v2\/pages\/235724\/revisions"}],"up":[{"embeddable":true,"href":"https:\/\/dev.tg4.ie\/ga\/wp-json\/wp\/v2\/pages\/208148"}],"wp:attachment":[{"href":"https:\/\/dev.tg4.ie\/ga\/wp-json\/wp\/v2\/media?parent=235724"}],"curies":[{"name":"wp","href":"https:\/\/api.w.org\/{rel}","templated":true}]}}