{"id":235782,"date":"2024-12-06T10:29:51","date_gmt":"2024-12-06T10:29:51","guid":{"rendered":"https:\/\/dev.tg4.ie\/?page_id=235782"},"modified":"2024-12-06T10:29:51","modified_gmt":"2024-12-06T10:29:51","slug":"siamsaiocht-na-nollag-don-teaghlach-ar-fad-sceideal-draiochtuil-cula4-daimsir-na-nollag","status":"publish","type":"page","link":"https:\/\/dev.tg4.ie\/ga\/eolas\/preas\/nuacht-raitis\/2024-2\/siamsaiocht-na-nollag-don-teaghlach-ar-fad-sceideal-draiochtuil-cula4-daimsir-na-nollag\/","title":{"rendered":"Siamsa\u00edocht na Nollag don Teaghlach ar fad: Sceideal Dra\u00edocht\u00fail C\u00fala4 d\u2019Aimsir na Nollag"},"content":{"rendered":"<table>\n<tbody>\n<tr>\n<td width=\"50%\"><img loading=\"lazy\" decoding=\"async\" width=\"1920\" height=\"1080\" src=\"https:\/\/tg4-docs.s3.amazonaws.com\/wp-content\/uploads\/2024\/12\/06101250\/Tabby_Mc_Tat_1-1920x1080-1.jpg\" alt=\"\" class=\"aligncenter size-full wp-image-235787\" srcset=\"https:\/\/tg4-docs.s3.amazonaws.com\/wp-content\/uploads\/2024\/12\/06101250\/Tabby_Mc_Tat_1-1920x1080-1.jpg 1920w, https:\/\/tg4-docs.s3.amazonaws.com\/wp-content\/uploads\/2024\/12\/06101250\/Tabby_Mc_Tat_1-1920x1080-1-250x141.jpg 250w, https:\/\/tg4-docs.s3.amazonaws.com\/wp-content\/uploads\/2024\/12\/06101250\/Tabby_Mc_Tat_1-1920x1080-1-700x394.jpg 700w, https:\/\/tg4-docs.s3.amazonaws.com\/wp-content\/uploads\/2024\/12\/06101250\/Tabby_Mc_Tat_1-1920x1080-1-252x141.jpg 252w, https:\/\/tg4-docs.s3.amazonaws.com\/wp-content\/uploads\/2024\/12\/06101250\/Tabby_Mc_Tat_1-1920x1080-1-1536x864.jpg 1536w, https:\/\/tg4-docs.s3.amazonaws.com\/wp-content\/uploads\/2024\/12\/06101250\/Tabby_Mc_Tat_1-1920x1080-1-120x68.jpg 120w\" sizes=\"(max-width: 1920px) 100vw, 1920px\" \/><\/td>\n<td width=\"50%\"><img loading=\"lazy\" decoding=\"async\" width=\"1920\" height=\"1080\" src=\"https:\/\/tg4-docs.s3.amazonaws.com\/wp-content\/uploads\/2024\/12\/06101253\/Ice_Age_2_1-1920x1080-1.jpg\" alt=\"\" class=\"aligncenter size-full wp-image-235788\" srcset=\"https:\/\/tg4-docs.s3.amazonaws.com\/wp-content\/uploads\/2024\/12\/06101253\/Ice_Age_2_1-1920x1080-1.jpg 1920w, https:\/\/tg4-docs.s3.amazonaws.com\/wp-content\/uploads\/2024\/12\/06101253\/Ice_Age_2_1-1920x1080-1-250x141.jpg 250w, https:\/\/tg4-docs.s3.amazonaws.com\/wp-content\/uploads\/2024\/12\/06101253\/Ice_Age_2_1-1920x1080-1-700x394.jpg 700w, https:\/\/tg4-docs.s3.amazonaws.com\/wp-content\/uploads\/2024\/12\/06101253\/Ice_Age_2_1-1920x1080-1-252x141.jpg 252w, https:\/\/tg4-docs.s3.amazonaws.com\/wp-content\/uploads\/2024\/12\/06101253\/Ice_Age_2_1-1920x1080-1-1536x864.jpg 1536w, https:\/\/tg4-docs.s3.amazonaws.com\/wp-content\/uploads\/2024\/12\/06101253\/Ice_Age_2_1-1920x1080-1-120x68.jpg 120w\" sizes=\"(max-width: 1920px) 100vw, 1920px\" \/><\/td>\n<\/tr>\n<\/tbody>\n<\/table>\n<p>&nbsp;<\/p>\n<div style=\"position:relative;padding-top:56.25%;\">\n  <iframe src=\"https:\/\/www.youtube.com\/embed\/qN6cfX5PqUA\" frameborder=\"0\" allowfullscreen style=\"position:absolute;top:0;left:0;width:100%;height:100%;\"><\/iframe>\n<\/div>\n<p>&nbsp;<br \/>\nCuirfidh C\u00fala4, an cain\u00e9al Gaeilge at\u00e1 d\u00edrithe go hioml\u00e1n ar leana\u00ed, gliondar ar an lucht f\u00e9achana an s\u00e9as\u00far ceili\u00fartha seo le rogha iontach scann\u00e1n agus cl\u00e1racha speisialta a oireann don teaghlach ar fad. N\u00ed m\u00f3r do theaghlaigh agus don lucht f\u00e9achana \u00f3g araon a bheith ag faire amach do sceideal na bliana seo \u00f3 tharla go beidh measc\u00e1n iontach de bheochana, sc\u00e9ala\u00edocht agus eachtra\u00ed clasaiceacha ann. Is cinnte go dtarraingeoidh sceideal C\u00fala4 d\u2019Aimsir na Nollag aird an lucht f\u00e9achana n\u00edos \u00f3ige, agus \u00e9 l\u00e1n le cl\u00e1racha agus scann\u00e1in a bhfuil duaiseanna buaite acu agus carachtair a bhfuil an-chion againn ar fad orthu.<br \/>\n&nbsp;<br \/>\n&nbsp;<\/p>\n<p><u><strong>Buaicphoint\u00ed an Sceidil:<\/strong><\/u><br \/>\n&nbsp;<\/p>\n<p><strong>O\u00edche Nollag \u2013 an 24 Nollaig<\/strong><br \/>\n&nbsp;<\/p>\n<p>Cloudy With a Chance of Meatballs @ 10:20<br \/>\n<em>An geandr\u00e1ma beochana a bhfuil an-ghean go deo ag daoine air ina dtosa\u00edonn bia ag titim \u00f3n sp\u00e9ir, sc\u00e9al a bhainfidh g\u00e1ire asat agus a ard\u00f3idh do chro\u00ed. Sc\u00e9al aoibhinn a mbainfidh na leana\u00ed agus na daoine f\u00e1sta araon sult as. <\/em><br \/>\n&nbsp;<\/p>\n<p>SpongeBob \u2013 Sp\u00fainse as Uisce @ 18:00<br \/>\n<em>Tiocfaidh SpongeBob SquarePants dochlo\u00edte i dt\u00edr le haghaidh a thabhairt ar fhoghla\u00ed mara. Scann\u00e1n a mbainfear an-chraic go deo as!<\/em><br \/>\n&nbsp;<br \/>\n&nbsp;<\/p>\n<p><strong>L\u00e1 Nollag \u2013 an 25 Nollaig<\/strong><br \/>\n&nbsp;<br \/>\nS\u00e1bh\u00e1lann Buster an Nollaig @ 06:00<br \/>\n<em>Sc\u00e9al taitneamhach ina n-\u00e9ir\u00edonn le laoch cr\u00f3ga an Nollaig a thabhairt sl\u00e1n.<br \/>\nScann\u00e1n a mbainfidh duine ar bith a \u00e9irionn go moch maidin l\u00e1 Nollaig taitneamh as<\/em><br \/>\n&nbsp;<\/p>\n<p>Tabby McTat @ 09:05<br \/>\n<em>Is iad an dream c\u00e9anna a chruthaigh The Gruffalo a thug an sc\u00e9al clasaiceach seo le Julia Donaldson chun f\u00edre, sc\u00e9al cro\u00ed\u00fail faoi chairdeas agus faoi dh\u00fathracht.<\/em><br \/>\n&nbsp;<\/p>\n<p>Tabby McTat (athchraoladh ) @ 31\/12 @ 12:30<br \/>\n&nbsp;<\/p>\n<p>Playmobil: An Scann\u00e1n @ 14:05<br \/>\n<em>L\u00e9im isteach i saol samhla\u00edoch Playmobil, scann\u00e1n \u00e1lainn ina bhfuil carachtair nach nd\u00e9anfar dearmad go deo orthu agus sc\u00e9ala\u00edocht spra\u00ed\u00fail. <\/em><br \/>\n&nbsp;<\/p>\n<p>Angelo, D\u00faisigh, T\u00e1 an Nollag Ann! @ 15:35<br \/>\n<em>Cl\u00e1r cliste agus cruthaitheach speisialta ina mb\u00edonn ar \u00e1r gcairde aghaidh a thabhairt ar eachtra\u00ed aisteacha &#8211; an mbeidh deireadh go deo le hO\u00edche Nollag? <\/em><br \/>\n&nbsp;<\/p>\n<p>Scann\u00e1n: Despicable Me 3 @ 16:45<br \/>\n<em>Casfar a leathch\u00fapla ar Gr\u00fa. Is fearr iontach mealltach \u00e9 Dr\u00fa a chuireann cor nua sa sc\u00e9al iontach seo. <\/em><br \/>\n&nbsp;<br \/>\n&nbsp;<\/p>\n<p><strong>L\u00e1 Fh\u00e9ile Stiof\u00e1in \u2013 an 26 Nollaig<\/strong><br \/>\n&nbsp;<\/p>\n<p>Scann\u00e1n: Dinosaur Train: Adventure Island @ 06:25<br \/>\n<em>Beidh na leana\u00ed \u00f3ga \u00e1balta dul ar eachtra r\u00e9amhstairi\u00fail ina mbainfear spraoi as an bhfoghlaim. <\/em><br \/>\n&nbsp;<\/p>\n<p>Scann\u00e1n: Ice Age 2: The Meltdown @ 13:00<br \/>\n<em>Scoth an scann\u00e1in bheochana ina mbeidh Manny, Sid agus Diego a d\u00e9anamh a mbealadh tr\u00ed dhomhan at\u00e1 athraithe uilig ag an athr\u00fa aer\u00e1ide.<\/em><br \/>\n&nbsp;<\/p>\n<p>SpongeBob SquarePants \u2013 An Scann\u00e1n @ 17:20<br \/>\n<em>Beidh SpongeBob ar ais le neart g\u00e1ire a bhaint as c\u00e1ch agus \u00e9 ag tabhairt faoina ch\u00e9ad eachra chont\u00fairteach eile.<\/em><br \/>\n&nbsp;<br \/>\n&nbsp;<\/p>\n<p><strong>O\u00edche Chinn Bhliana &#038; L\u00e1 Caille<\/strong><br \/>\n&nbsp;<br \/>\nT\u00e1 Muid ag Dul ar Th\u00f3ir B\u00e9ir @ 31\/12 @ 12:00<br \/>\n&nbsp;<\/p>\n<p>Shrek @ 1\/1 @ 17:25<br \/>\n<em>Beidh an gruagach \u00e1lainn ar ais le t\u00fas iontach a chur leis an mbliain nua.<\/em><br \/>\n&nbsp;<\/p>\n<p>Shrek 2 ar an 4\/1 @ 17:25<br \/>\n<em>Scann\u00e1n leantach ar \u00e9irigh thar cionn leis a thugann l\u00e9argas n\u00edos greannmhaire agus n\u00edos cro\u00ed\u00fala ar an gc\u00e9ad scann\u00e1n.<\/em><br \/>\n&nbsp;<br \/>\n&nbsp;<\/p>\n<p><strong>Cl\u00e1racha Iontacha Eile<\/strong><br \/>\n&nbsp;<br \/>\nSmurfs: The Lost Village (25\/12 @ 09:30 &#038; 29\/12 @ 18:15):<br \/>\n<em>Sc\u00e9al dra\u00edocht\u00fail faoi fhionnachtain agus f\u00e9ini\u00falacht.<\/em><br \/>\n&nbsp;<\/p>\n<p>L\u00ed Ban 29\/12 @ 13:15<br \/>\n<em>Bunsc\u00e9al Gaeilge at\u00e1 l\u00e1n le miotaseola\u00edocht agus b\u00e9aloideas. T\u00e1 na cl\u00e1racha ar fad ar f\u00e1il ar C\u00fala4.com<\/em><\/p>\n<p>&nbsp;<\/p>\n","protected":false},"excerpt":{"rendered":"<p>&nbsp; &nbsp; Cuirfidh C\u00fala4, an cain\u00e9al Gaeilge at\u00e1 d\u00edrithe go hioml\u00e1n ar leana\u00ed, gliondar ar an lucht f\u00e9achana an s\u00e9as\u00far ceili\u00fartha seo le rogha iontach scann\u00e1n agus cl\u00e1racha speisialta a oireann don teaghlach ar fad. N\u00ed m\u00f3r do theaghlaigh agus don lucht f\u00e9achana \u00f3g araon a bheith ag faire amach do sceideal na bliana seo [&hellip;]<\/p>\n","protected":false},"author":876,"featured_media":0,"parent":208148,"menu_order":51,"comment_status":"closed","ping_status":"closed","template":"page-templates\/template-pr.php","meta":{"_acf_changed":false,"footnotes":""},"acf":[],"yoast_head":"<!-- This site is optimized with the Yoast SEO plugin v22.6 - https:\/\/yoast.com\/wordpress\/plugins\/seo\/ -->\n<title>Siamsa\u00edocht na Nollag don Teaghlach ar fad: Sceideal Dra\u00edocht\u00fail C\u00fala4 d\u2019Aimsir na Nollag | Preasr\u00e1iteas | TG4<\/title>\n<meta name=\"description\" content=\"Cuirfidh C\u00fala4, an cain\u00e9al Gaeilge at\u00e1 d\u00edrithe go hioml\u00e1n ar leana\u00ed, gliondar ar an lucht f\u00e9achana an s\u00e9as\u00far ceili\u00fartha seo le rogha iontach scann\u00e1n agus cl\u00e1racha speisialta a oireann don teaghlach ar fad.\" \/>\n<meta name=\"robots\" content=\"index, follow, max-snippet:-1, max-image-preview:large, max-video-preview:-1\" \/>\n<meta property=\"og:locale\" content=\"en_US\" \/>\n<meta property=\"og:type\" content=\"article\" \/>\n<meta property=\"og:title\" content=\"Siamsa\u00edocht na Nollag don Teaghlach ar fad: Sceideal Dra\u00edocht\u00fail C\u00fala4 d\u2019Aimsir na Nollag | Preasr\u00e1iteas | TG4\" \/>\n<meta property=\"og:description\" content=\"Cuirfidh C\u00fala4, an cain\u00e9al Gaeilge at\u00e1 d\u00edrithe go hioml\u00e1n ar leana\u00ed, gliondar ar an lucht f\u00e9achana an s\u00e9as\u00far ceili\u00fartha seo le rogha iontach scann\u00e1n agus cl\u00e1racha speisialta a oireann don teaghlach ar fad.\" \/>\n<meta property=\"og:url\" content=\"https:\/\/dev.tg4.ie\/ga\/eolas\/preas\/nuacht-raitis\/2024-2\/siamsaiocht-na-nollag-don-teaghlach-ar-fad-sceideal-draiochtuil-cula4-daimsir-na-nollag\/\" \/>\n<meta property=\"og:site_name\" content=\"TG4\" \/>\n<meta property=\"article:publisher\" content=\"https:\/\/www.facebook.com\/TG4TV\" \/>\n<meta property=\"og:image\" content=\"https:\/\/tg4-docs.s3.amazonaws.com\/wp-content\/uploads\/2024\/12\/06101250\/Tabby_Mc_Tat_1-1920x1080-1.jpg\" \/>\n\t<meta property=\"og:image:width\" content=\"1920\" \/>\n\t<meta property=\"og:image:height\" content=\"1080\" \/>\n\t<meta property=\"og:image:type\" content=\"image\/jpeg\" \/>\n<meta name=\"twitter:card\" content=\"summary_large_image\" \/>\n<meta name=\"twitter:image\" content=\"https:\/\/tg4-docs.s3.amazonaws.com\/wp-content\/uploads\/2024\/12\/06101250\/Tabby_Mc_Tat_1-1920x1080-1.jpg\" \/>\n<meta name=\"twitter:site\" content=\"@TG4TV\" \/>\n<meta name=\"twitter:label1\" content=\"Est. reading time\" \/>\n\t<meta name=\"twitter:data1\" content=\"3 minutes\" \/>\n<script type=\"application\/ld+json\" class=\"yoast-schema-graph\">{\"@context\":\"https:\/\/schema.org\",\"@graph\":[{\"@type\":\"WebPage\",\"@id\":\"https:\/\/dev.tg4.ie\/ga\/eolas\/preas\/nuacht-raitis\/2024-2\/siamsaiocht-na-nollag-don-teaghlach-ar-fad-sceideal-draiochtuil-cula4-daimsir-na-nollag\/\",\"url\":\"https:\/\/dev.tg4.ie\/ga\/eolas\/preas\/nuacht-raitis\/2024-2\/siamsaiocht-na-nollag-don-teaghlach-ar-fad-sceideal-draiochtuil-cula4-daimsir-na-nollag\/\",\"name\":\"Siamsa\u00edocht na Nollag don Teaghlach ar fad: Sceideal Dra\u00edocht\u00fail C\u00fala4 d\u2019Aimsir na Nollag | Preasr\u00e1iteas | TG4\",\"isPartOf\":{\"@id\":\"https:\/\/dev.tg4.ie\/en\/#website\"},\"primaryImageOfPage\":{\"@id\":\"https:\/\/dev.tg4.ie\/ga\/eolas\/preas\/nuacht-raitis\/2024-2\/siamsaiocht-na-nollag-don-teaghlach-ar-fad-sceideal-draiochtuil-cula4-daimsir-na-nollag\/#primaryimage\"},\"image\":{\"@id\":\"https:\/\/dev.tg4.ie\/ga\/eolas\/preas\/nuacht-raitis\/2024-2\/siamsaiocht-na-nollag-don-teaghlach-ar-fad-sceideal-draiochtuil-cula4-daimsir-na-nollag\/#primaryimage\"},\"thumbnailUrl\":\"https:\/\/dev.tg4.ie\/wp-content\/uploads\/2024\/12\/Tabby_Mc_Tat_1-1920x1080-1.jpg\",\"datePublished\":\"2024-12-06T10:29:51+00:00\",\"dateModified\":\"2024-12-06T10:29:51+00:00\",\"description\":\"Cuirfidh C\u00fala4, an cain\u00e9al Gaeilge at\u00e1 d\u00edrithe go hioml\u00e1n ar leana\u00ed, gliondar ar an lucht f\u00e9achana an s\u00e9as\u00far ceili\u00fartha seo le rogha iontach scann\u00e1n agus cl\u00e1racha speisialta a oireann don teaghlach ar fad.\",\"breadcrumb\":{\"@id\":\"https:\/\/dev.tg4.ie\/ga\/eolas\/preas\/nuacht-raitis\/2024-2\/siamsaiocht-na-nollag-don-teaghlach-ar-fad-sceideal-draiochtuil-cula4-daimsir-na-nollag\/#breadcrumb\"},\"inLanguage\":\"ga\",\"potentialAction\":[{\"@type\":\"ReadAction\",\"target\":[\"https:\/\/dev.tg4.ie\/ga\/eolas\/preas\/nuacht-raitis\/2024-2\/siamsaiocht-na-nollag-don-teaghlach-ar-fad-sceideal-draiochtuil-cula4-daimsir-na-nollag\/\"]}]},{\"@type\":\"ImageObject\",\"inLanguage\":\"ga\",\"@id\":\"https:\/\/dev.tg4.ie\/ga\/eolas\/preas\/nuacht-raitis\/2024-2\/siamsaiocht-na-nollag-don-teaghlach-ar-fad-sceideal-draiochtuil-cula4-daimsir-na-nollag\/#primaryimage\",\"url\":\"https:\/\/dev.tg4.ie\/wp-content\/uploads\/2024\/12\/Tabby_Mc_Tat_1-1920x1080-1.jpg\",\"contentUrl\":\"https:\/\/dev.tg4.ie\/wp-content\/uploads\/2024\/12\/Tabby_Mc_Tat_1-1920x1080-1.jpg\"},{\"@type\":\"BreadcrumbList\",\"@id\":\"https:\/\/dev.tg4.ie\/ga\/eolas\/preas\/nuacht-raitis\/2024-2\/siamsaiocht-na-nollag-don-teaghlach-ar-fad-sceideal-draiochtuil-cula4-daimsir-na-nollag\/#breadcrumb\",\"itemListElement\":[{\"@type\":\"ListItem\",\"position\":1,\"name\":\"Home\",\"item\":\"https:\/\/dev.tg4.ie\/ga\/\"},{\"@type\":\"ListItem\",\"position\":2,\"name\":\"Eolas\",\"item\":\"https:\/\/dev.tg4.ie\/ga\/eolas\/\"},{\"@type\":\"ListItem\",\"position\":3,\"name\":\"Preas\",\"item\":\"https:\/\/dev.tg4.ie\/ga\/eolas\/preas\/\"},{\"@type\":\"ListItem\",\"position\":4,\"name\":\"Nuacht R\u00e1itis\",\"item\":\"https:\/\/dev.tg4.ie\/ga\/eolas\/preas\/nuacht-raitis\/\"},{\"@type\":\"ListItem\",\"position\":5,\"name\":\"2024\",\"item\":\"https:\/\/dev.tg4.ie\/ga\/eolas\/preas\/nuacht-raitis\/2024-2\/\"},{\"@type\":\"ListItem\",\"position\":6,\"name\":\"Siamsa\u00edocht na Nollag don Teaghlach ar fad: Sceideal Dra\u00edocht\u00fail C\u00fala4 d\u2019Aimsir na Nollag\"}]},{\"@type\":\"WebSite\",\"@id\":\"https:\/\/dev.tg4.ie\/en\/#website\",\"url\":\"https:\/\/dev.tg4.ie\/en\/\",\"name\":\"TG4\",\"description\":\"S\u00fail Eile\",\"potentialAction\":[{\"@type\":\"SearchAction\",\"target\":{\"@type\":\"EntryPoint\",\"urlTemplate\":\"https:\/\/dev.tg4.ie\/en\/?s={search_term_string}\"},\"query-input\":\"required name=search_term_string\"}],\"inLanguage\":\"ga\"}]}<\/script>\n<!-- \/ Yoast SEO plugin. -->","yoast_head_json":{"title":"Siamsa\u00edocht na Nollag don Teaghlach ar fad: Sceideal Dra\u00edocht\u00fail C\u00fala4 d\u2019Aimsir na Nollag | Preasr\u00e1iteas | TG4","description":"Cuirfidh C\u00fala4, an cain\u00e9al Gaeilge at\u00e1 d\u00edrithe go hioml\u00e1n ar leana\u00ed, gliondar ar an lucht f\u00e9achana an s\u00e9as\u00far ceili\u00fartha seo le rogha iontach scann\u00e1n agus cl\u00e1racha speisialta a oireann don teaghlach ar fad.","robots":{"index":"index","follow":"follow","max-snippet":"max-snippet:-1","max-image-preview":"max-image-preview:large","max-video-preview":"max-video-preview:-1"},"og_locale":"en_US","og_type":"article","og_title":"Siamsa\u00edocht na Nollag don Teaghlach ar fad: Sceideal Dra\u00edocht\u00fail C\u00fala4 d\u2019Aimsir na Nollag | Preasr\u00e1iteas | TG4","og_description":"Cuirfidh C\u00fala4, an cain\u00e9al Gaeilge at\u00e1 d\u00edrithe go hioml\u00e1n ar leana\u00ed, gliondar ar an lucht f\u00e9achana an s\u00e9as\u00far ceili\u00fartha seo le rogha iontach scann\u00e1n agus cl\u00e1racha speisialta a oireann don teaghlach ar fad.","og_url":"https:\/\/dev.tg4.ie\/ga\/eolas\/preas\/nuacht-raitis\/2024-2\/siamsaiocht-na-nollag-don-teaghlach-ar-fad-sceideal-draiochtuil-cula4-daimsir-na-nollag\/","og_site_name":"TG4","article_publisher":"https:\/\/www.facebook.com\/TG4TV","og_image":[{"width":1920,"height":1080,"url":"https:\/\/tg4-docs.s3.amazonaws.com\/wp-content\/uploads\/2024\/12\/06101250\/Tabby_Mc_Tat_1-1920x1080-1.jpg","type":"image\/jpeg"}],"twitter_card":"summary_large_image","twitter_image":"https:\/\/tg4-docs.s3.amazonaws.com\/wp-content\/uploads\/2024\/12\/06101250\/Tabby_Mc_Tat_1-1920x1080-1.jpg","twitter_site":"@TG4TV","twitter_misc":{"Est. reading time":"3 minutes"},"schema":{"@context":"https:\/\/schema.org","@graph":[{"@type":"WebPage","@id":"https:\/\/dev.tg4.ie\/ga\/eolas\/preas\/nuacht-raitis\/2024-2\/siamsaiocht-na-nollag-don-teaghlach-ar-fad-sceideal-draiochtuil-cula4-daimsir-na-nollag\/","url":"https:\/\/dev.tg4.ie\/ga\/eolas\/preas\/nuacht-raitis\/2024-2\/siamsaiocht-na-nollag-don-teaghlach-ar-fad-sceideal-draiochtuil-cula4-daimsir-na-nollag\/","name":"Siamsa\u00edocht na Nollag don Teaghlach ar fad: Sceideal Dra\u00edocht\u00fail C\u00fala4 d\u2019Aimsir na Nollag | Preasr\u00e1iteas | TG4","isPartOf":{"@id":"https:\/\/dev.tg4.ie\/en\/#website"},"primaryImageOfPage":{"@id":"https:\/\/dev.tg4.ie\/ga\/eolas\/preas\/nuacht-raitis\/2024-2\/siamsaiocht-na-nollag-don-teaghlach-ar-fad-sceideal-draiochtuil-cula4-daimsir-na-nollag\/#primaryimage"},"image":{"@id":"https:\/\/dev.tg4.ie\/ga\/eolas\/preas\/nuacht-raitis\/2024-2\/siamsaiocht-na-nollag-don-teaghlach-ar-fad-sceideal-draiochtuil-cula4-daimsir-na-nollag\/#primaryimage"},"thumbnailUrl":"https:\/\/dev.tg4.ie\/wp-content\/uploads\/2024\/12\/Tabby_Mc_Tat_1-1920x1080-1.jpg","datePublished":"2024-12-06T10:29:51+00:00","dateModified":"2024-12-06T10:29:51+00:00","description":"Cuirfidh C\u00fala4, an cain\u00e9al Gaeilge at\u00e1 d\u00edrithe go hioml\u00e1n ar leana\u00ed, gliondar ar an lucht f\u00e9achana an s\u00e9as\u00far ceili\u00fartha seo le rogha iontach scann\u00e1n agus cl\u00e1racha speisialta a oireann don teaghlach ar fad.","breadcrumb":{"@id":"https:\/\/dev.tg4.ie\/ga\/eolas\/preas\/nuacht-raitis\/2024-2\/siamsaiocht-na-nollag-don-teaghlach-ar-fad-sceideal-draiochtuil-cula4-daimsir-na-nollag\/#breadcrumb"},"inLanguage":"ga","potentialAction":[{"@type":"ReadAction","target":["https:\/\/dev.tg4.ie\/ga\/eolas\/preas\/nuacht-raitis\/2024-2\/siamsaiocht-na-nollag-don-teaghlach-ar-fad-sceideal-draiochtuil-cula4-daimsir-na-nollag\/"]}]},{"@type":"ImageObject","inLanguage":"ga","@id":"https:\/\/dev.tg4.ie\/ga\/eolas\/preas\/nuacht-raitis\/2024-2\/siamsaiocht-na-nollag-don-teaghlach-ar-fad-sceideal-draiochtuil-cula4-daimsir-na-nollag\/#primaryimage","url":"https:\/\/dev.tg4.ie\/wp-content\/uploads\/2024\/12\/Tabby_Mc_Tat_1-1920x1080-1.jpg","contentUrl":"https:\/\/dev.tg4.ie\/wp-content\/uploads\/2024\/12\/Tabby_Mc_Tat_1-1920x1080-1.jpg"},{"@type":"BreadcrumbList","@id":"https:\/\/dev.tg4.ie\/ga\/eolas\/preas\/nuacht-raitis\/2024-2\/siamsaiocht-na-nollag-don-teaghlach-ar-fad-sceideal-draiochtuil-cula4-daimsir-na-nollag\/#breadcrumb","itemListElement":[{"@type":"ListItem","position":1,"name":"Home","item":"https:\/\/dev.tg4.ie\/ga\/"},{"@type":"ListItem","position":2,"name":"Eolas","item":"https:\/\/dev.tg4.ie\/ga\/eolas\/"},{"@type":"ListItem","position":3,"name":"Preas","item":"https:\/\/dev.tg4.ie\/ga\/eolas\/preas\/"},{"@type":"ListItem","position":4,"name":"Nuacht R\u00e1itis","item":"https:\/\/dev.tg4.ie\/ga\/eolas\/preas\/nuacht-raitis\/"},{"@type":"ListItem","position":5,"name":"2024","item":"https:\/\/dev.tg4.ie\/ga\/eolas\/preas\/nuacht-raitis\/2024-2\/"},{"@type":"ListItem","position":6,"name":"Siamsa\u00edocht na Nollag don Teaghlach ar fad: Sceideal Dra\u00edocht\u00fail C\u00fala4 d\u2019Aimsir na Nollag"}]},{"@type":"WebSite","@id":"https:\/\/dev.tg4.ie\/en\/#website","url":"https:\/\/dev.tg4.ie\/en\/","name":"TG4","description":"S\u00fail Eile","potentialAction":[{"@type":"SearchAction","target":{"@type":"EntryPoint","urlTemplate":"https:\/\/dev.tg4.ie\/en\/?s={search_term_string}"},"query-input":"required name=search_term_string"}],"inLanguage":"ga"}]}},"_links":{"self":[{"href":"https:\/\/dev.tg4.ie\/ga\/wp-json\/wp\/v2\/pages\/235782"}],"collection":[{"href":"https:\/\/dev.tg4.ie\/ga\/wp-json\/wp\/v2\/pages"}],"about":[{"href":"https:\/\/dev.tg4.ie\/ga\/wp-json\/wp\/v2\/types\/page"}],"author":[{"embeddable":true,"href":"https:\/\/dev.tg4.ie\/ga\/wp-json\/wp\/v2\/users\/876"}],"replies":[{"embeddable":true,"href":"https:\/\/dev.tg4.ie\/ga\/wp-json\/wp\/v2\/comments?post=235782"}],"version-history":[{"count":0,"href":"https:\/\/dev.tg4.ie\/ga\/wp-json\/wp\/v2\/pages\/235782\/revisions"}],"up":[{"embeddable":true,"href":"https:\/\/dev.tg4.ie\/ga\/wp-json\/wp\/v2\/pages\/208148"}],"wp:attachment":[{"href":"https:\/\/dev.tg4.ie\/ga\/wp-json\/wp\/v2\/media?parent=235782"}],"curies":[{"name":"wp","href":"https:\/\/api.w.org\/{rel}","templated":true}]}}