{"id":235906,"date":"2024-12-10T14:47:14","date_gmt":"2024-12-10T14:47:14","guid":{"rendered":"https:\/\/dev.tg4.ie\/?page_id=235906"},"modified":"2024-12-10T14:47:14","modified_gmt":"2024-12-10T14:47:14","slug":"feirin-spoirt-le-bronnadh-ag-tg4-an-nollaig-seo","status":"publish","type":"page","link":"https:\/\/dev.tg4.ie\/ga\/eolas\/preas\/nuacht-raitis\/2024-2\/feirin-spoirt-le-bronnadh-ag-tg4-an-nollaig-seo\/","title":{"rendered":"F\u00e9ir\u00edn Sp\u00f3irt le Bronnadh ag TG4 an Nollaig Seo"},"content":{"rendered":"<table>\n<tbody>\n<tr>\n<td width=\"100%\"><img loading=\"lazy\" decoding=\"async\" width=\"1920\" height=\"1080\" class=\"aligncenter size-full wp-image-235908\" src=\"https:\/\/tg4-docs.s3.amazonaws.com\/wp-content\/uploads\/2024\/12\/10143802\/Laighin_v_Mumha_Nollaig24_1-1920x1080-1.jpg\" alt=\"\" srcset=\"https:\/\/tg4-docs.s3.amazonaws.com\/wp-content\/uploads\/2024\/12\/10143802\/Laighin_v_Mumha_Nollaig24_1-1920x1080-1.jpg 1920w, https:\/\/tg4-docs.s3.amazonaws.com\/wp-content\/uploads\/2024\/12\/10143802\/Laighin_v_Mumha_Nollaig24_1-1920x1080-1-250x141.jpg 250w, https:\/\/tg4-docs.s3.amazonaws.com\/wp-content\/uploads\/2024\/12\/10143802\/Laighin_v_Mumha_Nollaig24_1-1920x1080-1-700x394.jpg 700w, https:\/\/tg4-docs.s3.amazonaws.com\/wp-content\/uploads\/2024\/12\/10143802\/Laighin_v_Mumha_Nollaig24_1-1920x1080-1-252x141.jpg 252w, https:\/\/tg4-docs.s3.amazonaws.com\/wp-content\/uploads\/2024\/12\/10143802\/Laighin_v_Mumha_Nollaig24_1-1920x1080-1-1536x864.jpg 1536w, https:\/\/tg4-docs.s3.amazonaws.com\/wp-content\/uploads\/2024\/12\/10143802\/Laighin_v_Mumha_Nollaig24_1-1920x1080-1-120x68.jpg 120w\" sizes=\"(max-width: 1920px) 100vw, 1920px\" \/><\/td>\n<\/tr>\n<\/tbody>\n<\/table>\n<p>&nbsp;<\/p>\n<p data-olk-copy-source=\"MessageBody\">Cuirfidh TG4 sceideal ollmh\u00f3r den sp\u00f3rt beo ar f\u00e1il aimsir na Nollag, agus is f\u00e9idir le lucht sp\u00e9ise Rugba\u00ed, CLG agus Pheil na mBan a bheith cinnte de nach gcaillfidh siad n\u00f3im\u00e9ad de. \u00d3 chluich\u00ed m\u00f3ra deacra i gCraobhchom\u00f3rtas an Rugba\u00ed Aontaithe go dt\u00ed cluich\u00ed teasa\u00ed i gCraobhacha na gClubanna AIB, is \u00e9 TG4 f\u00f3s pr\u00edomhbhaile an sp\u00f3irt bheo i rith aimsir na Nollag.<\/p>\n<p aria-hidden=\"true\">\n<p>&nbsp;<br \/>\n<strong><u><span>An Craobhchom\u00f3rtas Rugba\u00ed Aontaithe<\/span><\/u><\/strong><\/p>\n<p>Cuirfidh TG4 t\u00fas leis an gcl\u00fadach seo le c\u00faig chluiche bheo URC. L\u00e9ireofar an choimhlint mh\u00f3r idir na c\u00faig\u00ed mar aon le dearbhaithe den scoth le s\u00e1rfhoirne na hAfraice Theas.<\/p>\n<p><strong><span>\u2022\u00a0 \u00a0\u00a020 Nollaig: C\u00faige Mumhan v C\u00faige Uladh<\/span><\/strong><\/p>\n<p>\u2022\u00a0 \u00a0\u00a0<strong><span>21 Nollaig:<\/span><\/strong><span>\u00a0<\/span>Dh\u00e1 Chluiche i nDearba\u00ed na hAfaice Theas: Stormers v Lions \/ Sharks v Bulls<\/p>\n<p>\u2022\u00a0 \u00a0\u00a0<strong><span>27 Nollaig:\u00a0C\u00faige Mumhan v C\u00faige Laighean<\/span><\/strong><span>\u00a0<\/span>&#8211; cluiche cinni\u00fanach sh\u00e9as\u00far na Nollag n\u00e1r cheart a chailleadh<\/p>\n<p>\u2022\u00a0 \u00a0\u00a0<strong><span>28 Nollaig:<\/span><\/strong><span>\u00a0<\/span>Stormers v Sharks<\/p>\n<p>Cib\u00e9 m\u00e1s cluich\u00ed idir foirne na h\u00c9ireann n\u00f3 idir s\u00e1rfhoirne idirn\u00e1is\u00fanta at\u00e1 uait, beidh rogha bre\u00e1 againn do lucht leanta URC.<\/p>\n<p aria-hidden=\"true\">\n<p>&nbsp;<br \/>\n<strong><u><span>Craobhchom\u00f3rtais CLG na gClubanna AIB<\/span><\/u><\/strong><\/p>\n<p>Agus na babhta\u00ed leathcheannais ag teannadh linn i gCraobhchom\u00f3rtas Iom\u00e1na AIB, craolfaidh TG4 dh\u00e1 chluiche iom\u00e1na den scoth i gCraobh na Sinsear beo an<span>\u00a0<\/span><strong><span>15 Nollaig<\/span><\/strong>:<\/p>\n<p>\u2022\u00a0 \u00a0\u00a0<strong><span>Sleacht N\u00e9ill<\/span><\/strong><span>\u00a0<\/span>(Doire) v<span>\u00a0<\/span><strong><span>Na S\u00e1irs\u00e9alaigh<\/span><\/strong><span>\u00a0<\/span>(Corcaigh)<\/p>\n<p>\u2022\u00a0 \u00a0\u00a0<strong><span>Na Fianna<\/span><\/strong><span>\u00a0<\/span>(\u00c1th Cliath) v<span>\u00a0<\/span><strong><span>Baile Locha Riach<\/span><\/strong><span>\u00a0<\/span>(Gaillimh)<\/p>\n<p>D\u00e9anfar na cluich\u00ed leathcheannais go l\u00e9ir sa tSraith S\u00f3isear agus sa tSraith Idirmhe\u00e1nach a shruth\u00fa beo freisin ar chain\u00e9al YouTube Sp\u00f3rt TG4 an deireadh seachtaine sin.<\/p>\n<p aria-hidden=\"true\">\n<p>Beidh na cluich\u00ed leathcheannais sa Pheil Ghaelach i l\u00e1r an aonaigh an<span>\u00a0<\/span><strong><span>5 Ean\u00e1ir<\/span><\/strong>, ina measc:<\/p>\n<p>\u2022\u00a0 \u00a0<strong><span>Cuala<\/span><\/strong><span>\u00a0<\/span>(\u00c1th Cliath) v<span>\u00a0<\/span><strong><span>C\u00fail Irra\/An Leathros<\/span><\/strong><span>\u00a0<\/span>(Sligeach)<\/p>\n<p>\u2022\u00a0 \u00a0<strong><span>Na Cr\u00f3caigh<\/span><\/strong><span>\u00a0<\/span>(Ciarra\u00ed) v<span>\u00a0<\/span><strong><span>Aireagal Chiar\u00e1in<\/span><\/strong><span>\u00a0<\/span>(T\u00edr Eoghain)<\/p>\n<p>Beidh na cluich\u00ed leathcheannais Peile sa tSraith S\u00f3isear agus sa tSraith Idirmhe\u00e1nach \u00e1 gcraoladh beo ar YouTube Sp\u00f3rt TG4.<\/p>\n<p aria-hidden=\"true\">\n<p>&nbsp;<br \/>\n<strong><u><span>Cluich\u00ed Ceannais Pheil na mBan AIB<\/span><\/u><\/strong><\/p>\n<p>Leanann TG4 de bheith tiomanta do Pheil na mBan le craoladh beo le d\u00e9anamh ar thr\u00ed chluiche ceannais na gclubanna.<\/p>\n<p>\u2022\u00a0 \u00a0\u00a0<strong><span>14 Nollaig<\/span><\/strong>: Na Sinsir &#8211;<span>\u00a0<\/span><strong><span>Cill Choir\u00edn Cluain Bheirn<\/span><\/strong><span>\u00a0<\/span>(Gaillimh) v<span>\u00a0<\/span><strong><span>Cill Mochuda Na Cr\u00f3caigh<\/span><\/strong><span>\u00a0<\/span>(\u00c1th Cliath)<\/p>\n<p><strong><span>\u2022\u00a0 \u00a0\u00a014 Nollaig:\u00a0<\/span><\/strong>Idirmhe\u00e1nach &#8211;<span>\u00a0<\/span><strong><span>Eanach Dh\u00fain<\/span><\/strong><span>\u00a0<\/span>(Gaillimh) v<span>\u00a0<\/span><strong><span>Binn an Choire\/Tigh an R\u00e9ile\u00e1in<\/span><\/strong><span>\u00a0<\/span>(Ceatharlach)<\/p>\n<p>\u2022\u00a0 \u00a0\u00a0<strong><span>15 Nollaig<\/span><\/strong>: Na S\u00f3isir ar YouTube Sp\u00f3rt TG4 &#8211;<span>\u00a0<\/span><strong><span>Mungairit Naomh P\u00f3l<\/span><\/strong><span>\u00a0<\/span>(Luimneach) v<span>\u00a0<\/span><strong><span>Na D\u00fanaibh<\/span><\/strong><span>\u00a0<\/span>(D\u00fan na nGall)<\/p>\n<p aria-hidden=\"true\">\n<p>&nbsp;<br \/>\nIs \u00e9 TG4 an \u00e1it is fearr don sp\u00f3rt beo an Nollaig seo agus beidh gach cic, cluiche agus \u00fad \u00e1 gcraoladh againn idir an cain\u00e9al teifif\u00edse agus na hard\u00e1in ar l\u00edne.<\/p>\n<p aria-hidden=\"true\">\n<p>&nbsp;<br \/>\n<em><span>N\u00e1 c\u00e1il aon chuid de chluich\u00ed m\u00f3ra na Nollag &#8211; a bheidh \u00e1 gcraoladh beo ar TG4!<\/span><\/em><br \/>\n&nbsp;<\/p>\n","protected":false},"excerpt":{"rendered":"<p>&nbsp; Cuirfidh TG4 sceideal ollmh\u00f3r den sp\u00f3rt beo ar f\u00e1il aimsir na Nollag, agus is f\u00e9idir le lucht sp\u00e9ise Rugba\u00ed, CLG agus Pheil na mBan a bheith cinnte de nach gcaillfidh siad n\u00f3im\u00e9ad de. \u00d3 chluich\u00ed m\u00f3ra deacra i gCraobhchom\u00f3rtas an Rugba\u00ed Aontaithe go dt\u00ed cluich\u00ed teasa\u00ed i gCraobhacha na gClubanna AIB, is \u00e9 TG4 [&hellip;]<\/p>\n","protected":false},"author":876,"featured_media":0,"parent":208148,"menu_order":52,"comment_status":"closed","ping_status":"closed","template":"page-templates\/template-pr.php","meta":{"_acf_changed":false,"footnotes":""},"acf":[],"yoast_head":"<!-- This site is optimized with the Yoast SEO plugin v22.6 - https:\/\/yoast.com\/wordpress\/plugins\/seo\/ -->\n<title>F\u00e9ir\u00edn Sp\u00f3irt le Bronnadh ag TG4 an Nollaig Seo | Preasr\u00e1iteas | TG4<\/title>\n<meta name=\"description\" content=\"Cuirfidh TG4 sceideal ollmh\u00f3r den sp\u00f3rt beo ar f\u00e1il aimsir na Nollag, agus is f\u00e9idir le lucht sp\u00e9ise Rugba\u00ed, CLG agus Pheil na mBan a bheith cinnte de nach gcaillfidh siad n\u00f3im\u00e9ad de.\" \/>\n<meta name=\"robots\" content=\"index, follow, max-snippet:-1, max-image-preview:large, max-video-preview:-1\" \/>\n<meta property=\"og:locale\" content=\"en_US\" \/>\n<meta property=\"og:type\" content=\"article\" \/>\n<meta property=\"og:title\" content=\"F\u00e9ir\u00edn Sp\u00f3irt le Bronnadh ag TG4 an Nollaig Seo | Preasr\u00e1iteas | TG4\" \/>\n<meta property=\"og:description\" content=\"Cuirfidh TG4 sceideal ollmh\u00f3r den sp\u00f3rt beo ar f\u00e1il aimsir na Nollag, agus is f\u00e9idir le lucht sp\u00e9ise Rugba\u00ed, CLG agus Pheil na mBan a bheith cinnte de nach gcaillfidh siad n\u00f3im\u00e9ad de.\" \/>\n<meta property=\"og:url\" content=\"https:\/\/dev.tg4.ie\/ga\/eolas\/preas\/nuacht-raitis\/2024-2\/feirin-spoirt-le-bronnadh-ag-tg4-an-nollaig-seo\/\" \/>\n<meta property=\"og:site_name\" content=\"TG4\" \/>\n<meta property=\"article:publisher\" content=\"https:\/\/www.facebook.com\/TG4TV\" \/>\n<meta property=\"og:image\" content=\"https:\/\/tg4-docs.s3.amazonaws.com\/wp-content\/uploads\/2024\/12\/10143802\/Laighin_v_Mumha_Nollaig24_1-1920x1080-1.jpg\" \/>\n\t<meta property=\"og:image:width\" content=\"1920\" \/>\n\t<meta property=\"og:image:height\" content=\"1080\" \/>\n\t<meta property=\"og:image:type\" content=\"image\/jpeg\" \/>\n<meta name=\"twitter:card\" content=\"summary_large_image\" \/>\n<meta name=\"twitter:image\" content=\"https:\/\/tg4-docs.s3.amazonaws.com\/wp-content\/uploads\/2024\/12\/10143802\/Laighin_v_Mumha_Nollaig24_1-1920x1080-1.jpg\" \/>\n<meta name=\"twitter:site\" content=\"@TG4TV\" \/>\n<meta name=\"twitter:label1\" content=\"Est. reading time\" \/>\n\t<meta name=\"twitter:data1\" content=\"3 minutes\" \/>\n<script type=\"application\/ld+json\" class=\"yoast-schema-graph\">{\"@context\":\"https:\/\/schema.org\",\"@graph\":[{\"@type\":\"WebPage\",\"@id\":\"https:\/\/dev.tg4.ie\/ga\/eolas\/preas\/nuacht-raitis\/2024-2\/feirin-spoirt-le-bronnadh-ag-tg4-an-nollaig-seo\/\",\"url\":\"https:\/\/dev.tg4.ie\/ga\/eolas\/preas\/nuacht-raitis\/2024-2\/feirin-spoirt-le-bronnadh-ag-tg4-an-nollaig-seo\/\",\"name\":\"F\u00e9ir\u00edn Sp\u00f3irt le Bronnadh ag TG4 an Nollaig Seo | Preasr\u00e1iteas | TG4\",\"isPartOf\":{\"@id\":\"https:\/\/dev.tg4.ie\/en\/#website\"},\"primaryImageOfPage\":{\"@id\":\"https:\/\/dev.tg4.ie\/ga\/eolas\/preas\/nuacht-raitis\/2024-2\/feirin-spoirt-le-bronnadh-ag-tg4-an-nollaig-seo\/#primaryimage\"},\"image\":{\"@id\":\"https:\/\/dev.tg4.ie\/ga\/eolas\/preas\/nuacht-raitis\/2024-2\/feirin-spoirt-le-bronnadh-ag-tg4-an-nollaig-seo\/#primaryimage\"},\"thumbnailUrl\":\"https:\/\/dev.tg4.ie\/wp-content\/uploads\/2024\/12\/Laighin_v_Mumha_Nollaig24_1-1920x1080-1.jpg\",\"datePublished\":\"2024-12-10T14:47:14+00:00\",\"dateModified\":\"2024-12-10T14:47:14+00:00\",\"description\":\"Cuirfidh TG4 sceideal ollmh\u00f3r den sp\u00f3rt beo ar f\u00e1il aimsir na Nollag, agus is f\u00e9idir le lucht sp\u00e9ise Rugba\u00ed, CLG agus Pheil na mBan a bheith cinnte de nach gcaillfidh siad n\u00f3im\u00e9ad de.\",\"breadcrumb\":{\"@id\":\"https:\/\/dev.tg4.ie\/ga\/eolas\/preas\/nuacht-raitis\/2024-2\/feirin-spoirt-le-bronnadh-ag-tg4-an-nollaig-seo\/#breadcrumb\"},\"inLanguage\":\"ga\",\"potentialAction\":[{\"@type\":\"ReadAction\",\"target\":[\"https:\/\/dev.tg4.ie\/ga\/eolas\/preas\/nuacht-raitis\/2024-2\/feirin-spoirt-le-bronnadh-ag-tg4-an-nollaig-seo\/\"]}]},{\"@type\":\"ImageObject\",\"inLanguage\":\"ga\",\"@id\":\"https:\/\/dev.tg4.ie\/ga\/eolas\/preas\/nuacht-raitis\/2024-2\/feirin-spoirt-le-bronnadh-ag-tg4-an-nollaig-seo\/#primaryimage\",\"url\":\"https:\/\/dev.tg4.ie\/wp-content\/uploads\/2024\/12\/Laighin_v_Mumha_Nollaig24_1-1920x1080-1.jpg\",\"contentUrl\":\"https:\/\/dev.tg4.ie\/wp-content\/uploads\/2024\/12\/Laighin_v_Mumha_Nollaig24_1-1920x1080-1.jpg\"},{\"@type\":\"BreadcrumbList\",\"@id\":\"https:\/\/dev.tg4.ie\/ga\/eolas\/preas\/nuacht-raitis\/2024-2\/feirin-spoirt-le-bronnadh-ag-tg4-an-nollaig-seo\/#breadcrumb\",\"itemListElement\":[{\"@type\":\"ListItem\",\"position\":1,\"name\":\"Home\",\"item\":\"https:\/\/dev.tg4.ie\/ga\/\"},{\"@type\":\"ListItem\",\"position\":2,\"name\":\"Eolas\",\"item\":\"https:\/\/dev.tg4.ie\/ga\/eolas\/\"},{\"@type\":\"ListItem\",\"position\":3,\"name\":\"Preas\",\"item\":\"https:\/\/dev.tg4.ie\/ga\/eolas\/preas\/\"},{\"@type\":\"ListItem\",\"position\":4,\"name\":\"Nuacht R\u00e1itis\",\"item\":\"https:\/\/dev.tg4.ie\/ga\/eolas\/preas\/nuacht-raitis\/\"},{\"@type\":\"ListItem\",\"position\":5,\"name\":\"2024\",\"item\":\"https:\/\/dev.tg4.ie\/ga\/eolas\/preas\/nuacht-raitis\/2024-2\/\"},{\"@type\":\"ListItem\",\"position\":6,\"name\":\"F\u00e9ir\u00edn Sp\u00f3irt le Bronnadh ag TG4 an Nollaig Seo\"}]},{\"@type\":\"WebSite\",\"@id\":\"https:\/\/dev.tg4.ie\/en\/#website\",\"url\":\"https:\/\/dev.tg4.ie\/en\/\",\"name\":\"TG4\",\"description\":\"S\u00fail Eile\",\"potentialAction\":[{\"@type\":\"SearchAction\",\"target\":{\"@type\":\"EntryPoint\",\"urlTemplate\":\"https:\/\/dev.tg4.ie\/en\/?s={search_term_string}\"},\"query-input\":\"required name=search_term_string\"}],\"inLanguage\":\"ga\"}]}<\/script>\n<!-- \/ Yoast SEO plugin. -->","yoast_head_json":{"title":"F\u00e9ir\u00edn Sp\u00f3irt le Bronnadh ag TG4 an Nollaig Seo | Preasr\u00e1iteas | TG4","description":"Cuirfidh TG4 sceideal ollmh\u00f3r den sp\u00f3rt beo ar f\u00e1il aimsir na Nollag, agus is f\u00e9idir le lucht sp\u00e9ise Rugba\u00ed, CLG agus Pheil na mBan a bheith cinnte de nach gcaillfidh siad n\u00f3im\u00e9ad de.","robots":{"index":"index","follow":"follow","max-snippet":"max-snippet:-1","max-image-preview":"max-image-preview:large","max-video-preview":"max-video-preview:-1"},"og_locale":"en_US","og_type":"article","og_title":"F\u00e9ir\u00edn Sp\u00f3irt le Bronnadh ag TG4 an Nollaig Seo | Preasr\u00e1iteas | TG4","og_description":"Cuirfidh TG4 sceideal ollmh\u00f3r den sp\u00f3rt beo ar f\u00e1il aimsir na Nollag, agus is f\u00e9idir le lucht sp\u00e9ise Rugba\u00ed, CLG agus Pheil na mBan a bheith cinnte de nach gcaillfidh siad n\u00f3im\u00e9ad de.","og_url":"https:\/\/dev.tg4.ie\/ga\/eolas\/preas\/nuacht-raitis\/2024-2\/feirin-spoirt-le-bronnadh-ag-tg4-an-nollaig-seo\/","og_site_name":"TG4","article_publisher":"https:\/\/www.facebook.com\/TG4TV","og_image":[{"width":1920,"height":1080,"url":"https:\/\/tg4-docs.s3.amazonaws.com\/wp-content\/uploads\/2024\/12\/10143802\/Laighin_v_Mumha_Nollaig24_1-1920x1080-1.jpg","type":"image\/jpeg"}],"twitter_card":"summary_large_image","twitter_image":"https:\/\/tg4-docs.s3.amazonaws.com\/wp-content\/uploads\/2024\/12\/10143802\/Laighin_v_Mumha_Nollaig24_1-1920x1080-1.jpg","twitter_site":"@TG4TV","twitter_misc":{"Est. reading time":"3 minutes"},"schema":{"@context":"https:\/\/schema.org","@graph":[{"@type":"WebPage","@id":"https:\/\/dev.tg4.ie\/ga\/eolas\/preas\/nuacht-raitis\/2024-2\/feirin-spoirt-le-bronnadh-ag-tg4-an-nollaig-seo\/","url":"https:\/\/dev.tg4.ie\/ga\/eolas\/preas\/nuacht-raitis\/2024-2\/feirin-spoirt-le-bronnadh-ag-tg4-an-nollaig-seo\/","name":"F\u00e9ir\u00edn Sp\u00f3irt le Bronnadh ag TG4 an Nollaig Seo | Preasr\u00e1iteas | TG4","isPartOf":{"@id":"https:\/\/dev.tg4.ie\/en\/#website"},"primaryImageOfPage":{"@id":"https:\/\/dev.tg4.ie\/ga\/eolas\/preas\/nuacht-raitis\/2024-2\/feirin-spoirt-le-bronnadh-ag-tg4-an-nollaig-seo\/#primaryimage"},"image":{"@id":"https:\/\/dev.tg4.ie\/ga\/eolas\/preas\/nuacht-raitis\/2024-2\/feirin-spoirt-le-bronnadh-ag-tg4-an-nollaig-seo\/#primaryimage"},"thumbnailUrl":"https:\/\/dev.tg4.ie\/wp-content\/uploads\/2024\/12\/Laighin_v_Mumha_Nollaig24_1-1920x1080-1.jpg","datePublished":"2024-12-10T14:47:14+00:00","dateModified":"2024-12-10T14:47:14+00:00","description":"Cuirfidh TG4 sceideal ollmh\u00f3r den sp\u00f3rt beo ar f\u00e1il aimsir na Nollag, agus is f\u00e9idir le lucht sp\u00e9ise Rugba\u00ed, CLG agus Pheil na mBan a bheith cinnte de nach gcaillfidh siad n\u00f3im\u00e9ad de.","breadcrumb":{"@id":"https:\/\/dev.tg4.ie\/ga\/eolas\/preas\/nuacht-raitis\/2024-2\/feirin-spoirt-le-bronnadh-ag-tg4-an-nollaig-seo\/#breadcrumb"},"inLanguage":"ga","potentialAction":[{"@type":"ReadAction","target":["https:\/\/dev.tg4.ie\/ga\/eolas\/preas\/nuacht-raitis\/2024-2\/feirin-spoirt-le-bronnadh-ag-tg4-an-nollaig-seo\/"]}]},{"@type":"ImageObject","inLanguage":"ga","@id":"https:\/\/dev.tg4.ie\/ga\/eolas\/preas\/nuacht-raitis\/2024-2\/feirin-spoirt-le-bronnadh-ag-tg4-an-nollaig-seo\/#primaryimage","url":"https:\/\/dev.tg4.ie\/wp-content\/uploads\/2024\/12\/Laighin_v_Mumha_Nollaig24_1-1920x1080-1.jpg","contentUrl":"https:\/\/dev.tg4.ie\/wp-content\/uploads\/2024\/12\/Laighin_v_Mumha_Nollaig24_1-1920x1080-1.jpg"},{"@type":"BreadcrumbList","@id":"https:\/\/dev.tg4.ie\/ga\/eolas\/preas\/nuacht-raitis\/2024-2\/feirin-spoirt-le-bronnadh-ag-tg4-an-nollaig-seo\/#breadcrumb","itemListElement":[{"@type":"ListItem","position":1,"name":"Home","item":"https:\/\/dev.tg4.ie\/ga\/"},{"@type":"ListItem","position":2,"name":"Eolas","item":"https:\/\/dev.tg4.ie\/ga\/eolas\/"},{"@type":"ListItem","position":3,"name":"Preas","item":"https:\/\/dev.tg4.ie\/ga\/eolas\/preas\/"},{"@type":"ListItem","position":4,"name":"Nuacht R\u00e1itis","item":"https:\/\/dev.tg4.ie\/ga\/eolas\/preas\/nuacht-raitis\/"},{"@type":"ListItem","position":5,"name":"2024","item":"https:\/\/dev.tg4.ie\/ga\/eolas\/preas\/nuacht-raitis\/2024-2\/"},{"@type":"ListItem","position":6,"name":"F\u00e9ir\u00edn Sp\u00f3irt le Bronnadh ag TG4 an Nollaig Seo"}]},{"@type":"WebSite","@id":"https:\/\/dev.tg4.ie\/en\/#website","url":"https:\/\/dev.tg4.ie\/en\/","name":"TG4","description":"S\u00fail Eile","potentialAction":[{"@type":"SearchAction","target":{"@type":"EntryPoint","urlTemplate":"https:\/\/dev.tg4.ie\/en\/?s={search_term_string}"},"query-input":"required name=search_term_string"}],"inLanguage":"ga"}]}},"_links":{"self":[{"href":"https:\/\/dev.tg4.ie\/ga\/wp-json\/wp\/v2\/pages\/235906"}],"collection":[{"href":"https:\/\/dev.tg4.ie\/ga\/wp-json\/wp\/v2\/pages"}],"about":[{"href":"https:\/\/dev.tg4.ie\/ga\/wp-json\/wp\/v2\/types\/page"}],"author":[{"embeddable":true,"href":"https:\/\/dev.tg4.ie\/ga\/wp-json\/wp\/v2\/users\/876"}],"replies":[{"embeddable":true,"href":"https:\/\/dev.tg4.ie\/ga\/wp-json\/wp\/v2\/comments?post=235906"}],"version-history":[{"count":0,"href":"https:\/\/dev.tg4.ie\/ga\/wp-json\/wp\/v2\/pages\/235906\/revisions"}],"up":[{"embeddable":true,"href":"https:\/\/dev.tg4.ie\/ga\/wp-json\/wp\/v2\/pages\/208148"}],"wp:attachment":[{"href":"https:\/\/dev.tg4.ie\/ga\/wp-json\/wp\/v2\/media?parent=235906"}],"curies":[{"name":"wp","href":"https:\/\/api.w.org\/{rel}","templated":true}]}}