{"id":235919,"date":"2024-12-10T16:40:11","date_gmt":"2024-12-10T16:40:11","guid":{"rendered":"https:\/\/dev.tg4.ie\/?page_id=235919"},"modified":"2024-12-10T16:40:11","modified_gmt":"2024-12-10T16:40:11","slug":"hit-the-wall-clar-faisneise-nua-faoi-liathroid-laimhe-ar-tg4","status":"publish","type":"page","link":"https:\/\/dev.tg4.ie\/ga\/eolas\/preas\/nuacht-raitis\/2024-2\/hit-the-wall-clar-faisneise-nua-faoi-liathroid-laimhe-ar-tg4\/","title":{"rendered":"\u201cHit the Wall\u201d &#8211; Cl\u00e1r Faisn\u00e9ise Nua faoi Liathr\u00f3id L\u00e1imhe ar TG4"},"content":{"rendered":"<table>\n<tbody>\n<tr>\n<td width=\"50%\"><a href=\"https:\/\/tg4-docs.s3.amazonaws.com\/wp-content\/uploads\/2024\/12\/10163126\/Hit_the_Wall_1-1920x1080-1.jpg\"><img loading=\"lazy\" decoding=\"async\" width=\"1920\" height=\"1080\" src=\"https:\/\/tg4-docs.s3.amazonaws.com\/wp-content\/uploads\/2024\/12\/10163126\/Hit_the_Wall_1-1920x1080-1.jpg\" alt=\"\" class=\"aligncenter size-full wp-image-235921\" srcset=\"https:\/\/tg4-docs.s3.amazonaws.com\/wp-content\/uploads\/2024\/12\/10163126\/Hit_the_Wall_1-1920x1080-1.jpg 1920w, https:\/\/tg4-docs.s3.amazonaws.com\/wp-content\/uploads\/2024\/12\/10163126\/Hit_the_Wall_1-1920x1080-1-250x141.jpg 250w, https:\/\/tg4-docs.s3.amazonaws.com\/wp-content\/uploads\/2024\/12\/10163126\/Hit_the_Wall_1-1920x1080-1-700x394.jpg 700w, https:\/\/tg4-docs.s3.amazonaws.com\/wp-content\/uploads\/2024\/12\/10163126\/Hit_the_Wall_1-1920x1080-1-252x141.jpg 252w, https:\/\/tg4-docs.s3.amazonaws.com\/wp-content\/uploads\/2024\/12\/10163126\/Hit_the_Wall_1-1920x1080-1-1536x864.jpg 1536w, https:\/\/tg4-docs.s3.amazonaws.com\/wp-content\/uploads\/2024\/12\/10163126\/Hit_the_Wall_1-1920x1080-1-120x68.jpg 120w\" sizes=\"(max-width: 1920px) 100vw, 1920px\" \/><\/a><\/td>\n<td width=\"50%\"><a href=\"https:\/\/tg4-docs.s3.amazonaws.com\/wp-content\/uploads\/2024\/12\/10163123\/Hit_the_Wall_2-1920x1080-1.jpg\"><img loading=\"lazy\" decoding=\"async\" width=\"1920\" height=\"1080\" src=\"https:\/\/tg4-docs.s3.amazonaws.com\/wp-content\/uploads\/2024\/12\/10163123\/Hit_the_Wall_2-1920x1080-1.jpg\" alt=\"\" class=\"aligncenter size-full wp-image-235920\" srcset=\"https:\/\/tg4-docs.s3.amazonaws.com\/wp-content\/uploads\/2024\/12\/10163123\/Hit_the_Wall_2-1920x1080-1.jpg 1920w, https:\/\/tg4-docs.s3.amazonaws.com\/wp-content\/uploads\/2024\/12\/10163123\/Hit_the_Wall_2-1920x1080-1-250x141.jpg 250w, https:\/\/tg4-docs.s3.amazonaws.com\/wp-content\/uploads\/2024\/12\/10163123\/Hit_the_Wall_2-1920x1080-1-700x394.jpg 700w, https:\/\/tg4-docs.s3.amazonaws.com\/wp-content\/uploads\/2024\/12\/10163123\/Hit_the_Wall_2-1920x1080-1-252x141.jpg 252w, https:\/\/tg4-docs.s3.amazonaws.com\/wp-content\/uploads\/2024\/12\/10163123\/Hit_the_Wall_2-1920x1080-1-1536x864.jpg 1536w, https:\/\/tg4-docs.s3.amazonaws.com\/wp-content\/uploads\/2024\/12\/10163123\/Hit_the_Wall_2-1920x1080-1-120x68.jpg 120w\" sizes=\"(max-width: 1920px) 100vw, 1920px\" \/><\/a><\/td>\n<\/tr>\n<\/tbody>\n<\/table>\n<p>&nbsp;<br \/>\nT\u00e1 m\u00f3rtas ar TG4 <strong>Hit The Wall<\/strong> a chur i l\u00e1thair, cl\u00e1r faisn\u00e9ise sp\u00e9isi\u00fail nua ina dtabharfar l\u00e9argas ar dhomhan an-suimi\u00fail <strong>Liathr\u00f3id L\u00e1imhe CLG<\/strong>. Bh\u00ed liathr\u00f3id l\u00e1imhe ina bhunchloch sp\u00f3irt sa t\u00edr tr\u00e1th agus pinni\u00far liathr\u00f3id l\u00e1imhe i mbeagnach gach uile bhaile agus sr\u00e1idbhaile ar fud na t\u00edre ach t\u00e1 d\u00fashl\u00e1n roimh an sp\u00f3rt anois le go mairfidh s\u00e9.<br \/>\n&nbsp;<\/p>\n<p>C\u00e9 go bhfuil meath tagtha ar an t\u00f3ir at\u00e1 ag muintir na t\u00edre ar liathr\u00f3id l\u00e1imhe, gan ach 10,000 imreoir gn\u00edomhach \u00e1 imirt agus go leor de na pinni\u00fair liathr\u00f3id l\u00e1imhe gan \u00fas\u00e1id n\u00f3 tr\u00e9igthe uilig, n\u00ed raibh an oiread d\u00edograise n\u00e1 d\u00fathrachta riamh ar na himreoir\u00ed is fearr sa sp\u00f3rt agus at\u00e1 anois. Leanfar na scoth-l\u00fathchleasaithe sin in Hit the Wall agus iad thuas seal th\u00edos seal le linn an ts\u00e9as\u00fair, cl\u00e1r ina dtabharfar ard\u00e1n d\u00e1 nd\u00edograis gan stad gan staonadh barr feabhais a bhaint amach sa sp\u00f3rt agus don teacht aniar intinne ar leith a theasta\u00edonn chun dul san ioma\u00edocht ar an leibh\u00e9al is airde.<br \/>\n&nbsp;<\/p>\n<p>Tabharfar domhainl\u00e9argas sa chl\u00e1r faisn\u00e9ise seo ar sc\u00e9al na n-imreoir\u00ed sin, tr\u00edna bhfaighfear amach an m\u00e9id a spreagann iad \u00e9achta\u00ed a bhaint amach i sp\u00f3rt ar chreid go leor a bheith \u201ccaillte\u201d uilig. L\u00e9argas pearsanta is ea an cl\u00e1r faisn\u00e9ise ar spiorad an chom\u00f3rtais agus ar an ngean buan at\u00e1 ag daoine ar an gcluiche seo, cluiche at\u00e1 fr\u00e9amhaithe i stair na h\u00c9ireann.<br \/>\n&nbsp;<\/p>\n<p>I measc na rannph\u00e1irtithe sa chl\u00e1r beidh <strong>Conor McElduff<\/strong> (T\u00edr Eoghain), <strong>Paul Brady<\/strong> (An Cabh\u00e1n), <strong>Diarmuid Nash<\/strong> (An Cl\u00e1r), <strong>Ollie Cassidy<\/strong> (Maigh Eo), <strong>Caitr\u00edona Casey<\/strong> (Corcaigh) agus <strong>Paul Fitzpatrick<\/strong> (An Cabh\u00e1n).<br \/>\n&nbsp;<\/p>\n<p>Ailill Martin a l\u00e9irigh Hit the Wall agus rinneadh \u00e9 a scann\u00e1n\u00fa le dh\u00e1 bhliain anuas, le taca\u00edocht \u00f3 \u00c9ire Ild\u00e1nach agus Liathr\u00f3id L\u00e1imhe CLG.<br \/>\n&nbsp;<\/p>\n<p>Tapaigh an deis Hit the Wall a fheice\u00e1il ar <strong>TG4 D\u00e9 Domhnaigh an 5 Ean\u00e1ir ag 5:40pm<\/strong>.<br \/>\n&nbsp;<\/p>\n","protected":false},"excerpt":{"rendered":"<p>&nbsp; T\u00e1 m\u00f3rtas ar TG4 Hit The Wall a chur i l\u00e1thair, cl\u00e1r faisn\u00e9ise sp\u00e9isi\u00fail nua ina dtabharfar l\u00e9argas ar dhomhan an-suimi\u00fail Liathr\u00f3id L\u00e1imhe CLG. Bh\u00ed liathr\u00f3id l\u00e1imhe ina bhunchloch sp\u00f3irt sa t\u00edr tr\u00e1th agus pinni\u00far liathr\u00f3id l\u00e1imhe i mbeagnach gach uile bhaile agus sr\u00e1idbhaile ar fud na t\u00edre ach t\u00e1 d\u00fashl\u00e1n roimh an sp\u00f3rt [&hellip;]<\/p>\n","protected":false},"author":876,"featured_media":0,"parent":208148,"menu_order":53,"comment_status":"closed","ping_status":"closed","template":"page-templates\/template-pr.php","meta":{"_acf_changed":false,"footnotes":""},"acf":[],"yoast_head":"<!-- This site is optimized with the Yoast SEO plugin v22.6 - https:\/\/yoast.com\/wordpress\/plugins\/seo\/ -->\n<title>\u201cHit the Wall\u201d - Cl\u00e1r Faisn\u00e9ise Nua faoi Liathr\u00f3id L\u00e1imhe ar TG4 | Preasr\u00e1iteas | TG4<\/title>\n<meta name=\"description\" content=\"T\u00e1 m\u00f3rtas ar TG4 Hit The Wall a chur i l\u00e1thair, cl\u00e1r faisn\u00e9ise sp\u00e9isi\u00fail nua ina dtabharfar l\u00e9argas ar dhomhan an-suimi\u00fail Liathr\u00f3id L\u00e1imhe CLG.\" \/>\n<meta name=\"robots\" content=\"index, follow, max-snippet:-1, max-image-preview:large, max-video-preview:-1\" \/>\n<meta property=\"og:locale\" content=\"en_US\" \/>\n<meta property=\"og:type\" content=\"article\" \/>\n<meta property=\"og:title\" content=\"\u201cHit the Wall\u201d - Cl\u00e1r Faisn\u00e9ise Nua faoi Liathr\u00f3id L\u00e1imhe ar TG4 | Preasr\u00e1iteas | TG4\" \/>\n<meta property=\"og:description\" content=\"T\u00e1 m\u00f3rtas ar TG4 Hit The Wall a chur i l\u00e1thair, cl\u00e1r faisn\u00e9ise sp\u00e9isi\u00fail nua ina dtabharfar l\u00e9argas ar dhomhan an-suimi\u00fail Liathr\u00f3id L\u00e1imhe CLG.\" \/>\n<meta property=\"og:url\" content=\"https:\/\/dev.tg4.ie\/ga\/eolas\/preas\/nuacht-raitis\/2024-2\/hit-the-wall-clar-faisneise-nua-faoi-liathroid-laimhe-ar-tg4\/\" \/>\n<meta property=\"og:site_name\" content=\"TG4\" \/>\n<meta property=\"article:publisher\" content=\"https:\/\/www.facebook.com\/TG4TV\" \/>\n<meta property=\"og:image\" content=\"https:\/\/tg4-docs.s3.amazonaws.com\/wp-content\/uploads\/2024\/12\/10163126\/Hit_the_Wall_1-1920x1080-1.jpg\" \/>\n\t<meta property=\"og:image:width\" content=\"1920\" \/>\n\t<meta property=\"og:image:height\" content=\"1080\" \/>\n\t<meta property=\"og:image:type\" content=\"image\/jpeg\" \/>\n<meta name=\"twitter:card\" content=\"summary_large_image\" \/>\n<meta name=\"twitter:image\" content=\"https:\/\/tg4-docs.s3.amazonaws.com\/wp-content\/uploads\/2024\/12\/10163126\/Hit_the_Wall_1-1920x1080-1.jpg\" \/>\n<meta name=\"twitter:site\" content=\"@TG4TV\" \/>\n<meta name=\"twitter:label1\" content=\"Est. reading time\" \/>\n\t<meta name=\"twitter:data1\" content=\"2 minutes\" \/>\n<script type=\"application\/ld+json\" class=\"yoast-schema-graph\">{\"@context\":\"https:\/\/schema.org\",\"@graph\":[{\"@type\":\"WebPage\",\"@id\":\"https:\/\/dev.tg4.ie\/ga\/eolas\/preas\/nuacht-raitis\/2024-2\/hit-the-wall-clar-faisneise-nua-faoi-liathroid-laimhe-ar-tg4\/\",\"url\":\"https:\/\/dev.tg4.ie\/ga\/eolas\/preas\/nuacht-raitis\/2024-2\/hit-the-wall-clar-faisneise-nua-faoi-liathroid-laimhe-ar-tg4\/\",\"name\":\"\u201cHit the Wall\u201d - Cl\u00e1r Faisn\u00e9ise Nua faoi Liathr\u00f3id L\u00e1imhe ar TG4 | Preasr\u00e1iteas | TG4\",\"isPartOf\":{\"@id\":\"https:\/\/dev.tg4.ie\/en\/#website\"},\"primaryImageOfPage\":{\"@id\":\"https:\/\/dev.tg4.ie\/ga\/eolas\/preas\/nuacht-raitis\/2024-2\/hit-the-wall-clar-faisneise-nua-faoi-liathroid-laimhe-ar-tg4\/#primaryimage\"},\"image\":{\"@id\":\"https:\/\/dev.tg4.ie\/ga\/eolas\/preas\/nuacht-raitis\/2024-2\/hit-the-wall-clar-faisneise-nua-faoi-liathroid-laimhe-ar-tg4\/#primaryimage\"},\"thumbnailUrl\":\"https:\/\/dev.tg4.ie\/wp-content\/uploads\/2024\/12\/Hit_the_Wall_1-1920x1080-1.jpg\",\"datePublished\":\"2024-12-10T16:40:11+00:00\",\"dateModified\":\"2024-12-10T16:40:11+00:00\",\"description\":\"T\u00e1 m\u00f3rtas ar TG4 Hit The Wall a chur i l\u00e1thair, cl\u00e1r faisn\u00e9ise sp\u00e9isi\u00fail nua ina dtabharfar l\u00e9argas ar dhomhan an-suimi\u00fail Liathr\u00f3id L\u00e1imhe CLG.\",\"breadcrumb\":{\"@id\":\"https:\/\/dev.tg4.ie\/ga\/eolas\/preas\/nuacht-raitis\/2024-2\/hit-the-wall-clar-faisneise-nua-faoi-liathroid-laimhe-ar-tg4\/#breadcrumb\"},\"inLanguage\":\"ga\",\"potentialAction\":[{\"@type\":\"ReadAction\",\"target\":[\"https:\/\/dev.tg4.ie\/ga\/eolas\/preas\/nuacht-raitis\/2024-2\/hit-the-wall-clar-faisneise-nua-faoi-liathroid-laimhe-ar-tg4\/\"]}]},{\"@type\":\"ImageObject\",\"inLanguage\":\"ga\",\"@id\":\"https:\/\/dev.tg4.ie\/ga\/eolas\/preas\/nuacht-raitis\/2024-2\/hit-the-wall-clar-faisneise-nua-faoi-liathroid-laimhe-ar-tg4\/#primaryimage\",\"url\":\"https:\/\/dev.tg4.ie\/wp-content\/uploads\/2024\/12\/Hit_the_Wall_1-1920x1080-1.jpg\",\"contentUrl\":\"https:\/\/dev.tg4.ie\/wp-content\/uploads\/2024\/12\/Hit_the_Wall_1-1920x1080-1.jpg\"},{\"@type\":\"BreadcrumbList\",\"@id\":\"https:\/\/dev.tg4.ie\/ga\/eolas\/preas\/nuacht-raitis\/2024-2\/hit-the-wall-clar-faisneise-nua-faoi-liathroid-laimhe-ar-tg4\/#breadcrumb\",\"itemListElement\":[{\"@type\":\"ListItem\",\"position\":1,\"name\":\"Home\",\"item\":\"https:\/\/dev.tg4.ie\/ga\/\"},{\"@type\":\"ListItem\",\"position\":2,\"name\":\"Eolas\",\"item\":\"https:\/\/dev.tg4.ie\/ga\/eolas\/\"},{\"@type\":\"ListItem\",\"position\":3,\"name\":\"Preas\",\"item\":\"https:\/\/dev.tg4.ie\/ga\/eolas\/preas\/\"},{\"@type\":\"ListItem\",\"position\":4,\"name\":\"Nuacht R\u00e1itis\",\"item\":\"https:\/\/dev.tg4.ie\/ga\/eolas\/preas\/nuacht-raitis\/\"},{\"@type\":\"ListItem\",\"position\":5,\"name\":\"2024\",\"item\":\"https:\/\/dev.tg4.ie\/ga\/eolas\/preas\/nuacht-raitis\/2024-2\/\"},{\"@type\":\"ListItem\",\"position\":6,\"name\":\"\u201cHit the Wall\u201d &#8211; Cl\u00e1r Faisn\u00e9ise Nua faoi Liathr\u00f3id L\u00e1imhe ar TG4\"}]},{\"@type\":\"WebSite\",\"@id\":\"https:\/\/dev.tg4.ie\/en\/#website\",\"url\":\"https:\/\/dev.tg4.ie\/en\/\",\"name\":\"TG4\",\"description\":\"S\u00fail Eile\",\"potentialAction\":[{\"@type\":\"SearchAction\",\"target\":{\"@type\":\"EntryPoint\",\"urlTemplate\":\"https:\/\/dev.tg4.ie\/en\/?s={search_term_string}\"},\"query-input\":\"required name=search_term_string\"}],\"inLanguage\":\"ga\"}]}<\/script>\n<!-- \/ Yoast SEO plugin. -->","yoast_head_json":{"title":"\u201cHit the Wall\u201d - Cl\u00e1r Faisn\u00e9ise Nua faoi Liathr\u00f3id L\u00e1imhe ar TG4 | Preasr\u00e1iteas | TG4","description":"T\u00e1 m\u00f3rtas ar TG4 Hit The Wall a chur i l\u00e1thair, cl\u00e1r faisn\u00e9ise sp\u00e9isi\u00fail nua ina dtabharfar l\u00e9argas ar dhomhan an-suimi\u00fail Liathr\u00f3id L\u00e1imhe CLG.","robots":{"index":"index","follow":"follow","max-snippet":"max-snippet:-1","max-image-preview":"max-image-preview:large","max-video-preview":"max-video-preview:-1"},"og_locale":"en_US","og_type":"article","og_title":"\u201cHit the Wall\u201d - Cl\u00e1r Faisn\u00e9ise Nua faoi Liathr\u00f3id L\u00e1imhe ar TG4 | Preasr\u00e1iteas | TG4","og_description":"T\u00e1 m\u00f3rtas ar TG4 Hit The Wall a chur i l\u00e1thair, cl\u00e1r faisn\u00e9ise sp\u00e9isi\u00fail nua ina dtabharfar l\u00e9argas ar dhomhan an-suimi\u00fail Liathr\u00f3id L\u00e1imhe CLG.","og_url":"https:\/\/dev.tg4.ie\/ga\/eolas\/preas\/nuacht-raitis\/2024-2\/hit-the-wall-clar-faisneise-nua-faoi-liathroid-laimhe-ar-tg4\/","og_site_name":"TG4","article_publisher":"https:\/\/www.facebook.com\/TG4TV","og_image":[{"width":1920,"height":1080,"url":"https:\/\/tg4-docs.s3.amazonaws.com\/wp-content\/uploads\/2024\/12\/10163126\/Hit_the_Wall_1-1920x1080-1.jpg","type":"image\/jpeg"}],"twitter_card":"summary_large_image","twitter_image":"https:\/\/tg4-docs.s3.amazonaws.com\/wp-content\/uploads\/2024\/12\/10163126\/Hit_the_Wall_1-1920x1080-1.jpg","twitter_site":"@TG4TV","twitter_misc":{"Est. reading time":"2 minutes"},"schema":{"@context":"https:\/\/schema.org","@graph":[{"@type":"WebPage","@id":"https:\/\/dev.tg4.ie\/ga\/eolas\/preas\/nuacht-raitis\/2024-2\/hit-the-wall-clar-faisneise-nua-faoi-liathroid-laimhe-ar-tg4\/","url":"https:\/\/dev.tg4.ie\/ga\/eolas\/preas\/nuacht-raitis\/2024-2\/hit-the-wall-clar-faisneise-nua-faoi-liathroid-laimhe-ar-tg4\/","name":"\u201cHit the Wall\u201d - Cl\u00e1r Faisn\u00e9ise Nua faoi Liathr\u00f3id L\u00e1imhe ar TG4 | Preasr\u00e1iteas | TG4","isPartOf":{"@id":"https:\/\/dev.tg4.ie\/en\/#website"},"primaryImageOfPage":{"@id":"https:\/\/dev.tg4.ie\/ga\/eolas\/preas\/nuacht-raitis\/2024-2\/hit-the-wall-clar-faisneise-nua-faoi-liathroid-laimhe-ar-tg4\/#primaryimage"},"image":{"@id":"https:\/\/dev.tg4.ie\/ga\/eolas\/preas\/nuacht-raitis\/2024-2\/hit-the-wall-clar-faisneise-nua-faoi-liathroid-laimhe-ar-tg4\/#primaryimage"},"thumbnailUrl":"https:\/\/dev.tg4.ie\/wp-content\/uploads\/2024\/12\/Hit_the_Wall_1-1920x1080-1.jpg","datePublished":"2024-12-10T16:40:11+00:00","dateModified":"2024-12-10T16:40:11+00:00","description":"T\u00e1 m\u00f3rtas ar TG4 Hit The Wall a chur i l\u00e1thair, cl\u00e1r faisn\u00e9ise sp\u00e9isi\u00fail nua ina dtabharfar l\u00e9argas ar dhomhan an-suimi\u00fail Liathr\u00f3id L\u00e1imhe CLG.","breadcrumb":{"@id":"https:\/\/dev.tg4.ie\/ga\/eolas\/preas\/nuacht-raitis\/2024-2\/hit-the-wall-clar-faisneise-nua-faoi-liathroid-laimhe-ar-tg4\/#breadcrumb"},"inLanguage":"ga","potentialAction":[{"@type":"ReadAction","target":["https:\/\/dev.tg4.ie\/ga\/eolas\/preas\/nuacht-raitis\/2024-2\/hit-the-wall-clar-faisneise-nua-faoi-liathroid-laimhe-ar-tg4\/"]}]},{"@type":"ImageObject","inLanguage":"ga","@id":"https:\/\/dev.tg4.ie\/ga\/eolas\/preas\/nuacht-raitis\/2024-2\/hit-the-wall-clar-faisneise-nua-faoi-liathroid-laimhe-ar-tg4\/#primaryimage","url":"https:\/\/dev.tg4.ie\/wp-content\/uploads\/2024\/12\/Hit_the_Wall_1-1920x1080-1.jpg","contentUrl":"https:\/\/dev.tg4.ie\/wp-content\/uploads\/2024\/12\/Hit_the_Wall_1-1920x1080-1.jpg"},{"@type":"BreadcrumbList","@id":"https:\/\/dev.tg4.ie\/ga\/eolas\/preas\/nuacht-raitis\/2024-2\/hit-the-wall-clar-faisneise-nua-faoi-liathroid-laimhe-ar-tg4\/#breadcrumb","itemListElement":[{"@type":"ListItem","position":1,"name":"Home","item":"https:\/\/dev.tg4.ie\/ga\/"},{"@type":"ListItem","position":2,"name":"Eolas","item":"https:\/\/dev.tg4.ie\/ga\/eolas\/"},{"@type":"ListItem","position":3,"name":"Preas","item":"https:\/\/dev.tg4.ie\/ga\/eolas\/preas\/"},{"@type":"ListItem","position":4,"name":"Nuacht R\u00e1itis","item":"https:\/\/dev.tg4.ie\/ga\/eolas\/preas\/nuacht-raitis\/"},{"@type":"ListItem","position":5,"name":"2024","item":"https:\/\/dev.tg4.ie\/ga\/eolas\/preas\/nuacht-raitis\/2024-2\/"},{"@type":"ListItem","position":6,"name":"\u201cHit the Wall\u201d &#8211; Cl\u00e1r Faisn\u00e9ise Nua faoi Liathr\u00f3id L\u00e1imhe ar TG4"}]},{"@type":"WebSite","@id":"https:\/\/dev.tg4.ie\/en\/#website","url":"https:\/\/dev.tg4.ie\/en\/","name":"TG4","description":"S\u00fail Eile","potentialAction":[{"@type":"SearchAction","target":{"@type":"EntryPoint","urlTemplate":"https:\/\/dev.tg4.ie\/en\/?s={search_term_string}"},"query-input":"required name=search_term_string"}],"inLanguage":"ga"}]}},"_links":{"self":[{"href":"https:\/\/dev.tg4.ie\/ga\/wp-json\/wp\/v2\/pages\/235919"}],"collection":[{"href":"https:\/\/dev.tg4.ie\/ga\/wp-json\/wp\/v2\/pages"}],"about":[{"href":"https:\/\/dev.tg4.ie\/ga\/wp-json\/wp\/v2\/types\/page"}],"author":[{"embeddable":true,"href":"https:\/\/dev.tg4.ie\/ga\/wp-json\/wp\/v2\/users\/876"}],"replies":[{"embeddable":true,"href":"https:\/\/dev.tg4.ie\/ga\/wp-json\/wp\/v2\/comments?post=235919"}],"version-history":[{"count":0,"href":"https:\/\/dev.tg4.ie\/ga\/wp-json\/wp\/v2\/pages\/235919\/revisions"}],"up":[{"embeddable":true,"href":"https:\/\/dev.tg4.ie\/ga\/wp-json\/wp\/v2\/pages\/208148"}],"wp:attachment":[{"href":"https:\/\/dev.tg4.ie\/ga\/wp-json\/wp\/v2\/media?parent=235919"}],"curies":[{"name":"wp","href":"https:\/\/api.w.org\/{rel}","templated":true}]}}