{"id":235952,"date":"2024-12-11T09:34:28","date_gmt":"2024-12-11T09:34:28","guid":{"rendered":"https:\/\/dev.tg4.ie\/?page_id=235952"},"modified":"2024-12-11T09:34:28","modified_gmt":"2024-12-11T09:34:28","slug":"failteoidh-tg4-roimh-ainmniuchain-phoibli-don-ghradam-comaoine-2025","status":"publish","type":"page","link":"https:\/\/dev.tg4.ie\/ga\/eolas\/preas\/nuacht-raitis\/2024-2\/failteoidh-tg4-roimh-ainmniuchain-phoibli-don-ghradam-comaoine-2025\/","title":{"rendered":"F\u00e1ilteoidh TG4 roimh Ainmni\u00fach\u00e1in Phoibl\u00ed don Ghradam Comaoine 2025"},"content":{"rendered":"<table>\n<tbody>\n<tr>\n<td width=\"100%\"><a href=\"https:\/\/tg4-docs.s3.amazonaws.com\/wp-content\/uploads\/2024\/12\/11092520\/Cairdeas_na_bhFidileiri_2-1920x1080-1.jpg\"><img loading=\"lazy\" decoding=\"async\" width=\"1920\" height=\"1080\" src=\"https:\/\/tg4-docs.s3.amazonaws.com\/wp-content\/uploads\/2024\/12\/11092520\/Cairdeas_na_bhFidileiri_2-1920x1080-1.jpg\" alt=\"\" class=\"aligncenter size-full wp-image-235954\" srcset=\"https:\/\/tg4-docs.s3.amazonaws.com\/wp-content\/uploads\/2024\/12\/11092520\/Cairdeas_na_bhFidileiri_2-1920x1080-1.jpg 1920w, https:\/\/tg4-docs.s3.amazonaws.com\/wp-content\/uploads\/2024\/12\/11092520\/Cairdeas_na_bhFidileiri_2-1920x1080-1-250x141.jpg 250w, https:\/\/tg4-docs.s3.amazonaws.com\/wp-content\/uploads\/2024\/12\/11092520\/Cairdeas_na_bhFidileiri_2-1920x1080-1-700x394.jpg 700w, https:\/\/tg4-docs.s3.amazonaws.com\/wp-content\/uploads\/2024\/12\/11092520\/Cairdeas_na_bhFidileiri_2-1920x1080-1-252x141.jpg 252w, https:\/\/tg4-docs.s3.amazonaws.com\/wp-content\/uploads\/2024\/12\/11092520\/Cairdeas_na_bhFidileiri_2-1920x1080-1-1536x864.jpg 1536w, https:\/\/tg4-docs.s3.amazonaws.com\/wp-content\/uploads\/2024\/12\/11092520\/Cairdeas_na_bhFidileiri_2-1920x1080-1-120x68.jpg 120w\" sizes=\"(max-width: 1920px) 100vw, 1920px\" \/><\/a><\/td>\n<\/tr>\n<\/tbody>\n<\/table>\n<p><sup>Iar-bhuaiteoir\u00ed: 2024 \u2013 Cairdeas na bhFidil\u00e9ir\u00ed, D\u00fan na nGall<\/sup><br \/>\n&nbsp;<\/p>\n<p>T\u00e1 TG4 ag iarraidh ar an bpobal a n-ainmni\u00fach\u00e1in do Ghradam Comaoine TG4 a chur chucu mar chuid de ghradaim Ghradam Ceoil TG4 don bhliain 2025. <\/p>\n<p>D\u00e9antar ceili\u00faradh leis an d\u00e1mhachtain seo ar dhaoine aonair agus ar ghr\u00fapa\u00ed a raibh tionchar ollmh\u00f3r acu ar chaomhn\u00fa agus ar chur chun cinn cheol traidisi\u00fanta agus eala\u00edona taibhithe na h\u00c9ireann. <\/p>\n<p>Tugadh an <strong>Gradam Comaoine<\/strong> isteach den ch\u00e9ad uair in 2006, agus tugtar aitheantas leis an ngradam seo do na daoine sin a gcinnt\u00edonn a nd\u00fathracht bhuanseasmhach go leanfaidh na gl\u00fanta at\u00e1 le teacht de sh\u00e1samh a bhaint as ceol na linne seo agus an lae inniu agus go mbeidh meas acu air. <\/p>\n<p>Don tr\u00ed\u00fa bliain as a ch\u00e9ile, roghn\u00f3far buaiteoir an ghradaim m\u00f3r le r\u00e1 seo bunaithe ar ainmni\u00fach\u00e1in phoibl\u00ed agus ar athbhreithni\u00fa pain\u00e9il araon. <\/p>\n<p>Cuirfidh TG4 f\u00e1ilte roimh ainmni\u00fach\u00e1in do dhaoine a bhfuil lorg buan f\u00e1gtha ag a gcuid oibre ina m\u00fainteoir\u00ed, taighdeoir\u00ed, scr\u00edbhneoir\u00ed, eagraithe imeachta\u00ed, meant\u00f3ir\u00ed, l\u00e9iritheoir\u00ed n\u00f3 gn\u00edomhaithe pobail ar na heala\u00edona traidisi\u00fanta. <\/p>\n<p>&nbsp;<\/p>\n<p><strong>Crit\u00e9ir maidir le hAinmni\u00fach\u00e1in:<\/strong> <\/p>\n<ul>\n<li>D\u2019fh\u00e9adfa\u00ed daoine aonair, eagra\u00edochta\u00ed, tionscadail phobail n\u00f3 tionscnaimh shonracha a \u00e1ireamh sna hainmni\u00fach\u00e1in.<\/li>\n<li>T\u00e1 daoine a ainmn\u00edodh roimhe seo inch\u00e1ilithe, agus cuirtear f\u00e1ilte roimh eolas breise n\u00f3 nuashonraithe chun tac\u00fa lena n-ainmni\u00fach\u00e1n.<\/li>\n<li>Is f\u00e9idir leis na daoine at\u00e1 \u00e1 n-ainmni\u00fa a bheith lonnaithe in \u00c9irinn n\u00f3 thar lear, ar choinn\u00edoll go mb\u00edonn tionchar ag a gcuid oibre ar thaibheala\u00edona traidisi\u00fanta na h\u00c9ireann.<\/li>\n<li>N\u00ed f\u00e9idir ach ainmni\u00fach\u00e1n amh\u00e1in a dh\u00e9anamh in aghaidh seoladh r\u00edomhphoist.<\/li>\n<\/ul>\n<p>D\u00e9anfaidh coiste roghn\u00fach\u00e1in an Ghradaim Ceoil coime\u00e1da\u00edocht ar ghearrliosta de sheisear ainmnithe, agus roghn\u00f3idh pain\u00e9al Ghradam Ceoil TG4 an faighteoir deiridh agus f\u00f3gr\u00f3far \u00e9 i m\u00ed an Mh\u00e1rta 2025. <\/p>\n<p>&nbsp;<\/p>\n<p><strong>Pr\u00edomhshonra\u00ed:<\/strong> <\/p>\n<p>Spriocdh\u00e1ta i gcomhair Ainmni\u00fach\u00e1n: 4 Feabhra 2025 \u00b7 Foirm Ainmni\u00fach\u00e1in &#038; Tuilleadh Eolais: <a href=\"https:\/\/dev.tg4.ie\/Ainmnigh\" rel=\"noopener\" target=\"_blank\">https:\/\/dev.tg4.ie\/Ainmnigh<\/a><\/p>\n<p>N\u00e1 caill an deis seo chun \u00f3m\u00f3s a l\u00e9iri\u00fa d\u00f3ibh sin a bhfuil oidhreacht chult\u00fair na h\u00c9ireann n\u00ed ba saibhre mar gheall ar an m\u00e9id ollmh\u00f3r at\u00e1 d\u00e9anta acu ar mhaithe leis an gceol agus na heala\u00edona traidisi\u00fanta. <\/p>\n<p>Is f\u00e9idir liosta ioml\u00e1n de na faighteoir\u00ed roimhe seo a fh\u00e1il ar: <a href=\"https:\/\/dev.tg4.ie\/brandai-eile\/gradam-ceoil\/iar-bhuaiteoiri\/gradam-comaoine-tg4\/\" rel=\"noopener\" target=\"_blank\">https:\/\/dev.tg4.ie\/brandai-eile\/gradam-ceoil\/iar-bhuaiteoiri\/gradam-comaoine-tg4\/<\/a><\/p>\n<p>Tapaigh do dheis duine de chaomhn\u00f3ir\u00ed an traidisi\u00fain shaibhir ceoil at\u00e1 againn a cheili\u00faradh. <\/p>\n<p>&nbsp;<\/p>\n","protected":false},"excerpt":{"rendered":"<p>Iar-bhuaiteoir\u00ed: 2024 \u2013 Cairdeas na bhFidil\u00e9ir\u00ed, D\u00fan na nGall &nbsp; T\u00e1 TG4 ag iarraidh ar an bpobal a n-ainmni\u00fach\u00e1in do Ghradam Comaoine TG4 a chur chucu mar chuid de ghradaim Ghradam Ceoil TG4 don bhliain 2025. D\u00e9antar ceili\u00faradh leis an d\u00e1mhachtain seo ar dhaoine aonair agus ar ghr\u00fapa\u00ed a raibh tionchar ollmh\u00f3r acu ar chaomhn\u00fa [&hellip;]<\/p>\n","protected":false},"author":876,"featured_media":0,"parent":208148,"menu_order":54,"comment_status":"closed","ping_status":"closed","template":"page-templates\/template-pr.php","meta":{"_acf_changed":false,"footnotes":""},"acf":[],"yoast_head":"<!-- This site is optimized with the Yoast SEO plugin v22.6 - https:\/\/yoast.com\/wordpress\/plugins\/seo\/ -->\n<title>F\u00e1ilteoidh TG4 roimh Ainmni\u00fach\u00e1in Phoibl\u00ed don Ghradam Comaoine 2025 | Preasr\u00e1iteas | TG4<\/title>\n<meta name=\"description\" content=\"T\u00e1 TG4 ag iarraidh ar an bpobal a n-ainmni\u00fach\u00e1in do Ghradam Comaoine TG4 a chur chucu mar chuid de ghradaim Ghradam Ceoil TG4 don bhliain 2025.\u00a0\" \/>\n<meta name=\"robots\" content=\"index, follow, max-snippet:-1, max-image-preview:large, max-video-preview:-1\" \/>\n<meta property=\"og:locale\" content=\"en_US\" \/>\n<meta property=\"og:type\" content=\"article\" \/>\n<meta property=\"og:title\" content=\"F\u00e1ilteoidh TG4 roimh Ainmni\u00fach\u00e1in Phoibl\u00ed don Ghradam Comaoine 2025 | Preasr\u00e1iteas | TG4\" \/>\n<meta property=\"og:description\" content=\"T\u00e1 TG4 ag iarraidh ar an bpobal a n-ainmni\u00fach\u00e1in do Ghradam Comaoine TG4 a chur chucu mar chuid de ghradaim Ghradam Ceoil TG4 don bhliain 2025.\u00a0\" \/>\n<meta property=\"og:url\" content=\"https:\/\/dev.tg4.ie\/ga\/eolas\/preas\/nuacht-raitis\/2024-2\/failteoidh-tg4-roimh-ainmniuchain-phoibli-don-ghradam-comaoine-2025\/\" \/>\n<meta property=\"og:site_name\" content=\"TG4\" \/>\n<meta property=\"article:publisher\" content=\"https:\/\/www.facebook.com\/TG4TV\" \/>\n<meta property=\"og:image\" content=\"https:\/\/tg4-docs.s3.amazonaws.com\/wp-content\/uploads\/2024\/12\/11092520\/Cairdeas_na_bhFidileiri_2-1920x1080-1.jpg\" \/>\n\t<meta property=\"og:image:width\" content=\"1920\" \/>\n\t<meta property=\"og:image:height\" content=\"1080\" \/>\n\t<meta property=\"og:image:type\" content=\"image\/jpeg\" \/>\n<meta name=\"twitter:card\" content=\"summary_large_image\" \/>\n<meta name=\"twitter:image\" content=\"https:\/\/tg4-docs.s3.amazonaws.com\/wp-content\/uploads\/2024\/12\/11092520\/Cairdeas_na_bhFidileiri_2-1920x1080-1.jpg\" \/>\n<meta name=\"twitter:site\" content=\"@TG4TV\" \/>\n<meta name=\"twitter:label1\" content=\"Est. reading time\" \/>\n\t<meta name=\"twitter:data1\" content=\"2 minutes\" \/>\n<script type=\"application\/ld+json\" class=\"yoast-schema-graph\">{\"@context\":\"https:\/\/schema.org\",\"@graph\":[{\"@type\":\"WebPage\",\"@id\":\"https:\/\/dev.tg4.ie\/ga\/eolas\/preas\/nuacht-raitis\/2024-2\/failteoidh-tg4-roimh-ainmniuchain-phoibli-don-ghradam-comaoine-2025\/\",\"url\":\"https:\/\/dev.tg4.ie\/ga\/eolas\/preas\/nuacht-raitis\/2024-2\/failteoidh-tg4-roimh-ainmniuchain-phoibli-don-ghradam-comaoine-2025\/\",\"name\":\"F\u00e1ilteoidh TG4 roimh Ainmni\u00fach\u00e1in Phoibl\u00ed don Ghradam Comaoine 2025 | Preasr\u00e1iteas | TG4\",\"isPartOf\":{\"@id\":\"https:\/\/dev.tg4.ie\/en\/#website\"},\"primaryImageOfPage\":{\"@id\":\"https:\/\/dev.tg4.ie\/ga\/eolas\/preas\/nuacht-raitis\/2024-2\/failteoidh-tg4-roimh-ainmniuchain-phoibli-don-ghradam-comaoine-2025\/#primaryimage\"},\"image\":{\"@id\":\"https:\/\/dev.tg4.ie\/ga\/eolas\/preas\/nuacht-raitis\/2024-2\/failteoidh-tg4-roimh-ainmniuchain-phoibli-don-ghradam-comaoine-2025\/#primaryimage\"},\"thumbnailUrl\":\"https:\/\/dev.tg4.ie\/wp-content\/uploads\/2024\/12\/Cairdeas_na_bhFidileiri_2-1920x1080-1.jpg\",\"datePublished\":\"2024-12-11T09:34:28+00:00\",\"dateModified\":\"2024-12-11T09:34:28+00:00\",\"description\":\"T\u00e1 TG4 ag iarraidh ar an bpobal a n-ainmni\u00fach\u00e1in do Ghradam Comaoine TG4 a chur chucu mar chuid de ghradaim Ghradam Ceoil TG4 don bhliain 2025.\u00a0\",\"breadcrumb\":{\"@id\":\"https:\/\/dev.tg4.ie\/ga\/eolas\/preas\/nuacht-raitis\/2024-2\/failteoidh-tg4-roimh-ainmniuchain-phoibli-don-ghradam-comaoine-2025\/#breadcrumb\"},\"inLanguage\":\"ga\",\"potentialAction\":[{\"@type\":\"ReadAction\",\"target\":[\"https:\/\/dev.tg4.ie\/ga\/eolas\/preas\/nuacht-raitis\/2024-2\/failteoidh-tg4-roimh-ainmniuchain-phoibli-don-ghradam-comaoine-2025\/\"]}]},{\"@type\":\"ImageObject\",\"inLanguage\":\"ga\",\"@id\":\"https:\/\/dev.tg4.ie\/ga\/eolas\/preas\/nuacht-raitis\/2024-2\/failteoidh-tg4-roimh-ainmniuchain-phoibli-don-ghradam-comaoine-2025\/#primaryimage\",\"url\":\"https:\/\/dev.tg4.ie\/wp-content\/uploads\/2024\/12\/Cairdeas_na_bhFidileiri_2-1920x1080-1.jpg\",\"contentUrl\":\"https:\/\/dev.tg4.ie\/wp-content\/uploads\/2024\/12\/Cairdeas_na_bhFidileiri_2-1920x1080-1.jpg\"},{\"@type\":\"BreadcrumbList\",\"@id\":\"https:\/\/dev.tg4.ie\/ga\/eolas\/preas\/nuacht-raitis\/2024-2\/failteoidh-tg4-roimh-ainmniuchain-phoibli-don-ghradam-comaoine-2025\/#breadcrumb\",\"itemListElement\":[{\"@type\":\"ListItem\",\"position\":1,\"name\":\"Home\",\"item\":\"https:\/\/dev.tg4.ie\/ga\/\"},{\"@type\":\"ListItem\",\"position\":2,\"name\":\"Eolas\",\"item\":\"https:\/\/dev.tg4.ie\/ga\/eolas\/\"},{\"@type\":\"ListItem\",\"position\":3,\"name\":\"Preas\",\"item\":\"https:\/\/dev.tg4.ie\/ga\/eolas\/preas\/\"},{\"@type\":\"ListItem\",\"position\":4,\"name\":\"Nuacht R\u00e1itis\",\"item\":\"https:\/\/dev.tg4.ie\/ga\/eolas\/preas\/nuacht-raitis\/\"},{\"@type\":\"ListItem\",\"position\":5,\"name\":\"2024\",\"item\":\"https:\/\/dev.tg4.ie\/ga\/eolas\/preas\/nuacht-raitis\/2024-2\/\"},{\"@type\":\"ListItem\",\"position\":6,\"name\":\"F\u00e1ilteoidh TG4 roimh Ainmni\u00fach\u00e1in Phoibl\u00ed don Ghradam Comaoine 2025\"}]},{\"@type\":\"WebSite\",\"@id\":\"https:\/\/dev.tg4.ie\/en\/#website\",\"url\":\"https:\/\/dev.tg4.ie\/en\/\",\"name\":\"TG4\",\"description\":\"S\u00fail Eile\",\"potentialAction\":[{\"@type\":\"SearchAction\",\"target\":{\"@type\":\"EntryPoint\",\"urlTemplate\":\"https:\/\/dev.tg4.ie\/en\/?s={search_term_string}\"},\"query-input\":\"required name=search_term_string\"}],\"inLanguage\":\"ga\"}]}<\/script>\n<!-- \/ Yoast SEO plugin. -->","yoast_head_json":{"title":"F\u00e1ilteoidh TG4 roimh Ainmni\u00fach\u00e1in Phoibl\u00ed don Ghradam Comaoine 2025 | Preasr\u00e1iteas | TG4","description":"T\u00e1 TG4 ag iarraidh ar an bpobal a n-ainmni\u00fach\u00e1in do Ghradam Comaoine TG4 a chur chucu mar chuid de ghradaim Ghradam Ceoil TG4 don bhliain 2025.\u00a0","robots":{"index":"index","follow":"follow","max-snippet":"max-snippet:-1","max-image-preview":"max-image-preview:large","max-video-preview":"max-video-preview:-1"},"og_locale":"en_US","og_type":"article","og_title":"F\u00e1ilteoidh TG4 roimh Ainmni\u00fach\u00e1in Phoibl\u00ed don Ghradam Comaoine 2025 | Preasr\u00e1iteas | TG4","og_description":"T\u00e1 TG4 ag iarraidh ar an bpobal a n-ainmni\u00fach\u00e1in do Ghradam Comaoine TG4 a chur chucu mar chuid de ghradaim Ghradam Ceoil TG4 don bhliain 2025.\u00a0","og_url":"https:\/\/dev.tg4.ie\/ga\/eolas\/preas\/nuacht-raitis\/2024-2\/failteoidh-tg4-roimh-ainmniuchain-phoibli-don-ghradam-comaoine-2025\/","og_site_name":"TG4","article_publisher":"https:\/\/www.facebook.com\/TG4TV","og_image":[{"width":1920,"height":1080,"url":"https:\/\/tg4-docs.s3.amazonaws.com\/wp-content\/uploads\/2024\/12\/11092520\/Cairdeas_na_bhFidileiri_2-1920x1080-1.jpg","type":"image\/jpeg"}],"twitter_card":"summary_large_image","twitter_image":"https:\/\/tg4-docs.s3.amazonaws.com\/wp-content\/uploads\/2024\/12\/11092520\/Cairdeas_na_bhFidileiri_2-1920x1080-1.jpg","twitter_site":"@TG4TV","twitter_misc":{"Est. reading time":"2 minutes"},"schema":{"@context":"https:\/\/schema.org","@graph":[{"@type":"WebPage","@id":"https:\/\/dev.tg4.ie\/ga\/eolas\/preas\/nuacht-raitis\/2024-2\/failteoidh-tg4-roimh-ainmniuchain-phoibli-don-ghradam-comaoine-2025\/","url":"https:\/\/dev.tg4.ie\/ga\/eolas\/preas\/nuacht-raitis\/2024-2\/failteoidh-tg4-roimh-ainmniuchain-phoibli-don-ghradam-comaoine-2025\/","name":"F\u00e1ilteoidh TG4 roimh Ainmni\u00fach\u00e1in Phoibl\u00ed don Ghradam Comaoine 2025 | Preasr\u00e1iteas | TG4","isPartOf":{"@id":"https:\/\/dev.tg4.ie\/en\/#website"},"primaryImageOfPage":{"@id":"https:\/\/dev.tg4.ie\/ga\/eolas\/preas\/nuacht-raitis\/2024-2\/failteoidh-tg4-roimh-ainmniuchain-phoibli-don-ghradam-comaoine-2025\/#primaryimage"},"image":{"@id":"https:\/\/dev.tg4.ie\/ga\/eolas\/preas\/nuacht-raitis\/2024-2\/failteoidh-tg4-roimh-ainmniuchain-phoibli-don-ghradam-comaoine-2025\/#primaryimage"},"thumbnailUrl":"https:\/\/dev.tg4.ie\/wp-content\/uploads\/2024\/12\/Cairdeas_na_bhFidileiri_2-1920x1080-1.jpg","datePublished":"2024-12-11T09:34:28+00:00","dateModified":"2024-12-11T09:34:28+00:00","description":"T\u00e1 TG4 ag iarraidh ar an bpobal a n-ainmni\u00fach\u00e1in do Ghradam Comaoine TG4 a chur chucu mar chuid de ghradaim Ghradam Ceoil TG4 don bhliain 2025.\u00a0","breadcrumb":{"@id":"https:\/\/dev.tg4.ie\/ga\/eolas\/preas\/nuacht-raitis\/2024-2\/failteoidh-tg4-roimh-ainmniuchain-phoibli-don-ghradam-comaoine-2025\/#breadcrumb"},"inLanguage":"ga","potentialAction":[{"@type":"ReadAction","target":["https:\/\/dev.tg4.ie\/ga\/eolas\/preas\/nuacht-raitis\/2024-2\/failteoidh-tg4-roimh-ainmniuchain-phoibli-don-ghradam-comaoine-2025\/"]}]},{"@type":"ImageObject","inLanguage":"ga","@id":"https:\/\/dev.tg4.ie\/ga\/eolas\/preas\/nuacht-raitis\/2024-2\/failteoidh-tg4-roimh-ainmniuchain-phoibli-don-ghradam-comaoine-2025\/#primaryimage","url":"https:\/\/dev.tg4.ie\/wp-content\/uploads\/2024\/12\/Cairdeas_na_bhFidileiri_2-1920x1080-1.jpg","contentUrl":"https:\/\/dev.tg4.ie\/wp-content\/uploads\/2024\/12\/Cairdeas_na_bhFidileiri_2-1920x1080-1.jpg"},{"@type":"BreadcrumbList","@id":"https:\/\/dev.tg4.ie\/ga\/eolas\/preas\/nuacht-raitis\/2024-2\/failteoidh-tg4-roimh-ainmniuchain-phoibli-don-ghradam-comaoine-2025\/#breadcrumb","itemListElement":[{"@type":"ListItem","position":1,"name":"Home","item":"https:\/\/dev.tg4.ie\/ga\/"},{"@type":"ListItem","position":2,"name":"Eolas","item":"https:\/\/dev.tg4.ie\/ga\/eolas\/"},{"@type":"ListItem","position":3,"name":"Preas","item":"https:\/\/dev.tg4.ie\/ga\/eolas\/preas\/"},{"@type":"ListItem","position":4,"name":"Nuacht R\u00e1itis","item":"https:\/\/dev.tg4.ie\/ga\/eolas\/preas\/nuacht-raitis\/"},{"@type":"ListItem","position":5,"name":"2024","item":"https:\/\/dev.tg4.ie\/ga\/eolas\/preas\/nuacht-raitis\/2024-2\/"},{"@type":"ListItem","position":6,"name":"F\u00e1ilteoidh TG4 roimh Ainmni\u00fach\u00e1in Phoibl\u00ed don Ghradam Comaoine 2025"}]},{"@type":"WebSite","@id":"https:\/\/dev.tg4.ie\/en\/#website","url":"https:\/\/dev.tg4.ie\/en\/","name":"TG4","description":"S\u00fail Eile","potentialAction":[{"@type":"SearchAction","target":{"@type":"EntryPoint","urlTemplate":"https:\/\/dev.tg4.ie\/en\/?s={search_term_string}"},"query-input":"required name=search_term_string"}],"inLanguage":"ga"}]}},"_links":{"self":[{"href":"https:\/\/dev.tg4.ie\/ga\/wp-json\/wp\/v2\/pages\/235952"}],"collection":[{"href":"https:\/\/dev.tg4.ie\/ga\/wp-json\/wp\/v2\/pages"}],"about":[{"href":"https:\/\/dev.tg4.ie\/ga\/wp-json\/wp\/v2\/types\/page"}],"author":[{"embeddable":true,"href":"https:\/\/dev.tg4.ie\/ga\/wp-json\/wp\/v2\/users\/876"}],"replies":[{"embeddable":true,"href":"https:\/\/dev.tg4.ie\/ga\/wp-json\/wp\/v2\/comments?post=235952"}],"version-history":[{"count":0,"href":"https:\/\/dev.tg4.ie\/ga\/wp-json\/wp\/v2\/pages\/235952\/revisions"}],"up":[{"embeddable":true,"href":"https:\/\/dev.tg4.ie\/ga\/wp-json\/wp\/v2\/pages\/208148"}],"wp:attachment":[{"href":"https:\/\/dev.tg4.ie\/ga\/wp-json\/wp\/v2\/media?parent=235952"}],"curies":[{"name":"wp","href":"https:\/\/api.w.org\/{rel}","templated":true}]}}