{"id":236116,"date":"2024-12-16T16:25:00","date_gmt":"2024-12-16T16:25:00","guid":{"rendered":"https:\/\/dev.tg4.ie\/?page_id=236116"},"modified":"2024-12-16T16:25:00","modified_gmt":"2024-12-16T16:25:00","slug":"lgfa-50-clar-faisneise-ag-comoradh-50-bliain-de-pheil-na-mban","status":"publish","type":"page","link":"https:\/\/dev.tg4.ie\/ga\/eolas\/preas\/nuacht-raitis\/2024-2\/lgfa-50-clar-faisneise-ag-comoradh-50-bliain-de-pheil-na-mban\/","title":{"rendered":"LGFA @ 50 &#8211; Cl\u00e1r Faisn\u00e9ise ag com\u00f3radh 50 bliain de Pheil na mBan"},"content":{"rendered":"<table>\n<tbody>\n<tr>\n<td width=\"100%\"><a href=\"https:\/\/tg4-docs.s3.amazonaws.com\/wp-content\/uploads\/2024\/12\/16161833\/LGFA_50_1-1920x1080-1.jpg\"><img loading=\"lazy\" decoding=\"async\" width=\"1920\" height=\"1080\" src=\"https:\/\/tg4-docs.s3.amazonaws.com\/wp-content\/uploads\/2024\/12\/16161833\/LGFA_50_1-1920x1080-1.jpg\" alt=\"\" class=\"aligncenter size-full wp-image-236118\" srcset=\"https:\/\/tg4-docs.s3.amazonaws.com\/wp-content\/uploads\/2024\/12\/16161833\/LGFA_50_1-1920x1080-1.jpg 1920w, https:\/\/tg4-docs.s3.amazonaws.com\/wp-content\/uploads\/2024\/12\/16161833\/LGFA_50_1-1920x1080-1-250x141.jpg 250w, https:\/\/tg4-docs.s3.amazonaws.com\/wp-content\/uploads\/2024\/12\/16161833\/LGFA_50_1-1920x1080-1-700x394.jpg 700w, https:\/\/tg4-docs.s3.amazonaws.com\/wp-content\/uploads\/2024\/12\/16161833\/LGFA_50_1-1920x1080-1-252x141.jpg 252w, https:\/\/tg4-docs.s3.amazonaws.com\/wp-content\/uploads\/2024\/12\/16161833\/LGFA_50_1-1920x1080-1-1536x864.jpg 1536w, https:\/\/tg4-docs.s3.amazonaws.com\/wp-content\/uploads\/2024\/12\/16161833\/LGFA_50_1-1920x1080-1-120x68.jpg 120w\" sizes=\"(max-width: 1920px) 100vw, 1920px\" \/><\/a><\/td>\n<\/tr>\n<\/tbody>\n<\/table>\n<p>&nbsp;<\/p>\n<div style=\"position:relative;padding-top:56.25%;\">\n  <iframe src=\"https:\/\/www.youtube.com\/embed\/CK0h2fVnej4\" frameborder=\"0\" allowfullscreen style=\"position:absolute;top:0;left:0;width:100%;height:100%;\"><\/iframe>\n<\/div>\n<p>&nbsp;<\/p>\n<p>Com\u00f3radh ar an \u00e9acht at\u00e1 bainte amach ag Cumann Pheil na mBan \u00f3n tr\u00e1th nach raibh ann ach cumann beag go dt\u00ed an l\u00e1 at\u00e1 inniu ann agus \u00e1it th\u00e1bhachtach anois aige i socha\u00ed na h\u00c9ireann.<br \/>\n&nbsp;<\/p>\n<p>Tugtar urraim sa chl\u00e1r faisn\u00e9ise speisialta seo do 50 bliain de pheil eisceacht\u00fail na mban in \u00c9irinn. Tabharfar an lucht f\u00e9achana ar thuras go dt\u00ed cro\u00edl\u00e1r an sp\u00f3irt, \u00f3n ph\u00e1irc pheile \u00e1iti\u00fail an sl\u00ed ar fad go dt\u00ed P\u00e1irc an Chr\u00f3caigh. Buailfear le himreoir\u00ed, cinnir\u00ed agus lucht lean\u00fana an lae inniu ar fud na t\u00edre \u2013 iadsan at\u00e1 agus a bh\u00ed l\u00e1rnach i rath Pheil na mBan. Tabharfaidh na daoine a chuireann a gcro\u00ed agus n-anam isteach sa sp\u00f3rt \u2013 na ceannr\u00f3daithe, na himreoir\u00ed agus na hiarimreoir\u00ed &#8211; l\u00e9argas d\u00fainn ar an t\u00e1bhacht a bhaineann leis d\u00f3ibhsean. Inseofar sc\u00e9al an chumainn freisin, \u00f3n tionchar a bh\u00ed ag socha\u00ed na h\u00c9ireann air, go dt\u00ed an tionchar anois at\u00e1 ag Peil na mBan ar shocha\u00ed na t\u00edre. \u00d3 na buaicphoint\u00ed stairi\u00fala go dt\u00ed na constaic\u00ed \u00e9ags\u00fala a bh\u00ed agus at\u00e1 f\u00f3s os a gcomhair amach.<br \/>\n&nbsp;<\/p>\n<p>T\u00e1 n\u00edos m\u00f3 n\u00e1 sp\u00f3rt amh\u00e1in i gceist leis!<br \/>\n&nbsp;<\/p>\n<p>\u00d3 bhonn taca beag, go ceann de na sp\u00f3irt is m\u00f3 f\u00e1s sa t\u00edr, caithfear s\u00fail ar na constaic\u00ed arbh \u00e9igean do cheannr\u00f3daithe an sp\u00f3irt aghaidh a thabhair orthu &#8211; na mn\u00e1 a raibh s\u00e9 de mhisneach acu d\u00fashl\u00e1n a thabhairt ar ghn\u00e1s na linne sin i socha\u00ed na h\u00c9ireann chun an sp\u00f3rt a chur ar a chosa. Nochtfar an diongbh\u00e1ilteacht, an d\u00fathracht, an teacht aniar agus an d\u00edograis a bh\u00ed ag baint leo sna laethanta sin agus gan an cumann ach ina th\u00fas. R\u00e9itigh siad bealach do na gl\u00fanta peilead\u00f3ir\u00ed a bh\u00ed le teacht ina ndiaidh. Caithfear s\u00fail siar ar na heachtra\u00ed aitheanta agus na cluich\u00ed nach bhf\u00e9adfa\u00ed dearmad a dh\u00e9anamh orthu le linn an chl\u00e1ir, cluich\u00ed at\u00e1 greanta i gcuimhne na ndaoine. Agus thar aon n\u00ed eile, tabharfar l\u00e9argas d\u00fainn ar an gcaoi ar \u00e9irigh le Peil na mBan &#8211; an sp\u00f3rt is m\u00f3 f\u00e1s in \u00c9irinn \u2013 a bheith i gcro\u00edl\u00e1r phobal na h\u00c9ireann.<br \/>\n&nbsp;<\/p>\n<p>Inseofar pr\u00edomhsc\u00e9alta cuid de na pearsana is m\u00f3 a bhfuil aithne orthu i bPeil na mBan sa chl\u00e1r faisn\u00e9ise seo. \u00d3 ph\u00e1irceanna beaga cois farraige i gCeann Tr\u00e1, go dt\u00ed sl\u00e9ibhte Dh\u00fan na nGall, taispe\u00e1nfar radharcanna \u00f3 cheantair thuaithe na h\u00c9ireann sa chl\u00e1r, ar m\u00f3r idir iad agus ceantair uirbeacha na t\u00edre, ceantair amhail Corcaigh, Gaillimh agus Baile \u00c1th Cliath. Tabharfar cuairt ar na h\u00e1iteanna \u00e1ille sin ar fud na t\u00edre le rannph\u00e1irtithe an chl\u00e1ir, tr\u00edna gcruth\u00f3far ceangal lena n-\u00e1it d\u00fachais. Mar ghn\u00e9 l\u00e1rnach den chl\u00e1r, tabharfaidh na ceannr\u00f3daithe sin a d\u2019oibrigh go d\u00edcheallach sa ch\u00falra tuiscint d\u00fainn ar na f\u00f3rsa\u00ed n\u00e1isi\u00fanta agus idirn\u00e1isi\u00fanta a chabhraigh leo Cumann Pheil na mBan a bhun\u00fa agus a neart\u00fa mar eagra\u00edocht agus mar phobal.<br \/>\n&nbsp;<\/p>\n<p>Stiurth\u00f3ir:  Moira Sweeney <\/p>\n<p>L\u00e9iritheoir: Sarah McCoy<\/p>\n<p>Eagarth\u00f3ir: Erin Foley<\/p>\n<p>Rannph\u00e1irtithe: Louise N\u00ed Mhuircheartaigh, Margaret Lawlor, Michelle Ryan, Michael Ryan, Catriona Casey, Brenda McAnespie, Ciara McAnespie, Aoife McAnespie, Valerie Mulcahy, Rena Buckley, Cora Staunton, Mair\u00e9ad Seoighe, Hannah Tyrrell, Sorcha Furlong, Hayley Kilgallon, Jonathon Murphy, M\u00e1ire N\u00ed Bhraon\u00e1in, Helen O\u2019Rourke, Brian Tyers<br \/>\n&nbsp;<\/p>\n<p>L\u00e9iri\u00fach\u00e1in de cuid NemetonTV, comhlacht neamhsple\u00e1ch \u00f3n Rinn, i nGaeltacht na nD\u00e9ise a l\u00e9ir\u00edonn formh\u00f3r de chl\u00e1ir sp\u00f3irt TG4.<br \/>\n&nbsp;<\/p>\n<p><strong>Craolfar an cl\u00e1r LGFA @ 50 ar TG4 D\u00e9 Domhnaigh an 22 Nollaig ag an 4pm.<\/strong><\/p>\n<p>&nbsp;<\/p>\n","protected":false},"excerpt":{"rendered":"<p>&nbsp; &nbsp; Com\u00f3radh ar an \u00e9acht at\u00e1 bainte amach ag Cumann Pheil na mBan \u00f3n tr\u00e1th nach raibh ann ach cumann beag go dt\u00ed an l\u00e1 at\u00e1 inniu ann agus \u00e1it th\u00e1bhachtach anois aige i socha\u00ed na h\u00c9ireann. &nbsp; Tugtar urraim sa chl\u00e1r faisn\u00e9ise speisialta seo do 50 bliain de pheil eisceacht\u00fail na mban in [&hellip;]<\/p>\n","protected":false},"author":876,"featured_media":0,"parent":208148,"menu_order":55,"comment_status":"closed","ping_status":"closed","template":"page-templates\/template-pr.php","meta":{"_acf_changed":false,"footnotes":""},"acf":[],"yoast_head":"<!-- This site is optimized with the Yoast SEO plugin v22.6 - https:\/\/yoast.com\/wordpress\/plugins\/seo\/ -->\n<title>LGFA @ 50 - Cl\u00e1r Faisn\u00e9ise ag com\u00f3radh 50 bliain de Pheil na mBan | Preasr\u00e1iteas | TG4<\/title>\n<meta name=\"description\" content=\"Com\u00f3radh ar an \u00e9acht at\u00e1 bainte amach ag Cumann Pheil na mBan \u00f3n tr\u00e1th nach raibh ann ach cumann beag\u00a0go dt\u00ed an l\u00e1 at\u00e1 inniu ann agus \u00e1it th\u00e1bhachtach anois aige i socha\u00ed na h\u00c9ireann.\" \/>\n<meta name=\"robots\" content=\"index, follow, max-snippet:-1, max-image-preview:large, max-video-preview:-1\" \/>\n<meta property=\"og:locale\" content=\"en_US\" \/>\n<meta property=\"og:type\" content=\"article\" \/>\n<meta property=\"og:title\" content=\"LGFA @ 50 - Cl\u00e1r Faisn\u00e9ise ag com\u00f3radh 50 bliain de Pheil na mBan | Preasr\u00e1iteas | TG4\" \/>\n<meta property=\"og:description\" content=\"Com\u00f3radh ar an \u00e9acht at\u00e1 bainte amach ag Cumann Pheil na mBan \u00f3n tr\u00e1th nach raibh ann ach cumann beag\u00a0go dt\u00ed an l\u00e1 at\u00e1 inniu ann agus \u00e1it th\u00e1bhachtach anois aige i socha\u00ed na h\u00c9ireann.\" \/>\n<meta property=\"og:url\" content=\"https:\/\/dev.tg4.ie\/ga\/eolas\/preas\/nuacht-raitis\/2024-2\/lgfa-50-clar-faisneise-ag-comoradh-50-bliain-de-pheil-na-mban\/\" \/>\n<meta property=\"og:site_name\" content=\"TG4\" \/>\n<meta property=\"article:publisher\" content=\"https:\/\/www.facebook.com\/TG4TV\" \/>\n<meta property=\"og:image\" content=\"https:\/\/tg4-docs.s3.amazonaws.com\/wp-content\/uploads\/2024\/12\/16161833\/LGFA_50_1-1920x1080-1.jpg\" \/>\n\t<meta property=\"og:image:width\" content=\"1920\" \/>\n\t<meta property=\"og:image:height\" content=\"1080\" \/>\n\t<meta property=\"og:image:type\" content=\"image\/jpeg\" \/>\n<meta name=\"twitter:card\" content=\"summary_large_image\" \/>\n<meta name=\"twitter:image\" content=\"https:\/\/tg4-docs.s3.amazonaws.com\/wp-content\/uploads\/2024\/12\/16161833\/LGFA_50_1-1920x1080-1.jpg\" \/>\n<meta name=\"twitter:site\" content=\"@TG4TV\" \/>\n<meta name=\"twitter:label1\" content=\"Est. reading time\" \/>\n\t<meta name=\"twitter:data1\" content=\"3 minutes\" \/>\n<script type=\"application\/ld+json\" class=\"yoast-schema-graph\">{\"@context\":\"https:\/\/schema.org\",\"@graph\":[{\"@type\":\"WebPage\",\"@id\":\"https:\/\/dev.tg4.ie\/ga\/eolas\/preas\/nuacht-raitis\/2024-2\/lgfa-50-clar-faisneise-ag-comoradh-50-bliain-de-pheil-na-mban\/\",\"url\":\"https:\/\/dev.tg4.ie\/ga\/eolas\/preas\/nuacht-raitis\/2024-2\/lgfa-50-clar-faisneise-ag-comoradh-50-bliain-de-pheil-na-mban\/\",\"name\":\"LGFA @ 50 - Cl\u00e1r Faisn\u00e9ise ag com\u00f3radh 50 bliain de Pheil na mBan | Preasr\u00e1iteas | TG4\",\"isPartOf\":{\"@id\":\"https:\/\/dev.tg4.ie\/en\/#website\"},\"primaryImageOfPage\":{\"@id\":\"https:\/\/dev.tg4.ie\/ga\/eolas\/preas\/nuacht-raitis\/2024-2\/lgfa-50-clar-faisneise-ag-comoradh-50-bliain-de-pheil-na-mban\/#primaryimage\"},\"image\":{\"@id\":\"https:\/\/dev.tg4.ie\/ga\/eolas\/preas\/nuacht-raitis\/2024-2\/lgfa-50-clar-faisneise-ag-comoradh-50-bliain-de-pheil-na-mban\/#primaryimage\"},\"thumbnailUrl\":\"https:\/\/dev.tg4.ie\/wp-content\/uploads\/2024\/12\/LGFA_50_1-1920x1080-1.jpg\",\"datePublished\":\"2024-12-16T16:25:00+00:00\",\"dateModified\":\"2024-12-16T16:25:00+00:00\",\"description\":\"Com\u00f3radh ar an \u00e9acht at\u00e1 bainte amach ag Cumann Pheil na mBan \u00f3n tr\u00e1th nach raibh ann ach cumann beag\u00a0go dt\u00ed an l\u00e1 at\u00e1 inniu ann agus \u00e1it th\u00e1bhachtach anois aige i socha\u00ed na h\u00c9ireann.\",\"breadcrumb\":{\"@id\":\"https:\/\/dev.tg4.ie\/ga\/eolas\/preas\/nuacht-raitis\/2024-2\/lgfa-50-clar-faisneise-ag-comoradh-50-bliain-de-pheil-na-mban\/#breadcrumb\"},\"inLanguage\":\"ga\",\"potentialAction\":[{\"@type\":\"ReadAction\",\"target\":[\"https:\/\/dev.tg4.ie\/ga\/eolas\/preas\/nuacht-raitis\/2024-2\/lgfa-50-clar-faisneise-ag-comoradh-50-bliain-de-pheil-na-mban\/\"]}]},{\"@type\":\"ImageObject\",\"inLanguage\":\"ga\",\"@id\":\"https:\/\/dev.tg4.ie\/ga\/eolas\/preas\/nuacht-raitis\/2024-2\/lgfa-50-clar-faisneise-ag-comoradh-50-bliain-de-pheil-na-mban\/#primaryimage\",\"url\":\"https:\/\/dev.tg4.ie\/wp-content\/uploads\/2024\/12\/LGFA_50_1-1920x1080-1.jpg\",\"contentUrl\":\"https:\/\/dev.tg4.ie\/wp-content\/uploads\/2024\/12\/LGFA_50_1-1920x1080-1.jpg\"},{\"@type\":\"BreadcrumbList\",\"@id\":\"https:\/\/dev.tg4.ie\/ga\/eolas\/preas\/nuacht-raitis\/2024-2\/lgfa-50-clar-faisneise-ag-comoradh-50-bliain-de-pheil-na-mban\/#breadcrumb\",\"itemListElement\":[{\"@type\":\"ListItem\",\"position\":1,\"name\":\"Home\",\"item\":\"https:\/\/dev.tg4.ie\/ga\/\"},{\"@type\":\"ListItem\",\"position\":2,\"name\":\"Eolas\",\"item\":\"https:\/\/dev.tg4.ie\/ga\/eolas\/\"},{\"@type\":\"ListItem\",\"position\":3,\"name\":\"Preas\",\"item\":\"https:\/\/dev.tg4.ie\/ga\/eolas\/preas\/\"},{\"@type\":\"ListItem\",\"position\":4,\"name\":\"Nuacht R\u00e1itis\",\"item\":\"https:\/\/dev.tg4.ie\/ga\/eolas\/preas\/nuacht-raitis\/\"},{\"@type\":\"ListItem\",\"position\":5,\"name\":\"2024\",\"item\":\"https:\/\/dev.tg4.ie\/ga\/eolas\/preas\/nuacht-raitis\/2024-2\/\"},{\"@type\":\"ListItem\",\"position\":6,\"name\":\"LGFA @ 50 &#8211; Cl\u00e1r Faisn\u00e9ise ag com\u00f3radh 50 bliain de Pheil na mBan\"}]},{\"@type\":\"WebSite\",\"@id\":\"https:\/\/dev.tg4.ie\/en\/#website\",\"url\":\"https:\/\/dev.tg4.ie\/en\/\",\"name\":\"TG4\",\"description\":\"S\u00fail Eile\",\"potentialAction\":[{\"@type\":\"SearchAction\",\"target\":{\"@type\":\"EntryPoint\",\"urlTemplate\":\"https:\/\/dev.tg4.ie\/en\/?s={search_term_string}\"},\"query-input\":\"required name=search_term_string\"}],\"inLanguage\":\"ga\"}]}<\/script>\n<!-- \/ Yoast SEO plugin. -->","yoast_head_json":{"title":"LGFA @ 50 - Cl\u00e1r Faisn\u00e9ise ag com\u00f3radh 50 bliain de Pheil na mBan | Preasr\u00e1iteas | TG4","description":"Com\u00f3radh ar an \u00e9acht at\u00e1 bainte amach ag Cumann Pheil na mBan \u00f3n tr\u00e1th nach raibh ann ach cumann beag\u00a0go dt\u00ed an l\u00e1 at\u00e1 inniu ann agus \u00e1it th\u00e1bhachtach anois aige i socha\u00ed na h\u00c9ireann.","robots":{"index":"index","follow":"follow","max-snippet":"max-snippet:-1","max-image-preview":"max-image-preview:large","max-video-preview":"max-video-preview:-1"},"og_locale":"en_US","og_type":"article","og_title":"LGFA @ 50 - Cl\u00e1r Faisn\u00e9ise ag com\u00f3radh 50 bliain de Pheil na mBan | Preasr\u00e1iteas | TG4","og_description":"Com\u00f3radh ar an \u00e9acht at\u00e1 bainte amach ag Cumann Pheil na mBan \u00f3n tr\u00e1th nach raibh ann ach cumann beag\u00a0go dt\u00ed an l\u00e1 at\u00e1 inniu ann agus \u00e1it th\u00e1bhachtach anois aige i socha\u00ed na h\u00c9ireann.","og_url":"https:\/\/dev.tg4.ie\/ga\/eolas\/preas\/nuacht-raitis\/2024-2\/lgfa-50-clar-faisneise-ag-comoradh-50-bliain-de-pheil-na-mban\/","og_site_name":"TG4","article_publisher":"https:\/\/www.facebook.com\/TG4TV","og_image":[{"width":1920,"height":1080,"url":"https:\/\/tg4-docs.s3.amazonaws.com\/wp-content\/uploads\/2024\/12\/16161833\/LGFA_50_1-1920x1080-1.jpg","type":"image\/jpeg"}],"twitter_card":"summary_large_image","twitter_image":"https:\/\/tg4-docs.s3.amazonaws.com\/wp-content\/uploads\/2024\/12\/16161833\/LGFA_50_1-1920x1080-1.jpg","twitter_site":"@TG4TV","twitter_misc":{"Est. reading time":"3 minutes"},"schema":{"@context":"https:\/\/schema.org","@graph":[{"@type":"WebPage","@id":"https:\/\/dev.tg4.ie\/ga\/eolas\/preas\/nuacht-raitis\/2024-2\/lgfa-50-clar-faisneise-ag-comoradh-50-bliain-de-pheil-na-mban\/","url":"https:\/\/dev.tg4.ie\/ga\/eolas\/preas\/nuacht-raitis\/2024-2\/lgfa-50-clar-faisneise-ag-comoradh-50-bliain-de-pheil-na-mban\/","name":"LGFA @ 50 - Cl\u00e1r Faisn\u00e9ise ag com\u00f3radh 50 bliain de Pheil na mBan | Preasr\u00e1iteas | TG4","isPartOf":{"@id":"https:\/\/dev.tg4.ie\/en\/#website"},"primaryImageOfPage":{"@id":"https:\/\/dev.tg4.ie\/ga\/eolas\/preas\/nuacht-raitis\/2024-2\/lgfa-50-clar-faisneise-ag-comoradh-50-bliain-de-pheil-na-mban\/#primaryimage"},"image":{"@id":"https:\/\/dev.tg4.ie\/ga\/eolas\/preas\/nuacht-raitis\/2024-2\/lgfa-50-clar-faisneise-ag-comoradh-50-bliain-de-pheil-na-mban\/#primaryimage"},"thumbnailUrl":"https:\/\/dev.tg4.ie\/wp-content\/uploads\/2024\/12\/LGFA_50_1-1920x1080-1.jpg","datePublished":"2024-12-16T16:25:00+00:00","dateModified":"2024-12-16T16:25:00+00:00","description":"Com\u00f3radh ar an \u00e9acht at\u00e1 bainte amach ag Cumann Pheil na mBan \u00f3n tr\u00e1th nach raibh ann ach cumann beag\u00a0go dt\u00ed an l\u00e1 at\u00e1 inniu ann agus \u00e1it th\u00e1bhachtach anois aige i socha\u00ed na h\u00c9ireann.","breadcrumb":{"@id":"https:\/\/dev.tg4.ie\/ga\/eolas\/preas\/nuacht-raitis\/2024-2\/lgfa-50-clar-faisneise-ag-comoradh-50-bliain-de-pheil-na-mban\/#breadcrumb"},"inLanguage":"ga","potentialAction":[{"@type":"ReadAction","target":["https:\/\/dev.tg4.ie\/ga\/eolas\/preas\/nuacht-raitis\/2024-2\/lgfa-50-clar-faisneise-ag-comoradh-50-bliain-de-pheil-na-mban\/"]}]},{"@type":"ImageObject","inLanguage":"ga","@id":"https:\/\/dev.tg4.ie\/ga\/eolas\/preas\/nuacht-raitis\/2024-2\/lgfa-50-clar-faisneise-ag-comoradh-50-bliain-de-pheil-na-mban\/#primaryimage","url":"https:\/\/dev.tg4.ie\/wp-content\/uploads\/2024\/12\/LGFA_50_1-1920x1080-1.jpg","contentUrl":"https:\/\/dev.tg4.ie\/wp-content\/uploads\/2024\/12\/LGFA_50_1-1920x1080-1.jpg"},{"@type":"BreadcrumbList","@id":"https:\/\/dev.tg4.ie\/ga\/eolas\/preas\/nuacht-raitis\/2024-2\/lgfa-50-clar-faisneise-ag-comoradh-50-bliain-de-pheil-na-mban\/#breadcrumb","itemListElement":[{"@type":"ListItem","position":1,"name":"Home","item":"https:\/\/dev.tg4.ie\/ga\/"},{"@type":"ListItem","position":2,"name":"Eolas","item":"https:\/\/dev.tg4.ie\/ga\/eolas\/"},{"@type":"ListItem","position":3,"name":"Preas","item":"https:\/\/dev.tg4.ie\/ga\/eolas\/preas\/"},{"@type":"ListItem","position":4,"name":"Nuacht R\u00e1itis","item":"https:\/\/dev.tg4.ie\/ga\/eolas\/preas\/nuacht-raitis\/"},{"@type":"ListItem","position":5,"name":"2024","item":"https:\/\/dev.tg4.ie\/ga\/eolas\/preas\/nuacht-raitis\/2024-2\/"},{"@type":"ListItem","position":6,"name":"LGFA @ 50 &#8211; Cl\u00e1r Faisn\u00e9ise ag com\u00f3radh 50 bliain de Pheil na mBan"}]},{"@type":"WebSite","@id":"https:\/\/dev.tg4.ie\/en\/#website","url":"https:\/\/dev.tg4.ie\/en\/","name":"TG4","description":"S\u00fail Eile","potentialAction":[{"@type":"SearchAction","target":{"@type":"EntryPoint","urlTemplate":"https:\/\/dev.tg4.ie\/en\/?s={search_term_string}"},"query-input":"required name=search_term_string"}],"inLanguage":"ga"}]}},"_links":{"self":[{"href":"https:\/\/dev.tg4.ie\/ga\/wp-json\/wp\/v2\/pages\/236116"}],"collection":[{"href":"https:\/\/dev.tg4.ie\/ga\/wp-json\/wp\/v2\/pages"}],"about":[{"href":"https:\/\/dev.tg4.ie\/ga\/wp-json\/wp\/v2\/types\/page"}],"author":[{"embeddable":true,"href":"https:\/\/dev.tg4.ie\/ga\/wp-json\/wp\/v2\/users\/876"}],"replies":[{"embeddable":true,"href":"https:\/\/dev.tg4.ie\/ga\/wp-json\/wp\/v2\/comments?post=236116"}],"version-history":[{"count":0,"href":"https:\/\/dev.tg4.ie\/ga\/wp-json\/wp\/v2\/pages\/236116\/revisions"}],"up":[{"embeddable":true,"href":"https:\/\/dev.tg4.ie\/ga\/wp-json\/wp\/v2\/pages\/208148"}],"wp:attachment":[{"href":"https:\/\/dev.tg4.ie\/ga\/wp-json\/wp\/v2\/media?parent=236116"}],"curies":[{"name":"wp","href":"https:\/\/api.w.org\/{rel}","templated":true}]}}