{"id":236148,"date":"2024-12-19T13:08:15","date_gmt":"2024-12-19T13:08:15","guid":{"rendered":"https:\/\/dev.tg4.ie\/?page_id=236148"},"modified":"2024-12-19T13:08:15","modified_gmt":"2024-12-19T13:08:15","slug":"ag-triall-ar-chill-na-martra-clar-faisneise-faoi-chomortas-peile-na-gaeltachta-2024","status":"publish","type":"page","link":"https:\/\/dev.tg4.ie\/ga\/eolas\/preas\/nuacht-raitis\/2024-2\/ag-triall-ar-chill-na-martra-clar-faisneise-faoi-chomortas-peile-na-gaeltachta-2024\/","title":{"rendered":"Ag Triall ar Chill na Martra &#8211; Cl\u00e1r faisn\u00e9ise faoi Chom\u00f3rtas Peile na Gaeltachta 2024"},"content":{"rendered":"<table>\n<tbody>\n<tr>\n<td width=\"100%\"><a href=\"https:\/\/tg4-docs.s3.amazonaws.com\/wp-content\/uploads\/2024\/12\/19130408\/Ag_Triall_ar_Chill_na_Martra_2-1920x1080-1.jpg\"><img loading=\"lazy\" decoding=\"async\" width=\"1920\" height=\"1080\" src=\"https:\/\/tg4-docs.s3.amazonaws.com\/wp-content\/uploads\/2024\/12\/19130408\/Ag_Triall_ar_Chill_na_Martra_2-1920x1080-1.jpg\" alt=\"\" class=\"aligncenter size-full wp-image-236152\" srcset=\"https:\/\/tg4-docs.s3.amazonaws.com\/wp-content\/uploads\/2024\/12\/19130408\/Ag_Triall_ar_Chill_na_Martra_2-1920x1080-1.jpg 1920w, https:\/\/tg4-docs.s3.amazonaws.com\/wp-content\/uploads\/2024\/12\/19130408\/Ag_Triall_ar_Chill_na_Martra_2-1920x1080-1-250x141.jpg 250w, https:\/\/tg4-docs.s3.amazonaws.com\/wp-content\/uploads\/2024\/12\/19130408\/Ag_Triall_ar_Chill_na_Martra_2-1920x1080-1-700x394.jpg 700w, https:\/\/tg4-docs.s3.amazonaws.com\/wp-content\/uploads\/2024\/12\/19130408\/Ag_Triall_ar_Chill_na_Martra_2-1920x1080-1-252x141.jpg 252w, https:\/\/tg4-docs.s3.amazonaws.com\/wp-content\/uploads\/2024\/12\/19130408\/Ag_Triall_ar_Chill_na_Martra_2-1920x1080-1-1536x864.jpg 1536w, https:\/\/tg4-docs.s3.amazonaws.com\/wp-content\/uploads\/2024\/12\/19130408\/Ag_Triall_ar_Chill_na_Martra_2-1920x1080-1-120x68.jpg 120w\" sizes=\"(max-width: 1920px) 100vw, 1920px\" \/><\/a><\/td>\n<\/tr>\n<\/tbody>\n<\/table>\n<p>&nbsp;<br \/>\nT\u00e1 Cumann Peile Chill na Martra, l\u00e1thair <strong>Chom\u00f3rtas Peile na Gaeltachta 2024<\/strong>, suite i measc na gcnoc i n<strong>Gaeltacht Mh\u00fascra\u00ed<\/strong>. Deireadh seachtaine l\u00e1n de chomhluadar agus craic a bh\u00edonn ann ina dtugann suas le 800 imreoir, 31 fhoireann agus na m\u00edlte lucht taca\u00edochta faoin aistear chuig tion\u00f3l m\u00f3r samhraidh phobal na Gaeltachta.<br \/>\n&nbsp;<\/p>\n<p>Sa chl\u00e1r seo, <em>Ag Triall ar Chill na Martra<\/em>, tabharfar spl\u00e9achadh ar na daoine at\u00e1 l\u00e1rnach i bpr\u00edomhfh\u00e9ile bhliant\u00fail na Gaeltachta. Beimid i dteannta imreoir\u00ed agus bainisteoir\u00ed fhoirne peile <strong>Chill na Martra<\/strong> agus <strong>na Rinne<\/strong> agus iad p\u00e1irteach i gCraobh Shinsear na bhFear. Caithfimid seal freisin in \u00e9ineacht le foirne Pheil na mBan <strong>Chlann na nGael i gContae na M\u00ed<\/strong> agus mn\u00e1 <strong>Mh\u00edche\u00e1l Breathnach<\/strong> at\u00e1 tagtha as Cois Fharraige i gCo. na Gaillimhe le bheith p\u00e1irteach i gCraobh na S\u00f3isear.<br \/>\n&nbsp;<\/p>\n<p>Is \u00e9 seo an dara huair ag pobal Chill na Martra ag re\u00e1cht\u00e1il an chom\u00f3rtais. Re\u00e1cht\u00e1il siad den ch\u00e9ad uair \u00e9 sa mbliain 2005. Is ioma\u00ed athr\u00fa at\u00e1 tagtha ar an saol \u00f3 shin agus creideann lucht eagraithe an chom\u00f3rtais i gCill na Martra go bhfuil an bhuaic sroichte ag an gcom\u00f3rtas anois \u00f3 thaobh m\u00e9ide. Le linn an chl\u00e1ir, beimid i dteannta lucht eagraithe an chom\u00f3rtais chun l\u00e9argas pearsanta a fh\u00e1il ar an dua agus ar na d\u00fashl\u00e1in, ar an m\u00f3rtas \u00e1ite, ar an gcraic agus ar an gceili\u00faradh a bh\u00edonn i gceist le linn na f\u00e9ile speisialta pobail seo.<br \/>\n&nbsp;<\/p>\n<p>N\u00e1 caill <em>Ag Triall ar Chill na Martra<\/em> <strong>D\u00e9 Luain an 30 Nollaig ag 8:55pm ar TG4<\/strong>.<\/p>\n<p>&nbsp;<\/p>\n","protected":false},"excerpt":{"rendered":"<p>&nbsp; T\u00e1 Cumann Peile Chill na Martra, l\u00e1thair Chom\u00f3rtas Peile na Gaeltachta 2024, suite i measc na gcnoc i nGaeltacht Mh\u00fascra\u00ed. Deireadh seachtaine l\u00e1n de chomhluadar agus craic a bh\u00edonn ann ina dtugann suas le 800 imreoir, 31 fhoireann agus na m\u00edlte lucht taca\u00edochta faoin aistear chuig tion\u00f3l m\u00f3r samhraidh phobal na Gaeltachta. &nbsp; Sa [&hellip;]<\/p>\n","protected":false},"author":876,"featured_media":0,"parent":208148,"menu_order":56,"comment_status":"closed","ping_status":"closed","template":"page-templates\/template-pr.php","meta":{"_acf_changed":false,"footnotes":""},"acf":[],"yoast_head":"<!-- This site is optimized with the Yoast SEO plugin v22.6 - https:\/\/yoast.com\/wordpress\/plugins\/seo\/ -->\n<title>Ag Triall ar Chill na Martra - Cl\u00e1r faisn\u00e9ise faoi Chom\u00f3rtas Peile na Gaeltachta 2024 | Preasr\u00e1iteas | TG4<\/title>\n<meta name=\"description\" content=\"Sa chl\u00e1r seo, Ag Triall ar Chill na Martra, tabharfar spl\u00e9achadh ar na daoine at\u00e1 l\u00e1rnach i bpr\u00edomhfh\u00e9ile bhliant\u00fail na Gaeltachta.\" \/>\n<meta name=\"robots\" content=\"index, follow, max-snippet:-1, max-image-preview:large, max-video-preview:-1\" \/>\n<meta property=\"og:locale\" content=\"en_US\" \/>\n<meta property=\"og:type\" content=\"article\" \/>\n<meta property=\"og:title\" content=\"Ag Triall ar Chill na Martra - Cl\u00e1r faisn\u00e9ise faoi Chom\u00f3rtas Peile na Gaeltachta 2024 | Preasr\u00e1iteas | TG4\" \/>\n<meta property=\"og:description\" content=\"Sa chl\u00e1r seo, Ag Triall ar Chill na Martra, tabharfar spl\u00e9achadh ar na daoine at\u00e1 l\u00e1rnach i bpr\u00edomhfh\u00e9ile bhliant\u00fail na Gaeltachta.\" \/>\n<meta property=\"og:url\" content=\"https:\/\/dev.tg4.ie\/ga\/eolas\/preas\/nuacht-raitis\/2024-2\/ag-triall-ar-chill-na-martra-clar-faisneise-faoi-chomortas-peile-na-gaeltachta-2024\/\" \/>\n<meta property=\"og:site_name\" content=\"TG4\" \/>\n<meta property=\"article:publisher\" content=\"https:\/\/www.facebook.com\/TG4TV\" \/>\n<meta property=\"og:image\" content=\"https:\/\/tg4-docs.s3.amazonaws.com\/wp-content\/uploads\/2024\/12\/19130408\/Ag_Triall_ar_Chill_na_Martra_2-1920x1080-1.jpg\" \/>\n\t<meta property=\"og:image:width\" content=\"1920\" \/>\n\t<meta property=\"og:image:height\" content=\"1080\" \/>\n\t<meta property=\"og:image:type\" content=\"image\/jpeg\" \/>\n<meta name=\"twitter:card\" content=\"summary_large_image\" \/>\n<meta name=\"twitter:image\" content=\"https:\/\/tg4-docs.s3.amazonaws.com\/wp-content\/uploads\/2024\/12\/19130408\/Ag_Triall_ar_Chill_na_Martra_2-1920x1080-1.jpg\" \/>\n<meta name=\"twitter:site\" content=\"@TG4TV\" \/>\n<meta name=\"twitter:label1\" content=\"Est. reading time\" \/>\n\t<meta name=\"twitter:data1\" content=\"2 minutes\" \/>\n<script type=\"application\/ld+json\" class=\"yoast-schema-graph\">{\"@context\":\"https:\/\/schema.org\",\"@graph\":[{\"@type\":\"WebPage\",\"@id\":\"https:\/\/dev.tg4.ie\/ga\/eolas\/preas\/nuacht-raitis\/2024-2\/ag-triall-ar-chill-na-martra-clar-faisneise-faoi-chomortas-peile-na-gaeltachta-2024\/\",\"url\":\"https:\/\/dev.tg4.ie\/ga\/eolas\/preas\/nuacht-raitis\/2024-2\/ag-triall-ar-chill-na-martra-clar-faisneise-faoi-chomortas-peile-na-gaeltachta-2024\/\",\"name\":\"Ag Triall ar Chill na Martra - Cl\u00e1r faisn\u00e9ise faoi Chom\u00f3rtas Peile na Gaeltachta 2024 | Preasr\u00e1iteas | TG4\",\"isPartOf\":{\"@id\":\"https:\/\/dev.tg4.ie\/en\/#website\"},\"primaryImageOfPage\":{\"@id\":\"https:\/\/dev.tg4.ie\/ga\/eolas\/preas\/nuacht-raitis\/2024-2\/ag-triall-ar-chill-na-martra-clar-faisneise-faoi-chomortas-peile-na-gaeltachta-2024\/#primaryimage\"},\"image\":{\"@id\":\"https:\/\/dev.tg4.ie\/ga\/eolas\/preas\/nuacht-raitis\/2024-2\/ag-triall-ar-chill-na-martra-clar-faisneise-faoi-chomortas-peile-na-gaeltachta-2024\/#primaryimage\"},\"thumbnailUrl\":\"https:\/\/dev.tg4.ie\/wp-content\/uploads\/2024\/12\/Ag_Triall_ar_Chill_na_Martra_2-1920x1080-1.jpg\",\"datePublished\":\"2024-12-19T13:08:15+00:00\",\"dateModified\":\"2024-12-19T13:08:15+00:00\",\"description\":\"Sa chl\u00e1r seo, Ag Triall ar Chill na Martra, tabharfar spl\u00e9achadh ar na daoine at\u00e1 l\u00e1rnach i bpr\u00edomhfh\u00e9ile bhliant\u00fail na Gaeltachta.\",\"breadcrumb\":{\"@id\":\"https:\/\/dev.tg4.ie\/ga\/eolas\/preas\/nuacht-raitis\/2024-2\/ag-triall-ar-chill-na-martra-clar-faisneise-faoi-chomortas-peile-na-gaeltachta-2024\/#breadcrumb\"},\"inLanguage\":\"ga\",\"potentialAction\":[{\"@type\":\"ReadAction\",\"target\":[\"https:\/\/dev.tg4.ie\/ga\/eolas\/preas\/nuacht-raitis\/2024-2\/ag-triall-ar-chill-na-martra-clar-faisneise-faoi-chomortas-peile-na-gaeltachta-2024\/\"]}]},{\"@type\":\"ImageObject\",\"inLanguage\":\"ga\",\"@id\":\"https:\/\/dev.tg4.ie\/ga\/eolas\/preas\/nuacht-raitis\/2024-2\/ag-triall-ar-chill-na-martra-clar-faisneise-faoi-chomortas-peile-na-gaeltachta-2024\/#primaryimage\",\"url\":\"https:\/\/dev.tg4.ie\/wp-content\/uploads\/2024\/12\/Ag_Triall_ar_Chill_na_Martra_2-1920x1080-1.jpg\",\"contentUrl\":\"https:\/\/dev.tg4.ie\/wp-content\/uploads\/2024\/12\/Ag_Triall_ar_Chill_na_Martra_2-1920x1080-1.jpg\"},{\"@type\":\"BreadcrumbList\",\"@id\":\"https:\/\/dev.tg4.ie\/ga\/eolas\/preas\/nuacht-raitis\/2024-2\/ag-triall-ar-chill-na-martra-clar-faisneise-faoi-chomortas-peile-na-gaeltachta-2024\/#breadcrumb\",\"itemListElement\":[{\"@type\":\"ListItem\",\"position\":1,\"name\":\"Home\",\"item\":\"https:\/\/dev.tg4.ie\/ga\/\"},{\"@type\":\"ListItem\",\"position\":2,\"name\":\"Eolas\",\"item\":\"https:\/\/dev.tg4.ie\/ga\/eolas\/\"},{\"@type\":\"ListItem\",\"position\":3,\"name\":\"Preas\",\"item\":\"https:\/\/dev.tg4.ie\/ga\/eolas\/preas\/\"},{\"@type\":\"ListItem\",\"position\":4,\"name\":\"Nuacht R\u00e1itis\",\"item\":\"https:\/\/dev.tg4.ie\/ga\/eolas\/preas\/nuacht-raitis\/\"},{\"@type\":\"ListItem\",\"position\":5,\"name\":\"2024\",\"item\":\"https:\/\/dev.tg4.ie\/ga\/eolas\/preas\/nuacht-raitis\/2024-2\/\"},{\"@type\":\"ListItem\",\"position\":6,\"name\":\"Ag Triall ar Chill na Martra &#8211; Cl\u00e1r faisn\u00e9ise faoi Chom\u00f3rtas Peile na Gaeltachta 2024\"}]},{\"@type\":\"WebSite\",\"@id\":\"https:\/\/dev.tg4.ie\/en\/#website\",\"url\":\"https:\/\/dev.tg4.ie\/en\/\",\"name\":\"TG4\",\"description\":\"S\u00fail Eile\",\"potentialAction\":[{\"@type\":\"SearchAction\",\"target\":{\"@type\":\"EntryPoint\",\"urlTemplate\":\"https:\/\/dev.tg4.ie\/en\/?s={search_term_string}\"},\"query-input\":\"required name=search_term_string\"}],\"inLanguage\":\"ga\"}]}<\/script>\n<!-- \/ Yoast SEO plugin. -->","yoast_head_json":{"title":"Ag Triall ar Chill na Martra - Cl\u00e1r faisn\u00e9ise faoi Chom\u00f3rtas Peile na Gaeltachta 2024 | Preasr\u00e1iteas | TG4","description":"Sa chl\u00e1r seo, Ag Triall ar Chill na Martra, tabharfar spl\u00e9achadh ar na daoine at\u00e1 l\u00e1rnach i bpr\u00edomhfh\u00e9ile bhliant\u00fail na Gaeltachta.","robots":{"index":"index","follow":"follow","max-snippet":"max-snippet:-1","max-image-preview":"max-image-preview:large","max-video-preview":"max-video-preview:-1"},"og_locale":"en_US","og_type":"article","og_title":"Ag Triall ar Chill na Martra - Cl\u00e1r faisn\u00e9ise faoi Chom\u00f3rtas Peile na Gaeltachta 2024 | Preasr\u00e1iteas | TG4","og_description":"Sa chl\u00e1r seo, Ag Triall ar Chill na Martra, tabharfar spl\u00e9achadh ar na daoine at\u00e1 l\u00e1rnach i bpr\u00edomhfh\u00e9ile bhliant\u00fail na Gaeltachta.","og_url":"https:\/\/dev.tg4.ie\/ga\/eolas\/preas\/nuacht-raitis\/2024-2\/ag-triall-ar-chill-na-martra-clar-faisneise-faoi-chomortas-peile-na-gaeltachta-2024\/","og_site_name":"TG4","article_publisher":"https:\/\/www.facebook.com\/TG4TV","og_image":[{"width":1920,"height":1080,"url":"https:\/\/tg4-docs.s3.amazonaws.com\/wp-content\/uploads\/2024\/12\/19130408\/Ag_Triall_ar_Chill_na_Martra_2-1920x1080-1.jpg","type":"image\/jpeg"}],"twitter_card":"summary_large_image","twitter_image":"https:\/\/tg4-docs.s3.amazonaws.com\/wp-content\/uploads\/2024\/12\/19130408\/Ag_Triall_ar_Chill_na_Martra_2-1920x1080-1.jpg","twitter_site":"@TG4TV","twitter_misc":{"Est. reading time":"2 minutes"},"schema":{"@context":"https:\/\/schema.org","@graph":[{"@type":"WebPage","@id":"https:\/\/dev.tg4.ie\/ga\/eolas\/preas\/nuacht-raitis\/2024-2\/ag-triall-ar-chill-na-martra-clar-faisneise-faoi-chomortas-peile-na-gaeltachta-2024\/","url":"https:\/\/dev.tg4.ie\/ga\/eolas\/preas\/nuacht-raitis\/2024-2\/ag-triall-ar-chill-na-martra-clar-faisneise-faoi-chomortas-peile-na-gaeltachta-2024\/","name":"Ag Triall ar Chill na Martra - Cl\u00e1r faisn\u00e9ise faoi Chom\u00f3rtas Peile na Gaeltachta 2024 | Preasr\u00e1iteas | TG4","isPartOf":{"@id":"https:\/\/dev.tg4.ie\/en\/#website"},"primaryImageOfPage":{"@id":"https:\/\/dev.tg4.ie\/ga\/eolas\/preas\/nuacht-raitis\/2024-2\/ag-triall-ar-chill-na-martra-clar-faisneise-faoi-chomortas-peile-na-gaeltachta-2024\/#primaryimage"},"image":{"@id":"https:\/\/dev.tg4.ie\/ga\/eolas\/preas\/nuacht-raitis\/2024-2\/ag-triall-ar-chill-na-martra-clar-faisneise-faoi-chomortas-peile-na-gaeltachta-2024\/#primaryimage"},"thumbnailUrl":"https:\/\/dev.tg4.ie\/wp-content\/uploads\/2024\/12\/Ag_Triall_ar_Chill_na_Martra_2-1920x1080-1.jpg","datePublished":"2024-12-19T13:08:15+00:00","dateModified":"2024-12-19T13:08:15+00:00","description":"Sa chl\u00e1r seo, Ag Triall ar Chill na Martra, tabharfar spl\u00e9achadh ar na daoine at\u00e1 l\u00e1rnach i bpr\u00edomhfh\u00e9ile bhliant\u00fail na Gaeltachta.","breadcrumb":{"@id":"https:\/\/dev.tg4.ie\/ga\/eolas\/preas\/nuacht-raitis\/2024-2\/ag-triall-ar-chill-na-martra-clar-faisneise-faoi-chomortas-peile-na-gaeltachta-2024\/#breadcrumb"},"inLanguage":"ga","potentialAction":[{"@type":"ReadAction","target":["https:\/\/dev.tg4.ie\/ga\/eolas\/preas\/nuacht-raitis\/2024-2\/ag-triall-ar-chill-na-martra-clar-faisneise-faoi-chomortas-peile-na-gaeltachta-2024\/"]}]},{"@type":"ImageObject","inLanguage":"ga","@id":"https:\/\/dev.tg4.ie\/ga\/eolas\/preas\/nuacht-raitis\/2024-2\/ag-triall-ar-chill-na-martra-clar-faisneise-faoi-chomortas-peile-na-gaeltachta-2024\/#primaryimage","url":"https:\/\/dev.tg4.ie\/wp-content\/uploads\/2024\/12\/Ag_Triall_ar_Chill_na_Martra_2-1920x1080-1.jpg","contentUrl":"https:\/\/dev.tg4.ie\/wp-content\/uploads\/2024\/12\/Ag_Triall_ar_Chill_na_Martra_2-1920x1080-1.jpg"},{"@type":"BreadcrumbList","@id":"https:\/\/dev.tg4.ie\/ga\/eolas\/preas\/nuacht-raitis\/2024-2\/ag-triall-ar-chill-na-martra-clar-faisneise-faoi-chomortas-peile-na-gaeltachta-2024\/#breadcrumb","itemListElement":[{"@type":"ListItem","position":1,"name":"Home","item":"https:\/\/dev.tg4.ie\/ga\/"},{"@type":"ListItem","position":2,"name":"Eolas","item":"https:\/\/dev.tg4.ie\/ga\/eolas\/"},{"@type":"ListItem","position":3,"name":"Preas","item":"https:\/\/dev.tg4.ie\/ga\/eolas\/preas\/"},{"@type":"ListItem","position":4,"name":"Nuacht R\u00e1itis","item":"https:\/\/dev.tg4.ie\/ga\/eolas\/preas\/nuacht-raitis\/"},{"@type":"ListItem","position":5,"name":"2024","item":"https:\/\/dev.tg4.ie\/ga\/eolas\/preas\/nuacht-raitis\/2024-2\/"},{"@type":"ListItem","position":6,"name":"Ag Triall ar Chill na Martra &#8211; Cl\u00e1r faisn\u00e9ise faoi Chom\u00f3rtas Peile na Gaeltachta 2024"}]},{"@type":"WebSite","@id":"https:\/\/dev.tg4.ie\/en\/#website","url":"https:\/\/dev.tg4.ie\/en\/","name":"TG4","description":"S\u00fail Eile","potentialAction":[{"@type":"SearchAction","target":{"@type":"EntryPoint","urlTemplate":"https:\/\/dev.tg4.ie\/en\/?s={search_term_string}"},"query-input":"required name=search_term_string"}],"inLanguage":"ga"}]}},"_links":{"self":[{"href":"https:\/\/dev.tg4.ie\/ga\/wp-json\/wp\/v2\/pages\/236148"}],"collection":[{"href":"https:\/\/dev.tg4.ie\/ga\/wp-json\/wp\/v2\/pages"}],"about":[{"href":"https:\/\/dev.tg4.ie\/ga\/wp-json\/wp\/v2\/types\/page"}],"author":[{"embeddable":true,"href":"https:\/\/dev.tg4.ie\/ga\/wp-json\/wp\/v2\/users\/876"}],"replies":[{"embeddable":true,"href":"https:\/\/dev.tg4.ie\/ga\/wp-json\/wp\/v2\/comments?post=236148"}],"version-history":[{"count":0,"href":"https:\/\/dev.tg4.ie\/ga\/wp-json\/wp\/v2\/pages\/236148\/revisions"}],"up":[{"embeddable":true,"href":"https:\/\/dev.tg4.ie\/ga\/wp-json\/wp\/v2\/pages\/208148"}],"wp:attachment":[{"href":"https:\/\/dev.tg4.ie\/ga\/wp-json\/wp\/v2\/media?parent=236148"}],"curies":[{"name":"wp","href":"https:\/\/api.w.org\/{rel}","templated":true}]}}