{"id":236159,"date":"2024-12-19T13:29:19","date_gmt":"2024-12-19T13:29:19","guid":{"rendered":"https:\/\/dev.tg4.ie\/?page_id=236159"},"modified":"2024-12-19T13:29:19","modified_gmt":"2024-12-19T13:29:19","slug":"scannan-eireannach-kneecap-ar-ghearrliosta-doscar-don-scannan-idirnaisiunta-is-fearr-don-amhran-nua-is-fearr","status":"publish","type":"page","link":"https:\/\/dev.tg4.ie\/ga\/eolas\/preas\/nuacht-raitis\/2024-2\/scannan-eireannach-kneecap-ar-ghearrliosta-doscar-don-scannan-idirnaisiunta-is-fearr-don-amhran-nua-is-fearr\/","title":{"rendered":"Scann\u00e1n \u00c9ireannach &#8216;KNEECAP&#8217; ar Ghearrliosta d&#8217;Oscar\u00ae don Scann\u00e1n Idirn\u00e1isi\u00fanta Is Fearr &#038; don Amhr\u00e1n Nua Is Fearr"},"content":{"rendered":"<table>\n<tbody>\n<tr>\n<td width=\"100%\"><a href=\"https:\/\/tg4-docs.s3.amazonaws.com\/wp-content\/uploads\/2024\/06\/26095055\/KNEECAP_1-1920x1080-1.jpg\"><img loading=\"lazy\" decoding=\"async\" width=\"1920\" height=\"1080\" src=\"https:\/\/tg4-docs.s3.amazonaws.com\/wp-content\/uploads\/2024\/06\/26095055\/KNEECAP_1-1920x1080-1.jpg\" alt=\"\" class=\"aligncenter size-full wp-image-217756\" srcset=\"https:\/\/tg4-docs.s3.amazonaws.com\/wp-content\/uploads\/2024\/06\/26095055\/KNEECAP_1-1920x1080-1.jpg 1920w, https:\/\/tg4-docs.s3.amazonaws.com\/wp-content\/uploads\/2024\/06\/26095055\/KNEECAP_1-1920x1080-1-250x141.jpg 250w, https:\/\/tg4-docs.s3.amazonaws.com\/wp-content\/uploads\/2024\/06\/26095055\/KNEECAP_1-1920x1080-1-700x394.jpg 700w, https:\/\/tg4-docs.s3.amazonaws.com\/wp-content\/uploads\/2024\/06\/26095055\/KNEECAP_1-1920x1080-1-252x141.jpg 252w, https:\/\/tg4-docs.s3.amazonaws.com\/wp-content\/uploads\/2024\/06\/26095055\/KNEECAP_1-1920x1080-1-1536x864.jpg 1536w, https:\/\/tg4-docs.s3.amazonaws.com\/wp-content\/uploads\/2024\/06\/26095055\/KNEECAP_1-1920x1080-1-120x68.jpg 120w\" sizes=\"(max-width: 1920px) 100vw, 1920px\" \/><\/a><\/td>\n<\/tr>\n<\/tbody>\n<\/table>\n<p>&nbsp;<br \/>\n<span data-olk-copy-source=\"MessageBody\">T\u00e1 KNEECAP le Rich Peppiatt curtha ar ghearrliosta d\u2019ainmni\u00fach\u00e1n do Dhuais an Acadaimh don Scann\u00e1n Idirn\u00e1isi\u00fanta is Fearr agus don Amhr\u00e1n Nua is fearr &#8211; &#8216;Sick in the Head&#8217;. Beidh an scann\u00e1n \u00c9ireannach seo, ar \u00e9irigh thar cionn leis sna picti\u00farlanna agus a bhfuil ardmholadh faighte aige \u00f3 l\u00e9irmheast\u00f3ir\u00ed, in ioma\u00edocht d\u2019ainmni\u00fach\u00e1n (a fh\u00f3gr\u00f3far an 17 Ean\u00e1ir) sula mbeidh an searmanas \u00edoc\u00f3nach bronnta ar si\u00fal ar an 2 M\u00e1rta ag Amharclann Dolby\u00ae in Ovation Hollywood, Los Angeles. Is \u00e9 KNEECAP an tr\u00ed\u00fa scann\u00e1n \u00c9ireannach a bhfuil ainmni\u00fach\u00e1n faighte aige sa chatag\u00f3ir seo, fuair Viva agus An Cail\u00edn Ci\u00fain ainmni\u00fach\u00e1n roimhe seo. \u00a0<\/span><br \/>\n&nbsp;<br \/>\n<span>Ag labhairt d\u00f3 faoi bheith ar an ngearrliosta, d\u00fairt scr\u00edbhneoir agus sti\u00farth\u00f3ir KNEECAP, Rich Peppiatt:\u00a0<b><i>&#8220;D\u00e1 dtiocfadh duine isteach sa teach t\u00e1bhairne in 2019 &#8211; nuair a bh\u00ed m\u00e9 f\u00e9in agus Kneecap f\u00f3s ag iarraidh a bheith ag cuimhneamh ar an s\u00f3rt scann\u00e1in a dh\u00e9anfadh muid &#8211; agus d\u00e1 ndeirid\u00eds linn go mbeimis in ioma\u00edocht d\u2019Oscar\u00ae c\u00faig bliana ina dhiaidh sin, is d\u00f3cha go n-iarrfaimis d\u00edobh gal a thabhairt d\u00fainn de cib\u00e9 rud a bh\u00ed \u00e1 chaitheamh acu&#8230; \u00a0Bh\u00edomar thuas seal th\u00edos seal le linn an turais seo, turas lenar bhain an-chuid oibre crua agus neart craice, agus is iontach an ceann scr\u00edbe a bheadh sa chairp\u00e9ad dearg beannaithe in Hollywood.\u2019&#8217;<\/i><\/b><\/span><br \/>\n&nbsp;<br \/>\n<span>Is iad an tri\u00far as an rapghr\u00fapa Kneecap (M\u00f3gla\u00ed Bap, Mo Chara agus DJ Prova\u00ed) as Iarthar Bh\u00e9al Feirste na pr\u00edomhaisteoir\u00ed i scann\u00e1n Peppiatt, ina bhfuil cliar ensemble, lena n-\u00e1ir\u00edtear Michael Fassbender a fuair ainmni\u00fach\u00e1n le haghaidh Oscar\u00ae, Simone Kirby, Josie Walker, Fionnuala Flaherty, Jessica Reynolds agus Adam Best.\u00a0<\/span><\/p>\n<p><span>\u00a0<\/span><\/p>\n<p><span>In Iarthar Bh\u00e9al Feirste sa bhliain 2019 at\u00e1 an scann\u00e1n seo suite agus d\u00edr\u00edonn s\u00e9 ar an uair a raibh s\u00e9 d\u2019\u00e1dh ar an m\u00fainteoir scoile as B\u00e9al Feirste, JJ, aithne a chur ar Naoise agus Liam \u00d3g. N\u00ed bheadh an saol hip hap mar a ch\u00e9ile go br\u00e1ch ar\u00eds. \u00a0Agus iad ag rap\u00e1il ina dteanga dh\u00fachais f\u00e9in, crutha\u00edonn an tri\u00far a se\u00e1nra f\u00e9in den phunc-rap \u00c9ireannach. Iad ag rapp\u00e1il go h\u00e9asca sa Ghaeilge agus sa Bh\u00e9arla araon le fuinneamh spleodrach. \u00a0Tugann a gcuid scr\u00edbhneoireachta agus a gcuid aisteoireachta l\u00e9argas eile ar at\u00e1 in ann a bheith i gceist le rapcheol mar mhodh cruthaitheach agus cult\u00fair, at\u00e1 b\u00e1ite sa phobal. \u00a0Tagann Kneecap le bheith ina gcinn feadhna ar ghluaiseacht Cearta Sibhialta a bhfuil s\u00e9 d&#8217;aidhm aici an teanga dh\u00fachais a thabhairt sl\u00e1n, ag cur deireadh le m\u00edthuiscint daoine faoin teanga agus faoin \u00e1it ina labhra\u00edtear \u00ed agus iad ina dtaoisigh ar athbheochan chult\u00fair agus ar an treabh ollmh\u00f3r daoine \u00f3ga at\u00e1 d\u00edlis d\u00f3ibh.<\/span><br \/>\n&nbsp;<br \/>\n<span>T\u00e1 TG4, craolt\u00f3ir KNEEPCAP, ag s\u00fail go m\u00f3r leis an scann\u00e1n iontach seo a chraoladh in 2026. Deir\u00a0<\/span><span>Proinsias N\u00ed Ghr\u00e1inne, eagarth\u00f3ir coimisi\u00fanaithe i TG4<\/span><span>\u00a0go bhfuil\u00a0<b>&#8220;<\/b><\/span><span><b>r\u00edm\u00e9id orainn do Kneecap f\u00e9in, don fhoireann l\u00e9irithe agus do phobal na Gaeilge ar fud an domhain. T\u00e1 t\u00e9ama\u00ed an scann\u00e1in a bhaineann le f\u00e9in aitheantas agus teanga tar \u00e9is dul i bhfeidhm ar phobal ar bheala\u00ed \u00e9ags\u00fala. \u00a0Is l\u00e9iri\u00fa grinn \u00e9 an saothar cr\u00f3ga, eala\u00edne seo gach at\u00e1 i gceist le &#8216;S\u00fail Eile&#8217; TG4 agus t\u00e1imid ag s\u00fail leis an gcraoladh i 2026.<\/b><\/span><span><b> T\u00e1 TG4, craolt\u00f3ir KNEEPCAP, ag s\u00fail go m\u00f3r leis an scann\u00e1n iontach seo a chraoladh in 2026.&#8221;<\/b><\/span><\/p>\n<p><span>\u00a0<\/span><\/p>\n<p><span>Tagann an f\u00f3gra maidir le gearrliosta Oscar\u00ae i ndiaidh don scann\u00e1n an-chuid gradaim a thabhairt leis ag na British Independent Film Awards (BIFA) n\u00edos luaithe an mh\u00ed seo , seacht ngradam m\u00f3r le r\u00e1 ar fad a bhuaigh KNEECAP. I measc na ngradam sin bh\u00ed an Scann\u00e1n Neamhsple\u00e1ch Briotanach is Fearr, an Scr\u00edbhneoir Scripte den Ch\u00e9ad Uair is Fearr do Rich Peppiatt, agus an Pr\u00edomhthaispe\u00e1ntas i gComhar is Fearr do bhaill Kneecap, Liam \u00d3g \u00d3 hAnnaidh, Naoise \u00d3 Caireall\u00e1in, agus JJ \u00d3 Dochartaigh. \u00a0Bronnadh gradaim freisin ar an scann\u00e1n don Roghn\u00fa Aisteoir\u00ed is Fearr, don Eagarth\u00f3ireacht is Fearr, don Cheol Bunaidh is Fearr, agus don Mhaoirseacht Cheoil is Fearr. \u00a0 Ina theannta sin, fuair KNEECAP ainmni\u00fach\u00e1n do Ghradam Rogha na L\u00e9irmheast\u00f3ir\u00ed don Scann\u00e1n is Fearr i dTeanga Iasachta agus ainmn\u00edodh \u00e9 don Scann\u00e1n Teanga Iasachta is Fearr ag an Atlanta Film Critics Circle an tseachtain seo caite.<\/span><br \/>\n&nbsp;<br \/>\n<span>Taispe\u00e1nadh KNEECAP don Domhan den ch\u00e9ad uair riamh ag F\u00e9ile Scann\u00e1n Sundance in Ean\u00e1ir 2024 agus d\u2019\u00e9irigh leis an Gradam Lucht F\u00e9achana NEXT a thabhairt leis, an ch\u00e9ad scann\u00e1n Gaeilge leis an mbua a fh\u00e1il ag an bhf\u00e9ile. Taispe\u00e1nadh ina dhiaidh sin \u00e9 ag Sundance London,\u00a0<\/span><span>Karlovy Vary, Tallinn Black Nights, Tribeca,<\/span><span><br \/>\n<\/span><span>agus SXSW. B<\/span><span>a \u00e9 a chuir t\u00fas le Fleadh Scann\u00e1n na Gaillimhe, \u00e1it ar bhuaigh s\u00e9 tr\u00ed dhuais, Gradam an Lucht F\u00e9achana ina measc. \u00a0<\/span><br \/>\n&nbsp;<br \/>\n<span>Trevor Birney agus Jack Tarling a l\u00e9irigh an scann\u00e1n do Fine Point Films agus Mother Tongues Films, agus bh\u00ed Patrick O&#8217;Neill \u00f3 Wildcard ina Chomh-L\u00e9iritheoir. TG4, Sc\u00e1ile\u00e1n Thuaisceart \u00c9ireann, an Ciste Craolt\u00f3ireachta Gaeilge, F\u00eds \u00c9ireann, BFI (a bhronn maoini\u00fa \u00f3n gCrannchur N\u00e1isi\u00fanta), Coimisi\u00fan na Me\u00e1n, Dias Feld agus Kamila Serkebaeva, a chur maoini\u00fa ar f\u00e1il don scann\u00e1n agus fuair s\u00e9 taca\u00edocht \u00f3 Great Point Media.<\/span><br \/>\n&nbsp;<\/p>\n","protected":false},"excerpt":{"rendered":"<p>&nbsp; T\u00e1 KNEECAP le Rich Peppiatt curtha ar ghearrliosta d\u2019ainmni\u00fach\u00e1n do Dhuais an Acadaimh don Scann\u00e1n Idirn\u00e1isi\u00fanta is Fearr agus don Amhr\u00e1n Nua is fearr &#8211; &#8216;Sick in the Head&#8217;. Beidh an scann\u00e1n \u00c9ireannach seo, ar \u00e9irigh thar cionn leis sna picti\u00farlanna agus a bhfuil ardmholadh faighte aige \u00f3 l\u00e9irmheast\u00f3ir\u00ed, in ioma\u00edocht d\u2019ainmni\u00fach\u00e1n (a fh\u00f3gr\u00f3far [&hellip;]<\/p>\n","protected":false},"author":876,"featured_media":0,"parent":208148,"menu_order":57,"comment_status":"closed","ping_status":"closed","template":"page-templates\/template-pr.php","meta":{"_acf_changed":false,"footnotes":""},"acf":[],"yoast_head":"<!-- This site is optimized with the Yoast SEO plugin v22.6 - https:\/\/yoast.com\/wordpress\/plugins\/seo\/ -->\n<title>Scann\u00e1n \u00c9ireannach &#039;KNEECAP&#039; ar Ghearrliosta d&#039;Oscar\u00ae don Scann\u00e1n Idirn\u00e1isi\u00fanta Is Fearr &amp; don Amhr\u00e1n Nua Is Fearr | Preasr\u00e1iteas | TG4<\/title>\n<meta name=\"description\" content=\"T\u00e1 KNEECAP le Rich Peppiatt curtha ar ghearrliosta d\u2019ainmni\u00fach\u00e1n do Dhuais an Acadaimh don Scann\u00e1n Idirn\u00e1isi\u00fanta is Fearr agus don Amhr\u00e1n Nua is fearr - &#039;Sick in the Head&#039;.\" \/>\n<meta name=\"robots\" content=\"index, follow, max-snippet:-1, max-image-preview:large, max-video-preview:-1\" \/>\n<meta property=\"og:locale\" content=\"en_US\" \/>\n<meta property=\"og:type\" content=\"article\" \/>\n<meta property=\"og:title\" content=\"Scann\u00e1n \u00c9ireannach &#039;KNEECAP&#039; ar Ghearrliosta d&#039;Oscar\u00ae don Scann\u00e1n Idirn\u00e1isi\u00fanta Is Fearr &amp; don Amhr\u00e1n Nua Is Fearr | Preasr\u00e1iteas | TG4\" \/>\n<meta property=\"og:description\" content=\"T\u00e1 KNEECAP le Rich Peppiatt curtha ar ghearrliosta d\u2019ainmni\u00fach\u00e1n do Dhuais an Acadaimh don Scann\u00e1n Idirn\u00e1isi\u00fanta is Fearr agus don Amhr\u00e1n Nua is fearr - &#039;Sick in the Head&#039;.\" \/>\n<meta property=\"og:url\" content=\"https:\/\/dev.tg4.ie\/ga\/eolas\/preas\/nuacht-raitis\/2024-2\/scannan-eireannach-kneecap-ar-ghearrliosta-doscar-don-scannan-idirnaisiunta-is-fearr-don-amhran-nua-is-fearr\/\" \/>\n<meta property=\"og:site_name\" content=\"TG4\" \/>\n<meta property=\"article:publisher\" content=\"https:\/\/www.facebook.com\/TG4TV\" \/>\n<meta property=\"og:image\" content=\"https:\/\/tg4-docs.s3.amazonaws.com\/wp-content\/uploads\/2024\/06\/26095055\/KNEECAP_1-1920x1080-1.jpg\" \/>\n\t<meta property=\"og:image:width\" content=\"1920\" \/>\n\t<meta property=\"og:image:height\" content=\"1080\" \/>\n\t<meta property=\"og:image:type\" content=\"image\/jpeg\" \/>\n<meta name=\"twitter:card\" content=\"summary_large_image\" \/>\n<meta name=\"twitter:image\" content=\"https:\/\/tg4-docs.s3.amazonaws.com\/wp-content\/uploads\/2024\/06\/26095055\/KNEECAP_1-1920x1080-1.jpg\" \/>\n<meta name=\"twitter:site\" content=\"@TG4TV\" \/>\n<meta name=\"twitter:label1\" content=\"Est. reading time\" \/>\n\t<meta name=\"twitter:data1\" content=\"4 minutes\" \/>\n<script type=\"application\/ld+json\" class=\"yoast-schema-graph\">{\"@context\":\"https:\/\/schema.org\",\"@graph\":[{\"@type\":\"WebPage\",\"@id\":\"https:\/\/dev.tg4.ie\/ga\/eolas\/preas\/nuacht-raitis\/2024-2\/scannan-eireannach-kneecap-ar-ghearrliosta-doscar-don-scannan-idirnaisiunta-is-fearr-don-amhran-nua-is-fearr\/\",\"url\":\"https:\/\/dev.tg4.ie\/ga\/eolas\/preas\/nuacht-raitis\/2024-2\/scannan-eireannach-kneecap-ar-ghearrliosta-doscar-don-scannan-idirnaisiunta-is-fearr-don-amhran-nua-is-fearr\/\",\"name\":\"Scann\u00e1n \u00c9ireannach 'KNEECAP' ar Ghearrliosta d'Oscar\u00ae don Scann\u00e1n Idirn\u00e1isi\u00fanta Is Fearr & don Amhr\u00e1n Nua Is Fearr | Preasr\u00e1iteas | TG4\",\"isPartOf\":{\"@id\":\"https:\/\/dev.tg4.ie\/en\/#website\"},\"primaryImageOfPage\":{\"@id\":\"https:\/\/dev.tg4.ie\/ga\/eolas\/preas\/nuacht-raitis\/2024-2\/scannan-eireannach-kneecap-ar-ghearrliosta-doscar-don-scannan-idirnaisiunta-is-fearr-don-amhran-nua-is-fearr\/#primaryimage\"},\"image\":{\"@id\":\"https:\/\/dev.tg4.ie\/ga\/eolas\/preas\/nuacht-raitis\/2024-2\/scannan-eireannach-kneecap-ar-ghearrliosta-doscar-don-scannan-idirnaisiunta-is-fearr-don-amhran-nua-is-fearr\/#primaryimage\"},\"thumbnailUrl\":\"https:\/\/dev.tg4.ie\/wp-content\/uploads\/2024\/06\/KNEECAP_1-1920x1080-1.jpg\",\"datePublished\":\"2024-12-19T13:29:19+00:00\",\"dateModified\":\"2024-12-19T13:29:19+00:00\",\"description\":\"T\u00e1 KNEECAP le Rich Peppiatt curtha ar ghearrliosta d\u2019ainmni\u00fach\u00e1n do Dhuais an Acadaimh don Scann\u00e1n Idirn\u00e1isi\u00fanta is Fearr agus don Amhr\u00e1n Nua is fearr - 'Sick in the Head'.\",\"breadcrumb\":{\"@id\":\"https:\/\/dev.tg4.ie\/ga\/eolas\/preas\/nuacht-raitis\/2024-2\/scannan-eireannach-kneecap-ar-ghearrliosta-doscar-don-scannan-idirnaisiunta-is-fearr-don-amhran-nua-is-fearr\/#breadcrumb\"},\"inLanguage\":\"ga\",\"potentialAction\":[{\"@type\":\"ReadAction\",\"target\":[\"https:\/\/dev.tg4.ie\/ga\/eolas\/preas\/nuacht-raitis\/2024-2\/scannan-eireannach-kneecap-ar-ghearrliosta-doscar-don-scannan-idirnaisiunta-is-fearr-don-amhran-nua-is-fearr\/\"]}]},{\"@type\":\"ImageObject\",\"inLanguage\":\"ga\",\"@id\":\"https:\/\/dev.tg4.ie\/ga\/eolas\/preas\/nuacht-raitis\/2024-2\/scannan-eireannach-kneecap-ar-ghearrliosta-doscar-don-scannan-idirnaisiunta-is-fearr-don-amhran-nua-is-fearr\/#primaryimage\",\"url\":\"https:\/\/dev.tg4.ie\/wp-content\/uploads\/2024\/06\/KNEECAP_1-1920x1080-1.jpg\",\"contentUrl\":\"https:\/\/dev.tg4.ie\/wp-content\/uploads\/2024\/06\/KNEECAP_1-1920x1080-1.jpg\"},{\"@type\":\"BreadcrumbList\",\"@id\":\"https:\/\/dev.tg4.ie\/ga\/eolas\/preas\/nuacht-raitis\/2024-2\/scannan-eireannach-kneecap-ar-ghearrliosta-doscar-don-scannan-idirnaisiunta-is-fearr-don-amhran-nua-is-fearr\/#breadcrumb\",\"itemListElement\":[{\"@type\":\"ListItem\",\"position\":1,\"name\":\"Home\",\"item\":\"https:\/\/dev.tg4.ie\/ga\/\"},{\"@type\":\"ListItem\",\"position\":2,\"name\":\"Eolas\",\"item\":\"https:\/\/dev.tg4.ie\/ga\/eolas\/\"},{\"@type\":\"ListItem\",\"position\":3,\"name\":\"Preas\",\"item\":\"https:\/\/dev.tg4.ie\/ga\/eolas\/preas\/\"},{\"@type\":\"ListItem\",\"position\":4,\"name\":\"Nuacht R\u00e1itis\",\"item\":\"https:\/\/dev.tg4.ie\/ga\/eolas\/preas\/nuacht-raitis\/\"},{\"@type\":\"ListItem\",\"position\":5,\"name\":\"2024\",\"item\":\"https:\/\/dev.tg4.ie\/ga\/eolas\/preas\/nuacht-raitis\/2024-2\/\"},{\"@type\":\"ListItem\",\"position\":6,\"name\":\"Scann\u00e1n \u00c9ireannach &#8216;KNEECAP&#8217; ar Ghearrliosta d&#8217;Oscar\u00ae don Scann\u00e1n Idirn\u00e1isi\u00fanta Is Fearr &#038; don Amhr\u00e1n Nua Is Fearr\"}]},{\"@type\":\"WebSite\",\"@id\":\"https:\/\/dev.tg4.ie\/en\/#website\",\"url\":\"https:\/\/dev.tg4.ie\/en\/\",\"name\":\"TG4\",\"description\":\"S\u00fail Eile\",\"potentialAction\":[{\"@type\":\"SearchAction\",\"target\":{\"@type\":\"EntryPoint\",\"urlTemplate\":\"https:\/\/dev.tg4.ie\/en\/?s={search_term_string}\"},\"query-input\":\"required name=search_term_string\"}],\"inLanguage\":\"ga\"}]}<\/script>\n<!-- \/ Yoast SEO plugin. -->","yoast_head_json":{"title":"Scann\u00e1n \u00c9ireannach 'KNEECAP' ar Ghearrliosta d'Oscar\u00ae don Scann\u00e1n Idirn\u00e1isi\u00fanta Is Fearr & don Amhr\u00e1n Nua Is Fearr | Preasr\u00e1iteas | TG4","description":"T\u00e1 KNEECAP le Rich Peppiatt curtha ar ghearrliosta d\u2019ainmni\u00fach\u00e1n do Dhuais an Acadaimh don Scann\u00e1n Idirn\u00e1isi\u00fanta is Fearr agus don Amhr\u00e1n Nua is fearr - 'Sick in the Head'.","robots":{"index":"index","follow":"follow","max-snippet":"max-snippet:-1","max-image-preview":"max-image-preview:large","max-video-preview":"max-video-preview:-1"},"og_locale":"en_US","og_type":"article","og_title":"Scann\u00e1n \u00c9ireannach 'KNEECAP' ar Ghearrliosta d'Oscar\u00ae don Scann\u00e1n Idirn\u00e1isi\u00fanta Is Fearr & don Amhr\u00e1n Nua Is Fearr | Preasr\u00e1iteas | TG4","og_description":"T\u00e1 KNEECAP le Rich Peppiatt curtha ar ghearrliosta d\u2019ainmni\u00fach\u00e1n do Dhuais an Acadaimh don Scann\u00e1n Idirn\u00e1isi\u00fanta is Fearr agus don Amhr\u00e1n Nua is fearr - 'Sick in the Head'.","og_url":"https:\/\/dev.tg4.ie\/ga\/eolas\/preas\/nuacht-raitis\/2024-2\/scannan-eireannach-kneecap-ar-ghearrliosta-doscar-don-scannan-idirnaisiunta-is-fearr-don-amhran-nua-is-fearr\/","og_site_name":"TG4","article_publisher":"https:\/\/www.facebook.com\/TG4TV","og_image":[{"width":1920,"height":1080,"url":"https:\/\/tg4-docs.s3.amazonaws.com\/wp-content\/uploads\/2024\/06\/26095055\/KNEECAP_1-1920x1080-1.jpg","type":"image\/jpeg"}],"twitter_card":"summary_large_image","twitter_image":"https:\/\/tg4-docs.s3.amazonaws.com\/wp-content\/uploads\/2024\/06\/26095055\/KNEECAP_1-1920x1080-1.jpg","twitter_site":"@TG4TV","twitter_misc":{"Est. reading time":"4 minutes"},"schema":{"@context":"https:\/\/schema.org","@graph":[{"@type":"WebPage","@id":"https:\/\/dev.tg4.ie\/ga\/eolas\/preas\/nuacht-raitis\/2024-2\/scannan-eireannach-kneecap-ar-ghearrliosta-doscar-don-scannan-idirnaisiunta-is-fearr-don-amhran-nua-is-fearr\/","url":"https:\/\/dev.tg4.ie\/ga\/eolas\/preas\/nuacht-raitis\/2024-2\/scannan-eireannach-kneecap-ar-ghearrliosta-doscar-don-scannan-idirnaisiunta-is-fearr-don-amhran-nua-is-fearr\/","name":"Scann\u00e1n \u00c9ireannach 'KNEECAP' ar Ghearrliosta d'Oscar\u00ae don Scann\u00e1n Idirn\u00e1isi\u00fanta Is Fearr & don Amhr\u00e1n Nua Is Fearr | Preasr\u00e1iteas | TG4","isPartOf":{"@id":"https:\/\/dev.tg4.ie\/en\/#website"},"primaryImageOfPage":{"@id":"https:\/\/dev.tg4.ie\/ga\/eolas\/preas\/nuacht-raitis\/2024-2\/scannan-eireannach-kneecap-ar-ghearrliosta-doscar-don-scannan-idirnaisiunta-is-fearr-don-amhran-nua-is-fearr\/#primaryimage"},"image":{"@id":"https:\/\/dev.tg4.ie\/ga\/eolas\/preas\/nuacht-raitis\/2024-2\/scannan-eireannach-kneecap-ar-ghearrliosta-doscar-don-scannan-idirnaisiunta-is-fearr-don-amhran-nua-is-fearr\/#primaryimage"},"thumbnailUrl":"https:\/\/dev.tg4.ie\/wp-content\/uploads\/2024\/06\/KNEECAP_1-1920x1080-1.jpg","datePublished":"2024-12-19T13:29:19+00:00","dateModified":"2024-12-19T13:29:19+00:00","description":"T\u00e1 KNEECAP le Rich Peppiatt curtha ar ghearrliosta d\u2019ainmni\u00fach\u00e1n do Dhuais an Acadaimh don Scann\u00e1n Idirn\u00e1isi\u00fanta is Fearr agus don Amhr\u00e1n Nua is fearr - 'Sick in the Head'.","breadcrumb":{"@id":"https:\/\/dev.tg4.ie\/ga\/eolas\/preas\/nuacht-raitis\/2024-2\/scannan-eireannach-kneecap-ar-ghearrliosta-doscar-don-scannan-idirnaisiunta-is-fearr-don-amhran-nua-is-fearr\/#breadcrumb"},"inLanguage":"ga","potentialAction":[{"@type":"ReadAction","target":["https:\/\/dev.tg4.ie\/ga\/eolas\/preas\/nuacht-raitis\/2024-2\/scannan-eireannach-kneecap-ar-ghearrliosta-doscar-don-scannan-idirnaisiunta-is-fearr-don-amhran-nua-is-fearr\/"]}]},{"@type":"ImageObject","inLanguage":"ga","@id":"https:\/\/dev.tg4.ie\/ga\/eolas\/preas\/nuacht-raitis\/2024-2\/scannan-eireannach-kneecap-ar-ghearrliosta-doscar-don-scannan-idirnaisiunta-is-fearr-don-amhran-nua-is-fearr\/#primaryimage","url":"https:\/\/dev.tg4.ie\/wp-content\/uploads\/2024\/06\/KNEECAP_1-1920x1080-1.jpg","contentUrl":"https:\/\/dev.tg4.ie\/wp-content\/uploads\/2024\/06\/KNEECAP_1-1920x1080-1.jpg"},{"@type":"BreadcrumbList","@id":"https:\/\/dev.tg4.ie\/ga\/eolas\/preas\/nuacht-raitis\/2024-2\/scannan-eireannach-kneecap-ar-ghearrliosta-doscar-don-scannan-idirnaisiunta-is-fearr-don-amhran-nua-is-fearr\/#breadcrumb","itemListElement":[{"@type":"ListItem","position":1,"name":"Home","item":"https:\/\/dev.tg4.ie\/ga\/"},{"@type":"ListItem","position":2,"name":"Eolas","item":"https:\/\/dev.tg4.ie\/ga\/eolas\/"},{"@type":"ListItem","position":3,"name":"Preas","item":"https:\/\/dev.tg4.ie\/ga\/eolas\/preas\/"},{"@type":"ListItem","position":4,"name":"Nuacht R\u00e1itis","item":"https:\/\/dev.tg4.ie\/ga\/eolas\/preas\/nuacht-raitis\/"},{"@type":"ListItem","position":5,"name":"2024","item":"https:\/\/dev.tg4.ie\/ga\/eolas\/preas\/nuacht-raitis\/2024-2\/"},{"@type":"ListItem","position":6,"name":"Scann\u00e1n \u00c9ireannach &#8216;KNEECAP&#8217; ar Ghearrliosta d&#8217;Oscar\u00ae don Scann\u00e1n Idirn\u00e1isi\u00fanta Is Fearr &#038; don Amhr\u00e1n Nua Is Fearr"}]},{"@type":"WebSite","@id":"https:\/\/dev.tg4.ie\/en\/#website","url":"https:\/\/dev.tg4.ie\/en\/","name":"TG4","description":"S\u00fail Eile","potentialAction":[{"@type":"SearchAction","target":{"@type":"EntryPoint","urlTemplate":"https:\/\/dev.tg4.ie\/en\/?s={search_term_string}"},"query-input":"required name=search_term_string"}],"inLanguage":"ga"}]}},"_links":{"self":[{"href":"https:\/\/dev.tg4.ie\/ga\/wp-json\/wp\/v2\/pages\/236159"}],"collection":[{"href":"https:\/\/dev.tg4.ie\/ga\/wp-json\/wp\/v2\/pages"}],"about":[{"href":"https:\/\/dev.tg4.ie\/ga\/wp-json\/wp\/v2\/types\/page"}],"author":[{"embeddable":true,"href":"https:\/\/dev.tg4.ie\/ga\/wp-json\/wp\/v2\/users\/876"}],"replies":[{"embeddable":true,"href":"https:\/\/dev.tg4.ie\/ga\/wp-json\/wp\/v2\/comments?post=236159"}],"version-history":[{"count":0,"href":"https:\/\/dev.tg4.ie\/ga\/wp-json\/wp\/v2\/pages\/236159\/revisions"}],"up":[{"embeddable":true,"href":"https:\/\/dev.tg4.ie\/ga\/wp-json\/wp\/v2\/pages\/208148"}],"wp:attachment":[{"href":"https:\/\/dev.tg4.ie\/ga\/wp-json\/wp\/v2\/media?parent=236159"}],"curies":[{"name":"wp","href":"https:\/\/api.w.org\/{rel}","templated":true}]}}