{"id":236170,"date":"2024-12-19T13:44:50","date_gmt":"2024-12-19T13:44:50","guid":{"rendered":"https:\/\/dev.tg4.ie\/?page_id=236170"},"modified":"2024-12-19T13:44:50","modified_gmt":"2024-12-19T13:44:50","slug":"an-cliath-oilimpeach-an-duthracht-a-theastaionn-chun-na-cluichi-oilimpeacha-a-bhaint-amach","status":"publish","type":"page","link":"https:\/\/dev.tg4.ie\/ga\/eolas\/preas\/nuacht-raitis\/2024-2\/an-cliath-oilimpeach-an-duthracht-a-theastaionn-chun-na-cluichi-oilimpeacha-a-bhaint-amach\/","title":{"rendered":"An Cliath Oilimpeach &#8211; An d\u00fathracht a theasta\u00edonn chun na Cluich\u00ed Oilimpeacha a bhaint amach"},"content":{"rendered":"<table>\n<tbody>\n<tr>\n<td width=\"100%\"><a href=\"https:\/\/tg4-docs.s3.amazonaws.com\/wp-content\/uploads\/2024\/12\/19134022\/An_Cliath_Oilimpeach_1-1920x1080-1.jpg\"><img loading=\"lazy\" decoding=\"async\" width=\"1920\" height=\"1080\" src=\"https:\/\/tg4-docs.s3.amazonaws.com\/wp-content\/uploads\/2024\/12\/19134022\/An_Cliath_Oilimpeach_1-1920x1080-1.jpg\" alt=\"\" class=\"aligncenter size-full wp-image-236174\" srcset=\"https:\/\/tg4-docs.s3.amazonaws.com\/wp-content\/uploads\/2024\/12\/19134022\/An_Cliath_Oilimpeach_1-1920x1080-1.jpg 1920w, https:\/\/tg4-docs.s3.amazonaws.com\/wp-content\/uploads\/2024\/12\/19134022\/An_Cliath_Oilimpeach_1-1920x1080-1-250x141.jpg 250w, https:\/\/tg4-docs.s3.amazonaws.com\/wp-content\/uploads\/2024\/12\/19134022\/An_Cliath_Oilimpeach_1-1920x1080-1-700x394.jpg 700w, https:\/\/tg4-docs.s3.amazonaws.com\/wp-content\/uploads\/2024\/12\/19134022\/An_Cliath_Oilimpeach_1-1920x1080-1-252x141.jpg 252w, https:\/\/tg4-docs.s3.amazonaws.com\/wp-content\/uploads\/2024\/12\/19134022\/An_Cliath_Oilimpeach_1-1920x1080-1-1536x864.jpg 1536w, https:\/\/tg4-docs.s3.amazonaws.com\/wp-content\/uploads\/2024\/12\/19134022\/An_Cliath_Oilimpeach_1-1920x1080-1-120x68.jpg 120w\" sizes=\"(max-width: 1920px) 100vw, 1920px\" \/><\/a><\/td>\n<\/tr>\n<\/tbody>\n<\/table>\n<p>&nbsp;<\/p>\n<p id=\"x_isPasted\"><span data-olk-copy-source=\"MessageBody\">N\u00ed \u00e9asca a bh\u00edonn s\u00e9 ar dhuine ar bith arb \u00e9 mian a cro\u00ed \u00e9 dul san ioma\u00edocht sna Cluich\u00ed Oilimpeacha. Leantar sc\u00e9al an\u00a0<strong>chliathreatha\u00ed 400m, Diarmuid Clancy<\/strong>, sa chl\u00e1r faisn\u00e9ise seo de r\u00e9ir mar a bh\u00edonn s\u00e9 i mbun traen\u00e1la chun a sprioc a bhaint amach, dul san ioma\u00edocht san imeacht sp\u00f3irt is aitheanta ar domhan.<\/span><\/p>\n<p><span>Is \u00e9 an sc\u00e9al iontach pearsanta a ins\u00edtear sa chl\u00e1r faisn\u00e9ise seo a dh\u00e9anann cl\u00e1r faisn\u00e9ise ar leith de. Gn\u00e9 l\u00e1rnach den scann\u00e1n is ea aiste a scr\u00edobh Diarmuid agus \u00e9 ar scoil, aiste a \u00fas\u00e1idtear feadh an cl\u00e1ir faisn\u00e9ise chun an tionchar a bh\u00ed ag r\u00e1s amh\u00e1in ar a bhriongl\u00f3id Oilimpeach a l\u00e9iri\u00fa.\u00a0<\/span><br \/>\n&nbsp;<br \/>\n<span>Is ioma\u00ed bac a bh\u00edonn roimh l\u00fathchleasa\u00ed ar bith &#8211; an br\u00fa s\u00edora\u00ed a bhaineann le cothroma\u00edocht a bhaint amach idir an sp\u00f3rt agus an gn\u00e1thshaol, an t-oideachas agus c\u00farsa\u00ed airgid. Ach crutha\u00edodh bacanna eile leis an bpaind\u00e9im COVID-19 a raibh g\u00e1 do Dhiarmuid iad a sh\u00e1r\u00fa, an baol go gcuirfear na Cluich\u00ed ar ceal uilig ina measc.<\/span><br \/>\n&nbsp;<br \/>\n<span>Tabharfaidh an\u00a0<strong>Curadh Domhanda sa chliathr\u00e1s r\u00e1ibe, Derval O&#8217;Rourke<\/strong>, a ghlac p\u00e1irt sna Cluich\u00ed Oilimpeacha \u00ed f\u00e9in faoi thr\u00ed, comhth\u00e9acs ar streachailt Dhiarmuid \u00f3 tharla gur thug s\u00ed f\u00e9in aghaidh ar an streachailt ch\u00e9anna. Tabharfaidh s\u00ed l\u00e9argas an tsaineola\u00ed ar a turas f\u00e9in agus d\u00e9anfaidh s\u00ed machnamh air chun a l\u00e9argas a tabhairt ar an gcaoi ar f\u00e9idir le teacht aniar agus buanseasmhacht an duine f\u00e9in, mar aon le f\u00f3rsa\u00ed seachtracha anaithnid, bealach an l\u00fathchleasa\u00ed a mh\u00fanl\u00fa ag tr\u00e1th leochaileach ina bhfuil athr\u00fa ag tarl\u00fa.<\/span><br \/>\n&nbsp;<br \/>\n<span>Cl\u00fada\u00edtear tr\u00e9imhse tr\u00ed bliana in An Cliath Oilimpeach , tr\u00e9imhse ina gcaitear s\u00fail ar an d\u00fathracht a theasta\u00edonn uaidh dhuine le bheith me\u00e1ite ar sprioc a bhaint amach nuair is cos\u00fail go bhfuil gach rud ag teacht ina n-aghaidh. Tabharfaidh Diarmuid l\u00e9argas le linn an chl\u00e1ir ar an gcothroma\u00edocht leochaileach a bh\u00edonn i gceist nuair a bh\u00edonn acmhainn\u00ed teoranta ag duine ach br\u00fa orthu mar sin f\u00e9in nuair at\u00e1thar ag s\u00fail go n-\u00e9ireoidh leo. Leagfaidh s\u00e9 b\u00e9im freisin ar na ceachtanna luachmhara saoil a fhoghlaim\u00edtear nuair a thugtar t\u00fas \u00e1ite do sprioc ollmh\u00f3r a chuireann an gn\u00e1thshaol ar athl\u00e1. \u00a0<\/span><br \/>\n&nbsp;<br \/>\n<span>Craolfar An Cliath Oilimpeach\u00a0<strong>D\u00e9ardaoin an 2 Ean\u00e1ir ag 7:15pm agus an 5 Ean\u00e1ir ag 6.10pm ar TG4<\/strong>.<\/span><\/p>\n<p>&nbsp;<\/p>\n","protected":false},"excerpt":{"rendered":"<p>&nbsp; N\u00ed \u00e9asca a bh\u00edonn s\u00e9 ar dhuine ar bith arb \u00e9 mian a cro\u00ed \u00e9 dul san ioma\u00edocht sna Cluich\u00ed Oilimpeacha. Leantar sc\u00e9al an\u00a0chliathreatha\u00ed 400m, Diarmuid Clancy, sa chl\u00e1r faisn\u00e9ise seo de r\u00e9ir mar a bh\u00edonn s\u00e9 i mbun traen\u00e1la chun a sprioc a bhaint amach, dul san ioma\u00edocht san imeacht sp\u00f3irt is aitheanta [&hellip;]<\/p>\n","protected":false},"author":876,"featured_media":0,"parent":208148,"menu_order":58,"comment_status":"closed","ping_status":"closed","template":"page-templates\/template-pr.php","meta":{"_acf_changed":false,"footnotes":""},"acf":[],"yoast_head":"<!-- This site is optimized with the Yoast SEO plugin v22.6 - https:\/\/yoast.com\/wordpress\/plugins\/seo\/ -->\n<title>An Cliath Oilimpeach - An d\u00fathracht a theasta\u00edonn chun na Cluich\u00ed Oilimpeacha a bhaint amach | Preasr\u00e1iteas | TG4<\/title>\n<meta name=\"description\" content=\"N\u00ed \u00e9asca a bh\u00edonn s\u00e9 ar dhuine ar bith arb \u00e9 mian a cro\u00ed \u00e9 dul san ioma\u00edocht sna Cluich\u00ed Oilimpeacha.\" \/>\n<meta name=\"robots\" content=\"index, follow, max-snippet:-1, max-image-preview:large, max-video-preview:-1\" \/>\n<meta property=\"og:locale\" content=\"en_US\" \/>\n<meta property=\"og:type\" content=\"article\" \/>\n<meta property=\"og:title\" content=\"An Cliath Oilimpeach - An d\u00fathracht a theasta\u00edonn chun na Cluich\u00ed Oilimpeacha a bhaint amach | Preasr\u00e1iteas | TG4\" \/>\n<meta property=\"og:description\" content=\"N\u00ed \u00e9asca a bh\u00edonn s\u00e9 ar dhuine ar bith arb \u00e9 mian a cro\u00ed \u00e9 dul san ioma\u00edocht sna Cluich\u00ed Oilimpeacha.\" \/>\n<meta property=\"og:url\" content=\"https:\/\/dev.tg4.ie\/ga\/eolas\/preas\/nuacht-raitis\/2024-2\/an-cliath-oilimpeach-an-duthracht-a-theastaionn-chun-na-cluichi-oilimpeacha-a-bhaint-amach\/\" \/>\n<meta property=\"og:site_name\" content=\"TG4\" \/>\n<meta property=\"article:publisher\" content=\"https:\/\/www.facebook.com\/TG4TV\" \/>\n<meta property=\"og:image\" content=\"https:\/\/tg4-docs.s3.amazonaws.com\/wp-content\/uploads\/2024\/12\/19134022\/An_Cliath_Oilimpeach_1-1920x1080-1.jpg\" \/>\n\t<meta property=\"og:image:width\" content=\"1920\" \/>\n\t<meta property=\"og:image:height\" content=\"1080\" \/>\n\t<meta property=\"og:image:type\" content=\"image\/jpeg\" \/>\n<meta name=\"twitter:card\" content=\"summary_large_image\" \/>\n<meta name=\"twitter:image\" content=\"https:\/\/tg4-docs.s3.amazonaws.com\/wp-content\/uploads\/2024\/12\/19134022\/An_Cliath_Oilimpeach_1-1920x1080-1.jpg\" \/>\n<meta name=\"twitter:site\" content=\"@TG4TV\" \/>\n<meta name=\"twitter:label1\" content=\"Est. reading time\" \/>\n\t<meta name=\"twitter:data1\" content=\"2 minutes\" \/>\n<script type=\"application\/ld+json\" class=\"yoast-schema-graph\">{\"@context\":\"https:\/\/schema.org\",\"@graph\":[{\"@type\":\"WebPage\",\"@id\":\"https:\/\/dev.tg4.ie\/ga\/eolas\/preas\/nuacht-raitis\/2024-2\/an-cliath-oilimpeach-an-duthracht-a-theastaionn-chun-na-cluichi-oilimpeacha-a-bhaint-amach\/\",\"url\":\"https:\/\/dev.tg4.ie\/ga\/eolas\/preas\/nuacht-raitis\/2024-2\/an-cliath-oilimpeach-an-duthracht-a-theastaionn-chun-na-cluichi-oilimpeacha-a-bhaint-amach\/\",\"name\":\"An Cliath Oilimpeach - An d\u00fathracht a theasta\u00edonn chun na Cluich\u00ed Oilimpeacha a bhaint amach | Preasr\u00e1iteas | TG4\",\"isPartOf\":{\"@id\":\"https:\/\/dev.tg4.ie\/en\/#website\"},\"primaryImageOfPage\":{\"@id\":\"https:\/\/dev.tg4.ie\/ga\/eolas\/preas\/nuacht-raitis\/2024-2\/an-cliath-oilimpeach-an-duthracht-a-theastaionn-chun-na-cluichi-oilimpeacha-a-bhaint-amach\/#primaryimage\"},\"image\":{\"@id\":\"https:\/\/dev.tg4.ie\/ga\/eolas\/preas\/nuacht-raitis\/2024-2\/an-cliath-oilimpeach-an-duthracht-a-theastaionn-chun-na-cluichi-oilimpeacha-a-bhaint-amach\/#primaryimage\"},\"thumbnailUrl\":\"https:\/\/dev.tg4.ie\/wp-content\/uploads\/2024\/12\/An_Cliath_Oilimpeach_1-1920x1080-1.jpg\",\"datePublished\":\"2024-12-19T13:44:50+00:00\",\"dateModified\":\"2024-12-19T13:44:50+00:00\",\"description\":\"N\u00ed \u00e9asca a bh\u00edonn s\u00e9 ar dhuine ar bith arb \u00e9 mian a cro\u00ed \u00e9 dul san ioma\u00edocht sna Cluich\u00ed Oilimpeacha.\",\"breadcrumb\":{\"@id\":\"https:\/\/dev.tg4.ie\/ga\/eolas\/preas\/nuacht-raitis\/2024-2\/an-cliath-oilimpeach-an-duthracht-a-theastaionn-chun-na-cluichi-oilimpeacha-a-bhaint-amach\/#breadcrumb\"},\"inLanguage\":\"ga\",\"potentialAction\":[{\"@type\":\"ReadAction\",\"target\":[\"https:\/\/dev.tg4.ie\/ga\/eolas\/preas\/nuacht-raitis\/2024-2\/an-cliath-oilimpeach-an-duthracht-a-theastaionn-chun-na-cluichi-oilimpeacha-a-bhaint-amach\/\"]}]},{\"@type\":\"ImageObject\",\"inLanguage\":\"ga\",\"@id\":\"https:\/\/dev.tg4.ie\/ga\/eolas\/preas\/nuacht-raitis\/2024-2\/an-cliath-oilimpeach-an-duthracht-a-theastaionn-chun-na-cluichi-oilimpeacha-a-bhaint-amach\/#primaryimage\",\"url\":\"https:\/\/dev.tg4.ie\/wp-content\/uploads\/2024\/12\/An_Cliath_Oilimpeach_1-1920x1080-1.jpg\",\"contentUrl\":\"https:\/\/dev.tg4.ie\/wp-content\/uploads\/2024\/12\/An_Cliath_Oilimpeach_1-1920x1080-1.jpg\"},{\"@type\":\"BreadcrumbList\",\"@id\":\"https:\/\/dev.tg4.ie\/ga\/eolas\/preas\/nuacht-raitis\/2024-2\/an-cliath-oilimpeach-an-duthracht-a-theastaionn-chun-na-cluichi-oilimpeacha-a-bhaint-amach\/#breadcrumb\",\"itemListElement\":[{\"@type\":\"ListItem\",\"position\":1,\"name\":\"Home\",\"item\":\"https:\/\/dev.tg4.ie\/ga\/\"},{\"@type\":\"ListItem\",\"position\":2,\"name\":\"Eolas\",\"item\":\"https:\/\/dev.tg4.ie\/ga\/eolas\/\"},{\"@type\":\"ListItem\",\"position\":3,\"name\":\"Preas\",\"item\":\"https:\/\/dev.tg4.ie\/ga\/eolas\/preas\/\"},{\"@type\":\"ListItem\",\"position\":4,\"name\":\"Nuacht R\u00e1itis\",\"item\":\"https:\/\/dev.tg4.ie\/ga\/eolas\/preas\/nuacht-raitis\/\"},{\"@type\":\"ListItem\",\"position\":5,\"name\":\"2024\",\"item\":\"https:\/\/dev.tg4.ie\/ga\/eolas\/preas\/nuacht-raitis\/2024-2\/\"},{\"@type\":\"ListItem\",\"position\":6,\"name\":\"An Cliath Oilimpeach &#8211; An d\u00fathracht a theasta\u00edonn chun na Cluich\u00ed Oilimpeacha a bhaint amach\"}]},{\"@type\":\"WebSite\",\"@id\":\"https:\/\/dev.tg4.ie\/en\/#website\",\"url\":\"https:\/\/dev.tg4.ie\/en\/\",\"name\":\"TG4\",\"description\":\"S\u00fail Eile\",\"potentialAction\":[{\"@type\":\"SearchAction\",\"target\":{\"@type\":\"EntryPoint\",\"urlTemplate\":\"https:\/\/dev.tg4.ie\/en\/?s={search_term_string}\"},\"query-input\":\"required name=search_term_string\"}],\"inLanguage\":\"ga\"}]}<\/script>\n<!-- \/ Yoast SEO plugin. -->","yoast_head_json":{"title":"An Cliath Oilimpeach - An d\u00fathracht a theasta\u00edonn chun na Cluich\u00ed Oilimpeacha a bhaint amach | Preasr\u00e1iteas | TG4","description":"N\u00ed \u00e9asca a bh\u00edonn s\u00e9 ar dhuine ar bith arb \u00e9 mian a cro\u00ed \u00e9 dul san ioma\u00edocht sna Cluich\u00ed Oilimpeacha.","robots":{"index":"index","follow":"follow","max-snippet":"max-snippet:-1","max-image-preview":"max-image-preview:large","max-video-preview":"max-video-preview:-1"},"og_locale":"en_US","og_type":"article","og_title":"An Cliath Oilimpeach - An d\u00fathracht a theasta\u00edonn chun na Cluich\u00ed Oilimpeacha a bhaint amach | Preasr\u00e1iteas | TG4","og_description":"N\u00ed \u00e9asca a bh\u00edonn s\u00e9 ar dhuine ar bith arb \u00e9 mian a cro\u00ed \u00e9 dul san ioma\u00edocht sna Cluich\u00ed Oilimpeacha.","og_url":"https:\/\/dev.tg4.ie\/ga\/eolas\/preas\/nuacht-raitis\/2024-2\/an-cliath-oilimpeach-an-duthracht-a-theastaionn-chun-na-cluichi-oilimpeacha-a-bhaint-amach\/","og_site_name":"TG4","article_publisher":"https:\/\/www.facebook.com\/TG4TV","og_image":[{"width":1920,"height":1080,"url":"https:\/\/tg4-docs.s3.amazonaws.com\/wp-content\/uploads\/2024\/12\/19134022\/An_Cliath_Oilimpeach_1-1920x1080-1.jpg","type":"image\/jpeg"}],"twitter_card":"summary_large_image","twitter_image":"https:\/\/tg4-docs.s3.amazonaws.com\/wp-content\/uploads\/2024\/12\/19134022\/An_Cliath_Oilimpeach_1-1920x1080-1.jpg","twitter_site":"@TG4TV","twitter_misc":{"Est. reading time":"2 minutes"},"schema":{"@context":"https:\/\/schema.org","@graph":[{"@type":"WebPage","@id":"https:\/\/dev.tg4.ie\/ga\/eolas\/preas\/nuacht-raitis\/2024-2\/an-cliath-oilimpeach-an-duthracht-a-theastaionn-chun-na-cluichi-oilimpeacha-a-bhaint-amach\/","url":"https:\/\/dev.tg4.ie\/ga\/eolas\/preas\/nuacht-raitis\/2024-2\/an-cliath-oilimpeach-an-duthracht-a-theastaionn-chun-na-cluichi-oilimpeacha-a-bhaint-amach\/","name":"An Cliath Oilimpeach - An d\u00fathracht a theasta\u00edonn chun na Cluich\u00ed Oilimpeacha a bhaint amach | Preasr\u00e1iteas | TG4","isPartOf":{"@id":"https:\/\/dev.tg4.ie\/en\/#website"},"primaryImageOfPage":{"@id":"https:\/\/dev.tg4.ie\/ga\/eolas\/preas\/nuacht-raitis\/2024-2\/an-cliath-oilimpeach-an-duthracht-a-theastaionn-chun-na-cluichi-oilimpeacha-a-bhaint-amach\/#primaryimage"},"image":{"@id":"https:\/\/dev.tg4.ie\/ga\/eolas\/preas\/nuacht-raitis\/2024-2\/an-cliath-oilimpeach-an-duthracht-a-theastaionn-chun-na-cluichi-oilimpeacha-a-bhaint-amach\/#primaryimage"},"thumbnailUrl":"https:\/\/dev.tg4.ie\/wp-content\/uploads\/2024\/12\/An_Cliath_Oilimpeach_1-1920x1080-1.jpg","datePublished":"2024-12-19T13:44:50+00:00","dateModified":"2024-12-19T13:44:50+00:00","description":"N\u00ed \u00e9asca a bh\u00edonn s\u00e9 ar dhuine ar bith arb \u00e9 mian a cro\u00ed \u00e9 dul san ioma\u00edocht sna Cluich\u00ed Oilimpeacha.","breadcrumb":{"@id":"https:\/\/dev.tg4.ie\/ga\/eolas\/preas\/nuacht-raitis\/2024-2\/an-cliath-oilimpeach-an-duthracht-a-theastaionn-chun-na-cluichi-oilimpeacha-a-bhaint-amach\/#breadcrumb"},"inLanguage":"ga","potentialAction":[{"@type":"ReadAction","target":["https:\/\/dev.tg4.ie\/ga\/eolas\/preas\/nuacht-raitis\/2024-2\/an-cliath-oilimpeach-an-duthracht-a-theastaionn-chun-na-cluichi-oilimpeacha-a-bhaint-amach\/"]}]},{"@type":"ImageObject","inLanguage":"ga","@id":"https:\/\/dev.tg4.ie\/ga\/eolas\/preas\/nuacht-raitis\/2024-2\/an-cliath-oilimpeach-an-duthracht-a-theastaionn-chun-na-cluichi-oilimpeacha-a-bhaint-amach\/#primaryimage","url":"https:\/\/dev.tg4.ie\/wp-content\/uploads\/2024\/12\/An_Cliath_Oilimpeach_1-1920x1080-1.jpg","contentUrl":"https:\/\/dev.tg4.ie\/wp-content\/uploads\/2024\/12\/An_Cliath_Oilimpeach_1-1920x1080-1.jpg"},{"@type":"BreadcrumbList","@id":"https:\/\/dev.tg4.ie\/ga\/eolas\/preas\/nuacht-raitis\/2024-2\/an-cliath-oilimpeach-an-duthracht-a-theastaionn-chun-na-cluichi-oilimpeacha-a-bhaint-amach\/#breadcrumb","itemListElement":[{"@type":"ListItem","position":1,"name":"Home","item":"https:\/\/dev.tg4.ie\/ga\/"},{"@type":"ListItem","position":2,"name":"Eolas","item":"https:\/\/dev.tg4.ie\/ga\/eolas\/"},{"@type":"ListItem","position":3,"name":"Preas","item":"https:\/\/dev.tg4.ie\/ga\/eolas\/preas\/"},{"@type":"ListItem","position":4,"name":"Nuacht R\u00e1itis","item":"https:\/\/dev.tg4.ie\/ga\/eolas\/preas\/nuacht-raitis\/"},{"@type":"ListItem","position":5,"name":"2024","item":"https:\/\/dev.tg4.ie\/ga\/eolas\/preas\/nuacht-raitis\/2024-2\/"},{"@type":"ListItem","position":6,"name":"An Cliath Oilimpeach &#8211; An d\u00fathracht a theasta\u00edonn chun na Cluich\u00ed Oilimpeacha a bhaint amach"}]},{"@type":"WebSite","@id":"https:\/\/dev.tg4.ie\/en\/#website","url":"https:\/\/dev.tg4.ie\/en\/","name":"TG4","description":"S\u00fail Eile","potentialAction":[{"@type":"SearchAction","target":{"@type":"EntryPoint","urlTemplate":"https:\/\/dev.tg4.ie\/en\/?s={search_term_string}"},"query-input":"required name=search_term_string"}],"inLanguage":"ga"}]}},"_links":{"self":[{"href":"https:\/\/dev.tg4.ie\/ga\/wp-json\/wp\/v2\/pages\/236170"}],"collection":[{"href":"https:\/\/dev.tg4.ie\/ga\/wp-json\/wp\/v2\/pages"}],"about":[{"href":"https:\/\/dev.tg4.ie\/ga\/wp-json\/wp\/v2\/types\/page"}],"author":[{"embeddable":true,"href":"https:\/\/dev.tg4.ie\/ga\/wp-json\/wp\/v2\/users\/876"}],"replies":[{"embeddable":true,"href":"https:\/\/dev.tg4.ie\/ga\/wp-json\/wp\/v2\/comments?post=236170"}],"version-history":[{"count":0,"href":"https:\/\/dev.tg4.ie\/ga\/wp-json\/wp\/v2\/pages\/236170\/revisions"}],"up":[{"embeddable":true,"href":"https:\/\/dev.tg4.ie\/ga\/wp-json\/wp\/v2\/pages\/208148"}],"wp:attachment":[{"href":"https:\/\/dev.tg4.ie\/ga\/wp-json\/wp\/v2\/media?parent=236170"}],"curies":[{"name":"wp","href":"https:\/\/api.w.org\/{rel}","templated":true}]}}