{"id":2367,"date":"2015-08-31T11:46:49","date_gmt":"2015-08-31T10:46:49","guid":{"rendered":"https:\/\/dev.tg4.ie\/corporate\/preas\/press-releases\/2015-2\/01-09-15\/"},"modified":"2019-06-25T11:25:30","modified_gmt":"2019-06-25T10:25:30","slug":"01-09-15","status":"publish","type":"page","link":"https:\/\/dev.tg4.ie\/ga\/eolas\/preas\/nuacht-raitis\/2015-2\/01-09-15\/","title":{"rendered":"01.09.15"},"content":{"rendered":"<p>T\u00e1 siamsa\u00edocht, stair, sp\u00f3rt agus spraoi ar f\u00e1il go fl\u00fairseach i gcl\u00e1rsceideal nua TG4 de r\u00e9ir an eolais at\u00e1 foilsithe ag an gcain\u00e9al lena Sheoladh F\u00f3mhair inniu. Ar na gn\u00e9ithe is tarraingt\u00ed ann t\u00e1 l\u00e9argas nu\u00e1lach ar ghn\u00e9ithe r\u00fanda agus folaithe de shaol na h\u00c9ireann, beochraoladh eisiach ar na cluich\u00ed Gaelacha, rogha iontach \u00e1bhair do dhaoine \u00f3ga agus seirbh\u00eds nuachta agus c\u00farsa\u00ed reatha at\u00e1 \u00e9ags\u00fail agus g\u00e9arch\u00faiseach.<br \/>\nAr na buaicphoint\u00ed sa sceideal nua t\u00e1:<\/p>\n<ul>\n<li><strong>An Klondike<\/strong>: M\u00f3r-shraith nua dr\u00e1ma\u00edochta Gaeilge ina r\u00edomhtar sc\u00e9al tri\u00far dearth\u00e1r as Conamara i ngleic le saol achrannach na mianad\u00f3ireachta \u00f3ir in Alasca. Is ioma\u00ed cor crua sa saol agus n\u00ed fada gur in aighneas le ch\u00e9ile at\u00e1 siad faoin \u00f3r c\u00e9anna. M\u00f3r-thogra scann\u00e1na\u00edochta ab ea \u00e9 seo a taifeadadh ar an l\u00e1thair i gConamara.<\/li>\n<li><strong>Cogar<\/strong>: Na gearr-chl\u00e1ir fhaisn\u00e9ise is fearr ar fad, sraith ina dtugtar l\u00e9argas as an nua ar sc\u00e9al n\u00f3 ar dhaoine. Sa s\u00e9as\u00far nua seo, tr\u00e1chtfar ar an bhfomhuire\u00e1n UB Gearm\u00e1nach a thuill c\u00e1il na tr\u00f3caire i gCorca Dhuibhne, ar sc\u00e9im a chuir tr\u00e1ta\u00ed ag f\u00e1s sna Gaeltachta\u00ed leathch\u00e9ad bliain \u00f3 shin, tabharfar ath-chuairt bhr\u00f3nach ar oile\u00e1n i nD\u00fan na nGall a tr\u00e9igeadh i 1955, cloisfear faoin teanga r\u00fanda (Gaeilge) a bh\u00edodh ag beirt r\u00e9alta\u00ed Major League Baseball agus rian\u00f3far sc\u00e9al ait na mn\u00e1 as Co L\u00fa a chaith saol fada mar fhear, cuid de mar shaighdi\u00fair i gCogadh Cathartha Mheirice\u00e1.<\/li>\n<li><strong>Hup<\/strong>: Sraith \u00farnua ceol traidisi\u00fanta, taifeadta le gean agus le samhla\u00edocht fh\u00edsi\u00fail ag na h\u00f3c\u00e1id\u00ed is gaire do chuisle an cheoil. Is iad an ceol, na ceolt\u00f3ir\u00ed agus an t-ionad bun agus barr na gcl\u00e1r, n\u00edl l\u00e1ithreoir n\u00e1 caint i gceist.<\/li>\n<li><strong>Ros na R\u00fan<\/strong>: An sobal teilif\u00edse is daonna agus is d\u00fachasa\u00ed in \u00c9irinn. T\u00e1 an meon t\u00edri\u00fail sin agus an greann i gcro\u00edl\u00e1r an dr\u00e1ma agus \u00e9 n\u00e1d\u00fartha d\u00e1 r\u00e9ir. Ar na sn\u00e1tha sc\u00e9il an s\u00e9as\u00far seo, feicfear an dtiocfaidh Tadhg sl\u00e1n \u00f3n loisceadh diabhla\u00ed a bh\u00ed beartaithe d\u00f3.<\/li>\n<li><strong>Anamnocht<\/strong>: Cl\u00e1ir faisn\u00e9ise substainti\u00fala uair an chloig, l\u00e9irithe ar ardchaighde\u00e1n a thugann l\u00e9argas taibhsi\u00fail d\u00fainn ar phearsain, ar ghluaiseachta\u00ed n\u00f3 ar \u00e1iteanna, ina measc s\u00fail siar ar an dian-choga\u00edocht i Luimneach ag deireadh an Chogaidh Cathardha agus sc\u00e9al Lugs Brannigan, Garda n\u00e1r leasc leis an dorn a oibri\u00fa nuair ba gh\u00e1.<\/li>\n<li><strong>Pioc do Ride<\/strong>: Form\u00e1id nua, f\u00edor Ghaelach do chl\u00e1r cleamhnais &#8211; tri\u00far iarrth\u00f3ir\u00ed, nach bhfeictear, \u00e1 meas tr\u00edna ngluaiste\u00e1n agus tr\u00edna st\u00edl tiom\u00e1na. Dearbh\u00e1n luachmhar do choinne r\u00f3m\u00e1ns\u00fail ar f\u00e1il don t\u00e9 a phioctar \u2013 ach de rogha aige\/aici gan bacadh le coinne r\u00f3mans\u00fail agus an t-airgead c\u00e9anna a chaitheamh ar a charr, m\u00e1s sin is gaire d\u00e1 chro\u00ed.<\/li>\n<li><strong>Logainm<\/strong>: Sraith \u00far-nua ina m\u00edneofar an oidhreacht shaibhir staire agus seanchais at\u00e1 folaithe in ainmneacha \u00e1ite an oile\u00e1in seo agus s\u00e9as\u00far eile ag B\u00e9aloideas Beo ina bpl\u00e9itear an raon iontach ilghn\u00e9itheach b\u00e9aloideasa agus n\u00f3smhaireachta\u00ed eile at\u00e1 folaithe ach gn\u00edomhach i saol an lae inniu agus beo bl\u00e1far san aon\u00fa aois is fiche.<\/li>\n<li><strong>An Jig Gig<\/strong>: Scoth-dhamhs\u00f3ir\u00ed sa t\u00f3ir ar an duais \u2013 ach na molt\u00f3ir\u00ed ann s\u00e1ch cantalach uaireanta.<\/li>\n<li><strong>Laochra Gael<\/strong>: Cuimhn\u00ed agus \u00f3m\u00f3s do chuid de na himreoir\u00ed is fearr le tr\u00edocha bliain, ina measc Ken McGrath, JJ Delaney, Richie Bennis, Eoin Kelly (Tiobraideach), Declan O&#8217;Sullivan, Annette Clarke, Trevor Giles, Stephen McDonnell agus na Meehans as Cealtrach.<\/li>\n<li><strong>GAA Beo<\/strong>: Beochraoladh eisiach gach deireadh seachtaine ar Chluich\u00ed Ceannais na h\u00c9ireann, Mion\u00fair, Faoi 21, Craobhacha TG4 i bPeil na mBan, Cluich\u00ed Ceannais Contae, Craobh Club AIB agus Sraitheanna N\u00e1isi\u00fanta Allianz.<\/li>\n<li><strong>Imeall<\/strong>: S\u00e9as\u00far nua den tsraith sheachtaini\u00fail ar shaol na n-eala\u00edon agus an chult\u00fair, l\u00e9irmheasanna agus tuairisc\u00ed agus ard\u00e1n d\u2019eala\u00edont\u00f3ir\u00ed agus iad i mbun crutha\u00edochta idir fh\u00eds, fhocal agus eile i gcuideachta Tristan Rosenstock.<\/li>\n<li><strong>Rugba\u00ed Beo<\/strong>: Beochraoladh eisiach ar chluich\u00ed sa gcom\u00f3rtas nua sraithe an Guinness Pro 12.<\/li>\n<li><strong>Daoine \u00d3ga<\/strong>: C\u00fala4 na n\u00d3g &#8211; an z\u00f3n laeth\u00fail do ph\u00e1ist\u00ed r\u00e9amhscoile ag am bricfeasta agus tar \u00e9is l\u00f3in. \u00a0Agus C\u00fala4: \u00e1 l\u00e1ithri\u00fa ag M\u00edche\u00e1l gach tr\u00e1thn\u00f3na, ina bhfuil sraitheanna cart\u00fain, dr\u00e1ma\u00edochta, agus an sraith nua WAC, \u00e1 l\u00e1ithri\u00fa ag \u00c9adaoin agus Caoimhe agus an tOllamh T\u00f3inchliste.\u00a0 Is f\u00e9idir f\u00e9achaint ar C\u00fala4 aon uair ar <a href=\"https:\/\/dev.tg4.ie\">tg4.ie<\/a><\/li>\n<li><strong>Nuacht TG4<\/strong>: S\u00fail ar leith ar sc\u00e9alta r\u00e9igi\u00fanacha, \u00e1iti\u00fala agus daonna. D\u00e9antar cl\u00fadach ar leith \u00f3 ch\u00f3sta an iarthair, ar an nGaeltacht agus ar phobal na Gaeilge ar fud na t\u00edre agus n\u00edos faide \u00f3 bhaile. Is \u00ed an duais-chraolt\u00f3ir Eimear N\u00ed Chonaola an t-ancaire.<\/li>\n<li><strong>Junior Eurovision<\/strong>: Anois agus deireadh le forl\u00e1mhas na t\u00edre seo ar an gcom\u00f3rtas sinsear, t\u00e1 TG4 ag cur chun p\u00e1irce den ch\u00e9ad uair riamh sa gcom\u00f3rtas s\u00f3isear agus amhr\u00e1n nua-chumtha Gaeilge le roghn\u00fa. T\u00e1imid ag moladh na h\u00f3ige \u2013 agus tiocfaidh s\u00ed. Beidh Niamh Kavanagh, Stiof\u00e1n \u00d3 Feara\u00edl agus Eoghan McDermott i measc na molt\u00f3ir\u00ed ar an mbabhta n\u00e1isi\u00fanta agus beo-chraoltar an Chraobh Eorpach as an mBulg\u00e1ir freisin.<\/li>\n<li><strong>F\u00edorsc\u00e9al<\/strong>: Tuilleadh cl\u00e1r faisn\u00e9ise le athghuth\u00fa Gaeilge a thugann aghaidh go fuarch\u00faiseach ar mh\u00f3rcheisteanna idirn\u00e1isi\u00fanta tr\u00ed sh\u00faile na l\u00e9iritheoir\u00ed teilif\u00edse is misni\u00fala agus is consp\u00f3id\u00ed ar domhan. Fiosr\u00f3far monaplacht na St\u00e1t Aontaithe ar shatail\u00edt\u00ed GPS in eagr\u00e1n amh\u00e1in.<\/li>\n<li><strong>R\u00f3is\u00edn<\/strong>: S\u00e9as\u00far nua den chl\u00e1r cainte agus pl\u00e9 ina bhfuil R\u00f3is\u00edn N\u00ed Eadhra agus a ha\u00edonna agus iad i mbun anail\u00edse ar cheisteanna teaghlaigh, oideachais agus sl\u00e1inte, \u00f3 chian is \u00f3 ch\u00f3ngar.<\/li>\n<li><strong>Opry an I\u00fair<\/strong>: R\u00e9alta\u00ed m\u00f3ra an cheoil t\u00edre in \u00c9irinn i mbun coirme. Beidh an r\u00ed f\u00e9in, Daniel O\u2019Donnell ag cabhr\u00fa leo ar\u00eds i mbliana agus amhr\u00e1naithe Gaeilge ag canadh ar an ard\u00e1n leis na r\u00e9alta\u00ed ceol t\u00edre.<\/li>\n<li><strong>Comhr\u00e1<\/strong>: Daoine aitheanta agus neamhaitheanta ag nochtadh a gcro\u00ed agus sc\u00e9al a mbeatha do Mh\u00e1irt\u00edn Tom She\u00e1in\u00edn. Beidh polaiteoir, sagart, iriseoir\u00ed, meicneoir, m\u00fainteoir\u00ed, \u00fadair agus bainisteoir \u00f3st\u00e1in i measc an chomhluadair a bheidh aige an s\u00e9as\u00far seo. Uasal n\u00f3 \u00edseal, is mar an ch\u00e9ile do Mh\u00e1irt\u00edn \u00e9. Anois, by Daid !<\/li>\n<\/ul>\n<p>Caitheadh s\u00fail chun cinn inniu freisin ar chuid de na cl\u00e1racha com\u00f3rtha ar \u00c9ir\u00ed Amach 1916 a chraolfar ar TG4 an bhliain seo chugainn. Beidh go leor acu f\u00edorasach fiosraitheach ach roinnt eile ar th\u00e9ad n\u00edos \u00e9adroime: \u00c9ir\u00ed Amach Am\u00fa dr\u00e1ma ina gcastar tri\u00far cairde \u00f3n\u00e1r linn f\u00e9in siar san am, isteach i l\u00e1r na troda c\u00e9ad bliain \u00f3 shin agus Eipic, dr\u00e1ma eile a bhfuil macalla 1916 ann, faoi lucht ag\u00f3ide comhaimseartha a ghlacann seilbh ar oifig poist (at\u00e1 d\u00fanta ag na h\u00fadar\u00e1is).<\/p>\n<p>Is f\u00e9idir \u00e1bhar TG4 a fh\u00e1il anois, aon am, aon \u00e1it ar domhan. T\u00e1 Aip TG4 ar f\u00e1il anois ar theilif\u00edse\u00e1in chliste agus ar an iPad, t\u00e1 Seinnteoir TG4 ar tg4.tv agus t\u00e1 leagan ath-ch\u00f3irithe den Su\u00edomh Gr\u00e9as\u00e1in www.tg4.ie ar f\u00e1il \u00f3 inniu chomh maith.<\/p>\n","protected":false},"excerpt":{"rendered":"<p>T\u00e1 siamsa\u00edocht, stair, sp\u00f3rt agus spraoi ar f\u00e1il go fl\u00fairseach i gcl\u00e1rsceideal nua TG4 de r\u00e9ir an eolais at\u00e1 foilsithe ag an gcain\u00e9al lena Sheoladh F\u00f3mhair inniu. Ar na gn\u00e9ithe is tarraingt\u00ed ann t\u00e1 l\u00e9argas nu\u00e1lach ar ghn\u00e9ithe r\u00fanda agus folaithe de shaol na h\u00c9ireann, beochraoladh eisiach ar na cluich\u00ed Gaelacha, rogha iontach \u00e1bhair do [&hellip;]<\/p>\n","protected":false},"author":4,"featured_media":2586,"parent":985,"menu_order":15,"comment_status":"closed","ping_status":"closed","template":"page-templates\/template-pr.php","meta":{"_acf_changed":false,"footnotes":""},"acf":[],"yoast_head":"<!-- This site is optimized with the Yoast SEO plugin v22.6 - https:\/\/yoast.com\/wordpress\/plugins\/seo\/ -->\n<title>Seoladh an Fh\u00f3mhair | Nuacht R\u00e1iteas | TG4<\/title>\n<meta name=\"robots\" content=\"index, follow, max-snippet:-1, max-image-preview:large, max-video-preview:-1\" \/>\n<meta property=\"og:locale\" content=\"en_US\" \/>\n<meta property=\"og:type\" content=\"article\" \/>\n<meta property=\"og:title\" content=\"Seoladh an Fh\u00f3mhair | Nuacht R\u00e1iteas | TG4\" \/>\n<meta property=\"og:description\" content=\"T\u00e1 siamsa\u00edocht, stair, sp\u00f3rt agus spraoi ar f\u00e1il go fl\u00fairseach i gcl\u00e1rsceideal nua TG4 de r\u00e9ir an eolais at\u00e1 foilsithe ag an gcain\u00e9al lena Sheoladh F\u00f3mhair inniu. Ar na gn\u00e9ithe is tarraingt\u00ed ann t\u00e1 l\u00e9argas nu\u00e1lach ar ghn\u00e9ithe r\u00fanda agus folaithe de shaol na h\u00c9ireann, beochraoladh eisiach ar na cluich\u00ed Gaelacha, rogha iontach \u00e1bhair do [&hellip;]\" \/>\n<meta property=\"og:url\" content=\"https:\/\/dev.tg4.ie\/ga\/eolas\/preas\/nuacht-raitis\/2015-2\/01-09-15\/\" \/>\n<meta property=\"og:site_name\" content=\"TG4\" \/>\n<meta property=\"article:publisher\" content=\"https:\/\/www.facebook.com\/TG4TV\" \/>\n<meta property=\"article:modified_time\" content=\"2019-06-25T10:25:30+00:00\" \/>\n<meta property=\"og:image\" content=\"https:\/\/tg4-docs.s3.amazonaws.com\/tg4-redesign-2015\/wp-content\/uploads\/2015\/08\/Seoladh_2015.jpg\" \/>\n\t<meta property=\"og:image:width\" content=\"1920\" \/>\n\t<meta property=\"og:image:height\" content=\"1080\" \/>\n\t<meta property=\"og:image:type\" content=\"image\/jpeg\" \/>\n<meta name=\"twitter:card\" content=\"summary_large_image\" \/>\n<meta name=\"twitter:site\" content=\"@TG4TV\" \/>\n<meta name=\"twitter:label1\" content=\"Est. reading time\" \/>\n\t<meta name=\"twitter:data1\" content=\"7 minutes\" \/>\n<script type=\"application\/ld+json\" class=\"yoast-schema-graph\">{\"@context\":\"https:\/\/schema.org\",\"@graph\":[{\"@type\":\"WebPage\",\"@id\":\"https:\/\/dev.tg4.ie\/ga\/eolas\/preas\/nuacht-raitis\/2015-2\/01-09-15\/\",\"url\":\"https:\/\/dev.tg4.ie\/ga\/eolas\/preas\/nuacht-raitis\/2015-2\/01-09-15\/\",\"name\":\"Seoladh an Fh\u00f3mhair | Nuacht R\u00e1iteas | TG4\",\"isPartOf\":{\"@id\":\"https:\/\/dev.tg4.ie\/en\/#website\"},\"primaryImageOfPage\":{\"@id\":\"https:\/\/dev.tg4.ie\/ga\/eolas\/preas\/nuacht-raitis\/2015-2\/01-09-15\/#primaryimage\"},\"image\":{\"@id\":\"https:\/\/dev.tg4.ie\/ga\/eolas\/preas\/nuacht-raitis\/2015-2\/01-09-15\/#primaryimage\"},\"thumbnailUrl\":\"https:\/\/tg4-docs.s3.amazonaws.com\/tg4-redesign-2015\/wp-content\/uploads\/2015\/08\/Seoladh_2015.jpg\",\"datePublished\":\"2015-08-31T10:46:49+00:00\",\"dateModified\":\"2019-06-25T10:25:30+00:00\",\"breadcrumb\":{\"@id\":\"https:\/\/dev.tg4.ie\/ga\/eolas\/preas\/nuacht-raitis\/2015-2\/01-09-15\/#breadcrumb\"},\"inLanguage\":\"ga\",\"potentialAction\":[{\"@type\":\"ReadAction\",\"target\":[\"https:\/\/dev.tg4.ie\/ga\/eolas\/preas\/nuacht-raitis\/2015-2\/01-09-15\/\"]}]},{\"@type\":\"ImageObject\",\"inLanguage\":\"ga\",\"@id\":\"https:\/\/dev.tg4.ie\/ga\/eolas\/preas\/nuacht-raitis\/2015-2\/01-09-15\/#primaryimage\",\"url\":\"https:\/\/tg4-docs.s3.amazonaws.com\/tg4-redesign-2015\/wp-content\/uploads\/2015\/08\/Seoladh_2015.jpg\",\"contentUrl\":\"https:\/\/tg4-docs.s3.amazonaws.com\/tg4-redesign-2015\/wp-content\/uploads\/2015\/08\/Seoladh_2015.jpg\",\"width\":1920,\"height\":1080},{\"@type\":\"BreadcrumbList\",\"@id\":\"https:\/\/dev.tg4.ie\/ga\/eolas\/preas\/nuacht-raitis\/2015-2\/01-09-15\/#breadcrumb\",\"itemListElement\":[{\"@type\":\"ListItem\",\"position\":1,\"name\":\"Home\",\"item\":\"https:\/\/dev.tg4.ie\/ga\/\"},{\"@type\":\"ListItem\",\"position\":2,\"name\":\"Eolas\",\"item\":\"https:\/\/dev.tg4.ie\/ga\/eolas\/\"},{\"@type\":\"ListItem\",\"position\":3,\"name\":\"Preas\",\"item\":\"https:\/\/dev.tg4.ie\/ga\/eolas\/preas\/\"},{\"@type\":\"ListItem\",\"position\":4,\"name\":\"Nuacht R\u00e1itis\",\"item\":\"https:\/\/dev.tg4.ie\/ga\/eolas\/preas\/nuacht-raitis\/\"},{\"@type\":\"ListItem\",\"position\":5,\"name\":\"2015\",\"item\":\"https:\/\/dev.tg4.ie\/ga\/eolas\/preas\/nuacht-raitis\/2015-2\/\"},{\"@type\":\"ListItem\",\"position\":6,\"name\":\"01.09.15\"}]},{\"@type\":\"WebSite\",\"@id\":\"https:\/\/dev.tg4.ie\/en\/#website\",\"url\":\"https:\/\/dev.tg4.ie\/en\/\",\"name\":\"TG4\",\"description\":\"S\u00fail Eile\",\"potentialAction\":[{\"@type\":\"SearchAction\",\"target\":{\"@type\":\"EntryPoint\",\"urlTemplate\":\"https:\/\/dev.tg4.ie\/en\/?s={search_term_string}\"},\"query-input\":\"required name=search_term_string\"}],\"inLanguage\":\"ga\"}]}<\/script>\n<!-- \/ Yoast SEO plugin. -->","yoast_head_json":{"title":"Seoladh an Fh\u00f3mhair | Nuacht R\u00e1iteas | TG4","robots":{"index":"index","follow":"follow","max-snippet":"max-snippet:-1","max-image-preview":"max-image-preview:large","max-video-preview":"max-video-preview:-1"},"og_locale":"en_US","og_type":"article","og_title":"Seoladh an Fh\u00f3mhair | Nuacht R\u00e1iteas | TG4","og_description":"T\u00e1 siamsa\u00edocht, stair, sp\u00f3rt agus spraoi ar f\u00e1il go fl\u00fairseach i gcl\u00e1rsceideal nua TG4 de r\u00e9ir an eolais at\u00e1 foilsithe ag an gcain\u00e9al lena Sheoladh F\u00f3mhair inniu. Ar na gn\u00e9ithe is tarraingt\u00ed ann t\u00e1 l\u00e9argas nu\u00e1lach ar ghn\u00e9ithe r\u00fanda agus folaithe de shaol na h\u00c9ireann, beochraoladh eisiach ar na cluich\u00ed Gaelacha, rogha iontach \u00e1bhair do [&hellip;]","og_url":"https:\/\/dev.tg4.ie\/ga\/eolas\/preas\/nuacht-raitis\/2015-2\/01-09-15\/","og_site_name":"TG4","article_publisher":"https:\/\/www.facebook.com\/TG4TV","article_modified_time":"2019-06-25T10:25:30+00:00","og_image":[{"width":1920,"height":1080,"url":"https:\/\/tg4-docs.s3.amazonaws.com\/tg4-redesign-2015\/wp-content\/uploads\/2015\/08\/Seoladh_2015.jpg","type":"image\/jpeg"}],"twitter_card":"summary_large_image","twitter_site":"@TG4TV","twitter_misc":{"Est. reading time":"7 minutes"},"schema":{"@context":"https:\/\/schema.org","@graph":[{"@type":"WebPage","@id":"https:\/\/dev.tg4.ie\/ga\/eolas\/preas\/nuacht-raitis\/2015-2\/01-09-15\/","url":"https:\/\/dev.tg4.ie\/ga\/eolas\/preas\/nuacht-raitis\/2015-2\/01-09-15\/","name":"Seoladh an Fh\u00f3mhair | Nuacht R\u00e1iteas | TG4","isPartOf":{"@id":"https:\/\/dev.tg4.ie\/en\/#website"},"primaryImageOfPage":{"@id":"https:\/\/dev.tg4.ie\/ga\/eolas\/preas\/nuacht-raitis\/2015-2\/01-09-15\/#primaryimage"},"image":{"@id":"https:\/\/dev.tg4.ie\/ga\/eolas\/preas\/nuacht-raitis\/2015-2\/01-09-15\/#primaryimage"},"thumbnailUrl":"https:\/\/tg4-docs.s3.amazonaws.com\/tg4-redesign-2015\/wp-content\/uploads\/2015\/08\/Seoladh_2015.jpg","datePublished":"2015-08-31T10:46:49+00:00","dateModified":"2019-06-25T10:25:30+00:00","breadcrumb":{"@id":"https:\/\/dev.tg4.ie\/ga\/eolas\/preas\/nuacht-raitis\/2015-2\/01-09-15\/#breadcrumb"},"inLanguage":"ga","potentialAction":[{"@type":"ReadAction","target":["https:\/\/dev.tg4.ie\/ga\/eolas\/preas\/nuacht-raitis\/2015-2\/01-09-15\/"]}]},{"@type":"ImageObject","inLanguage":"ga","@id":"https:\/\/dev.tg4.ie\/ga\/eolas\/preas\/nuacht-raitis\/2015-2\/01-09-15\/#primaryimage","url":"https:\/\/tg4-docs.s3.amazonaws.com\/tg4-redesign-2015\/wp-content\/uploads\/2015\/08\/Seoladh_2015.jpg","contentUrl":"https:\/\/tg4-docs.s3.amazonaws.com\/tg4-redesign-2015\/wp-content\/uploads\/2015\/08\/Seoladh_2015.jpg","width":1920,"height":1080},{"@type":"BreadcrumbList","@id":"https:\/\/dev.tg4.ie\/ga\/eolas\/preas\/nuacht-raitis\/2015-2\/01-09-15\/#breadcrumb","itemListElement":[{"@type":"ListItem","position":1,"name":"Home","item":"https:\/\/dev.tg4.ie\/ga\/"},{"@type":"ListItem","position":2,"name":"Eolas","item":"https:\/\/dev.tg4.ie\/ga\/eolas\/"},{"@type":"ListItem","position":3,"name":"Preas","item":"https:\/\/dev.tg4.ie\/ga\/eolas\/preas\/"},{"@type":"ListItem","position":4,"name":"Nuacht R\u00e1itis","item":"https:\/\/dev.tg4.ie\/ga\/eolas\/preas\/nuacht-raitis\/"},{"@type":"ListItem","position":5,"name":"2015","item":"https:\/\/dev.tg4.ie\/ga\/eolas\/preas\/nuacht-raitis\/2015-2\/"},{"@type":"ListItem","position":6,"name":"01.09.15"}]},{"@type":"WebSite","@id":"https:\/\/dev.tg4.ie\/en\/#website","url":"https:\/\/dev.tg4.ie\/en\/","name":"TG4","description":"S\u00fail Eile","potentialAction":[{"@type":"SearchAction","target":{"@type":"EntryPoint","urlTemplate":"https:\/\/dev.tg4.ie\/en\/?s={search_term_string}"},"query-input":"required name=search_term_string"}],"inLanguage":"ga"}]}},"_links":{"self":[{"href":"https:\/\/dev.tg4.ie\/ga\/wp-json\/wp\/v2\/pages\/2367"}],"collection":[{"href":"https:\/\/dev.tg4.ie\/ga\/wp-json\/wp\/v2\/pages"}],"about":[{"href":"https:\/\/dev.tg4.ie\/ga\/wp-json\/wp\/v2\/types\/page"}],"author":[{"embeddable":true,"href":"https:\/\/dev.tg4.ie\/ga\/wp-json\/wp\/v2\/users\/4"}],"replies":[{"embeddable":true,"href":"https:\/\/dev.tg4.ie\/ga\/wp-json\/wp\/v2\/comments?post=2367"}],"version-history":[{"count":0,"href":"https:\/\/dev.tg4.ie\/ga\/wp-json\/wp\/v2\/pages\/2367\/revisions"}],"up":[{"embeddable":true,"href":"https:\/\/dev.tg4.ie\/ga\/wp-json\/wp\/v2\/pages\/985"}],"wp:featuredmedia":[{"embeddable":true,"href":"https:\/\/dev.tg4.ie\/ga\/wp-json\/wp\/v2\/media\/2586"}],"wp:attachment":[{"href":"https:\/\/dev.tg4.ie\/ga\/wp-json\/wp\/v2\/media?parent=2367"}],"curies":[{"name":"wp","href":"https:\/\/api.w.org\/{rel}","templated":true}]}}