{"id":236945,"date":"2025-01-15T13:11:45","date_gmt":"2025-01-15T13:11:45","guid":{"rendered":"https:\/\/dev.tg4.ie\/?page_id=236945"},"modified":"2025-01-15T16:22:08","modified_gmt":"2025-01-15T16:22:08","slug":"tg4-chun-rian-a-fhagail-ar-na-baftas-aris-leis-an-scannan-kneecap","status":"publish","type":"page","link":"https:\/\/dev.tg4.ie\/ga\/eolas\/preas\/nuacht-raitis\/2025-2\/tg4-chun-rian-a-fhagail-ar-na-baftas-aris-leis-an-scannan-kneecap\/","title":{"rendered":"TG4 chun rian a fh\u00e1g\u00e1il ar na BAFTAs ar\u00eds leis an scann\u00e1n KNEECAP"},"content":{"rendered":"<table>\n<tbody>\n<tr>\n<td width=\"50%\"><img loading=\"lazy\" decoding=\"async\" width=\"1920\" height=\"1080\" src=\"https:\/\/tg4-docs.s3.amazonaws.com\/wp-content\/uploads\/2025\/01\/15125639\/KNEECAP_BAFTAs_1-1920x1080-1.jpg\" alt=\"\" class=\"aligncenter size-full wp-image-236947\" srcset=\"https:\/\/tg4-docs.s3.amazonaws.com\/wp-content\/uploads\/2025\/01\/15125639\/KNEECAP_BAFTAs_1-1920x1080-1.jpg 1920w, https:\/\/tg4-docs.s3.amazonaws.com\/wp-content\/uploads\/2025\/01\/15125639\/KNEECAP_BAFTAs_1-1920x1080-1-250x141.jpg 250w, https:\/\/tg4-docs.s3.amazonaws.com\/wp-content\/uploads\/2025\/01\/15125639\/KNEECAP_BAFTAs_1-1920x1080-1-700x394.jpg 700w, https:\/\/tg4-docs.s3.amazonaws.com\/wp-content\/uploads\/2025\/01\/15125639\/KNEECAP_BAFTAs_1-1920x1080-1-252x141.jpg 252w, https:\/\/tg4-docs.s3.amazonaws.com\/wp-content\/uploads\/2025\/01\/15125639\/KNEECAP_BAFTAs_1-1920x1080-1-1536x864.jpg 1536w, https:\/\/tg4-docs.s3.amazonaws.com\/wp-content\/uploads\/2025\/01\/15125639\/KNEECAP_BAFTAs_1-1920x1080-1-120x68.jpg 120w\" sizes=\"(max-width: 1920px) 100vw, 1920px\" \/><\/td>\n<td width=\"50%\"><img loading=\"lazy\" decoding=\"async\" width=\"1920\" height=\"1080\" src=\"https:\/\/tg4-docs.s3.amazonaws.com\/wp-content\/uploads\/2025\/01\/14162428\/KNEECAP_2-1920x1080-1.jpg\" alt=\"\" class=\"aligncenter size-full wp-image-236923\" srcset=\"https:\/\/tg4-docs.s3.amazonaws.com\/wp-content\/uploads\/2025\/01\/14162428\/KNEECAP_2-1920x1080-1.jpg 1920w, https:\/\/tg4-docs.s3.amazonaws.com\/wp-content\/uploads\/2025\/01\/14162428\/KNEECAP_2-1920x1080-1-250x141.jpg 250w, https:\/\/tg4-docs.s3.amazonaws.com\/wp-content\/uploads\/2025\/01\/14162428\/KNEECAP_2-1920x1080-1-700x394.jpg 700w, https:\/\/tg4-docs.s3.amazonaws.com\/wp-content\/uploads\/2025\/01\/14162428\/KNEECAP_2-1920x1080-1-252x141.jpg 252w, https:\/\/tg4-docs.s3.amazonaws.com\/wp-content\/uploads\/2025\/01\/14162428\/KNEECAP_2-1920x1080-1-1536x864.jpg 1536w, https:\/\/tg4-docs.s3.amazonaws.com\/wp-content\/uploads\/2025\/01\/14162428\/KNEECAP_2-1920x1080-1-120x68.jpg 120w\" sizes=\"(max-width: 1920px) 100vw, 1920px\" \/><\/td>\n<\/tr>\n<\/tbody>\n<\/table>\n<p>&nbsp;<br \/>\nIs scann\u00e1n gl\u00f3rach \u00e9 KNEECAP, nach f\u00e9idir a rang\u00fa in aon se\u00e1nra amh\u00e1in, a bhfuil an-t\u00f3ir air ar fud na cruinne agus is l\u00e9iri\u00fa \u00e9 ar thiomantas seasmhach TG4 don scann\u00e1na\u00edocht Ghaeilge.<\/p>\n<p>Arna choimisi\u00fan\u00fa ag TG4, at\u00e1 ag tac\u00fa leis \u00f3n gc\u00e9ad l\u00e1 a ceapadh \u00e9, t\u00e1 ainmni\u00fach\u00e1n faighte ag KNEECAP i S\u00c9 chatag\u00f3ir ag Gradaim Scann\u00e1n BAFTA, a dhaingn\u00edonn a st\u00e1das mar cheann de na scann\u00e1in is m\u00f3 a tharraing cainte le bliain anuas.<br \/>\n&nbsp;<\/p>\n<p><strong>\u00c9acht Dochreidte:<\/strong> <\/p>\n<p><u>T\u00e1 ainmni\u00fach\u00e1in faighte ag KNEECAP sna catag\u00f3ir\u00ed a leanas:<\/u><\/p>\n<ul>\n<li>An Gradam don S\u00e1rscann\u00e1n Briotanach is fearr<\/li>\n<li>An Gradam don Ch\u00e9ad S\u00e1rshaothar is fearr le Scr\u00edbhneoir, Sti\u00farth\u00f3ir n\u00f3 L\u00e9iritheoir \u00f3n mBreatain<\/li>\n<li>An Gradam don Scann\u00e1n is Fearr i dTeanga Eile seachas B\u00e9arla<\/li>\n<li>An Gradam don Script Scann\u00e1in Bhunaidh is Fearr<\/li>\n<li>An Gradam do Scothroghn\u00fa Aisteoir\u00ed<\/li>\n<li>An Gradam do Scoth na hEagarth\u00f3ireachta<\/li>\n<\/ul>\n<p>&nbsp;<\/p>\n<p>Is l\u00e9ir, de bharr an aitheantais leathain seo, go bhfuil d\u00e1imh ag lucht f\u00e9achana \u00f3 i bhfad i gc\u00e9in leis an scann\u00e1n, scann\u00e1n a cheist\u00edonn an m\u00e9id a bheife\u00e1 ag s\u00fail leis agus at\u00e1 ag briseadh talamh nua.<\/p>\n<p>Is \u00e9ard a d\u00fairt <strong>Sti\u00farth\u00f3ir KNEECAP &#8211; Rich Peppiatt<\/strong> <em>\u201cIs tr\u00edd an gceol agus tr\u00edd an bhfil\u00edocht agus sc\u00e9ala\u00edocht \u00f3 ghl\u00fain go gl\u00fain a mhair an Ghaeilge riamh, mar sin, is iontach an on\u00f3ir \u00e9 a bheith mar chuid den stair shaibhir sin leis an scann\u00e1n Kneecap &#8211; ag cur na teanga \u00e1ille seo agus scann\u00e1na\u00edocht na h\u00c9ireann ar ard\u00e1n domhanda. Agus is cu\u00ed go raibh TG4 &#8211; at\u00e1 i gcro\u00edl\u00e1r go leor de sc\u00e9ala\u00edocht chomhaimseartha na h\u00c9ireann &#8211; ina chuid l\u00e1rnach den aistear sin \u00f3n t\u00fas.\u201d<\/em><br \/>\n&nbsp;<\/p>\n<p><strong>An t\u00e1bhacht a bhaineann leis:<\/strong><\/p>\n<p>I bhfianaise go gceaptar go minic go bhfuil meath ag teacht ar an teanga is bua \u00e9 an rath at\u00e1 ar KNEECAP i dtaobh an chult\u00fair agus na scann\u00e1na\u00edochta. Is l\u00e9ir \u00f3 na hainmni\u00fach\u00e1in at\u00e1 faighte ag an scann\u00e1n go bhfuil l\u00e9iri\u00fach\u00e1in Ghaeilge bre\u00e1 \u00e1balta dul i gcom\u00f3rtas &#8211; agus an bua a bheith acu &#8211; ar an ard\u00e1n domhanda, iad ar chomhch\u00e9im le scann\u00e1in mh\u00f3r\u00e9ilimh. T\u00e1 an lucht f\u00e9achana agus na l\u00e9irmheast\u00f3ir\u00ed ag iarraidh sc\u00e9ala\u00edocht at\u00e1 f\u00edor, sc\u00e9ala\u00edocht a bhfuil cult\u00far go smior inti, agus l\u00e9ir\u00edonn an infheist\u00edocht a rinne TG4 in KNEECAP gur f\u00e9idir leis na sc\u00e9alta sin an lucht f\u00e9achana a mhealladh \u00f3 gach uile chearn den domhan.<\/p>\n<p>Is \u00e9ard a d\u00fairt <strong>Proinsias N\u00ed Ghr\u00e1inne, Eagarth\u00f3ir Coimisi\u00fanaithe, TG4<\/strong>:<em>\u201cT\u00e1 n\u00edos m\u00f3 i gceist le KNEECAP n\u00e1 scann\u00e1n amh\u00e1in; is gluaiseacht \u00e9 a bhfuil sp\u00e1s ar leith bainte amach aige i gcult\u00far na n-\u00f3g in \u00c9irinn agus anois i scann\u00e1na\u00edocht an domhain. T\u00e1 an Ghaeilge curtha ar na hard\u00e1in is t\u00e1bhachta\u00ed ar domhan ag Kneecap, \u00ed mar mhodh cruthaitheach cumhachtach acu chun dul i gcion ar chult\u00fair dh\u00fachasacha, ar dhaoine a bhfuil d\u00fail acu sa cheol agus ar dhuine ar bith a bhfuil meas acu ar sh\u00e1rsc\u00e9ala\u00edocht. T\u00e1 tiomantas TG4 tac\u00fa leis an rabharta feabhais seo i se\u00e1nra\u00ed cl\u00e1ir a bhfuil script agus nach bhfuil script leo seasmhach. Comhghairdeas Kneecap.\u201d<\/em><br \/>\n&nbsp;<\/p>\n<p>I Londain ar an 18 Feabhra 2025 a bheidh searmanas Ghradaim Scann\u00e1n BAFTA ar si\u00fal.<br \/>\n&nbsp;<\/p>\n<p><strong>Maidir le KNEECAP<\/strong><\/p>\n<p>T\u00e1 an scann\u00e1n KNEECAP suite in Iarthar Bh\u00e9al Feirste sa bhliain 2019, ina n-ins\u00edtear sc\u00e9al spleodrach tri\u00far fear \u00f3g a d\u2019athraigh rapcheol punc na h\u00c9ireann \u00f3 bhun, iad ag meascadh Gaeilge agus B\u00e9arla chun f\u00f3rsa cult\u00fair nach bhfacthas a leith\u00e9id riamh cheana a chruth\u00fa. Is iad pr\u00edomhaisteoir\u00ed an scann\u00e1in seo, a bhfuil lucht f\u00e9achana \u00f3 Sundance go Tribeca an-t\u00f3gtha go deo leis, an tri\u00far ceolt\u00f3ir\u00ed rap iad f\u00e9in, Kneecap (M\u00f3gla\u00ed Bap, Mo Chara, agus DJ Pr\u00f3va\u00ed), agus Michael Fassbender, Simone Kirby, agus Jessica Reynolds.<br \/>\n&nbsp;<\/p>\n<p><strong>Ag Breathn\u00fa Chun Cinn &#8211; Gradaim Oscar<\/strong><\/p>\n<p>Is \u00e9 KNEECAP iarratas oifigi\u00fail na h\u00c9ireann don Fhadscann\u00e1n Idirn\u00e1isi\u00fanta is Fearr ag Gradaim an Acadaimh 2025. T\u00e1 siad ar an ghearrliosta chomh maith don Amhr\u00e1n Nua is Fearr agus f\u00f3gr\u00f3far na hainmni\u00fach\u00e1in ar an 23 Ean\u00e1ir. T\u00e1 \u00e1it tuillte go maith ag KNEECAP ar an ard\u00e1n domhanda agus an scann\u00e1n i gcom\u00f3rtas le cuid de na d\u00e9ant\u00f3ir\u00ed scann\u00e1n agus l\u00e9iri\u00fach\u00e1in is ionta\u00ed sa tionscal. Is l\u00e9ir \u00f3n aitheantas sin, n\u00ed hamh\u00e1in go bhfuil b\u00e1 ag lucht f\u00e9achana le scann\u00e1in Ghaeilge, ach go bhfuil siad ar chomhch\u00e9im leis na scann\u00e1in is fearr ar domhan.<\/p>\n<p>N\u00edl s\u00e9 ach dh\u00e1 bhliain \u00f3 fuair An Cail\u00edn Ci\u00fain TG4 ainmni\u00fach\u00e1n sa chatag\u00f3ir don Fhadscann\u00e1n Idirn\u00e1isi\u00fanta is Fearr ag na Oscars, an ch\u00e9ad scann\u00e1n Gaeilge a bhain a leith\u00e9id d\u2019\u00e9acht amach. L\u00e9ir\u00edonn an d\u00e1 gharsprioc seo an r\u00f3l l\u00e1rnach at\u00e1 ag TG4 i mborradh domhanda a chur faoin scann\u00e1na\u00edocht Ghaeilge agus an tionchar at\u00e1 ag an scann\u00e1na\u00edocht sin ar lucht f\u00e9achana idirn\u00e1isi\u00fanta.<br \/>\n&nbsp;<\/p>\n<p><strong>Taca\u00edocht<\/strong><\/p>\n<p>Trevor Birney agus Jack Tarling a l\u00e9irigh an scann\u00e1n do Fine Point Films agus Mother Tongues Films, agus bh\u00ed Patrick O\u2019Neill \u00f3 Wildcard ina Chomh-L\u00e9iritheoir. TG4, Sc\u00e1ile\u00e1n Thuaisceart \u00c9ireann, an Ciste Craolt\u00f3ireachta Gaeilge, F\u00eds \u00c9ireann, BFI (a bhronn maoini\u00fa \u00f3n gCrannchur N\u00e1isi\u00fanta), Coimisi\u00fan na Me\u00e1n, Dias Feld agus Kamila Serkebaeva, a chur maoini\u00fa ar f\u00e1il don scann\u00e1n agus fuair s\u00e9 taca\u00edocht \u00f3 Great Point Media.<br \/>\n&nbsp;<\/p>\n","protected":false},"excerpt":{"rendered":"<p>&nbsp; Is scann\u00e1n gl\u00f3rach \u00e9 KNEECAP, nach f\u00e9idir a rang\u00fa in aon se\u00e1nra amh\u00e1in, a bhfuil an-t\u00f3ir air ar fud na cruinne agus is l\u00e9iri\u00fa \u00e9 ar thiomantas seasmhach TG4 don scann\u00e1na\u00edocht Ghaeilge. Arna choimisi\u00fan\u00fa ag TG4, at\u00e1 ag tac\u00fa leis \u00f3n gc\u00e9ad l\u00e1 a ceapadh \u00e9, t\u00e1 ainmni\u00fach\u00e1n faighte ag KNEECAP i S\u00c9 chatag\u00f3ir [&hellip;]<\/p>\n","protected":false},"author":876,"featured_media":0,"parent":236807,"menu_order":2,"comment_status":"closed","ping_status":"closed","template":"page-templates\/template-pr.php","meta":{"_acf_changed":false,"footnotes":""},"acf":[],"yoast_head":"<!-- This site is optimized with the Yoast SEO plugin v22.6 - https:\/\/yoast.com\/wordpress\/plugins\/seo\/ -->\n<title>TG4 chun rian a fh\u00e1g\u00e1il ar na BAFTAs ar\u00eds leis an scann\u00e1n KNEECAP | Preasr\u00e1iteas | TG4<\/title>\n<meta name=\"description\" content=\"Is scann\u00e1n gl\u00f3rach \u00e9 KNEECAP, nach f\u00e9idir a rang\u00fa in aon se\u00e1nra amh\u00e1in, a bhfuil an-t\u00f3ir air ar fud na cruinne agus is l\u00e9iri\u00fa \u00e9 ar thiomantas seasmhach TG4 don scann\u00e1na\u00edocht Ghaeilge.\" \/>\n<meta name=\"robots\" content=\"index, follow, max-snippet:-1, max-image-preview:large, max-video-preview:-1\" \/>\n<meta property=\"og:locale\" content=\"en_US\" \/>\n<meta property=\"og:type\" content=\"article\" \/>\n<meta property=\"og:title\" content=\"TG4 chun rian a fh\u00e1g\u00e1il ar na BAFTAs ar\u00eds leis an scann\u00e1n KNEECAP | Preasr\u00e1iteas | TG4\" \/>\n<meta property=\"og:description\" content=\"Is scann\u00e1n gl\u00f3rach \u00e9 KNEECAP, nach f\u00e9idir a rang\u00fa in aon se\u00e1nra amh\u00e1in, a bhfuil an-t\u00f3ir air ar fud na cruinne agus is l\u00e9iri\u00fa \u00e9 ar thiomantas seasmhach TG4 don scann\u00e1na\u00edocht Ghaeilge.\" \/>\n<meta property=\"og:url\" content=\"https:\/\/dev.tg4.ie\/ga\/eolas\/preas\/nuacht-raitis\/2025-2\/tg4-chun-rian-a-fhagail-ar-na-baftas-aris-leis-an-scannan-kneecap\/\" \/>\n<meta property=\"og:site_name\" content=\"TG4\" \/>\n<meta property=\"article:publisher\" content=\"https:\/\/www.facebook.com\/TG4TV\" \/>\n<meta property=\"article:modified_time\" content=\"2025-01-15T16:22:08+00:00\" \/>\n<meta property=\"og:image\" content=\"https:\/\/tg4-docs.s3.amazonaws.com\/wp-content\/uploads\/2025\/01\/15125639\/KNEECAP_BAFTAs_1-1920x1080-1.jpg\" \/>\n\t<meta property=\"og:image:width\" content=\"1920\" \/>\n\t<meta property=\"og:image:height\" content=\"1080\" \/>\n\t<meta property=\"og:image:type\" content=\"image\/jpeg\" \/>\n<meta name=\"twitter:card\" content=\"summary_large_image\" \/>\n<meta name=\"twitter:image\" content=\"https:\/\/tg4-docs.s3.amazonaws.com\/wp-content\/uploads\/2025\/01\/15125639\/KNEECAP_BAFTAs_1-1920x1080-1.jpg\" \/>\n<meta name=\"twitter:site\" content=\"@TG4TV\" \/>\n<meta name=\"twitter:label1\" content=\"Est. reading time\" \/>\n\t<meta name=\"twitter:data1\" content=\"4 minutes\" \/>\n<script type=\"application\/ld+json\" class=\"yoast-schema-graph\">{\"@context\":\"https:\/\/schema.org\",\"@graph\":[{\"@type\":\"WebPage\",\"@id\":\"https:\/\/dev.tg4.ie\/ga\/eolas\/preas\/nuacht-raitis\/2025-2\/tg4-chun-rian-a-fhagail-ar-na-baftas-aris-leis-an-scannan-kneecap\/\",\"url\":\"https:\/\/dev.tg4.ie\/ga\/eolas\/preas\/nuacht-raitis\/2025-2\/tg4-chun-rian-a-fhagail-ar-na-baftas-aris-leis-an-scannan-kneecap\/\",\"name\":\"TG4 chun rian a fh\u00e1g\u00e1il ar na BAFTAs ar\u00eds leis an scann\u00e1n KNEECAP | Preasr\u00e1iteas | TG4\",\"isPartOf\":{\"@id\":\"https:\/\/dev.tg4.ie\/en\/#website\"},\"primaryImageOfPage\":{\"@id\":\"https:\/\/dev.tg4.ie\/ga\/eolas\/preas\/nuacht-raitis\/2025-2\/tg4-chun-rian-a-fhagail-ar-na-baftas-aris-leis-an-scannan-kneecap\/#primaryimage\"},\"image\":{\"@id\":\"https:\/\/dev.tg4.ie\/ga\/eolas\/preas\/nuacht-raitis\/2025-2\/tg4-chun-rian-a-fhagail-ar-na-baftas-aris-leis-an-scannan-kneecap\/#primaryimage\"},\"thumbnailUrl\":\"https:\/\/dev.tg4.ie\/wp-content\/uploads\/2025\/01\/KNEECAP_BAFTAs_1-1920x1080-1.jpg\",\"datePublished\":\"2025-01-15T13:11:45+00:00\",\"dateModified\":\"2025-01-15T16:22:08+00:00\",\"description\":\"Is scann\u00e1n gl\u00f3rach \u00e9 KNEECAP, nach f\u00e9idir a rang\u00fa in aon se\u00e1nra amh\u00e1in, a bhfuil an-t\u00f3ir air ar fud na cruinne agus is l\u00e9iri\u00fa \u00e9 ar thiomantas seasmhach TG4 don scann\u00e1na\u00edocht Ghaeilge.\",\"breadcrumb\":{\"@id\":\"https:\/\/dev.tg4.ie\/ga\/eolas\/preas\/nuacht-raitis\/2025-2\/tg4-chun-rian-a-fhagail-ar-na-baftas-aris-leis-an-scannan-kneecap\/#breadcrumb\"},\"inLanguage\":\"ga\",\"potentialAction\":[{\"@type\":\"ReadAction\",\"target\":[\"https:\/\/dev.tg4.ie\/ga\/eolas\/preas\/nuacht-raitis\/2025-2\/tg4-chun-rian-a-fhagail-ar-na-baftas-aris-leis-an-scannan-kneecap\/\"]}]},{\"@type\":\"ImageObject\",\"inLanguage\":\"ga\",\"@id\":\"https:\/\/dev.tg4.ie\/ga\/eolas\/preas\/nuacht-raitis\/2025-2\/tg4-chun-rian-a-fhagail-ar-na-baftas-aris-leis-an-scannan-kneecap\/#primaryimage\",\"url\":\"https:\/\/dev.tg4.ie\/wp-content\/uploads\/2025\/01\/KNEECAP_BAFTAs_1-1920x1080-1.jpg\",\"contentUrl\":\"https:\/\/dev.tg4.ie\/wp-content\/uploads\/2025\/01\/KNEECAP_BAFTAs_1-1920x1080-1.jpg\"},{\"@type\":\"BreadcrumbList\",\"@id\":\"https:\/\/dev.tg4.ie\/ga\/eolas\/preas\/nuacht-raitis\/2025-2\/tg4-chun-rian-a-fhagail-ar-na-baftas-aris-leis-an-scannan-kneecap\/#breadcrumb\",\"itemListElement\":[{\"@type\":\"ListItem\",\"position\":1,\"name\":\"Home\",\"item\":\"https:\/\/dev.tg4.ie\/ga\/\"},{\"@type\":\"ListItem\",\"position\":2,\"name\":\"Eolas\",\"item\":\"https:\/\/dev.tg4.ie\/ga\/eolas\/\"},{\"@type\":\"ListItem\",\"position\":3,\"name\":\"Preas\",\"item\":\"https:\/\/dev.tg4.ie\/ga\/eolas\/preas\/\"},{\"@type\":\"ListItem\",\"position\":4,\"name\":\"Nuacht R\u00e1itis\",\"item\":\"https:\/\/dev.tg4.ie\/ga\/eolas\/preas\/nuacht-raitis\/\"},{\"@type\":\"ListItem\",\"position\":5,\"name\":\"2025\",\"item\":\"https:\/\/dev.tg4.ie\/ga\/eolas\/preas\/nuacht-raitis\/2025-2\/\"},{\"@type\":\"ListItem\",\"position\":6,\"name\":\"TG4 chun rian a fh\u00e1g\u00e1il ar na BAFTAs ar\u00eds leis an scann\u00e1n KNEECAP\"}]},{\"@type\":\"WebSite\",\"@id\":\"https:\/\/dev.tg4.ie\/en\/#website\",\"url\":\"https:\/\/dev.tg4.ie\/en\/\",\"name\":\"TG4\",\"description\":\"S\u00fail Eile\",\"potentialAction\":[{\"@type\":\"SearchAction\",\"target\":{\"@type\":\"EntryPoint\",\"urlTemplate\":\"https:\/\/dev.tg4.ie\/en\/?s={search_term_string}\"},\"query-input\":\"required name=search_term_string\"}],\"inLanguage\":\"ga\"}]}<\/script>\n<!-- \/ Yoast SEO plugin. -->","yoast_head_json":{"title":"TG4 chun rian a fh\u00e1g\u00e1il ar na BAFTAs ar\u00eds leis an scann\u00e1n KNEECAP | Preasr\u00e1iteas | TG4","description":"Is scann\u00e1n gl\u00f3rach \u00e9 KNEECAP, nach f\u00e9idir a rang\u00fa in aon se\u00e1nra amh\u00e1in, a bhfuil an-t\u00f3ir air ar fud na cruinne agus is l\u00e9iri\u00fa \u00e9 ar thiomantas seasmhach TG4 don scann\u00e1na\u00edocht Ghaeilge.","robots":{"index":"index","follow":"follow","max-snippet":"max-snippet:-1","max-image-preview":"max-image-preview:large","max-video-preview":"max-video-preview:-1"},"og_locale":"en_US","og_type":"article","og_title":"TG4 chun rian a fh\u00e1g\u00e1il ar na BAFTAs ar\u00eds leis an scann\u00e1n KNEECAP | Preasr\u00e1iteas | TG4","og_description":"Is scann\u00e1n gl\u00f3rach \u00e9 KNEECAP, nach f\u00e9idir a rang\u00fa in aon se\u00e1nra amh\u00e1in, a bhfuil an-t\u00f3ir air ar fud na cruinne agus is l\u00e9iri\u00fa \u00e9 ar thiomantas seasmhach TG4 don scann\u00e1na\u00edocht Ghaeilge.","og_url":"https:\/\/dev.tg4.ie\/ga\/eolas\/preas\/nuacht-raitis\/2025-2\/tg4-chun-rian-a-fhagail-ar-na-baftas-aris-leis-an-scannan-kneecap\/","og_site_name":"TG4","article_publisher":"https:\/\/www.facebook.com\/TG4TV","article_modified_time":"2025-01-15T16:22:08+00:00","og_image":[{"width":1920,"height":1080,"url":"https:\/\/tg4-docs.s3.amazonaws.com\/wp-content\/uploads\/2025\/01\/15125639\/KNEECAP_BAFTAs_1-1920x1080-1.jpg","type":"image\/jpeg"}],"twitter_card":"summary_large_image","twitter_image":"https:\/\/tg4-docs.s3.amazonaws.com\/wp-content\/uploads\/2025\/01\/15125639\/KNEECAP_BAFTAs_1-1920x1080-1.jpg","twitter_site":"@TG4TV","twitter_misc":{"Est. reading time":"4 minutes"},"schema":{"@context":"https:\/\/schema.org","@graph":[{"@type":"WebPage","@id":"https:\/\/dev.tg4.ie\/ga\/eolas\/preas\/nuacht-raitis\/2025-2\/tg4-chun-rian-a-fhagail-ar-na-baftas-aris-leis-an-scannan-kneecap\/","url":"https:\/\/dev.tg4.ie\/ga\/eolas\/preas\/nuacht-raitis\/2025-2\/tg4-chun-rian-a-fhagail-ar-na-baftas-aris-leis-an-scannan-kneecap\/","name":"TG4 chun rian a fh\u00e1g\u00e1il ar na BAFTAs ar\u00eds leis an scann\u00e1n KNEECAP | Preasr\u00e1iteas | TG4","isPartOf":{"@id":"https:\/\/dev.tg4.ie\/en\/#website"},"primaryImageOfPage":{"@id":"https:\/\/dev.tg4.ie\/ga\/eolas\/preas\/nuacht-raitis\/2025-2\/tg4-chun-rian-a-fhagail-ar-na-baftas-aris-leis-an-scannan-kneecap\/#primaryimage"},"image":{"@id":"https:\/\/dev.tg4.ie\/ga\/eolas\/preas\/nuacht-raitis\/2025-2\/tg4-chun-rian-a-fhagail-ar-na-baftas-aris-leis-an-scannan-kneecap\/#primaryimage"},"thumbnailUrl":"https:\/\/dev.tg4.ie\/wp-content\/uploads\/2025\/01\/KNEECAP_BAFTAs_1-1920x1080-1.jpg","datePublished":"2025-01-15T13:11:45+00:00","dateModified":"2025-01-15T16:22:08+00:00","description":"Is scann\u00e1n gl\u00f3rach \u00e9 KNEECAP, nach f\u00e9idir a rang\u00fa in aon se\u00e1nra amh\u00e1in, a bhfuil an-t\u00f3ir air ar fud na cruinne agus is l\u00e9iri\u00fa \u00e9 ar thiomantas seasmhach TG4 don scann\u00e1na\u00edocht Ghaeilge.","breadcrumb":{"@id":"https:\/\/dev.tg4.ie\/ga\/eolas\/preas\/nuacht-raitis\/2025-2\/tg4-chun-rian-a-fhagail-ar-na-baftas-aris-leis-an-scannan-kneecap\/#breadcrumb"},"inLanguage":"ga","potentialAction":[{"@type":"ReadAction","target":["https:\/\/dev.tg4.ie\/ga\/eolas\/preas\/nuacht-raitis\/2025-2\/tg4-chun-rian-a-fhagail-ar-na-baftas-aris-leis-an-scannan-kneecap\/"]}]},{"@type":"ImageObject","inLanguage":"ga","@id":"https:\/\/dev.tg4.ie\/ga\/eolas\/preas\/nuacht-raitis\/2025-2\/tg4-chun-rian-a-fhagail-ar-na-baftas-aris-leis-an-scannan-kneecap\/#primaryimage","url":"https:\/\/dev.tg4.ie\/wp-content\/uploads\/2025\/01\/KNEECAP_BAFTAs_1-1920x1080-1.jpg","contentUrl":"https:\/\/dev.tg4.ie\/wp-content\/uploads\/2025\/01\/KNEECAP_BAFTAs_1-1920x1080-1.jpg"},{"@type":"BreadcrumbList","@id":"https:\/\/dev.tg4.ie\/ga\/eolas\/preas\/nuacht-raitis\/2025-2\/tg4-chun-rian-a-fhagail-ar-na-baftas-aris-leis-an-scannan-kneecap\/#breadcrumb","itemListElement":[{"@type":"ListItem","position":1,"name":"Home","item":"https:\/\/dev.tg4.ie\/ga\/"},{"@type":"ListItem","position":2,"name":"Eolas","item":"https:\/\/dev.tg4.ie\/ga\/eolas\/"},{"@type":"ListItem","position":3,"name":"Preas","item":"https:\/\/dev.tg4.ie\/ga\/eolas\/preas\/"},{"@type":"ListItem","position":4,"name":"Nuacht R\u00e1itis","item":"https:\/\/dev.tg4.ie\/ga\/eolas\/preas\/nuacht-raitis\/"},{"@type":"ListItem","position":5,"name":"2025","item":"https:\/\/dev.tg4.ie\/ga\/eolas\/preas\/nuacht-raitis\/2025-2\/"},{"@type":"ListItem","position":6,"name":"TG4 chun rian a fh\u00e1g\u00e1il ar na BAFTAs ar\u00eds leis an scann\u00e1n KNEECAP"}]},{"@type":"WebSite","@id":"https:\/\/dev.tg4.ie\/en\/#website","url":"https:\/\/dev.tg4.ie\/en\/","name":"TG4","description":"S\u00fail Eile","potentialAction":[{"@type":"SearchAction","target":{"@type":"EntryPoint","urlTemplate":"https:\/\/dev.tg4.ie\/en\/?s={search_term_string}"},"query-input":"required name=search_term_string"}],"inLanguage":"ga"}]}},"_links":{"self":[{"href":"https:\/\/dev.tg4.ie\/ga\/wp-json\/wp\/v2\/pages\/236945"}],"collection":[{"href":"https:\/\/dev.tg4.ie\/ga\/wp-json\/wp\/v2\/pages"}],"about":[{"href":"https:\/\/dev.tg4.ie\/ga\/wp-json\/wp\/v2\/types\/page"}],"author":[{"embeddable":true,"href":"https:\/\/dev.tg4.ie\/ga\/wp-json\/wp\/v2\/users\/876"}],"replies":[{"embeddable":true,"href":"https:\/\/dev.tg4.ie\/ga\/wp-json\/wp\/v2\/comments?post=236945"}],"version-history":[{"count":0,"href":"https:\/\/dev.tg4.ie\/ga\/wp-json\/wp\/v2\/pages\/236945\/revisions"}],"up":[{"embeddable":true,"href":"https:\/\/dev.tg4.ie\/ga\/wp-json\/wp\/v2\/pages\/236807"}],"wp:attachment":[{"href":"https:\/\/dev.tg4.ie\/ga\/wp-json\/wp\/v2\/media?parent=236945"}],"curies":[{"name":"wp","href":"https:\/\/api.w.org\/{rel}","templated":true}]}}