{"id":237055,"date":"2025-01-20T15:31:22","date_gmt":"2025-01-20T15:31:22","guid":{"rendered":"https:\/\/dev.tg4.ie\/?page_id=237055"},"modified":"2025-01-20T15:32:26","modified_gmt":"2025-01-20T15:32:26","slug":"bliain-dhochreidte-a-ceiliuradh-ag-tg4-i-dtaobh-an-lucht-feachana-agus-na-rannphairtiochta-in-2024","status":"publish","type":"page","link":"https:\/\/dev.tg4.ie\/ga\/eolas\/preas\/nuacht-raitis\/2025-2\/bliain-dhochreidte-a-ceiliuradh-ag-tg4-i-dtaobh-an-lucht-feachana-agus-na-rannphairtiochta-in-2024\/","title":{"rendered":"Bliain Dhochreidte \u00e1 Ceili\u00faradh ag TG4 i dtaobh an Lucht F\u00e9achana agus na Rannph\u00e1irt\u00edochta in 2024"},"content":{"rendered":"<table>\n<tbody>\n<tr>\n<td width=\"100%\"><a href=\"https:\/\/tg4-docs.s3.amazonaws.com\/wp-content\/uploads\/2025\/01\/20144632\/Lucht_Feachana_TG4_2024_1-1920x1080-1.jpg\"><img loading=\"lazy\" decoding=\"async\" width=\"1920\" height=\"1080\" class=\"aligncenter size-full wp-image-237057\" src=\"https:\/\/tg4-docs.s3.amazonaws.com\/wp-content\/uploads\/2025\/01\/20144632\/Lucht_Feachana_TG4_2024_1-1920x1080-1.jpg\" alt=\"\" srcset=\"https:\/\/tg4-docs.s3.amazonaws.com\/wp-content\/uploads\/2025\/01\/20144632\/Lucht_Feachana_TG4_2024_1-1920x1080-1.jpg 1920w, https:\/\/tg4-docs.s3.amazonaws.com\/wp-content\/uploads\/2025\/01\/20144632\/Lucht_Feachana_TG4_2024_1-1920x1080-1-250x141.jpg 250w, https:\/\/tg4-docs.s3.amazonaws.com\/wp-content\/uploads\/2025\/01\/20144632\/Lucht_Feachana_TG4_2024_1-1920x1080-1-700x394.jpg 700w, https:\/\/tg4-docs.s3.amazonaws.com\/wp-content\/uploads\/2025\/01\/20144632\/Lucht_Feachana_TG4_2024_1-1920x1080-1-252x141.jpg 252w, https:\/\/tg4-docs.s3.amazonaws.com\/wp-content\/uploads\/2025\/01\/20144632\/Lucht_Feachana_TG4_2024_1-1920x1080-1-1536x864.jpg 1536w, https:\/\/tg4-docs.s3.amazonaws.com\/wp-content\/uploads\/2025\/01\/20144632\/Lucht_Feachana_TG4_2024_1-1920x1080-1-120x68.jpg 120w\" sizes=\"(max-width: 1920px) 100vw, 1920px\" \/><\/a><\/td>\n<\/tr>\n<\/tbody>\n<\/table>\n<p>&nbsp;<\/p>\n<h3><em>80% den t\u00edr ag f\u00e9achaint ar TG4 agus bisi\u00fa breise bainte amach ag an gcain\u00e9al Gaeilge ar fud na Teilif\u00edse, Ar L\u00edne agus ar na Me\u00e1in Sh\u00f3isialta.<\/em><\/h3>\n<p>T\u00e1 clabhs\u00far curtha ag TG4 le 2024, arb bhliain dhochreidte a bh\u00ed inti don st\u00e1isi\u00fan, bliain inar mealladh an lucht f\u00e9achana le dr\u00e1ma\u00edocht ardmholta, cl\u00fadach eisceacht\u00fail sp\u00f3irt agus cl\u00e1ir chult\u00fair sh\u00e1rmhaithe.  <\/p>\n<p>D\u2019fh\u00e9ach breis is 80% de dhaonra na h\u00c9ireann &#8211; arbh ionann sin agus 3.73 milli\u00fan duine &#8211; ar TG4 ag tr\u00e1th \u00e9igin le linn na bliana. D\u2019ardaigh sciar an chain\u00e9il den lucht f\u00e9achana \u00f3 2.1% in 2023 go 2.2% in 2024 (an sciar ab aire den lucht f\u00e9achana a bh\u00ed againn \u00f3n mbliain 2009), ag daingni\u00fa a st\u00e1dais mar an 7\u00fa cain\u00e9al is m\u00f3 ar f\u00e9achadh air in \u00c9irinn don dara bliain as a ch\u00e9ile. <\/p>\n<p>N\u00ed faoi ch\u00farsa\u00ed teilif\u00edse amh\u00e1in a th\u00e1inig an borradh seo, mar gur f\u00e9achadh <strong>4.3 milli\u00fan uair<\/strong> ar fh\u00edse\u00e1in ar Sheinnteoir TG4 (VOD &#038; Beo), arb ionann sin agus <strong>ard\u00fa 23%<\/strong>, agus f\u00e9achadh <strong>80 milli\u00fan uair<\/strong>, figi\u00far dochreidte, ar chain\u00e9il me\u00e1n s\u00f3isialta TG4, a bhu\u00edochas d\u2019\u00f3c\u00e1id\u00ed a tharraing aird mh\u00f3r agus a scaip go tr\u00e9an agus do strait\u00e9is\u00ed \u00e1bhair nu\u00e1lacha.<br \/>\n&nbsp;<\/p>\n<h3><u>\u00d3c\u00e1id\u00ed n\u00e1r cheart a Chailleadh ar TG4 in 2024:<\/u><\/h3>\n<p>&nbsp;<\/p>\n<h3>An Se\u00f3 Sp\u00f3irt a Thug an Svae leis:<\/h3>\n<p>N\u00ed raibh an dea-chl\u00fa at\u00e1 ar TG4 i dtaobh c\u00farsa\u00ed sp\u00f3irt chomh maith riamh agus at\u00e1 s\u00e9 anois \u00f3 tharla gur craoladh m\u00f3r\u00f3c\u00e1id\u00ed nach ndeanfar dearmad go deo orthu ar GAA BEO, Peil na mBan, agus ar Rugba\u00ed Beo.  <\/p>\n<p>I measc na mbuaicphoint\u00ed bh\u00ed:\u00a0 <\/p>\n<ul>\n<li>263,600 duine a d\u2019fh\u00e9ach ar <strong>Chluiche Ceannais Peile Chraobh Clubanna AIB<\/strong>  (CLG Watty Graham v Naomh Br\u00edd) a d\u2019fh\u00e1g gurbh \u00e9 a cl\u00e1r is m\u00f3 a f\u00e9achadh air sa bhliain.<\/li>\n<li>230,900 duine a d\u2019fh\u00e9ach ar <strong>Chluiche Ceannais Shraith Peile Allianz<\/strong> (\u00c1th Cliath v Doire), agus bh\u00ed <strong>Cluiche Ceannais Pheil na mBan<\/strong> (Gaillimh v Ciarra\u00ed) i measc na ndeich gcl\u00e1r ba mh\u00f3 a tharraing lucht f\u00e9achana don chain\u00e9al.<br \/>\n<a href=\"https:\/\/nasc.tg4.tv\/GAA-C\u00fail_na_Bliana_2024\" rel=\"noopener\" target=\"_blank\">https:\/\/nasc.tg4.tv\/GAA-C\u00fail_na_Bliana_2024<\/a><\/li>\n<li>Bh\u00ed an-sp\u00e9is ag an lucht f\u00e9achana freisin i gcl\u00fadach <strong>Rugba\u00ed Beo<\/strong> ar an gCraobhchom\u00f3rtas Rugba\u00ed Aontaithe.<\/li>\n<li>Mar thoradh ar chomhph\u00e1irt\u00edocht nua le Liathr\u00f3id L\u00e1imhe CLG, d\u2019fh\u00e9ach breis is 1 mhilli\u00fan duine \u00f3 55 t\u00edr ar fud na cruinne ar chl\u00fadach beo den Liathr\u00f3id L\u00e1imhe agus ar chl\u00e1ir faisn\u00e9ise faoin sp\u00f3rt (ar l\u00edne &#038; l\u00edneach).<\/li>\n<\/ul>\n<p>&nbsp;<\/p>\n<h3>Dr\u00e1ma\u00edocht agus Siamsa\u00edocht thar a bheith Sp\u00e9isi\u00fail:<\/h3>\n<p>Sa bhreis ar an sp\u00f3rt, cuireadh siamsa\u00edocht de scoth an domhain inar tugadh ard\u00e1n do chumas sc\u00e9ala\u00edochta thar cionn na nGael ar f\u00e1il ar TG4. <\/p>\n<ul>\n<li>Craoladh <strong>An Cail\u00edn Ci\u00fain<\/strong>, an scann\u00e1n Gaeilge a fuair ainmni\u00fach\u00e1n do ghradam Oscar, den ch\u00e9ad uair ar TG4 L\u00e1 Nollag, buaicphointe aimsir na Nollag. Bhain an sc\u00e9al corraitheach seo \u00e9acht amach agus shocraigh an tagarmharc do scann\u00e1na\u00edocht na Gaeilge.<br \/>\n<a href=\"https:\/\/nasc.tg4.tv\/An_Cail\u00edn_Ci\u00fain\" rel=\"noopener\" target=\"_blank\">https:\/\/nasc.tg4.tv\/An_Cail\u00edn_Ci\u00fain<\/a><\/li>\n<li>Bh\u00ed an lucht f\u00e9achana curtha faoi gheasa ceart ag d\u00far\u00fan d\u00fanmharaithe mealltach <strong>CR\u00c1<\/strong>, sraith a bhfuil daoine ag tabhairt \u201cGaeltacht Noir\u2019 uirthi agus t\u00e1 gach cl\u00e1r na sraithe le f\u00e1il ar Sheinnteoir TG4.<br \/>\n<a href=\"https:\/\/nasc.tg4.tv\/CR\u00c1\" rel=\"noopener\" target=\"_blank\">https:\/\/nasc.tg4.tv\/CR\u00c1<\/a><\/li>\n<li>Bh\u00ed an-d\u00e1imh ag an lucht f\u00e9achana leis an dara sraith de <strong>Contractors<\/strong> freisin, inar ins\u00edodh sc\u00e9alta na gconraitheoir\u00ed feirmeoireachta agus a dteaghlaigh.<br \/>\n<a href=\"https:\/\/nasc.tg4.tv\/Contractors-2\" rel=\"noopener\" target=\"_blank\">https:\/\/nasc.tg4.tv\/Contractors-2<\/a><\/li>\n<\/ul>\n<p>&nbsp;<\/p>\n<h3>Buaicphoint\u00ed Cult\u00fair:<\/h3>\n<ul>\n<li>D\u2019fh\u00e9ach an l\u00edon is m\u00f3 lucht f\u00e9achana riamh ar <strong>Fleadh 2024<\/strong> agus ba mh\u00f3 daoine a d\u2019fh\u00e9ach ar thaibhi\u00fach\u00e1in o\u00edche D\u00e9ardaoin n\u00e1 a d\u2019fh\u00e9ach ar aon \u00f3c\u00e1id de chuid na Fleidhe ar TG4 riamh. I measc na mbuaicphoint\u00ed bh\u00ed taibhi\u00fach\u00e1in \u00f3 Michael Flatley agus Sharon Shannon.<br \/>\n<a href=\"https:\/\/nasc.tg4.tv\/Fleadh-24\" rel=\"noopener\" target=\"_blank\">https:\/\/nasc.tg4.tv\/Fleadh-24<\/a><\/li>\n<li>Bh\u00ed TG4 ag ceili\u00faradh eisi\u00faint phicti\u00farlainne an scann\u00e1in <strong>KNEECAP<\/strong> freisin, scann\u00e1n iontach Gaeilge at\u00e1 ar fhadliosta do na Oscars. Is \u00e9 TG4 comhph\u00e1irt\u00ed craolach\u00e1in an scann\u00e1in agus thacaigh s\u00e9 leis \u00f3n t\u00fas.<br \/>\n<a href=\"https:\/\/www.tiktok.com\/@tg4tv\/video\/7377359753573322017\" rel=\"noopener\" target=\"_blank\">https:\/\/www.tiktok.com\/@tg4tv\/video\/7377359753573322017<\/a><\/li>\n<\/ul>\n<p>&nbsp;<\/p>\n<h3>C\u00fala4:<\/h3>\n<p>Bhain an cain\u00e9al <strong>C\u00fala4<\/strong> cloch mh\u00edle shuntasach amach sa bhliain 2024, ba \u00e9 sin go raibh an cain\u00e9al bliain ar an aer agus gur th\u00e1inig ard\u00fa 18% ar an l\u00edon lucht f\u00e9achana a bh\u00ed ag <strong>Seinnteoir C\u00fala4<\/strong>.  <\/p>\n<p>T\u00e1 l\u00e1ithre\u00e1n gr\u00e9as\u00e1in <strong>C\u00fala4<\/strong> f\u00f3s ag mealladh lucht f\u00e9achana domhanda agus l\u00e9ir\u00edonn sin an luach at\u00e1 leis ina acmhainn r\u00edth\u00e1bhachtach ag tuismitheoir\u00ed agus ag m\u00fainteoir\u00ed at\u00e1 ag iarraidh c\u00fanamh a thabhairt do leana\u00ed an teanga a fhoghlaim.  <\/p>\n<p>Le breis is 1.7 milli\u00fan radharc tugtha ar an l\u00e1ithre\u00e1n gr\u00e9as\u00e1n \u00f3 seoladh \u00e9 agus gach \u00fas\u00e1ideoir ag caitheamh 20 n\u00f3im\u00e9ad ar an me\u00e1n ag f\u00e9achaint air n\u00ed f\u00e9idir an freastal at\u00e1 s\u00e9 a dh\u00e9anamh ar dhaoine a sh\u00e9anadh.  <\/p>\n<p>\u00c1ir\u00edodh i measc na gcl\u00e1r m\u00f3r\u00e9ilimh is m\u00f3 ar C\u00fala4 i rith na bliana 2024 <strong>CoComelon, Super Simple Amhr\u00e1in, Taffy, Am Foghlama le Timmy<\/strong>, agus \u00e1bhar nua a l\u00e9ir\u00edodh in \u00c9irinn amhail <strong>Nuacht C\u00fala4, L\u00ed Ban, Siar Linn, Mo Pheata, Is Mise<\/strong>, agus neart eile. <\/p>\n<p><a href=\"https:\/\/cula4.com\/ga\" rel=\"noopener\" target=\"_blank\">https:\/\/cula4.com\/ga<\/a><br \/>\n&nbsp;<\/p>\n<h3>Me\u00e1in Sh\u00f3isialta TG4:\u00a0Borradh faoina chuid Ard\u00e1n:<\/h3>\n<p>Mheall cur chuige TG4 i leith na me\u00e1n s\u00f3isialta breis is 80 milli\u00fan radharc ar ard\u00e1in \u00e9ags\u00fala amhail TikTok, Instagram, Facebook, X, Sky Blue agus YouTube.  <\/p>\n<p>\u00c1ir\u00edodh ar na m\u00edreanna a scaip go mear: <\/p>\n<ul>\n<li>Leo Earley, sc\u00e9ala\u00ed \u00f3g cumasach, a chuaigh i gcion ar dhaoine ar fud na h\u00c9ireann lena chuid sc\u00e9ala\u00edochta dra\u00edocht\u00fala ag\u00a0Fleadh 2024.<br \/>\n<a href=\"https:\/\/www.tiktok.com\/@tg4tv\/video\/7402005010143317281\" rel=\"noopener\" target=\"_blank\">https:\/\/www.tiktok.com\/@tg4tv\/video\/7402005010143317281<\/a><\/li>\n<li>M\u00edr eile a sheas amach le linn chl\u00fadach TG4 ar an Fleadh Cheoil ab ea f\u00edse\u00e1n de Eoin Creevy i mbun portaireacht bh\u00e9il a chuirfeadh faoi gheasa t\u00fa. T\u00e1 breis is <strong>2.4 milli\u00fan radharc<\/strong>, ar \u00e9acht ollmh\u00f3r \u00e9, bainte amach aige ar chain\u00e9al TikTok TG4, agus l\u00e9ir\u00edonn s\u00e9 sin chomh tiomanta is at\u00e1 TG4 do dhaoine agus taibheoir\u00ed cumasacha nua a aimsi\u00fa i ngach cearn d\u2019\u00c9irinn, agus n\u00edos faide i gc\u00e9in go deimhin, agus t\u00e1 ard\u00e1n tugtha againn do go leor d\u00edobh ar na cain\u00e9il thraidisi\u00fanta me\u00e1n cumars\u00e1ide.<br \/>\n<a href=\"https:\/\/www.tiktok.com\/@tg4tv\/video\/7404808815151025440?lang=en\" rel=\"noopener\" target=\"_blank\">https:\/\/www.tiktok.com\/@tg4tv\/video\/7404808815151025440?lang=en<\/a><\/li>\n<li>Tharraing m\u00edreanna sp\u00f3irt lucht sp\u00e9ise ollmh\u00f3r, ina measc buaicphoint\u00ed amhail <strong>C\u00fail na Bliana 2024<\/strong> ina raibh m\u00edr de Matthew Costello (An Mh\u00ed). Tugadh ugach don lucht sp\u00e9ise v\u00f3ta a chaitheamh le haghaidh C\u00fal na Bliana 2024 ar an nasc th\u00edos:<br \/>\n<a href=\"https:\/\/www.tiktok.com\/@sporttg4\/video\/7446792454960925985\" rel=\"noopener\" target=\"_blank\">https:\/\/www.tiktok.com\/@sporttg4\/video\/7446792454960925985<\/a><\/li>\n<\/ul>\n<p>&nbsp;<\/p>\n<h3>Seinnteoir TG4:\u00a0Do Mhol le haghaidh \u00c1bhar ar \u00c9ileamh:<\/h3>\n<p>Th\u00e1inig f\u00e1s 23% ar l\u00edon na radharc a bh\u00ed ar fh\u00edse\u00e1in ar <strong>Sheinnteoir TG4<\/strong>, agus is \u00e9 an t-ard\u00e1n anois \u00e9 le bheith ag tarraingt air le haghaidh \u00e1bhar n\u00e1r mh\u00f3r f\u00e9achaint air agus don sp\u00f3rt beo.  Le h\u00e1bhar air ar n\u00f3s <strong>CR\u00c1<\/strong>, <strong>Contractors<\/strong>, agus cl\u00fadach beo CLG, n\u00ed raibh ort ach clice\u00e1il ar sheinnteoir TG4.<br \/>\n&nbsp;<\/p>\n<h3>C\u00e9ard anois do TG4?<\/h3>\n<p>Agus TG4 ag f\u00e9achaint chun cinn, t\u00e1 a thiomantas do chl\u00e1ir Ghaeilge ar ardchaighde\u00e1n a chur ar f\u00e1il f\u00f3s i gcro\u00edl\u00e1r a mhisin. \u00d3 scann\u00e1in cheannr\u00f3da\u00edocha ar n\u00f3s <strong>An Cail\u00edn Ci\u00fain<\/strong> go dt\u00ed \u00e1bhar nu\u00e1lach dr\u00e1ma\u00edochta ar n\u00f3s <strong>CR\u00c1<\/strong>, leanann TG4 den chaighde\u00e1n maidir le craolt\u00f3ireacht na h\u00c9ireann a shocr\u00fa. <\/p>\n<p>Is cinnte go bhfuil bliain mh\u00f3r eile amach roimh TG4 in 2025, agus t\u00e1 sceitim\u00edn\u00ed ar gach duine faoi na hainmni\u00fach\u00e1in a d\u2019fh\u00e9adfadh <strong>KNEECAP<\/strong> a fh\u00e1il ag na BAFTAs agus na Oscars. Dhaingneodh na gradaim sin tuilleadh an ch\u00e1il at\u00e1 ar TG4 ina ard\u00e1n chun scoth na ndaoine cumasacha agus scoth na sc\u00e9ala\u00edochta at\u00e1 againn anseo in \u00c9irinn a chur os comhair an phobail.<\/p>\n<p>&nbsp;<\/p>\n","protected":false},"excerpt":{"rendered":"<p>&nbsp; 80% den t\u00edr ag f\u00e9achaint ar TG4 agus bisi\u00fa breise bainte amach ag an gcain\u00e9al Gaeilge ar fud na Teilif\u00edse, Ar L\u00edne agus ar na Me\u00e1in Sh\u00f3isialta. T\u00e1 clabhs\u00far curtha ag TG4 le 2024, arb bhliain dhochreidte a bh\u00ed inti don st\u00e1isi\u00fan, bliain inar mealladh an lucht f\u00e9achana le dr\u00e1ma\u00edocht ardmholta, cl\u00fadach eisceacht\u00fail sp\u00f3irt [&hellip;]<\/p>\n","protected":false},"author":876,"featured_media":0,"parent":236807,"menu_order":4,"comment_status":"closed","ping_status":"closed","template":"page-templates\/template-pr.php","meta":{"_acf_changed":false,"footnotes":""},"acf":[],"yoast_head":"<!-- This site is optimized with the Yoast SEO plugin v22.6 - https:\/\/yoast.com\/wordpress\/plugins\/seo\/ -->\n<title>Bliain Dhochreidte \u00e1 Ceili\u00faradh ag TG4 i dtaobh an Lucht F\u00e9achana agus na Rannph\u00e1irt\u00edochta in 2024 | Preasr\u00e1iteas | TG4<\/title>\n<meta name=\"description\" content=\"T\u00e1 clabhs\u00far curtha ag TG4 le 2024, arb bhliain dhochreidte a bh\u00ed inti don st\u00e1isi\u00fan, bliain inar mealladh an lucht f\u00e9achana le dr\u00e1ma\u00edocht ardmholta, cl\u00fadach eisceacht\u00fail sp\u00f3irt agus cl\u00e1ir chult\u00fair sh\u00e1rmhaithe.\" \/>\n<meta name=\"robots\" content=\"index, follow, max-snippet:-1, max-image-preview:large, max-video-preview:-1\" \/>\n<meta property=\"og:locale\" content=\"en_US\" \/>\n<meta property=\"og:type\" content=\"article\" \/>\n<meta property=\"og:title\" content=\"Bliain Dhochreidte \u00e1 Ceili\u00faradh ag TG4 i dtaobh an Lucht F\u00e9achana agus na Rannph\u00e1irt\u00edochta in 2024 | Preasr\u00e1iteas | TG4\" \/>\n<meta property=\"og:description\" content=\"T\u00e1 clabhs\u00far curtha ag TG4 le 2024, arb bhliain dhochreidte a bh\u00ed inti don st\u00e1isi\u00fan, bliain inar mealladh an lucht f\u00e9achana le dr\u00e1ma\u00edocht ardmholta, cl\u00fadach eisceacht\u00fail sp\u00f3irt agus cl\u00e1ir chult\u00fair sh\u00e1rmhaithe.\" \/>\n<meta property=\"og:url\" content=\"https:\/\/dev.tg4.ie\/ga\/eolas\/preas\/nuacht-raitis\/2025-2\/bliain-dhochreidte-a-ceiliuradh-ag-tg4-i-dtaobh-an-lucht-feachana-agus-na-rannphairtiochta-in-2024\/\" \/>\n<meta property=\"og:site_name\" content=\"TG4\" \/>\n<meta property=\"article:publisher\" content=\"https:\/\/www.facebook.com\/TG4TV\" \/>\n<meta property=\"article:modified_time\" content=\"2025-01-20T15:32:26+00:00\" \/>\n<meta property=\"og:image\" content=\"https:\/\/tg4-docs.s3.amazonaws.com\/wp-content\/uploads\/2025\/01\/20144632\/Lucht_Feachana_TG4_2024_1-1920x1080-1.jpg\" \/>\n\t<meta property=\"og:image:width\" content=\"1920\" \/>\n\t<meta property=\"og:image:height\" content=\"1080\" \/>\n\t<meta property=\"og:image:type\" content=\"image\/jpeg\" \/>\n<meta name=\"twitter:card\" content=\"summary_large_image\" \/>\n<meta name=\"twitter:image\" content=\"https:\/\/tg4-docs.s3.amazonaws.com\/wp-content\/uploads\/2025\/01\/20144632\/Lucht_Feachana_TG4_2024_1-1920x1080-1.jpg\" \/>\n<meta name=\"twitter:site\" content=\"@TG4TV\" \/>\n<meta name=\"twitter:label1\" content=\"Est. reading time\" \/>\n\t<meta name=\"twitter:data1\" content=\"6 minutes\" \/>\n<script type=\"application\/ld+json\" class=\"yoast-schema-graph\">{\"@context\":\"https:\/\/schema.org\",\"@graph\":[{\"@type\":\"WebPage\",\"@id\":\"https:\/\/dev.tg4.ie\/ga\/eolas\/preas\/nuacht-raitis\/2025-2\/bliain-dhochreidte-a-ceiliuradh-ag-tg4-i-dtaobh-an-lucht-feachana-agus-na-rannphairtiochta-in-2024\/\",\"url\":\"https:\/\/dev.tg4.ie\/ga\/eolas\/preas\/nuacht-raitis\/2025-2\/bliain-dhochreidte-a-ceiliuradh-ag-tg4-i-dtaobh-an-lucht-feachana-agus-na-rannphairtiochta-in-2024\/\",\"name\":\"Bliain Dhochreidte \u00e1 Ceili\u00faradh ag TG4 i dtaobh an Lucht F\u00e9achana agus na Rannph\u00e1irt\u00edochta in 2024 | Preasr\u00e1iteas | TG4\",\"isPartOf\":{\"@id\":\"https:\/\/dev.tg4.ie\/en\/#website\"},\"primaryImageOfPage\":{\"@id\":\"https:\/\/dev.tg4.ie\/ga\/eolas\/preas\/nuacht-raitis\/2025-2\/bliain-dhochreidte-a-ceiliuradh-ag-tg4-i-dtaobh-an-lucht-feachana-agus-na-rannphairtiochta-in-2024\/#primaryimage\"},\"image\":{\"@id\":\"https:\/\/dev.tg4.ie\/ga\/eolas\/preas\/nuacht-raitis\/2025-2\/bliain-dhochreidte-a-ceiliuradh-ag-tg4-i-dtaobh-an-lucht-feachana-agus-na-rannphairtiochta-in-2024\/#primaryimage\"},\"thumbnailUrl\":\"https:\/\/dev.tg4.ie\/wp-content\/uploads\/2025\/01\/Lucht_Feachana_TG4_2024_1-1920x1080-1.jpg\",\"datePublished\":\"2025-01-20T15:31:22+00:00\",\"dateModified\":\"2025-01-20T15:32:26+00:00\",\"description\":\"T\u00e1 clabhs\u00far curtha ag TG4 le 2024, arb bhliain dhochreidte a bh\u00ed inti don st\u00e1isi\u00fan, bliain inar mealladh an lucht f\u00e9achana le dr\u00e1ma\u00edocht ardmholta, cl\u00fadach eisceacht\u00fail sp\u00f3irt agus cl\u00e1ir chult\u00fair sh\u00e1rmhaithe.\",\"breadcrumb\":{\"@id\":\"https:\/\/dev.tg4.ie\/ga\/eolas\/preas\/nuacht-raitis\/2025-2\/bliain-dhochreidte-a-ceiliuradh-ag-tg4-i-dtaobh-an-lucht-feachana-agus-na-rannphairtiochta-in-2024\/#breadcrumb\"},\"inLanguage\":\"ga\",\"potentialAction\":[{\"@type\":\"ReadAction\",\"target\":[\"https:\/\/dev.tg4.ie\/ga\/eolas\/preas\/nuacht-raitis\/2025-2\/bliain-dhochreidte-a-ceiliuradh-ag-tg4-i-dtaobh-an-lucht-feachana-agus-na-rannphairtiochta-in-2024\/\"]}]},{\"@type\":\"ImageObject\",\"inLanguage\":\"ga\",\"@id\":\"https:\/\/dev.tg4.ie\/ga\/eolas\/preas\/nuacht-raitis\/2025-2\/bliain-dhochreidte-a-ceiliuradh-ag-tg4-i-dtaobh-an-lucht-feachana-agus-na-rannphairtiochta-in-2024\/#primaryimage\",\"url\":\"https:\/\/dev.tg4.ie\/wp-content\/uploads\/2025\/01\/Lucht_Feachana_TG4_2024_1-1920x1080-1.jpg\",\"contentUrl\":\"https:\/\/dev.tg4.ie\/wp-content\/uploads\/2025\/01\/Lucht_Feachana_TG4_2024_1-1920x1080-1.jpg\"},{\"@type\":\"BreadcrumbList\",\"@id\":\"https:\/\/dev.tg4.ie\/ga\/eolas\/preas\/nuacht-raitis\/2025-2\/bliain-dhochreidte-a-ceiliuradh-ag-tg4-i-dtaobh-an-lucht-feachana-agus-na-rannphairtiochta-in-2024\/#breadcrumb\",\"itemListElement\":[{\"@type\":\"ListItem\",\"position\":1,\"name\":\"Home\",\"item\":\"https:\/\/dev.tg4.ie\/ga\/\"},{\"@type\":\"ListItem\",\"position\":2,\"name\":\"Eolas\",\"item\":\"https:\/\/dev.tg4.ie\/ga\/eolas\/\"},{\"@type\":\"ListItem\",\"position\":3,\"name\":\"Preas\",\"item\":\"https:\/\/dev.tg4.ie\/ga\/eolas\/preas\/\"},{\"@type\":\"ListItem\",\"position\":4,\"name\":\"Nuacht R\u00e1itis\",\"item\":\"https:\/\/dev.tg4.ie\/ga\/eolas\/preas\/nuacht-raitis\/\"},{\"@type\":\"ListItem\",\"position\":5,\"name\":\"2025\",\"item\":\"https:\/\/dev.tg4.ie\/ga\/eolas\/preas\/nuacht-raitis\/2025-2\/\"},{\"@type\":\"ListItem\",\"position\":6,\"name\":\"Bliain Dhochreidte \u00e1 Ceili\u00faradh ag TG4 i dtaobh an Lucht F\u00e9achana agus na Rannph\u00e1irt\u00edochta in 2024\"}]},{\"@type\":\"WebSite\",\"@id\":\"https:\/\/dev.tg4.ie\/en\/#website\",\"url\":\"https:\/\/dev.tg4.ie\/en\/\",\"name\":\"TG4\",\"description\":\"S\u00fail Eile\",\"potentialAction\":[{\"@type\":\"SearchAction\",\"target\":{\"@type\":\"EntryPoint\",\"urlTemplate\":\"https:\/\/dev.tg4.ie\/en\/?s={search_term_string}\"},\"query-input\":\"required name=search_term_string\"}],\"inLanguage\":\"ga\"}]}<\/script>\n<!-- \/ Yoast SEO plugin. -->","yoast_head_json":{"title":"Bliain Dhochreidte \u00e1 Ceili\u00faradh ag TG4 i dtaobh an Lucht F\u00e9achana agus na Rannph\u00e1irt\u00edochta in 2024 | Preasr\u00e1iteas | TG4","description":"T\u00e1 clabhs\u00far curtha ag TG4 le 2024, arb bhliain dhochreidte a bh\u00ed inti don st\u00e1isi\u00fan, bliain inar mealladh an lucht f\u00e9achana le dr\u00e1ma\u00edocht ardmholta, cl\u00fadach eisceacht\u00fail sp\u00f3irt agus cl\u00e1ir chult\u00fair sh\u00e1rmhaithe.","robots":{"index":"index","follow":"follow","max-snippet":"max-snippet:-1","max-image-preview":"max-image-preview:large","max-video-preview":"max-video-preview:-1"},"og_locale":"en_US","og_type":"article","og_title":"Bliain Dhochreidte \u00e1 Ceili\u00faradh ag TG4 i dtaobh an Lucht F\u00e9achana agus na Rannph\u00e1irt\u00edochta in 2024 | Preasr\u00e1iteas | TG4","og_description":"T\u00e1 clabhs\u00far curtha ag TG4 le 2024, arb bhliain dhochreidte a bh\u00ed inti don st\u00e1isi\u00fan, bliain inar mealladh an lucht f\u00e9achana le dr\u00e1ma\u00edocht ardmholta, cl\u00fadach eisceacht\u00fail sp\u00f3irt agus cl\u00e1ir chult\u00fair sh\u00e1rmhaithe.","og_url":"https:\/\/dev.tg4.ie\/ga\/eolas\/preas\/nuacht-raitis\/2025-2\/bliain-dhochreidte-a-ceiliuradh-ag-tg4-i-dtaobh-an-lucht-feachana-agus-na-rannphairtiochta-in-2024\/","og_site_name":"TG4","article_publisher":"https:\/\/www.facebook.com\/TG4TV","article_modified_time":"2025-01-20T15:32:26+00:00","og_image":[{"width":1920,"height":1080,"url":"https:\/\/tg4-docs.s3.amazonaws.com\/wp-content\/uploads\/2025\/01\/20144632\/Lucht_Feachana_TG4_2024_1-1920x1080-1.jpg","type":"image\/jpeg"}],"twitter_card":"summary_large_image","twitter_image":"https:\/\/tg4-docs.s3.amazonaws.com\/wp-content\/uploads\/2025\/01\/20144632\/Lucht_Feachana_TG4_2024_1-1920x1080-1.jpg","twitter_site":"@TG4TV","twitter_misc":{"Est. reading time":"6 minutes"},"schema":{"@context":"https:\/\/schema.org","@graph":[{"@type":"WebPage","@id":"https:\/\/dev.tg4.ie\/ga\/eolas\/preas\/nuacht-raitis\/2025-2\/bliain-dhochreidte-a-ceiliuradh-ag-tg4-i-dtaobh-an-lucht-feachana-agus-na-rannphairtiochta-in-2024\/","url":"https:\/\/dev.tg4.ie\/ga\/eolas\/preas\/nuacht-raitis\/2025-2\/bliain-dhochreidte-a-ceiliuradh-ag-tg4-i-dtaobh-an-lucht-feachana-agus-na-rannphairtiochta-in-2024\/","name":"Bliain Dhochreidte \u00e1 Ceili\u00faradh ag TG4 i dtaobh an Lucht F\u00e9achana agus na Rannph\u00e1irt\u00edochta in 2024 | Preasr\u00e1iteas | TG4","isPartOf":{"@id":"https:\/\/dev.tg4.ie\/en\/#website"},"primaryImageOfPage":{"@id":"https:\/\/dev.tg4.ie\/ga\/eolas\/preas\/nuacht-raitis\/2025-2\/bliain-dhochreidte-a-ceiliuradh-ag-tg4-i-dtaobh-an-lucht-feachana-agus-na-rannphairtiochta-in-2024\/#primaryimage"},"image":{"@id":"https:\/\/dev.tg4.ie\/ga\/eolas\/preas\/nuacht-raitis\/2025-2\/bliain-dhochreidte-a-ceiliuradh-ag-tg4-i-dtaobh-an-lucht-feachana-agus-na-rannphairtiochta-in-2024\/#primaryimage"},"thumbnailUrl":"https:\/\/dev.tg4.ie\/wp-content\/uploads\/2025\/01\/Lucht_Feachana_TG4_2024_1-1920x1080-1.jpg","datePublished":"2025-01-20T15:31:22+00:00","dateModified":"2025-01-20T15:32:26+00:00","description":"T\u00e1 clabhs\u00far curtha ag TG4 le 2024, arb bhliain dhochreidte a bh\u00ed inti don st\u00e1isi\u00fan, bliain inar mealladh an lucht f\u00e9achana le dr\u00e1ma\u00edocht ardmholta, cl\u00fadach eisceacht\u00fail sp\u00f3irt agus cl\u00e1ir chult\u00fair sh\u00e1rmhaithe.","breadcrumb":{"@id":"https:\/\/dev.tg4.ie\/ga\/eolas\/preas\/nuacht-raitis\/2025-2\/bliain-dhochreidte-a-ceiliuradh-ag-tg4-i-dtaobh-an-lucht-feachana-agus-na-rannphairtiochta-in-2024\/#breadcrumb"},"inLanguage":"ga","potentialAction":[{"@type":"ReadAction","target":["https:\/\/dev.tg4.ie\/ga\/eolas\/preas\/nuacht-raitis\/2025-2\/bliain-dhochreidte-a-ceiliuradh-ag-tg4-i-dtaobh-an-lucht-feachana-agus-na-rannphairtiochta-in-2024\/"]}]},{"@type":"ImageObject","inLanguage":"ga","@id":"https:\/\/dev.tg4.ie\/ga\/eolas\/preas\/nuacht-raitis\/2025-2\/bliain-dhochreidte-a-ceiliuradh-ag-tg4-i-dtaobh-an-lucht-feachana-agus-na-rannphairtiochta-in-2024\/#primaryimage","url":"https:\/\/dev.tg4.ie\/wp-content\/uploads\/2025\/01\/Lucht_Feachana_TG4_2024_1-1920x1080-1.jpg","contentUrl":"https:\/\/dev.tg4.ie\/wp-content\/uploads\/2025\/01\/Lucht_Feachana_TG4_2024_1-1920x1080-1.jpg"},{"@type":"BreadcrumbList","@id":"https:\/\/dev.tg4.ie\/ga\/eolas\/preas\/nuacht-raitis\/2025-2\/bliain-dhochreidte-a-ceiliuradh-ag-tg4-i-dtaobh-an-lucht-feachana-agus-na-rannphairtiochta-in-2024\/#breadcrumb","itemListElement":[{"@type":"ListItem","position":1,"name":"Home","item":"https:\/\/dev.tg4.ie\/ga\/"},{"@type":"ListItem","position":2,"name":"Eolas","item":"https:\/\/dev.tg4.ie\/ga\/eolas\/"},{"@type":"ListItem","position":3,"name":"Preas","item":"https:\/\/dev.tg4.ie\/ga\/eolas\/preas\/"},{"@type":"ListItem","position":4,"name":"Nuacht R\u00e1itis","item":"https:\/\/dev.tg4.ie\/ga\/eolas\/preas\/nuacht-raitis\/"},{"@type":"ListItem","position":5,"name":"2025","item":"https:\/\/dev.tg4.ie\/ga\/eolas\/preas\/nuacht-raitis\/2025-2\/"},{"@type":"ListItem","position":6,"name":"Bliain Dhochreidte \u00e1 Ceili\u00faradh ag TG4 i dtaobh an Lucht F\u00e9achana agus na Rannph\u00e1irt\u00edochta in 2024"}]},{"@type":"WebSite","@id":"https:\/\/dev.tg4.ie\/en\/#website","url":"https:\/\/dev.tg4.ie\/en\/","name":"TG4","description":"S\u00fail Eile","potentialAction":[{"@type":"SearchAction","target":{"@type":"EntryPoint","urlTemplate":"https:\/\/dev.tg4.ie\/en\/?s={search_term_string}"},"query-input":"required name=search_term_string"}],"inLanguage":"ga"}]}},"_links":{"self":[{"href":"https:\/\/dev.tg4.ie\/ga\/wp-json\/wp\/v2\/pages\/237055"}],"collection":[{"href":"https:\/\/dev.tg4.ie\/ga\/wp-json\/wp\/v2\/pages"}],"about":[{"href":"https:\/\/dev.tg4.ie\/ga\/wp-json\/wp\/v2\/types\/page"}],"author":[{"embeddable":true,"href":"https:\/\/dev.tg4.ie\/ga\/wp-json\/wp\/v2\/users\/876"}],"replies":[{"embeddable":true,"href":"https:\/\/dev.tg4.ie\/ga\/wp-json\/wp\/v2\/comments?post=237055"}],"version-history":[{"count":0,"href":"https:\/\/dev.tg4.ie\/ga\/wp-json\/wp\/v2\/pages\/237055\/revisions"}],"up":[{"embeddable":true,"href":"https:\/\/dev.tg4.ie\/ga\/wp-json\/wp\/v2\/pages\/236807"}],"wp:attachment":[{"href":"https:\/\/dev.tg4.ie\/ga\/wp-json\/wp\/v2\/media?parent=237055"}],"curies":[{"name":"wp","href":"https:\/\/api.w.org\/{rel}","templated":true}]}}