{"id":237985,"date":"2025-01-31T14:00:40","date_gmt":"2025-01-31T14:00:40","guid":{"rendered":"https:\/\/dev.tg4.ie\/?page_id=237985"},"modified":"2025-01-31T14:04:45","modified_gmt":"2025-01-31T14:04:45","slug":"scannain-cine4-a-bhfuil-gradaim-buaite-acu-le-fail-ar-tg4-ie","status":"publish","type":"page","link":"https:\/\/dev.tg4.ie\/ga\/eolas\/preas\/nuacht-raitis\/2025-2\/scannain-cine4-a-bhfuil-gradaim-buaite-acu-le-fail-ar-tg4-ie\/","title":{"rendered":"Scann\u00e1in Cine4 a bhfuil gradaim buaite acu le f\u00e1il ar TG4.ie"},"content":{"rendered":"<table>\n<tbody>\n<tr>\n<td width=\"33%\"><a href=\"https:\/\/tg4-docs.s3.amazonaws.com\/tg4-redesign-2015\/wp-content\/uploads\/2022\/02\/AnCailinCiuin_TheQuietGirl_Cait_Catherine_Clinch_1-1920x1080-1.jpg\"><img loading=\"lazy\" decoding=\"async\" width=\"1920\" height=\"1080\" src=\"https:\/\/tg4-docs.s3.amazonaws.com\/tg4-redesign-2015\/wp-content\/uploads\/2022\/02\/AnCailinCiuin_TheQuietGirl_Cait_Catherine_Clinch_1-1920x1080-1.jpg\" alt=\"\" class=\"aligncenter size-full wp-image-140596\" srcset=\"https:\/\/tg4-docs.s3.amazonaws.com\/tg4-redesign-2015\/wp-content\/uploads\/2022\/02\/AnCailinCiuin_TheQuietGirl_Cait_Catherine_Clinch_1-1920x1080-1.jpg 1920w, https:\/\/tg4-docs.s3.amazonaws.com\/tg4-redesign-2015\/wp-content\/uploads\/2022\/02\/AnCailinCiuin_TheQuietGirl_Cait_Catherine_Clinch_1-1920x1080-1-250x141.jpg 250w, https:\/\/tg4-docs.s3.amazonaws.com\/tg4-redesign-2015\/wp-content\/uploads\/2022\/02\/AnCailinCiuin_TheQuietGirl_Cait_Catherine_Clinch_1-1920x1080-1-700x394.jpg 700w, https:\/\/tg4-docs.s3.amazonaws.com\/tg4-redesign-2015\/wp-content\/uploads\/2022\/02\/AnCailinCiuin_TheQuietGirl_Cait_Catherine_Clinch_1-1920x1080-1-252x141.jpg 252w, https:\/\/tg4-docs.s3.amazonaws.com\/tg4-redesign-2015\/wp-content\/uploads\/2022\/02\/AnCailinCiuin_TheQuietGirl_Cait_Catherine_Clinch_1-1920x1080-1-1536x864.jpg 1536w, https:\/\/tg4-docs.s3.amazonaws.com\/tg4-redesign-2015\/wp-content\/uploads\/2022\/02\/AnCailinCiuin_TheQuietGirl_Cait_Catherine_Clinch_1-1920x1080-1-120x68.jpg 120w\" sizes=\"(max-width: 1920px) 100vw, 1920px\" \/><\/a><\/td>\n<td width=\"33%\"><a href=\"https:\/\/tg4-docs.s3.amazonaws.com\/tg4-redesign-2015\/wp-content\/uploads\/2022\/03\/Roise_Frank_1-1920x1080-1.jpg\"><img loading=\"lazy\" decoding=\"async\" width=\"1920\" height=\"1080\" src=\"https:\/\/tg4-docs.s3.amazonaws.com\/tg4-redesign-2015\/wp-content\/uploads\/2022\/03\/Roise_Frank_1-1920x1080-1.jpg\" alt=\"\" class=\"aligncenter size-full wp-image-144043\" srcset=\"https:\/\/tg4-docs.s3.amazonaws.com\/tg4-redesign-2015\/wp-content\/uploads\/2022\/03\/Roise_Frank_1-1920x1080-1.jpg 1920w, https:\/\/tg4-docs.s3.amazonaws.com\/tg4-redesign-2015\/wp-content\/uploads\/2022\/03\/Roise_Frank_1-1920x1080-1-250x141.jpg 250w, https:\/\/tg4-docs.s3.amazonaws.com\/tg4-redesign-2015\/wp-content\/uploads\/2022\/03\/Roise_Frank_1-1920x1080-1-700x394.jpg 700w, https:\/\/tg4-docs.s3.amazonaws.com\/tg4-redesign-2015\/wp-content\/uploads\/2022\/03\/Roise_Frank_1-1920x1080-1-252x141.jpg 252w, https:\/\/tg4-docs.s3.amazonaws.com\/tg4-redesign-2015\/wp-content\/uploads\/2022\/03\/Roise_Frank_1-1920x1080-1-1536x864.jpg 1536w, https:\/\/tg4-docs.s3.amazonaws.com\/tg4-redesign-2015\/wp-content\/uploads\/2022\/03\/Roise_Frank_1-1920x1080-1-120x68.jpg 120w\" sizes=\"(max-width: 1920px) 100vw, 1920px\" \/><\/a><\/td>\n<td width=\"33%\"><a href=\"https:\/\/tg4-docs.s3.amazonaws.com\/wp-content\/uploads\/2024\/04\/18160848\/Tarrac_2_1920x1080.jpg\"><img loading=\"lazy\" decoding=\"async\" width=\"1920\" height=\"1080\" src=\"https:\/\/tg4-docs.s3.amazonaws.com\/wp-content\/uploads\/2024\/04\/18160848\/Tarrac_2_1920x1080.jpg\" alt=\"\" class=\"aligncenter size-full wp-image-214850\" srcset=\"https:\/\/tg4-docs.s3.amazonaws.com\/wp-content\/uploads\/2024\/04\/18160848\/Tarrac_2_1920x1080.jpg 1920w, https:\/\/tg4-docs.s3.amazonaws.com\/wp-content\/uploads\/2024\/04\/18160848\/Tarrac_2_1920x1080-250x141.jpg 250w, https:\/\/tg4-docs.s3.amazonaws.com\/wp-content\/uploads\/2024\/04\/18160848\/Tarrac_2_1920x1080-700x394.jpg 700w, https:\/\/tg4-docs.s3.amazonaws.com\/wp-content\/uploads\/2024\/04\/18160848\/Tarrac_2_1920x1080-252x141.jpg 252w, https:\/\/tg4-docs.s3.amazonaws.com\/wp-content\/uploads\/2024\/04\/18160848\/Tarrac_2_1920x1080-1536x864.jpg 1536w, https:\/\/tg4-docs.s3.amazonaws.com\/wp-content\/uploads\/2024\/04\/18160848\/Tarrac_2_1920x1080-120x68.jpg 120w\" sizes=\"(max-width: 1920px) 100vw, 1920px\" \/><\/a><\/td>\n<\/tr>\n<\/tbody>\n<\/table>\n<p>&nbsp;<\/p>\n<p>N\u00ed raibh an oiread aird riamh is at\u00e1 anois ar scann\u00e1in na h\u00c9ireann agus t\u00e1 TG4 ag tabhairt cuireadh duit ceili\u00faradh a dh\u00e9anamh ar an dra\u00edocht a bhaineann le sc\u00e9ala\u00edocht na Gaeilge. T\u00e1 TG4, i gcomhar le F\u00eds \u00c9ireann agus Coimisi\u00fan na Me\u00e1n, m\u00f3rtasach as scann\u00e1in de scoth an domhain a thabhairt chun f\u00edre ar TG4.ie. tr\u00ed sc\u00e9im cheannr\u00f3da\u00edoch Cine4.<br \/>\n&nbsp;<br \/>\n\u00d3 scann\u00e1n a fuair ainmni\u00fach\u00e1n le haghaidh Oscar go dt\u00ed sc\u00e9alta pearsanta carachtar, l\u00e9ir\u00edonn na scann\u00e1in seo go foirfe cult\u00far, teanga agus cumas scann\u00e1na\u00edochta saibhir na h\u00c9ireann.<br \/>\n&nbsp;<br \/>\n<strong>Aird ar na Scann\u00e1in Cine4 at\u00e1 ag Sruth\u00fa Anois ar TG4.ie<\/strong><br \/>\n&nbsp;<\/p>\n<p><strong>An Cail\u00edn Ci\u00fain<\/strong> <\/p>\n<p>I 2023 bh\u00ed an scann\u00e1n Gaeilge &#8216;An Cail\u00edn Ci\u00fain&#8217; i measc c\u00faig scann\u00e1n a bh\u00ed ainmnithe sa chatag\u00f3ir \u2018Pr\u00edomhscann\u00e1n Idirn\u00e1isi\u00fanta is Fearr\u2019 ag na Oscars. Ba \u00e9 an ch\u00e9ad scann\u00e1n Gaeilge riamh \u00e9 a raibh  s\u00e9 seo bainte amach aige. <\/p>\n<p>Ins\u00edonn &#8216;An Cail\u00edn Ci\u00fain&#8217; sc\u00e9al Ch\u00e1it (Catherine Clinch), cail\u00edn naoi mbliana d\u2019aois \u00f3 theaghlach at\u00e1 r\u00f3phl\u00f3daithe, m\u00edfheidhmi\u00fail agus a chuirtear ar shi\u00fal chun c\u00f3na\u00ed le tuismitheoir\u00ed altrama don samhradh. D\u2019ainneoin f\u00e1ilte chro\u00ed\u00fail \u00f3n bhean, Eibhl\u00edn (Carrie Crowley), d\u2019fhan fear an t\u00ed, Se\u00e1n (Andrew Bennett) amach \u00f3 Ch\u00e1it, agus \u00edse uaidhsean, ach le himeacht ama thosaigh cairdeas ag neart\u00fa eatarthu. Go mall, faoi ch\u00faram na gCinsealach, bl\u00e1tha\u00edonn C\u00e1it agus aims\u00edonn s\u00ed sl\u00ed \u00far beatha. Ach sa teach seo n\u00e1r ch\u00f3ir aon r\u00fain a bheith ann, tagann s\u00ed ar aon fh\u00edrinne phianmhar amh\u00e1in. T\u00e1 &#8216;An Cail\u00edn Ci\u00fain&#8217; bunaithe ar an ghearrsc\u00e9al ardmholta Foster le Claire Keegan, agus dr\u00e1ma casta, cigilteach is ea \u00e9 faoi theacht in aois a dh\u00e9anann ini\u00fachadh ar cheisteanna teaghlaigh, neamairt agus cumha tr\u00ed sh\u00faile a phr\u00edomhcharachtair \u00f3ig.  Is \u00e9 &#8216;An Cail\u00edn Ci\u00fain&#8217; an ch\u00e9ad scann\u00e1n fada \u00f3n scr\u00edbhneoir agus sti\u00farth\u00f3ir, Colm Bair\u00e9ad agus \u00f3n l\u00e9iritheoir, Cleona N\u00ed Chrualaoi \u00f3 Insc\u00e9al.<\/p>\n<p>An Cail\u00edn Ci\u00fain (Ar f\u00e1il in \u00c9irinn amh\u00e1in) <\/p>\n<p>Nasc: <a href=\"https:\/\/nasc.tg4.tv\/An_Cail\u00edn_Ci\u00fain\" rel=\"noopener\" target=\"_blank\">https:\/\/nasc.tg4.tv\/An_Cail\u00edn_Ci\u00fain<\/a> <\/p>\n<p>&nbsp;<\/p>\n<p><strong>Tarrac<\/strong> <\/p>\n<p>Dr\u00e1ma pearsanta carachtair is ea &#8216;Tarrac&#8217; at\u00e1 suite i nGaeltacht Chiarra\u00ed. Filleann Aoife N\u00ed Bhraoin ar an mbaile le dul a ch\u00fanamh d\u00e1 hathair Breand\u00e1n &#8216;The Bear&#8217; \u00d3 Braoin at\u00e1 ag teacht chuige f\u00e9in \u00f3 fuair s\u00e9 taom cro\u00ed. C\u00e9 gur cos\u00fail go bhfuil gach n\u00ed mar ba cheart eatarthu is l\u00e9ir ina dhiaidh sin f\u00e9in go bhfuil b\u00e1s a m\u00e1thar f\u00f3s ag goilli\u00faint ar an mbeirt acu. Faoi sti\u00fair Declan Recks, Eugene O&#8217;Brien a scr\u00edobh agus Cl\u00edona N\u00ed Bhuachalla a l\u00e9irigh.  <\/p>\n<p>Tarrac (Ar f\u00e1il in \u00c9irinn amh\u00e1in) <\/p>\n<p>Nasc: <a href=\"https:\/\/nasc.tg4.tv\/Tarrac\" rel=\"noopener\" target=\"_blank\">https:\/\/nasc.tg4.tv\/Tarrac<\/a> <\/p>\n<p>&nbsp;<\/p>\n<p><strong>R\u00f3ise &#038; Frank<\/strong> <\/p>\n<p>Scann\u00e1n Gaeilge a bhfuil gradam buaite aige faoi bhean a chreideann go bhfuil a fear c\u00e9ile at\u00e1 b\u00e1saithe tagtha ar ais ina mhadra. T\u00e1 R\u00f3ise maraithe le huaigneas i gc\u00f3na\u00ed i ndiaidh Frank, a fear c\u00e9ile a bh\u00e1saigh dh\u00e1 bhliain \u00f3 shin. Nuair a thagann madra chuig an teach a bhfuil an-t\u00f3ir aige ar sp\u00f3rt agus ar st\u00e9ig agus ar chathaoir \u00e1irithe sa teach, seanchathaoir Frank, t\u00e1 s\u00ed cinnte gurb \u00e9 Frank \u00e9 at\u00e1 tagtha ar ais ar\u00eds ina mhadra! T\u00e1 a mac ag ceapadh go bhfuil s\u00ed ag cailleadh na meabhrach ach n\u00ed fada go dtosa\u00edonn an pobal \u00e1 chreidi\u00faint freisin! <\/p>\n<p>R\u00f3ise &#038; Frank (Ar f\u00e1il in \u00c9irinn amh\u00e1in) <\/p>\n<p>Nasc: <a href=\"https:\/\/nasc.tg4.tv\/R\u00f3ise-agus-Frank\" rel=\"noopener\" target=\"_blank\">https:\/\/nasc.tg4.tv\/R\u00f3ise-agus-Frank<\/a><br \/>\n&nbsp;<\/p>\n<p><strong>Foscadh<\/strong> <\/p>\n<p>N\u00ed bh\u00edonn aon rogha ag John Cunliffe ach aghaidh a thabhairt ar an domhan m\u00f3r nuair a fh\u00e9achann comhlacht m\u00f3r fuinnimh le feirm mh\u00f3r ghaoithe a th\u00f3g\u00e1il ar thalamh a mhuintire. Fuair John an talamh sl\u00e9ibhe le huacht nuair a cailleadh a thuismitheoir\u00ed. Beidh air a bhealach a dh\u00e9anamh anois leis f\u00e9in agus \u00e9 ag iarraidh an ceann is fearr a fh\u00e1il ar ch\u00farsa\u00ed gr\u00e1 agus ar an d\u00edoltas. Is iad D\u00f3nall \u00d3 H\u00e9ala\u00ed, Fionnuala Flaherty, Cillian \u00d3 Gairbh\u00ed agus Macdara \u00d3 Flatharta pr\u00edomhaisteoir\u00ed an scann\u00e1in seo faoi sti\u00fair Se\u00e1n Breathnach.<\/p>\n<p>Foscadh (Ar f\u00e1il ar fud an domhain) <\/p>\n<p>Nasc: <a href=\"https:\/\/nasc.tg4.tv\/Foscadh\" rel=\"noopener\" target=\"_blank\">https:\/\/nasc.tg4.tv\/Foscadh<\/a> <\/p>\n<p>&nbsp;<\/p>\n<p><strong>Arracht<\/strong> <\/p>\n<p>Fear \u00e9 Coleman Sharkey at\u00e1 fr\u00e9amhaithe ina phobal. Fear leighis \u00e9 a bhfuil scil aige i luibheanna mar a bh\u00ed ag a athair roimhe. San 19\u00fa haois, t\u00e1 r\u00e1fla\u00ed go tr\u00e9an go bhfuil d\u00fachan ar na fata\u00ed.  In \u00e9ineacht leis sin, t\u00e1 an tiarna tal\u00fan ar t\u00ed an c\u00edos a dh\u00fabailt ach nuair a th\u00e9ann Coleman chun cainte leis faoi, b\u00edonn drochdheireadh ag an sc\u00e9al. F\u00e1gann sin Coleman ina ch\u00f3na\u00ed ar oile\u00e1n san uaigneas agus suim caillte aige sa saol n\u00f3 go gcastar Cit\u00ed, cail\u00edn beag deich mbliana air, a mh\u00fascla\u00edonn a sp\u00e9is sa saol ar\u00eds. <\/p>\n<p>Arracht (Ar f\u00e1il ar fud an domhain) <\/p>\n<p>Nasc: <a href=\"https:\/\/nasc.tg4.tv\/Arracht\" rel=\"noopener\" target=\"_blank\">https:\/\/nasc.tg4.tv\/Arracht<\/a><br \/>\n&nbsp;<br \/>\n&nbsp;   <\/p>\n<p><strong>Finky<\/strong> <\/p>\n<p> Ceolt\u00f3ir agus puip\u00e9ad\u00f3ir \u00e9 Mic\u00ed Finky at\u00e1 ag iarraidh \u00e9al\u00fa \u00f3n saol a bh\u00ed aige. Goideann s\u00e9 cl\u00fadach airgid agus tugann s\u00e9 f\u00e9in agus a chara aghaidh ar Albain. Ach baineann drochthimpiste do Finky an ch\u00e9ad o\u00edche acu i nGlasch\u00fa agus f\u00e1gtar gan mhoth\u00fa \u00e9 \u00f3na bh\u00e1sta s\u00edos. T\u00e9ann an saol in aimhr\u00e9idh air ach tugann obair at\u00e1 faighte aige le Carnival Chaotica misneach d\u00f3. . Is iad Dara Devaney, Ned Dennehy agus Diarmuid de Faoite na pr\u00edomhaisteoir\u00ed sa scann\u00e1n seo faoi sti\u00fair Dhatha\u00ed Keane. (2019) An ch\u00e9ad scann\u00e1n a l\u00e9ir\u00edodh mar chuid de sc\u00e9im Cine4. <\/p>\n<p>Finky (Ar f\u00e1il ar fud an domhain) <\/p>\n<p>Nasc: <a href=\"https:\/\/nasc.tg4.tv\/Cine4-FINKY\" rel=\"noopener\" target=\"_blank\">https:\/\/nasc.tg4.tv\/Cine4-FINKY<\/a><br \/>\n&nbsp;<\/p>\n<p><strong>Tuilleadh faoi Cine4<\/strong> <\/p>\n<p>Is \u00e9 Cine4 cro\u00ed rabharta nua na scann\u00e1na\u00edochta Gaeilge. Ina thionscnamh a re\u00e1cht\u00e1iltear i gcomhar le TG4, F\u00eds \u00c9ireann agus Coimisi\u00fan na Me\u00e1n, taca\u00edtear leis na nithe seo a leanas: <\/p>\n<p>-Sc\u00e9ala\u00edocht thochtmhar at\u00e1 b\u00e1ite i gcult\u00far na h\u00c9ireann. <\/p>\n<p>-Radhairc \u00e1ille agus ardluachanna l\u00e9irithe, curtha in oiri\u00faint don sc\u00e1ile\u00e1n m\u00f3r. <\/p>\n<p>-Uilechuimsitheacht, at\u00e1 d\u00edrithe ar fh\u00edre na Gaeilge agus ar chothroma\u00edocht inscne a bheith ar na foirne cruthaitheacha. <\/p>\n<p>De bharr go bhfuil buis\u00e9id suas go dt\u00ed \u20ac1.8 milli\u00fan in aghaidh an tionscadail i gceist anois, maoin\u00edtear dh\u00e1 fhadscann\u00e1n faoi sc\u00e9im Cine4 in aghaidh na bliana. Cuirtear na scann\u00e1in sin ar taispe\u00e1int ag f\u00e9ilte scann\u00e1n ar fud an domhain, taispe\u00e1ntar sna hamharclanna iad, agus, i ndeireadh na d\u00e1la, taispe\u00e1ntar ar an teilif\u00eds den ch\u00e9ad uair iad ar TG4. <\/p>\n<p>N\u00ed hamh\u00e1in a dtaca\u00edonn an tionscnamh seo le daoine cumasacha na h\u00c9ireann ach cinnt\u00edonn s\u00e9 freisin go bhfuil scann\u00e1in Ghaeilge \u00e1bhartha don lucht f\u00e9achana anseo sa mbaile agus thar lear.<br \/>\n&nbsp;<br \/>\n<strong>N\u00ed sc\u00e9alta \u00c9ireannacha amh\u00e1in iad scann\u00e1in Cine4 &#8211; is sc\u00e9alta iad a mb\u00edonn d\u00e1imh ag daoine ar fud an domhain leo. <\/strong><\/p>\n<p>&nbsp;<\/p>\n","protected":false},"excerpt":{"rendered":"<p>&nbsp; N\u00ed raibh an oiread aird riamh is at\u00e1 anois ar scann\u00e1in na h\u00c9ireann agus t\u00e1 TG4 ag tabhairt cuireadh duit ceili\u00faradh a dh\u00e9anamh ar an dra\u00edocht a bhaineann le sc\u00e9ala\u00edocht na Gaeilge. T\u00e1 TG4, i gcomhar le F\u00eds \u00c9ireann agus Coimisi\u00fan na Me\u00e1n, m\u00f3rtasach as scann\u00e1in de scoth an domhain a thabhairt chun f\u00edre [&hellip;]<\/p>\n","protected":false},"author":876,"featured_media":0,"parent":236807,"menu_order":5,"comment_status":"closed","ping_status":"closed","template":"page-templates\/template-pr.php","meta":{"_acf_changed":false,"footnotes":""},"acf":[],"yoast_head":"<!-- This site is optimized with the Yoast SEO plugin v22.6 - https:\/\/yoast.com\/wordpress\/plugins\/seo\/ -->\n<title>Scann\u00e1in Cine4 a bhfuil gradaim buaite acu le f\u00e1il ar TG4.ie | Preasr\u00e1iteas | TG4<\/title>\n<meta name=\"description\" content=\"N\u00ed raibh an oiread aird riamh is at\u00e1 anois ar scann\u00e1in na h\u00c9ireann agus t\u00e1 TG4 ag tabhairt cuireadh duit ceili\u00faradh a dh\u00e9anamh ar an dra\u00edocht a bhaineann le sc\u00e9ala\u00edocht na Gaeilge.\u00a0\" \/>\n<meta name=\"robots\" content=\"index, follow, max-snippet:-1, max-image-preview:large, max-video-preview:-1\" \/>\n<meta property=\"og:locale\" content=\"en_US\" \/>\n<meta property=\"og:type\" content=\"article\" \/>\n<meta property=\"og:title\" content=\"Scann\u00e1in Cine4 a bhfuil gradaim buaite acu le f\u00e1il ar TG4.ie | Preasr\u00e1iteas | TG4\" \/>\n<meta property=\"og:description\" content=\"N\u00ed raibh an oiread aird riamh is at\u00e1 anois ar scann\u00e1in na h\u00c9ireann agus t\u00e1 TG4 ag tabhairt cuireadh duit ceili\u00faradh a dh\u00e9anamh ar an dra\u00edocht a bhaineann le sc\u00e9ala\u00edocht na Gaeilge.\u00a0\" \/>\n<meta property=\"og:url\" content=\"https:\/\/dev.tg4.ie\/ga\/eolas\/preas\/nuacht-raitis\/2025-2\/scannain-cine4-a-bhfuil-gradaim-buaite-acu-le-fail-ar-tg4-ie\/\" \/>\n<meta property=\"og:site_name\" content=\"TG4\" \/>\n<meta property=\"article:publisher\" content=\"https:\/\/www.facebook.com\/TG4TV\" \/>\n<meta property=\"article:modified_time\" content=\"2025-01-31T14:04:45+00:00\" \/>\n<meta property=\"og:image\" content=\"https:\/\/tg4-docs.s3.amazonaws.com\/tg4-redesign-2015\/wp-content\/uploads\/2022\/02\/AnCailinCiuin_TheQuietGirl_Cait_Catherine_Clinch_1-1920x1080-1.jpg\" \/>\n\t<meta property=\"og:image:width\" content=\"1920\" \/>\n\t<meta property=\"og:image:height\" content=\"1080\" \/>\n\t<meta property=\"og:image:type\" content=\"image\/jpeg\" \/>\n<meta name=\"twitter:card\" content=\"summary_large_image\" \/>\n<meta name=\"twitter:image\" content=\"https:\/\/tg4-docs.s3.amazonaws.com\/tg4-redesign-2015\/wp-content\/uploads\/2022\/02\/AnCailinCiuin_TheQuietGirl_Cait_Catherine_Clinch_1-1920x1080-1.jpg\" \/>\n<meta name=\"twitter:site\" content=\"@TG4TV\" \/>\n<meta name=\"twitter:label1\" content=\"Est. reading time\" \/>\n\t<meta name=\"twitter:data1\" content=\"5 minutes\" \/>\n<script type=\"application\/ld+json\" class=\"yoast-schema-graph\">{\"@context\":\"https:\/\/schema.org\",\"@graph\":[{\"@type\":\"WebPage\",\"@id\":\"https:\/\/dev.tg4.ie\/ga\/eolas\/preas\/nuacht-raitis\/2025-2\/scannain-cine4-a-bhfuil-gradaim-buaite-acu-le-fail-ar-tg4-ie\/\",\"url\":\"https:\/\/dev.tg4.ie\/ga\/eolas\/preas\/nuacht-raitis\/2025-2\/scannain-cine4-a-bhfuil-gradaim-buaite-acu-le-fail-ar-tg4-ie\/\",\"name\":\"Scann\u00e1in Cine4 a bhfuil gradaim buaite acu le f\u00e1il ar TG4.ie | Preasr\u00e1iteas | TG4\",\"isPartOf\":{\"@id\":\"https:\/\/dev.tg4.ie\/en\/#website\"},\"primaryImageOfPage\":{\"@id\":\"https:\/\/dev.tg4.ie\/ga\/eolas\/preas\/nuacht-raitis\/2025-2\/scannain-cine4-a-bhfuil-gradaim-buaite-acu-le-fail-ar-tg4-ie\/#primaryimage\"},\"image\":{\"@id\":\"https:\/\/dev.tg4.ie\/ga\/eolas\/preas\/nuacht-raitis\/2025-2\/scannain-cine4-a-bhfuil-gradaim-buaite-acu-le-fail-ar-tg4-ie\/#primaryimage\"},\"thumbnailUrl\":\"https:\/\/dev.tg4.ie\/wp-content\/uploads\/2022\/02\/AnCailinCiuin_TheQuietGirl_Cait_Catherine_Clinch_1-1920x1080-1.jpg\",\"datePublished\":\"2025-01-31T14:00:40+00:00\",\"dateModified\":\"2025-01-31T14:04:45+00:00\",\"description\":\"N\u00ed raibh an oiread aird riamh is at\u00e1 anois ar scann\u00e1in na h\u00c9ireann agus t\u00e1 TG4 ag tabhairt cuireadh duit ceili\u00faradh a dh\u00e9anamh ar an dra\u00edocht a bhaineann le sc\u00e9ala\u00edocht na Gaeilge.\u00a0\",\"breadcrumb\":{\"@id\":\"https:\/\/dev.tg4.ie\/ga\/eolas\/preas\/nuacht-raitis\/2025-2\/scannain-cine4-a-bhfuil-gradaim-buaite-acu-le-fail-ar-tg4-ie\/#breadcrumb\"},\"inLanguage\":\"ga\",\"potentialAction\":[{\"@type\":\"ReadAction\",\"target\":[\"https:\/\/dev.tg4.ie\/ga\/eolas\/preas\/nuacht-raitis\/2025-2\/scannain-cine4-a-bhfuil-gradaim-buaite-acu-le-fail-ar-tg4-ie\/\"]}]},{\"@type\":\"ImageObject\",\"inLanguage\":\"ga\",\"@id\":\"https:\/\/dev.tg4.ie\/ga\/eolas\/preas\/nuacht-raitis\/2025-2\/scannain-cine4-a-bhfuil-gradaim-buaite-acu-le-fail-ar-tg4-ie\/#primaryimage\",\"url\":\"https:\/\/dev.tg4.ie\/wp-content\/uploads\/2022\/02\/AnCailinCiuin_TheQuietGirl_Cait_Catherine_Clinch_1-1920x1080-1.jpg\",\"contentUrl\":\"https:\/\/dev.tg4.ie\/wp-content\/uploads\/2022\/02\/AnCailinCiuin_TheQuietGirl_Cait_Catherine_Clinch_1-1920x1080-1.jpg\"},{\"@type\":\"BreadcrumbList\",\"@id\":\"https:\/\/dev.tg4.ie\/ga\/eolas\/preas\/nuacht-raitis\/2025-2\/scannain-cine4-a-bhfuil-gradaim-buaite-acu-le-fail-ar-tg4-ie\/#breadcrumb\",\"itemListElement\":[{\"@type\":\"ListItem\",\"position\":1,\"name\":\"Home\",\"item\":\"https:\/\/dev.tg4.ie\/ga\/\"},{\"@type\":\"ListItem\",\"position\":2,\"name\":\"Eolas\",\"item\":\"https:\/\/dev.tg4.ie\/ga\/eolas\/\"},{\"@type\":\"ListItem\",\"position\":3,\"name\":\"Preas\",\"item\":\"https:\/\/dev.tg4.ie\/ga\/eolas\/preas\/\"},{\"@type\":\"ListItem\",\"position\":4,\"name\":\"Nuacht R\u00e1itis\",\"item\":\"https:\/\/dev.tg4.ie\/ga\/eolas\/preas\/nuacht-raitis\/\"},{\"@type\":\"ListItem\",\"position\":5,\"name\":\"2025\",\"item\":\"https:\/\/dev.tg4.ie\/ga\/eolas\/preas\/nuacht-raitis\/2025-2\/\"},{\"@type\":\"ListItem\",\"position\":6,\"name\":\"Scann\u00e1in Cine4 a bhfuil gradaim buaite acu le f\u00e1il ar TG4.ie\"}]},{\"@type\":\"WebSite\",\"@id\":\"https:\/\/dev.tg4.ie\/en\/#website\",\"url\":\"https:\/\/dev.tg4.ie\/en\/\",\"name\":\"TG4\",\"description\":\"S\u00fail Eile\",\"potentialAction\":[{\"@type\":\"SearchAction\",\"target\":{\"@type\":\"EntryPoint\",\"urlTemplate\":\"https:\/\/dev.tg4.ie\/en\/?s={search_term_string}\"},\"query-input\":\"required name=search_term_string\"}],\"inLanguage\":\"ga\"}]}<\/script>\n<!-- \/ Yoast SEO plugin. -->","yoast_head_json":{"title":"Scann\u00e1in Cine4 a bhfuil gradaim buaite acu le f\u00e1il ar TG4.ie | Preasr\u00e1iteas | TG4","description":"N\u00ed raibh an oiread aird riamh is at\u00e1 anois ar scann\u00e1in na h\u00c9ireann agus t\u00e1 TG4 ag tabhairt cuireadh duit ceili\u00faradh a dh\u00e9anamh ar an dra\u00edocht a bhaineann le sc\u00e9ala\u00edocht na Gaeilge.\u00a0","robots":{"index":"index","follow":"follow","max-snippet":"max-snippet:-1","max-image-preview":"max-image-preview:large","max-video-preview":"max-video-preview:-1"},"og_locale":"en_US","og_type":"article","og_title":"Scann\u00e1in Cine4 a bhfuil gradaim buaite acu le f\u00e1il ar TG4.ie | Preasr\u00e1iteas | TG4","og_description":"N\u00ed raibh an oiread aird riamh is at\u00e1 anois ar scann\u00e1in na h\u00c9ireann agus t\u00e1 TG4 ag tabhairt cuireadh duit ceili\u00faradh a dh\u00e9anamh ar an dra\u00edocht a bhaineann le sc\u00e9ala\u00edocht na Gaeilge.\u00a0","og_url":"https:\/\/dev.tg4.ie\/ga\/eolas\/preas\/nuacht-raitis\/2025-2\/scannain-cine4-a-bhfuil-gradaim-buaite-acu-le-fail-ar-tg4-ie\/","og_site_name":"TG4","article_publisher":"https:\/\/www.facebook.com\/TG4TV","article_modified_time":"2025-01-31T14:04:45+00:00","og_image":[{"width":1920,"height":1080,"url":"https:\/\/tg4-docs.s3.amazonaws.com\/tg4-redesign-2015\/wp-content\/uploads\/2022\/02\/AnCailinCiuin_TheQuietGirl_Cait_Catherine_Clinch_1-1920x1080-1.jpg","type":"image\/jpeg"}],"twitter_card":"summary_large_image","twitter_image":"https:\/\/tg4-docs.s3.amazonaws.com\/tg4-redesign-2015\/wp-content\/uploads\/2022\/02\/AnCailinCiuin_TheQuietGirl_Cait_Catherine_Clinch_1-1920x1080-1.jpg","twitter_site":"@TG4TV","twitter_misc":{"Est. reading time":"5 minutes"},"schema":{"@context":"https:\/\/schema.org","@graph":[{"@type":"WebPage","@id":"https:\/\/dev.tg4.ie\/ga\/eolas\/preas\/nuacht-raitis\/2025-2\/scannain-cine4-a-bhfuil-gradaim-buaite-acu-le-fail-ar-tg4-ie\/","url":"https:\/\/dev.tg4.ie\/ga\/eolas\/preas\/nuacht-raitis\/2025-2\/scannain-cine4-a-bhfuil-gradaim-buaite-acu-le-fail-ar-tg4-ie\/","name":"Scann\u00e1in Cine4 a bhfuil gradaim buaite acu le f\u00e1il ar TG4.ie | Preasr\u00e1iteas | TG4","isPartOf":{"@id":"https:\/\/dev.tg4.ie\/en\/#website"},"primaryImageOfPage":{"@id":"https:\/\/dev.tg4.ie\/ga\/eolas\/preas\/nuacht-raitis\/2025-2\/scannain-cine4-a-bhfuil-gradaim-buaite-acu-le-fail-ar-tg4-ie\/#primaryimage"},"image":{"@id":"https:\/\/dev.tg4.ie\/ga\/eolas\/preas\/nuacht-raitis\/2025-2\/scannain-cine4-a-bhfuil-gradaim-buaite-acu-le-fail-ar-tg4-ie\/#primaryimage"},"thumbnailUrl":"https:\/\/dev.tg4.ie\/wp-content\/uploads\/2022\/02\/AnCailinCiuin_TheQuietGirl_Cait_Catherine_Clinch_1-1920x1080-1.jpg","datePublished":"2025-01-31T14:00:40+00:00","dateModified":"2025-01-31T14:04:45+00:00","description":"N\u00ed raibh an oiread aird riamh is at\u00e1 anois ar scann\u00e1in na h\u00c9ireann agus t\u00e1 TG4 ag tabhairt cuireadh duit ceili\u00faradh a dh\u00e9anamh ar an dra\u00edocht a bhaineann le sc\u00e9ala\u00edocht na Gaeilge.\u00a0","breadcrumb":{"@id":"https:\/\/dev.tg4.ie\/ga\/eolas\/preas\/nuacht-raitis\/2025-2\/scannain-cine4-a-bhfuil-gradaim-buaite-acu-le-fail-ar-tg4-ie\/#breadcrumb"},"inLanguage":"ga","potentialAction":[{"@type":"ReadAction","target":["https:\/\/dev.tg4.ie\/ga\/eolas\/preas\/nuacht-raitis\/2025-2\/scannain-cine4-a-bhfuil-gradaim-buaite-acu-le-fail-ar-tg4-ie\/"]}]},{"@type":"ImageObject","inLanguage":"ga","@id":"https:\/\/dev.tg4.ie\/ga\/eolas\/preas\/nuacht-raitis\/2025-2\/scannain-cine4-a-bhfuil-gradaim-buaite-acu-le-fail-ar-tg4-ie\/#primaryimage","url":"https:\/\/dev.tg4.ie\/wp-content\/uploads\/2022\/02\/AnCailinCiuin_TheQuietGirl_Cait_Catherine_Clinch_1-1920x1080-1.jpg","contentUrl":"https:\/\/dev.tg4.ie\/wp-content\/uploads\/2022\/02\/AnCailinCiuin_TheQuietGirl_Cait_Catherine_Clinch_1-1920x1080-1.jpg"},{"@type":"BreadcrumbList","@id":"https:\/\/dev.tg4.ie\/ga\/eolas\/preas\/nuacht-raitis\/2025-2\/scannain-cine4-a-bhfuil-gradaim-buaite-acu-le-fail-ar-tg4-ie\/#breadcrumb","itemListElement":[{"@type":"ListItem","position":1,"name":"Home","item":"https:\/\/dev.tg4.ie\/ga\/"},{"@type":"ListItem","position":2,"name":"Eolas","item":"https:\/\/dev.tg4.ie\/ga\/eolas\/"},{"@type":"ListItem","position":3,"name":"Preas","item":"https:\/\/dev.tg4.ie\/ga\/eolas\/preas\/"},{"@type":"ListItem","position":4,"name":"Nuacht R\u00e1itis","item":"https:\/\/dev.tg4.ie\/ga\/eolas\/preas\/nuacht-raitis\/"},{"@type":"ListItem","position":5,"name":"2025","item":"https:\/\/dev.tg4.ie\/ga\/eolas\/preas\/nuacht-raitis\/2025-2\/"},{"@type":"ListItem","position":6,"name":"Scann\u00e1in Cine4 a bhfuil gradaim buaite acu le f\u00e1il ar TG4.ie"}]},{"@type":"WebSite","@id":"https:\/\/dev.tg4.ie\/en\/#website","url":"https:\/\/dev.tg4.ie\/en\/","name":"TG4","description":"S\u00fail Eile","potentialAction":[{"@type":"SearchAction","target":{"@type":"EntryPoint","urlTemplate":"https:\/\/dev.tg4.ie\/en\/?s={search_term_string}"},"query-input":"required name=search_term_string"}],"inLanguage":"ga"}]}},"_links":{"self":[{"href":"https:\/\/dev.tg4.ie\/ga\/wp-json\/wp\/v2\/pages\/237985"}],"collection":[{"href":"https:\/\/dev.tg4.ie\/ga\/wp-json\/wp\/v2\/pages"}],"about":[{"href":"https:\/\/dev.tg4.ie\/ga\/wp-json\/wp\/v2\/types\/page"}],"author":[{"embeddable":true,"href":"https:\/\/dev.tg4.ie\/ga\/wp-json\/wp\/v2\/users\/876"}],"replies":[{"embeddable":true,"href":"https:\/\/dev.tg4.ie\/ga\/wp-json\/wp\/v2\/comments?post=237985"}],"version-history":[{"count":0,"href":"https:\/\/dev.tg4.ie\/ga\/wp-json\/wp\/v2\/pages\/237985\/revisions"}],"up":[{"embeddable":true,"href":"https:\/\/dev.tg4.ie\/ga\/wp-json\/wp\/v2\/pages\/236807"}],"wp:attachment":[{"href":"https:\/\/dev.tg4.ie\/ga\/wp-json\/wp\/v2\/media?parent=237985"}],"curies":[{"name":"wp","href":"https:\/\/api.w.org\/{rel}","templated":true}]}}