{"id":23854,"date":"2016-07-11T14:18:20","date_gmt":"2016-07-11T13:18:20","guid":{"rendered":"https:\/\/dev.tg4.ie\/?page_id=23854"},"modified":"2019-06-24T16:38:59","modified_gmt":"2019-06-24T15:38:59","slug":"11-07-16","status":"publish","type":"page","link":"https:\/\/dev.tg4.ie\/ga\/eolas\/preas\/nuacht-raitis\/2016-2\/11-07-16\/","title":{"rendered":"11.07.16"},"content":{"rendered":"<h1>Ardsti\u00farth\u00f3ir TG4 ag \u00e9ir\u00ed as<\/h1>\n<p>T\u00e1 s\u00e9 f\u00f3graithe ag Ardsti\u00farth\u00f3ir TG4, P\u00f3l \u00d3 Gallch\u00f3ir, go mbeidh s\u00e9 ag \u00e9ir\u00ed as a phost ar an 30 Me\u00e1n F\u00f3mhair 2016.<\/p>\n<p>T\u00e1 s\u00e9 i gceannas ar TG4 \u00f3 mh\u00ed Aibre\u00e1in 2000.<\/p>\n<p>D\u00fairt P\u00f3l \u00d3 Gallch\u00f3ir gur bhain s\u00e9 an-sult as a thr\u00e9imhse mar Ardsti\u00farth\u00f3ir.\u00a0 Ghabh s\u00e9 bu\u00edochas le Bord agus foireann TG4 as a dtaca\u00edocht le s\u00e9 bliana d\u00e9ag anuas.<\/p>\n<p>D\u00fairt s\u00e9 go bhfuil aitheantas bainte amach ag TG4 mar chraolt\u00f3ir teilif\u00edse a chuireann scoth na seirbh\u00edse agus s\u00fail eile ar f\u00e1il don lucht f\u00e9achana ar fud na h\u00c9ireann agus ar fud an domhain.<\/p>\n<p>D\u00fairt Cathaoirleach TG4, Si\u00fan N\u00ed Raghallaigh, gur fh\u00e1g P\u00f3l \u00d3 Gallch\u00f3ir comaoin mh\u00f3r ar TG4 idir bhord sti\u00fartha agus fhoireann as a thiomantas don tseirbh\u00eds agus as an d\u00fathracht a bh\u00ed\u00a0 caite aige i mbun a chuid oibre do chraoladh na Gaeilge. Ghabh Si\u00fan N\u00ed Raghallaigh bu\u00edochas \u00f3 chro\u00ed leis agus ghuigh s\u00ed gach rath air san am at\u00e1 le teacht.<\/p>\n<p>Foilseofar f\u00f3gra earca\u00edochta do phost an Ardsti\u00farth\u00f3ra go luath.<\/p>\n","protected":false},"excerpt":{"rendered":"<p>Ardsti\u00farth\u00f3ir TG4 ag \u00e9ir\u00ed as T\u00e1 s\u00e9 f\u00f3graithe ag Ardsti\u00farth\u00f3ir TG4, P\u00f3l \u00d3 Gallch\u00f3ir, go mbeidh s\u00e9 ag \u00e9ir\u00ed as a phost ar an 30 Me\u00e1n F\u00f3mhair 2016. T\u00e1 s\u00e9 i gceannas ar TG4 \u00f3 mh\u00ed Aibre\u00e1in 2000. D\u00fairt P\u00f3l \u00d3 Gallch\u00f3ir gur bhain s\u00e9 an-sult as a thr\u00e9imhse mar Ardsti\u00farth\u00f3ir.\u00a0 Ghabh s\u00e9 bu\u00edochas le [&hellip;]<\/p>\n","protected":false},"author":4,"featured_media":0,"parent":6580,"menu_order":22,"comment_status":"closed","ping_status":"closed","template":"page-templates\/template-pr.php","meta":{"_acf_changed":false,"footnotes":""},"acf":[],"yoast_head":"<!-- This site is optimized with the Yoast SEO plugin v22.6 - https:\/\/yoast.com\/wordpress\/plugins\/seo\/ -->\n<title>11.07.16 - TG4<\/title>\n<meta name=\"robots\" content=\"index, follow, max-snippet:-1, max-image-preview:large, max-video-preview:-1\" \/>\n<meta property=\"og:locale\" content=\"en_US\" \/>\n<meta property=\"og:type\" content=\"article\" \/>\n<meta property=\"og:title\" content=\"11.07.16 - TG4\" \/>\n<meta property=\"og:description\" content=\"Ardsti\u00farth\u00f3ir TG4 ag \u00e9ir\u00ed as T\u00e1 s\u00e9 f\u00f3graithe ag Ardsti\u00farth\u00f3ir TG4, P\u00f3l \u00d3 Gallch\u00f3ir, go mbeidh s\u00e9 ag \u00e9ir\u00ed as a phost ar an 30 Me\u00e1n F\u00f3mhair 2016. T\u00e1 s\u00e9 i gceannas ar TG4 \u00f3 mh\u00ed Aibre\u00e1in 2000. D\u00fairt P\u00f3l \u00d3 Gallch\u00f3ir gur bhain s\u00e9 an-sult as a thr\u00e9imhse mar Ardsti\u00farth\u00f3ir.\u00a0 Ghabh s\u00e9 bu\u00edochas le [&hellip;]\" \/>\n<meta property=\"og:url\" content=\"https:\/\/dev.tg4.ie\/ga\/eolas\/preas\/nuacht-raitis\/2016-2\/11-07-16\/\" \/>\n<meta property=\"og:site_name\" content=\"TG4\" \/>\n<meta property=\"article:publisher\" content=\"https:\/\/www.facebook.com\/TG4TV\" \/>\n<meta property=\"article:modified_time\" content=\"2019-06-24T15:38:59+00:00\" \/>\n<meta property=\"og:image\" content=\"https:\/\/tg4-docs.s3.amazonaws.com\/wp-content\/uploads\/2024\/11\/18151812\/TG4_2024_corcra_teal_1-1920x1080-1.jpg\" \/>\n\t<meta property=\"og:image:width\" content=\"1920\" \/>\n\t<meta property=\"og:image:height\" content=\"1080\" \/>\n\t<meta property=\"og:image:type\" content=\"image\/jpeg\" \/>\n<meta name=\"twitter:card\" content=\"summary_large_image\" \/>\n<meta name=\"twitter:site\" content=\"@TG4TV\" \/>\n<meta name=\"twitter:label1\" content=\"Est. reading time\" \/>\n\t<meta name=\"twitter:data1\" content=\"1 minute\" \/>\n<script type=\"application\/ld+json\" class=\"yoast-schema-graph\">{\"@context\":\"https:\/\/schema.org\",\"@graph\":[{\"@type\":\"WebPage\",\"@id\":\"https:\/\/dev.tg4.ie\/ga\/eolas\/preas\/nuacht-raitis\/2016-2\/11-07-16\/\",\"url\":\"https:\/\/dev.tg4.ie\/ga\/eolas\/preas\/nuacht-raitis\/2016-2\/11-07-16\/\",\"name\":\"11.07.16 - TG4\",\"isPartOf\":{\"@id\":\"https:\/\/dev.tg4.ie\/en\/#website\"},\"datePublished\":\"2016-07-11T13:18:20+00:00\",\"dateModified\":\"2019-06-24T15:38:59+00:00\",\"breadcrumb\":{\"@id\":\"https:\/\/dev.tg4.ie\/ga\/eolas\/preas\/nuacht-raitis\/2016-2\/11-07-16\/#breadcrumb\"},\"inLanguage\":\"ga\",\"potentialAction\":[{\"@type\":\"ReadAction\",\"target\":[\"https:\/\/dev.tg4.ie\/ga\/eolas\/preas\/nuacht-raitis\/2016-2\/11-07-16\/\"]}]},{\"@type\":\"BreadcrumbList\",\"@id\":\"https:\/\/dev.tg4.ie\/ga\/eolas\/preas\/nuacht-raitis\/2016-2\/11-07-16\/#breadcrumb\",\"itemListElement\":[{\"@type\":\"ListItem\",\"position\":1,\"name\":\"Home\",\"item\":\"https:\/\/dev.tg4.ie\/ga\/\"},{\"@type\":\"ListItem\",\"position\":2,\"name\":\"Eolas\",\"item\":\"https:\/\/dev.tg4.ie\/ga\/eolas\/\"},{\"@type\":\"ListItem\",\"position\":3,\"name\":\"Preas\",\"item\":\"https:\/\/dev.tg4.ie\/ga\/eolas\/preas\/\"},{\"@type\":\"ListItem\",\"position\":4,\"name\":\"Nuacht R\u00e1itis\",\"item\":\"https:\/\/dev.tg4.ie\/ga\/eolas\/preas\/nuacht-raitis\/\"},{\"@type\":\"ListItem\",\"position\":5,\"name\":\"2016\",\"item\":\"https:\/\/dev.tg4.ie\/ga\/eolas\/preas\/nuacht-raitis\/2016-2\/\"},{\"@type\":\"ListItem\",\"position\":6,\"name\":\"11.07.16\"}]},{\"@type\":\"WebSite\",\"@id\":\"https:\/\/dev.tg4.ie\/en\/#website\",\"url\":\"https:\/\/dev.tg4.ie\/en\/\",\"name\":\"TG4\",\"description\":\"S\u00fail Eile\",\"potentialAction\":[{\"@type\":\"SearchAction\",\"target\":{\"@type\":\"EntryPoint\",\"urlTemplate\":\"https:\/\/dev.tg4.ie\/en\/?s={search_term_string}\"},\"query-input\":\"required name=search_term_string\"}],\"inLanguage\":\"ga\"}]}<\/script>\n<!-- \/ Yoast SEO plugin. -->","yoast_head_json":{"title":"11.07.16 - TG4","robots":{"index":"index","follow":"follow","max-snippet":"max-snippet:-1","max-image-preview":"max-image-preview:large","max-video-preview":"max-video-preview:-1"},"og_locale":"en_US","og_type":"article","og_title":"11.07.16 - TG4","og_description":"Ardsti\u00farth\u00f3ir TG4 ag \u00e9ir\u00ed as T\u00e1 s\u00e9 f\u00f3graithe ag Ardsti\u00farth\u00f3ir TG4, P\u00f3l \u00d3 Gallch\u00f3ir, go mbeidh s\u00e9 ag \u00e9ir\u00ed as a phost ar an 30 Me\u00e1n F\u00f3mhair 2016. T\u00e1 s\u00e9 i gceannas ar TG4 \u00f3 mh\u00ed Aibre\u00e1in 2000. D\u00fairt P\u00f3l \u00d3 Gallch\u00f3ir gur bhain s\u00e9 an-sult as a thr\u00e9imhse mar Ardsti\u00farth\u00f3ir.\u00a0 Ghabh s\u00e9 bu\u00edochas le [&hellip;]","og_url":"https:\/\/dev.tg4.ie\/ga\/eolas\/preas\/nuacht-raitis\/2016-2\/11-07-16\/","og_site_name":"TG4","article_publisher":"https:\/\/www.facebook.com\/TG4TV","article_modified_time":"2019-06-24T15:38:59+00:00","og_image":[{"width":1920,"height":1080,"url":"https:\/\/tg4-docs.s3.amazonaws.com\/wp-content\/uploads\/2024\/11\/18151812\/TG4_2024_corcra_teal_1-1920x1080-1.jpg","type":"image\/jpeg"}],"twitter_card":"summary_large_image","twitter_site":"@TG4TV","twitter_misc":{"Est. reading time":"1 minute"},"schema":{"@context":"https:\/\/schema.org","@graph":[{"@type":"WebPage","@id":"https:\/\/dev.tg4.ie\/ga\/eolas\/preas\/nuacht-raitis\/2016-2\/11-07-16\/","url":"https:\/\/dev.tg4.ie\/ga\/eolas\/preas\/nuacht-raitis\/2016-2\/11-07-16\/","name":"11.07.16 - TG4","isPartOf":{"@id":"https:\/\/dev.tg4.ie\/en\/#website"},"datePublished":"2016-07-11T13:18:20+00:00","dateModified":"2019-06-24T15:38:59+00:00","breadcrumb":{"@id":"https:\/\/dev.tg4.ie\/ga\/eolas\/preas\/nuacht-raitis\/2016-2\/11-07-16\/#breadcrumb"},"inLanguage":"ga","potentialAction":[{"@type":"ReadAction","target":["https:\/\/dev.tg4.ie\/ga\/eolas\/preas\/nuacht-raitis\/2016-2\/11-07-16\/"]}]},{"@type":"BreadcrumbList","@id":"https:\/\/dev.tg4.ie\/ga\/eolas\/preas\/nuacht-raitis\/2016-2\/11-07-16\/#breadcrumb","itemListElement":[{"@type":"ListItem","position":1,"name":"Home","item":"https:\/\/dev.tg4.ie\/ga\/"},{"@type":"ListItem","position":2,"name":"Eolas","item":"https:\/\/dev.tg4.ie\/ga\/eolas\/"},{"@type":"ListItem","position":3,"name":"Preas","item":"https:\/\/dev.tg4.ie\/ga\/eolas\/preas\/"},{"@type":"ListItem","position":4,"name":"Nuacht R\u00e1itis","item":"https:\/\/dev.tg4.ie\/ga\/eolas\/preas\/nuacht-raitis\/"},{"@type":"ListItem","position":5,"name":"2016","item":"https:\/\/dev.tg4.ie\/ga\/eolas\/preas\/nuacht-raitis\/2016-2\/"},{"@type":"ListItem","position":6,"name":"11.07.16"}]},{"@type":"WebSite","@id":"https:\/\/dev.tg4.ie\/en\/#website","url":"https:\/\/dev.tg4.ie\/en\/","name":"TG4","description":"S\u00fail Eile","potentialAction":[{"@type":"SearchAction","target":{"@type":"EntryPoint","urlTemplate":"https:\/\/dev.tg4.ie\/en\/?s={search_term_string}"},"query-input":"required name=search_term_string"}],"inLanguage":"ga"}]}},"_links":{"self":[{"href":"https:\/\/dev.tg4.ie\/ga\/wp-json\/wp\/v2\/pages\/23854"}],"collection":[{"href":"https:\/\/dev.tg4.ie\/ga\/wp-json\/wp\/v2\/pages"}],"about":[{"href":"https:\/\/dev.tg4.ie\/ga\/wp-json\/wp\/v2\/types\/page"}],"author":[{"embeddable":true,"href":"https:\/\/dev.tg4.ie\/ga\/wp-json\/wp\/v2\/users\/4"}],"replies":[{"embeddable":true,"href":"https:\/\/dev.tg4.ie\/ga\/wp-json\/wp\/v2\/comments?post=23854"}],"version-history":[{"count":0,"href":"https:\/\/dev.tg4.ie\/ga\/wp-json\/wp\/v2\/pages\/23854\/revisions"}],"up":[{"embeddable":true,"href":"https:\/\/dev.tg4.ie\/ga\/wp-json\/wp\/v2\/pages\/6580"}],"wp:attachment":[{"href":"https:\/\/dev.tg4.ie\/ga\/wp-json\/wp\/v2\/media?parent=23854"}],"curies":[{"name":"wp","href":"https:\/\/api.w.org\/{rel}","templated":true}]}}