{"id":240406,"date":"2025-02-27T14:56:31","date_gmt":"2025-02-27T14:56:31","guid":{"rendered":"https:\/\/dev.tg4.ie\/?page_id=240406"},"modified":"2025-02-27T15:49:30","modified_gmt":"2025-02-27T15:49:30","slug":"gradaim-rts","status":"publish","type":"page","link":"https:\/\/dev.tg4.ie\/ga\/eolas\/preas\/nuacht-raitis\/2025-2\/gradaim-rts\/","title":{"rendered":"9 nAinmni\u00fach\u00e1n faighte ag TG4 ag Gradaim RTS na h\u00c9ireann 2025"},"content":{"rendered":"<table>\n<tbody>\n<tr>\n<td width=\"33%\"><a href=\"https:\/\/tg4-docs.s3.amazonaws.com\/wp-content\/uploads\/2025\/02\/27150446\/Idir-Dha-Bhaile-14.jpg\"><img loading=\"lazy\" decoding=\"async\" width=\"800\" height=\"450\" src=\"https:\/\/tg4-docs.s3.amazonaws.com\/wp-content\/uploads\/2025\/02\/27150446\/Idir-Dha-Bhaile-14.jpg\" alt=\"Idir Dh\u00e1 Bhaile\" class=\"alignleft size-full wp-image-240410\" srcset=\"https:\/\/tg4-docs.s3.amazonaws.com\/wp-content\/uploads\/2025\/02\/27150446\/Idir-Dha-Bhaile-14.jpg 800w, https:\/\/tg4-docs.s3.amazonaws.com\/wp-content\/uploads\/2025\/02\/27150446\/Idir-Dha-Bhaile-14-250x141.jpg 250w, https:\/\/tg4-docs.s3.amazonaws.com\/wp-content\/uploads\/2025\/02\/27150446\/Idir-Dha-Bhaile-14-700x394.jpg 700w, https:\/\/tg4-docs.s3.amazonaws.com\/wp-content\/uploads\/2025\/02\/27150446\/Idir-Dha-Bhaile-14-252x141.jpg 252w, https:\/\/tg4-docs.s3.amazonaws.com\/wp-content\/uploads\/2025\/02\/27150446\/Idir-Dha-Bhaile-14-120x68.jpg 120w\" sizes=\"(max-width: 800px) 100vw, 800px\" \/><\/a><\/td>\n<td width=\"33%\"><a href=\"https:\/\/tg4-docs.s3.amazonaws.com\/wp-content\/uploads\/2025\/02\/27151019\/aer-lingus-beo.jpg\"><img loading=\"lazy\" decoding=\"async\" width=\"800\" height=\"450\" src=\"https:\/\/tg4-docs.s3.amazonaws.com\/wp-content\/uploads\/2025\/02\/27151019\/aer-lingus-beo.jpg\" alt=\"Aer Lingus Classic Football Championship\" class=\"alignleft size-full wp-image-240413\" srcset=\"https:\/\/tg4-docs.s3.amazonaws.com\/wp-content\/uploads\/2025\/02\/27151019\/aer-lingus-beo.jpg 800w, https:\/\/tg4-docs.s3.amazonaws.com\/wp-content\/uploads\/2025\/02\/27151019\/aer-lingus-beo-250x141.jpg 250w, https:\/\/tg4-docs.s3.amazonaws.com\/wp-content\/uploads\/2025\/02\/27151019\/aer-lingus-beo-700x394.jpg 700w, https:\/\/tg4-docs.s3.amazonaws.com\/wp-content\/uploads\/2025\/02\/27151019\/aer-lingus-beo-252x141.jpg 252w, https:\/\/tg4-docs.s3.amazonaws.com\/wp-content\/uploads\/2025\/02\/27151019\/aer-lingus-beo-120x68.jpg 120w\" sizes=\"(max-width: 800px) 100vw, 800px\" \/><\/a><\/td>\n<td width=\"33%\"><a href=\"https:\/\/tg4-docs.s3.amazonaws.com\/wp-content\/uploads\/2025\/02\/27151307\/Teacs-Taistil.jpg\"><img loading=\"lazy\" decoding=\"async\" width=\"800\" height=\"450\" src=\"https:\/\/tg4-docs.s3.amazonaws.com\/wp-content\/uploads\/2025\/02\/27151307\/Teacs-Taistil.jpg\" alt=\"T\u00e9acs Taistil\" class=\"alignleft size-full wp-image-240415\" srcset=\"https:\/\/tg4-docs.s3.amazonaws.com\/wp-content\/uploads\/2025\/02\/27151307\/Teacs-Taistil.jpg 800w, https:\/\/tg4-docs.s3.amazonaws.com\/wp-content\/uploads\/2025\/02\/27151307\/Teacs-Taistil-250x141.jpg 250w, https:\/\/tg4-docs.s3.amazonaws.com\/wp-content\/uploads\/2025\/02\/27151307\/Teacs-Taistil-700x394.jpg 700w, https:\/\/tg4-docs.s3.amazonaws.com\/wp-content\/uploads\/2025\/02\/27151307\/Teacs-Taistil-252x141.jpg 252w, https:\/\/tg4-docs.s3.amazonaws.com\/wp-content\/uploads\/2025\/02\/27151307\/Teacs-Taistil-120x68.jpg 120w\" sizes=\"(max-width: 800px) 100vw, 800px\" \/><\/a><\/td>\n<\/tr>\n<tr>\n<td width=\"33%\"><a href=\"https:\/\/tg4-docs.s3.amazonaws.com\/wp-content\/uploads\/2025\/02\/27152057\/gaa-beo.jpg\"><img loading=\"lazy\" decoding=\"async\" width=\"800\" height=\"450\" src=\"https:\/\/tg4-docs.s3.amazonaws.com\/wp-content\/uploads\/2025\/02\/27152057\/gaa-beo.jpg\" alt=\"GAA Beo\" class=\"alignleft size-full wp-image-240419\" srcset=\"https:\/\/tg4-docs.s3.amazonaws.com\/wp-content\/uploads\/2025\/02\/27152057\/gaa-beo.jpg 800w, https:\/\/tg4-docs.s3.amazonaws.com\/wp-content\/uploads\/2025\/02\/27152057\/gaa-beo-250x141.jpg 250w, https:\/\/tg4-docs.s3.amazonaws.com\/wp-content\/uploads\/2025\/02\/27152057\/gaa-beo-700x394.jpg 700w, https:\/\/tg4-docs.s3.amazonaws.com\/wp-content\/uploads\/2025\/02\/27152057\/gaa-beo-252x141.jpg 252w, https:\/\/tg4-docs.s3.amazonaws.com\/wp-content\/uploads\/2025\/02\/27152057\/gaa-beo-120x68.jpg 120w\" sizes=\"(max-width: 800px) 100vw, 800px\" \/><\/a><\/td>\n<td width=\"33%\"><a href=\"https:\/\/tg4-docs.s3.amazonaws.com\/wp-content\/uploads\/2025\/02\/27152237\/naionra.jpg\"><img loading=\"lazy\" decoding=\"async\" width=\"800\" height=\"450\" src=\"https:\/\/tg4-docs.s3.amazonaws.com\/wp-content\/uploads\/2025\/02\/27152237\/naionra.jpg\" alt=\"Naionra\" class=\"alignleft size-full wp-image-240421\" srcset=\"https:\/\/tg4-docs.s3.amazonaws.com\/wp-content\/uploads\/2025\/02\/27152237\/naionra.jpg 800w, https:\/\/tg4-docs.s3.amazonaws.com\/wp-content\/uploads\/2025\/02\/27152237\/naionra-250x141.jpg 250w, https:\/\/tg4-docs.s3.amazonaws.com\/wp-content\/uploads\/2025\/02\/27152237\/naionra-700x394.jpg 700w, https:\/\/tg4-docs.s3.amazonaws.com\/wp-content\/uploads\/2025\/02\/27152237\/naionra-252x141.jpg 252w, https:\/\/tg4-docs.s3.amazonaws.com\/wp-content\/uploads\/2025\/02\/27152237\/naionra-120x68.jpg 120w\" sizes=\"(max-width: 800px) 100vw, 800px\" \/><\/a><\/td>\n<td width=\"33%\"><a href=\"https:\/\/tg4-docs.s3.amazonaws.com\/wp-content\/uploads\/2025\/02\/27152357\/Li-Ban.jpg\"><img loading=\"lazy\" decoding=\"async\" width=\"800\" height=\"450\" src=\"https:\/\/tg4-docs.s3.amazonaws.com\/wp-content\/uploads\/2025\/02\/27152357\/Li-Ban.jpg\" alt=\"Li Ban\" class=\"alignleft size-full wp-image-240422\" srcset=\"https:\/\/tg4-docs.s3.amazonaws.com\/wp-content\/uploads\/2025\/02\/27152357\/Li-Ban.jpg 800w, https:\/\/tg4-docs.s3.amazonaws.com\/wp-content\/uploads\/2025\/02\/27152357\/Li-Ban-250x141.jpg 250w, https:\/\/tg4-docs.s3.amazonaws.com\/wp-content\/uploads\/2025\/02\/27152357\/Li-Ban-700x394.jpg 700w, https:\/\/tg4-docs.s3.amazonaws.com\/wp-content\/uploads\/2025\/02\/27152357\/Li-Ban-252x141.jpg 252w, https:\/\/tg4-docs.s3.amazonaws.com\/wp-content\/uploads\/2025\/02\/27152357\/Li-Ban-120x68.jpg 120w\" sizes=\"(max-width: 800px) 100vw, 800px\" \/><\/a><\/td>\n<\/tr>\n<\/tbody>\n<\/table>\n<p>&nbsp;<\/p>\n<p>T\u00e1 TG4 m\u00f3rtasach as NAOI gcinn d\u2019ainmni\u00fach\u00e1in a fh\u00e1il ag Gradaim RTS na h\u00c9ireann, ag a nd\u00e9antar ceili\u00faradh ar bharr feabhais \u00e1r gcuid l\u00e9iri\u00fach\u00e1n agus comhph\u00e1irt\u00edochta\u00ed. Tugtar aitheantas ag gradaim an Royal Television Society (RTS) do scoth na craolt\u00f3ireachta agus t\u00e1 r\u00edm\u00e9ad orainn go bhfuil aitheantas \u00e1 thabhairt ag scoth an tionscail d\u00e1 gcuid saothair. Leis an l\u00edon is airde riamh d\u2019iontr\u00e1lacha i mbliana, l\u00e9ir\u00edonn na hainmni\u00fach\u00e1in l\u00e1idreacht agus cruthaitheacht earn\u00e1il teilif\u00edse na h\u00c9ireann. F\u00f3gr\u00f3far na buaiteoir\u00ed ag searmanas m\u00f3r le r\u00e1 D\u00e9ardaoin an 27 M\u00e1rta sa Guinness Storehouse.<br \/>\n&nbsp;<br \/>\n\u00c1ir\u00edtear ar na hainmni\u00fach\u00e1in at\u00e1 faighte:<br \/>\n&nbsp;&nbsp;<\/p>\n<p><strong>\u00c1bhar le Script (urraithe ag F\u00eds \u00c9ireann)<\/strong><br \/>\n&nbsp;<br \/>\n<strong>CR\u00c1 (Fibin Media &#038; Zoogon Ltd) <\/strong> <\/p>\n<p>Cuirtear t\u00fas le fiosr\u00fach\u00e1n d\u00fanmharaithe nuair a aims\u00edtear corp mh\u00e1thair an Gharda \u00e1iti\u00fail, Conall \u00d3 S\u00failleabh\u00e1in. T\u00e1 cosc ioml\u00e1n ar Chonall p\u00e1irt a ghlacadh sa bhfiosr\u00fach\u00e1n ach n\u00edl baol air fanacht glan ar an gc\u00e1s. Socra\u00edonn iriseoir \u00f3g, Ciara-Kate, podchraoladh faoin gc\u00e1s a thos\u00fa agus tugann Conall faoi deara go bhfuil Ciara-Kate in ann eolas a fh\u00e1il \u00f3 dhaoine nach bhfuil s\u00e1sta labhairt leis na Garda\u00ed. M\u00e1s mian le Conall an ch\u00f3ir a \u00e9ileamh beidh air dul i mbun oibre leis an iriseoir seo. T\u00e1 aistear gruama i nd\u00e1n don bheirt acu ach an bhfillfidh an feall ar an bhfeallaire? <\/p>\n<p>Nasc: <a href=\"https:\/\/nasc.tg4.tv\/CR\u00c1\" rel=\"noopener\" target=\"_blank\">https:\/\/nasc.tg4.tv\/CR\u00c1<\/a> <\/p>\n<p>&nbsp;&nbsp;<\/p>\n<p><strong>Sp\u00f3irt Bheo (urraithe ag TVM)<\/strong><br \/>\n&nbsp;<br \/>\nAer Lingus Classic Football Championship (Iris Productions)<br \/>\n&nbsp;<br \/>\nGAA BEO (Nemeton TV)<br \/>\n&nbsp;<br \/>\nRugba\u00ed Beo, Mumha  v Laighin (Iris Productions) <\/p>\n<p>&nbsp;&nbsp;<\/p>\n<p><strong>Sraith Fh\u00edorasach (urraithe ag Egg Post Production)<\/strong> <\/p>\n<p><strong>Na\u00edonra (Tyrone Productions) <\/strong><\/p>\n<p>Tugtar l\u00e9argas sa tsraith seo n\u00e1r facthas in \u00c9irinn cheana, l\u00e9argas ar shaol p\u00e1ist\u00ed sa na\u00edonra. Leanfar an saol in dh\u00e1 na\u00edonra thar tr\u00e9imhse bliana, na\u00edonra amh\u00e1in i dTamhlacht, i mBaile \u00c1tha Cliath agus ceann eile i Mala, i gCorcaigh. Go minic n\u00ed bh\u00edonn focal Gaeilge ag na p\u00e1ist\u00ed seo nuair a thosa\u00edonn siad sa na\u00edonra agus feicfear iad ag foghlaim an dara teanga. Is blianta t\u00e1bhachtacha iad seo i saol an duine ina bhfoghlaim\u00edtear scileanna tuisceana, cumars\u00e1ide agus cairdis. <\/p>\n<p>Nasc: <a href=\"https:\/\/nasc.tg4.tv\/Na\u00edonra\" rel=\"noopener\" target=\"_blank\">https:\/\/nasc.tg4.tv\/Na\u00edonra<\/a> <\/p>\n<p>&nbsp;&nbsp;<\/p>\n<p><strong>C\u00farsa\u00ed Reatha (urraithe ag Nemeton TV) <\/strong><\/p>\n<p><strong>Idir Dh\u00e1 Bhaile: \u00d3 Ch\u00edv go Corcaigh (Below the Radar) <\/strong><\/p>\n<p>Tugtar l\u00e9argas sa gcl\u00e1r faisn\u00e9ise seo ar na d\u00fashl\u00e1in a chaitheann teaghlach amh\u00e1in as an \u00dacr\u00e1in a sh\u00e1r\u00fa agus iad ag cur f\u00fathu in \u00c9irinn. D\u00e9antar cur s\u00edos ar an aistear corraitheach a bh\u00ed acu \u00f3 Ch\u00edv go Corcaigh agus tugtar l\u00e9argas ar an \u00e9iginnteacht a bh\u00edonn i nd\u00e1n do theifigh agus iad ag \u00e9al\u00fa \u00f3 chogadh ina dt\u00edr d\u00fach\u00e1is. T\u00e1 an saol saothraithe go maith ag an teaghlach seo de dheasca an chogaidh agus iad idir dh\u00e1 thine Bealtaine.   <\/p>\n<p>Nasc: <a href=\"https:\/\/nasc.tg4.tv\/Idir_Dh\u00e1_Bhaile\" rel=\"noopener\" target=\"_blank\">https:\/\/nasc.tg4.tv\/Idir_Dh\u00e1_Bhaile<\/a> <\/p>\n<p>&nbsp;&nbsp;<\/p>\n<p><strong>Siamsa\u00edocht Fh\u00edorasach (urraithe ag IMRO)  <\/strong><\/p>\n<p><strong>T\u00e9acs Taistil (Macalla Teoranta) <\/strong><\/p>\n<p>An tsraith taistil a thabharfaidh an lucht f\u00e9achana sa mbaile ar aistear \u00f3n tolg go ceann scr\u00edbe ar leith ar feadh uair an chloig gach seachtain. T\u00e1 an tri\u00far ar ais &#8211; Louise Cantillon, S\u00e9aghan \u00d3 S\u00failleabh\u00e1in and Proinsias \u00d3 Coinn agus mura bhfuil siad si\u00falach sc\u00e9alach! Is sraith spra\u00ed\u00fail gh\u00e9imi\u00fail eile a bheidh sa dara sraith seo ina dtabharfaidh na cairde faoi dh\u00fashl\u00e1in agus eachtra\u00ed nua le c\u00fanamh a lucht leanta ar na me\u00e1in sh\u00f3isialta agus Google ar nd\u00f3igh!<\/p>\n<p>Nasc: <a href=\"https:\/\/nasc.tg4.tv\/T\u00e9acs-Taistil-2\" rel=\"noopener\" target=\"_blank\">https:\/\/nasc.tg4.tv\/T\u00e9acs-Taistil-2<\/a> <\/p>\n<p>&nbsp;&nbsp;<\/p>\n<p><strong>Siamsa\u00edocht (urraithe ag Piranha Bar) <\/strong><\/p>\n<p><strong>CUMASC: Seisi\u00fain sa Black Gate (Black Gate Productions) <\/strong><\/p>\n<p>An dara sraith de CUMASC: Seisi\u00fain sa Black Gate. Sraith 12 chl\u00e1r ina dtugtar oirfidigh as \u00c9irinn agus \u00f3 thar lear le ch\u00e9ile chun tabhairt faoi chomhar agus faoi chumasc ceoil. Casfar p\u00edosa nua ceoil ag deireadh gach cl\u00e1ir &#8211; toradh an chomhair idir pl\u00far na n-eala\u00edont\u00f3ir\u00ed.<\/p>\n<p>Nasc: <a href=\"https:\/\/nasc.tg4.tv\/Cumasc-2\" rel=\"noopener\" target=\"_blank\">https:\/\/nasc.tg4.tv\/Cumasc-2<\/a> <\/p>\n<p>&nbsp;&nbsp;   <\/p>\n<p><strong>Cl\u00e1r Beochana &#038; P\u00e1ist\u00ed (urraithe ag Element First) <\/strong><\/p>\n<p><strong>L\u00ed Ban (Paper Owl Films)<\/strong><\/p>\n<p>C\u00e9ard a tharla do L\u00ed Ban gur iompa\u00edodh isteach ina maighdean mhara \u00ed agus gur iompa\u00edodh a madra Con isteach ina mhadra uisce? T\u00e9ann L\u00ed Ban agus Con ag eachtra\u00edocht faoi uisce tr\u00ed dhomhan na bhfinsc\u00e9alta Ceilteacha. Casfar d\u00e9ithe, ollph\u00e9isteanna, fathaigh agus caimil\u00e9ir\u00ed orthu agus iad ag iarraidh f\u00e1il amach faoin m\u00e9id a tharla d\u00f3ibh. C\u00e9 a scrios an baile orthu? C\u00e9 h\u00ed L\u00ed Ban i nd\u00e1ir\u00edre? Ins\u00edtear finsc\u00e9alta faoi \u00e1iteanna at\u00e1 (beagnach) ligthe i ndearmad. <\/p>\n<p>Nasc: <a href=\"https:\/\/nasc.tg4.tv\/L\u00ed-Ban\" rel=\"noopener\" target=\"_blank\">https:\/\/nasc.tg4.tv\/L\u00ed-Ban<\/a> <\/p>\n<p>&nbsp;&nbsp;<\/p>\n<p>D\u00fairt Mary Ellen N\u00ed Chual\u00e1in, Bainisteoir Coimisi\u00fanaithe TG4: \u201cT\u00e1imid thar a bheith m\u00f3rtasach faoi aitheantas a bheith \u00e1 thabhairt do l\u00e9iri\u00fach\u00e1in TG4 ag Gradaim RTS na h\u00c9ireann 2025. L\u00e9ir\u00edtear leis na hainmni\u00fach\u00e1in seo an r\u00e9imse il\u00e9ags\u00fail d\u2019\u00e1bhar ardchaighde\u00e1in a nd\u00e9anaimid \u00e1r nd\u00edcheall \u00e9 a chur ar f\u00e1il, \u00f3 \u00e1bhar sp\u00e9isi\u00fail dr\u00e1ma\u00edochta, cl\u00e1ir c\u00farsa\u00ed reatha ina nd\u00e9antar mionch\u00edoradh go cl\u00fadach sp\u00f3irt tarraingteach agus cl\u00e1ir do ph\u00e1ist\u00ed at\u00e1 samhla\u00edoch agus cruthaitheach. Is l\u00e9iri\u00fa \u00e9 an t-aitheantas seo ar chumas, ar dh\u00edograis agus ar phaisean chomhlachta\u00ed l\u00e9iri\u00fach\u00e1in neamhsple\u00e1cha na h\u00c9ireann agus \u00e1r gcomhph\u00e1irtithe c\u00f3mhaoinithe.  T\u00e1 TG4 tiomanta i gc\u00f3na\u00ed do thaca\u00edocht a thabhairt d\u2019\u00e1bhar bunaidh \u00c9ireannach a bhfuil d\u00e1imh ag an lucht f\u00e9achana leis anseo sa mbaile agus thar lear.   Tr\u00e9asla\u00edmid leis na dreamanna go l\u00e9ir a fuair ainmni\u00fach\u00e1n agus t\u00e1imid ag tn\u00fath lena n-\u00e9achta\u00ed a cheili\u00faradh o\u00edche na ngradam.\u201d <\/p>\n<p>&nbsp;<\/p>\n","protected":false},"excerpt":{"rendered":"<p>&nbsp; T\u00e1 TG4 m\u00f3rtasach as NAOI gcinn d\u2019ainmni\u00fach\u00e1in a fh\u00e1il ag Gradaim RTS na h\u00c9ireann, ag a nd\u00e9antar ceili\u00faradh ar bharr feabhais \u00e1r gcuid l\u00e9iri\u00fach\u00e1n agus comhph\u00e1irt\u00edochta\u00ed. Tugtar aitheantas ag gradaim an Royal Television Society (RTS) do scoth na craolt\u00f3ireachta agus t\u00e1 r\u00edm\u00e9ad orainn go bhfuil aitheantas \u00e1 thabhairt ag scoth an tionscail d\u00e1 gcuid [&hellip;]<\/p>\n","protected":false},"author":4,"featured_media":0,"parent":236807,"menu_order":7,"comment_status":"closed","ping_status":"closed","template":"page-templates\/template-pr.php","meta":{"_acf_changed":false,"footnotes":""},"acf":[],"yoast_head":"<!-- This site is optimized with the Yoast SEO plugin v22.6 - https:\/\/yoast.com\/wordpress\/plugins\/seo\/ -->\n<title>9 nAinmni\u00fach\u00e1n faighte ag TG4 ag Gradaim RTS na h\u00c9ireann 2025 | Preasr\u00e1iteas | TG4<\/title>\n<meta name=\"description\" content=\"T\u00e1 TG4 m\u00f3rtasach as NAOI gcinn d\u2019ainmni\u00fach\u00e1in a fh\u00e1il ag Gradaim RTS na h\u00c9ireann, ag a nd\u00e9antar ceili\u00faradh ar bharr feabhais \u00e1r gcuid l\u00e9iri\u00fach\u00e1n agus comhph\u00e1irt\u00edochta\u00ed. Tugtar aitheantas ag gradaim an Royal Television Society (RTS) do scoth na craolt\u00f3ireachta agus t\u00e1 r\u00edm\u00e9ad orainn go bhfuil aitheantas \u00e1 thabhairt ag scoth an tionscail d\u00e1 gcuid saothair.\" \/>\n<meta name=\"robots\" content=\"index, follow, max-snippet:-1, max-image-preview:large, max-video-preview:-1\" \/>\n<meta property=\"og:locale\" content=\"en_US\" \/>\n<meta property=\"og:type\" content=\"article\" \/>\n<meta property=\"og:title\" content=\"9 nAinmni\u00fach\u00e1n faighte ag TG4 ag Gradaim RTS na h\u00c9ireann 2025 | Preasr\u00e1iteas | TG4\" \/>\n<meta property=\"og:description\" content=\"T\u00e1 TG4 m\u00f3rtasach as NAOI gcinn d\u2019ainmni\u00fach\u00e1in a fh\u00e1il ag Gradaim RTS na h\u00c9ireann, ag a nd\u00e9antar ceili\u00faradh ar bharr feabhais \u00e1r gcuid l\u00e9iri\u00fach\u00e1n agus comhph\u00e1irt\u00edochta\u00ed. Tugtar aitheantas ag gradaim an Royal Television Society (RTS) do scoth na craolt\u00f3ireachta agus t\u00e1 r\u00edm\u00e9ad orainn go bhfuil aitheantas \u00e1 thabhairt ag scoth an tionscail d\u00e1 gcuid saothair.\" \/>\n<meta property=\"og:url\" content=\"https:\/\/dev.tg4.ie\/ga\/eolas\/preas\/nuacht-raitis\/2025-2\/gradaim-rts\/\" \/>\n<meta property=\"og:site_name\" content=\"TG4\" \/>\n<meta property=\"article:publisher\" content=\"https:\/\/www.facebook.com\/TG4TV\" \/>\n<meta property=\"article:modified_time\" content=\"2025-02-27T15:49:30+00:00\" \/>\n<meta property=\"og:image\" content=\"https:\/\/tg4-docs.s3.amazonaws.com\/tg4-redesign-2015\/wp-content\/uploads\/2022\/02\/AnCailinCiuin_TheQuietGirl_Cait_Catherine_Clinch_1-1920x1080-1.jpg\" \/>\n\t<meta property=\"og:image:width\" content=\"1920\" \/>\n\t<meta property=\"og:image:height\" content=\"1080\" \/>\n\t<meta property=\"og:image:type\" content=\"image\/jpeg\" \/>\n<meta name=\"twitter:card\" content=\"summary_large_image\" \/>\n<meta name=\"twitter:image\" content=\"https:\/\/tg4-docs.s3.amazonaws.com\/tg4-redesign-2015\/wp-content\/uploads\/2022\/02\/AnCailinCiuin_TheQuietGirl_Cait_Catherine_Clinch_1-1920x1080-1.jpg\" \/>\n<meta name=\"twitter:site\" content=\"@TG4TV\" \/>\n<meta name=\"twitter:label1\" content=\"Est. reading time\" \/>\n\t<meta name=\"twitter:data1\" content=\"6 minutes\" \/>\n<script type=\"application\/ld+json\" class=\"yoast-schema-graph\">{\"@context\":\"https:\/\/schema.org\",\"@graph\":[{\"@type\":\"WebPage\",\"@id\":\"https:\/\/dev.tg4.ie\/ga\/eolas\/preas\/nuacht-raitis\/2025-2\/gradaim-rts\/\",\"url\":\"https:\/\/dev.tg4.ie\/ga\/eolas\/preas\/nuacht-raitis\/2025-2\/gradaim-rts\/\",\"name\":\"9 nAinmni\u00fach\u00e1n faighte ag TG4 ag Gradaim RTS na h\u00c9ireann 2025 | Preasr\u00e1iteas | TG4\",\"isPartOf\":{\"@id\":\"https:\/\/dev.tg4.ie\/en\/#website\"},\"primaryImageOfPage\":{\"@id\":\"https:\/\/dev.tg4.ie\/ga\/eolas\/preas\/nuacht-raitis\/2025-2\/gradaim-rts\/#primaryimage\"},\"image\":{\"@id\":\"https:\/\/dev.tg4.ie\/ga\/eolas\/preas\/nuacht-raitis\/2025-2\/gradaim-rts\/#primaryimage\"},\"thumbnailUrl\":\"https:\/\/dev.tg4.ie\/wp-content\/uploads\/2025\/02\/Idir-Dha-Bhaile-14.jpg\",\"datePublished\":\"2025-02-27T14:56:31+00:00\",\"dateModified\":\"2025-02-27T15:49:30+00:00\",\"description\":\"T\u00e1 TG4 m\u00f3rtasach as NAOI gcinn d\u2019ainmni\u00fach\u00e1in a fh\u00e1il ag Gradaim RTS na h\u00c9ireann, ag a nd\u00e9antar ceili\u00faradh ar bharr feabhais \u00e1r gcuid l\u00e9iri\u00fach\u00e1n agus comhph\u00e1irt\u00edochta\u00ed. Tugtar aitheantas ag gradaim an Royal Television Society (RTS) do scoth na craolt\u00f3ireachta agus t\u00e1 r\u00edm\u00e9ad orainn go bhfuil aitheantas \u00e1 thabhairt ag scoth an tionscail d\u00e1 gcuid saothair.\",\"breadcrumb\":{\"@id\":\"https:\/\/dev.tg4.ie\/ga\/eolas\/preas\/nuacht-raitis\/2025-2\/gradaim-rts\/#breadcrumb\"},\"inLanguage\":\"ga\",\"potentialAction\":[{\"@type\":\"ReadAction\",\"target\":[\"https:\/\/dev.tg4.ie\/ga\/eolas\/preas\/nuacht-raitis\/2025-2\/gradaim-rts\/\"]}]},{\"@type\":\"ImageObject\",\"inLanguage\":\"ga\",\"@id\":\"https:\/\/dev.tg4.ie\/ga\/eolas\/preas\/nuacht-raitis\/2025-2\/gradaim-rts\/#primaryimage\",\"url\":\"https:\/\/dev.tg4.ie\/wp-content\/uploads\/2025\/02\/Idir-Dha-Bhaile-14.jpg\",\"contentUrl\":\"https:\/\/dev.tg4.ie\/wp-content\/uploads\/2025\/02\/Idir-Dha-Bhaile-14.jpg\"},{\"@type\":\"BreadcrumbList\",\"@id\":\"https:\/\/dev.tg4.ie\/ga\/eolas\/preas\/nuacht-raitis\/2025-2\/gradaim-rts\/#breadcrumb\",\"itemListElement\":[{\"@type\":\"ListItem\",\"position\":1,\"name\":\"Home\",\"item\":\"https:\/\/dev.tg4.ie\/ga\/\"},{\"@type\":\"ListItem\",\"position\":2,\"name\":\"Eolas\",\"item\":\"https:\/\/dev.tg4.ie\/ga\/eolas\/\"},{\"@type\":\"ListItem\",\"position\":3,\"name\":\"Preas\",\"item\":\"https:\/\/dev.tg4.ie\/ga\/eolas\/preas\/\"},{\"@type\":\"ListItem\",\"position\":4,\"name\":\"Nuacht R\u00e1itis\",\"item\":\"https:\/\/dev.tg4.ie\/ga\/eolas\/preas\/nuacht-raitis\/\"},{\"@type\":\"ListItem\",\"position\":5,\"name\":\"2025\",\"item\":\"https:\/\/dev.tg4.ie\/ga\/eolas\/preas\/nuacht-raitis\/2025-2\/\"},{\"@type\":\"ListItem\",\"position\":6,\"name\":\"9 nAinmni\u00fach\u00e1n faighte ag TG4 ag Gradaim RTS na h\u00c9ireann 2025\"}]},{\"@type\":\"WebSite\",\"@id\":\"https:\/\/dev.tg4.ie\/en\/#website\",\"url\":\"https:\/\/dev.tg4.ie\/en\/\",\"name\":\"TG4\",\"description\":\"S\u00fail Eile\",\"potentialAction\":[{\"@type\":\"SearchAction\",\"target\":{\"@type\":\"EntryPoint\",\"urlTemplate\":\"https:\/\/dev.tg4.ie\/en\/?s={search_term_string}\"},\"query-input\":\"required name=search_term_string\"}],\"inLanguage\":\"ga\"}]}<\/script>\n<!-- \/ Yoast SEO plugin. -->","yoast_head_json":{"title":"9 nAinmni\u00fach\u00e1n faighte ag TG4 ag Gradaim RTS na h\u00c9ireann 2025 | Preasr\u00e1iteas | TG4","description":"T\u00e1 TG4 m\u00f3rtasach as NAOI gcinn d\u2019ainmni\u00fach\u00e1in a fh\u00e1il ag Gradaim RTS na h\u00c9ireann, ag a nd\u00e9antar ceili\u00faradh ar bharr feabhais \u00e1r gcuid l\u00e9iri\u00fach\u00e1n agus comhph\u00e1irt\u00edochta\u00ed. Tugtar aitheantas ag gradaim an Royal Television Society (RTS) do scoth na craolt\u00f3ireachta agus t\u00e1 r\u00edm\u00e9ad orainn go bhfuil aitheantas \u00e1 thabhairt ag scoth an tionscail d\u00e1 gcuid saothair.","robots":{"index":"index","follow":"follow","max-snippet":"max-snippet:-1","max-image-preview":"max-image-preview:large","max-video-preview":"max-video-preview:-1"},"og_locale":"en_US","og_type":"article","og_title":"9 nAinmni\u00fach\u00e1n faighte ag TG4 ag Gradaim RTS na h\u00c9ireann 2025 | Preasr\u00e1iteas | TG4","og_description":"T\u00e1 TG4 m\u00f3rtasach as NAOI gcinn d\u2019ainmni\u00fach\u00e1in a fh\u00e1il ag Gradaim RTS na h\u00c9ireann, ag a nd\u00e9antar ceili\u00faradh ar bharr feabhais \u00e1r gcuid l\u00e9iri\u00fach\u00e1n agus comhph\u00e1irt\u00edochta\u00ed. Tugtar aitheantas ag gradaim an Royal Television Society (RTS) do scoth na craolt\u00f3ireachta agus t\u00e1 r\u00edm\u00e9ad orainn go bhfuil aitheantas \u00e1 thabhairt ag scoth an tionscail d\u00e1 gcuid saothair.","og_url":"https:\/\/dev.tg4.ie\/ga\/eolas\/preas\/nuacht-raitis\/2025-2\/gradaim-rts\/","og_site_name":"TG4","article_publisher":"https:\/\/www.facebook.com\/TG4TV","article_modified_time":"2025-02-27T15:49:30+00:00","og_image":[{"width":1920,"height":1080,"url":"https:\/\/tg4-docs.s3.amazonaws.com\/tg4-redesign-2015\/wp-content\/uploads\/2022\/02\/AnCailinCiuin_TheQuietGirl_Cait_Catherine_Clinch_1-1920x1080-1.jpg","type":"image\/jpeg"}],"twitter_card":"summary_large_image","twitter_image":"https:\/\/tg4-docs.s3.amazonaws.com\/tg4-redesign-2015\/wp-content\/uploads\/2022\/02\/AnCailinCiuin_TheQuietGirl_Cait_Catherine_Clinch_1-1920x1080-1.jpg","twitter_site":"@TG4TV","twitter_misc":{"Est. reading time":"6 minutes"},"schema":{"@context":"https:\/\/schema.org","@graph":[{"@type":"WebPage","@id":"https:\/\/dev.tg4.ie\/ga\/eolas\/preas\/nuacht-raitis\/2025-2\/gradaim-rts\/","url":"https:\/\/dev.tg4.ie\/ga\/eolas\/preas\/nuacht-raitis\/2025-2\/gradaim-rts\/","name":"9 nAinmni\u00fach\u00e1n faighte ag TG4 ag Gradaim RTS na h\u00c9ireann 2025 | Preasr\u00e1iteas | TG4","isPartOf":{"@id":"https:\/\/dev.tg4.ie\/en\/#website"},"primaryImageOfPage":{"@id":"https:\/\/dev.tg4.ie\/ga\/eolas\/preas\/nuacht-raitis\/2025-2\/gradaim-rts\/#primaryimage"},"image":{"@id":"https:\/\/dev.tg4.ie\/ga\/eolas\/preas\/nuacht-raitis\/2025-2\/gradaim-rts\/#primaryimage"},"thumbnailUrl":"https:\/\/dev.tg4.ie\/wp-content\/uploads\/2025\/02\/Idir-Dha-Bhaile-14.jpg","datePublished":"2025-02-27T14:56:31+00:00","dateModified":"2025-02-27T15:49:30+00:00","description":"T\u00e1 TG4 m\u00f3rtasach as NAOI gcinn d\u2019ainmni\u00fach\u00e1in a fh\u00e1il ag Gradaim RTS na h\u00c9ireann, ag a nd\u00e9antar ceili\u00faradh ar bharr feabhais \u00e1r gcuid l\u00e9iri\u00fach\u00e1n agus comhph\u00e1irt\u00edochta\u00ed. Tugtar aitheantas ag gradaim an Royal Television Society (RTS) do scoth na craolt\u00f3ireachta agus t\u00e1 r\u00edm\u00e9ad orainn go bhfuil aitheantas \u00e1 thabhairt ag scoth an tionscail d\u00e1 gcuid saothair.","breadcrumb":{"@id":"https:\/\/dev.tg4.ie\/ga\/eolas\/preas\/nuacht-raitis\/2025-2\/gradaim-rts\/#breadcrumb"},"inLanguage":"ga","potentialAction":[{"@type":"ReadAction","target":["https:\/\/dev.tg4.ie\/ga\/eolas\/preas\/nuacht-raitis\/2025-2\/gradaim-rts\/"]}]},{"@type":"ImageObject","inLanguage":"ga","@id":"https:\/\/dev.tg4.ie\/ga\/eolas\/preas\/nuacht-raitis\/2025-2\/gradaim-rts\/#primaryimage","url":"https:\/\/dev.tg4.ie\/wp-content\/uploads\/2025\/02\/Idir-Dha-Bhaile-14.jpg","contentUrl":"https:\/\/dev.tg4.ie\/wp-content\/uploads\/2025\/02\/Idir-Dha-Bhaile-14.jpg"},{"@type":"BreadcrumbList","@id":"https:\/\/dev.tg4.ie\/ga\/eolas\/preas\/nuacht-raitis\/2025-2\/gradaim-rts\/#breadcrumb","itemListElement":[{"@type":"ListItem","position":1,"name":"Home","item":"https:\/\/dev.tg4.ie\/ga\/"},{"@type":"ListItem","position":2,"name":"Eolas","item":"https:\/\/dev.tg4.ie\/ga\/eolas\/"},{"@type":"ListItem","position":3,"name":"Preas","item":"https:\/\/dev.tg4.ie\/ga\/eolas\/preas\/"},{"@type":"ListItem","position":4,"name":"Nuacht R\u00e1itis","item":"https:\/\/dev.tg4.ie\/ga\/eolas\/preas\/nuacht-raitis\/"},{"@type":"ListItem","position":5,"name":"2025","item":"https:\/\/dev.tg4.ie\/ga\/eolas\/preas\/nuacht-raitis\/2025-2\/"},{"@type":"ListItem","position":6,"name":"9 nAinmni\u00fach\u00e1n faighte ag TG4 ag Gradaim RTS na h\u00c9ireann 2025"}]},{"@type":"WebSite","@id":"https:\/\/dev.tg4.ie\/en\/#website","url":"https:\/\/dev.tg4.ie\/en\/","name":"TG4","description":"S\u00fail Eile","potentialAction":[{"@type":"SearchAction","target":{"@type":"EntryPoint","urlTemplate":"https:\/\/dev.tg4.ie\/en\/?s={search_term_string}"},"query-input":"required name=search_term_string"}],"inLanguage":"ga"}]}},"_links":{"self":[{"href":"https:\/\/dev.tg4.ie\/ga\/wp-json\/wp\/v2\/pages\/240406"}],"collection":[{"href":"https:\/\/dev.tg4.ie\/ga\/wp-json\/wp\/v2\/pages"}],"about":[{"href":"https:\/\/dev.tg4.ie\/ga\/wp-json\/wp\/v2\/types\/page"}],"author":[{"embeddable":true,"href":"https:\/\/dev.tg4.ie\/ga\/wp-json\/wp\/v2\/users\/4"}],"replies":[{"embeddable":true,"href":"https:\/\/dev.tg4.ie\/ga\/wp-json\/wp\/v2\/comments?post=240406"}],"version-history":[{"count":0,"href":"https:\/\/dev.tg4.ie\/ga\/wp-json\/wp\/v2\/pages\/240406\/revisions"}],"up":[{"embeddable":true,"href":"https:\/\/dev.tg4.ie\/ga\/wp-json\/wp\/v2\/pages\/236807"}],"wp:attachment":[{"href":"https:\/\/dev.tg4.ie\/ga\/wp-json\/wp\/v2\/media?parent=240406"}],"curies":[{"name":"wp","href":"https:\/\/api.w.org\/{rel}","templated":true}]}}