{"id":241098,"date":"2025-03-04T18:04:21","date_gmt":"2025-03-04T18:04:21","guid":{"rendered":"https:\/\/dev.tg4.ie\/?page_id=241098"},"modified":"2025-03-04T18:04:21","modified_gmt":"2025-03-04T18:04:21","slug":"deirdre-ni-choistin-ceaptha-ina-hard-stiurthoir-ar-tg4","status":"publish","type":"page","link":"https:\/\/dev.tg4.ie\/ga\/eolas\/preas\/nuacht-raitis\/2025-2\/deirdre-ni-choistin-ceaptha-ina-hard-stiurthoir-ar-tg4\/","title":{"rendered":"Deirdre N\u00ed Choist\u00edn ceaptha ina hArd-Sti\u00farth\u00f3ir ar TG4"},"content":{"rendered":"<table>\n<tbody>\n<tr>\n<td width=\"10%\"><\/td>\n<td width=\"35%\"><img loading=\"lazy\" decoding=\"async\" width=\"250\" height=\"375\" src=\"https:\/\/tg4-docs.s3.amazonaws.com\/wp-content\/uploads\/2025\/03\/04091920\/TG4_LOGO_Corcra_720x1080-250x375.png\" alt=\"\" class=\"aligncenter size-medium wp-image-241101\" srcset=\"https:\/\/tg4-docs.s3.amazonaws.com\/wp-content\/uploads\/2025\/03\/04091920\/TG4_LOGO_Corcra_720x1080-250x375.png 250w, https:\/\/tg4-docs.s3.amazonaws.com\/wp-content\/uploads\/2025\/03\/04091920\/TG4_LOGO_Corcra_720x1080-700x1050.png 700w, https:\/\/tg4-docs.s3.amazonaws.com\/wp-content\/uploads\/2025\/03\/04091920\/TG4_LOGO_Corcra_720x1080-94x141.png 94w, https:\/\/tg4-docs.s3.amazonaws.com\/wp-content\/uploads\/2025\/03\/04091920\/TG4_LOGO_Corcra_720x1080-120x180.png 120w, https:\/\/tg4-docs.s3.amazonaws.com\/wp-content\/uploads\/2025\/03\/04091920\/TG4_LOGO_Corcra_720x1080.png 720w\" sizes=\"(max-width: 250px) 100vw, 250px\" \/><\/td>\n<td width=\"10%\"><\/td>\n<td width=\"35%\"><img loading=\"lazy\" decoding=\"async\" width=\"250\" height=\"375\" src=\"https:\/\/tg4-docs.s3.amazonaws.com\/wp-content\/uploads\/2025\/03\/04091922\/Deirdre_Ni_Choistin_1-720x1080-1-250x375.jpg\" alt=\"\" class=\"aligncenter size-medium wp-image-241102\" srcset=\"https:\/\/tg4-docs.s3.amazonaws.com\/wp-content\/uploads\/2025\/03\/04091922\/Deirdre_Ni_Choistin_1-720x1080-1-250x375.jpg 250w, https:\/\/tg4-docs.s3.amazonaws.com\/wp-content\/uploads\/2025\/03\/04091922\/Deirdre_Ni_Choistin_1-720x1080-1-700x1050.jpg 700w, https:\/\/tg4-docs.s3.amazonaws.com\/wp-content\/uploads\/2025\/03\/04091922\/Deirdre_Ni_Choistin_1-720x1080-1-94x141.jpg 94w, https:\/\/tg4-docs.s3.amazonaws.com\/wp-content\/uploads\/2025\/03\/04091922\/Deirdre_Ni_Choistin_1-720x1080-1-120x180.jpg 120w, https:\/\/tg4-docs.s3.amazonaws.com\/wp-content\/uploads\/2025\/03\/04091922\/Deirdre_Ni_Choistin_1-720x1080-1.jpg 720w\" sizes=\"(max-width: 250px) 100vw, 250px\" \/><\/td>\n<td width=\"10%\"><\/td>\n<\/tr>\n<\/tbody>\n<\/table>\n<p>&nbsp;<\/p>\n<p>T\u00e1 s\u00e9 f\u00f3gartha ag Bord TG4 le cead an Rialtais go bhfuil Deirdre N\u00ed Choist\u00edn ceaptha mar Ard-Sti\u00farth\u00f3ir ar TG4 tar \u00e9is pr\u00f3iseas earca\u00edochta poibl\u00ed ioma\u00edoch. Tiocfaidh s\u00ed i gcomharbacht ar Alan Esslemont at\u00e1 ina Ard-Sti\u00farth\u00f3ir ar TG4 \u00f3 2016 agus at\u00e1 ag \u00e9ir\u00ed as i M\u00ed Aibre\u00e1in 2025. Beidh s\u00ed ar an gceathr\u00fa ceannasa\u00ed ar an st\u00e1isi\u00fan \u00f3 buna\u00edodh \u00e9 in 1996, agus an ch\u00e9ad bhean a ceapadh sa r\u00f3l.<br \/>\n&nbsp;<\/p>\n<p>D\u00fairt <strong>Cathaoirleach Bhord TG4 Anna N\u00ed Ghallachair<\/strong>: <em>\u2018Thar ceann an Bhoird, ba mhaith liom f\u00e1ilte chro\u00ed\u00fail a chur roimh cheapach\u00e1n Dheirdre N\u00ed Choist\u00edn mar Ard-Sti\u00farth\u00f3ir ar TG4. T\u00e1 taith\u00ed leathan ag Deirdre ar an iliomad r\u00f3l taobh istigh den eagra\u00edocht. Chomh maith leis sin t\u00e1 f\u00eds agus c\u00e1il\u00edochta\u00ed aici a chinnteoidh ceannasa\u00edocht agus plean\u00e1il strait\u00e9iseach a thabharfaidh TG4 chuig an ch\u00e9ad  leibh\u00e9al eile feabhais agus aitheantais ar mhaithe le pobal na Gaeilge in \u00c9irinn agus go hidirn\u00e1isi\u00fanta.<\/p>\n<p>Agus r\u00e9 \u00far do TG4 ag toiseacht le ceapach\u00e1n Dheirdre, ba mhaith liom aitheantas agus bu\u00edochas a thabhairt do Alan Esslemont, an tArd-Sti\u00farth\u00f3ir reatha, as an mh\u00e9id at\u00e1 bainte amach aige le foireann TG4 le os cionn ocht mbliana. Mar Ard-Sti\u00farth\u00f3ir, l\u00e9irigh Alan s\u00e1rcheannasa\u00edocht agus f\u00eds chruthaitheach a chuir craolt\u00f3ireacht agus scann\u00e1na\u00edocht na Gaeilge ar ard\u00e1n idirn\u00e1isi\u00fanta agus a d\u2019fh\u00e1g gur eiseaml\u00e1ir chult\u00fartha a chur chuige do mhe\u00e1in na mionteangacha sa bhaile agus thar lear.\u2019<\/em><br \/>\n&nbsp;<\/p>\n<p>T\u00e1 Deirdre ina Ceannaire Nuachta agus C\u00farsa\u00ed Reatha TG4 \u00f3 2022, i bhfeighil ar strait\u00e9is agus f\u00eds nuachta a fhorbairt do TG4. T\u00e1 s\u00ed ina hEagarth\u00f3ir ar <em>Ini\u00fachadh TG4<\/em> agus ar <em>Nuacht C\u00fala4<\/em> chomh maith. T\u00e1 s\u00ed ag obair le TG4 le c\u00faig bliana fichead.  Thosaigh Deirdre ag obair le TG4 in 1999, go gairid tar \u00e9is don chain\u00e9al athbhrand\u00e1il \u00f3 TnaG go TG4. T\u00e1 taith\u00ed fhairsing aici ar gach gn\u00e9 den st\u00e1isi\u00fan.  Chaith s\u00ed ceithre bliana d\u00e9ag mar L\u00e9iritheoir &#038; Sti\u00farth\u00f3ir ar chl\u00e1racha ar n\u00f3s <em>7 L\u00e1<\/em>, <em>Comhr\u00e1<\/em>, agus <em>R\u00f3is\u00edn<\/em>.  Bhunaigh s\u00ed <em>MOLSC\u00c9AL<\/em>, an t-ard\u00e1n ar l\u00edne do phobal na Gaeilge in 2017.   Mar Bhainisteoir Cumars\u00e1ide ag TG4 \u00f3 2019 go 2022 chuir s\u00ed strait\u00e9is cumars\u00e1ide nua ilard\u00e1in i bhfeidhm a chuir le cl\u00fa TG4.<br \/>\n&nbsp;<\/p>\n<p>T\u00f3gadh Deirdre i gCill Choca, Co. Chill Dara,  an duine is sine de ch\u00faigear.   Is as An Rinn d\u00e1 hathair John Joe agus as Co. Cheatharlach d\u00e1 m\u00e1thair Betty.    D\u2019fhreastail s\u00ed ar bhunscoil l\u00e1n-Ghaeilge nua-bhunaithe, Scoil Chearbhaill U\u00ed Dh\u00e1laigh i L\u00e9im an Bhrad\u00e1in, Co. Chill Dara agus ar an me\u00e1nscoil in Iarbhunscoil Mh\u00e1 Nuad.  Bhain s\u00ed c\u00e9im amach sa Ghaeilge agus sa Fhraincis i gCol\u00e1iste na Tr\u00edon\u00f3ide, Baile \u00c1tha Cliath in 1998 sular thug s\u00ed faoin Ard-Diopl\u00f3ma i gCumars\u00e1id Fheidhmeach in Ollscoil na h\u00c9ireann, Gaillimh. Bronnadh c\u00e9ad on\u00f3racha uirthi anuraidh i gC\u00e9im Mh\u00e1istreachta sa Ghn\u00f3, sa Strait\u00e9is Ardleibh\u00e9il, Ceannaireacht agus Nu\u00e1la\u00edocht \u00f3 Col\u00e1iste na hOllscoile Corcaigh \/ Irish Management Institute.<br \/>\n&nbsp;<\/p>\n<p>T\u00e1 c\u00f3na\u00ed ar Dheirdre lena fear c\u00e9ile Breand\u00e1n \u00d3 Conl\u00e1in agus a gceathrar mac at\u00e1 \u00e1 dt\u00f3g\u00e1il le Gaeilge sa Spid\u00e9al i gConamara.<br \/>\n&nbsp;<br \/>\nD\u00fairt <strong>Deirdre N\u00ed Choist\u00edn<\/strong>: <em>\u2018Is c\u00fais \u00e1thais agus pribhl\u00e9id dom \u00e9 a bheith ceaptha mar Ard-Sti\u00farth\u00f3ir ar TG4. T\u00e1 mo chro\u00ed i TG4 \u00f3 buna\u00edodh \u00e9 in 1996 agus m\u00e9 f\u00f3s ar an ollscoil.  In am cinni\u00fanach i gcraolt\u00f3ireacht na Gaeilge, t\u00e1im ag tn\u00fath le TG4 a ullmh\u00fa don todhcha\u00ed in \u00e9ineacht leis an bhfoireann, tr\u00ed bh\u00e9im a chur ar an gcruthaitheacht a chumas\u00fa, freastal ar mhianta an lucht f\u00e9achana ar gach ard\u00e1n, agus bonn l\u00e1idir a chur faoin earn\u00e1il l\u00e9iri\u00fach\u00e1in, i gceantair Ghaeltachta ach go h\u00e1irithe.\u2019<\/em> <\/p>\n<p>&nbsp;<\/p>\n","protected":false},"excerpt":{"rendered":"<p>&nbsp; T\u00e1 s\u00e9 f\u00f3gartha ag Bord TG4 le cead an Rialtais go bhfuil Deirdre N\u00ed Choist\u00edn ceaptha mar Ard-Sti\u00farth\u00f3ir ar TG4 tar \u00e9is pr\u00f3iseas earca\u00edochta poibl\u00ed ioma\u00edoch. Tiocfaidh s\u00ed i gcomharbacht ar Alan Esslemont at\u00e1 ina Ard-Sti\u00farth\u00f3ir ar TG4 \u00f3 2016 agus at\u00e1 ag \u00e9ir\u00ed as i M\u00ed Aibre\u00e1in 2025. Beidh s\u00ed ar an gceathr\u00fa [&hellip;]<\/p>\n","protected":false},"author":876,"featured_media":0,"parent":236807,"menu_order":8,"comment_status":"closed","ping_status":"closed","template":"page-templates\/template-pr.php","meta":{"_acf_changed":false,"footnotes":""},"acf":[],"yoast_head":"<!-- This site is optimized with the Yoast SEO plugin v22.6 - https:\/\/yoast.com\/wordpress\/plugins\/seo\/ -->\n<title>Deirdre N\u00ed Choist\u00edn ceaptha ina hArd-Sti\u00farth\u00f3ir ar TG4 | Preasr\u00e1iteas | TG4<\/title>\n<meta name=\"description\" content=\"T\u00e1 s\u00e9 f\u00f3gartha ag Bord TG4 le cead an Rialtais go bhfuil Deirdre N\u00ed Choist\u00edn ceaptha mar Ard-Sti\u00farth\u00f3ir ar TG4 tar \u00e9is pr\u00f3iseas earca\u00edochta poibl\u00ed ioma\u00edoch.\" \/>\n<meta name=\"robots\" content=\"index, follow, max-snippet:-1, max-image-preview:large, max-video-preview:-1\" \/>\n<meta property=\"og:locale\" content=\"en_US\" \/>\n<meta property=\"og:type\" content=\"article\" \/>\n<meta property=\"og:title\" content=\"Deirdre N\u00ed Choist\u00edn ceaptha ina hArd-Sti\u00farth\u00f3ir ar TG4 | Preasr\u00e1iteas | TG4\" \/>\n<meta property=\"og:description\" content=\"T\u00e1 s\u00e9 f\u00f3gartha ag Bord TG4 le cead an Rialtais go bhfuil Deirdre N\u00ed Choist\u00edn ceaptha mar Ard-Sti\u00farth\u00f3ir ar TG4 tar \u00e9is pr\u00f3iseas earca\u00edochta poibl\u00ed ioma\u00edoch.\" \/>\n<meta property=\"og:url\" content=\"https:\/\/dev.tg4.ie\/ga\/eolas\/preas\/nuacht-raitis\/2025-2\/deirdre-ni-choistin-ceaptha-ina-hard-stiurthoir-ar-tg4\/\" \/>\n<meta property=\"og:site_name\" content=\"TG4\" \/>\n<meta property=\"article:publisher\" content=\"https:\/\/www.facebook.com\/TG4TV\" \/>\n<meta property=\"og:image\" content=\"https:\/\/tg4-docs.s3.amazonaws.com\/wp-content\/uploads\/2024\/11\/18150913\/TG4_Foirgneamh_2024_1-1920x1080-1.jpg\" \/>\n\t<meta property=\"og:image:width\" content=\"1920\" \/>\n\t<meta property=\"og:image:height\" content=\"1080\" \/>\n\t<meta property=\"og:image:type\" content=\"image\/jpeg\" \/>\n<meta name=\"twitter:card\" content=\"summary_large_image\" \/>\n<meta name=\"twitter:image\" content=\"https:\/\/tg4-docs.s3.amazonaws.com\/wp-content\/uploads\/2024\/11\/18150913\/TG4_Foirgneamh_2024_1-1920x1080-1.jpg\" \/>\n<meta name=\"twitter:site\" content=\"@TG4TV\" \/>\n<meta name=\"twitter:label1\" content=\"Est. reading time\" \/>\n\t<meta name=\"twitter:data1\" content=\"3 minutes\" \/>\n<script type=\"application\/ld+json\" class=\"yoast-schema-graph\">{\"@context\":\"https:\/\/schema.org\",\"@graph\":[{\"@type\":\"WebPage\",\"@id\":\"https:\/\/dev.tg4.ie\/ga\/eolas\/preas\/nuacht-raitis\/2025-2\/deirdre-ni-choistin-ceaptha-ina-hard-stiurthoir-ar-tg4\/\",\"url\":\"https:\/\/dev.tg4.ie\/ga\/eolas\/preas\/nuacht-raitis\/2025-2\/deirdre-ni-choistin-ceaptha-ina-hard-stiurthoir-ar-tg4\/\",\"name\":\"Deirdre N\u00ed Choist\u00edn ceaptha ina hArd-Sti\u00farth\u00f3ir ar TG4 | Preasr\u00e1iteas | TG4\",\"isPartOf\":{\"@id\":\"https:\/\/dev.tg4.ie\/en\/#website\"},\"primaryImageOfPage\":{\"@id\":\"https:\/\/dev.tg4.ie\/ga\/eolas\/preas\/nuacht-raitis\/2025-2\/deirdre-ni-choistin-ceaptha-ina-hard-stiurthoir-ar-tg4\/#primaryimage\"},\"image\":{\"@id\":\"https:\/\/dev.tg4.ie\/ga\/eolas\/preas\/nuacht-raitis\/2025-2\/deirdre-ni-choistin-ceaptha-ina-hard-stiurthoir-ar-tg4\/#primaryimage\"},\"thumbnailUrl\":\"https:\/\/dev.tg4.ie\/wp-content\/uploads\/2025\/03\/TG4_LOGO_Corcra_720x1080-250x375.png\",\"datePublished\":\"2025-03-04T18:04:21+00:00\",\"dateModified\":\"2025-03-04T18:04:21+00:00\",\"description\":\"T\u00e1 s\u00e9 f\u00f3gartha ag Bord TG4 le cead an Rialtais go bhfuil Deirdre N\u00ed Choist\u00edn ceaptha mar Ard-Sti\u00farth\u00f3ir ar TG4 tar \u00e9is pr\u00f3iseas earca\u00edochta poibl\u00ed ioma\u00edoch.\",\"breadcrumb\":{\"@id\":\"https:\/\/dev.tg4.ie\/ga\/eolas\/preas\/nuacht-raitis\/2025-2\/deirdre-ni-choistin-ceaptha-ina-hard-stiurthoir-ar-tg4\/#breadcrumb\"},\"inLanguage\":\"ga\",\"potentialAction\":[{\"@type\":\"ReadAction\",\"target\":[\"https:\/\/dev.tg4.ie\/ga\/eolas\/preas\/nuacht-raitis\/2025-2\/deirdre-ni-choistin-ceaptha-ina-hard-stiurthoir-ar-tg4\/\"]}]},{\"@type\":\"ImageObject\",\"inLanguage\":\"ga\",\"@id\":\"https:\/\/dev.tg4.ie\/ga\/eolas\/preas\/nuacht-raitis\/2025-2\/deirdre-ni-choistin-ceaptha-ina-hard-stiurthoir-ar-tg4\/#primaryimage\",\"url\":\"https:\/\/dev.tg4.ie\/wp-content\/uploads\/2025\/03\/TG4_LOGO_Corcra_720x1080-250x375.png\",\"contentUrl\":\"https:\/\/dev.tg4.ie\/wp-content\/uploads\/2025\/03\/TG4_LOGO_Corcra_720x1080-250x375.png\"},{\"@type\":\"BreadcrumbList\",\"@id\":\"https:\/\/dev.tg4.ie\/ga\/eolas\/preas\/nuacht-raitis\/2025-2\/deirdre-ni-choistin-ceaptha-ina-hard-stiurthoir-ar-tg4\/#breadcrumb\",\"itemListElement\":[{\"@type\":\"ListItem\",\"position\":1,\"name\":\"Home\",\"item\":\"https:\/\/dev.tg4.ie\/ga\/\"},{\"@type\":\"ListItem\",\"position\":2,\"name\":\"Eolas\",\"item\":\"https:\/\/dev.tg4.ie\/ga\/eolas\/\"},{\"@type\":\"ListItem\",\"position\":3,\"name\":\"Preas\",\"item\":\"https:\/\/dev.tg4.ie\/ga\/eolas\/preas\/\"},{\"@type\":\"ListItem\",\"position\":4,\"name\":\"Nuacht R\u00e1itis\",\"item\":\"https:\/\/dev.tg4.ie\/ga\/eolas\/preas\/nuacht-raitis\/\"},{\"@type\":\"ListItem\",\"position\":5,\"name\":\"2025\",\"item\":\"https:\/\/dev.tg4.ie\/ga\/eolas\/preas\/nuacht-raitis\/2025-2\/\"},{\"@type\":\"ListItem\",\"position\":6,\"name\":\"Deirdre N\u00ed Choist\u00edn ceaptha ina hArd-Sti\u00farth\u00f3ir ar TG4\"}]},{\"@type\":\"WebSite\",\"@id\":\"https:\/\/dev.tg4.ie\/en\/#website\",\"url\":\"https:\/\/dev.tg4.ie\/en\/\",\"name\":\"TG4\",\"description\":\"S\u00fail Eile\",\"potentialAction\":[{\"@type\":\"SearchAction\",\"target\":{\"@type\":\"EntryPoint\",\"urlTemplate\":\"https:\/\/dev.tg4.ie\/en\/?s={search_term_string}\"},\"query-input\":\"required name=search_term_string\"}],\"inLanguage\":\"ga\"}]}<\/script>\n<!-- \/ Yoast SEO plugin. -->","yoast_head_json":{"title":"Deirdre N\u00ed Choist\u00edn ceaptha ina hArd-Sti\u00farth\u00f3ir ar TG4 | Preasr\u00e1iteas | TG4","description":"T\u00e1 s\u00e9 f\u00f3gartha ag Bord TG4 le cead an Rialtais go bhfuil Deirdre N\u00ed Choist\u00edn ceaptha mar Ard-Sti\u00farth\u00f3ir ar TG4 tar \u00e9is pr\u00f3iseas earca\u00edochta poibl\u00ed ioma\u00edoch.","robots":{"index":"index","follow":"follow","max-snippet":"max-snippet:-1","max-image-preview":"max-image-preview:large","max-video-preview":"max-video-preview:-1"},"og_locale":"en_US","og_type":"article","og_title":"Deirdre N\u00ed Choist\u00edn ceaptha ina hArd-Sti\u00farth\u00f3ir ar TG4 | Preasr\u00e1iteas | TG4","og_description":"T\u00e1 s\u00e9 f\u00f3gartha ag Bord TG4 le cead an Rialtais go bhfuil Deirdre N\u00ed Choist\u00edn ceaptha mar Ard-Sti\u00farth\u00f3ir ar TG4 tar \u00e9is pr\u00f3iseas earca\u00edochta poibl\u00ed ioma\u00edoch.","og_url":"https:\/\/dev.tg4.ie\/ga\/eolas\/preas\/nuacht-raitis\/2025-2\/deirdre-ni-choistin-ceaptha-ina-hard-stiurthoir-ar-tg4\/","og_site_name":"TG4","article_publisher":"https:\/\/www.facebook.com\/TG4TV","og_image":[{"width":1920,"height":1080,"url":"https:\/\/tg4-docs.s3.amazonaws.com\/wp-content\/uploads\/2024\/11\/18150913\/TG4_Foirgneamh_2024_1-1920x1080-1.jpg","type":"image\/jpeg"}],"twitter_card":"summary_large_image","twitter_image":"https:\/\/tg4-docs.s3.amazonaws.com\/wp-content\/uploads\/2024\/11\/18150913\/TG4_Foirgneamh_2024_1-1920x1080-1.jpg","twitter_site":"@TG4TV","twitter_misc":{"Est. reading time":"3 minutes"},"schema":{"@context":"https:\/\/schema.org","@graph":[{"@type":"WebPage","@id":"https:\/\/dev.tg4.ie\/ga\/eolas\/preas\/nuacht-raitis\/2025-2\/deirdre-ni-choistin-ceaptha-ina-hard-stiurthoir-ar-tg4\/","url":"https:\/\/dev.tg4.ie\/ga\/eolas\/preas\/nuacht-raitis\/2025-2\/deirdre-ni-choistin-ceaptha-ina-hard-stiurthoir-ar-tg4\/","name":"Deirdre N\u00ed Choist\u00edn ceaptha ina hArd-Sti\u00farth\u00f3ir ar TG4 | Preasr\u00e1iteas | TG4","isPartOf":{"@id":"https:\/\/dev.tg4.ie\/en\/#website"},"primaryImageOfPage":{"@id":"https:\/\/dev.tg4.ie\/ga\/eolas\/preas\/nuacht-raitis\/2025-2\/deirdre-ni-choistin-ceaptha-ina-hard-stiurthoir-ar-tg4\/#primaryimage"},"image":{"@id":"https:\/\/dev.tg4.ie\/ga\/eolas\/preas\/nuacht-raitis\/2025-2\/deirdre-ni-choistin-ceaptha-ina-hard-stiurthoir-ar-tg4\/#primaryimage"},"thumbnailUrl":"https:\/\/dev.tg4.ie\/wp-content\/uploads\/2025\/03\/TG4_LOGO_Corcra_720x1080-250x375.png","datePublished":"2025-03-04T18:04:21+00:00","dateModified":"2025-03-04T18:04:21+00:00","description":"T\u00e1 s\u00e9 f\u00f3gartha ag Bord TG4 le cead an Rialtais go bhfuil Deirdre N\u00ed Choist\u00edn ceaptha mar Ard-Sti\u00farth\u00f3ir ar TG4 tar \u00e9is pr\u00f3iseas earca\u00edochta poibl\u00ed ioma\u00edoch.","breadcrumb":{"@id":"https:\/\/dev.tg4.ie\/ga\/eolas\/preas\/nuacht-raitis\/2025-2\/deirdre-ni-choistin-ceaptha-ina-hard-stiurthoir-ar-tg4\/#breadcrumb"},"inLanguage":"ga","potentialAction":[{"@type":"ReadAction","target":["https:\/\/dev.tg4.ie\/ga\/eolas\/preas\/nuacht-raitis\/2025-2\/deirdre-ni-choistin-ceaptha-ina-hard-stiurthoir-ar-tg4\/"]}]},{"@type":"ImageObject","inLanguage":"ga","@id":"https:\/\/dev.tg4.ie\/ga\/eolas\/preas\/nuacht-raitis\/2025-2\/deirdre-ni-choistin-ceaptha-ina-hard-stiurthoir-ar-tg4\/#primaryimage","url":"https:\/\/dev.tg4.ie\/wp-content\/uploads\/2025\/03\/TG4_LOGO_Corcra_720x1080-250x375.png","contentUrl":"https:\/\/dev.tg4.ie\/wp-content\/uploads\/2025\/03\/TG4_LOGO_Corcra_720x1080-250x375.png"},{"@type":"BreadcrumbList","@id":"https:\/\/dev.tg4.ie\/ga\/eolas\/preas\/nuacht-raitis\/2025-2\/deirdre-ni-choistin-ceaptha-ina-hard-stiurthoir-ar-tg4\/#breadcrumb","itemListElement":[{"@type":"ListItem","position":1,"name":"Home","item":"https:\/\/dev.tg4.ie\/ga\/"},{"@type":"ListItem","position":2,"name":"Eolas","item":"https:\/\/dev.tg4.ie\/ga\/eolas\/"},{"@type":"ListItem","position":3,"name":"Preas","item":"https:\/\/dev.tg4.ie\/ga\/eolas\/preas\/"},{"@type":"ListItem","position":4,"name":"Nuacht R\u00e1itis","item":"https:\/\/dev.tg4.ie\/ga\/eolas\/preas\/nuacht-raitis\/"},{"@type":"ListItem","position":5,"name":"2025","item":"https:\/\/dev.tg4.ie\/ga\/eolas\/preas\/nuacht-raitis\/2025-2\/"},{"@type":"ListItem","position":6,"name":"Deirdre N\u00ed Choist\u00edn ceaptha ina hArd-Sti\u00farth\u00f3ir ar TG4"}]},{"@type":"WebSite","@id":"https:\/\/dev.tg4.ie\/en\/#website","url":"https:\/\/dev.tg4.ie\/en\/","name":"TG4","description":"S\u00fail Eile","potentialAction":[{"@type":"SearchAction","target":{"@type":"EntryPoint","urlTemplate":"https:\/\/dev.tg4.ie\/en\/?s={search_term_string}"},"query-input":"required name=search_term_string"}],"inLanguage":"ga"}]}},"_links":{"self":[{"href":"https:\/\/dev.tg4.ie\/ga\/wp-json\/wp\/v2\/pages\/241098"}],"collection":[{"href":"https:\/\/dev.tg4.ie\/ga\/wp-json\/wp\/v2\/pages"}],"about":[{"href":"https:\/\/dev.tg4.ie\/ga\/wp-json\/wp\/v2\/types\/page"}],"author":[{"embeddable":true,"href":"https:\/\/dev.tg4.ie\/ga\/wp-json\/wp\/v2\/users\/876"}],"replies":[{"embeddable":true,"href":"https:\/\/dev.tg4.ie\/ga\/wp-json\/wp\/v2\/comments?post=241098"}],"version-history":[{"count":0,"href":"https:\/\/dev.tg4.ie\/ga\/wp-json\/wp\/v2\/pages\/241098\/revisions"}],"up":[{"embeddable":true,"href":"https:\/\/dev.tg4.ie\/ga\/wp-json\/wp\/v2\/pages\/236807"}],"wp:attachment":[{"href":"https:\/\/dev.tg4.ie\/ga\/wp-json\/wp\/v2\/media?parent=241098"}],"curies":[{"name":"wp","href":"https:\/\/api.w.org\/{rel}","templated":true}]}}